{"id":3932,"date":"2020-09-29T12:46:40","date_gmt":"2020-09-29T15:46:40","guid":{"rendered":"https:\/\/actbr.com.br\/produto\/valvula-de-alivio-de-pressao-hv-hvf-kracht\/"},"modified":"2023-10-06T16:33:56","modified_gmt":"2023-10-06T19:33:56","slug":"valvula-reguladora-de-pressao-tipo-alivio-em-linha-hv-hvf","status":"publish","type":"product","link":"https:\/\/actbr.com.br\/en\/produto\/valvula-reguladora-de-pressao-tipo-alivio-em-linha-hv-hvf\/","title":{"rendered":"V\u00e1lvula Reguladora de press\u00e3o tipo al\u00edvio em linha HV HVF"},"content":{"rendered":"<p><strong>V\u00e1lvula de Al\u00edvio de Press\u00e3o HV HVF KRACHT<\/strong><\/p>\n<p>A V\u00e1lvula de Al\u00edvio de Press\u00e3o HV HVF da KRACHT \u00e9 adequada para aplica\u00e7\u00f5es hidr\u00e1ulicas (oleodutos), protegendo todos os componentes do sistema.<\/p>\n<p>Dispon\u00edvel nos tamanhos NG10, NG25, NG40, NG50, NG80, atendendo \u00e0s respectivas vaz\u00f5es: 50, 120, 350, 500, 750 litros por minuto. Atua dentro da janela de press\u00e3o de 0,5 a 160 bar.<\/p>\n<p><strong>Como solicitar:<\/strong><\/p>\n<p><img decoding=\"async\" src=\"https:\/\/actbr.com.br\/wp-content\/uploads\/2020\/09\/hv-como-solicitar.jpg\" alt=\"\" \/><br \/>\n<img decoding=\"async\" src=\"https:\/\/actbr.com.br\/wp-content\/uploads\/2020\/09\/hvf-como-solicitar.jpg\" alt=\"\" \/><\/p>\n<p><strong>Caracteristicas:<\/strong><\/p>\n<p><img decoding=\"async\" src=\"https:\/\/actbr.com.br\/wp-content\/uploads\/2020\/09\/hv-hvf-kracht-caracteristicas.jpg\" alt=\"\" \/><\/p>\n<p>Modelos Standard:<br \/>\nHV M 10 A<br \/>\nHV M 10 C<br \/>\nHVF M 25 A<br \/>\nHVF M 25 C<br \/>\nHVF M 40 A<br \/>\nHVF M 40 C<br \/>\nHVF M 50 A<br \/>\nHVF M 50 C<br \/>\nHVF M 80 A<br \/>\nHVF M 80 C<\/p>\n","protected":false},"excerpt":{"rendered":"<p>A V\u00e1lvula de Al\u00edvio de Press\u00e3o HV HVF da KRACHT \u00e9 adequada para aplica\u00e7\u00f5es hidr\u00e1ulicas (oleodutos), protegendo todos os componentes do sistema.<\/p>\n","protected":false},"featured_media":8354,"template":"","meta":[],"product_brand":[],"product_cat":[51,50],"product_tag":[],"class_list":{"0":"post-3932","1":"product","2":"type-product","3":"status-publish","4":"has-post-thumbnail","6":"product_cat-linha-reguladora-de-pressao-alivio","7":"product_cat-valvulas-em-linha","9":"first","10":"instock","11":"virtual","12":"product-type-simple"},"yoast_head":"<!-- This site is optimized with the Yoast SEO plugin v27.2 - https:\/\/yoast.com\/product\/yoast-seo-wordpress\/ -->\n<title>V\u00e1lvula Reguladora de press\u00e3o tipo al\u00edvio em linha HV HVF - ACT Sistemas Hidr\u00e1ulicos<\/title>\n<meta name=\"description\" content=\"A V\u00e1lvula de Al\u00edvio de Press\u00e3o HV HVF da KRACHT \u00e9 adequada para aplica\u00e7\u00f5es hidr\u00e1ulicas (oleodutos), protegendo todos os componentes do sistema.\" \/>\n<meta name=\"robots\" content=\"index, follow, max-snippet:-1, max-image-preview:large, max-video-preview:-1\" \/>\n<link rel=\"canonical\" href=\"https:\/\/actbr.com.br\/en\/produto\/valvula-reguladora-de-pressao-tipo-alivio-em-linha-hv-hvf\/\" \/>\n<meta property=\"og:locale\" content=\"en_US\" \/>\n<meta property=\"og:type\" content=\"article\" \/>\n<meta property=\"og:title\" content=\"V\u00e1lvula Reguladora de press\u00e3o tipo al\u00edvio em linha HV HVF - ACT Sistemas Hidr\u00e1ulicos\" \/>\n<meta property=\"og:description\" content=\"A V\u00e1lvula de Al\u00edvio de Press\u00e3o HV HVF da KRACHT \u00e9 adequada para aplica\u00e7\u00f5es hidr\u00e1ulicas (oleodutos), protegendo todos os componentes do sistema.\" \/>\n<meta property=\"og:url\" content=\"https:\/\/actbr.com.br\/en\/produto\/valvula-reguladora-de-pressao-tipo-alivio-em-linha-hv-hvf\/\" \/>\n<meta property=\"og:site_name\" content=\"ACT Sistemas Hidr\u00e1ulicos\" \/>\n<meta property=\"article:modified_time\" content=\"2023-10-06T19:33:56+00:00\" \/>\n<meta property=\"og:image\" content=\"https:\/\/actbr.com.br\/wp-content\/uploads\/2020\/09\/HV.jpg\" \/>\n\t<meta property=\"og:image:width\" content=\"255\" \/>\n\t<meta property=\"og:image:height\" content=\"389\" \/>\n\t<meta property=\"og:image:type\" content=\"image\/jpeg\" \/>\n<meta name=\"twitter:card\" content=\"summary_large_image\" \/>\n<meta name=\"twitter:label1\" content=\"Est. reading time\" \/>\n\t<meta name=\"twitter:data1\" content=\"2 minutes\" \/>\n<script type=\"application\/ld+json\" class=\"yoast-schema-graph\">{\"@context\":\"https:\/\/schema.org\",\"@graph\":[{\"@type\":\"WebPage\",\"@id\":\"https:\/\/actbr.com.br\/en\/produto\/valvula-reguladora-de-pressao-tipo-alivio-em-linha-hv-hvf\/\",\"url\":\"https:\/\/actbr.com.br\/en\/produto\/valvula-reguladora-de-pressao-tipo-alivio-em-linha-hv-hvf\/\",\"name\":\"V\u00e1lvula Reguladora de press\u00e3o tipo al\u00edvio em linha HV HVF - ACT Sistemas Hidr\u00e1ulicos\",\"isPartOf\":{\"@id\":\"https:\/\/actbr.com.br\/en\/#website\"},\"primaryImageOfPage\":{\"@id\":\"https:\/\/actbr.com.br\/en\/produto\/valvula-reguladora-de-pressao-tipo-alivio-em-linha-hv-hvf\/#primaryimage\"},\"image\":{\"@id\":\"https:\/\/actbr.com.br\/en\/produto\/valvula-reguladora-de-pressao-tipo-alivio-em-linha-hv-hvf\/#primaryimage\"},\"thumbnailUrl\":\"https:\/\/actbr.com.br\/wp-content\/uploads\/2020\/09\/HV.jpg\",\"datePublished\":\"2020-09-29T15:46:40+00:00\",\"dateModified\":\"2023-10-06T19:33:56+00:00\",\"description\":\"A V\u00e1lvula de Al\u00edvio de Press\u00e3o HV HVF da KRACHT \u00e9 adequada para aplica\u00e7\u00f5es hidr\u00e1ulicas (oleodutos), protegendo todos os componentes do sistema.\",\"breadcrumb\":{\"@id\":\"https:\/\/actbr.com.br\/en\/produto\/valvula-reguladora-de-pressao-tipo-alivio-em-linha-hv-hvf\/#breadcrumb\"},\"inLanguage\":\"en-US\",\"potentialAction\":[{\"@type\":\"ReadAction\",\"target\":[\"https:\/\/actbr.com.br\/en\/produto\/valvula-reguladora-de-pressao-tipo-alivio-em-linha-hv-hvf\/\"]}]},{\"@type\":\"ImageObject\",\"inLanguage\":\"en-US\",\"@id\":\"https:\/\/actbr.com.br\/en\/produto\/valvula-reguladora-de-pressao-tipo-alivio-em-linha-hv-hvf\/#primaryimage\",\"url\":\"https:\/\/actbr.com.br\/wp-content\/uploads\/2020\/09\/HV.jpg\",\"contentUrl\":\"https:\/\/actbr.com.br\/wp-content\/uploads\/2020\/09\/HV.jpg\",\"width\":255,\"height\":389,\"caption\":\"HV HVF KRACHT\"},{\"@type\":\"BreadcrumbList\",\"@id\":\"https:\/\/actbr.com.br\/en\/produto\/valvula-reguladora-de-pressao-tipo-alivio-em-linha-hv-hvf\/#breadcrumb\",\"itemListElement\":[{\"@type\":\"ListItem\",\"position\":1,\"name\":\"In\u00edcio\",\"item\":\"https:\/\/actbr.com.br\/en\/\"},{\"@type\":\"ListItem\",\"position\":2,\"name\":\"Produtos\",\"item\":\"https:\/\/actbr.com.br\/produtos-act\/\"},{\"@type\":\"ListItem\",\"position\":3,\"name\":\"V\u00e1lvulas em Linha\",\"item\":\"https:\/\/actbr.com.br\/en\/categoria-produto\/valvulas-em-linha\/\"},{\"@type\":\"ListItem\",\"position\":4,\"name\":\"Reguladora de Press\u00e3o - Al\u00edvio\",\"item\":\"https:\/\/actbr.com.br\/en\/categoria-produto\/valvulas-em-linha\/linha-reguladora-de-pressao-alivio\/\"},{\"@type\":\"ListItem\",\"position\":5,\"name\":\"V\u00e1lvula Reguladora de press\u00e3o tipo al\u00edvio em linha HV HVF\"}]},{\"@type\":\"WebSite\",\"@id\":\"https:\/\/actbr.com.br\/en\/#website\",\"url\":\"https:\/\/actbr.com.br\/en\/\",\"name\":\"ACT Sistemas Hidr\u00e1ulicos\",\"description\":\"Fabrica\u00e7\u00e3o e manuten\u00e7\u00e3o de componentes \u00f3leo hidr\u00e1ulicos\",\"publisher\":{\"@id\":\"https:\/\/actbr.com.br\/en\/#organization\"},\"potentialAction\":[{\"@type\":\"SearchAction\",\"target\":{\"@type\":\"EntryPoint\",\"urlTemplate\":\"https:\/\/actbr.com.br\/en\/?s={search_term_string}\"},\"query-input\":{\"@type\":\"PropertyValueSpecification\",\"valueRequired\":true,\"valueName\":\"search_term_string\"}}],\"inLanguage\":\"en-US\"},{\"@type\":\"Organization\",\"@id\":\"https:\/\/actbr.com.br\/en\/#organization\",\"name\":\"ACT Sistemas Hidr\u00e1ulicos\",\"url\":\"https:\/\/actbr.com.br\/en\/\",\"logo\":{\"@type\":\"ImageObject\",\"inLanguage\":\"en-US\",\"@id\":\"https:\/\/actbr.com.br\/en\/#\/schema\/logo\/image\/\",\"url\":\"https:\/\/actbr.com.br\/wp-content\/uploads\/2025\/02\/cropped-ACT_NEGATIVO-marca-dagua.png\",\"contentUrl\":\"https:\/\/actbr.com.br\/wp-content\/uploads\/2025\/02\/cropped-ACT_NEGATIVO-marca-dagua.png\",\"width\":240,\"height\":146,\"caption\":\"ACT Sistemas Hidr\u00e1ulicos\"},\"image\":{\"@id\":\"https:\/\/actbr.com.br\/en\/#\/schema\/logo\/image\/\"}}]}<\/script>\n<!-- \/ Yoast SEO plugin. -->","yoast_head_json":{"title":"V\u00e1lvula Reguladora de press\u00e3o tipo al\u00edvio em linha HV HVF - ACT Sistemas Hidr\u00e1ulicos","description":"A V\u00e1lvula de Al\u00edvio de Press\u00e3o HV HVF da KRACHT \u00e9 adequada para aplica\u00e7\u00f5es hidr\u00e1ulicas (oleodutos), protegendo todos os componentes do sistema.","robots":{"index":"index","follow":"follow","max-snippet":"max-snippet:-1","max-image-preview":"max-image-preview:large","max-video-preview":"max-video-preview:-1"},"canonical":"https:\/\/actbr.com.br\/en\/produto\/valvula-reguladora-de-pressao-tipo-alivio-em-linha-hv-hvf\/","og_locale":"en_US","og_type":"article","og_title":"V\u00e1lvula Reguladora de press\u00e3o tipo al\u00edvio em linha HV HVF - ACT Sistemas Hidr\u00e1ulicos","og_description":"A V\u00e1lvula de Al\u00edvio de Press\u00e3o HV HVF da KRACHT \u00e9 adequada para aplica\u00e7\u00f5es hidr\u00e1ulicas (oleodutos), protegendo todos os componentes do sistema.","og_url":"https:\/\/actbr.com.br\/en\/produto\/valvula-reguladora-de-pressao-tipo-alivio-em-linha-hv-hvf\/","og_site_name":"ACT Sistemas Hidr\u00e1ulicos","article_modified_time":"2023-10-06T19:33:56+00:00","og_image":[{"width":255,"height":389,"url":"https:\/\/actbr.com.br\/wp-content\/uploads\/2020\/09\/HV.jpg","type":"image\/jpeg"}],"twitter_card":"summary_large_image","twitter_misc":{"Est. reading time":"2 minutes"},"schema":{"@context":"https:\/\/schema.org","@graph":[{"@type":"WebPage","@id":"https:\/\/actbr.com.br\/en\/produto\/valvula-reguladora-de-pressao-tipo-alivio-em-linha-hv-hvf\/","url":"https:\/\/actbr.com.br\/en\/produto\/valvula-reguladora-de-pressao-tipo-alivio-em-linha-hv-hvf\/","name":"V\u00e1lvula Reguladora de press\u00e3o tipo al\u00edvio em linha HV HVF - ACT Sistemas Hidr\u00e1ulicos","isPartOf":{"@id":"https:\/\/actbr.com.br\/en\/#website"},"primaryImageOfPage":{"@id":"https:\/\/actbr.com.br\/en\/produto\/valvula-reguladora-de-pressao-tipo-alivio-em-linha-hv-hvf\/#primaryimage"},"image":{"@id":"https:\/\/actbr.com.br\/en\/produto\/valvula-reguladora-de-pressao-tipo-alivio-em-linha-hv-hvf\/#primaryimage"},"thumbnailUrl":"https:\/\/actbr.com.br\/wp-content\/uploads\/2020\/09\/HV.jpg","datePublished":"2020-09-29T15:46:40+00:00","dateModified":"2023-10-06T19:33:56+00:00","description":"A V\u00e1lvula de Al\u00edvio de Press\u00e3o HV HVF da KRACHT \u00e9 adequada para aplica\u00e7\u00f5es hidr\u00e1ulicas (oleodutos), protegendo todos os componentes do sistema.","breadcrumb":{"@id":"https:\/\/actbr.com.br\/en\/produto\/valvula-reguladora-de-pressao-tipo-alivio-em-linha-hv-hvf\/#breadcrumb"},"inLanguage":"en-US","potentialAction":[{"@type":"ReadAction","target":["https:\/\/actbr.com.br\/en\/produto\/valvula-reguladora-de-pressao-tipo-alivio-em-linha-hv-hvf\/"]}]},{"@type":"ImageObject","inLanguage":"en-US","@id":"https:\/\/actbr.com.br\/en\/produto\/valvula-reguladora-de-pressao-tipo-alivio-em-linha-hv-hvf\/#primaryimage","url":"https:\/\/actbr.com.br\/wp-content\/uploads\/2020\/09\/HV.jpg","contentUrl":"https:\/\/actbr.com.br\/wp-content\/uploads\/2020\/09\/HV.jpg","width":255,"height":389,"caption":"HV HVF KRACHT"},{"@type":"BreadcrumbList","@id":"https:\/\/actbr.com.br\/en\/produto\/valvula-reguladora-de-pressao-tipo-alivio-em-linha-hv-hvf\/#breadcrumb","itemListElement":[{"@type":"ListItem","position":1,"name":"In\u00edcio","item":"https:\/\/actbr.com.br\/en\/"},{"@type":"ListItem","position":2,"name":"Produtos","item":"https:\/\/actbr.com.br\/produtos-act\/"},{"@type":"ListItem","position":3,"name":"V\u00e1lvulas em Linha","item":"https:\/\/actbr.com.br\/en\/categoria-produto\/valvulas-em-linha\/"},{"@type":"ListItem","position":4,"name":"Reguladora de Press\u00e3o - Al\u00edvio","item":"https:\/\/actbr.com.br\/en\/categoria-produto\/valvulas-em-linha\/linha-reguladora-de-pressao-alivio\/"},{"@type":"ListItem","position":5,"name":"V\u00e1lvula Reguladora de press\u00e3o tipo al\u00edvio em linha HV HVF"}]},{"@type":"WebSite","@id":"https:\/\/actbr.com.br\/en\/#website","url":"https:\/\/actbr.com.br\/en\/","name":"ACT Sistemas Hidr\u00e1ulicos","description":"Fabrica\u00e7\u00e3o e manuten\u00e7\u00e3o de componentes \u00f3leo hidr\u00e1ulicos","publisher":{"@id":"https:\/\/actbr.com.br\/en\/#organization"},"potentialAction":[{"@type":"SearchAction","target":{"@type":"EntryPoint","urlTemplate":"https:\/\/actbr.com.br\/en\/?s={search_term_string}"},"query-input":{"@type":"PropertyValueSpecification","valueRequired":true,"valueName":"search_term_string"}}],"inLanguage":"en-US"},{"@type":"Organization","@id":"https:\/\/actbr.com.br\/en\/#organization","name":"ACT Sistemas Hidr\u00e1ulicos","url":"https:\/\/actbr.com.br\/en\/","logo":{"@type":"ImageObject","inLanguage":"en-US","@id":"https:\/\/actbr.com.br\/en\/#\/schema\/logo\/image\/","url":"https:\/\/actbr.com.br\/wp-content\/uploads\/2025\/02\/cropped-ACT_NEGATIVO-marca-dagua.png","contentUrl":"https:\/\/actbr.com.br\/wp-content\/uploads\/2025\/02\/cropped-ACT_NEGATIVO-marca-dagua.png","width":240,"height":146,"caption":"ACT Sistemas Hidr\u00e1ulicos"},"image":{"@id":"https:\/\/actbr.com.br\/en\/#\/schema\/logo\/image\/"}}]}},"_links":{"self":[{"href":"https:\/\/actbr.com.br\/en\/wp-json\/wp\/v2\/product\/3932","targetHints":{"allow":["GET"]}}],"collection":[{"href":"https:\/\/actbr.com.br\/en\/wp-json\/wp\/v2\/product"}],"about":[{"href":"https:\/\/actbr.com.br\/en\/wp-json\/wp\/v2\/types\/product"}],"wp:featuredmedia":[{"embeddable":true,"href":"https:\/\/actbr.com.br\/en\/wp-json\/wp\/v2\/media\/8354"}],"wp:attachment":[{"href":"https:\/\/actbr.com.br\/en\/wp-json\/wp\/v2\/media?parent=3932"}],"wp:term":[{"taxonomy":"product_brand","embeddable":true,"href":"https:\/\/actbr.com.br\/en\/wp-json\/wp\/v2\/product_brand?post=3932"},{"taxonomy":"product_cat","embeddable":true,"href":"https:\/\/actbr.com.br\/en\/wp-json\/wp\/v2\/product_cat?post=3932"},{"taxonomy":"product_tag","embeddable":true,"href":"https:\/\/actbr.com.br\/en\/wp-json\/wp\/v2\/product_tag?post=3932"}],"curies":[{"name":"wp","href":"https:\/\/api.w.org\/{rel}","templated":true}]}}