{"id":4068,"date":"2020-09-29T12:48:47","date_gmt":"2020-09-29T15:48:47","guid":{"rendered":"https:\/\/actbr.com.br\/produto\/valvula-de-retencao-pilotada-lpoc1-12-3s\/"},"modified":"2023-07-20T15:21:16","modified_gmt":"2023-07-20T18:21:16","slug":"lpoc1-12-3s","status":"publish","type":"product","link":"https:\/\/actbr.com.br\/en\/produto\/lpoc1-12-3s\/","title":{"rendered":"Reten\u00e7\u00e3o Pilotada LPOC1-12-3S"},"content":{"rendered":"<p><strong>V\u00e1lvula de Reten\u00e7\u00e3o Pilotada LPOC1-12-3S<\/strong><\/p>\n<p>A V\u00e1lvula de Reten\u00e7\u00e3o Pilotada LPOC1-12-3S permite a passagem de fluxo de 2 para 1, enquanto normalmente bloqueia o fluxo de 3 para 2.<\/p>\n<p>O Fluxo ser\u00e1 permitido de 1 a 2 quando a press\u00e3o suficiente for aplicada em 3.<\/p>\n<p>O cartucho possui uma propor\u00e7\u00e3o piloto de 3:1, o que significa que pelo menos 1\/3 da press\u00e3o de carga mantido em 1 \u00e9 necess\u00e1rio em 3 para abrir a v\u00e1lvula.<\/p>\n<p><img decoding=\"async\" src=\"https:\/\/actbr.com.br\/wp-content\/uploads\/2020\/09\/img_T1f7XQ3zx8.png\" \/><\/p>\n<p><strong>Informa\u00e7\u00f5es t\u00e9cnicas:\u00a0<\/strong><br \/>\nPress\u00e3o de opera\u00e7\u00e3o: 350 bar;<br \/>\nPress\u00e3o m\u00e1xima: 350 bar;<br \/>\nVazamento interno: 0,25 ml \/ minuto (5 gotas \/ minuto) m\u00e1ximo a 350 bar;<br \/>\nTemperatura de opera\u00e7\u00e3o: -40 a 120\u00baC (com veda\u00e7\u00f5es Buna N);<br \/>\nFluidos: Minerais ou sint\u00e9ticos com propriedades lubrificantes em viscosidades de 7.4 a 420 cSt;<br \/>\nCavidade: 12-3S;<br \/>\nVaz\u00e3o m\u00e1xima: 113,5 litros por minuto.<\/p>\n<p><strong>Abertura da mola (Crack):<\/strong><br \/>\n0.3=0.3bar<br \/>\n2.0=2.0bar<br \/>\n5.1=5.1bar<br \/>\n6.9=6.9bar<\/p>\n","protected":false},"excerpt":{"rendered":"<p>A V\u00e1lvula de Reten\u00e7\u00e3o Pilotada LPOC1-12-3S permite a passagem de fluxo de 2 para 1, enquanto normalmente bloqueia o fluxo de 3 para 2.<\/p>\n","protected":false},"featured_media":6889,"template":"","meta":[],"product_brand":[],"product_cat":[120,32],"product_tag":[205],"class_list":{"0":"post-4068","1":"product","2":"type-product","3":"status-publish","4":"has-post-thumbnail","6":"product_cat-insertaveis-retencao-pilotada","7":"product_cat-valvulas-insertaveis","8":"product_tag-retencao-pilotada","10":"first","11":"instock","12":"virtual","13":"product-type-simple"},"yoast_head":"<!-- This site is optimized with the Yoast SEO plugin v27.2 - https:\/\/yoast.com\/product\/yoast-seo-wordpress\/ -->\n<title>Reten\u00e7\u00e3o Pilotada LPOC1-12-3S - ACT Sistemas Hidr\u00e1ulicos<\/title>\n<meta name=\"description\" content=\"A V\u00e1lvula de Reten\u00e7\u00e3o Pilotada LPOC1-12-3S permite a passagem de fluxo de 2 para 1, enquanto normalmente bloqueia o fluxo de 3 para 2.\" \/>\n<meta name=\"robots\" content=\"index, follow, max-snippet:-1, max-image-preview:large, max-video-preview:-1\" \/>\n<link rel=\"canonical\" href=\"https:\/\/actbr.com.br\/en\/produto\/lpoc1-12-3s\/\" \/>\n<meta property=\"og:locale\" content=\"en_US\" \/>\n<meta property=\"og:type\" content=\"article\" \/>\n<meta property=\"og:title\" content=\"Reten\u00e7\u00e3o Pilotada LPOC1-12-3S - ACT Sistemas Hidr\u00e1ulicos\" \/>\n<meta property=\"og:description\" content=\"A V\u00e1lvula de Reten\u00e7\u00e3o Pilotada LPOC1-12-3S permite a passagem de fluxo de 2 para 1, enquanto normalmente bloqueia o fluxo de 3 para 2.\" \/>\n<meta property=\"og:url\" content=\"https:\/\/actbr.com.br\/en\/produto\/lpoc1-12-3s\/\" \/>\n<meta property=\"og:site_name\" content=\"ACT Sistemas Hidr\u00e1ulicos\" \/>\n<meta property=\"article:modified_time\" content=\"2023-07-20T18:21:16+00:00\" \/>\n<meta property=\"og:image\" content=\"https:\/\/actbr.com.br\/wp-content\/uploads\/2020\/09\/Valvula-de-Retencao-Pilotada-\u2013-LPOC1-12-3S.jpg\" \/>\n\t<meta property=\"og:image:width\" content=\"800\" \/>\n\t<meta property=\"og:image:height\" content=\"800\" \/>\n\t<meta property=\"og:image:type\" content=\"image\/jpeg\" \/>\n<meta name=\"twitter:card\" content=\"summary_large_image\" \/>\n<meta name=\"twitter:label1\" content=\"Est. reading time\" \/>\n\t<meta name=\"twitter:data1\" content=\"1 minute\" \/>\n<script type=\"application\/ld+json\" class=\"yoast-schema-graph\">{\"@context\":\"https:\/\/schema.org\",\"@graph\":[{\"@type\":\"WebPage\",\"@id\":\"https:\/\/actbr.com.br\/en\/produto\/lpoc1-12-3s\/\",\"url\":\"https:\/\/actbr.com.br\/en\/produto\/lpoc1-12-3s\/\",\"name\":\"Reten\u00e7\u00e3o Pilotada LPOC1-12-3S - ACT Sistemas Hidr\u00e1ulicos\",\"isPartOf\":{\"@id\":\"https:\/\/actbr.com.br\/en\/#website\"},\"primaryImageOfPage\":{\"@id\":\"https:\/\/actbr.com.br\/en\/produto\/lpoc1-12-3s\/#primaryimage\"},\"image\":{\"@id\":\"https:\/\/actbr.com.br\/en\/produto\/lpoc1-12-3s\/#primaryimage\"},\"thumbnailUrl\":\"https:\/\/actbr.com.br\/wp-content\/uploads\/2020\/09\/Valvula-de-Retencao-Pilotada-\u2013-LPOC1-12-3S.jpg\",\"datePublished\":\"2020-09-29T15:48:47+00:00\",\"dateModified\":\"2023-07-20T18:21:16+00:00\",\"description\":\"A V\u00e1lvula de Reten\u00e7\u00e3o Pilotada LPOC1-12-3S permite a passagem de fluxo de 2 para 1, enquanto normalmente bloqueia o fluxo de 3 para 2.\",\"breadcrumb\":{\"@id\":\"https:\/\/actbr.com.br\/en\/produto\/lpoc1-12-3s\/#breadcrumb\"},\"inLanguage\":\"en-US\",\"potentialAction\":[{\"@type\":\"ReadAction\",\"target\":[\"https:\/\/actbr.com.br\/en\/produto\/lpoc1-12-3s\/\"]}]},{\"@type\":\"ImageObject\",\"inLanguage\":\"en-US\",\"@id\":\"https:\/\/actbr.com.br\/en\/produto\/lpoc1-12-3s\/#primaryimage\",\"url\":\"https:\/\/actbr.com.br\/wp-content\/uploads\/2020\/09\/Valvula-de-Retencao-Pilotada-\u2013-LPOC1-12-3S.jpg\",\"contentUrl\":\"https:\/\/actbr.com.br\/wp-content\/uploads\/2020\/09\/Valvula-de-Retencao-Pilotada-\u2013-LPOC1-12-3S.jpg\",\"width\":800,\"height\":800,\"caption\":\"V\u00e1lvula de Reten\u00e7\u00e3o Pilotada LPOC1-12-3S\"},{\"@type\":\"BreadcrumbList\",\"@id\":\"https:\/\/actbr.com.br\/en\/produto\/lpoc1-12-3s\/#breadcrumb\",\"itemListElement\":[{\"@type\":\"ListItem\",\"position\":1,\"name\":\"In\u00edcio\",\"item\":\"https:\/\/actbr.com.br\/en\/\"},{\"@type\":\"ListItem\",\"position\":2,\"name\":\"Produtos\",\"item\":\"https:\/\/actbr.com.br\/produtos-act\/\"},{\"@type\":\"ListItem\",\"position\":3,\"name\":\"V\u00e1lvulas Insert\u00e1veis\",\"item\":\"https:\/\/actbr.com.br\/en\/categoria-produto\/valvulas-insertaveis\/\"},{\"@type\":\"ListItem\",\"position\":4,\"name\":\"Reten\u00e7\u00e3o Pilotada\",\"item\":\"https:\/\/actbr.com.br\/en\/categoria-produto\/valvulas-insertaveis\/insertaveis-retencao-pilotada\/\"},{\"@type\":\"ListItem\",\"position\":5,\"name\":\"Reten\u00e7\u00e3o Pilotada LPOC1-12-3S\"}]},{\"@type\":\"WebSite\",\"@id\":\"https:\/\/actbr.com.br\/en\/#website\",\"url\":\"https:\/\/actbr.com.br\/en\/\",\"name\":\"ACT Sistemas Hidr\u00e1ulicos\",\"description\":\"Fabrica\u00e7\u00e3o e manuten\u00e7\u00e3o de componentes \u00f3leo hidr\u00e1ulicos\",\"publisher\":{\"@id\":\"https:\/\/actbr.com.br\/en\/#organization\"},\"potentialAction\":[{\"@type\":\"SearchAction\",\"target\":{\"@type\":\"EntryPoint\",\"urlTemplate\":\"https:\/\/actbr.com.br\/en\/?s={search_term_string}\"},\"query-input\":{\"@type\":\"PropertyValueSpecification\",\"valueRequired\":true,\"valueName\":\"search_term_string\"}}],\"inLanguage\":\"en-US\"},{\"@type\":\"Organization\",\"@id\":\"https:\/\/actbr.com.br\/en\/#organization\",\"name\":\"ACT Sistemas Hidr\u00e1ulicos\",\"url\":\"https:\/\/actbr.com.br\/en\/\",\"logo\":{\"@type\":\"ImageObject\",\"inLanguage\":\"en-US\",\"@id\":\"https:\/\/actbr.com.br\/en\/#\/schema\/logo\/image\/\",\"url\":\"https:\/\/actbr.com.br\/wp-content\/uploads\/2025\/02\/cropped-ACT_NEGATIVO-marca-dagua.png\",\"contentUrl\":\"https:\/\/actbr.com.br\/wp-content\/uploads\/2025\/02\/cropped-ACT_NEGATIVO-marca-dagua.png\",\"width\":240,\"height\":146,\"caption\":\"ACT Sistemas Hidr\u00e1ulicos\"},\"image\":{\"@id\":\"https:\/\/actbr.com.br\/en\/#\/schema\/logo\/image\/\"}}]}<\/script>\n<!-- \/ Yoast SEO plugin. -->","yoast_head_json":{"title":"Reten\u00e7\u00e3o Pilotada LPOC1-12-3S - ACT Sistemas Hidr\u00e1ulicos","description":"A V\u00e1lvula de Reten\u00e7\u00e3o Pilotada LPOC1-12-3S permite a passagem de fluxo de 2 para 1, enquanto normalmente bloqueia o fluxo de 3 para 2.","robots":{"index":"index","follow":"follow","max-snippet":"max-snippet:-1","max-image-preview":"max-image-preview:large","max-video-preview":"max-video-preview:-1"},"canonical":"https:\/\/actbr.com.br\/en\/produto\/lpoc1-12-3s\/","og_locale":"en_US","og_type":"article","og_title":"Reten\u00e7\u00e3o Pilotada LPOC1-12-3S - ACT Sistemas Hidr\u00e1ulicos","og_description":"A V\u00e1lvula de Reten\u00e7\u00e3o Pilotada LPOC1-12-3S permite a passagem de fluxo de 2 para 1, enquanto normalmente bloqueia o fluxo de 3 para 2.","og_url":"https:\/\/actbr.com.br\/en\/produto\/lpoc1-12-3s\/","og_site_name":"ACT Sistemas Hidr\u00e1ulicos","article_modified_time":"2023-07-20T18:21:16+00:00","og_image":[{"width":800,"height":800,"url":"https:\/\/actbr.com.br\/wp-content\/uploads\/2020\/09\/Valvula-de-Retencao-Pilotada-\u2013-LPOC1-12-3S.jpg","type":"image\/jpeg"}],"twitter_card":"summary_large_image","twitter_misc":{"Est. reading time":"1 minute"},"schema":{"@context":"https:\/\/schema.org","@graph":[{"@type":"WebPage","@id":"https:\/\/actbr.com.br\/en\/produto\/lpoc1-12-3s\/","url":"https:\/\/actbr.com.br\/en\/produto\/lpoc1-12-3s\/","name":"Reten\u00e7\u00e3o Pilotada LPOC1-12-3S - ACT Sistemas Hidr\u00e1ulicos","isPartOf":{"@id":"https:\/\/actbr.com.br\/en\/#website"},"primaryImageOfPage":{"@id":"https:\/\/actbr.com.br\/en\/produto\/lpoc1-12-3s\/#primaryimage"},"image":{"@id":"https:\/\/actbr.com.br\/en\/produto\/lpoc1-12-3s\/#primaryimage"},"thumbnailUrl":"https:\/\/actbr.com.br\/wp-content\/uploads\/2020\/09\/Valvula-de-Retencao-Pilotada-\u2013-LPOC1-12-3S.jpg","datePublished":"2020-09-29T15:48:47+00:00","dateModified":"2023-07-20T18:21:16+00:00","description":"A V\u00e1lvula de Reten\u00e7\u00e3o Pilotada LPOC1-12-3S permite a passagem de fluxo de 2 para 1, enquanto normalmente bloqueia o fluxo de 3 para 2.","breadcrumb":{"@id":"https:\/\/actbr.com.br\/en\/produto\/lpoc1-12-3s\/#breadcrumb"},"inLanguage":"en-US","potentialAction":[{"@type":"ReadAction","target":["https:\/\/actbr.com.br\/en\/produto\/lpoc1-12-3s\/"]}]},{"@type":"ImageObject","inLanguage":"en-US","@id":"https:\/\/actbr.com.br\/en\/produto\/lpoc1-12-3s\/#primaryimage","url":"https:\/\/actbr.com.br\/wp-content\/uploads\/2020\/09\/Valvula-de-Retencao-Pilotada-\u2013-LPOC1-12-3S.jpg","contentUrl":"https:\/\/actbr.com.br\/wp-content\/uploads\/2020\/09\/Valvula-de-Retencao-Pilotada-\u2013-LPOC1-12-3S.jpg","width":800,"height":800,"caption":"V\u00e1lvula de Reten\u00e7\u00e3o Pilotada LPOC1-12-3S"},{"@type":"BreadcrumbList","@id":"https:\/\/actbr.com.br\/en\/produto\/lpoc1-12-3s\/#breadcrumb","itemListElement":[{"@type":"ListItem","position":1,"name":"In\u00edcio","item":"https:\/\/actbr.com.br\/en\/"},{"@type":"ListItem","position":2,"name":"Produtos","item":"https:\/\/actbr.com.br\/produtos-act\/"},{"@type":"ListItem","position":3,"name":"V\u00e1lvulas Insert\u00e1veis","item":"https:\/\/actbr.com.br\/en\/categoria-produto\/valvulas-insertaveis\/"},{"@type":"ListItem","position":4,"name":"Reten\u00e7\u00e3o Pilotada","item":"https:\/\/actbr.com.br\/en\/categoria-produto\/valvulas-insertaveis\/insertaveis-retencao-pilotada\/"},{"@type":"ListItem","position":5,"name":"Reten\u00e7\u00e3o Pilotada LPOC1-12-3S"}]},{"@type":"WebSite","@id":"https:\/\/actbr.com.br\/en\/#website","url":"https:\/\/actbr.com.br\/en\/","name":"ACT Sistemas Hidr\u00e1ulicos","description":"Fabrica\u00e7\u00e3o e manuten\u00e7\u00e3o de componentes \u00f3leo hidr\u00e1ulicos","publisher":{"@id":"https:\/\/actbr.com.br\/en\/#organization"},"potentialAction":[{"@type":"SearchAction","target":{"@type":"EntryPoint","urlTemplate":"https:\/\/actbr.com.br\/en\/?s={search_term_string}"},"query-input":{"@type":"PropertyValueSpecification","valueRequired":true,"valueName":"search_term_string"}}],"inLanguage":"en-US"},{"@type":"Organization","@id":"https:\/\/actbr.com.br\/en\/#organization","name":"ACT Sistemas Hidr\u00e1ulicos","url":"https:\/\/actbr.com.br\/en\/","logo":{"@type":"ImageObject","inLanguage":"en-US","@id":"https:\/\/actbr.com.br\/en\/#\/schema\/logo\/image\/","url":"https:\/\/actbr.com.br\/wp-content\/uploads\/2025\/02\/cropped-ACT_NEGATIVO-marca-dagua.png","contentUrl":"https:\/\/actbr.com.br\/wp-content\/uploads\/2025\/02\/cropped-ACT_NEGATIVO-marca-dagua.png","width":240,"height":146,"caption":"ACT Sistemas Hidr\u00e1ulicos"},"image":{"@id":"https:\/\/actbr.com.br\/en\/#\/schema\/logo\/image\/"}}]}},"_links":{"self":[{"href":"https:\/\/actbr.com.br\/en\/wp-json\/wp\/v2\/product\/4068","targetHints":{"allow":["GET"]}}],"collection":[{"href":"https:\/\/actbr.com.br\/en\/wp-json\/wp\/v2\/product"}],"about":[{"href":"https:\/\/actbr.com.br\/en\/wp-json\/wp\/v2\/types\/product"}],"wp:featuredmedia":[{"embeddable":true,"href":"https:\/\/actbr.com.br\/en\/wp-json\/wp\/v2\/media\/6889"}],"wp:attachment":[{"href":"https:\/\/actbr.com.br\/en\/wp-json\/wp\/v2\/media?parent=4068"}],"wp:term":[{"taxonomy":"product_brand","embeddable":true,"href":"https:\/\/actbr.com.br\/en\/wp-json\/wp\/v2\/product_brand?post=4068"},{"taxonomy":"product_cat","embeddable":true,"href":"https:\/\/actbr.com.br\/en\/wp-json\/wp\/v2\/product_cat?post=4068"},{"taxonomy":"product_tag","embeddable":true,"href":"https:\/\/actbr.com.br\/en\/wp-json\/wp\/v2\/product_tag?post=4068"}],"curies":[{"name":"wp","href":"https:\/\/api.w.org\/{rel}","templated":true}]}}