{"id":4080,"date":"2020-09-29T12:48:47","date_gmt":"2020-09-29T15:48:47","guid":{"rendered":"https:\/\/actbr.com.br\/produto\/valvula-de-contra-balanco-lcbrc78\/"},"modified":"2023-10-25T17:33:34","modified_gmt":"2023-10-25T20:33:34","slug":"valvula-de-contrabalanco-lcbrc78","status":"publish","type":"product","link":"https:\/\/actbr.com.br\/en\/produto\/valvula-de-contrabalanco-lcbrc78\/","title":{"rendered":"V\u00e1lvula de Contrabalan\u00e7o LCBRC78"},"content":{"rendered":"<p><strong>V\u00e1lvula de Contra Balan\u00e7o LCBRC78<\/strong><\/p>\n<p>A V\u00e1lvula de Contrabalan\u00e7o LCBRC78 (Insert\u00e1vel) \u00e9 uma v\u00e1lvula de controle de press\u00e3o normalmente fechada, que pode ser usada para equilibrar ou contrabalancear um peso.<\/p>\n<p>No circuito de uma prensa, quando a v\u00e1lvula direcional remete fluxo para o lado traseiro do atuador, o peso fixado \u00e0 haste cair\u00e1 de maneira incontrol\u00e1vel. O fluxo da bomba n\u00e3o conseguir\u00e1 manter-se. Para evitar esta situa\u00e7\u00e3o, uma v\u00e1lvula de press\u00e3o normalmente fechada \u00e9 instalada abaixo do cilindro da prensa. O carretel da v\u00e1lvula n\u00e3o conectar\u00e1 as vias principal e secund\u00e1ria at\u00e9 que uma press\u00e3o, que \u00e9 transmitida \u00e0 extremidade do carretel, seja maior do que a press\u00e3o desenvolvida pelo peso (isto \u00e9, quando a press\u00e3o do fluido estiver presente no lado traseiro do pist\u00e3o). Deste modo, o peso \u00e9 contrabalanceado em todo o seu curso descendente.<\/p>\n<p>Quando a press\u00e3o no p\u00f3rtico 3 ultrapassa a press\u00e3o de abertura da v\u00e1lvula de reten\u00e7\u00e3o, os p\u00f3rticos 3 a 2 da v\u00e1lvula de reten\u00e7\u00e3o s\u00e3o abertos (ficam conectados).<\/p>\n<p>Se a press\u00e3o for superior \u00e0 configura\u00e7\u00e3o de regulagem da mola, o flu\u00eddo segue de 2 para o p\u00f3rtico 3. Quando a press\u00e3o na porta piloto 1 aumenta, a press\u00e3o de transbordamento, proporcionalmente\u00a0 \u00e9 reduzida at\u00e9 que a porta 2 esteja totalmente aberta na porta 3, a cavidade da mola se comunique com a porta 3 e a contrapress\u00e3o da\u00a0porta 3 seja sobreposta \u00e0 press\u00e3o.<\/p>\n<p><img decoding=\"async\" src=\"data:image\/png;base64,iVBORw0KGgoAAAANSUhEUgAAAIIAAAB4CAYAAAA+CiqCAAAAAXNSR0IArs4c6QAAAARnQU1BAACxjwv8YQUAAAAJcEhZcwAADsMAAA7DAcdvqGQAAAiiSURBVHhe7Z3Pj9VEHMD9T0R+ySKLCAqyIa54JiZIApxQ+RF+BJGggbgeRA8IBi8YIMFgMMABL8BFSDhwADYh4UBcTmS9cYUj17qfsd9lHNu+djrT175+P8nkvdfOm05nPjPTzvTtvpYoyhwqgmJQERSDiqAYVATFoCIoBhVBMagIikFFUAwqgmJQERSDiqAYVATFoCIoBhVBMagIiiG4CIteX9DKkEVWPAlZZMUbdghFFBGUZlARFIOKoBhUBMWgIigGFUExqAgBefbsWfLt1FT6qVuoCIFAgo2Tk8n09HS6pVuoCAGYnZ1N1q5Zkxw7ejQ5f+58cufOneTly5fp3m6gItTk0aNHyZKFC5Odn31uBCAwPNA70Et0BRWhBvQESPDrhQvpllcwRCBDV3oGFcETWrsMB3nIMNEFeiPC48ePkxvXrwcJv128mGyYmDDDAenmwb6u3EX0RgTSyqpUn\/Dz6dPJ+rXrki8PHSoU4enTp+a4sUMIQqUDrRchJFwDrH57VXLyx5Pplv9z5fJlE2LR1vLplQhw+\/Ztky53Di5cQ7Dv+fPn6ZbwtLV8eicCcMdA2r+cOWOGAgK9ANtiTy61tXx6KQLQM6waX2muGbg45G6hiTkEFcGDmCKAzBs0OYmkIngQWwQQGZpCRfCgCRGaRkXwQEUoRkXoMCqCBypCMb0QYWZmxqR17uzZdMtooCJUZMXYcpMWASliwrIzk0pNLD+rCBVZtmTpvAhlgktWnEGB20gmlooWperCcUIRMq3WivDw4UOTFquGTcEag0w1I0UMIVQED0KmVYSsNRzYv98ckylnlq5v3riZbPxgcm77gflAjyFh5q\/qQ5aK4EFMEeQ5RY6BAIjg9gC\/X7pk9meFjyY\/VBGKaOuJuvx06pTp\/rdv3WpaN1PNXCwyPCCE3UNIWDE2lrz7zurk7t27aSrVaWv59H5oePLkiZHi402bzPEIWzZ\/MifHOTNkjKUXraxU\/nHtWu07i7aWT+9EYKWRYUF6BALv2Xbv3r3\/9AL0DD8cP55MfTMV7NayreXTCxG48JPrAXsooDewpZB9CBBrTkFF8CBEWlQoIlDx9iNoVDrpIwAyxHw8zUZF8CBkWi4MEQgiQwGvfOa6ICa9ESEkMUWwoddw7xS2b92W+YBrXZo6p6qoCHMgAhLIdcSunTuT7787nvw9O5vGCIeK4EGdQuO7MYMvdb4bk5EWIRYqQsOoCM0RXISQJ6oiFBMyLRXBg7bkK2RaKoIHbclXyLRUBA\/akq+QabVeBN+p35D5cKmTNt8N9RO7kOfYWhH2791n0lq6cJHXAlDIQnLxTfv+\/fvmuwTe1yXkOUYRoS0hFlnHGlYIRXARQnHk8GFzoqvGx9Mt1QhZSC5SCaxoVkF+q0Hgr7u1idaKwHBQ57cGsUVAAh8ZuD5oasm7Co2KICt8LO4Q5AGRGMQWAXxlKAJJaACEJoVpRARaAcu7PAwia\/4EHgiR7UgSEleE63PH\/XTHjmT50jfNvn1796Z7qmOnjQTIXRfSoRx4UEYaijw1Faux2EQXAQk4IQQAXilITlBAAuKEPGGO8cXBg8n48lc\/nbPD9m3b0pjV4fuhYOij0qUxyJBIoOzYxj7i+A6TZQgugl1IZNytYD5zkvQE9nYRhtcQkI\/FC96Yr\/jQIQsfmSkHhkjKSsqAbdIjyD5e2WaTlw8foopA6+fBUBuGA2Cf9BICn92T9UXyMf3gQfL1ka+S91avma9EQoweQSqyrAzEo9IFzp0KF+z0kMFtPHn58CGqCHRpeS08SwROlu\/zWpe8Qrr1561kz67d5tWXogqgothf5ppHhgMhq6zscpJhQijKR1WiipCXUa6Gt2zenNlyaBUMHXUJWUgug9KmwgbFoQxo7UVIj2DLQrpyNxHyHKOJQGXa9tpguH1CNqMgAgyKwzm6w6B0\/3xXgttY7PIpk4+yRBNBuvk8GAvlesGmzyLIhWMRnRMB2niNEIIyaQ+KQ2\/oximbrpRPmfhliSoCFe3eNTDmcSJMwrgi8NltJb6Qj5hhEGXiVL0LIK59l1HmGGWJKgIV7t5OUdF0f2y3ewu5MMrrQaoSqrJCFrYL5UKvabfwrEA84hC3ijhViCoCSAXL9QCfafn29QFXxa4wdSlTSKHi1IGGQSsXGbJgH3Hc3rVTIgCVz4lgNBJwsUOQtQYksG+RQtAVEahkKtht7YL0GsRxZemcCAKV3abVx5iVXDVtyoFGwfekfHjPtrwyCpn\/RkVokjL5iJlX37Rp9dJjFg0XoCKUIJQIvufTRDmEPIaKMADf82miHEIeozci8LcOrl65mn76lzJ59T2fJsoh5DF6IcKLFy+SZYuXmG32H78ok1fiZAWXMnFCE\/IYvRBhz+7d5v9Bs21i3fvp1vbk1RcVoQSSD3oA+0kl3p84ccLsa0tefQmZ\/5EXYeVbK8x7OyADfxZH4nSVkPkfaRH4r\/B5zy1uWD9hXrtMyPyPtAhFQQRxYRKHqW9m9pjaZfqb98yIZj1IM0yy8u9Lb0WQYCOLX1Q807qskVD5bGc6nPju0vkwcfNfh5EVIYuivFHx7uIXEtjTvLJ4NugpoqZQETzJyxsVjgTyCBjI8rnbAyCGK8ywUBE8ycsbLdxt5QwPWSIAvQfXD8NGRfAkL29UKj2ACxLkXRMgSdZ3mkRF8CQvb3nbi0Sgx7CHkmGgIniiIuTTKxHyUBFUBAO3hFl3AXkicOfAeQ56gig2KkJgZCbRJU8EtrlPFA8DFcGTory5E0XEtYMgE09tmG4uOp+qqAgpMoGU9di4QM9BGnlPFTeNiuDJoLwhgKwpIIQMDWxDEoaPYc8d2KgInpTNG90+rV9EILRJAKH1IrQxSN5s3Dh2yCIr3rBDKIKLoHQTFUExqAiKQUVQDCqCYlARFIOKoBhUBMWgIigGFUExqAiKQUVQDCqCMkeS\/AOOC0aP+WqwhwAAAABJRU5ErkJggg==\" data-filename=\"contra-balanco-cartucho.png\" \/><\/p>\n<p><strong>Especifica\u00e7\u00f5es t\u00e9cnicas:<\/strong><br \/>\nPress\u00e3o de opera\u00e7\u00e3o: At\u00e9 350 bar;<br \/>\nTemperatura: de &#8211; 35\u00baC a + 120\u00baC;<br \/>\nFlu\u00eddos: Flu\u00eddos a base se \u00f3leo mineral (para outras aplica\u00e7\u00f5es, consultar nossa equipe t\u00e9cnica);<br \/>\nGrau de filtragem recomendada: ISO16\/12;<br \/>\nMaterial do corpo: A\u00e7o;<br \/>\nTratamento do corpo: Anodizado 6061T6;<br \/>\nCavidade: LB-10-3 (Cavidade 10);<br \/>\nVaz\u00e3o: 38 litros por minuto (Verificar as vers\u00f5es dispon\u00edveis);<br \/>\nRela\u00e7\u00e3o de abertura: 4.1:1.<\/p>\n<p><strong>Caracter\u00edsticas:<\/strong><br \/>\nCorpo da v\u00e1lvula leve e resistente;<br \/>\nCavidade padr\u00e3o (intercambi\u00e1vel com diversos fabricantes);<br \/>\nTamanho reduzido;<br \/>\nEstabilidade funcional;<br \/>\nPrecis\u00e3o em sua regulagem.<\/p>\n","protected":false},"excerpt":{"rendered":"<p>A V\u00e1lvula de contrabalan\u00e7o modelo LCBRC78 (Insert\u00e1vel) \u00e9 uma v\u00e1lvula de controle de press\u00e3o normalmente fechada, que pode ser usada para equilibrar ou contrabalancear um peso.<\/p>\n","protected":false},"featured_media":7709,"template":"","meta":[],"product_brand":[],"product_cat":[122,32],"product_tag":[],"class_list":{"0":"post-4080","1":"product","2":"type-product","3":"status-publish","4":"has-post-thumbnail","6":"product_cat-contra-balanco","7":"product_cat-valvulas-insertaveis","9":"first","10":"instock","11":"virtual","12":"product-type-simple"},"yoast_head":"<!-- This site is optimized with the Yoast SEO plugin v27.5 - https:\/\/yoast.com\/product\/yoast-seo-wordpress\/ -->\n<title>V\u00e1lvula de Contrabalan\u00e7o LCBRC78 - ACT Sistemas Hidr\u00e1ulicos<\/title>\n<meta name=\"description\" content=\"A V\u00e1lvula de Contrabalan\u00e7o LCBRC78 \u00e9 uma v\u00e1lvula de controle de press\u00e3o normalmente fechada, que pode ser usada para equilibrar ou contrabalancear um peso.\" \/>\n<meta name=\"robots\" content=\"index, follow, max-snippet:-1, max-image-preview:large, max-video-preview:-1\" \/>\n<link rel=\"canonical\" href=\"https:\/\/actbr.com.br\/en\/produto\/valvula-de-contrabalanco-lcbrc78\/\" \/>\n<meta property=\"og:locale\" content=\"en_US\" \/>\n<meta property=\"og:type\" content=\"article\" \/>\n<meta property=\"og:title\" content=\"V\u00e1lvula de Contrabalan\u00e7o LCBRC78 - ACT Sistemas Hidr\u00e1ulicos\" \/>\n<meta property=\"og:description\" content=\"A V\u00e1lvula de Contrabalan\u00e7o LCBRC78 \u00e9 uma v\u00e1lvula de controle de press\u00e3o normalmente fechada, que pode ser usada para equilibrar ou contrabalancear um peso.\" \/>\n<meta property=\"og:url\" content=\"https:\/\/actbr.com.br\/en\/produto\/valvula-de-contrabalanco-lcbrc78\/\" \/>\n<meta property=\"og:site_name\" content=\"ACT Sistemas Hidr\u00e1ulicos\" \/>\n<meta property=\"article:modified_time\" content=\"2023-10-25T20:33:34+00:00\" \/>\n<meta property=\"og:image\" content=\"https:\/\/actbr.com.br\/wp-content\/uploads\/2020\/09\/LCBRC78.jpg\" \/>\n\t<meta property=\"og:image:width\" content=\"600\" \/>\n\t<meta property=\"og:image:height\" content=\"600\" \/>\n\t<meta property=\"og:image:type\" content=\"image\/jpeg\" \/>\n<meta name=\"twitter:card\" content=\"summary_large_image\" \/>\n<meta name=\"twitter:label1\" content=\"Est. reading time\" \/>\n\t<meta name=\"twitter:data1\" content=\"2 minutes\" \/>\n<script type=\"application\/ld+json\" class=\"yoast-schema-graph\">{\"@context\":\"https:\\\/\\\/schema.org\",\"@graph\":[{\"@type\":\"WebPage\",\"@id\":\"https:\\\/\\\/actbr.com.br\\\/en\\\/produto\\\/valvula-de-contrabalanco-lcbrc78\\\/\",\"url\":\"https:\\\/\\\/actbr.com.br\\\/en\\\/produto\\\/valvula-de-contrabalanco-lcbrc78\\\/\",\"name\":\"V\u00e1lvula de Contrabalan\u00e7o LCBRC78 - ACT Sistemas Hidr\u00e1ulicos\",\"isPartOf\":{\"@id\":\"https:\\\/\\\/actbr.com.br\\\/en\\\/#website\"},\"primaryImageOfPage\":{\"@id\":\"https:\\\/\\\/actbr.com.br\\\/en\\\/produto\\\/valvula-de-contrabalanco-lcbrc78\\\/#primaryimage\"},\"image\":{\"@id\":\"https:\\\/\\\/actbr.com.br\\\/en\\\/produto\\\/valvula-de-contrabalanco-lcbrc78\\\/#primaryimage\"},\"thumbnailUrl\":\"https:\\\/\\\/actbr.com.br\\\/wp-content\\\/uploads\\\/2020\\\/09\\\/LCBRC78.jpg\",\"datePublished\":\"2020-09-29T15:48:47+00:00\",\"dateModified\":\"2023-10-25T20:33:34+00:00\",\"description\":\"A V\u00e1lvula de Contrabalan\u00e7o LCBRC78 \u00e9 uma v\u00e1lvula de controle de press\u00e3o normalmente fechada, que pode ser usada para equilibrar ou contrabalancear um peso.\",\"breadcrumb\":{\"@id\":\"https:\\\/\\\/actbr.com.br\\\/en\\\/produto\\\/valvula-de-contrabalanco-lcbrc78\\\/#breadcrumb\"},\"inLanguage\":\"en-US\",\"potentialAction\":[{\"@type\":\"ReadAction\",\"target\":[\"https:\\\/\\\/actbr.com.br\\\/en\\\/produto\\\/valvula-de-contrabalanco-lcbrc78\\\/\"]}]},{\"@type\":\"ImageObject\",\"inLanguage\":\"en-US\",\"@id\":\"https:\\\/\\\/actbr.com.br\\\/en\\\/produto\\\/valvula-de-contrabalanco-lcbrc78\\\/#primaryimage\",\"url\":\"https:\\\/\\\/actbr.com.br\\\/wp-content\\\/uploads\\\/2020\\\/09\\\/LCBRC78.jpg\",\"contentUrl\":\"https:\\\/\\\/actbr.com.br\\\/wp-content\\\/uploads\\\/2020\\\/09\\\/LCBRC78.jpg\",\"width\":600,\"height\":600,\"caption\":\"V\u00e1lvula de Contra Balan\u00e7o LCBRC78\"},{\"@type\":\"BreadcrumbList\",\"@id\":\"https:\\\/\\\/actbr.com.br\\\/en\\\/produto\\\/valvula-de-contrabalanco-lcbrc78\\\/#breadcrumb\",\"itemListElement\":[{\"@type\":\"ListItem\",\"position\":1,\"name\":\"In\u00edcio\",\"item\":\"https:\\\/\\\/actbr.com.br\\\/en\\\/\"},{\"@type\":\"ListItem\",\"position\":2,\"name\":\"Produtos\",\"item\":\"https:\\\/\\\/actbr.com.br\\\/produtos-act\\\/\"},{\"@type\":\"ListItem\",\"position\":3,\"name\":\"V\u00e1lvulas Insert\u00e1veis\",\"item\":\"https:\\\/\\\/actbr.com.br\\\/en\\\/categoria-produto\\\/valvulas-insertaveis\\\/\"},{\"@type\":\"ListItem\",\"position\":4,\"name\":\"Contra Balan\u00e7o\",\"item\":\"https:\\\/\\\/actbr.com.br\\\/en\\\/categoria-produto\\\/valvulas-insertaveis\\\/contra-balanco\\\/\"},{\"@type\":\"ListItem\",\"position\":5,\"name\":\"V\u00e1lvula de Contrabalan\u00e7o LCBRC78\"}]},{\"@type\":\"WebSite\",\"@id\":\"https:\\\/\\\/actbr.com.br\\\/en\\\/#website\",\"url\":\"https:\\\/\\\/actbr.com.br\\\/en\\\/\",\"name\":\"ACT Sistemas Hidr\u00e1ulicos\",\"description\":\"Fabrica\u00e7\u00e3o e manuten\u00e7\u00e3o de componentes \u00f3leo hidr\u00e1ulicos\",\"publisher\":{\"@id\":\"https:\\\/\\\/actbr.com.br\\\/en\\\/#organization\"},\"potentialAction\":[{\"@type\":\"SearchAction\",\"target\":{\"@type\":\"EntryPoint\",\"urlTemplate\":\"https:\\\/\\\/actbr.com.br\\\/en\\\/?s={search_term_string}\"},\"query-input\":{\"@type\":\"PropertyValueSpecification\",\"valueRequired\":true,\"valueName\":\"search_term_string\"}}],\"inLanguage\":\"en-US\"},{\"@type\":\"Organization\",\"@id\":\"https:\\\/\\\/actbr.com.br\\\/en\\\/#organization\",\"name\":\"ACT Sistemas Hidr\u00e1ulicos\",\"url\":\"https:\\\/\\\/actbr.com.br\\\/en\\\/\",\"logo\":{\"@type\":\"ImageObject\",\"inLanguage\":\"en-US\",\"@id\":\"https:\\\/\\\/actbr.com.br\\\/en\\\/#\\\/schema\\\/logo\\\/image\\\/\",\"url\":\"https:\\\/\\\/actbr.com.br\\\/wp-content\\\/uploads\\\/2025\\\/02\\\/cropped-ACT_NEGATIVO-marca-dagua.png\",\"contentUrl\":\"https:\\\/\\\/actbr.com.br\\\/wp-content\\\/uploads\\\/2025\\\/02\\\/cropped-ACT_NEGATIVO-marca-dagua.png\",\"width\":240,\"height\":146,\"caption\":\"ACT Sistemas Hidr\u00e1ulicos\"},\"image\":{\"@id\":\"https:\\\/\\\/actbr.com.br\\\/en\\\/#\\\/schema\\\/logo\\\/image\\\/\"}}]}<\/script>\n<!-- \/ Yoast SEO plugin. -->","yoast_head_json":{"title":"V\u00e1lvula de Contrabalan\u00e7o LCBRC78 - ACT Sistemas Hidr\u00e1ulicos","description":"A V\u00e1lvula de Contrabalan\u00e7o LCBRC78 \u00e9 uma v\u00e1lvula de controle de press\u00e3o normalmente fechada, que pode ser usada para equilibrar ou contrabalancear um peso.","robots":{"index":"index","follow":"follow","max-snippet":"max-snippet:-1","max-image-preview":"max-image-preview:large","max-video-preview":"max-video-preview:-1"},"canonical":"https:\/\/actbr.com.br\/en\/produto\/valvula-de-contrabalanco-lcbrc78\/","og_locale":"en_US","og_type":"article","og_title":"V\u00e1lvula de Contrabalan\u00e7o LCBRC78 - ACT Sistemas Hidr\u00e1ulicos","og_description":"A V\u00e1lvula de Contrabalan\u00e7o LCBRC78 \u00e9 uma v\u00e1lvula de controle de press\u00e3o normalmente fechada, que pode ser usada para equilibrar ou contrabalancear um peso.","og_url":"https:\/\/actbr.com.br\/en\/produto\/valvula-de-contrabalanco-lcbrc78\/","og_site_name":"ACT Sistemas Hidr\u00e1ulicos","article_modified_time":"2023-10-25T20:33:34+00:00","og_image":[{"width":600,"height":600,"url":"https:\/\/actbr.com.br\/wp-content\/uploads\/2020\/09\/LCBRC78.jpg","type":"image\/jpeg"}],"twitter_card":"summary_large_image","twitter_misc":{"Est. reading time":"2 minutes"},"schema":{"@context":"https:\/\/schema.org","@graph":[{"@type":"WebPage","@id":"https:\/\/actbr.com.br\/en\/produto\/valvula-de-contrabalanco-lcbrc78\/","url":"https:\/\/actbr.com.br\/en\/produto\/valvula-de-contrabalanco-lcbrc78\/","name":"V\u00e1lvula de Contrabalan\u00e7o LCBRC78 - ACT Sistemas Hidr\u00e1ulicos","isPartOf":{"@id":"https:\/\/actbr.com.br\/en\/#website"},"primaryImageOfPage":{"@id":"https:\/\/actbr.com.br\/en\/produto\/valvula-de-contrabalanco-lcbrc78\/#primaryimage"},"image":{"@id":"https:\/\/actbr.com.br\/en\/produto\/valvula-de-contrabalanco-lcbrc78\/#primaryimage"},"thumbnailUrl":"https:\/\/actbr.com.br\/wp-content\/uploads\/2020\/09\/LCBRC78.jpg","datePublished":"2020-09-29T15:48:47+00:00","dateModified":"2023-10-25T20:33:34+00:00","description":"A V\u00e1lvula de Contrabalan\u00e7o LCBRC78 \u00e9 uma v\u00e1lvula de controle de press\u00e3o normalmente fechada, que pode ser usada para equilibrar ou contrabalancear um peso.","breadcrumb":{"@id":"https:\/\/actbr.com.br\/en\/produto\/valvula-de-contrabalanco-lcbrc78\/#breadcrumb"},"inLanguage":"en-US","potentialAction":[{"@type":"ReadAction","target":["https:\/\/actbr.com.br\/en\/produto\/valvula-de-contrabalanco-lcbrc78\/"]}]},{"@type":"ImageObject","inLanguage":"en-US","@id":"https:\/\/actbr.com.br\/en\/produto\/valvula-de-contrabalanco-lcbrc78\/#primaryimage","url":"https:\/\/actbr.com.br\/wp-content\/uploads\/2020\/09\/LCBRC78.jpg","contentUrl":"https:\/\/actbr.com.br\/wp-content\/uploads\/2020\/09\/LCBRC78.jpg","width":600,"height":600,"caption":"V\u00e1lvula de Contra Balan\u00e7o LCBRC78"},{"@type":"BreadcrumbList","@id":"https:\/\/actbr.com.br\/en\/produto\/valvula-de-contrabalanco-lcbrc78\/#breadcrumb","itemListElement":[{"@type":"ListItem","position":1,"name":"In\u00edcio","item":"https:\/\/actbr.com.br\/en\/"},{"@type":"ListItem","position":2,"name":"Produtos","item":"https:\/\/actbr.com.br\/produtos-act\/"},{"@type":"ListItem","position":3,"name":"V\u00e1lvulas Insert\u00e1veis","item":"https:\/\/actbr.com.br\/en\/categoria-produto\/valvulas-insertaveis\/"},{"@type":"ListItem","position":4,"name":"Contra Balan\u00e7o","item":"https:\/\/actbr.com.br\/en\/categoria-produto\/valvulas-insertaveis\/contra-balanco\/"},{"@type":"ListItem","position":5,"name":"V\u00e1lvula de Contrabalan\u00e7o LCBRC78"}]},{"@type":"WebSite","@id":"https:\/\/actbr.com.br\/en\/#website","url":"https:\/\/actbr.com.br\/en\/","name":"ACT Sistemas Hidr\u00e1ulicos","description":"Fabrica\u00e7\u00e3o e manuten\u00e7\u00e3o de componentes \u00f3leo hidr\u00e1ulicos","publisher":{"@id":"https:\/\/actbr.com.br\/en\/#organization"},"potentialAction":[{"@type":"SearchAction","target":{"@type":"EntryPoint","urlTemplate":"https:\/\/actbr.com.br\/en\/?s={search_term_string}"},"query-input":{"@type":"PropertyValueSpecification","valueRequired":true,"valueName":"search_term_string"}}],"inLanguage":"en-US"},{"@type":"Organization","@id":"https:\/\/actbr.com.br\/en\/#organization","name":"ACT Sistemas Hidr\u00e1ulicos","url":"https:\/\/actbr.com.br\/en\/","logo":{"@type":"ImageObject","inLanguage":"en-US","@id":"https:\/\/actbr.com.br\/en\/#\/schema\/logo\/image\/","url":"https:\/\/actbr.com.br\/wp-content\/uploads\/2025\/02\/cropped-ACT_NEGATIVO-marca-dagua.png","contentUrl":"https:\/\/actbr.com.br\/wp-content\/uploads\/2025\/02\/cropped-ACT_NEGATIVO-marca-dagua.png","width":240,"height":146,"caption":"ACT Sistemas Hidr\u00e1ulicos"},"image":{"@id":"https:\/\/actbr.com.br\/en\/#\/schema\/logo\/image\/"}}]}},"_links":{"self":[{"href":"https:\/\/actbr.com.br\/en\/wp-json\/wp\/v2\/product\/4080","targetHints":{"allow":["GET"]}}],"collection":[{"href":"https:\/\/actbr.com.br\/en\/wp-json\/wp\/v2\/product"}],"about":[{"href":"https:\/\/actbr.com.br\/en\/wp-json\/wp\/v2\/types\/product"}],"wp:featuredmedia":[{"embeddable":true,"href":"https:\/\/actbr.com.br\/en\/wp-json\/wp\/v2\/media\/7709"}],"wp:attachment":[{"href":"https:\/\/actbr.com.br\/en\/wp-json\/wp\/v2\/media?parent=4080"}],"wp:term":[{"taxonomy":"product_brand","embeddable":true,"href":"https:\/\/actbr.com.br\/en\/wp-json\/wp\/v2\/product_brand?post=4080"},{"taxonomy":"product_cat","embeddable":true,"href":"https:\/\/actbr.com.br\/en\/wp-json\/wp\/v2\/product_cat?post=4080"},{"taxonomy":"product_tag","embeddable":true,"href":"https:\/\/actbr.com.br\/en\/wp-json\/wp\/v2\/product_tag?post=4080"}],"curies":[{"name":"wp","href":"https:\/\/api.w.org\/{rel}","templated":true}]}}