{"id":4088,"date":"2020-09-29T12:48:47","date_gmt":"2020-09-29T15:48:47","guid":{"rendered":"https:\/\/actbr.com.br\/produto\/cilindro-hidraulico-act-tipo-cs-soldado\/"},"modified":"2023-06-30T08:24:43","modified_gmt":"2023-06-30T11:24:43","slug":"cilindro-act-tipo-cs-soldado","status":"publish","type":"product","link":"https:\/\/actbr.com.br\/en\/produto\/cilindro-act-tipo-cs-soldado\/","title":{"rendered":"Cilindro ACT Tipo CS (Soldado)"},"content":{"rendered":"<p><strong>Cilindro Hidr\u00e1ulico ACT Tipo CS (Soldado)<\/strong><\/p>\n<p>O Cilindro ACT Tipo CS (Soldado) \u00e9 projetado para atender \u00e0s mais variadas necessidades e aplica\u00e7\u00f5es industriais com alto desempenho e longa vida \u00fatil. \u00c9 constru\u00eddo conforme Norma NFPA para press\u00f5es de trabalho de at\u00e9 210 bar.<\/p>\n<p><strong>Caracter\u00edsticas dos cilindros:<br \/>\n<\/strong>Di\u00e2metros de 25 a 200 mil\u00edmetros (embolo);<br \/>\nAt\u00e9 tr\u00eas di\u00e2metros da haste aplic\u00e1veis a cada categoria de embolo;<br \/>\nCurso de at\u00e9 5.000 mil\u00edmetros;<br \/>\nHaste simples ou dupla;<br \/>\nDezesseis configura\u00e7\u00f5es de montagem dispon\u00edveis;<br \/>\nSeis op\u00e7\u00f5es de veda\u00e7\u00f5es;<br \/>\nTransdutor de posi\u00e7\u00e3o (opcional).<\/p>\n<p>Para configura\u00e7\u00f5es especiais, consultar nossa equipe de vendas.<\/p>\n","protected":false},"excerpt":{"rendered":"<p>O Cilindro ACT Tipo CS (Soldado) \u00e9 projetado para atender \u00e0s mais variadas necessidades e aplica\u00e7\u00f5es industriais com alto desempenho e longa vida \u00fatil.<\/p>\n","protected":false},"featured_media":7445,"template":"","meta":[],"product_brand":[],"product_cat":[30,123],"product_tag":[],"class_list":{"0":"post-4088","1":"product","2":"type-product","3":"status-publish","4":"has-post-thumbnail","6":"product_cat-cilindros-hidraulicos","7":"product_cat-soldados","9":"first","10":"instock","11":"virtual","12":"product-type-simple"},"yoast_head":"<!-- This site is optimized with the Yoast SEO plugin v27.2 - https:\/\/yoast.com\/product\/yoast-seo-wordpress\/ -->\n<title>Cilindro ACT Tipo CS (Soldado) - ACT Sistemas Hidr\u00e1ulicos<\/title>\n<meta name=\"description\" content=\"O Cilindro ACT Tipo CS (Soldado) \u00e9 projetado para atender \u00e0s mais variadas necessidades e aplica\u00e7\u00f5es industriais com alto desempenho e longa vida \u00fatil.\" \/>\n<meta name=\"robots\" content=\"index, follow, max-snippet:-1, max-image-preview:large, max-video-preview:-1\" \/>\n<link rel=\"canonical\" href=\"https:\/\/actbr.com.br\/en\/produto\/cilindro-act-tipo-cs-soldado\/\" \/>\n<meta property=\"og:locale\" content=\"en_US\" \/>\n<meta property=\"og:type\" content=\"article\" \/>\n<meta property=\"og:title\" content=\"Cilindro ACT Tipo CS (Soldado) - ACT Sistemas Hidr\u00e1ulicos\" \/>\n<meta property=\"og:description\" content=\"O Cilindro ACT Tipo CS (Soldado) \u00e9 projetado para atender \u00e0s mais variadas necessidades e aplica\u00e7\u00f5es industriais com alto desempenho e longa vida \u00fatil.\" \/>\n<meta property=\"og:url\" content=\"https:\/\/actbr.com.br\/en\/produto\/cilindro-act-tipo-cs-soldado\/\" \/>\n<meta property=\"og:site_name\" content=\"ACT Sistemas Hidr\u00e1ulicos\" \/>\n<meta property=\"article:modified_time\" content=\"2023-06-30T11:24:43+00:00\" \/>\n<meta property=\"og:image\" content=\"https:\/\/actbr.com.br\/wp-content\/uploads\/2020\/09\/Cilindro-Hidraulico-ACT-tipo-CS-Soldado.jpg\" \/>\n\t<meta property=\"og:image:width\" content=\"600\" \/>\n\t<meta property=\"og:image:height\" content=\"400\" \/>\n\t<meta property=\"og:image:type\" content=\"image\/jpeg\" \/>\n<meta name=\"twitter:card\" content=\"summary_large_image\" \/>\n<meta name=\"twitter:label1\" content=\"Est. reading time\" \/>\n\t<meta name=\"twitter:data1\" content=\"1 minute\" \/>\n<script type=\"application\/ld+json\" class=\"yoast-schema-graph\">{\"@context\":\"https:\/\/schema.org\",\"@graph\":[{\"@type\":\"WebPage\",\"@id\":\"https:\/\/actbr.com.br\/en\/produto\/cilindro-act-tipo-cs-soldado\/\",\"url\":\"https:\/\/actbr.com.br\/en\/produto\/cilindro-act-tipo-cs-soldado\/\",\"name\":\"Cilindro ACT Tipo CS (Soldado) - ACT Sistemas Hidr\u00e1ulicos\",\"isPartOf\":{\"@id\":\"https:\/\/actbr.com.br\/en\/#website\"},\"primaryImageOfPage\":{\"@id\":\"https:\/\/actbr.com.br\/en\/produto\/cilindro-act-tipo-cs-soldado\/#primaryimage\"},\"image\":{\"@id\":\"https:\/\/actbr.com.br\/en\/produto\/cilindro-act-tipo-cs-soldado\/#primaryimage\"},\"thumbnailUrl\":\"https:\/\/actbr.com.br\/wp-content\/uploads\/2020\/09\/Cilindro-Hidraulico-ACT-tipo-CS-Soldado.jpg\",\"datePublished\":\"2020-09-29T15:48:47+00:00\",\"dateModified\":\"2023-06-30T11:24:43+00:00\",\"description\":\"O Cilindro ACT Tipo CS (Soldado) \u00e9 projetado para atender \u00e0s mais variadas necessidades e aplica\u00e7\u00f5es industriais com alto desempenho e longa vida \u00fatil.\",\"breadcrumb\":{\"@id\":\"https:\/\/actbr.com.br\/en\/produto\/cilindro-act-tipo-cs-soldado\/#breadcrumb\"},\"inLanguage\":\"en-US\",\"potentialAction\":[{\"@type\":\"ReadAction\",\"target\":[\"https:\/\/actbr.com.br\/en\/produto\/cilindro-act-tipo-cs-soldado\/\"]}]},{\"@type\":\"ImageObject\",\"inLanguage\":\"en-US\",\"@id\":\"https:\/\/actbr.com.br\/en\/produto\/cilindro-act-tipo-cs-soldado\/#primaryimage\",\"url\":\"https:\/\/actbr.com.br\/wp-content\/uploads\/2020\/09\/Cilindro-Hidraulico-ACT-tipo-CS-Soldado.jpg\",\"contentUrl\":\"https:\/\/actbr.com.br\/wp-content\/uploads\/2020\/09\/Cilindro-Hidraulico-ACT-tipo-CS-Soldado.jpg\",\"width\":600,\"height\":400,\"caption\":\"Cilindro Hidr\u00e1ulico ACT Tipo CS (Soldado)\"},{\"@type\":\"BreadcrumbList\",\"@id\":\"https:\/\/actbr.com.br\/en\/produto\/cilindro-act-tipo-cs-soldado\/#breadcrumb\",\"itemListElement\":[{\"@type\":\"ListItem\",\"position\":1,\"name\":\"In\u00edcio\",\"item\":\"https:\/\/actbr.com.br\/en\/\"},{\"@type\":\"ListItem\",\"position\":2,\"name\":\"Produtos\",\"item\":\"https:\/\/actbr.com.br\/produtos-act\/\"},{\"@type\":\"ListItem\",\"position\":3,\"name\":\"Cilindros Hidr\u00e1ulicos\",\"item\":\"https:\/\/actbr.com.br\/en\/categoria-produto\/cilindros-hidraulicos\/\"},{\"@type\":\"ListItem\",\"position\":4,\"name\":\"Cilindros Hidr\u00e1ulicos Soldados\",\"item\":\"https:\/\/actbr.com.br\/en\/categoria-produto\/cilindros-hidraulicos\/soldados\/\"},{\"@type\":\"ListItem\",\"position\":5,\"name\":\"Cilindro ACT Tipo CS (Soldado)\"}]},{\"@type\":\"WebSite\",\"@id\":\"https:\/\/actbr.com.br\/en\/#website\",\"url\":\"https:\/\/actbr.com.br\/en\/\",\"name\":\"ACT Sistemas Hidr\u00e1ulicos\",\"description\":\"Fabrica\u00e7\u00e3o e manuten\u00e7\u00e3o de componentes \u00f3leo hidr\u00e1ulicos\",\"publisher\":{\"@id\":\"https:\/\/actbr.com.br\/en\/#organization\"},\"potentialAction\":[{\"@type\":\"SearchAction\",\"target\":{\"@type\":\"EntryPoint\",\"urlTemplate\":\"https:\/\/actbr.com.br\/en\/?s={search_term_string}\"},\"query-input\":{\"@type\":\"PropertyValueSpecification\",\"valueRequired\":true,\"valueName\":\"search_term_string\"}}],\"inLanguage\":\"en-US\"},{\"@type\":\"Organization\",\"@id\":\"https:\/\/actbr.com.br\/en\/#organization\",\"name\":\"ACT Sistemas Hidr\u00e1ulicos\",\"url\":\"https:\/\/actbr.com.br\/en\/\",\"logo\":{\"@type\":\"ImageObject\",\"inLanguage\":\"en-US\",\"@id\":\"https:\/\/actbr.com.br\/en\/#\/schema\/logo\/image\/\",\"url\":\"https:\/\/actbr.com.br\/wp-content\/uploads\/2025\/02\/cropped-ACT_NEGATIVO-marca-dagua.png\",\"contentUrl\":\"https:\/\/actbr.com.br\/wp-content\/uploads\/2025\/02\/cropped-ACT_NEGATIVO-marca-dagua.png\",\"width\":240,\"height\":146,\"caption\":\"ACT Sistemas Hidr\u00e1ulicos\"},\"image\":{\"@id\":\"https:\/\/actbr.com.br\/en\/#\/schema\/logo\/image\/\"}}]}<\/script>\n<!-- \/ Yoast SEO plugin. -->","yoast_head_json":{"title":"Cilindro ACT Tipo CS (Soldado) - ACT Sistemas Hidr\u00e1ulicos","description":"O Cilindro ACT Tipo CS (Soldado) \u00e9 projetado para atender \u00e0s mais variadas necessidades e aplica\u00e7\u00f5es industriais com alto desempenho e longa vida \u00fatil.","robots":{"index":"index","follow":"follow","max-snippet":"max-snippet:-1","max-image-preview":"max-image-preview:large","max-video-preview":"max-video-preview:-1"},"canonical":"https:\/\/actbr.com.br\/en\/produto\/cilindro-act-tipo-cs-soldado\/","og_locale":"en_US","og_type":"article","og_title":"Cilindro ACT Tipo CS (Soldado) - ACT Sistemas Hidr\u00e1ulicos","og_description":"O Cilindro ACT Tipo CS (Soldado) \u00e9 projetado para atender \u00e0s mais variadas necessidades e aplica\u00e7\u00f5es industriais com alto desempenho e longa vida \u00fatil.","og_url":"https:\/\/actbr.com.br\/en\/produto\/cilindro-act-tipo-cs-soldado\/","og_site_name":"ACT Sistemas Hidr\u00e1ulicos","article_modified_time":"2023-06-30T11:24:43+00:00","og_image":[{"width":600,"height":400,"url":"https:\/\/actbr.com.br\/wp-content\/uploads\/2020\/09\/Cilindro-Hidraulico-ACT-tipo-CS-Soldado.jpg","type":"image\/jpeg"}],"twitter_card":"summary_large_image","twitter_misc":{"Est. reading time":"1 minute"},"schema":{"@context":"https:\/\/schema.org","@graph":[{"@type":"WebPage","@id":"https:\/\/actbr.com.br\/en\/produto\/cilindro-act-tipo-cs-soldado\/","url":"https:\/\/actbr.com.br\/en\/produto\/cilindro-act-tipo-cs-soldado\/","name":"Cilindro ACT Tipo CS (Soldado) - ACT Sistemas Hidr\u00e1ulicos","isPartOf":{"@id":"https:\/\/actbr.com.br\/en\/#website"},"primaryImageOfPage":{"@id":"https:\/\/actbr.com.br\/en\/produto\/cilindro-act-tipo-cs-soldado\/#primaryimage"},"image":{"@id":"https:\/\/actbr.com.br\/en\/produto\/cilindro-act-tipo-cs-soldado\/#primaryimage"},"thumbnailUrl":"https:\/\/actbr.com.br\/wp-content\/uploads\/2020\/09\/Cilindro-Hidraulico-ACT-tipo-CS-Soldado.jpg","datePublished":"2020-09-29T15:48:47+00:00","dateModified":"2023-06-30T11:24:43+00:00","description":"O Cilindro ACT Tipo CS (Soldado) \u00e9 projetado para atender \u00e0s mais variadas necessidades e aplica\u00e7\u00f5es industriais com alto desempenho e longa vida \u00fatil.","breadcrumb":{"@id":"https:\/\/actbr.com.br\/en\/produto\/cilindro-act-tipo-cs-soldado\/#breadcrumb"},"inLanguage":"en-US","potentialAction":[{"@type":"ReadAction","target":["https:\/\/actbr.com.br\/en\/produto\/cilindro-act-tipo-cs-soldado\/"]}]},{"@type":"ImageObject","inLanguage":"en-US","@id":"https:\/\/actbr.com.br\/en\/produto\/cilindro-act-tipo-cs-soldado\/#primaryimage","url":"https:\/\/actbr.com.br\/wp-content\/uploads\/2020\/09\/Cilindro-Hidraulico-ACT-tipo-CS-Soldado.jpg","contentUrl":"https:\/\/actbr.com.br\/wp-content\/uploads\/2020\/09\/Cilindro-Hidraulico-ACT-tipo-CS-Soldado.jpg","width":600,"height":400,"caption":"Cilindro Hidr\u00e1ulico ACT Tipo CS (Soldado)"},{"@type":"BreadcrumbList","@id":"https:\/\/actbr.com.br\/en\/produto\/cilindro-act-tipo-cs-soldado\/#breadcrumb","itemListElement":[{"@type":"ListItem","position":1,"name":"In\u00edcio","item":"https:\/\/actbr.com.br\/en\/"},{"@type":"ListItem","position":2,"name":"Produtos","item":"https:\/\/actbr.com.br\/produtos-act\/"},{"@type":"ListItem","position":3,"name":"Cilindros Hidr\u00e1ulicos","item":"https:\/\/actbr.com.br\/en\/categoria-produto\/cilindros-hidraulicos\/"},{"@type":"ListItem","position":4,"name":"Cilindros Hidr\u00e1ulicos Soldados","item":"https:\/\/actbr.com.br\/en\/categoria-produto\/cilindros-hidraulicos\/soldados\/"},{"@type":"ListItem","position":5,"name":"Cilindro ACT Tipo CS (Soldado)"}]},{"@type":"WebSite","@id":"https:\/\/actbr.com.br\/en\/#website","url":"https:\/\/actbr.com.br\/en\/","name":"ACT Sistemas Hidr\u00e1ulicos","description":"Fabrica\u00e7\u00e3o e manuten\u00e7\u00e3o de componentes \u00f3leo hidr\u00e1ulicos","publisher":{"@id":"https:\/\/actbr.com.br\/en\/#organization"},"potentialAction":[{"@type":"SearchAction","target":{"@type":"EntryPoint","urlTemplate":"https:\/\/actbr.com.br\/en\/?s={search_term_string}"},"query-input":{"@type":"PropertyValueSpecification","valueRequired":true,"valueName":"search_term_string"}}],"inLanguage":"en-US"},{"@type":"Organization","@id":"https:\/\/actbr.com.br\/en\/#organization","name":"ACT Sistemas Hidr\u00e1ulicos","url":"https:\/\/actbr.com.br\/en\/","logo":{"@type":"ImageObject","inLanguage":"en-US","@id":"https:\/\/actbr.com.br\/en\/#\/schema\/logo\/image\/","url":"https:\/\/actbr.com.br\/wp-content\/uploads\/2025\/02\/cropped-ACT_NEGATIVO-marca-dagua.png","contentUrl":"https:\/\/actbr.com.br\/wp-content\/uploads\/2025\/02\/cropped-ACT_NEGATIVO-marca-dagua.png","width":240,"height":146,"caption":"ACT Sistemas Hidr\u00e1ulicos"},"image":{"@id":"https:\/\/actbr.com.br\/en\/#\/schema\/logo\/image\/"}}]}},"_links":{"self":[{"href":"https:\/\/actbr.com.br\/en\/wp-json\/wp\/v2\/product\/4088","targetHints":{"allow":["GET"]}}],"collection":[{"href":"https:\/\/actbr.com.br\/en\/wp-json\/wp\/v2\/product"}],"about":[{"href":"https:\/\/actbr.com.br\/en\/wp-json\/wp\/v2\/types\/product"}],"wp:featuredmedia":[{"embeddable":true,"href":"https:\/\/actbr.com.br\/en\/wp-json\/wp\/v2\/media\/7445"}],"wp:attachment":[{"href":"https:\/\/actbr.com.br\/en\/wp-json\/wp\/v2\/media?parent=4088"}],"wp:term":[{"taxonomy":"product_brand","embeddable":true,"href":"https:\/\/actbr.com.br\/en\/wp-json\/wp\/v2\/product_brand?post=4088"},{"taxonomy":"product_cat","embeddable":true,"href":"https:\/\/actbr.com.br\/en\/wp-json\/wp\/v2\/product_cat?post=4088"},{"taxonomy":"product_tag","embeddable":true,"href":"https:\/\/actbr.com.br\/en\/wp-json\/wp\/v2\/product_tag?post=4088"}],"curies":[{"name":"wp","href":"https:\/\/api.w.org\/{rel}","templated":true}]}}