{"id":4097,"date":"2020-09-29T12:48:47","date_gmt":"2020-09-29T15:48:47","guid":{"rendered":"https:\/\/actbr.com.br\/produto\/valvula-de-alivio-dbdh-6-k-10-50\/"},"modified":"2023-10-24T14:26:38","modified_gmt":"2023-10-24T17:26:38","slug":"valvula-de-alivio-tipo-cartucho-dbdh-6-k-10-50","status":"publish","type":"product","link":"https:\/\/actbr.com.br\/en\/produto\/valvula-de-alivio-tipo-cartucho-dbdh-6-k-10-50\/","title":{"rendered":"V\u00e1lvula de Al\u00edvio tipo Cartucho DBDH-6-K-10\/50"},"content":{"rendered":"<p><strong>V\u00e1lvula de Al\u00edvio DBDH-6-K-10\/50<\/strong><\/p>\n<p>A V\u00e1lvula de Al\u00edvio DBDH-6-K-10\/50 \u00e9 uma v\u00e1lvula diretamente operada, com fun\u00e7\u00e3o de limitar a press\u00e3o m\u00e1xima de uma determinada linha.<\/p>\n<p>Sua regulagem se d\u00e1 por meio do ajuste em sua manopla. Se a press\u00e3o da linha ultrapassar a press\u00e3o determinada pela mola, a v\u00e1lvula se abrir\u00e1 e a vaz\u00e3o de \u00f3leo ser\u00e1 liberada, normalmente para a linha de tanque.<\/p>\n<p>Aplica\u00e7\u00e3o nos sistemas hidr\u00e1ulicos: como v\u00e1lvula de seguran\u00e7a(tamb\u00e9m conhecida como v\u00e1lvula de m\u00e1xima press\u00e3o ou v\u00e1lvula de al\u00edvio); contrabalan\u00e7o de cargas, abertura de emerg\u00eancia em golpes hidr\u00e1ulicos, etc. Em fun\u00e7\u00e3o disso, sua amplitude de utiliza\u00e7\u00e3o varia bastante como por exemplo: blocos de seguran\u00e7a que atendem a NR-12, sistemas hidr\u00e1ulicos industriais, blocos de seguran\u00e7a de acumulador, seguran\u00e7a \/ amortecimento de cargas em prensa hidr\u00e1ulica, garantindo a n\u00e3o multiplica\u00e7\u00e3o de press\u00e3o, entre outras.<\/p>\n<p><strong>Caracter\u00edsticas funcionais:<\/strong><br \/>\nPress\u00e3o de opera\u00e7\u00e3o: At\u00e9 50 bar (Range de regulagem);<br \/>\nPress\u00e3o m\u00e1xima: 400 bar;<br \/>\nVazamento interno: 0,10 ml \/ minuto (2 gotas \/ minuto) m\u00e1ximo a 400 bar;<br \/>\nTemperatura de opera\u00e7\u00e3o: -30 a 80\u00baC (com veda\u00e7\u00f5es NBR) ;<br \/>\nFluidos: Minerais ou sint\u00e9ticos com propriedades lubrificantes em viscosidades de 7.4 a 420 cSt;<br \/>\nGrau de contamina\u00e7\u00e3o M\u00e1xima: Classe 9. NAS 1638 ou 20\/18\/15, ISO4406;<br \/>\nCavidade: M28X1,5;<br \/>\nPeso: 0,4 grama;<br \/>\nV\u00e1lvula tipo: Poppet;<br \/>\nVaz\u00e3o m\u00e1xima: 50 litros por minuto (ver curva);<br \/>\nViscosidade de flu\u00eddo: 10 a 800 mm2\/s.<\/p>\n<h6><\/h6>\n","protected":false},"excerpt":{"rendered":"<p>A V\u00e1lvula de Al\u00edvio DBDH-6-K-10\/50 \u00e9 uma v\u00e1lvula diretamente operada, com fun\u00e7\u00e3o de limitar a press\u00e3o m\u00e1xima de uma determinada linha.<\/p>\n","protected":false},"featured_media":6869,"template":"","meta":[],"product_brand":[],"product_cat":[70,32],"product_tag":[],"class_list":{"0":"post-4097","1":"product","2":"type-product","3":"status-publish","4":"has-post-thumbnail","6":"product_cat-insertaveis-reguladora-de-pressao-alivio","7":"product_cat-valvulas-insertaveis","9":"first","10":"instock","11":"virtual","12":"product-type-simple"},"yoast_head":"<!-- This site is optimized with the Yoast SEO plugin v27.5 - https:\/\/yoast.com\/product\/yoast-seo-wordpress\/ -->\n<title>V\u00e1lvula de Al\u00edvio tipo Cartucho DBDH-6-K-10\/50 - ACT Sistemas Hidr\u00e1ulicos<\/title>\n<meta name=\"description\" content=\"A V\u00e1lvula de Al\u00edvio DBDH-6-K-10\/50 \u00e9 uma v\u00e1lvula diretamente operada, com fun\u00e7\u00e3o de limitar a press\u00e3o m\u00e1xima de uma determinada linha.\" \/>\n<meta name=\"robots\" content=\"index, follow, max-snippet:-1, max-image-preview:large, max-video-preview:-1\" \/>\n<link rel=\"canonical\" href=\"https:\/\/actbr.com.br\/en\/produto\/valvula-de-alivio-tipo-cartucho-dbdh-6-k-10-50\/\" \/>\n<meta property=\"og:locale\" content=\"en_US\" \/>\n<meta property=\"og:type\" content=\"article\" \/>\n<meta property=\"og:title\" content=\"V\u00e1lvula de Al\u00edvio tipo Cartucho DBDH-6-K-10\/50 - ACT Sistemas Hidr\u00e1ulicos\" \/>\n<meta property=\"og:description\" content=\"A V\u00e1lvula de Al\u00edvio DBDH-6-K-10\/50 \u00e9 uma v\u00e1lvula diretamente operada, com fun\u00e7\u00e3o de limitar a press\u00e3o m\u00e1xima de uma determinada linha.\" \/>\n<meta property=\"og:url\" content=\"https:\/\/actbr.com.br\/en\/produto\/valvula-de-alivio-tipo-cartucho-dbdh-6-k-10-50\/\" \/>\n<meta property=\"og:site_name\" content=\"ACT Sistemas Hidr\u00e1ulicos\" \/>\n<meta property=\"article:modified_time\" content=\"2023-10-24T17:26:38+00:00\" \/>\n<meta property=\"og:image\" content=\"https:\/\/actbr.com.br\/wp-content\/uploads\/2020\/09\/Valvula-de-alivio-\u2013-DBDH-6-K-10-50.jpg\" \/>\n\t<meta property=\"og:image:width\" content=\"544\" \/>\n\t<meta property=\"og:image:height\" content=\"364\" \/>\n\t<meta property=\"og:image:type\" content=\"image\/jpeg\" \/>\n<meta name=\"twitter:card\" content=\"summary_large_image\" \/>\n<meta name=\"twitter:label1\" content=\"Est. reading time\" \/>\n\t<meta name=\"twitter:data1\" content=\"2 minutes\" \/>\n<script type=\"application\/ld+json\" class=\"yoast-schema-graph\">{\"@context\":\"https:\\\/\\\/schema.org\",\"@graph\":[{\"@type\":\"WebPage\",\"@id\":\"https:\\\/\\\/actbr.com.br\\\/en\\\/produto\\\/valvula-de-alivio-tipo-cartucho-dbdh-6-k-10-50\\\/\",\"url\":\"https:\\\/\\\/actbr.com.br\\\/en\\\/produto\\\/valvula-de-alivio-tipo-cartucho-dbdh-6-k-10-50\\\/\",\"name\":\"V\u00e1lvula de Al\u00edvio tipo Cartucho DBDH-6-K-10\\\/50 - ACT Sistemas Hidr\u00e1ulicos\",\"isPartOf\":{\"@id\":\"https:\\\/\\\/actbr.com.br\\\/en\\\/#website\"},\"primaryImageOfPage\":{\"@id\":\"https:\\\/\\\/actbr.com.br\\\/en\\\/produto\\\/valvula-de-alivio-tipo-cartucho-dbdh-6-k-10-50\\\/#primaryimage\"},\"image\":{\"@id\":\"https:\\\/\\\/actbr.com.br\\\/en\\\/produto\\\/valvula-de-alivio-tipo-cartucho-dbdh-6-k-10-50\\\/#primaryimage\"},\"thumbnailUrl\":\"https:\\\/\\\/actbr.com.br\\\/wp-content\\\/uploads\\\/2020\\\/09\\\/Valvula-de-alivio-\u2013-DBDH-6-K-10-50.jpg\",\"datePublished\":\"2020-09-29T15:48:47+00:00\",\"dateModified\":\"2023-10-24T17:26:38+00:00\",\"description\":\"A V\u00e1lvula de Al\u00edvio DBDH-6-K-10\\\/50 \u00e9 uma v\u00e1lvula diretamente operada, com fun\u00e7\u00e3o de limitar a press\u00e3o m\u00e1xima de uma determinada linha.\",\"breadcrumb\":{\"@id\":\"https:\\\/\\\/actbr.com.br\\\/en\\\/produto\\\/valvula-de-alivio-tipo-cartucho-dbdh-6-k-10-50\\\/#breadcrumb\"},\"inLanguage\":\"en-US\",\"potentialAction\":[{\"@type\":\"ReadAction\",\"target\":[\"https:\\\/\\\/actbr.com.br\\\/en\\\/produto\\\/valvula-de-alivio-tipo-cartucho-dbdh-6-k-10-50\\\/\"]}]},{\"@type\":\"ImageObject\",\"inLanguage\":\"en-US\",\"@id\":\"https:\\\/\\\/actbr.com.br\\\/en\\\/produto\\\/valvula-de-alivio-tipo-cartucho-dbdh-6-k-10-50\\\/#primaryimage\",\"url\":\"https:\\\/\\\/actbr.com.br\\\/wp-content\\\/uploads\\\/2020\\\/09\\\/Valvula-de-alivio-\u2013-DBDH-6-K-10-50.jpg\",\"contentUrl\":\"https:\\\/\\\/actbr.com.br\\\/wp-content\\\/uploads\\\/2020\\\/09\\\/Valvula-de-alivio-\u2013-DBDH-6-K-10-50.jpg\",\"width\":544,\"height\":364,\"caption\":\"V\u00e1lvula de Al\u00edvio DBDH-6-K-10\\\/50\"},{\"@type\":\"BreadcrumbList\",\"@id\":\"https:\\\/\\\/actbr.com.br\\\/en\\\/produto\\\/valvula-de-alivio-tipo-cartucho-dbdh-6-k-10-50\\\/#breadcrumb\",\"itemListElement\":[{\"@type\":\"ListItem\",\"position\":1,\"name\":\"In\u00edcio\",\"item\":\"https:\\\/\\\/actbr.com.br\\\/en\\\/\"},{\"@type\":\"ListItem\",\"position\":2,\"name\":\"Produtos\",\"item\":\"https:\\\/\\\/actbr.com.br\\\/produtos-act\\\/\"},{\"@type\":\"ListItem\",\"position\":3,\"name\":\"V\u00e1lvulas Insert\u00e1veis\",\"item\":\"https:\\\/\\\/actbr.com.br\\\/en\\\/categoria-produto\\\/valvulas-insertaveis\\\/\"},{\"@type\":\"ListItem\",\"position\":4,\"name\":\"Reguladora de Press\u00e3o - Al\u00edvio\",\"item\":\"https:\\\/\\\/actbr.com.br\\\/en\\\/categoria-produto\\\/valvulas-insertaveis\\\/insertaveis-reguladora-de-pressao-alivio\\\/\"},{\"@type\":\"ListItem\",\"position\":5,\"name\":\"V\u00e1lvula de Al\u00edvio tipo Cartucho DBDH-6-K-10\\\/50\"}]},{\"@type\":\"WebSite\",\"@id\":\"https:\\\/\\\/actbr.com.br\\\/en\\\/#website\",\"url\":\"https:\\\/\\\/actbr.com.br\\\/en\\\/\",\"name\":\"ACT Sistemas Hidr\u00e1ulicos\",\"description\":\"Fabrica\u00e7\u00e3o e manuten\u00e7\u00e3o de componentes \u00f3leo hidr\u00e1ulicos\",\"publisher\":{\"@id\":\"https:\\\/\\\/actbr.com.br\\\/en\\\/#organization\"},\"potentialAction\":[{\"@type\":\"SearchAction\",\"target\":{\"@type\":\"EntryPoint\",\"urlTemplate\":\"https:\\\/\\\/actbr.com.br\\\/en\\\/?s={search_term_string}\"},\"query-input\":{\"@type\":\"PropertyValueSpecification\",\"valueRequired\":true,\"valueName\":\"search_term_string\"}}],\"inLanguage\":\"en-US\"},{\"@type\":\"Organization\",\"@id\":\"https:\\\/\\\/actbr.com.br\\\/en\\\/#organization\",\"name\":\"ACT Sistemas Hidr\u00e1ulicos\",\"url\":\"https:\\\/\\\/actbr.com.br\\\/en\\\/\",\"logo\":{\"@type\":\"ImageObject\",\"inLanguage\":\"en-US\",\"@id\":\"https:\\\/\\\/actbr.com.br\\\/en\\\/#\\\/schema\\\/logo\\\/image\\\/\",\"url\":\"https:\\\/\\\/actbr.com.br\\\/wp-content\\\/uploads\\\/2025\\\/02\\\/cropped-ACT_NEGATIVO-marca-dagua.png\",\"contentUrl\":\"https:\\\/\\\/actbr.com.br\\\/wp-content\\\/uploads\\\/2025\\\/02\\\/cropped-ACT_NEGATIVO-marca-dagua.png\",\"width\":240,\"height\":146,\"caption\":\"ACT Sistemas Hidr\u00e1ulicos\"},\"image\":{\"@id\":\"https:\\\/\\\/actbr.com.br\\\/en\\\/#\\\/schema\\\/logo\\\/image\\\/\"}}]}<\/script>\n<!-- \/ Yoast SEO plugin. -->","yoast_head_json":{"title":"V\u00e1lvula de Al\u00edvio tipo Cartucho DBDH-6-K-10\/50 - ACT Sistemas Hidr\u00e1ulicos","description":"A V\u00e1lvula de Al\u00edvio DBDH-6-K-10\/50 \u00e9 uma v\u00e1lvula diretamente operada, com fun\u00e7\u00e3o de limitar a press\u00e3o m\u00e1xima de uma determinada linha.","robots":{"index":"index","follow":"follow","max-snippet":"max-snippet:-1","max-image-preview":"max-image-preview:large","max-video-preview":"max-video-preview:-1"},"canonical":"https:\/\/actbr.com.br\/en\/produto\/valvula-de-alivio-tipo-cartucho-dbdh-6-k-10-50\/","og_locale":"en_US","og_type":"article","og_title":"V\u00e1lvula de Al\u00edvio tipo Cartucho DBDH-6-K-10\/50 - ACT Sistemas Hidr\u00e1ulicos","og_description":"A V\u00e1lvula de Al\u00edvio DBDH-6-K-10\/50 \u00e9 uma v\u00e1lvula diretamente operada, com fun\u00e7\u00e3o de limitar a press\u00e3o m\u00e1xima de uma determinada linha.","og_url":"https:\/\/actbr.com.br\/en\/produto\/valvula-de-alivio-tipo-cartucho-dbdh-6-k-10-50\/","og_site_name":"ACT Sistemas Hidr\u00e1ulicos","article_modified_time":"2023-10-24T17:26:38+00:00","og_image":[{"width":544,"height":364,"url":"https:\/\/actbr.com.br\/wp-content\/uploads\/2020\/09\/Valvula-de-alivio-\u2013-DBDH-6-K-10-50.jpg","type":"image\/jpeg"}],"twitter_card":"summary_large_image","twitter_misc":{"Est. reading time":"2 minutes"},"schema":{"@context":"https:\/\/schema.org","@graph":[{"@type":"WebPage","@id":"https:\/\/actbr.com.br\/en\/produto\/valvula-de-alivio-tipo-cartucho-dbdh-6-k-10-50\/","url":"https:\/\/actbr.com.br\/en\/produto\/valvula-de-alivio-tipo-cartucho-dbdh-6-k-10-50\/","name":"V\u00e1lvula de Al\u00edvio tipo Cartucho DBDH-6-K-10\/50 - ACT Sistemas Hidr\u00e1ulicos","isPartOf":{"@id":"https:\/\/actbr.com.br\/en\/#website"},"primaryImageOfPage":{"@id":"https:\/\/actbr.com.br\/en\/produto\/valvula-de-alivio-tipo-cartucho-dbdh-6-k-10-50\/#primaryimage"},"image":{"@id":"https:\/\/actbr.com.br\/en\/produto\/valvula-de-alivio-tipo-cartucho-dbdh-6-k-10-50\/#primaryimage"},"thumbnailUrl":"https:\/\/actbr.com.br\/wp-content\/uploads\/2020\/09\/Valvula-de-alivio-\u2013-DBDH-6-K-10-50.jpg","datePublished":"2020-09-29T15:48:47+00:00","dateModified":"2023-10-24T17:26:38+00:00","description":"A V\u00e1lvula de Al\u00edvio DBDH-6-K-10\/50 \u00e9 uma v\u00e1lvula diretamente operada, com fun\u00e7\u00e3o de limitar a press\u00e3o m\u00e1xima de uma determinada linha.","breadcrumb":{"@id":"https:\/\/actbr.com.br\/en\/produto\/valvula-de-alivio-tipo-cartucho-dbdh-6-k-10-50\/#breadcrumb"},"inLanguage":"en-US","potentialAction":[{"@type":"ReadAction","target":["https:\/\/actbr.com.br\/en\/produto\/valvula-de-alivio-tipo-cartucho-dbdh-6-k-10-50\/"]}]},{"@type":"ImageObject","inLanguage":"en-US","@id":"https:\/\/actbr.com.br\/en\/produto\/valvula-de-alivio-tipo-cartucho-dbdh-6-k-10-50\/#primaryimage","url":"https:\/\/actbr.com.br\/wp-content\/uploads\/2020\/09\/Valvula-de-alivio-\u2013-DBDH-6-K-10-50.jpg","contentUrl":"https:\/\/actbr.com.br\/wp-content\/uploads\/2020\/09\/Valvula-de-alivio-\u2013-DBDH-6-K-10-50.jpg","width":544,"height":364,"caption":"V\u00e1lvula de Al\u00edvio DBDH-6-K-10\/50"},{"@type":"BreadcrumbList","@id":"https:\/\/actbr.com.br\/en\/produto\/valvula-de-alivio-tipo-cartucho-dbdh-6-k-10-50\/#breadcrumb","itemListElement":[{"@type":"ListItem","position":1,"name":"In\u00edcio","item":"https:\/\/actbr.com.br\/en\/"},{"@type":"ListItem","position":2,"name":"Produtos","item":"https:\/\/actbr.com.br\/produtos-act\/"},{"@type":"ListItem","position":3,"name":"V\u00e1lvulas Insert\u00e1veis","item":"https:\/\/actbr.com.br\/en\/categoria-produto\/valvulas-insertaveis\/"},{"@type":"ListItem","position":4,"name":"Reguladora de Press\u00e3o - Al\u00edvio","item":"https:\/\/actbr.com.br\/en\/categoria-produto\/valvulas-insertaveis\/insertaveis-reguladora-de-pressao-alivio\/"},{"@type":"ListItem","position":5,"name":"V\u00e1lvula de Al\u00edvio tipo Cartucho DBDH-6-K-10\/50"}]},{"@type":"WebSite","@id":"https:\/\/actbr.com.br\/en\/#website","url":"https:\/\/actbr.com.br\/en\/","name":"ACT Sistemas Hidr\u00e1ulicos","description":"Fabrica\u00e7\u00e3o e manuten\u00e7\u00e3o de componentes \u00f3leo hidr\u00e1ulicos","publisher":{"@id":"https:\/\/actbr.com.br\/en\/#organization"},"potentialAction":[{"@type":"SearchAction","target":{"@type":"EntryPoint","urlTemplate":"https:\/\/actbr.com.br\/en\/?s={search_term_string}"},"query-input":{"@type":"PropertyValueSpecification","valueRequired":true,"valueName":"search_term_string"}}],"inLanguage":"en-US"},{"@type":"Organization","@id":"https:\/\/actbr.com.br\/en\/#organization","name":"ACT Sistemas Hidr\u00e1ulicos","url":"https:\/\/actbr.com.br\/en\/","logo":{"@type":"ImageObject","inLanguage":"en-US","@id":"https:\/\/actbr.com.br\/en\/#\/schema\/logo\/image\/","url":"https:\/\/actbr.com.br\/wp-content\/uploads\/2025\/02\/cropped-ACT_NEGATIVO-marca-dagua.png","contentUrl":"https:\/\/actbr.com.br\/wp-content\/uploads\/2025\/02\/cropped-ACT_NEGATIVO-marca-dagua.png","width":240,"height":146,"caption":"ACT Sistemas Hidr\u00e1ulicos"},"image":{"@id":"https:\/\/actbr.com.br\/en\/#\/schema\/logo\/image\/"}}]}},"_links":{"self":[{"href":"https:\/\/actbr.com.br\/en\/wp-json\/wp\/v2\/product\/4097","targetHints":{"allow":["GET"]}}],"collection":[{"href":"https:\/\/actbr.com.br\/en\/wp-json\/wp\/v2\/product"}],"about":[{"href":"https:\/\/actbr.com.br\/en\/wp-json\/wp\/v2\/types\/product"}],"wp:featuredmedia":[{"embeddable":true,"href":"https:\/\/actbr.com.br\/en\/wp-json\/wp\/v2\/media\/6869"}],"wp:attachment":[{"href":"https:\/\/actbr.com.br\/en\/wp-json\/wp\/v2\/media?parent=4097"}],"wp:term":[{"taxonomy":"product_brand","embeddable":true,"href":"https:\/\/actbr.com.br\/en\/wp-json\/wp\/v2\/product_brand?post=4097"},{"taxonomy":"product_cat","embeddable":true,"href":"https:\/\/actbr.com.br\/en\/wp-json\/wp\/v2\/product_cat?post=4097"},{"taxonomy":"product_tag","embeddable":true,"href":"https:\/\/actbr.com.br\/en\/wp-json\/wp\/v2\/product_tag?post=4097"}],"curies":[{"name":"wp","href":"https:\/\/api.w.org\/{rel}","templated":true}]}}