{"id":4119,"date":"2020-09-29T12:49:40","date_gmt":"2020-09-29T15:49:40","guid":{"rendered":"https:\/\/actbr.com.br\/produto\/trocadores-de-calor-modelos-acn-e-dcn-ar-oleo\/"},"modified":"2023-06-30T10:03:00","modified_gmt":"2023-06-30T13:03:00","slug":"trocador-de-calor-acn-dcn","status":"publish","type":"product","link":"https:\/\/actbr.com.br\/en\/produto\/trocador-de-calor-acn-dcn\/","title":{"rendered":"Trocador de Calor ACN &#8211; DCN"},"content":{"rendered":"<p><strong>Trocador de Calor \u00f3leo\/ar compacto ACN &#8211; DCN<\/strong><\/p>\n<p>O Trocador de Calor ACN &#8211; DCN mant\u00e9m as temperaturas em equil\u00edbrio dentro de um sistema, transferindo calor entre os fluidos.<\/p>\n<p><strong>Caracter\u00edsticas:<\/strong><br \/>\nCapacidade de refrigera\u00e7\u00e3o entre 4,4 kW e 140 kW;<br \/>\nOp\u00e7\u00f5es de acionamento em corrente alternada e corrente cont\u00ednua (motor el\u00e9trico);<br \/>\nAlta capacidade de refrigera\u00e7\u00e3o;<br \/>\nAlta press\u00e3o operacional;<br \/>\nBaixa perda de press\u00e3o;<br \/>\nBaixo n\u00edvel de ru\u00eddo;<br \/>\nDispon\u00edveis tamb\u00e9m em vers\u00f5es ATEX (em conformidade com 94\/9 \/ EG);<br \/>\nACN = Com motor de corrente alternada;<br \/>\nDCN = Com motor de corrente cont\u00ednua.<\/p>\n<p><strong>Materiais de constru\u00e7\u00e3o:<\/strong><br \/>\nResfriador: Alum\u00ednio, alum\u00ednio branco RAL 9006;<br \/>\nTampa \/ p\u00e9s: A\u00e7o, preto azeviche RAL 9005;<br \/>\nVentilador: PPG (consulte outras op\u00e7\u00f5es);<br \/>\nProte\u00e7\u00e3o do ventilador ACN: a\u00e7o, cromado (VI).<\/p>\n<h6><span style=\"font-family: Arial;\">\u00a0<\/span><\/h6>\n<h6><\/h6>\n","protected":false},"excerpt":{"rendered":"<p>O Trocador de Calor ACN &#8211; DCN mant\u00e9m as temperaturas em equil\u00edbrio dentro de um sistema, transferindo calor entre os fluidos.<\/p>\n","protected":false},"featured_media":7324,"template":"","meta":[],"product_brand":[],"product_cat":[170,77],"product_tag":[],"class_list":{"0":"post-4119","1":"product","2":"type-product","3":"status-publish","4":"has-post-thumbnail","6":"product_cat-ar-oleo","7":"product_cat-trocadores-de-calor","9":"first","10":"instock","11":"virtual","12":"product-type-simple"},"yoast_head":"<!-- This site is optimized with the Yoast SEO plugin v27.2 - https:\/\/yoast.com\/product\/yoast-seo-wordpress\/ -->\n<title>Trocador de Calor ACN - DCN - ACT Sistemas Hidr\u00e1ulicos<\/title>\n<meta name=\"description\" content=\"O Trocador de Calor ACN - DCN mant\u00e9m as temperaturas em equil\u00edbrio dentro de um sistema, transferindo calor entre os fluidos.\" \/>\n<meta name=\"robots\" content=\"index, follow, max-snippet:-1, max-image-preview:large, max-video-preview:-1\" \/>\n<link rel=\"canonical\" href=\"https:\/\/actbr.com.br\/en\/produto\/trocador-de-calor-acn-dcn\/\" \/>\n<meta property=\"og:locale\" content=\"en_US\" \/>\n<meta property=\"og:type\" content=\"article\" \/>\n<meta property=\"og:title\" content=\"Trocador de Calor ACN - DCN - ACT Sistemas Hidr\u00e1ulicos\" \/>\n<meta property=\"og:description\" content=\"O Trocador de Calor ACN - DCN mant\u00e9m as temperaturas em equil\u00edbrio dentro de um sistema, transferindo calor entre os fluidos.\" \/>\n<meta property=\"og:url\" content=\"https:\/\/actbr.com.br\/en\/produto\/trocador-de-calor-acn-dcn\/\" \/>\n<meta property=\"og:site_name\" content=\"ACT Sistemas Hidr\u00e1ulicos\" \/>\n<meta property=\"article:modified_time\" content=\"2023-06-30T13:03:00+00:00\" \/>\n<meta property=\"og:image\" content=\"https:\/\/actbr.com.br\/wp-content\/uploads\/2020\/09\/Trocador-de-calor-ACN-e-DCN-Ar-oleo.jpg\" \/>\n\t<meta property=\"og:image:width\" content=\"468\" \/>\n\t<meta property=\"og:image:height\" content=\"454\" \/>\n\t<meta property=\"og:image:type\" content=\"image\/jpeg\" \/>\n<meta name=\"twitter:card\" content=\"summary_large_image\" \/>\n<meta name=\"twitter:label1\" content=\"Est. reading time\" \/>\n\t<meta name=\"twitter:data1\" content=\"1 minute\" \/>\n<script type=\"application\/ld+json\" class=\"yoast-schema-graph\">{\"@context\":\"https:\/\/schema.org\",\"@graph\":[{\"@type\":\"WebPage\",\"@id\":\"https:\/\/actbr.com.br\/en\/produto\/trocador-de-calor-acn-dcn\/\",\"url\":\"https:\/\/actbr.com.br\/en\/produto\/trocador-de-calor-acn-dcn\/\",\"name\":\"Trocador de Calor ACN - DCN - ACT Sistemas Hidr\u00e1ulicos\",\"isPartOf\":{\"@id\":\"https:\/\/actbr.com.br\/en\/#website\"},\"primaryImageOfPage\":{\"@id\":\"https:\/\/actbr.com.br\/en\/produto\/trocador-de-calor-acn-dcn\/#primaryimage\"},\"image\":{\"@id\":\"https:\/\/actbr.com.br\/en\/produto\/trocador-de-calor-acn-dcn\/#primaryimage\"},\"thumbnailUrl\":\"https:\/\/actbr.com.br\/wp-content\/uploads\/2020\/09\/Trocador-de-calor-ACN-e-DCN-Ar-oleo.jpg\",\"datePublished\":\"2020-09-29T15:49:40+00:00\",\"dateModified\":\"2023-06-30T13:03:00+00:00\",\"description\":\"O Trocador de Calor ACN - DCN mant\u00e9m as temperaturas em equil\u00edbrio dentro de um sistema, transferindo calor entre os fluidos.\",\"breadcrumb\":{\"@id\":\"https:\/\/actbr.com.br\/en\/produto\/trocador-de-calor-acn-dcn\/#breadcrumb\"},\"inLanguage\":\"en-US\",\"potentialAction\":[{\"@type\":\"ReadAction\",\"target\":[\"https:\/\/actbr.com.br\/en\/produto\/trocador-de-calor-acn-dcn\/\"]}]},{\"@type\":\"ImageObject\",\"inLanguage\":\"en-US\",\"@id\":\"https:\/\/actbr.com.br\/en\/produto\/trocador-de-calor-acn-dcn\/#primaryimage\",\"url\":\"https:\/\/actbr.com.br\/wp-content\/uploads\/2020\/09\/Trocador-de-calor-ACN-e-DCN-Ar-oleo.jpg\",\"contentUrl\":\"https:\/\/actbr.com.br\/wp-content\/uploads\/2020\/09\/Trocador-de-calor-ACN-e-DCN-Ar-oleo.jpg\",\"width\":468,\"height\":454,\"caption\":\"Trocador de Calor \u00f3leo\/ar compacto ACN - DCN\"},{\"@type\":\"BreadcrumbList\",\"@id\":\"https:\/\/actbr.com.br\/en\/produto\/trocador-de-calor-acn-dcn\/#breadcrumb\",\"itemListElement\":[{\"@type\":\"ListItem\",\"position\":1,\"name\":\"In\u00edcio\",\"item\":\"https:\/\/actbr.com.br\/en\/\"},{\"@type\":\"ListItem\",\"position\":2,\"name\":\"Produtos\",\"item\":\"https:\/\/actbr.com.br\/produtos-act\/\"},{\"@type\":\"ListItem\",\"position\":3,\"name\":\"Trocadores de Calor\",\"item\":\"https:\/\/actbr.com.br\/en\/categoria-produto\/trocadores-de-calor\/\"},{\"@type\":\"ListItem\",\"position\":4,\"name\":\"Trocador de Calor Ar-\u00d3leo\",\"item\":\"https:\/\/actbr.com.br\/en\/categoria-produto\/trocadores-de-calor\/ar-oleo\/\"},{\"@type\":\"ListItem\",\"position\":5,\"name\":\"Trocador de Calor ACN &#8211; DCN\"}]},{\"@type\":\"WebSite\",\"@id\":\"https:\/\/actbr.com.br\/en\/#website\",\"url\":\"https:\/\/actbr.com.br\/en\/\",\"name\":\"ACT Sistemas Hidr\u00e1ulicos\",\"description\":\"Fabrica\u00e7\u00e3o e manuten\u00e7\u00e3o de componentes \u00f3leo hidr\u00e1ulicos\",\"publisher\":{\"@id\":\"https:\/\/actbr.com.br\/en\/#organization\"},\"potentialAction\":[{\"@type\":\"SearchAction\",\"target\":{\"@type\":\"EntryPoint\",\"urlTemplate\":\"https:\/\/actbr.com.br\/en\/?s={search_term_string}\"},\"query-input\":{\"@type\":\"PropertyValueSpecification\",\"valueRequired\":true,\"valueName\":\"search_term_string\"}}],\"inLanguage\":\"en-US\"},{\"@type\":\"Organization\",\"@id\":\"https:\/\/actbr.com.br\/en\/#organization\",\"name\":\"ACT Sistemas Hidr\u00e1ulicos\",\"url\":\"https:\/\/actbr.com.br\/en\/\",\"logo\":{\"@type\":\"ImageObject\",\"inLanguage\":\"en-US\",\"@id\":\"https:\/\/actbr.com.br\/en\/#\/schema\/logo\/image\/\",\"url\":\"https:\/\/actbr.com.br\/wp-content\/uploads\/2025\/02\/cropped-ACT_NEGATIVO-marca-dagua.png\",\"contentUrl\":\"https:\/\/actbr.com.br\/wp-content\/uploads\/2025\/02\/cropped-ACT_NEGATIVO-marca-dagua.png\",\"width\":240,\"height\":146,\"caption\":\"ACT Sistemas Hidr\u00e1ulicos\"},\"image\":{\"@id\":\"https:\/\/actbr.com.br\/en\/#\/schema\/logo\/image\/\"}}]}<\/script>\n<!-- \/ Yoast SEO plugin. -->","yoast_head_json":{"title":"Trocador de Calor ACN - DCN - ACT Sistemas Hidr\u00e1ulicos","description":"O Trocador de Calor ACN - DCN mant\u00e9m as temperaturas em equil\u00edbrio dentro de um sistema, transferindo calor entre os fluidos.","robots":{"index":"index","follow":"follow","max-snippet":"max-snippet:-1","max-image-preview":"max-image-preview:large","max-video-preview":"max-video-preview:-1"},"canonical":"https:\/\/actbr.com.br\/en\/produto\/trocador-de-calor-acn-dcn\/","og_locale":"en_US","og_type":"article","og_title":"Trocador de Calor ACN - DCN - ACT Sistemas Hidr\u00e1ulicos","og_description":"O Trocador de Calor ACN - DCN mant\u00e9m as temperaturas em equil\u00edbrio dentro de um sistema, transferindo calor entre os fluidos.","og_url":"https:\/\/actbr.com.br\/en\/produto\/trocador-de-calor-acn-dcn\/","og_site_name":"ACT Sistemas Hidr\u00e1ulicos","article_modified_time":"2023-06-30T13:03:00+00:00","og_image":[{"width":468,"height":454,"url":"https:\/\/actbr.com.br\/wp-content\/uploads\/2020\/09\/Trocador-de-calor-ACN-e-DCN-Ar-oleo.jpg","type":"image\/jpeg"}],"twitter_card":"summary_large_image","twitter_misc":{"Est. reading time":"1 minute"},"schema":{"@context":"https:\/\/schema.org","@graph":[{"@type":"WebPage","@id":"https:\/\/actbr.com.br\/en\/produto\/trocador-de-calor-acn-dcn\/","url":"https:\/\/actbr.com.br\/en\/produto\/trocador-de-calor-acn-dcn\/","name":"Trocador de Calor ACN - DCN - ACT Sistemas Hidr\u00e1ulicos","isPartOf":{"@id":"https:\/\/actbr.com.br\/en\/#website"},"primaryImageOfPage":{"@id":"https:\/\/actbr.com.br\/en\/produto\/trocador-de-calor-acn-dcn\/#primaryimage"},"image":{"@id":"https:\/\/actbr.com.br\/en\/produto\/trocador-de-calor-acn-dcn\/#primaryimage"},"thumbnailUrl":"https:\/\/actbr.com.br\/wp-content\/uploads\/2020\/09\/Trocador-de-calor-ACN-e-DCN-Ar-oleo.jpg","datePublished":"2020-09-29T15:49:40+00:00","dateModified":"2023-06-30T13:03:00+00:00","description":"O Trocador de Calor ACN - DCN mant\u00e9m as temperaturas em equil\u00edbrio dentro de um sistema, transferindo calor entre os fluidos.","breadcrumb":{"@id":"https:\/\/actbr.com.br\/en\/produto\/trocador-de-calor-acn-dcn\/#breadcrumb"},"inLanguage":"en-US","potentialAction":[{"@type":"ReadAction","target":["https:\/\/actbr.com.br\/en\/produto\/trocador-de-calor-acn-dcn\/"]}]},{"@type":"ImageObject","inLanguage":"en-US","@id":"https:\/\/actbr.com.br\/en\/produto\/trocador-de-calor-acn-dcn\/#primaryimage","url":"https:\/\/actbr.com.br\/wp-content\/uploads\/2020\/09\/Trocador-de-calor-ACN-e-DCN-Ar-oleo.jpg","contentUrl":"https:\/\/actbr.com.br\/wp-content\/uploads\/2020\/09\/Trocador-de-calor-ACN-e-DCN-Ar-oleo.jpg","width":468,"height":454,"caption":"Trocador de Calor \u00f3leo\/ar compacto ACN - DCN"},{"@type":"BreadcrumbList","@id":"https:\/\/actbr.com.br\/en\/produto\/trocador-de-calor-acn-dcn\/#breadcrumb","itemListElement":[{"@type":"ListItem","position":1,"name":"In\u00edcio","item":"https:\/\/actbr.com.br\/en\/"},{"@type":"ListItem","position":2,"name":"Produtos","item":"https:\/\/actbr.com.br\/produtos-act\/"},{"@type":"ListItem","position":3,"name":"Trocadores de Calor","item":"https:\/\/actbr.com.br\/en\/categoria-produto\/trocadores-de-calor\/"},{"@type":"ListItem","position":4,"name":"Trocador de Calor Ar-\u00d3leo","item":"https:\/\/actbr.com.br\/en\/categoria-produto\/trocadores-de-calor\/ar-oleo\/"},{"@type":"ListItem","position":5,"name":"Trocador de Calor ACN &#8211; DCN"}]},{"@type":"WebSite","@id":"https:\/\/actbr.com.br\/en\/#website","url":"https:\/\/actbr.com.br\/en\/","name":"ACT Sistemas Hidr\u00e1ulicos","description":"Fabrica\u00e7\u00e3o e manuten\u00e7\u00e3o de componentes \u00f3leo hidr\u00e1ulicos","publisher":{"@id":"https:\/\/actbr.com.br\/en\/#organization"},"potentialAction":[{"@type":"SearchAction","target":{"@type":"EntryPoint","urlTemplate":"https:\/\/actbr.com.br\/en\/?s={search_term_string}"},"query-input":{"@type":"PropertyValueSpecification","valueRequired":true,"valueName":"search_term_string"}}],"inLanguage":"en-US"},{"@type":"Organization","@id":"https:\/\/actbr.com.br\/en\/#organization","name":"ACT Sistemas Hidr\u00e1ulicos","url":"https:\/\/actbr.com.br\/en\/","logo":{"@type":"ImageObject","inLanguage":"en-US","@id":"https:\/\/actbr.com.br\/en\/#\/schema\/logo\/image\/","url":"https:\/\/actbr.com.br\/wp-content\/uploads\/2025\/02\/cropped-ACT_NEGATIVO-marca-dagua.png","contentUrl":"https:\/\/actbr.com.br\/wp-content\/uploads\/2025\/02\/cropped-ACT_NEGATIVO-marca-dagua.png","width":240,"height":146,"caption":"ACT Sistemas Hidr\u00e1ulicos"},"image":{"@id":"https:\/\/actbr.com.br\/en\/#\/schema\/logo\/image\/"}}]}},"_links":{"self":[{"href":"https:\/\/actbr.com.br\/en\/wp-json\/wp\/v2\/product\/4119","targetHints":{"allow":["GET"]}}],"collection":[{"href":"https:\/\/actbr.com.br\/en\/wp-json\/wp\/v2\/product"}],"about":[{"href":"https:\/\/actbr.com.br\/en\/wp-json\/wp\/v2\/types\/product"}],"wp:featuredmedia":[{"embeddable":true,"href":"https:\/\/actbr.com.br\/en\/wp-json\/wp\/v2\/media\/7324"}],"wp:attachment":[{"href":"https:\/\/actbr.com.br\/en\/wp-json\/wp\/v2\/media?parent=4119"}],"wp:term":[{"taxonomy":"product_brand","embeddable":true,"href":"https:\/\/actbr.com.br\/en\/wp-json\/wp\/v2\/product_brand?post=4119"},{"taxonomy":"product_cat","embeddable":true,"href":"https:\/\/actbr.com.br\/en\/wp-json\/wp\/v2\/product_cat?post=4119"},{"taxonomy":"product_tag","embeddable":true,"href":"https:\/\/actbr.com.br\/en\/wp-json\/wp\/v2\/product_tag?post=4119"}],"curies":[{"name":"wp","href":"https:\/\/api.w.org\/{rel}","templated":true}]}}