{"id":4121,"date":"2020-09-29T12:49:40","date_gmt":"2020-09-29T15:49:40","guid":{"rendered":"https:\/\/actbr.com.br\/produto\/mini-central-hidraulica-funcao-mesa-elevatoria\/"},"modified":"2023-06-30T10:28:15","modified_gmt":"2023-06-30T13:28:15","slug":"mini-central-mesa-elevatoria","status":"publish","type":"product","link":"https:\/\/actbr.com.br\/en\/produto\/mini-central-mesa-elevatoria\/","title":{"rendered":"Mini Central &#8211; Mesa Elevat\u00f3ria"},"content":{"rendered":"<p><strong>Mini Central Hidr\u00e1ulica (Fun\u00e7\u00e3o Mesa Elevat\u00f3ria)<\/strong><\/p>\n<p>A Mini Central &#8211; Mesa Elevat\u00f3ria \u00e9 uma mini central hidr\u00e1ulica desenvolvida pela ACT para avan\u00e7o uniforme da carga e retorno por gravidade. Nossa v\u00e1lvula reguladora de vaz\u00e3o compensada garante a velocidade de descida fixa (constante) da Mini Central Hidr\u00e1ulica ACT , independentemente da mudan\u00e7a de carga e de temperatura do \u00f3leo.<\/p>\n<p>Nosso projeto \u00e9 ideal para aplica\u00e7\u00f5es intermitentes e que possuem como caracter\u00edstica primordial a precis\u00e3o e durabilidade. Nossa equipe t\u00e9cnica faz a avalia\u00e7\u00e3o espec\u00edfica de cada opera\u00e7\u00e3o, para desenvolver um projeto que se adequa a todas as necessidades do cliente.<\/p>\n<h5><strong>Dados t\u00e9cnicos:<\/strong><\/h5>\n<p>Volume do reservat\u00f3rio: 4, 8, 12 e 20 litros &#8211; Op\u00e7\u00e3o de Reservat\u00f3rio met\u00e1lico e pl\u00e1stico;<br \/>\nFluido: \u00f3leo mineral conforme norma DIN51524 (2\u00ba Parte);<br \/>\nFaixa de viscosidade: 10 at\u00e9 300mm2\/s;<br \/>\nFiltro de ar e preenchimento: 40micra (vaz\u00e3o de at\u00e9 14 litros por minuto);<br \/>\nFiltro de suc\u00e7\u00e3o: 150 micra;<br \/>\nMotor el\u00e9trico FC\/DIN: corrente alternada &#8211; Trif\u00e1sico 220\/380V &#8211; 50\/60Hz (Motores de 1 a 4CV)<br \/>\nPot\u00eancia (CV): De 1 a 4 CV;<br \/>\nGrau de prote\u00e7\u00e3o: IP55 -Padr\u00e3o (Consultar Engenharia para requisitos superiores);<br \/>\nPress\u00e3o m\u00e1xima (bar): At\u00e9 250 bar;<br \/>\nFaixa de temperatura (\u00b0C): de -15 at\u00e9 80\u00baC (para temperaturas superiores, consultar nossa Engenharia);<br \/>\nPeso aproximado: de 10 a 55kg (sem fluido no reservat\u00f3rio).<\/p>\n","protected":false},"excerpt":{"rendered":"<p>A Mini Central &#8211; Mesa Elevat\u00f3ria \u00e9 uma mini central hidr\u00e1ulica desenvolvida pela ACT para avan\u00e7o uniforme da carga e retorno por gravidade.<\/p>\n","protected":false},"featured_media":7659,"template":"","meta":[],"product_brand":[],"product_cat":[104,44],"product_tag":[],"class_list":{"0":"post-4121","1":"product","2":"type-product","3":"status-publish","4":"has-post-thumbnail","6":"product_cat-mini-central","7":"product_cat-unidades-hidraulica","9":"first","10":"instock","11":"featured","12":"virtual","13":"product-type-simple"},"yoast_head":"<!-- This site is optimized with the Yoast SEO plugin v27.5 - https:\/\/yoast.com\/product\/yoast-seo-wordpress\/ -->\n<title>Mini Central - Mesa Elevat\u00f3ria - ACT Sistemas Hidr\u00e1ulicos<\/title>\n<meta name=\"description\" content=\"A Mini Central - Mesa Elevat\u00f3ria \u00e9 uma mini central hidr\u00e1ulica desenvolvida pela ACT para avan\u00e7o uniforme da carga e retorno por gravidade.\" \/>\n<meta name=\"robots\" content=\"index, follow, max-snippet:-1, max-image-preview:large, max-video-preview:-1\" \/>\n<link rel=\"canonical\" href=\"https:\/\/actbr.com.br\/en\/produto\/mini-central-mesa-elevatoria\/\" \/>\n<meta property=\"og:locale\" content=\"en_US\" \/>\n<meta property=\"og:type\" content=\"article\" \/>\n<meta property=\"og:title\" content=\"Mini Central - Mesa Elevat\u00f3ria - ACT Sistemas Hidr\u00e1ulicos\" \/>\n<meta property=\"og:description\" content=\"A Mini Central - Mesa Elevat\u00f3ria \u00e9 uma mini central hidr\u00e1ulica desenvolvida pela ACT para avan\u00e7o uniforme da carga e retorno por gravidade.\" \/>\n<meta property=\"og:url\" content=\"https:\/\/actbr.com.br\/en\/produto\/mini-central-mesa-elevatoria\/\" \/>\n<meta property=\"og:site_name\" content=\"ACT Sistemas Hidr\u00e1ulicos\" \/>\n<meta property=\"article:modified_time\" content=\"2023-06-30T13:28:15+00:00\" \/>\n<meta property=\"og:image\" content=\"https:\/\/actbr.com.br\/wp-content\/uploads\/2020\/09\/Mini-central-Hidraulica-Funcao-Mesa-elevatoria.png\" \/>\n\t<meta property=\"og:image:width\" content=\"600\" \/>\n\t<meta property=\"og:image:height\" content=\"421\" \/>\n\t<meta property=\"og:image:type\" content=\"image\/png\" \/>\n<meta name=\"twitter:card\" content=\"summary_large_image\" \/>\n<meta name=\"twitter:label1\" content=\"Est. reading time\" \/>\n\t<meta name=\"twitter:data1\" content=\"2 minutes\" \/>\n<script type=\"application\/ld+json\" class=\"yoast-schema-graph\">{\"@context\":\"https:\\\/\\\/schema.org\",\"@graph\":[{\"@type\":\"WebPage\",\"@id\":\"https:\\\/\\\/actbr.com.br\\\/en\\\/produto\\\/mini-central-mesa-elevatoria\\\/\",\"url\":\"https:\\\/\\\/actbr.com.br\\\/en\\\/produto\\\/mini-central-mesa-elevatoria\\\/\",\"name\":\"Mini Central - Mesa Elevat\u00f3ria - ACT Sistemas Hidr\u00e1ulicos\",\"isPartOf\":{\"@id\":\"https:\\\/\\\/actbr.com.br\\\/en\\\/#website\"},\"primaryImageOfPage\":{\"@id\":\"https:\\\/\\\/actbr.com.br\\\/en\\\/produto\\\/mini-central-mesa-elevatoria\\\/#primaryimage\"},\"image\":{\"@id\":\"https:\\\/\\\/actbr.com.br\\\/en\\\/produto\\\/mini-central-mesa-elevatoria\\\/#primaryimage\"},\"thumbnailUrl\":\"https:\\\/\\\/actbr.com.br\\\/wp-content\\\/uploads\\\/2020\\\/09\\\/Mini-central-Hidraulica-Funcao-Mesa-elevatoria.png\",\"datePublished\":\"2020-09-29T15:49:40+00:00\",\"dateModified\":\"2023-06-30T13:28:15+00:00\",\"description\":\"A Mini Central - Mesa Elevat\u00f3ria \u00e9 uma mini central hidr\u00e1ulica desenvolvida pela ACT para avan\u00e7o uniforme da carga e retorno por gravidade.\",\"breadcrumb\":{\"@id\":\"https:\\\/\\\/actbr.com.br\\\/en\\\/produto\\\/mini-central-mesa-elevatoria\\\/#breadcrumb\"},\"inLanguage\":\"en-US\",\"potentialAction\":[{\"@type\":\"ReadAction\",\"target\":[\"https:\\\/\\\/actbr.com.br\\\/en\\\/produto\\\/mini-central-mesa-elevatoria\\\/\"]}]},{\"@type\":\"ImageObject\",\"inLanguage\":\"en-US\",\"@id\":\"https:\\\/\\\/actbr.com.br\\\/en\\\/produto\\\/mini-central-mesa-elevatoria\\\/#primaryimage\",\"url\":\"https:\\\/\\\/actbr.com.br\\\/wp-content\\\/uploads\\\/2020\\\/09\\\/Mini-central-Hidraulica-Funcao-Mesa-elevatoria.png\",\"contentUrl\":\"https:\\\/\\\/actbr.com.br\\\/wp-content\\\/uploads\\\/2020\\\/09\\\/Mini-central-Hidraulica-Funcao-Mesa-elevatoria.png\",\"width\":600,\"height\":421,\"caption\":\"Mini central Hidr\u00e1ulica (Fun\u00e7\u00e3o Mesa elevat\u00f3ria)\"},{\"@type\":\"BreadcrumbList\",\"@id\":\"https:\\\/\\\/actbr.com.br\\\/en\\\/produto\\\/mini-central-mesa-elevatoria\\\/#breadcrumb\",\"itemListElement\":[{\"@type\":\"ListItem\",\"position\":1,\"name\":\"In\u00edcio\",\"item\":\"https:\\\/\\\/actbr.com.br\\\/en\\\/\"},{\"@type\":\"ListItem\",\"position\":2,\"name\":\"Produtos\",\"item\":\"https:\\\/\\\/actbr.com.br\\\/produtos-act\\\/\"},{\"@type\":\"ListItem\",\"position\":3,\"name\":\"Unidades hidr\u00e1ulica\",\"item\":\"https:\\\/\\\/actbr.com.br\\\/en\\\/categoria-produto\\\/unidades-hidraulica\\\/\"},{\"@type\":\"ListItem\",\"position\":4,\"name\":\"Mini Central\",\"item\":\"https:\\\/\\\/actbr.com.br\\\/en\\\/categoria-produto\\\/unidades-hidraulica\\\/mini-central\\\/\"},{\"@type\":\"ListItem\",\"position\":5,\"name\":\"Mini Central &#8211; Mesa Elevat\u00f3ria\"}]},{\"@type\":\"WebSite\",\"@id\":\"https:\\\/\\\/actbr.com.br\\\/en\\\/#website\",\"url\":\"https:\\\/\\\/actbr.com.br\\\/en\\\/\",\"name\":\"ACT Sistemas Hidr\u00e1ulicos\",\"description\":\"Fabrica\u00e7\u00e3o e manuten\u00e7\u00e3o de componentes \u00f3leo hidr\u00e1ulicos\",\"publisher\":{\"@id\":\"https:\\\/\\\/actbr.com.br\\\/en\\\/#organization\"},\"potentialAction\":[{\"@type\":\"SearchAction\",\"target\":{\"@type\":\"EntryPoint\",\"urlTemplate\":\"https:\\\/\\\/actbr.com.br\\\/en\\\/?s={search_term_string}\"},\"query-input\":{\"@type\":\"PropertyValueSpecification\",\"valueRequired\":true,\"valueName\":\"search_term_string\"}}],\"inLanguage\":\"en-US\"},{\"@type\":\"Organization\",\"@id\":\"https:\\\/\\\/actbr.com.br\\\/en\\\/#organization\",\"name\":\"ACT Sistemas Hidr\u00e1ulicos\",\"url\":\"https:\\\/\\\/actbr.com.br\\\/en\\\/\",\"logo\":{\"@type\":\"ImageObject\",\"inLanguage\":\"en-US\",\"@id\":\"https:\\\/\\\/actbr.com.br\\\/en\\\/#\\\/schema\\\/logo\\\/image\\\/\",\"url\":\"https:\\\/\\\/actbr.com.br\\\/wp-content\\\/uploads\\\/2025\\\/02\\\/cropped-ACT_NEGATIVO-marca-dagua.png\",\"contentUrl\":\"https:\\\/\\\/actbr.com.br\\\/wp-content\\\/uploads\\\/2025\\\/02\\\/cropped-ACT_NEGATIVO-marca-dagua.png\",\"width\":240,\"height\":146,\"caption\":\"ACT Sistemas Hidr\u00e1ulicos\"},\"image\":{\"@id\":\"https:\\\/\\\/actbr.com.br\\\/en\\\/#\\\/schema\\\/logo\\\/image\\\/\"}}]}<\/script>\n<!-- \/ Yoast SEO plugin. -->","yoast_head_json":{"title":"Mini Central - Mesa Elevat\u00f3ria - ACT Sistemas Hidr\u00e1ulicos","description":"A Mini Central - Mesa Elevat\u00f3ria \u00e9 uma mini central hidr\u00e1ulica desenvolvida pela ACT para avan\u00e7o uniforme da carga e retorno por gravidade.","robots":{"index":"index","follow":"follow","max-snippet":"max-snippet:-1","max-image-preview":"max-image-preview:large","max-video-preview":"max-video-preview:-1"},"canonical":"https:\/\/actbr.com.br\/en\/produto\/mini-central-mesa-elevatoria\/","og_locale":"en_US","og_type":"article","og_title":"Mini Central - Mesa Elevat\u00f3ria - ACT Sistemas Hidr\u00e1ulicos","og_description":"A Mini Central - Mesa Elevat\u00f3ria \u00e9 uma mini central hidr\u00e1ulica desenvolvida pela ACT para avan\u00e7o uniforme da carga e retorno por gravidade.","og_url":"https:\/\/actbr.com.br\/en\/produto\/mini-central-mesa-elevatoria\/","og_site_name":"ACT Sistemas Hidr\u00e1ulicos","article_modified_time":"2023-06-30T13:28:15+00:00","og_image":[{"width":600,"height":421,"url":"https:\/\/actbr.com.br\/wp-content\/uploads\/2020\/09\/Mini-central-Hidraulica-Funcao-Mesa-elevatoria.png","type":"image\/png"}],"twitter_card":"summary_large_image","twitter_misc":{"Est. reading time":"2 minutes"},"schema":{"@context":"https:\/\/schema.org","@graph":[{"@type":"WebPage","@id":"https:\/\/actbr.com.br\/en\/produto\/mini-central-mesa-elevatoria\/","url":"https:\/\/actbr.com.br\/en\/produto\/mini-central-mesa-elevatoria\/","name":"Mini Central - Mesa Elevat\u00f3ria - ACT Sistemas Hidr\u00e1ulicos","isPartOf":{"@id":"https:\/\/actbr.com.br\/en\/#website"},"primaryImageOfPage":{"@id":"https:\/\/actbr.com.br\/en\/produto\/mini-central-mesa-elevatoria\/#primaryimage"},"image":{"@id":"https:\/\/actbr.com.br\/en\/produto\/mini-central-mesa-elevatoria\/#primaryimage"},"thumbnailUrl":"https:\/\/actbr.com.br\/wp-content\/uploads\/2020\/09\/Mini-central-Hidraulica-Funcao-Mesa-elevatoria.png","datePublished":"2020-09-29T15:49:40+00:00","dateModified":"2023-06-30T13:28:15+00:00","description":"A Mini Central - Mesa Elevat\u00f3ria \u00e9 uma mini central hidr\u00e1ulica desenvolvida pela ACT para avan\u00e7o uniforme da carga e retorno por gravidade.","breadcrumb":{"@id":"https:\/\/actbr.com.br\/en\/produto\/mini-central-mesa-elevatoria\/#breadcrumb"},"inLanguage":"en-US","potentialAction":[{"@type":"ReadAction","target":["https:\/\/actbr.com.br\/en\/produto\/mini-central-mesa-elevatoria\/"]}]},{"@type":"ImageObject","inLanguage":"en-US","@id":"https:\/\/actbr.com.br\/en\/produto\/mini-central-mesa-elevatoria\/#primaryimage","url":"https:\/\/actbr.com.br\/wp-content\/uploads\/2020\/09\/Mini-central-Hidraulica-Funcao-Mesa-elevatoria.png","contentUrl":"https:\/\/actbr.com.br\/wp-content\/uploads\/2020\/09\/Mini-central-Hidraulica-Funcao-Mesa-elevatoria.png","width":600,"height":421,"caption":"Mini central Hidr\u00e1ulica (Fun\u00e7\u00e3o Mesa elevat\u00f3ria)"},{"@type":"BreadcrumbList","@id":"https:\/\/actbr.com.br\/en\/produto\/mini-central-mesa-elevatoria\/#breadcrumb","itemListElement":[{"@type":"ListItem","position":1,"name":"In\u00edcio","item":"https:\/\/actbr.com.br\/en\/"},{"@type":"ListItem","position":2,"name":"Produtos","item":"https:\/\/actbr.com.br\/produtos-act\/"},{"@type":"ListItem","position":3,"name":"Unidades hidr\u00e1ulica","item":"https:\/\/actbr.com.br\/en\/categoria-produto\/unidades-hidraulica\/"},{"@type":"ListItem","position":4,"name":"Mini Central","item":"https:\/\/actbr.com.br\/en\/categoria-produto\/unidades-hidraulica\/mini-central\/"},{"@type":"ListItem","position":5,"name":"Mini Central &#8211; Mesa Elevat\u00f3ria"}]},{"@type":"WebSite","@id":"https:\/\/actbr.com.br\/en\/#website","url":"https:\/\/actbr.com.br\/en\/","name":"ACT Sistemas Hidr\u00e1ulicos","description":"Fabrica\u00e7\u00e3o e manuten\u00e7\u00e3o de componentes \u00f3leo hidr\u00e1ulicos","publisher":{"@id":"https:\/\/actbr.com.br\/en\/#organization"},"potentialAction":[{"@type":"SearchAction","target":{"@type":"EntryPoint","urlTemplate":"https:\/\/actbr.com.br\/en\/?s={search_term_string}"},"query-input":{"@type":"PropertyValueSpecification","valueRequired":true,"valueName":"search_term_string"}}],"inLanguage":"en-US"},{"@type":"Organization","@id":"https:\/\/actbr.com.br\/en\/#organization","name":"ACT Sistemas Hidr\u00e1ulicos","url":"https:\/\/actbr.com.br\/en\/","logo":{"@type":"ImageObject","inLanguage":"en-US","@id":"https:\/\/actbr.com.br\/en\/#\/schema\/logo\/image\/","url":"https:\/\/actbr.com.br\/wp-content\/uploads\/2025\/02\/cropped-ACT_NEGATIVO-marca-dagua.png","contentUrl":"https:\/\/actbr.com.br\/wp-content\/uploads\/2025\/02\/cropped-ACT_NEGATIVO-marca-dagua.png","width":240,"height":146,"caption":"ACT Sistemas Hidr\u00e1ulicos"},"image":{"@id":"https:\/\/actbr.com.br\/en\/#\/schema\/logo\/image\/"}}]}},"_links":{"self":[{"href":"https:\/\/actbr.com.br\/en\/wp-json\/wp\/v2\/product\/4121","targetHints":{"allow":["GET"]}}],"collection":[{"href":"https:\/\/actbr.com.br\/en\/wp-json\/wp\/v2\/product"}],"about":[{"href":"https:\/\/actbr.com.br\/en\/wp-json\/wp\/v2\/types\/product"}],"wp:featuredmedia":[{"embeddable":true,"href":"https:\/\/actbr.com.br\/en\/wp-json\/wp\/v2\/media\/7659"}],"wp:attachment":[{"href":"https:\/\/actbr.com.br\/en\/wp-json\/wp\/v2\/media?parent=4121"}],"wp:term":[{"taxonomy":"product_brand","embeddable":true,"href":"https:\/\/actbr.com.br\/en\/wp-json\/wp\/v2\/product_brand?post=4121"},{"taxonomy":"product_cat","embeddable":true,"href":"https:\/\/actbr.com.br\/en\/wp-json\/wp\/v2\/product_cat?post=4121"},{"taxonomy":"product_tag","embeddable":true,"href":"https:\/\/actbr.com.br\/en\/wp-json\/wp\/v2\/product_tag?post=4121"}],"curies":[{"name":"wp","href":"https:\/\/api.w.org\/{rel}","templated":true}]}}