{"id":4143,"date":"2020-09-29T12:49:40","date_gmt":"2020-09-29T15:49:40","guid":{"rendered":"https:\/\/actbr.com.br\/produto\/valvula-direcional-eletrica-cartucho-lsv2-08-3a\/"},"modified":"2023-06-28T17:59:28","modified_gmt":"2023-06-28T20:59:28","slug":"lsv2-08-3a","status":"publish","type":"product","link":"https:\/\/actbr.com.br\/en\/produto\/lsv2-08-3a\/","title":{"rendered":"LSV2-08-3A"},"content":{"rendered":"<p><strong>V\u00e1lvula Direcional El\u00e9trica Cartucho LSV2-08-3A<\/strong><\/p>\n<p>A V\u00e1lvula Direcional El\u00e9trica Cartucho LSV2-08-3A tem a finalidade de conduzir o fluido conforme acionamento das solenoides.<\/p>\n<p>Em sua posi\u00e7\u00e3o de descanso (com a bobina desenergizada), 3 e 2 est\u00e3o ligados, mas n\u00e3o est\u00e3o ligados a 1; quando a energia est\u00e1 ligada, 1 e 2 est\u00e3o ligados, mas n\u00e3o est\u00e3o ligados a 3.<\/p>\n<p><img decoding=\"async\" src=\"data:image\/png;base64,iVBORw0KGgoAAAANSUhEUgAAAN8AAABzCAYAAAAYJ9e5AAAAAXNSR0IArs4c6QAAAARnQU1BAACxjwv8YQUAAAAJcEhZcwAADsMAAA7DAcdvqGQAAA3rSURBVHhe7ZzLrxzFFYfznwQ\/eQRIFGIuOI4tdpBccB7IIBERE5EFWZCH5AVmQRArso\/BWRHZa5OlJS+8847Ia+suLe\/spbeTfJM+18d1q6qr2memqmfOJ5Vmbk3Nqcevf1XVPd33ewvHcZrg5nOcRrj5HKcRbj7HaYSbz3Ea4eZznEa4+RynEW4+x2mEm89xGuHmc5xGuPkcpxFuPsdphJvPcRrh5nOcRrj5HKcRbj7HaYSbz3Ea4eZzivn3t98ujnz\/qf3E3\/DamTPLV7h79+7i04sXl6\/vnjs35P7\/u5J0jKtXrgwltg83n1OMmAcwF+a5f\/\/+8lW4c+fO0ny8kk85wIjagMB3Ma6U2TbcfE4x2jigTSaE5vvq0lf770PzgZTdRtx8TjHaOBiGVSu38vE5CQPGzKdjbCNuPqcYTIOJJN26dWuZnzIfr3\/86KPl53\/\/8st948VibCNuPqcYvWppcua7cePGgfO9WIxtxM3nFJMyDuZ7+PDh8n1oPmBbqY0Xi7GNuPmcYlLGwWTykwGvbDG1+UAbLxZjG3HzOcWwhbx9+\/bw1yNY2dhasgLyyt8kLrQIfI\/vp2JsI24+x2mEm89xGmFmPrl03GuKESsnKSRWZh3pSYnF7CnFiJWTFBIrs45kgan5WtGy7lVi0S\/XxR6rfrn5OsaiX66LPVb92mjzcfcEl7255E3i\/ZzuqLAY0znoIvd\/zgWrMd1I8\/GDL7c1cdmbS9sIS0J08vhMfhTuGYsx7UkXnl5g7DHc9evX9396uHbt2lIXDLktusDGmU+MJ78xyU29JDEdeXMwoMWY9qQLN1HzAzsm5L2sfLzf29vbXw17x2pMN858iCsCMqtqk4npgDK932lhMaa96MLYYy7gLhi9\/Ucn9EAnVsDeTw2sxnTjzId4qTso5AFQYBtK2Z6xGNNedMk9OiTmA4zX++pnNaYbZ76wHRhR7ifEbPrfFrRscwkW7etBFya9cKJDB0xGwpjyNDsG3QZdYKPNh\/H4G6ExHzOspmWbS7BoX8s+St3hTdbowfZfLoSFK+I26AIbZz69vcFweqXTbMsM24MunMvpdmBETBeDfDkv7xWrMd0483FiLxdSZLsZg3y5ANArFmPaiy4YSi6kYD52IbLykWTbiX6pCbMXrMZ048wnF1V4RWDe64TwfKbPM3qF9j4pFjGmouvmFEDGnIkPHXQiD3PmLsz0gtWYbpz5QEQMz\/GAPD7r\/XI2WIxpT7qwosXGnm0p5qP8HJ71sxrTjTQfsJVhRkVsmV15Lyf6c8BiTHvTBXNx5VPrQjlee9+JCFZjurHmE9jCyHlF79uZEIsx7VUXjLbNusDGm2\/OWPTLdbHHql9uvo6x6JfrYo9Vv9x8HWPRL9fFHqt+ufk6xqJfros9Vv1y83WMRb9cF3us+tW1+Yg5l7QKLOJat033eQ5pFVjF7d58Y\/zmV79elvvXN98MOXlK2\/nW7pvFcVfRd7CIa9220ng7J05U1V1a9rXTp5dl\/\/Pdd0NOGuu+C1ZxZ22+e\/fuLcuQrM337jvvLMs+e\/z4kJOmNGYtFnGt21YSD2NQrqbu0rJvvP76suzJnVeGnDQ19ddgFdfMfKtgrJOy6h196tDKzEcai10acxMo6esrL+\/sj10ppWXf2t3djz22+tXU34LZmk\/PrscOHV6p+Y4fOTrkximNuQmM9RUdZNxqxqW0rDbfj154cciNU1N\/C2ZrPrYdIsKxw0dWaj7SxU8+GT45SGnMTWCsr889\/cxj41ZKaVltPlJO95r6W9DMfOHd6\/wt\/+gIxh521QKQVm2+3Cw7FpO+zOWm4TFd6GvuXkw9ZmPjoiktG5qPU48UYzHpR8v7SpuZj7va9QHJne76ESAeqhwbvN+f\/2Bx5tTPlrNtydUvGIspsNL98PkXFq\/u7Cwu\/ePSkBtHDoSa1Cu0LTSbNiR\/5x7H4iLYL8+eXe5Mnjv+9JA7TumY\/PXPf1nqQrp65eqQG4eYtWmdmJmvtuGYS8wmqxyPlQiYcSwmZWofD6ptJ8+ZjT1ZnYtJ+5howgO6hNq2xqiNwSNXYjbazvfRSuDvsdWC\/tauKLXt1MdPilxMJpDwnzqVtqG2rSmamY\/Oy79x4L081wUIh4C5mGLYWmq\/wwE49j9FcjHpFwbWlLZhSv9CamPoyYZX2i8HqZgxB7uZ8KAuobad+vhJkYtJG8MVvLQNtW1N0cx8YjBgEJnF5EFXGdhcTDFsLVMGju\/olSskFTO26kFpG6a0NaQ2hp5sZBWUlQwzjsVDR71SllLbTn38pEjF5NiJTRClbahta4pm5gMGQA5QEZckZszFROBwRSlhSjsxeXghQpOKGVv1oLQNU9oaMiUG32EF45WJAz04YDHjWDwpW8uUdnL85C5kpWLGVj0obcOUtsZoaj4MhFgyC3GAIzBmFPFTiHFrmdLOsfO+WMzUqgelbZjS1pApMZg0JAETIe+JNRZPJtJaprRz7LwvFjO16kFpG6a0NUZT82E2vifbFA5U\/pbBScVE3KkDMOV7eisWIxYztepBaRum9lEzJYbsOqT9MhGKAVNMPd+DKe3ESEzeKWIxaV9qZS5tw5S2xjAz3xTEbHowEFjMGHaSy9i7P\/\/F4oPz5xd\/+PDDIbeOqQPH9373\/vvLS90hYUwOwtSqB1PbsC7EbLwKHLSYMdZ2fuZBl9++997\/9Pt0yK1jypgwCb\/80k+Wv\/VduHBhyH1EGDO36sG6dWlqPmCW1Qcpq4yIHg5GeOsS93TWUjvA\/7x8+bE6nzl6bPjkEfrz0tQ74arNLiW142ihy98+++yxOvmtN0R\/XprWSXPz5QgHA5G5lUwG6tljB584kM\/CJMj78HOdNPoeUlLKfNtCrK+hLtxYHSKfhUmQ9+HnOmlCXVLm65n5me\/Q4f0B5+8cscEvzdPI0xMkN9\/Bvoa65O42So1VLD9VVtBPT7j5jAkHT4scG+yQ2OCX5mn0c4NuvoN9RZejgy4\/ffXkkBsnNVax\/LFx1avfVptvFR0NYyKyDHZudhVibSrNCzn39tvLcus0n0Vc67bF4tXokmpPLD9VVoPZKbdO81nFnaX5Tvz4pSEnT6xNpXkhsvq5+Q7GE13O7r455KRJtSeWX9J2Wf3cfMYQcy5pFVjEtW6b7vMc0iqwitu1+WKsq54UJdtdKyz66rrYY9VXN1\/HWPTVdbHHqq9uvo6x6KvrYo9VX918HWPRV9fFHqu+uvk6xqKvros9Vn1183WMRV9dF3us+trcfNxIzVMMPM1AGnsYs7SeMC7P45E3JyxE7k0XYoS6THn+ryUWukBT8yECj96IMUiIgyg8+qEfaRHG6uEJCfk+d+ZLXOqgLg6i1KM+vWEhcm0MPX48cSLjx3vyeK4xNn5j9aAl39VxeVJCdOF1LljoAs3Mh\/FESDGczISAQLGnonP1EIuYxJYDBAOKicnDfNQzByxEro0h47e3t7evCUlWPa2bZkwXtOS7IEYUbXmVeueAhS7QxHzMesyAiMLshzC8kq9FwIihILl6MJo2Ft+nPHEF6qTu3BaqFyxEronBmDD+IGaRFUo0AsY4fN4vVw9x9BPnfD+mC3XovF6x0AWamA8hWNmAWU+vbryXWPJez7K5ejCVFk9m2FBQfZD1jIXINTEYEzFYOGZMZGI4xpWx1uTq4TOtMWDAsA7iz2H1s9AFmpgvZggg708ff\/zY6hWWHRM5JCYyZrYawFVi0caaGLGymPHy118vTp86tb99h7Bsqh7GPjbRxXRJle0NC12gifnYXoQzIX8jyIs\/eH5x8+bNIfegSKl69IqpiYkMVgO4SizaWBMjVhbzffH554tTJ08eMJ\/WMFUPY48GITFdiMex0TsWukAT8zHwsr0JQWAtAO9zM66Gz\/QWFbZd5JoY4Vhr9LYztnNI1RPqKcR04ZiIGbU3LHSBJuZDRDkB5\/xLrnACf4tYiFFzboFw4YWUmMjbdG5RE4MxEYOhgYwlZmM7KOfpWj8hV094Lg4xXXT9PWOhCzQxH2KKuCIsCUFk9iU\/dlUyVw9iyveBsjoBn\/E+NcP3hLT5SaiJIVt3xobEWPI3SSYryQ+Nk6sHDdESTUFi6u9QhrhSpmdyfa2hiflARGSme\/DgwVJMEgcAr4gVW53G6mEVjR0cIAKHhu4VC5FrY8gYySqnyY3fWD1oyQQb04W6+H7qVKQ3LHSBZuYDDCirHa8kTBdb8YSSemS7SgrjzkVgsBB5SgwMglG0LrzPjV9JPUy0xJFdjsTllWNhLljoAk3NJ8hqRxoToaYe4nGwlMTtEQuRXRd7LHSBLsxXw7rq6QGLvrou9lj11c3XMRZ9dV3sseqrqfl6TjFi5SSFxMqsIz0psZg9pRixcpJCYmXWkSwwM5\/jOHW4+RynEU3NJ5ebSXLHBFfB9M8MvCePy9RcHROkfBhjDj\/SOg40NR97Z7mUzW8\/cv+gvsVI\/sZc8qM7ZpR9t45BGX2rmuP0THPzCWKenPn4QZaVDRNq8wkSw3HmQDfmY8Vi25gzH+XlFqeY+SgX3vDrOL3S3HyYSlY17qjImY8VT25P0ubTMeZ4x4SznXRzzofxIGc+OdeTG3EhFsNx5kA3204hZz4MhgE579Pmc5w50p35OKfj7nkMRuI9eWI+wc3nzJ2m5uMcLQYXTTAVSS6g8KrP5+S7mNNx5khT8znONuPmc5xGuPkcpxFuPsdphJvPcRrh5nOcRrj5HKcRbj7HaYSbz3Ea4eZznEa4+RynCYvFfwGjnTB5RtlfuQAAAABJRU5ErkJggg==\" data-filename=\"LSV2-08-3A.png\" \/><\/p>\n<p><strong>Especifica\u00e7\u00f5es t\u00e9cnicas:<\/strong><br \/>\nPress\u00e3o de opera\u00e7\u00e3o: 2 a 275 \/ 2 a 207 bar;<br \/>\nTemperatura: de &#8211; 35\u00baC a + 120\u00baC;<br \/>\nConsumo da bobina: 85 a 100% da tens\u00e3o nominal;<br \/>\nFlu\u00eddos: Flu\u00eddos a base se \u00f3leo mineral (para outras aplica\u00e7\u00f5es, consultar nossa equipe t\u00e9cnica);<br \/>\nGrau de filtragem recomendada: ISO16\/12;<br \/>\nMaterial do corpo: A\u00e7o;<br \/>\nTratamento do corpo: Anodizado 6061T6;<br \/>\nCavidade: LB-08-3 (Cavidade 8);<br \/>\nVaz\u00e3o M\u00e1xima: 11,4 litros por minuto;<br \/>\nBobina: LC2-08-XX (Tens\u00e3o a ser selecionada pelo usu\u00e1rio).<\/p>\n<p><strong>Caracter\u00edsticas:<\/strong><br \/>\nSolenoide desenvolvida para servi\u00e7o cont\u00ednuo;<br \/>\nCorpo da v\u00e1lvula leve e resistente;<br \/>\nTens\u00f5es e conectores com configura\u00e7\u00f5es opcionais;<br \/>\nCavidade padr\u00e3o (intercambi\u00e1vel com diversos fabricantes);<br \/>\nTamanho reduzido.<\/p>\n","protected":false},"excerpt":{"rendered":"<p>A V\u00e1lvula Direcional El\u00e9trica Cartucho LSV2-08-3A tem a finalidade de conduzir o fluido conforme acionamento das solenoides.<\/p>\n","protected":false},"featured_media":7694,"template":"","meta":[],"product_brand":[],"product_cat":[127,32],"product_tag":[],"class_list":{"0":"post-4143","1":"product","2":"type-product","3":"status-publish","4":"has-post-thumbnail","6":"product_cat-direcional-eletrica-3-2","7":"product_cat-valvulas-insertaveis","9":"first","10":"instock","11":"virtual","12":"product-type-simple"},"yoast_head":"<!-- This site is optimized with the Yoast SEO plugin v27.5 - https:\/\/yoast.com\/product\/yoast-seo-wordpress\/ -->\n<title>LSV2-08-3A - ACT Sistemas Hidr\u00e1ulicos<\/title>\n<meta name=\"description\" content=\"A V\u00e1lvula Direcional El\u00e9trica Cartucho LSV2-08-3A tem a finalidade de conduzir o fluido conforme acionamento das solenoides.\" \/>\n<meta name=\"robots\" content=\"index, follow, max-snippet:-1, max-image-preview:large, max-video-preview:-1\" \/>\n<link rel=\"canonical\" href=\"https:\/\/actbr.com.br\/en\/produto\/lsv2-08-3a\/\" \/>\n<meta property=\"og:locale\" content=\"en_US\" \/>\n<meta property=\"og:type\" content=\"article\" \/>\n<meta property=\"og:title\" content=\"LSV2-08-3A - ACT Sistemas Hidr\u00e1ulicos\" \/>\n<meta property=\"og:description\" content=\"A V\u00e1lvula Direcional El\u00e9trica Cartucho LSV2-08-3A tem a finalidade de conduzir o fluido conforme acionamento das solenoides.\" \/>\n<meta property=\"og:url\" content=\"https:\/\/actbr.com.br\/en\/produto\/lsv2-08-3a\/\" \/>\n<meta property=\"og:site_name\" content=\"ACT Sistemas Hidr\u00e1ulicos\" \/>\n<meta property=\"article:modified_time\" content=\"2023-06-28T20:59:28+00:00\" \/>\n<meta property=\"og:image\" content=\"https:\/\/actbr.com.br\/wp-content\/uploads\/2020\/09\/LSV2-08-3A.jpg\" \/>\n\t<meta property=\"og:image:width\" content=\"600\" \/>\n\t<meta property=\"og:image:height\" content=\"600\" \/>\n\t<meta property=\"og:image:type\" content=\"image\/jpeg\" \/>\n<meta name=\"twitter:card\" content=\"summary_large_image\" \/>\n<meta name=\"twitter:label1\" content=\"Est. reading time\" \/>\n\t<meta name=\"twitter:data1\" content=\"2 minutes\" \/>\n<script type=\"application\/ld+json\" class=\"yoast-schema-graph\">{\"@context\":\"https:\\\/\\\/schema.org\",\"@graph\":[{\"@type\":\"WebPage\",\"@id\":\"https:\\\/\\\/actbr.com.br\\\/en\\\/produto\\\/lsv2-08-3a\\\/\",\"url\":\"https:\\\/\\\/actbr.com.br\\\/en\\\/produto\\\/lsv2-08-3a\\\/\",\"name\":\"LSV2-08-3A - ACT Sistemas Hidr\u00e1ulicos\",\"isPartOf\":{\"@id\":\"https:\\\/\\\/actbr.com.br\\\/en\\\/#website\"},\"primaryImageOfPage\":{\"@id\":\"https:\\\/\\\/actbr.com.br\\\/en\\\/produto\\\/lsv2-08-3a\\\/#primaryimage\"},\"image\":{\"@id\":\"https:\\\/\\\/actbr.com.br\\\/en\\\/produto\\\/lsv2-08-3a\\\/#primaryimage\"},\"thumbnailUrl\":\"https:\\\/\\\/actbr.com.br\\\/wp-content\\\/uploads\\\/2020\\\/09\\\/LSV2-08-3A.jpg\",\"datePublished\":\"2020-09-29T15:49:40+00:00\",\"dateModified\":\"2023-06-28T20:59:28+00:00\",\"description\":\"A V\u00e1lvula Direcional El\u00e9trica Cartucho LSV2-08-3A tem a finalidade de conduzir o fluido conforme acionamento das solenoides.\",\"breadcrumb\":{\"@id\":\"https:\\\/\\\/actbr.com.br\\\/en\\\/produto\\\/lsv2-08-3a\\\/#breadcrumb\"},\"inLanguage\":\"en-US\",\"potentialAction\":[{\"@type\":\"ReadAction\",\"target\":[\"https:\\\/\\\/actbr.com.br\\\/en\\\/produto\\\/lsv2-08-3a\\\/\"]}]},{\"@type\":\"ImageObject\",\"inLanguage\":\"en-US\",\"@id\":\"https:\\\/\\\/actbr.com.br\\\/en\\\/produto\\\/lsv2-08-3a\\\/#primaryimage\",\"url\":\"https:\\\/\\\/actbr.com.br\\\/wp-content\\\/uploads\\\/2020\\\/09\\\/LSV2-08-3A.jpg\",\"contentUrl\":\"https:\\\/\\\/actbr.com.br\\\/wp-content\\\/uploads\\\/2020\\\/09\\\/LSV2-08-3A.jpg\",\"width\":600,\"height\":600,\"caption\":\"V\u00e1lvula Direcional El\u00e9trica Cartucho LSV2-08-3A\"},{\"@type\":\"BreadcrumbList\",\"@id\":\"https:\\\/\\\/actbr.com.br\\\/en\\\/produto\\\/lsv2-08-3a\\\/#breadcrumb\",\"itemListElement\":[{\"@type\":\"ListItem\",\"position\":1,\"name\":\"In\u00edcio\",\"item\":\"https:\\\/\\\/actbr.com.br\\\/en\\\/\"},{\"@type\":\"ListItem\",\"position\":2,\"name\":\"Produtos\",\"item\":\"https:\\\/\\\/actbr.com.br\\\/produtos-act\\\/\"},{\"@type\":\"ListItem\",\"position\":3,\"name\":\"V\u00e1lvulas Insert\u00e1veis\",\"item\":\"https:\\\/\\\/actbr.com.br\\\/en\\\/categoria-produto\\\/valvulas-insertaveis\\\/\"},{\"@type\":\"ListItem\",\"position\":4,\"name\":\"Direcional El\u00e9trica - 3\\\/2\",\"item\":\"https:\\\/\\\/actbr.com.br\\\/en\\\/categoria-produto\\\/valvulas-insertaveis\\\/direcional-eletrica-3-2\\\/\"},{\"@type\":\"ListItem\",\"position\":5,\"name\":\"LSV2-08-3A\"}]},{\"@type\":\"WebSite\",\"@id\":\"https:\\\/\\\/actbr.com.br\\\/en\\\/#website\",\"url\":\"https:\\\/\\\/actbr.com.br\\\/en\\\/\",\"name\":\"ACT Sistemas Hidr\u00e1ulicos\",\"description\":\"Fabrica\u00e7\u00e3o e manuten\u00e7\u00e3o de componentes \u00f3leo hidr\u00e1ulicos\",\"publisher\":{\"@id\":\"https:\\\/\\\/actbr.com.br\\\/en\\\/#organization\"},\"potentialAction\":[{\"@type\":\"SearchAction\",\"target\":{\"@type\":\"EntryPoint\",\"urlTemplate\":\"https:\\\/\\\/actbr.com.br\\\/en\\\/?s={search_term_string}\"},\"query-input\":{\"@type\":\"PropertyValueSpecification\",\"valueRequired\":true,\"valueName\":\"search_term_string\"}}],\"inLanguage\":\"en-US\"},{\"@type\":\"Organization\",\"@id\":\"https:\\\/\\\/actbr.com.br\\\/en\\\/#organization\",\"name\":\"ACT Sistemas Hidr\u00e1ulicos\",\"url\":\"https:\\\/\\\/actbr.com.br\\\/en\\\/\",\"logo\":{\"@type\":\"ImageObject\",\"inLanguage\":\"en-US\",\"@id\":\"https:\\\/\\\/actbr.com.br\\\/en\\\/#\\\/schema\\\/logo\\\/image\\\/\",\"url\":\"https:\\\/\\\/actbr.com.br\\\/wp-content\\\/uploads\\\/2025\\\/02\\\/cropped-ACT_NEGATIVO-marca-dagua.png\",\"contentUrl\":\"https:\\\/\\\/actbr.com.br\\\/wp-content\\\/uploads\\\/2025\\\/02\\\/cropped-ACT_NEGATIVO-marca-dagua.png\",\"width\":240,\"height\":146,\"caption\":\"ACT Sistemas Hidr\u00e1ulicos\"},\"image\":{\"@id\":\"https:\\\/\\\/actbr.com.br\\\/en\\\/#\\\/schema\\\/logo\\\/image\\\/\"}}]}<\/script>\n<!-- \/ Yoast SEO plugin. -->","yoast_head_json":{"title":"LSV2-08-3A - ACT Sistemas Hidr\u00e1ulicos","description":"A V\u00e1lvula Direcional El\u00e9trica Cartucho LSV2-08-3A tem a finalidade de conduzir o fluido conforme acionamento das solenoides.","robots":{"index":"index","follow":"follow","max-snippet":"max-snippet:-1","max-image-preview":"max-image-preview:large","max-video-preview":"max-video-preview:-1"},"canonical":"https:\/\/actbr.com.br\/en\/produto\/lsv2-08-3a\/","og_locale":"en_US","og_type":"article","og_title":"LSV2-08-3A - ACT Sistemas Hidr\u00e1ulicos","og_description":"A V\u00e1lvula Direcional El\u00e9trica Cartucho LSV2-08-3A tem a finalidade de conduzir o fluido conforme acionamento das solenoides.","og_url":"https:\/\/actbr.com.br\/en\/produto\/lsv2-08-3a\/","og_site_name":"ACT Sistemas Hidr\u00e1ulicos","article_modified_time":"2023-06-28T20:59:28+00:00","og_image":[{"width":600,"height":600,"url":"https:\/\/actbr.com.br\/wp-content\/uploads\/2020\/09\/LSV2-08-3A.jpg","type":"image\/jpeg"}],"twitter_card":"summary_large_image","twitter_misc":{"Est. reading time":"2 minutes"},"schema":{"@context":"https:\/\/schema.org","@graph":[{"@type":"WebPage","@id":"https:\/\/actbr.com.br\/en\/produto\/lsv2-08-3a\/","url":"https:\/\/actbr.com.br\/en\/produto\/lsv2-08-3a\/","name":"LSV2-08-3A - ACT Sistemas Hidr\u00e1ulicos","isPartOf":{"@id":"https:\/\/actbr.com.br\/en\/#website"},"primaryImageOfPage":{"@id":"https:\/\/actbr.com.br\/en\/produto\/lsv2-08-3a\/#primaryimage"},"image":{"@id":"https:\/\/actbr.com.br\/en\/produto\/lsv2-08-3a\/#primaryimage"},"thumbnailUrl":"https:\/\/actbr.com.br\/wp-content\/uploads\/2020\/09\/LSV2-08-3A.jpg","datePublished":"2020-09-29T15:49:40+00:00","dateModified":"2023-06-28T20:59:28+00:00","description":"A V\u00e1lvula Direcional El\u00e9trica Cartucho LSV2-08-3A tem a finalidade de conduzir o fluido conforme acionamento das solenoides.","breadcrumb":{"@id":"https:\/\/actbr.com.br\/en\/produto\/lsv2-08-3a\/#breadcrumb"},"inLanguage":"en-US","potentialAction":[{"@type":"ReadAction","target":["https:\/\/actbr.com.br\/en\/produto\/lsv2-08-3a\/"]}]},{"@type":"ImageObject","inLanguage":"en-US","@id":"https:\/\/actbr.com.br\/en\/produto\/lsv2-08-3a\/#primaryimage","url":"https:\/\/actbr.com.br\/wp-content\/uploads\/2020\/09\/LSV2-08-3A.jpg","contentUrl":"https:\/\/actbr.com.br\/wp-content\/uploads\/2020\/09\/LSV2-08-3A.jpg","width":600,"height":600,"caption":"V\u00e1lvula Direcional El\u00e9trica Cartucho LSV2-08-3A"},{"@type":"BreadcrumbList","@id":"https:\/\/actbr.com.br\/en\/produto\/lsv2-08-3a\/#breadcrumb","itemListElement":[{"@type":"ListItem","position":1,"name":"In\u00edcio","item":"https:\/\/actbr.com.br\/en\/"},{"@type":"ListItem","position":2,"name":"Produtos","item":"https:\/\/actbr.com.br\/produtos-act\/"},{"@type":"ListItem","position":3,"name":"V\u00e1lvulas Insert\u00e1veis","item":"https:\/\/actbr.com.br\/en\/categoria-produto\/valvulas-insertaveis\/"},{"@type":"ListItem","position":4,"name":"Direcional El\u00e9trica - 3\/2","item":"https:\/\/actbr.com.br\/en\/categoria-produto\/valvulas-insertaveis\/direcional-eletrica-3-2\/"},{"@type":"ListItem","position":5,"name":"LSV2-08-3A"}]},{"@type":"WebSite","@id":"https:\/\/actbr.com.br\/en\/#website","url":"https:\/\/actbr.com.br\/en\/","name":"ACT Sistemas Hidr\u00e1ulicos","description":"Fabrica\u00e7\u00e3o e manuten\u00e7\u00e3o de componentes \u00f3leo hidr\u00e1ulicos","publisher":{"@id":"https:\/\/actbr.com.br\/en\/#organization"},"potentialAction":[{"@type":"SearchAction","target":{"@type":"EntryPoint","urlTemplate":"https:\/\/actbr.com.br\/en\/?s={search_term_string}"},"query-input":{"@type":"PropertyValueSpecification","valueRequired":true,"valueName":"search_term_string"}}],"inLanguage":"en-US"},{"@type":"Organization","@id":"https:\/\/actbr.com.br\/en\/#organization","name":"ACT Sistemas Hidr\u00e1ulicos","url":"https:\/\/actbr.com.br\/en\/","logo":{"@type":"ImageObject","inLanguage":"en-US","@id":"https:\/\/actbr.com.br\/en\/#\/schema\/logo\/image\/","url":"https:\/\/actbr.com.br\/wp-content\/uploads\/2025\/02\/cropped-ACT_NEGATIVO-marca-dagua.png","contentUrl":"https:\/\/actbr.com.br\/wp-content\/uploads\/2025\/02\/cropped-ACT_NEGATIVO-marca-dagua.png","width":240,"height":146,"caption":"ACT Sistemas Hidr\u00e1ulicos"},"image":{"@id":"https:\/\/actbr.com.br\/en\/#\/schema\/logo\/image\/"}}]}},"_links":{"self":[{"href":"https:\/\/actbr.com.br\/en\/wp-json\/wp\/v2\/product\/4143","targetHints":{"allow":["GET"]}}],"collection":[{"href":"https:\/\/actbr.com.br\/en\/wp-json\/wp\/v2\/product"}],"about":[{"href":"https:\/\/actbr.com.br\/en\/wp-json\/wp\/v2\/types\/product"}],"wp:featuredmedia":[{"embeddable":true,"href":"https:\/\/actbr.com.br\/en\/wp-json\/wp\/v2\/media\/7694"}],"wp:attachment":[{"href":"https:\/\/actbr.com.br\/en\/wp-json\/wp\/v2\/media?parent=4143"}],"wp:term":[{"taxonomy":"product_brand","embeddable":true,"href":"https:\/\/actbr.com.br\/en\/wp-json\/wp\/v2\/product_brand?post=4143"},{"taxonomy":"product_cat","embeddable":true,"href":"https:\/\/actbr.com.br\/en\/wp-json\/wp\/v2\/product_cat?post=4143"},{"taxonomy":"product_tag","embeddable":true,"href":"https:\/\/actbr.com.br\/en\/wp-json\/wp\/v2\/product_tag?post=4143"}],"curies":[{"name":"wp","href":"https:\/\/api.w.org\/{rel}","templated":true}]}}