{"id":4145,"date":"2020-09-29T12:49:40","date_gmt":"2020-09-29T15:49:40","guid":{"rendered":"https:\/\/actbr.com.br\/produto\/valvula-direcional-eletrica-cartucho-lsv2-08-3c\/"},"modified":"2023-06-28T17:59:37","modified_gmt":"2023-06-28T20:59:37","slug":"lsv2-08-3c","status":"publish","type":"product","link":"https:\/\/actbr.com.br\/en\/produto\/lsv2-08-3c\/","title":{"rendered":"LSV2-08-3C"},"content":{"rendered":"<p><strong>V\u00e1lvula Direcional El\u00e9trica Cartucho LSV2-08-3C<\/strong><\/p>\n<p>A V\u00e1lvula Direcional El\u00e9trica Cartucho LSV2-08-3C tem a finalidade de conduzir o fluido conforme acionamento das solenoides.<\/p>\n<p>Em sua posi\u00e7\u00e3o de descanso (com a bobina desenergizada), 3 e 1 est\u00e3o ligados, mas n\u00e3o est\u00e3o ligados a 2; quando a energia est\u00e1 ligada, 2 e 1 est\u00e3o ligados, mas n\u00e3o est\u00e3o ligados a 3.<\/p>\n<p><img decoding=\"async\" src=\"data:image\/png;base64,iVBORw0KGgoAAAANSUhEUgAAAIcAAAB4CAYAAADYI+HGAAAAAXNSR0IArs4c6QAAAARnQU1BAACxjwv8YQUAAAAJcEhZcwAADsMAAA7DAcdvqGQAAAgGSURBVHhe7Zy7rxZFGIf9T+QuIogXJF4KIjFBrFQi+gdggSUmmGCNCfRIgglisKLBSgp6Kgpqgh2hg5J2zbNn33PmDPPuzt7OXvg9yYTzzc7O7Lfz7DuzO\/vxRiGEg+QQLpJDuEgO4SI5hIvkEC6SQ7hIDuEiOYSL5BAukkO4SA7hIjmEi+QQLpJDuEgO4SI5hIvkEC6SQ7hIDuEiOYSL5BAukkO4jCbH3jd3zSbVkSofpzpS5adIYzCqHDvNFG3OAcmRQU6bz58\/Lx4\/fryZ+Lx0JEcGdW0+evSo+On8+eLzEyeKXy9d2kz2GVGWiuTIwGvz+u\/XSwkePHhQ5Wzx8uXLMp\/tf9++XeUuC8mRQapNxCBiIAEwjPxz926ZQlnIp9wSBZEcGcRtMlQQEUwMPlMGAZDjh7NnyyHFQBDKL22IkRwZxG1evXJlW3Tg8\/3796tPG0MKMjx9+rTKKUppiDZLQnJkELfJZ4sawKQ0\/AxEjzBSWPRYEpIjg7BNOpw5RB1EiVSZWKq5IzkyiOUI5xMxDCWUD4cUIx5q5o7kyCBss254oOPZlrq1hSmOvQ+SI4O4zVQEaBKDeQnzkCUhOTKI2+SuI7zzaBIDGIqYiywJyZFB3KYNLXaXwt8kBAiT3d4iDduXNBkFyZFBqk3EsGjBJDWVkAFBKLekiaghOTLw2kQAixhIYpGByMJn8plnLFEMkBwZ1LVp0QERKGcpFmaJjHWuXxs51ozkyEByDIvkWAGSIwPJMSySI5N7\/94rnj17Vn0aBu6WSH15beWgntcldaXPvnUsQo5c2rbZpvzhtw+V5f978qTKqaepbh7rcxtttD32kD771iE5MnnvyLtl+e8zF+Xq6rantuGzlbbHHtJn3zokRybH3v+gLE\/KiR5e3eF6T0jbYw\/ps28dkiOTUI5vv\/6myvXx6mYoSb3h3vbYQ\/rsW8cq5KBMKjWRU8YI5di3a3fx8OHDakuaVN08vg9\/JhHS5lhi+uxbx6RyxLdxnLT4xI31xaFN3aEcpKa5R1w3i3rkeYt7cfk29Nm3jknloEwoA+E2\/lnAWF8c2tT92SefFkffOVzu8+fNm8WLFy+qLWnCuvmORIzwZxExfb7nWOdoUjlsRdRg2ZzJmsFS+1hfHLrUHR+zB3W3TV3ps28dk8oR\/oCIIYZ9wvcqiCRjfXHoUnfuj57GPO6YsdqaVA4ksJd5uRr5RRon3sIvoXhuchDNcl5Alhw15B4wwwhRw6QwSRinqcOrx7blphRefhPs17Qm0rXuLozV1uRy2O9XkYRIYsMLkjC+e\/W0OSFD1BGSM+\/oWncXxmprcjk4yYTpMFQznPCZ8X2Ijh2ijpCceUfXurswVluTy2GRIjzZNhG1ZwMp2pyQIeoIyZl3dK27C2O1NbkcwIkOw7QtTEFcz+lTp8pnDuTz77Vr16otr8K2sOxXX56utmzQ9aQyDLLv8Q+PFYcOvFXlbqdr3V0Yq61ZyJGa3NntbFzPwX37yzxLV69erba8yi8XL24re\/TIkWrLBuS15ecLF7bV6dXRpe6ujNXWLOSoI66HRS\/yLNWtcXCF79+9Z7Psj+fOVVs2IM+wMnGKYUW2qQx4+WMwVluLk+OPGzfKPBILYE1Y2QN79hZ37typcjeI6za8fCOOHima6hiSsdpanBzhlfvFyZNVrs\/HHx3fLB+vh8R1G16+QT2IafWmaKpjSMZqa3FywMH9B8r83y5frnJ87CqP5xvgHWPOsVOvCZIip46hGKutRcrx3ZkzZX7TOxVgdxbxfAO8Y8w59jB6pMipYyjGamsRciw17RRjtTV7OVJw1bapf8xj+evWreqv6ZAcEXORYw5IjgjJsYXkiJAcW0iOCMmxxWrl4KUee8GHpXoW3Oy3Hba+kmIoOVhhZUWYNq1tjqXpfY05sUo5bPXVXp6hoxCCf5GDbfZWWExfOVjso11WhGkrbJtnI+ST6gSdC6uTAxno\/PhngSFIYRElFqSPHHQ4bSNFSjzD3lBDmDmzKjk42Wy3qxJR+BwmOsUg7CNJCGVyicsiW+o\/okXUWASTuOmd0Slpcy7aMIkchPNU5wBXMuGcq9YgL76Cu8pBZyNHjD1mTx0Xcja9Fjglq5HDXgv0wjkRIo4SwBAQdlCbExKWtflNCEIgJO2m5OCYw0g2N1YjB6GbDkphwwudFIdxokZ4xXeVg789MRHDi2hznpy2ORdt2HE56joAIZCA7VypYSfyd9zJueTuV3dsCB3PR+ZCm3PRhh2Xg7E9Z\/wmSoThPw7tkmOL1cgRDw8ezDHCjoqHo65yIJg3PNTJQR3xUDcXViMH0EF2om0YCWEIicd45iHhHUxXOYhangCeHN4dzlxYlRx0gEUBREAWe0ppHRF2BvnxHKSrHFZXKgqk5DBR4zucObEqOTjhdL7NPego5EAYixAmgj3NjDunqxxAW7Qfyga0G0Yn4BjD4WyOrEoOoNPpoNRtq4EQiJEK9X3kADq9LiLY3Cgl0dxYnRzASecqRgA6wSahCGN5dFKKvnIAk1wEIdlcxKKKJ+UcWaUcBpLQUXQGidDe9MBpCDkM2qJNa98Tcq6sWo4uDCnH0lmkHHNKHqmycaojVX6KNAajySGWj+QQLpJDuEgO4SI5hIvkEC6SQ7hIDuEiOYSL5BAukkO4SA7hIjmEi+QQLpJDuEgO4SI5hIvkEC6SQ7hIDuEiOYSL5BAukkO4SA7hIjmEi+QQLpJDuEgO4VAU\/wNOBzEzfTwzfwAAAABJRU5ErkJggg==\" data-filename=\"LSV2-08-3C.png\" \/><\/p>\n<p><strong>Especifica\u00e7\u00f5es t\u00e9cnicas:<\/strong><br \/>\nPress\u00e3o de opera\u00e7\u00e3o: 2 a 275 \/ 2 a 207 bar;<br \/>\nTemperatura: de &#8211; 35\u00baC a + 120\u00baC;<br \/>\nConsumo da bobina: 85 a 100% da tens\u00e3o nominal;<br \/>\nFlu\u00eddos: Flu\u00eddos a base se \u00f3leo mineral (para outras aplica\u00e7\u00f5es, consultar nossa equipe t\u00e9cnica);<br \/>\nGrau de filtragem recomendada: ISO16\/12;<br \/>\nMaterial do corpo: A\u00e7o;<br \/>\nTratamento do corpo: Anodizado 6061T6;<br \/>\nCavidade: LB-08-3 (Cavidade 8);<br \/>\nVaz\u00e3o M\u00e1xima: 11,4 litros por minuto;<br \/>\nBobina: LC2-08-XX (Tens\u00e3o a ser selecionada pelo usu\u00e1rio).<\/p>\n<p>&nbsp;<\/p>\n<p><strong>Caracter\u00edsticas:<\/strong><br \/>\nSolenoide desenvolvida para servi\u00e7o cont\u00ednuo;<br \/>\nCorpo da v\u00e1lvula leve e resistente;<br \/>\nTens\u00f5es e conectores com configura\u00e7\u00f5es opcionais;<br \/>\nCavidade padr\u00e3o (intercambi\u00e1vel com diversos fabricantes);<br \/>\nTamanho reduzido.<\/p>\n","protected":false},"excerpt":{"rendered":"<p>A V\u00e1lvula Direcional El\u00e9trica Cartucho LSV2-08-3C tem a finalidade de conduzir o fluido conforme acionamento das solenoides.<\/p>\n","protected":false},"featured_media":7695,"template":"","meta":[],"product_brand":[],"product_cat":[127,32],"product_tag":[],"class_list":{"0":"post-4145","1":"product","2":"type-product","3":"status-publish","4":"has-post-thumbnail","6":"product_cat-direcional-eletrica-3-2","7":"product_cat-valvulas-insertaveis","9":"first","10":"instock","11":"virtual","12":"product-type-simple"},"yoast_head":"<!-- This site is optimized with the Yoast SEO plugin v27.5 - https:\/\/yoast.com\/product\/yoast-seo-wordpress\/ -->\n<title>LSV2-08-3C - ACT Sistemas Hidr\u00e1ulicos<\/title>\n<meta name=\"description\" content=\"A V\u00e1lvula Direcional El\u00e9trica Cartucho LSV2-08-3C tem a finalidade de conduzir o fluido conforme acionamento das solenoides.\" \/>\n<meta name=\"robots\" content=\"index, follow, max-snippet:-1, max-image-preview:large, max-video-preview:-1\" \/>\n<link rel=\"canonical\" href=\"https:\/\/actbr.com.br\/en\/produto\/lsv2-08-3c\/\" \/>\n<meta property=\"og:locale\" content=\"en_US\" \/>\n<meta property=\"og:type\" content=\"article\" \/>\n<meta property=\"og:title\" content=\"LSV2-08-3C - ACT Sistemas Hidr\u00e1ulicos\" \/>\n<meta property=\"og:description\" content=\"A V\u00e1lvula Direcional El\u00e9trica Cartucho LSV2-08-3C tem a finalidade de conduzir o fluido conforme acionamento das solenoides.\" \/>\n<meta property=\"og:url\" content=\"https:\/\/actbr.com.br\/en\/produto\/lsv2-08-3c\/\" \/>\n<meta property=\"og:site_name\" content=\"ACT Sistemas Hidr\u00e1ulicos\" \/>\n<meta property=\"article:modified_time\" content=\"2023-06-28T20:59:37+00:00\" \/>\n<meta property=\"og:image\" content=\"https:\/\/actbr.com.br\/wp-content\/uploads\/2020\/09\/LSV2-08-3C.jpg\" \/>\n\t<meta property=\"og:image:width\" content=\"600\" \/>\n\t<meta property=\"og:image:height\" content=\"426\" \/>\n\t<meta property=\"og:image:type\" content=\"image\/jpeg\" \/>\n<meta name=\"twitter:card\" content=\"summary_large_image\" \/>\n<meta name=\"twitter:label1\" content=\"Est. reading time\" \/>\n\t<meta name=\"twitter:data1\" content=\"2 minutes\" \/>\n<script type=\"application\/ld+json\" class=\"yoast-schema-graph\">{\"@context\":\"https:\\\/\\\/schema.org\",\"@graph\":[{\"@type\":\"WebPage\",\"@id\":\"https:\\\/\\\/actbr.com.br\\\/en\\\/produto\\\/lsv2-08-3c\\\/\",\"url\":\"https:\\\/\\\/actbr.com.br\\\/en\\\/produto\\\/lsv2-08-3c\\\/\",\"name\":\"LSV2-08-3C - ACT Sistemas Hidr\u00e1ulicos\",\"isPartOf\":{\"@id\":\"https:\\\/\\\/actbr.com.br\\\/en\\\/#website\"},\"primaryImageOfPage\":{\"@id\":\"https:\\\/\\\/actbr.com.br\\\/en\\\/produto\\\/lsv2-08-3c\\\/#primaryimage\"},\"image\":{\"@id\":\"https:\\\/\\\/actbr.com.br\\\/en\\\/produto\\\/lsv2-08-3c\\\/#primaryimage\"},\"thumbnailUrl\":\"https:\\\/\\\/actbr.com.br\\\/wp-content\\\/uploads\\\/2020\\\/09\\\/LSV2-08-3C.jpg\",\"datePublished\":\"2020-09-29T15:49:40+00:00\",\"dateModified\":\"2023-06-28T20:59:37+00:00\",\"description\":\"A V\u00e1lvula Direcional El\u00e9trica Cartucho LSV2-08-3C tem a finalidade de conduzir o fluido conforme acionamento das solenoides.\",\"breadcrumb\":{\"@id\":\"https:\\\/\\\/actbr.com.br\\\/en\\\/produto\\\/lsv2-08-3c\\\/#breadcrumb\"},\"inLanguage\":\"en-US\",\"potentialAction\":[{\"@type\":\"ReadAction\",\"target\":[\"https:\\\/\\\/actbr.com.br\\\/en\\\/produto\\\/lsv2-08-3c\\\/\"]}]},{\"@type\":\"ImageObject\",\"inLanguage\":\"en-US\",\"@id\":\"https:\\\/\\\/actbr.com.br\\\/en\\\/produto\\\/lsv2-08-3c\\\/#primaryimage\",\"url\":\"https:\\\/\\\/actbr.com.br\\\/wp-content\\\/uploads\\\/2020\\\/09\\\/LSV2-08-3C.jpg\",\"contentUrl\":\"https:\\\/\\\/actbr.com.br\\\/wp-content\\\/uploads\\\/2020\\\/09\\\/LSV2-08-3C.jpg\",\"width\":600,\"height\":426,\"caption\":\"V\u00e1lvula Direcional LSV2-08-3C\"},{\"@type\":\"BreadcrumbList\",\"@id\":\"https:\\\/\\\/actbr.com.br\\\/en\\\/produto\\\/lsv2-08-3c\\\/#breadcrumb\",\"itemListElement\":[{\"@type\":\"ListItem\",\"position\":1,\"name\":\"In\u00edcio\",\"item\":\"https:\\\/\\\/actbr.com.br\\\/en\\\/\"},{\"@type\":\"ListItem\",\"position\":2,\"name\":\"Produtos\",\"item\":\"https:\\\/\\\/actbr.com.br\\\/produtos-act\\\/\"},{\"@type\":\"ListItem\",\"position\":3,\"name\":\"V\u00e1lvulas Insert\u00e1veis\",\"item\":\"https:\\\/\\\/actbr.com.br\\\/en\\\/categoria-produto\\\/valvulas-insertaveis\\\/\"},{\"@type\":\"ListItem\",\"position\":4,\"name\":\"Direcional El\u00e9trica - 3\\\/2\",\"item\":\"https:\\\/\\\/actbr.com.br\\\/en\\\/categoria-produto\\\/valvulas-insertaveis\\\/direcional-eletrica-3-2\\\/\"},{\"@type\":\"ListItem\",\"position\":5,\"name\":\"LSV2-08-3C\"}]},{\"@type\":\"WebSite\",\"@id\":\"https:\\\/\\\/actbr.com.br\\\/en\\\/#website\",\"url\":\"https:\\\/\\\/actbr.com.br\\\/en\\\/\",\"name\":\"ACT Sistemas Hidr\u00e1ulicos\",\"description\":\"Fabrica\u00e7\u00e3o e manuten\u00e7\u00e3o de componentes \u00f3leo hidr\u00e1ulicos\",\"publisher\":{\"@id\":\"https:\\\/\\\/actbr.com.br\\\/en\\\/#organization\"},\"potentialAction\":[{\"@type\":\"SearchAction\",\"target\":{\"@type\":\"EntryPoint\",\"urlTemplate\":\"https:\\\/\\\/actbr.com.br\\\/en\\\/?s={search_term_string}\"},\"query-input\":{\"@type\":\"PropertyValueSpecification\",\"valueRequired\":true,\"valueName\":\"search_term_string\"}}],\"inLanguage\":\"en-US\"},{\"@type\":\"Organization\",\"@id\":\"https:\\\/\\\/actbr.com.br\\\/en\\\/#organization\",\"name\":\"ACT Sistemas Hidr\u00e1ulicos\",\"url\":\"https:\\\/\\\/actbr.com.br\\\/en\\\/\",\"logo\":{\"@type\":\"ImageObject\",\"inLanguage\":\"en-US\",\"@id\":\"https:\\\/\\\/actbr.com.br\\\/en\\\/#\\\/schema\\\/logo\\\/image\\\/\",\"url\":\"https:\\\/\\\/actbr.com.br\\\/wp-content\\\/uploads\\\/2025\\\/02\\\/cropped-ACT_NEGATIVO-marca-dagua.png\",\"contentUrl\":\"https:\\\/\\\/actbr.com.br\\\/wp-content\\\/uploads\\\/2025\\\/02\\\/cropped-ACT_NEGATIVO-marca-dagua.png\",\"width\":240,\"height\":146,\"caption\":\"ACT Sistemas Hidr\u00e1ulicos\"},\"image\":{\"@id\":\"https:\\\/\\\/actbr.com.br\\\/en\\\/#\\\/schema\\\/logo\\\/image\\\/\"}}]}<\/script>\n<!-- \/ Yoast SEO plugin. -->","yoast_head_json":{"title":"LSV2-08-3C - ACT Sistemas Hidr\u00e1ulicos","description":"A V\u00e1lvula Direcional El\u00e9trica Cartucho LSV2-08-3C tem a finalidade de conduzir o fluido conforme acionamento das solenoides.","robots":{"index":"index","follow":"follow","max-snippet":"max-snippet:-1","max-image-preview":"max-image-preview:large","max-video-preview":"max-video-preview:-1"},"canonical":"https:\/\/actbr.com.br\/en\/produto\/lsv2-08-3c\/","og_locale":"en_US","og_type":"article","og_title":"LSV2-08-3C - ACT Sistemas Hidr\u00e1ulicos","og_description":"A V\u00e1lvula Direcional El\u00e9trica Cartucho LSV2-08-3C tem a finalidade de conduzir o fluido conforme acionamento das solenoides.","og_url":"https:\/\/actbr.com.br\/en\/produto\/lsv2-08-3c\/","og_site_name":"ACT Sistemas Hidr\u00e1ulicos","article_modified_time":"2023-06-28T20:59:37+00:00","og_image":[{"width":600,"height":426,"url":"https:\/\/actbr.com.br\/wp-content\/uploads\/2020\/09\/LSV2-08-3C.jpg","type":"image\/jpeg"}],"twitter_card":"summary_large_image","twitter_misc":{"Est. reading time":"2 minutes"},"schema":{"@context":"https:\/\/schema.org","@graph":[{"@type":"WebPage","@id":"https:\/\/actbr.com.br\/en\/produto\/lsv2-08-3c\/","url":"https:\/\/actbr.com.br\/en\/produto\/lsv2-08-3c\/","name":"LSV2-08-3C - ACT Sistemas Hidr\u00e1ulicos","isPartOf":{"@id":"https:\/\/actbr.com.br\/en\/#website"},"primaryImageOfPage":{"@id":"https:\/\/actbr.com.br\/en\/produto\/lsv2-08-3c\/#primaryimage"},"image":{"@id":"https:\/\/actbr.com.br\/en\/produto\/lsv2-08-3c\/#primaryimage"},"thumbnailUrl":"https:\/\/actbr.com.br\/wp-content\/uploads\/2020\/09\/LSV2-08-3C.jpg","datePublished":"2020-09-29T15:49:40+00:00","dateModified":"2023-06-28T20:59:37+00:00","description":"A V\u00e1lvula Direcional El\u00e9trica Cartucho LSV2-08-3C tem a finalidade de conduzir o fluido conforme acionamento das solenoides.","breadcrumb":{"@id":"https:\/\/actbr.com.br\/en\/produto\/lsv2-08-3c\/#breadcrumb"},"inLanguage":"en-US","potentialAction":[{"@type":"ReadAction","target":["https:\/\/actbr.com.br\/en\/produto\/lsv2-08-3c\/"]}]},{"@type":"ImageObject","inLanguage":"en-US","@id":"https:\/\/actbr.com.br\/en\/produto\/lsv2-08-3c\/#primaryimage","url":"https:\/\/actbr.com.br\/wp-content\/uploads\/2020\/09\/LSV2-08-3C.jpg","contentUrl":"https:\/\/actbr.com.br\/wp-content\/uploads\/2020\/09\/LSV2-08-3C.jpg","width":600,"height":426,"caption":"V\u00e1lvula Direcional LSV2-08-3C"},{"@type":"BreadcrumbList","@id":"https:\/\/actbr.com.br\/en\/produto\/lsv2-08-3c\/#breadcrumb","itemListElement":[{"@type":"ListItem","position":1,"name":"In\u00edcio","item":"https:\/\/actbr.com.br\/en\/"},{"@type":"ListItem","position":2,"name":"Produtos","item":"https:\/\/actbr.com.br\/produtos-act\/"},{"@type":"ListItem","position":3,"name":"V\u00e1lvulas Insert\u00e1veis","item":"https:\/\/actbr.com.br\/en\/categoria-produto\/valvulas-insertaveis\/"},{"@type":"ListItem","position":4,"name":"Direcional El\u00e9trica - 3\/2","item":"https:\/\/actbr.com.br\/en\/categoria-produto\/valvulas-insertaveis\/direcional-eletrica-3-2\/"},{"@type":"ListItem","position":5,"name":"LSV2-08-3C"}]},{"@type":"WebSite","@id":"https:\/\/actbr.com.br\/en\/#website","url":"https:\/\/actbr.com.br\/en\/","name":"ACT Sistemas Hidr\u00e1ulicos","description":"Fabrica\u00e7\u00e3o e manuten\u00e7\u00e3o de componentes \u00f3leo hidr\u00e1ulicos","publisher":{"@id":"https:\/\/actbr.com.br\/en\/#organization"},"potentialAction":[{"@type":"SearchAction","target":{"@type":"EntryPoint","urlTemplate":"https:\/\/actbr.com.br\/en\/?s={search_term_string}"},"query-input":{"@type":"PropertyValueSpecification","valueRequired":true,"valueName":"search_term_string"}}],"inLanguage":"en-US"},{"@type":"Organization","@id":"https:\/\/actbr.com.br\/en\/#organization","name":"ACT Sistemas Hidr\u00e1ulicos","url":"https:\/\/actbr.com.br\/en\/","logo":{"@type":"ImageObject","inLanguage":"en-US","@id":"https:\/\/actbr.com.br\/en\/#\/schema\/logo\/image\/","url":"https:\/\/actbr.com.br\/wp-content\/uploads\/2025\/02\/cropped-ACT_NEGATIVO-marca-dagua.png","contentUrl":"https:\/\/actbr.com.br\/wp-content\/uploads\/2025\/02\/cropped-ACT_NEGATIVO-marca-dagua.png","width":240,"height":146,"caption":"ACT Sistemas Hidr\u00e1ulicos"},"image":{"@id":"https:\/\/actbr.com.br\/en\/#\/schema\/logo\/image\/"}}]}},"_links":{"self":[{"href":"https:\/\/actbr.com.br\/en\/wp-json\/wp\/v2\/product\/4145","targetHints":{"allow":["GET"]}}],"collection":[{"href":"https:\/\/actbr.com.br\/en\/wp-json\/wp\/v2\/product"}],"about":[{"href":"https:\/\/actbr.com.br\/en\/wp-json\/wp\/v2\/types\/product"}],"wp:featuredmedia":[{"embeddable":true,"href":"https:\/\/actbr.com.br\/en\/wp-json\/wp\/v2\/media\/7695"}],"wp:attachment":[{"href":"https:\/\/actbr.com.br\/en\/wp-json\/wp\/v2\/media?parent=4145"}],"wp:term":[{"taxonomy":"product_brand","embeddable":true,"href":"https:\/\/actbr.com.br\/en\/wp-json\/wp\/v2\/product_brand?post=4145"},{"taxonomy":"product_cat","embeddable":true,"href":"https:\/\/actbr.com.br\/en\/wp-json\/wp\/v2\/product_cat?post=4145"},{"taxonomy":"product_tag","embeddable":true,"href":"https:\/\/actbr.com.br\/en\/wp-json\/wp\/v2\/product_tag?post=4145"}],"curies":[{"name":"wp","href":"https:\/\/api.w.org\/{rel}","templated":true}]}}