{"id":4147,"date":"2020-09-29T12:49:40","date_gmt":"2020-09-29T15:49:40","guid":{"rendered":"https:\/\/actbr.com.br\/produto\/valvula-direcional-eletrica-cartucho-lsv2-08-3l\/"},"modified":"2023-06-28T17:59:45","modified_gmt":"2023-06-28T20:59:45","slug":"lsv2-08-3l","status":"publish","type":"product","link":"https:\/\/actbr.com.br\/en\/produto\/lsv2-08-3l\/","title":{"rendered":"LSV2-08-3L"},"content":{"rendered":"<p><strong>V\u00e1lvula Direcional El\u00e9trica Cartucho LSV2-08-3L<\/strong><\/p>\n<p>A V\u00e1lvula Direcional El\u00e9trica Cartucho LSV2-08-3L tem a finalidade de conduzir o fluido conforme acionamento das solenoides.<\/p>\n<p>Em sua posi\u00e7\u00e3o de descanso (com a bobina desenergizada), 2 e 1 est\u00e3o ligados, mas n\u00e3o est\u00e3o ligados a 3; quando a energia est\u00e1 ligada, 2 e 3 est\u00e3o ligados, mas n\u00e3o est\u00e3o ligados a 1.<\/p>\n<p><img decoding=\"async\" src=\"data:image\/png;base64,iVBORw0KGgoAAAANSUhEUgAAAIcAAAB4CAYAAADYI+HGAAAAAXNSR0IArs4c6QAAAARnQU1BAACxjwv8YQUAAAAJcEhZcwAADsMAAA7DAcdvqGQAAAfwSURBVHhe7Zu\/zxRFGMf9TwT5JajERCNBSYhROyJBkZioCSYYxB4JYEchmNcEG2kRSBAbpBESCqzoMNQUVISOlvbks+xDhsk8O7vD3bGz9\/0kk9t3du6ZuZ3Pzs7uzvvKTAgHySFcJIdwkRzCRXIIF8khXCSHcJEcwkVyCBfJIVwkh3CRHMJFcggXySFcJIdwkRzCRXIIF8khXCSHcJEcwkVyCBfJIVwkh3CRHMJFcgiXpcix4dV11aQUqXKWPFJll5XmxdLkGANjaccikRyFSI5hSI6We\/fuzW7fvt0ktmtFchSSasfdu3dnXx440KRfzpxp0g9Hjsw+3L179vfVq22pepAchcTtOPf7uUYCBCEhA+nmzZvN6IEklKkJyVFI2A4EYLR4\/PhxIwb7Ll282MiBFCdPnGj2sV3TCCI5CgnbwYhhcws+EcRACsQh\/9GjR833yKsByVGItYNOp\/M9Hjx40MjDJzAPYaJaA5KjEGsHl5R4LsHf7LcUymBzkRqY57FeSTno6FAO5hrMLbxLh+RYIGOTw+5EDCafNv9IwWWF0aYGJEchYTvCOQVy2O1rmIDRhLJMTGtAchQStoPLhF1K2EaQOCEEo0ZNzzokRyFxO5CDlBoVkMaeltZyGwuSo5BUO5iMko8INvFkpOBSwmdNYoDkKMRrByMHcw6Tg+1a5hgxkqOQsbRjkUiOQiTHMCTHxJAchUiOYUiOiSE5Crh\/\/\/7C2vHvrVtNGgOSo4W4taZFMc\/Y1cvRh\/\/u3GnKbtmwsc3JM6TNn3z0cVP+j\/Pn25xuFnU8YJ6xV0KObVteb8pu3bS5zckzpM2f7tnTlN+0\/rU2p5tFHQ+YZ+ylyLEo+hyItbW1phzp7be2t7l5hhxkk4N04vjxNtdnSOyXyeTl2Lhu\/bOOoxP7MqQDQzmoL8eQ2C+TScvx+b7Pli4H6ejRo+2eNGHZIWnZjFaO1IuvOC93wEIxSPv27m335BnSGbEc2zZvafekycVmLQkvAEOGtGdejFYODlC4yNf+My2EA9a1vA9OnTrVTBQR5fvDh9vcPEM6g3YRf+sTKb49eLC5O+qiKza\/h+UC8VKBycpR8sPiFeK27sKW9nHw+Du33gLBWKsxlJI221qQHF2xU6MG9G1PSbs9RisHEoQjBdskW+hr\/6WWg86y7wyhpM2c9fHolsKL7Y0a0Lc9Je32GK0cYAt7ScQIRwEbSXLQWTbaDKG0zXwvt1DIi+2NGtC3PaXtTjFqORCBs96kMEmAtZ25uJRHsBJK2xzPlVKkYneNGtC3PaXtTjFqOUyK8NLASEA+MXNxw5HGw4sxNN\/oM+9IxegaNSBXr9G3XB9GLYed+SS7NHA5QRAOZi5un\/kGMcJ\/ojZSsW0S3EWfeUccIzdqQK5eo2+5PoxaDuBAh5cGm4jS6bm4ufnGhQsXZtvfeLOJ89eVK23uU+LYdNwX+\/c3+Tdu3Ghz01Cma97B\/pLUh77l+rAUOV4Ezv5wmLazl073DgT5vGTj03tTihjs\/\/Py5dmxH48129euXWv3Pn+QqfO9d96dfbBz5+z0z6ebfXw\/xfV\/rs927tjRvAH2HqWHscfM6OWgY+Lh1kYD7yCTH6b44RdzEUaMn06ebHNmz0YFu8SwDdT9zVdfN39bvQjCU9B44vndoUPP6rSUwssfG6OXo4uugx+mhw8ftnueQqfSwdzxGIxOv50921z\/wWJT9te1tefmBJTZ9f77zbwnxNaNhCmFlz82Ji\/HgScjQgo6mP12N0Tnh\/OEMDZSsB8Z+B5SMTFOEb\/sS+Hlj43JyxGPGiH23IRbyHgCGcfmkoJIVt6D+iTHABZ1MLoOPin36hy6YqTw8kOo19qQok+MUuYZe7JyeHcKMV0xUvT9La9v3PTCMUqYZ+zq5ag1LYp5xq5aDo9l1+dx6eKldmt5SI4MY5HjZSA5MkiO+SA5JobkyCA55oPkmBgrJwdPL3lFz5NJEtu5V+J9sLg8+eTROI\/EU2s7amJl5OCdhr334NPksMfY3vuNPvURh3LE5eUa70zIYw1Ibh3ImFkJORCDF1yIYG9DOdPDbfaHb1aNXH0IwfcQgDgmHaMI8flEyBoFWQk56EDEMOgoOoxONEygMA+66mOUYGTguxaTeohhsrEvLFcTk5eDs5lOCzvGOisWIVW2qz46n1jAZ3hpIgZ12JoO5iFWthYmL4dNEmMQI5YD6HDrUPDqo\/O72hLLgRipdoyZycvhSeDlc\/aH+V59dHq8estAgt27djUrxIyu8mNFckQwP2G0Mbz6mGMwMqRgHyvQuURxqQLJsQSGNtgbzj05wksBdNXHPut8Pm3bQAaLxYjk3S6PlcnLYXODuONSctCRnO0hXfUxyliH88CL79otK1LayEEb2A6lq4HJywFIYLeVQIwwgU0gw0sKdNVHx9PpdhdCPRYzzGfkqm0yCl2\/fSijlQPsYVXq7CUPMSgTk6vPRgjEMPkM4lJnKGZNrIwcQAfSkXSWnc1IQbKzPKZPfVxKiEVZ5hkkYpo0tbJSchic0chAys0DhtTH6EA8ks09amYl5RjCsusbE5Ijg+SYD0uTo5aUIlXOkkeq7LLSvFiKHKJOJIdwkRzCRXIIF8khXCSHcJEcwkVyCBfJIVwkh3CRHMJFcggXySFcJIdwkRzCRXIIF8khXCSHcJEcwkVyCBfJIVwkh3CRHMJFcggXySFcJIdwmM3+B1htoaWX6SaRAAAAAElFTkSuQmCC\" data-filename=\"LSV2-08-3L.png\" \/><\/p>\n<p><strong>Especifica\u00e7\u00f5es t\u00e9cnicas:<\/strong><br \/>\nPress\u00e3o de opera\u00e7\u00e3o: 2 a 275 \/ 2 a 207 bar;<br \/>\nTemperatura: de &#8211; 35\u00baC a + 120\u00baC;<br \/>\nConsumo da bobina: 85 a 100% da tens\u00e3o nominal;<br \/>\nFlu\u00eddos: Flu\u00eddos a base se \u00f3leo mineral (para outras aplica\u00e7\u00f5es, consultar nossa equipe t\u00e9cnica);<br \/>\nGrau de filtragem recomendada: ISO16\/12;<br \/>\nMaterial do corpo: A\u00e7o;<br \/>\nTratamento do corpo: Anodizado 6061T6;<br \/>\nCavidade: LB-08-3 (Cavidade 8);<br \/>\nVaz\u00e3o M\u00e1xima: 20 litros por minuto;<br \/>\nBobina: LC2-08-XX (Tens\u00e3o a ser selecionada pelo usu\u00e1rio).<\/p>\n<p><strong>Caracter\u00edsticas:<\/strong><br \/>\nSolenoide desenvolvida para servi\u00e7o cont\u00ednuo;<br \/>\nCorpo da v\u00e1lvula leve e resistente;<br \/>\nTens\u00f5es e conectores com configura\u00e7\u00f5es opcionais;<br \/>\nCavidade padr\u00e3o (intercambi\u00e1vel com diversos fabricantes);<br \/>\nTamanho reduzido.<\/p>\n","protected":false},"excerpt":{"rendered":"<p>A V\u00e1lvula Direcional El\u00e9trica Cartucho LSV2-08-3L tem a finalidade de conduzir o fluido conforme acionamento das solenoides.<\/p>\n","protected":false},"featured_media":7696,"template":"","meta":[],"product_brand":[],"product_cat":[127,32],"product_tag":[],"class_list":{"0":"post-4147","1":"product","2":"type-product","3":"status-publish","4":"has-post-thumbnail","6":"product_cat-direcional-eletrica-3-2","7":"product_cat-valvulas-insertaveis","9":"first","10":"instock","11":"virtual","12":"product-type-simple"},"yoast_head":"<!-- This site is optimized with the Yoast SEO plugin v27.5 - https:\/\/yoast.com\/product\/yoast-seo-wordpress\/ -->\n<title>LSV2-08-3L - ACT Sistemas Hidr\u00e1ulicos<\/title>\n<meta name=\"description\" content=\"A V\u00e1lvula Direcional El\u00e9trica Cartucho LSV2-08-3L tem a finalidade de conduzir o fluido conforme acionamento das solenoides.\" \/>\n<meta name=\"robots\" content=\"index, follow, max-snippet:-1, max-image-preview:large, max-video-preview:-1\" \/>\n<link rel=\"canonical\" href=\"https:\/\/actbr.com.br\/en\/produto\/lsv2-08-3l\/\" \/>\n<meta property=\"og:locale\" content=\"en_US\" \/>\n<meta property=\"og:type\" content=\"article\" \/>\n<meta property=\"og:title\" content=\"LSV2-08-3L - ACT Sistemas Hidr\u00e1ulicos\" \/>\n<meta property=\"og:description\" content=\"A V\u00e1lvula Direcional El\u00e9trica Cartucho LSV2-08-3L tem a finalidade de conduzir o fluido conforme acionamento das solenoides.\" \/>\n<meta property=\"og:url\" content=\"https:\/\/actbr.com.br\/en\/produto\/lsv2-08-3l\/\" \/>\n<meta property=\"og:site_name\" content=\"ACT Sistemas Hidr\u00e1ulicos\" \/>\n<meta property=\"article:modified_time\" content=\"2023-06-28T20:59:45+00:00\" \/>\n<meta property=\"og:image\" content=\"https:\/\/actbr.com.br\/wp-content\/uploads\/2020\/09\/LSV2-08-3L.jpg\" \/>\n\t<meta property=\"og:image:width\" content=\"600\" \/>\n\t<meta property=\"og:image:height\" content=\"600\" \/>\n\t<meta property=\"og:image:type\" content=\"image\/jpeg\" \/>\n<meta name=\"twitter:card\" content=\"summary_large_image\" \/>\n<meta name=\"twitter:label1\" content=\"Est. reading time\" \/>\n\t<meta name=\"twitter:data1\" content=\"2 minutes\" \/>\n<script type=\"application\/ld+json\" class=\"yoast-schema-graph\">{\"@context\":\"https:\\\/\\\/schema.org\",\"@graph\":[{\"@type\":\"WebPage\",\"@id\":\"https:\\\/\\\/actbr.com.br\\\/en\\\/produto\\\/lsv2-08-3l\\\/\",\"url\":\"https:\\\/\\\/actbr.com.br\\\/en\\\/produto\\\/lsv2-08-3l\\\/\",\"name\":\"LSV2-08-3L - ACT Sistemas Hidr\u00e1ulicos\",\"isPartOf\":{\"@id\":\"https:\\\/\\\/actbr.com.br\\\/en\\\/#website\"},\"primaryImageOfPage\":{\"@id\":\"https:\\\/\\\/actbr.com.br\\\/en\\\/produto\\\/lsv2-08-3l\\\/#primaryimage\"},\"image\":{\"@id\":\"https:\\\/\\\/actbr.com.br\\\/en\\\/produto\\\/lsv2-08-3l\\\/#primaryimage\"},\"thumbnailUrl\":\"https:\\\/\\\/actbr.com.br\\\/wp-content\\\/uploads\\\/2020\\\/09\\\/LSV2-08-3L.jpg\",\"datePublished\":\"2020-09-29T15:49:40+00:00\",\"dateModified\":\"2023-06-28T20:59:45+00:00\",\"description\":\"A V\u00e1lvula Direcional El\u00e9trica Cartucho LSV2-08-3L tem a finalidade de conduzir o fluido conforme acionamento das solenoides.\",\"breadcrumb\":{\"@id\":\"https:\\\/\\\/actbr.com.br\\\/en\\\/produto\\\/lsv2-08-3l\\\/#breadcrumb\"},\"inLanguage\":\"en-US\",\"potentialAction\":[{\"@type\":\"ReadAction\",\"target\":[\"https:\\\/\\\/actbr.com.br\\\/en\\\/produto\\\/lsv2-08-3l\\\/\"]}]},{\"@type\":\"ImageObject\",\"inLanguage\":\"en-US\",\"@id\":\"https:\\\/\\\/actbr.com.br\\\/en\\\/produto\\\/lsv2-08-3l\\\/#primaryimage\",\"url\":\"https:\\\/\\\/actbr.com.br\\\/wp-content\\\/uploads\\\/2020\\\/09\\\/LSV2-08-3L.jpg\",\"contentUrl\":\"https:\\\/\\\/actbr.com.br\\\/wp-content\\\/uploads\\\/2020\\\/09\\\/LSV2-08-3L.jpg\",\"width\":600,\"height\":600,\"caption\":\"V\u00e1lvula Direcional El\u00e9trica Cartucho LSV2-08-3L\"},{\"@type\":\"BreadcrumbList\",\"@id\":\"https:\\\/\\\/actbr.com.br\\\/en\\\/produto\\\/lsv2-08-3l\\\/#breadcrumb\",\"itemListElement\":[{\"@type\":\"ListItem\",\"position\":1,\"name\":\"In\u00edcio\",\"item\":\"https:\\\/\\\/actbr.com.br\\\/en\\\/\"},{\"@type\":\"ListItem\",\"position\":2,\"name\":\"Produtos\",\"item\":\"https:\\\/\\\/actbr.com.br\\\/produtos-act\\\/\"},{\"@type\":\"ListItem\",\"position\":3,\"name\":\"V\u00e1lvulas Insert\u00e1veis\",\"item\":\"https:\\\/\\\/actbr.com.br\\\/en\\\/categoria-produto\\\/valvulas-insertaveis\\\/\"},{\"@type\":\"ListItem\",\"position\":4,\"name\":\"Direcional El\u00e9trica - 3\\\/2\",\"item\":\"https:\\\/\\\/actbr.com.br\\\/en\\\/categoria-produto\\\/valvulas-insertaveis\\\/direcional-eletrica-3-2\\\/\"},{\"@type\":\"ListItem\",\"position\":5,\"name\":\"LSV2-08-3L\"}]},{\"@type\":\"WebSite\",\"@id\":\"https:\\\/\\\/actbr.com.br\\\/en\\\/#website\",\"url\":\"https:\\\/\\\/actbr.com.br\\\/en\\\/\",\"name\":\"ACT Sistemas Hidr\u00e1ulicos\",\"description\":\"Fabrica\u00e7\u00e3o e manuten\u00e7\u00e3o de componentes \u00f3leo hidr\u00e1ulicos\",\"publisher\":{\"@id\":\"https:\\\/\\\/actbr.com.br\\\/en\\\/#organization\"},\"potentialAction\":[{\"@type\":\"SearchAction\",\"target\":{\"@type\":\"EntryPoint\",\"urlTemplate\":\"https:\\\/\\\/actbr.com.br\\\/en\\\/?s={search_term_string}\"},\"query-input\":{\"@type\":\"PropertyValueSpecification\",\"valueRequired\":true,\"valueName\":\"search_term_string\"}}],\"inLanguage\":\"en-US\"},{\"@type\":\"Organization\",\"@id\":\"https:\\\/\\\/actbr.com.br\\\/en\\\/#organization\",\"name\":\"ACT Sistemas Hidr\u00e1ulicos\",\"url\":\"https:\\\/\\\/actbr.com.br\\\/en\\\/\",\"logo\":{\"@type\":\"ImageObject\",\"inLanguage\":\"en-US\",\"@id\":\"https:\\\/\\\/actbr.com.br\\\/en\\\/#\\\/schema\\\/logo\\\/image\\\/\",\"url\":\"https:\\\/\\\/actbr.com.br\\\/wp-content\\\/uploads\\\/2025\\\/02\\\/cropped-ACT_NEGATIVO-marca-dagua.png\",\"contentUrl\":\"https:\\\/\\\/actbr.com.br\\\/wp-content\\\/uploads\\\/2025\\\/02\\\/cropped-ACT_NEGATIVO-marca-dagua.png\",\"width\":240,\"height\":146,\"caption\":\"ACT Sistemas Hidr\u00e1ulicos\"},\"image\":{\"@id\":\"https:\\\/\\\/actbr.com.br\\\/en\\\/#\\\/schema\\\/logo\\\/image\\\/\"}}]}<\/script>\n<!-- \/ Yoast SEO plugin. -->","yoast_head_json":{"title":"LSV2-08-3L - ACT Sistemas Hidr\u00e1ulicos","description":"A V\u00e1lvula Direcional El\u00e9trica Cartucho LSV2-08-3L tem a finalidade de conduzir o fluido conforme acionamento das solenoides.","robots":{"index":"index","follow":"follow","max-snippet":"max-snippet:-1","max-image-preview":"max-image-preview:large","max-video-preview":"max-video-preview:-1"},"canonical":"https:\/\/actbr.com.br\/en\/produto\/lsv2-08-3l\/","og_locale":"en_US","og_type":"article","og_title":"LSV2-08-3L - ACT Sistemas Hidr\u00e1ulicos","og_description":"A V\u00e1lvula Direcional El\u00e9trica Cartucho LSV2-08-3L tem a finalidade de conduzir o fluido conforme acionamento das solenoides.","og_url":"https:\/\/actbr.com.br\/en\/produto\/lsv2-08-3l\/","og_site_name":"ACT Sistemas Hidr\u00e1ulicos","article_modified_time":"2023-06-28T20:59:45+00:00","og_image":[{"width":600,"height":600,"url":"https:\/\/actbr.com.br\/wp-content\/uploads\/2020\/09\/LSV2-08-3L.jpg","type":"image\/jpeg"}],"twitter_card":"summary_large_image","twitter_misc":{"Est. reading time":"2 minutes"},"schema":{"@context":"https:\/\/schema.org","@graph":[{"@type":"WebPage","@id":"https:\/\/actbr.com.br\/en\/produto\/lsv2-08-3l\/","url":"https:\/\/actbr.com.br\/en\/produto\/lsv2-08-3l\/","name":"LSV2-08-3L - ACT Sistemas Hidr\u00e1ulicos","isPartOf":{"@id":"https:\/\/actbr.com.br\/en\/#website"},"primaryImageOfPage":{"@id":"https:\/\/actbr.com.br\/en\/produto\/lsv2-08-3l\/#primaryimage"},"image":{"@id":"https:\/\/actbr.com.br\/en\/produto\/lsv2-08-3l\/#primaryimage"},"thumbnailUrl":"https:\/\/actbr.com.br\/wp-content\/uploads\/2020\/09\/LSV2-08-3L.jpg","datePublished":"2020-09-29T15:49:40+00:00","dateModified":"2023-06-28T20:59:45+00:00","description":"A V\u00e1lvula Direcional El\u00e9trica Cartucho LSV2-08-3L tem a finalidade de conduzir o fluido conforme acionamento das solenoides.","breadcrumb":{"@id":"https:\/\/actbr.com.br\/en\/produto\/lsv2-08-3l\/#breadcrumb"},"inLanguage":"en-US","potentialAction":[{"@type":"ReadAction","target":["https:\/\/actbr.com.br\/en\/produto\/lsv2-08-3l\/"]}]},{"@type":"ImageObject","inLanguage":"en-US","@id":"https:\/\/actbr.com.br\/en\/produto\/lsv2-08-3l\/#primaryimage","url":"https:\/\/actbr.com.br\/wp-content\/uploads\/2020\/09\/LSV2-08-3L.jpg","contentUrl":"https:\/\/actbr.com.br\/wp-content\/uploads\/2020\/09\/LSV2-08-3L.jpg","width":600,"height":600,"caption":"V\u00e1lvula Direcional El\u00e9trica Cartucho LSV2-08-3L"},{"@type":"BreadcrumbList","@id":"https:\/\/actbr.com.br\/en\/produto\/lsv2-08-3l\/#breadcrumb","itemListElement":[{"@type":"ListItem","position":1,"name":"In\u00edcio","item":"https:\/\/actbr.com.br\/en\/"},{"@type":"ListItem","position":2,"name":"Produtos","item":"https:\/\/actbr.com.br\/produtos-act\/"},{"@type":"ListItem","position":3,"name":"V\u00e1lvulas Insert\u00e1veis","item":"https:\/\/actbr.com.br\/en\/categoria-produto\/valvulas-insertaveis\/"},{"@type":"ListItem","position":4,"name":"Direcional El\u00e9trica - 3\/2","item":"https:\/\/actbr.com.br\/en\/categoria-produto\/valvulas-insertaveis\/direcional-eletrica-3-2\/"},{"@type":"ListItem","position":5,"name":"LSV2-08-3L"}]},{"@type":"WebSite","@id":"https:\/\/actbr.com.br\/en\/#website","url":"https:\/\/actbr.com.br\/en\/","name":"ACT Sistemas Hidr\u00e1ulicos","description":"Fabrica\u00e7\u00e3o e manuten\u00e7\u00e3o de componentes \u00f3leo hidr\u00e1ulicos","publisher":{"@id":"https:\/\/actbr.com.br\/en\/#organization"},"potentialAction":[{"@type":"SearchAction","target":{"@type":"EntryPoint","urlTemplate":"https:\/\/actbr.com.br\/en\/?s={search_term_string}"},"query-input":{"@type":"PropertyValueSpecification","valueRequired":true,"valueName":"search_term_string"}}],"inLanguage":"en-US"},{"@type":"Organization","@id":"https:\/\/actbr.com.br\/en\/#organization","name":"ACT Sistemas Hidr\u00e1ulicos","url":"https:\/\/actbr.com.br\/en\/","logo":{"@type":"ImageObject","inLanguage":"en-US","@id":"https:\/\/actbr.com.br\/en\/#\/schema\/logo\/image\/","url":"https:\/\/actbr.com.br\/wp-content\/uploads\/2025\/02\/cropped-ACT_NEGATIVO-marca-dagua.png","contentUrl":"https:\/\/actbr.com.br\/wp-content\/uploads\/2025\/02\/cropped-ACT_NEGATIVO-marca-dagua.png","width":240,"height":146,"caption":"ACT Sistemas Hidr\u00e1ulicos"},"image":{"@id":"https:\/\/actbr.com.br\/en\/#\/schema\/logo\/image\/"}}]}},"_links":{"self":[{"href":"https:\/\/actbr.com.br\/en\/wp-json\/wp\/v2\/product\/4147","targetHints":{"allow":["GET"]}}],"collection":[{"href":"https:\/\/actbr.com.br\/en\/wp-json\/wp\/v2\/product"}],"about":[{"href":"https:\/\/actbr.com.br\/en\/wp-json\/wp\/v2\/types\/product"}],"wp:featuredmedia":[{"embeddable":true,"href":"https:\/\/actbr.com.br\/en\/wp-json\/wp\/v2\/media\/7696"}],"wp:attachment":[{"href":"https:\/\/actbr.com.br\/en\/wp-json\/wp\/v2\/media?parent=4147"}],"wp:term":[{"taxonomy":"product_brand","embeddable":true,"href":"https:\/\/actbr.com.br\/en\/wp-json\/wp\/v2\/product_brand?post=4147"},{"taxonomy":"product_cat","embeddable":true,"href":"https:\/\/actbr.com.br\/en\/wp-json\/wp\/v2\/product_cat?post=4147"},{"taxonomy":"product_tag","embeddable":true,"href":"https:\/\/actbr.com.br\/en\/wp-json\/wp\/v2\/product_tag?post=4147"}],"curies":[{"name":"wp","href":"https:\/\/api.w.org\/{rel}","templated":true}]}}