{"id":4153,"date":"2020-09-29T12:49:40","date_gmt":"2020-09-29T15:49:40","guid":{"rendered":"https:\/\/actbr.com.br\/produto\/valvula-reguladora-de-vazao-compensada-lpfr-10\/"},"modified":"2023-06-28T14:47:08","modified_gmt":"2023-06-28T17:47:08","slug":"lpfr-10","status":"publish","type":"product","link":"https:\/\/actbr.com.br\/en\/produto\/lpfr-10\/","title":{"rendered":"LPFR-10"},"content":{"rendered":"<p><strong>V\u00e1lvula Reguladora de Vaz\u00e3o Compensada LPFR-10<\/strong><\/p>\n<p>A V\u00e1lvula Reguladora de Vaz\u00e3o Compensada LPFR-10 opera independentemente da mudan\u00e7a de press\u00e3o da carga ou da altera\u00e7\u00e3o da temperatura do fluido. Mesmo que ocorra altera\u00e7\u00e3o na press\u00e3o da carga na porta 3 ou a carga na porta bypass 2, a vaz\u00e3o da porta 3 permanece a mesma.<\/p>\n<p>Quando a queda de press\u00e3o da porta 1 para a porta 3 atingir o valor m\u00ednimo (dependendo do valor ajustado da mola), o n\u00facleo da v\u00e1lvula come\u00e7ar\u00e1 a compensa\u00e7\u00e3o de press\u00e3o.<\/p>\n<p>A faixa de ajuste da vaz\u00e3o \u00e9 de \u00b1 25% do valor ajustado da vaz\u00e3o nominal e a queda de press\u00e3o quando a vaz\u00e3o nominal \u00e9 ajustada \u00e9 de cerca de 9 bar.<\/p>\n<p><img decoding=\"async\" src=\"data:image\/png;base64,iVBORw0KGgoAAAANSUhEUgAAAIwAAABuCAYAAAD1TPu3AAAAAXNSR0IArs4c6QAAAARnQU1BAACxjwv8YQUAAAAJcEhZcwAADsMAAA7DAcdvqGQAAAbiSURBVHhe7Zy\/bxRHFMfznwQMRk4AEZL0KHUIDQrKbzmIFHZSkQrnDwikx66IiKFyQ3Qp3blwYxeuLdLZpV263eiz3ncaJrPLjLnbuR1\/P9LobmcX+XH78Xtvdvf8XiVEAhJGJCFhRBISRiQhYUQSEkYkIWFEEhJGJCFhRBISRiQhYUQSEkYkIWFEEhJGJCFhRBISRiQhYUQSEkYkIWFEEhJGJCFhRBITF+bS+xdmZnQROt4fXYSOzzH6ZirCDI1fln+u4z45OWlmhoGEeUf29\/ertdW16reVlfF4+eJFdXBw0BwR5pOPbtZx\/zMaNTPDQMKcETIDcnx261YtCOLYYJv5P548CWaQ4+PjOmYGmWZISJgzgATLS0t1ZuE92cQVhsE8wnCcL83GxkY1f3GujptMMyQkzBkgsyCLgRhWjhCEeKwksc89Fu4v\/lgfY4OMMxT6\/qxh0MKQPSg3oVIDvkwcR3xHR0fNTFXduHptLAuZhowzFCRMIvQnjBB\/v3oVLEEItLm52WydxuuOXx8+bPbMPn1+1saghSGDkGVCkHmIhWNcaZDFL0uQ48N\/VyRMIl3CAKLQt7gZheP5dz4SJo7BC7O3t9dshdne3n5DEEpVqIxJmDgGLQwn3y0vyOP3LH4JQh4k8pEwcQxaGFY7\/Dxb9SAGJci2EYhexsoWy+u2VZWEiWPQwgDlxVZD1rMQA+Ore\/fG2YR9HEdWCiFh4hi8MIAIjLZ7RmQY9odWR4aEiaMIYYDMYfeMeE9m4RVRmHdXSiEkTBzFCAOUHROF5tbECfUsPrMgDL0XJZbYiQfZ+QUINekgYTKSO25EIRPySglFcl6RhV6M4ZdcCZORnHGTUcgmtrrjFVlcQSipCOXOSZiM5Irb+iwrm2QUYkEisgqvtg9pmLNtCZORHHFz4skadp3Itt0sgjBuw8629TQSJiM54ubCItnFsKbXhW2ykIEsSAMSJiM54kYEXxAXBHIzENgcSJiM5BLGzR4ulCeyT0goi1XCZCSXMKGrzyaL2wwbZBsrYxImIzniprll1ePSJQu4kkmYKcLJCZ0Aoytut4eYNAhjq563ycKc29NImCnCbyaxtfUMobiRjJPnXvuYNJx8W0qzfCYOf1gWIrPYCgnY1zfnqiSZAKG+wY+b33pO5NtuWk4C+1mWaXxYGSGKn3kkzASw6xSMv54\/r0844\/DwsN5vad9ffbhxI1bXCZwGXJMhkzDs2guD\/wexMednOQkzAXZ2dqorc5fqOBgLl+erax98ON5eefQoeH3DjZuT1Fa6pg0xmSwMpG0rh27MfVFkSeLbiz989311+cLFsSgMtlefPq2P4WTw6IBhcVt2mVbPMklyfNZF9zCUooX5K9X83Ol3p23Qw2xtbb0Rq71HpK6rr31z5\/YX1bdff1Otr6+Py6rhxt8XxTe9ZJufHjyo4\/ry7t26HCESfQzl6vHvj+v+weKmHLE9KxAXw6S\/urBQZ0++0msx90nxwhi7u7vVv69fN1un8LXYtdXVutEkbjLP8tLyuLehf2B+lof\/f5o250aYEGQZ9yIYpejTmx9Xdz6\/Xb+nn8mNiWF\/kuTG9et1xhyNRlk+63MrDE2tG6u9R5Q\/nz2rX2l+bZlLKcsBPcz9xcW6BPl\/ikTC9AjlhgxjWNx2PcRgm1KFNLOGhOkJsgtSuBfm3LjZN0uNbxsSpif8ezLgxo0slKNZ6GG6kDBThsxyuhL6\/91gP27rYWZZGgkzRaw3IbOEruKG4qZkIQ2SzSISZopw8t2exactblZHXP0NSZYbCZORIcYtYTIiYeKQMA0SJg4J0yBh4pAwDRImDgnTIGHikDANEiYOCdMgYeKQMA0SJo6iheF2gD19z+i6Ay1h4ihSGLtvxOAmognDTUfuDfHeR8LEUZww3ChECvc7Ry7MI45\/Q1HCxFGUMHwbgKzi3ygk47iPKbAfadyn6CRMHMUIgwShzIJExOSXIe5CM2\/P6kqYOIoRxn9GFyzj2F8H96Es2byEiaMYYay5DcF8aB+lyh7VlDBxFCNM1zcW24ShfEmYNIoRhvJCCQohYSZHMcIgS9uzt23CUMZspSRh4ihGGFY7rJJCz96GhOE4GmJbVUmYOIoRBsgw7t98MULCcKyVI5AwcRQljF2QQwY30\/gX7ihDZCP3+9ISJo6ihAFEIXMgBGJQcpjj1a7LIJUrC0iYOIoTxkAQKzvEZJmnbektYeIoVphUJEwcUxFmVkYXoeP90UXo+ByjbyYujCgbCSOSkDAiCQkjkpAwIgkJI5KQMCIJCSOSkDAiCQkjkpAwIgkJI5KQMCIJCSOSkDAiCQkjkpAwIgkJI5KQMCIJCSMSqKr\/AFwqHvACA45UAAAAAElFTkSuQmCC\" data-filename=\"lpfr-10.png\" \/><\/p>\n<p><strong>Especifica\u00e7\u00f5es t\u00e9cnicas:<\/strong><br \/>\nPress\u00e3o de opera\u00e7\u00e3o: 2 a 207;<br \/>\nTemperatura: de &#8211; 35\u00baC a + 120\u00baC;<br \/>\nFlu\u00eddos: Flu\u00eddos a base se \u00f3leo mineral (para outras aplica\u00e7\u00f5es, consultar nossa equipe t\u00e9cnica);<br \/>\nGrau de filtragem recomendada: ISO16\/12;<br \/>\nMaterial do corpo: A\u00e7o;<br \/>\nTratamento do corpo: Anodizado 6061T6;<br \/>\nCavidade: LB-10-3 (Cavidade 10);<br \/>\nVaz\u00e3o: De 1,9 a 9,5 litros por minuto e de 11,4 a 22,7 litros por minuto (Verificar as vers\u00f5es dispon\u00edveis.<\/p>\n<p><strong>Caracter\u00edsticas:<\/strong><br \/>\nCorpo da v\u00e1lvula leve e resistente;<br \/>\nCavidade padr\u00e3o (intercambi\u00e1vel com diversos fabricantes);<br \/>\nTamanho reduzido;<br \/>\nEstabilidade funcional;<br \/>\nPrecis\u00e3o em sua regulagem.<\/p>\n","protected":false},"excerpt":{"rendered":"<p>A V\u00e1lvula Reguladora de Vaz\u00e3o Compensada LPRF-10 mant\u00e9m o fluxo independente da mudan\u00e7a de press\u00e3o da carga ou da altera\u00e7\u00e3o da temperatura do fluido.<\/p>\n","protected":false},"featured_media":6884,"template":"","meta":[],"product_brand":[],"product_cat":[128,32],"product_tag":[],"class_list":{"0":"post-4153","1":"product","2":"type-product","3":"status-publish","4":"has-post-thumbnail","6":"product_cat-insertaveis-reguladora-de-vazao-compensada","7":"product_cat-valvulas-insertaveis","9":"first","10":"instock","11":"virtual","12":"product-type-simple"},"yoast_head":"<!-- This site is optimized with the Yoast SEO plugin v27.5 - https:\/\/yoast.com\/product\/yoast-seo-wordpress\/ -->\n<title>LPFR-10 - ACT Sistemas Hidr\u00e1ulicos<\/title>\n<meta name=\"description\" content=\"A V\u00e1lvula Reguladora de Vaz\u00e3o Compensada LPRF-10 mant\u00e9m o fluxo independente da mudan\u00e7a de press\u00e3o da carga ou da altera\u00e7\u00e3o da temperatura do fluido.\" \/>\n<meta name=\"robots\" content=\"index, follow, max-snippet:-1, max-image-preview:large, max-video-preview:-1\" \/>\n<link rel=\"canonical\" href=\"https:\/\/actbr.com.br\/en\/produto\/lpfr-10\/\" \/>\n<meta property=\"og:locale\" content=\"en_US\" \/>\n<meta property=\"og:type\" content=\"article\" \/>\n<meta property=\"og:title\" content=\"LPFR-10 - ACT Sistemas Hidr\u00e1ulicos\" \/>\n<meta property=\"og:description\" content=\"A V\u00e1lvula Reguladora de Vaz\u00e3o Compensada LPRF-10 mant\u00e9m o fluxo independente da mudan\u00e7a de press\u00e3o da carga ou da altera\u00e7\u00e3o da temperatura do fluido.\" \/>\n<meta property=\"og:url\" content=\"https:\/\/actbr.com.br\/en\/produto\/lpfr-10\/\" \/>\n<meta property=\"og:site_name\" content=\"ACT Sistemas Hidr\u00e1ulicos\" \/>\n<meta property=\"article:modified_time\" content=\"2023-06-28T17:47:08+00:00\" \/>\n<meta property=\"og:image\" content=\"https:\/\/actbr.com.br\/wp-content\/uploads\/2020\/09\/Valvula-reguladora-de-vazao-compensada-\u2013-LPFR-10.jpg\" \/>\n\t<meta property=\"og:image:width\" content=\"600\" \/>\n\t<meta property=\"og:image:height\" content=\"600\" \/>\n\t<meta property=\"og:image:type\" content=\"image\/jpeg\" \/>\n<meta name=\"twitter:card\" content=\"summary_large_image\" \/>\n<meta name=\"twitter:label1\" content=\"Est. reading time\" \/>\n\t<meta name=\"twitter:data1\" content=\"2 minutes\" \/>\n<script type=\"application\/ld+json\" class=\"yoast-schema-graph\">{\"@context\":\"https:\\\/\\\/schema.org\",\"@graph\":[{\"@type\":\"WebPage\",\"@id\":\"https:\\\/\\\/actbr.com.br\\\/en\\\/produto\\\/lpfr-10\\\/\",\"url\":\"https:\\\/\\\/actbr.com.br\\\/en\\\/produto\\\/lpfr-10\\\/\",\"name\":\"LPFR-10 - ACT Sistemas Hidr\u00e1ulicos\",\"isPartOf\":{\"@id\":\"https:\\\/\\\/actbr.com.br\\\/en\\\/#website\"},\"primaryImageOfPage\":{\"@id\":\"https:\\\/\\\/actbr.com.br\\\/en\\\/produto\\\/lpfr-10\\\/#primaryimage\"},\"image\":{\"@id\":\"https:\\\/\\\/actbr.com.br\\\/en\\\/produto\\\/lpfr-10\\\/#primaryimage\"},\"thumbnailUrl\":\"https:\\\/\\\/actbr.com.br\\\/wp-content\\\/uploads\\\/2020\\\/09\\\/Valvula-reguladora-de-vazao-compensada-\u2013-LPFR-10.jpg\",\"datePublished\":\"2020-09-29T15:49:40+00:00\",\"dateModified\":\"2023-06-28T17:47:08+00:00\",\"description\":\"A V\u00e1lvula Reguladora de Vaz\u00e3o Compensada LPRF-10 mant\u00e9m o fluxo independente da mudan\u00e7a de press\u00e3o da carga ou da altera\u00e7\u00e3o da temperatura do fluido.\",\"breadcrumb\":{\"@id\":\"https:\\\/\\\/actbr.com.br\\\/en\\\/produto\\\/lpfr-10\\\/#breadcrumb\"},\"inLanguage\":\"en-US\",\"potentialAction\":[{\"@type\":\"ReadAction\",\"target\":[\"https:\\\/\\\/actbr.com.br\\\/en\\\/produto\\\/lpfr-10\\\/\"]}]},{\"@type\":\"ImageObject\",\"inLanguage\":\"en-US\",\"@id\":\"https:\\\/\\\/actbr.com.br\\\/en\\\/produto\\\/lpfr-10\\\/#primaryimage\",\"url\":\"https:\\\/\\\/actbr.com.br\\\/wp-content\\\/uploads\\\/2020\\\/09\\\/Valvula-reguladora-de-vazao-compensada-\u2013-LPFR-10.jpg\",\"contentUrl\":\"https:\\\/\\\/actbr.com.br\\\/wp-content\\\/uploads\\\/2020\\\/09\\\/Valvula-reguladora-de-vazao-compensada-\u2013-LPFR-10.jpg\",\"width\":600,\"height\":600,\"caption\":\"V\u00e1lvula Reguladora de Vaz\u00e3o Compensada LPFR-10\"},{\"@type\":\"BreadcrumbList\",\"@id\":\"https:\\\/\\\/actbr.com.br\\\/en\\\/produto\\\/lpfr-10\\\/#breadcrumb\",\"itemListElement\":[{\"@type\":\"ListItem\",\"position\":1,\"name\":\"In\u00edcio\",\"item\":\"https:\\\/\\\/actbr.com.br\\\/en\\\/\"},{\"@type\":\"ListItem\",\"position\":2,\"name\":\"Produtos\",\"item\":\"https:\\\/\\\/actbr.com.br\\\/produtos-act\\\/\"},{\"@type\":\"ListItem\",\"position\":3,\"name\":\"V\u00e1lvulas Insert\u00e1veis\",\"item\":\"https:\\\/\\\/actbr.com.br\\\/en\\\/categoria-produto\\\/valvulas-insertaveis\\\/\"},{\"@type\":\"ListItem\",\"position\":4,\"name\":\"Reguladora de Vaz\u00e3o - Compensada\",\"item\":\"https:\\\/\\\/actbr.com.br\\\/en\\\/categoria-produto\\\/valvulas-insertaveis\\\/insertaveis-reguladora-de-vazao-compensada\\\/\"},{\"@type\":\"ListItem\",\"position\":5,\"name\":\"LPFR-10\"}]},{\"@type\":\"WebSite\",\"@id\":\"https:\\\/\\\/actbr.com.br\\\/en\\\/#website\",\"url\":\"https:\\\/\\\/actbr.com.br\\\/en\\\/\",\"name\":\"ACT Sistemas Hidr\u00e1ulicos\",\"description\":\"Fabrica\u00e7\u00e3o e manuten\u00e7\u00e3o de componentes \u00f3leo hidr\u00e1ulicos\",\"publisher\":{\"@id\":\"https:\\\/\\\/actbr.com.br\\\/en\\\/#organization\"},\"potentialAction\":[{\"@type\":\"SearchAction\",\"target\":{\"@type\":\"EntryPoint\",\"urlTemplate\":\"https:\\\/\\\/actbr.com.br\\\/en\\\/?s={search_term_string}\"},\"query-input\":{\"@type\":\"PropertyValueSpecification\",\"valueRequired\":true,\"valueName\":\"search_term_string\"}}],\"inLanguage\":\"en-US\"},{\"@type\":\"Organization\",\"@id\":\"https:\\\/\\\/actbr.com.br\\\/en\\\/#organization\",\"name\":\"ACT Sistemas Hidr\u00e1ulicos\",\"url\":\"https:\\\/\\\/actbr.com.br\\\/en\\\/\",\"logo\":{\"@type\":\"ImageObject\",\"inLanguage\":\"en-US\",\"@id\":\"https:\\\/\\\/actbr.com.br\\\/en\\\/#\\\/schema\\\/logo\\\/image\\\/\",\"url\":\"https:\\\/\\\/actbr.com.br\\\/wp-content\\\/uploads\\\/2025\\\/02\\\/cropped-ACT_NEGATIVO-marca-dagua.png\",\"contentUrl\":\"https:\\\/\\\/actbr.com.br\\\/wp-content\\\/uploads\\\/2025\\\/02\\\/cropped-ACT_NEGATIVO-marca-dagua.png\",\"width\":240,\"height\":146,\"caption\":\"ACT Sistemas Hidr\u00e1ulicos\"},\"image\":{\"@id\":\"https:\\\/\\\/actbr.com.br\\\/en\\\/#\\\/schema\\\/logo\\\/image\\\/\"}}]}<\/script>\n<!-- \/ Yoast SEO plugin. -->","yoast_head_json":{"title":"LPFR-10 - ACT Sistemas Hidr\u00e1ulicos","description":"A V\u00e1lvula Reguladora de Vaz\u00e3o Compensada LPRF-10 mant\u00e9m o fluxo independente da mudan\u00e7a de press\u00e3o da carga ou da altera\u00e7\u00e3o da temperatura do fluido.","robots":{"index":"index","follow":"follow","max-snippet":"max-snippet:-1","max-image-preview":"max-image-preview:large","max-video-preview":"max-video-preview:-1"},"canonical":"https:\/\/actbr.com.br\/en\/produto\/lpfr-10\/","og_locale":"en_US","og_type":"article","og_title":"LPFR-10 - ACT Sistemas Hidr\u00e1ulicos","og_description":"A V\u00e1lvula Reguladora de Vaz\u00e3o Compensada LPRF-10 mant\u00e9m o fluxo independente da mudan\u00e7a de press\u00e3o da carga ou da altera\u00e7\u00e3o da temperatura do fluido.","og_url":"https:\/\/actbr.com.br\/en\/produto\/lpfr-10\/","og_site_name":"ACT Sistemas Hidr\u00e1ulicos","article_modified_time":"2023-06-28T17:47:08+00:00","og_image":[{"width":600,"height":600,"url":"https:\/\/actbr.com.br\/wp-content\/uploads\/2020\/09\/Valvula-reguladora-de-vazao-compensada-\u2013-LPFR-10.jpg","type":"image\/jpeg"}],"twitter_card":"summary_large_image","twitter_misc":{"Est. reading time":"2 minutes"},"schema":{"@context":"https:\/\/schema.org","@graph":[{"@type":"WebPage","@id":"https:\/\/actbr.com.br\/en\/produto\/lpfr-10\/","url":"https:\/\/actbr.com.br\/en\/produto\/lpfr-10\/","name":"LPFR-10 - ACT Sistemas Hidr\u00e1ulicos","isPartOf":{"@id":"https:\/\/actbr.com.br\/en\/#website"},"primaryImageOfPage":{"@id":"https:\/\/actbr.com.br\/en\/produto\/lpfr-10\/#primaryimage"},"image":{"@id":"https:\/\/actbr.com.br\/en\/produto\/lpfr-10\/#primaryimage"},"thumbnailUrl":"https:\/\/actbr.com.br\/wp-content\/uploads\/2020\/09\/Valvula-reguladora-de-vazao-compensada-\u2013-LPFR-10.jpg","datePublished":"2020-09-29T15:49:40+00:00","dateModified":"2023-06-28T17:47:08+00:00","description":"A V\u00e1lvula Reguladora de Vaz\u00e3o Compensada LPRF-10 mant\u00e9m o fluxo independente da mudan\u00e7a de press\u00e3o da carga ou da altera\u00e7\u00e3o da temperatura do fluido.","breadcrumb":{"@id":"https:\/\/actbr.com.br\/en\/produto\/lpfr-10\/#breadcrumb"},"inLanguage":"en-US","potentialAction":[{"@type":"ReadAction","target":["https:\/\/actbr.com.br\/en\/produto\/lpfr-10\/"]}]},{"@type":"ImageObject","inLanguage":"en-US","@id":"https:\/\/actbr.com.br\/en\/produto\/lpfr-10\/#primaryimage","url":"https:\/\/actbr.com.br\/wp-content\/uploads\/2020\/09\/Valvula-reguladora-de-vazao-compensada-\u2013-LPFR-10.jpg","contentUrl":"https:\/\/actbr.com.br\/wp-content\/uploads\/2020\/09\/Valvula-reguladora-de-vazao-compensada-\u2013-LPFR-10.jpg","width":600,"height":600,"caption":"V\u00e1lvula Reguladora de Vaz\u00e3o Compensada LPFR-10"},{"@type":"BreadcrumbList","@id":"https:\/\/actbr.com.br\/en\/produto\/lpfr-10\/#breadcrumb","itemListElement":[{"@type":"ListItem","position":1,"name":"In\u00edcio","item":"https:\/\/actbr.com.br\/en\/"},{"@type":"ListItem","position":2,"name":"Produtos","item":"https:\/\/actbr.com.br\/produtos-act\/"},{"@type":"ListItem","position":3,"name":"V\u00e1lvulas Insert\u00e1veis","item":"https:\/\/actbr.com.br\/en\/categoria-produto\/valvulas-insertaveis\/"},{"@type":"ListItem","position":4,"name":"Reguladora de Vaz\u00e3o - Compensada","item":"https:\/\/actbr.com.br\/en\/categoria-produto\/valvulas-insertaveis\/insertaveis-reguladora-de-vazao-compensada\/"},{"@type":"ListItem","position":5,"name":"LPFR-10"}]},{"@type":"WebSite","@id":"https:\/\/actbr.com.br\/en\/#website","url":"https:\/\/actbr.com.br\/en\/","name":"ACT Sistemas Hidr\u00e1ulicos","description":"Fabrica\u00e7\u00e3o e manuten\u00e7\u00e3o de componentes \u00f3leo hidr\u00e1ulicos","publisher":{"@id":"https:\/\/actbr.com.br\/en\/#organization"},"potentialAction":[{"@type":"SearchAction","target":{"@type":"EntryPoint","urlTemplate":"https:\/\/actbr.com.br\/en\/?s={search_term_string}"},"query-input":{"@type":"PropertyValueSpecification","valueRequired":true,"valueName":"search_term_string"}}],"inLanguage":"en-US"},{"@type":"Organization","@id":"https:\/\/actbr.com.br\/en\/#organization","name":"ACT Sistemas Hidr\u00e1ulicos","url":"https:\/\/actbr.com.br\/en\/","logo":{"@type":"ImageObject","inLanguage":"en-US","@id":"https:\/\/actbr.com.br\/en\/#\/schema\/logo\/image\/","url":"https:\/\/actbr.com.br\/wp-content\/uploads\/2025\/02\/cropped-ACT_NEGATIVO-marca-dagua.png","contentUrl":"https:\/\/actbr.com.br\/wp-content\/uploads\/2025\/02\/cropped-ACT_NEGATIVO-marca-dagua.png","width":240,"height":146,"caption":"ACT Sistemas Hidr\u00e1ulicos"},"image":{"@id":"https:\/\/actbr.com.br\/en\/#\/schema\/logo\/image\/"}}]}},"_links":{"self":[{"href":"https:\/\/actbr.com.br\/en\/wp-json\/wp\/v2\/product\/4153","targetHints":{"allow":["GET"]}}],"collection":[{"href":"https:\/\/actbr.com.br\/en\/wp-json\/wp\/v2\/product"}],"about":[{"href":"https:\/\/actbr.com.br\/en\/wp-json\/wp\/v2\/types\/product"}],"wp:featuredmedia":[{"embeddable":true,"href":"https:\/\/actbr.com.br\/en\/wp-json\/wp\/v2\/media\/6884"}],"wp:attachment":[{"href":"https:\/\/actbr.com.br\/en\/wp-json\/wp\/v2\/media?parent=4153"}],"wp:term":[{"taxonomy":"product_brand","embeddable":true,"href":"https:\/\/actbr.com.br\/en\/wp-json\/wp\/v2\/product_brand?post=4153"},{"taxonomy":"product_cat","embeddable":true,"href":"https:\/\/actbr.com.br\/en\/wp-json\/wp\/v2\/product_cat?post=4153"},{"taxonomy":"product_tag","embeddable":true,"href":"https:\/\/actbr.com.br\/en\/wp-json\/wp\/v2\/product_tag?post=4153"}],"curies":[{"name":"wp","href":"https:\/\/api.w.org\/{rel}","templated":true}]}}