{"id":4165,"date":"2020-09-29T12:50:29","date_gmt":"2020-09-29T15:50:29","guid":{"rendered":"https:\/\/actbr.com.br\/produto\/valvula-reguladora-de-pressao-tipo-alivio-lnrv-08\/"},"modified":"2023-06-28T16:36:44","modified_gmt":"2023-06-28T19:36:44","slug":"lnrv-08","status":"publish","type":"product","link":"https:\/\/actbr.com.br\/en\/produto\/lnrv-08\/","title":{"rendered":"LNRV-08"},"content":{"rendered":"<p><strong>V\u00e1lvula de Al\u00edvio LNRV-08<\/strong><\/p>\n<p>A V\u00e1lvula Reguladora de Press\u00e3o (Tipo al\u00edvio) &#8211; LNRV-08 ACT possui a fun\u00e7\u00e3o de evitar sobre press\u00e3o no sistema, atrav\u00e9s de uma regulagem fixa (parafuso allen ou manopla).<\/p>\n<p>Quando a press\u00e3o na porta 1 excede a press\u00e3o ajustada, a v\u00e1lvula abre a passagem de 1 a 2, que s\u00e3o conectados (p\u00f3rticos 1 e 2) para impedir a sobre press\u00e3o do sistema.<\/p>\n<p><img decoding=\"async\" src=\"data:image\/png;base64,iVBORw0KGgoAAAANSUhEUgAAAIwAAABuCAYAAAD1TPu3AAAAAXNSR0IArs4c6QAAAARnQU1BAACxjwv8YQUAAAAJcEhZcwAADsMAAA7DAcdvqGQAAAY6SURBVHhe7Z0\/b9w2GIf7TZo\/ZztN4BQdagRBgaBr0ClNg64pmiH9ACmQIgWCTinsxUOzO13iJZ2awaMNzx48Ge5mj\/boVfWP1XvgsRR1rySSJ\/r3AEROoiS+p3vwkpIo55OKEAUUhqigMEQFhSEqKAxRQWGICgpDVFAYooLCEBUUhqigMEQFhSEqKAxRQWGICgpDVFAYooLCEBUUhqigMEQFhSEqKAxRQWGICgpDVEQT5uan1xamhPBt75YQvu1zlFREFWaMjDFuCjMgJycn1V8fPlS\/vHxpyts\/3lb7+\/vVxcVFvcUsFCZMscKcnZ0ZQb5+8KD689276uDgoDo6Oqp2dnam6yGOC4UJU6QwyCoiSlMmgTyyjQ2FCVOkMD89f266IRuIg+7IRsRC9hEoTJjihEE3A2Fs0D1hnS8mbP\/9kyf1EoVpozhhMD5xxybodlCaYoIwyDaAwoQpThi0i4zioymm39+8MYNhQGHCFClME011GO\/ImIfChGGGuYQZZn6uxBhGaIqJY5j5KU4Y31WS4IuJV0k6ihMG+O7DADcmdF32fRgsU5gwRQrTdKfX7qrkTq\/czMN2k2vXTdy\/vnpl1o0FCjMAyBZtz5JkoAu2trZMzE3FxlcvxaatfihiHddHscIIyDYQBpKghJ5Wf3X\/vol7b2+vXjMsFCbAogijARLFjJvCBBijMIDChKEwDmOMm8JkhMKEoTAOFCYMhXGIGXesY1OYiCCumCVEW31XYh3Xx5UUpit9hYh1TlKeawqjoK8Qsc5JynNNYRT0FSLWOUl5rimMgr5CxDonKc81hVHQV4hY5yTluaYwCnIJ0QaF6Yj9QhrAFAeZegn6PlykMIUJY8\/NBTKtAWAGHubAIK6mSeJtUJjChMFcF3tSlLzt+N23j81n1PWJq23fvvVdiXVcH0UJg4lRklH+OT42MdxeXjGz6UDo7cd5aNu3b31XYh3XR1HCyBhFxPjh6dNq+\/17swya3q+el7Z9+9Z3JdZxfRSXYZBRfn7xotpY35h2QRjbiEx94mrbV47vtuNbNySxjutjlMLgx0cRMLkb2QNibKyvm4wiA2D5oWTyd5+42vaN+Z1DpGx3dMKcn59Xd259Vn1x96652sFrrvYbALi0xjIKQBzYBgLhSqlPXG37pvzhbFK2OyphIMvnq6vm2PIOEbKJnW0A1sv7RvgsXZNknK607dvn2H1I2e5ohDk9PZ3KImVlMqlrZ0FGkZfWsB1EsTOOls3NzZl2J9dv1DWzdDn2EKRsdxTCHF9eIq9MlqY\/GMrS5Y+Gfz\/+\/bHeyo8bh7s8D8hQyzduTttGdvPR5dhDkLLdhRfGlgU\/1K2lZXMjbnt723RRbbhxdI0L+0n55uHDeu0sXY\/dl5TtLrwwuOq5t7ZW\/fb6dXV4eFiv7U7XuO59uWb2RUEX5SPlD2eTst1RDXq74MbRNS68oI99keWaxM31nVO2S2HmZHd31+yLsUwTub5zynYpjALs+\/jRo3rp\/+T6zinbvZLCxCw5SNnulROmjdD2XefRxIbCDMiQwiwqFGZAKMywFC+MFgoThsI4UJgw7JIcKEwYCmMh0yDc6RIAk7TwFBz1dsE61OUEcaSCwtTgIadI4D5cxJwbTI\/ABCz70hpiyesr7n\/elRIKMyAigRTBXW+X1dt36q3+e3UF0z8higgif8JVXpzDemyTSxrEnAoOei2e\/fjMxI1sA+SvhUsXJfJAFEzQQp0tDaaBysStlFCYjNhx2zP3AOpEHoA6eQ8KYBlCpYbCZMSO2xXEfTSAjON2Q9gn9SMECpMRiRvdEbqYJqS7cuVAxkl91URhMmIL09S9yKRy33iFwnRk7MIA33cIyQJ8WSc2FCYjdtzIMLYYbbK0dWOxoDAZseOGGCIAsgZkgUS4FyNF3rgE6I6wLjUUJiNu3BAEV0IQxhZFiggj92hyQGEy4sYtd3FRfINZrENmQb19CZ4SCpORpriRTdA9oUAQFHxGN4W6XLIACpORtrgx8EVWQcHnRaAYYRalhPBt75YQvu1zlFREE4aUCYUhKigMUUFhiAoKQ1RQGKKCwhAVFIaooDBEBYUhKigMUUFhiAoKQ1RQGKKCwhAVFIaooDBEBYUhCqrqX\/hZo1pU5HH6AAAAAElFTkSuQmCC\" data-filename=\"lrv-08-alivio-cartucho.png\" \/><\/p>\n<p><strong>Especifica\u00e7\u00f5es t\u00e9cnicas:<\/strong><br \/>\nPress\u00e3o de opera\u00e7\u00e3o: At\u00e9 350 bar;<br \/>\nTemperatura: de &#8211; 35\u00baC a + 120\u00baC;<br \/>\nFlu\u00eddos: Flu\u00eddos a base se \u00f3leo mineral (para outras aplica\u00e7\u00f5es, consultar nossa equipe t\u00e9cnica);<br \/>\nGrau de filtragem recomendada: ISO16\/12;<br \/>\nMaterial do corpo: A\u00e7o;<br \/>\nTratamento do corpo: Anodizado 6061T6.<br \/>\nCavidade: LB-08-2 (Cavidade 8)<br \/>\nVaz\u00e3o: 30 litros por minuto (Verificar as vers\u00f5es dispon\u00edveis).<\/p>\n<p><strong>Caracter\u00edsticas:<\/strong><br \/>\nCorpo da v\u00e1lvula leve e resistente;<br \/>\nCavidade padr\u00e3o (intercambi\u00e1vel com diversos fabricantes);<br \/>\nTamanho reduzido;<br \/>\nEstabilidade funcional;<br \/>\nPrecis\u00e3o em sua regulagem.<\/p>\n","protected":false},"excerpt":{"rendered":"<p>A V\u00e1lvula Reguladora de Press\u00e3o (Tipo Al\u00edvio) LNRV-08 possui a fun\u00e7\u00e3o de evitar sobre press\u00e3o no sistema, atrav\u00e9s de uma regulagem fixa.<\/p>\n","protected":false},"featured_media":7676,"template":"","meta":[],"product_brand":[],"product_cat":[129,32],"product_tag":[],"class_list":{"0":"post-4165","1":"product","2":"type-product","3":"status-publish","4":"has-post-thumbnail","6":"product_cat-alivio-1-2","7":"product_cat-valvulas-insertaveis","9":"first","10":"instock","11":"virtual","12":"product-type-simple"},"yoast_head":"<!-- This site is optimized with the Yoast SEO plugin v27.2 - https:\/\/yoast.com\/product\/yoast-seo-wordpress\/ -->\n<title>LNRV-08 - ACT Sistemas Hidr\u00e1ulicos<\/title>\n<meta name=\"description\" content=\"A V\u00e1lvula Reguladora de Press\u00e3o (Tipo Al\u00edvio) LNRV-08 possui a fun\u00e7\u00e3o de evitar sobre press\u00e3o no sistema, atrav\u00e9s de uma regulagem fixa.\" \/>\n<meta name=\"robots\" content=\"index, follow, max-snippet:-1, max-image-preview:large, max-video-preview:-1\" \/>\n<link rel=\"canonical\" href=\"https:\/\/actbr.com.br\/en\/produto\/lnrv-08\/\" \/>\n<meta property=\"og:locale\" content=\"en_US\" \/>\n<meta property=\"og:type\" content=\"article\" \/>\n<meta property=\"og:title\" content=\"LNRV-08 - ACT Sistemas Hidr\u00e1ulicos\" \/>\n<meta property=\"og:description\" content=\"A V\u00e1lvula Reguladora de Press\u00e3o (Tipo Al\u00edvio) LNRV-08 possui a fun\u00e7\u00e3o de evitar sobre press\u00e3o no sistema, atrav\u00e9s de uma regulagem fixa.\" \/>\n<meta property=\"og:url\" content=\"https:\/\/actbr.com.br\/en\/produto\/lnrv-08\/\" \/>\n<meta property=\"og:site_name\" content=\"ACT Sistemas Hidr\u00e1ulicos\" \/>\n<meta property=\"article:modified_time\" content=\"2023-06-28T19:36:44+00:00\" \/>\n<meta property=\"og:image\" content=\"https:\/\/actbr.com.br\/wp-content\/uploads\/2020\/09\/LNRV-08.jpg\" \/>\n\t<meta property=\"og:image:width\" content=\"600\" \/>\n\t<meta property=\"og:image:height\" content=\"600\" \/>\n\t<meta property=\"og:image:type\" content=\"image\/jpeg\" \/>\n<meta name=\"twitter:card\" content=\"summary_large_image\" \/>\n<meta name=\"twitter:label1\" content=\"Est. reading time\" \/>\n\t<meta name=\"twitter:data1\" content=\"1 minute\" \/>\n<script type=\"application\/ld+json\" class=\"yoast-schema-graph\">{\"@context\":\"https:\/\/schema.org\",\"@graph\":[{\"@type\":\"WebPage\",\"@id\":\"https:\/\/actbr.com.br\/en\/produto\/lnrv-08\/\",\"url\":\"https:\/\/actbr.com.br\/en\/produto\/lnrv-08\/\",\"name\":\"LNRV-08 - ACT Sistemas Hidr\u00e1ulicos\",\"isPartOf\":{\"@id\":\"https:\/\/actbr.com.br\/en\/#website\"},\"primaryImageOfPage\":{\"@id\":\"https:\/\/actbr.com.br\/en\/produto\/lnrv-08\/#primaryimage\"},\"image\":{\"@id\":\"https:\/\/actbr.com.br\/en\/produto\/lnrv-08\/#primaryimage\"},\"thumbnailUrl\":\"https:\/\/actbr.com.br\/wp-content\/uploads\/2020\/09\/LNRV-08.jpg\",\"datePublished\":\"2020-09-29T15:50:29+00:00\",\"dateModified\":\"2023-06-28T19:36:44+00:00\",\"description\":\"A V\u00e1lvula Reguladora de Press\u00e3o (Tipo Al\u00edvio) LNRV-08 possui a fun\u00e7\u00e3o de evitar sobre press\u00e3o no sistema, atrav\u00e9s de uma regulagem fixa.\",\"breadcrumb\":{\"@id\":\"https:\/\/actbr.com.br\/en\/produto\/lnrv-08\/#breadcrumb\"},\"inLanguage\":\"en-US\",\"potentialAction\":[{\"@type\":\"ReadAction\",\"target\":[\"https:\/\/actbr.com.br\/en\/produto\/lnrv-08\/\"]}]},{\"@type\":\"ImageObject\",\"inLanguage\":\"en-US\",\"@id\":\"https:\/\/actbr.com.br\/en\/produto\/lnrv-08\/#primaryimage\",\"url\":\"https:\/\/actbr.com.br\/wp-content\/uploads\/2020\/09\/LNRV-08.jpg\",\"contentUrl\":\"https:\/\/actbr.com.br\/wp-content\/uploads\/2020\/09\/LNRV-08.jpg\",\"width\":600,\"height\":600,\"caption\":\"V\u00e1lvula de Al\u00edvio LNRV-08\"},{\"@type\":\"BreadcrumbList\",\"@id\":\"https:\/\/actbr.com.br\/en\/produto\/lnrv-08\/#breadcrumb\",\"itemListElement\":[{\"@type\":\"ListItem\",\"position\":1,\"name\":\"In\u00edcio\",\"item\":\"https:\/\/actbr.com.br\/en\/\"},{\"@type\":\"ListItem\",\"position\":2,\"name\":\"Produtos\",\"item\":\"https:\/\/actbr.com.br\/produtos-act\/\"},{\"@type\":\"ListItem\",\"position\":3,\"name\":\"V\u00e1lvulas Insert\u00e1veis\",\"item\":\"https:\/\/actbr.com.br\/en\/categoria-produto\/valvulas-insertaveis\/\"},{\"@type\":\"ListItem\",\"position\":4,\"name\":\"Al\u00edvio - 1-2\",\"item\":\"https:\/\/actbr.com.br\/en\/categoria-produto\/valvulas-insertaveis\/alivio-1-2\/\"},{\"@type\":\"ListItem\",\"position\":5,\"name\":\"LNRV-08\"}]},{\"@type\":\"WebSite\",\"@id\":\"https:\/\/actbr.com.br\/en\/#website\",\"url\":\"https:\/\/actbr.com.br\/en\/\",\"name\":\"ACT Sistemas Hidr\u00e1ulicos\",\"description\":\"Fabrica\u00e7\u00e3o e manuten\u00e7\u00e3o de componentes \u00f3leo hidr\u00e1ulicos\",\"publisher\":{\"@id\":\"https:\/\/actbr.com.br\/en\/#organization\"},\"potentialAction\":[{\"@type\":\"SearchAction\",\"target\":{\"@type\":\"EntryPoint\",\"urlTemplate\":\"https:\/\/actbr.com.br\/en\/?s={search_term_string}\"},\"query-input\":{\"@type\":\"PropertyValueSpecification\",\"valueRequired\":true,\"valueName\":\"search_term_string\"}}],\"inLanguage\":\"en-US\"},{\"@type\":\"Organization\",\"@id\":\"https:\/\/actbr.com.br\/en\/#organization\",\"name\":\"ACT Sistemas Hidr\u00e1ulicos\",\"url\":\"https:\/\/actbr.com.br\/en\/\",\"logo\":{\"@type\":\"ImageObject\",\"inLanguage\":\"en-US\",\"@id\":\"https:\/\/actbr.com.br\/en\/#\/schema\/logo\/image\/\",\"url\":\"https:\/\/actbr.com.br\/wp-content\/uploads\/2025\/02\/cropped-ACT_NEGATIVO-marca-dagua.png\",\"contentUrl\":\"https:\/\/actbr.com.br\/wp-content\/uploads\/2025\/02\/cropped-ACT_NEGATIVO-marca-dagua.png\",\"width\":240,\"height\":146,\"caption\":\"ACT Sistemas Hidr\u00e1ulicos\"},\"image\":{\"@id\":\"https:\/\/actbr.com.br\/en\/#\/schema\/logo\/image\/\"}}]}<\/script>\n<!-- \/ Yoast SEO plugin. -->","yoast_head_json":{"title":"LNRV-08 - ACT Sistemas Hidr\u00e1ulicos","description":"A V\u00e1lvula Reguladora de Press\u00e3o (Tipo Al\u00edvio) LNRV-08 possui a fun\u00e7\u00e3o de evitar sobre press\u00e3o no sistema, atrav\u00e9s de uma regulagem fixa.","robots":{"index":"index","follow":"follow","max-snippet":"max-snippet:-1","max-image-preview":"max-image-preview:large","max-video-preview":"max-video-preview:-1"},"canonical":"https:\/\/actbr.com.br\/en\/produto\/lnrv-08\/","og_locale":"en_US","og_type":"article","og_title":"LNRV-08 - ACT Sistemas Hidr\u00e1ulicos","og_description":"A V\u00e1lvula Reguladora de Press\u00e3o (Tipo Al\u00edvio) LNRV-08 possui a fun\u00e7\u00e3o de evitar sobre press\u00e3o no sistema, atrav\u00e9s de uma regulagem fixa.","og_url":"https:\/\/actbr.com.br\/en\/produto\/lnrv-08\/","og_site_name":"ACT Sistemas Hidr\u00e1ulicos","article_modified_time":"2023-06-28T19:36:44+00:00","og_image":[{"width":600,"height":600,"url":"https:\/\/actbr.com.br\/wp-content\/uploads\/2020\/09\/LNRV-08.jpg","type":"image\/jpeg"}],"twitter_card":"summary_large_image","twitter_misc":{"Est. reading time":"1 minute"},"schema":{"@context":"https:\/\/schema.org","@graph":[{"@type":"WebPage","@id":"https:\/\/actbr.com.br\/en\/produto\/lnrv-08\/","url":"https:\/\/actbr.com.br\/en\/produto\/lnrv-08\/","name":"LNRV-08 - ACT Sistemas Hidr\u00e1ulicos","isPartOf":{"@id":"https:\/\/actbr.com.br\/en\/#website"},"primaryImageOfPage":{"@id":"https:\/\/actbr.com.br\/en\/produto\/lnrv-08\/#primaryimage"},"image":{"@id":"https:\/\/actbr.com.br\/en\/produto\/lnrv-08\/#primaryimage"},"thumbnailUrl":"https:\/\/actbr.com.br\/wp-content\/uploads\/2020\/09\/LNRV-08.jpg","datePublished":"2020-09-29T15:50:29+00:00","dateModified":"2023-06-28T19:36:44+00:00","description":"A V\u00e1lvula Reguladora de Press\u00e3o (Tipo Al\u00edvio) LNRV-08 possui a fun\u00e7\u00e3o de evitar sobre press\u00e3o no sistema, atrav\u00e9s de uma regulagem fixa.","breadcrumb":{"@id":"https:\/\/actbr.com.br\/en\/produto\/lnrv-08\/#breadcrumb"},"inLanguage":"en-US","potentialAction":[{"@type":"ReadAction","target":["https:\/\/actbr.com.br\/en\/produto\/lnrv-08\/"]}]},{"@type":"ImageObject","inLanguage":"en-US","@id":"https:\/\/actbr.com.br\/en\/produto\/lnrv-08\/#primaryimage","url":"https:\/\/actbr.com.br\/wp-content\/uploads\/2020\/09\/LNRV-08.jpg","contentUrl":"https:\/\/actbr.com.br\/wp-content\/uploads\/2020\/09\/LNRV-08.jpg","width":600,"height":600,"caption":"V\u00e1lvula de Al\u00edvio LNRV-08"},{"@type":"BreadcrumbList","@id":"https:\/\/actbr.com.br\/en\/produto\/lnrv-08\/#breadcrumb","itemListElement":[{"@type":"ListItem","position":1,"name":"In\u00edcio","item":"https:\/\/actbr.com.br\/en\/"},{"@type":"ListItem","position":2,"name":"Produtos","item":"https:\/\/actbr.com.br\/produtos-act\/"},{"@type":"ListItem","position":3,"name":"V\u00e1lvulas Insert\u00e1veis","item":"https:\/\/actbr.com.br\/en\/categoria-produto\/valvulas-insertaveis\/"},{"@type":"ListItem","position":4,"name":"Al\u00edvio - 1-2","item":"https:\/\/actbr.com.br\/en\/categoria-produto\/valvulas-insertaveis\/alivio-1-2\/"},{"@type":"ListItem","position":5,"name":"LNRV-08"}]},{"@type":"WebSite","@id":"https:\/\/actbr.com.br\/en\/#website","url":"https:\/\/actbr.com.br\/en\/","name":"ACT Sistemas Hidr\u00e1ulicos","description":"Fabrica\u00e7\u00e3o e manuten\u00e7\u00e3o de componentes \u00f3leo hidr\u00e1ulicos","publisher":{"@id":"https:\/\/actbr.com.br\/en\/#organization"},"potentialAction":[{"@type":"SearchAction","target":{"@type":"EntryPoint","urlTemplate":"https:\/\/actbr.com.br\/en\/?s={search_term_string}"},"query-input":{"@type":"PropertyValueSpecification","valueRequired":true,"valueName":"search_term_string"}}],"inLanguage":"en-US"},{"@type":"Organization","@id":"https:\/\/actbr.com.br\/en\/#organization","name":"ACT Sistemas Hidr\u00e1ulicos","url":"https:\/\/actbr.com.br\/en\/","logo":{"@type":"ImageObject","inLanguage":"en-US","@id":"https:\/\/actbr.com.br\/en\/#\/schema\/logo\/image\/","url":"https:\/\/actbr.com.br\/wp-content\/uploads\/2025\/02\/cropped-ACT_NEGATIVO-marca-dagua.png","contentUrl":"https:\/\/actbr.com.br\/wp-content\/uploads\/2025\/02\/cropped-ACT_NEGATIVO-marca-dagua.png","width":240,"height":146,"caption":"ACT Sistemas Hidr\u00e1ulicos"},"image":{"@id":"https:\/\/actbr.com.br\/en\/#\/schema\/logo\/image\/"}}]}},"_links":{"self":[{"href":"https:\/\/actbr.com.br\/en\/wp-json\/wp\/v2\/product\/4165","targetHints":{"allow":["GET"]}}],"collection":[{"href":"https:\/\/actbr.com.br\/en\/wp-json\/wp\/v2\/product"}],"about":[{"href":"https:\/\/actbr.com.br\/en\/wp-json\/wp\/v2\/types\/product"}],"wp:featuredmedia":[{"embeddable":true,"href":"https:\/\/actbr.com.br\/en\/wp-json\/wp\/v2\/media\/7676"}],"wp:attachment":[{"href":"https:\/\/actbr.com.br\/en\/wp-json\/wp\/v2\/media?parent=4165"}],"wp:term":[{"taxonomy":"product_brand","embeddable":true,"href":"https:\/\/actbr.com.br\/en\/wp-json\/wp\/v2\/product_brand?post=4165"},{"taxonomy":"product_cat","embeddable":true,"href":"https:\/\/actbr.com.br\/en\/wp-json\/wp\/v2\/product_cat?post=4165"},{"taxonomy":"product_tag","embeddable":true,"href":"https:\/\/actbr.com.br\/en\/wp-json\/wp\/v2\/product_tag?post=4165"}],"curies":[{"name":"wp","href":"https:\/\/api.w.org\/{rel}","templated":true}]}}