{"id":4171,"date":"2020-09-29T12:50:29","date_gmt":"2020-09-29T15:50:29","guid":{"rendered":"https:\/\/actbr.com.br\/produto\/valvula-reguladora-de-pressao-tipo-alivio-ldrv-08\/"},"modified":"2023-06-28T14:45:28","modified_gmt":"2023-06-28T17:45:28","slug":"ldrv-08","status":"publish","type":"product","link":"https:\/\/actbr.com.br\/en\/produto\/ldrv-08\/","title":{"rendered":"LDRV-08"},"content":{"rendered":"<p><strong>V\u00e1lvula de Al\u00edvio LDRV-08<\/strong><\/p>\n<p>A V\u00e1lvula Reguladora de Press\u00e3o (Tipo Al\u00edvio) LDRV-08 possui a fun\u00e7\u00e3o de evitar sobre press\u00e3o no sistema, atrav\u00e9s de uma regulagem fixa (parafuso allen ou manopla).<\/p>\n<p>Quando a press\u00e3o na porta 2 excede a press\u00e3o ajustada, a v\u00e1lvula abre a passagem de 2 a 1, que s\u00e3o conectados (p\u00f3rticos 2 e 1) para impedir a sobrepress\u00e3o do sistema.<\/p>\n<p><img decoding=\"async\" src=\"data:image\/png;base64,iVBORw0KGgoAAAANSUhEUgAAAIwAAABuCAYAAAD1TPu3AAAAAXNSR0IArs4c6QAAAARnQU1BAACxjwv8YQUAAAAJcEhZcwAADsMAAA7DAcdvqGQAAAZKSURBVHhe7Zw9Tx1HFIbzT2JjbBITgnA+lM5Ka6UJ2FbKuDQpHTmSI6d35DQUsZwSp3Eap6cEUVFQQINwByWUtBu94z1Xw+7sbM7snjvs3veRRtyd2Y9z9z46M7s7y0cFIQooDFFBYYgKCkNUUBiigsIQFRSGqKAwRAWFISooDFFBYYgKCkNUUBiigsIQFRSGqKAwRAWFISooDFFBYYgKCkNUUBiigsIQFRSGqKAwRAWFISqmIsyNj69dmRIjtH61xAitn6NYMjVhhsgQ46YwPXJyclL8++5d8euzZ678\/eZNsbu7W7bWoTB1ZkKYs7MzJ8i3d+86Sfb394ujoyMnz\/rjx64edVUoTJ3RC4OsAiFe\/fmquLi4KGsvA1mwztbWVlnzAQpTZ\/TCIIMgkwAIg0yDeFB+ePjQCQVELGQegcLUGbUwGJ9AGEHGL5JpsAxpBKzvL1OYOqMWBnL4g1qMXySjAIhTjQ1ZRtahMHVGLQyOiwFvE5JxfH5\/8WIiGYWpM3phmkAWQbufcQAkkjEPhakzemFCV0YywA3dg2GGiTNTYxgQkwVwDBNn1MJACn+M0iYL6nmVFGfUwgAIIDfkIAsKJPIL7r2ITHLHF8sUps7ohRERcEl9fHzs5AgVWQdg3DN\/7bqL+7fnz13dUKAwPSDPkpBt\/GdJyDyohyz+Y4HNzU0Xc1PxCbVL8Wlr7wur\/QozIYwASSCMdEV4voRxS+hK6ss7d1zcOzs7ZU2\/UJgIV0UYDaG7wH1CYSIMURhAYepQmAhDjJvCZITC1KEwEShMHQoTwTJuq31TGEMQl2WJ0daeitV+hZkXJpWuQlidE+tzTWES6SqE1TmxPtcUJpGuQlidE+tzTWES6SqE1TmxPtcUJpGuQlidE+tzTWESySVEGxQmkeqrr5jiIFMvQdeHixTGkBwnD3NffEFkWgPA3BfMgUFcsddQYlAYQ3KcPMx18SdF4Q1IxPFgbc19RluXuNq27dqeitV+hdEK408Af3987GK4fWuh+Ov1a1eHjNMlrrZtu7anYrVfYbTCyBgFL6Xh79r3q8U\/b99O5u1Kxkmlbduu7alY7VcYdYZBRvlpfb344+XLSReEsY3I1CWutm1l\/9XjhOr6xGq\/wuCFwY+PImDeLrIHxIAoyCgyAJYfCvKgu+oSV9u2lt85hvVxBy3M+fl5sfjJp8XK58vuagevufpvAMg\/CkIBiAPrQCDpqlJp29b6h2vC+riDFQayLC8tuX3jHaIvVlaC\/2UK7aiXz9I1IRN1iatt2y777oL1cQcpzOnp6UQWKQvz82XrZaov18uLbbKsZWNj49Jxm\/aRsu8+sD7u4ITB24sL8zcnPxbKzbk593dvb69cK0w1jury\/wEZ6tbcjcmxkd1CpOy7D6yPOyhhDg8PJz8WfiiI8mDtvntTEV1UG9U4UuPCdlK+u3evrL1M6r67Yn3cQQnz85MnxdLtRfe+88HBQVmbTmpc33z1tdsWBV1UCOsfrgnr4w520JtCNY7UuH55+tRti9Ikbq7vbH1cCpPA9va22xbdYxO5vrP1cSlMItj2\/upquVQn13e2Pu7MC2NZcmB93JkWpo3Y+qnzaKyhMD3SpzBXFQrTIxSmOzMljBYKU4fCRKAwddglRaAwdShMAzINojpdAmBqBJ6Co90vqENbThCHJRQmAJ6IiwR4uOmDGXyYHoEJWP6lNcRCHdpk\/k0OKEyPiARShGq9X5YXPyvX+vDqCqZ\/VrOOLw\/asE4uaRCzJRz0NvDox0cubmQbgK4G2cOXBZ8hBtbzuyLUYxqoTNyaJhQmI37cmDReFQDLknWqYxe0oX7aUJiM+HHjc7UrEiBTaLAb28YKCpMRiRsyxLJFkzBN9ZZQmIxQmDoUJoLEjW4l9h2axMAgedpPtSlMRvy4kWGarnpCwuAlOlwpTRsKkxE\/bsjSJEBIGAiG+zPThsJkpBo3JAjdkEM28a+G5FI7BxQmI9W4IQVEQAmNWVCHbIP2aV9OCxQmI01xo6tB94QCQVBkOUc35ENhMtIWN97TRlZB8f+fXk5GI8xVKTFC61dLjND6OYolUxGGjAcKQ1RQGKKCwhAVFIaooDBEBYUhKigMUUFhiAoKQ1RQGKKCwhAVFIaooDBEBYUhKigMUVAU\/wHXxqVH2NB2VwAAAABJRU5ErkJggg==\" data-filename=\"2para1-ldrv-08.png\" \/><\/p>\n<p><strong>Especifica\u00e7\u00f5es t\u00e9cnicas:<\/strong><br \/>\nPress\u00e3o de opera\u00e7\u00e3o: At\u00e9 250 bar;<br \/>\nTemperatura: de &#8211; 35\u00baC a + 120\u00baC;<br \/>\nFlu\u00eddos: Flu\u00eddos a base se \u00f3leo mineral (para outras aplica\u00e7\u00f5es, consultar nossa equipe t\u00e9cnica);<br \/>\nGrau de filtragem recomendada: ISO16\/12;<br \/>\nMaterial do corpo: A\u00e7o;<br \/>\nTratamento do corpo: Anodizado 6061T6;<br \/>\nCavidade: LB-08-2 (Cavidade 8);<br \/>\nVaz\u00e3o: 30,2 litros por minuto (Verificar as vers\u00f5es dispon\u00edveis).<\/p>\n<p><strong>Caracter\u00edsticas:<\/strong><br \/>\nCorpo da v\u00e1lvula leve e resistente;<br \/>\nCavidade padr\u00e3o (intercambi\u00e1vel com diversos fabricantes);<br \/>\nTamanho reduzido;<br \/>\nEstabilidade funcional;<br \/>\nPrecis\u00e3o em sua regulagem.<\/p>\n","protected":false},"excerpt":{"rendered":"<p>A V\u00e1lvula Reguladora de Press\u00e3o (Tipo Al\u00edvio) LDRV-08 possui a fun\u00e7\u00e3o de evitar sobre press\u00e3o no sistema, atrav\u00e9s de uma regulagem fixa (parafuso allen ou manopla).<\/p>\n","protected":false},"featured_media":7686,"template":"","meta":[],"product_brand":[],"product_cat":[130,32],"product_tag":[],"class_list":{"0":"post-4171","1":"product","2":"type-product","3":"status-publish","4":"has-post-thumbnail","6":"product_cat-alivio-2-1","7":"product_cat-valvulas-insertaveis","9":"first","10":"instock","11":"virtual","12":"product-type-simple"},"yoast_head":"<!-- This site is optimized with the Yoast SEO plugin v27.5 - https:\/\/yoast.com\/product\/yoast-seo-wordpress\/ -->\n<title>LDRV-08 - ACT Sistemas Hidr\u00e1ulicos<\/title>\n<meta name=\"description\" content=\"A V\u00e1lvula Reguladora de Press\u00e3o (Tipo Al\u00edvio) LDRV-08 possui a fun\u00e7\u00e3o de evitar sobre press\u00e3o no sistema, atrav\u00e9s de uma regulagem fixa.\" \/>\n<meta name=\"robots\" content=\"index, follow, max-snippet:-1, max-image-preview:large, max-video-preview:-1\" \/>\n<link rel=\"canonical\" href=\"https:\/\/actbr.com.br\/en\/produto\/ldrv-08\/\" \/>\n<meta property=\"og:locale\" content=\"en_US\" \/>\n<meta property=\"og:type\" content=\"article\" \/>\n<meta property=\"og:title\" content=\"LDRV-08 - ACT Sistemas Hidr\u00e1ulicos\" \/>\n<meta property=\"og:description\" content=\"A V\u00e1lvula Reguladora de Press\u00e3o (Tipo Al\u00edvio) LDRV-08 possui a fun\u00e7\u00e3o de evitar sobre press\u00e3o no sistema, atrav\u00e9s de uma regulagem fixa.\" \/>\n<meta property=\"og:url\" content=\"https:\/\/actbr.com.br\/en\/produto\/ldrv-08\/\" \/>\n<meta property=\"og:site_name\" content=\"ACT Sistemas Hidr\u00e1ulicos\" \/>\n<meta property=\"article:modified_time\" content=\"2023-06-28T17:45:28+00:00\" \/>\n<meta property=\"og:image\" content=\"https:\/\/actbr.com.br\/wp-content\/uploads\/2020\/09\/LDRV-08.jpg\" \/>\n\t<meta property=\"og:image:width\" content=\"600\" \/>\n\t<meta property=\"og:image:height\" content=\"600\" \/>\n\t<meta property=\"og:image:type\" content=\"image\/jpeg\" \/>\n<meta name=\"twitter:card\" content=\"summary_large_image\" \/>\n<meta name=\"twitter:label1\" content=\"Est. reading time\" \/>\n\t<meta name=\"twitter:data1\" content=\"1 minute\" \/>\n<script type=\"application\/ld+json\" class=\"yoast-schema-graph\">{\"@context\":\"https:\\\/\\\/schema.org\",\"@graph\":[{\"@type\":\"WebPage\",\"@id\":\"https:\\\/\\\/actbr.com.br\\\/en\\\/produto\\\/ldrv-08\\\/\",\"url\":\"https:\\\/\\\/actbr.com.br\\\/en\\\/produto\\\/ldrv-08\\\/\",\"name\":\"LDRV-08 - ACT Sistemas Hidr\u00e1ulicos\",\"isPartOf\":{\"@id\":\"https:\\\/\\\/actbr.com.br\\\/en\\\/#website\"},\"primaryImageOfPage\":{\"@id\":\"https:\\\/\\\/actbr.com.br\\\/en\\\/produto\\\/ldrv-08\\\/#primaryimage\"},\"image\":{\"@id\":\"https:\\\/\\\/actbr.com.br\\\/en\\\/produto\\\/ldrv-08\\\/#primaryimage\"},\"thumbnailUrl\":\"https:\\\/\\\/actbr.com.br\\\/wp-content\\\/uploads\\\/2020\\\/09\\\/LDRV-08.jpg\",\"datePublished\":\"2020-09-29T15:50:29+00:00\",\"dateModified\":\"2023-06-28T17:45:28+00:00\",\"description\":\"A V\u00e1lvula Reguladora de Press\u00e3o (Tipo Al\u00edvio) LDRV-08 possui a fun\u00e7\u00e3o de evitar sobre press\u00e3o no sistema, atrav\u00e9s de uma regulagem fixa.\",\"breadcrumb\":{\"@id\":\"https:\\\/\\\/actbr.com.br\\\/en\\\/produto\\\/ldrv-08\\\/#breadcrumb\"},\"inLanguage\":\"en-US\",\"potentialAction\":[{\"@type\":\"ReadAction\",\"target\":[\"https:\\\/\\\/actbr.com.br\\\/en\\\/produto\\\/ldrv-08\\\/\"]}]},{\"@type\":\"ImageObject\",\"inLanguage\":\"en-US\",\"@id\":\"https:\\\/\\\/actbr.com.br\\\/en\\\/produto\\\/ldrv-08\\\/#primaryimage\",\"url\":\"https:\\\/\\\/actbr.com.br\\\/wp-content\\\/uploads\\\/2020\\\/09\\\/LDRV-08.jpg\",\"contentUrl\":\"https:\\\/\\\/actbr.com.br\\\/wp-content\\\/uploads\\\/2020\\\/09\\\/LDRV-08.jpg\",\"width\":600,\"height\":600,\"caption\":\"V\u00e1lvula de Al\u00edvio LDRV-08\"},{\"@type\":\"BreadcrumbList\",\"@id\":\"https:\\\/\\\/actbr.com.br\\\/en\\\/produto\\\/ldrv-08\\\/#breadcrumb\",\"itemListElement\":[{\"@type\":\"ListItem\",\"position\":1,\"name\":\"In\u00edcio\",\"item\":\"https:\\\/\\\/actbr.com.br\\\/en\\\/\"},{\"@type\":\"ListItem\",\"position\":2,\"name\":\"Produtos\",\"item\":\"https:\\\/\\\/actbr.com.br\\\/produtos-act\\\/\"},{\"@type\":\"ListItem\",\"position\":3,\"name\":\"V\u00e1lvulas Insert\u00e1veis\",\"item\":\"https:\\\/\\\/actbr.com.br\\\/en\\\/categoria-produto\\\/valvulas-insertaveis\\\/\"},{\"@type\":\"ListItem\",\"position\":4,\"name\":\"Al\u00edvio - 2-1\",\"item\":\"https:\\\/\\\/actbr.com.br\\\/en\\\/categoria-produto\\\/valvulas-insertaveis\\\/alivio-2-1\\\/\"},{\"@type\":\"ListItem\",\"position\":5,\"name\":\"LDRV-08\"}]},{\"@type\":\"WebSite\",\"@id\":\"https:\\\/\\\/actbr.com.br\\\/en\\\/#website\",\"url\":\"https:\\\/\\\/actbr.com.br\\\/en\\\/\",\"name\":\"ACT Sistemas Hidr\u00e1ulicos\",\"description\":\"Fabrica\u00e7\u00e3o e manuten\u00e7\u00e3o de componentes \u00f3leo hidr\u00e1ulicos\",\"publisher\":{\"@id\":\"https:\\\/\\\/actbr.com.br\\\/en\\\/#organization\"},\"potentialAction\":[{\"@type\":\"SearchAction\",\"target\":{\"@type\":\"EntryPoint\",\"urlTemplate\":\"https:\\\/\\\/actbr.com.br\\\/en\\\/?s={search_term_string}\"},\"query-input\":{\"@type\":\"PropertyValueSpecification\",\"valueRequired\":true,\"valueName\":\"search_term_string\"}}],\"inLanguage\":\"en-US\"},{\"@type\":\"Organization\",\"@id\":\"https:\\\/\\\/actbr.com.br\\\/en\\\/#organization\",\"name\":\"ACT Sistemas Hidr\u00e1ulicos\",\"url\":\"https:\\\/\\\/actbr.com.br\\\/en\\\/\",\"logo\":{\"@type\":\"ImageObject\",\"inLanguage\":\"en-US\",\"@id\":\"https:\\\/\\\/actbr.com.br\\\/en\\\/#\\\/schema\\\/logo\\\/image\\\/\",\"url\":\"https:\\\/\\\/actbr.com.br\\\/wp-content\\\/uploads\\\/2025\\\/02\\\/cropped-ACT_NEGATIVO-marca-dagua.png\",\"contentUrl\":\"https:\\\/\\\/actbr.com.br\\\/wp-content\\\/uploads\\\/2025\\\/02\\\/cropped-ACT_NEGATIVO-marca-dagua.png\",\"width\":240,\"height\":146,\"caption\":\"ACT Sistemas Hidr\u00e1ulicos\"},\"image\":{\"@id\":\"https:\\\/\\\/actbr.com.br\\\/en\\\/#\\\/schema\\\/logo\\\/image\\\/\"}}]}<\/script>\n<!-- \/ Yoast SEO plugin. -->","yoast_head_json":{"title":"LDRV-08 - ACT Sistemas Hidr\u00e1ulicos","description":"A V\u00e1lvula Reguladora de Press\u00e3o (Tipo Al\u00edvio) LDRV-08 possui a fun\u00e7\u00e3o de evitar sobre press\u00e3o no sistema, atrav\u00e9s de uma regulagem fixa.","robots":{"index":"index","follow":"follow","max-snippet":"max-snippet:-1","max-image-preview":"max-image-preview:large","max-video-preview":"max-video-preview:-1"},"canonical":"https:\/\/actbr.com.br\/en\/produto\/ldrv-08\/","og_locale":"en_US","og_type":"article","og_title":"LDRV-08 - ACT Sistemas Hidr\u00e1ulicos","og_description":"A V\u00e1lvula Reguladora de Press\u00e3o (Tipo Al\u00edvio) LDRV-08 possui a fun\u00e7\u00e3o de evitar sobre press\u00e3o no sistema, atrav\u00e9s de uma regulagem fixa.","og_url":"https:\/\/actbr.com.br\/en\/produto\/ldrv-08\/","og_site_name":"ACT Sistemas Hidr\u00e1ulicos","article_modified_time":"2023-06-28T17:45:28+00:00","og_image":[{"width":600,"height":600,"url":"https:\/\/actbr.com.br\/wp-content\/uploads\/2020\/09\/LDRV-08.jpg","type":"image\/jpeg"}],"twitter_card":"summary_large_image","twitter_misc":{"Est. reading time":"1 minute"},"schema":{"@context":"https:\/\/schema.org","@graph":[{"@type":"WebPage","@id":"https:\/\/actbr.com.br\/en\/produto\/ldrv-08\/","url":"https:\/\/actbr.com.br\/en\/produto\/ldrv-08\/","name":"LDRV-08 - ACT Sistemas Hidr\u00e1ulicos","isPartOf":{"@id":"https:\/\/actbr.com.br\/en\/#website"},"primaryImageOfPage":{"@id":"https:\/\/actbr.com.br\/en\/produto\/ldrv-08\/#primaryimage"},"image":{"@id":"https:\/\/actbr.com.br\/en\/produto\/ldrv-08\/#primaryimage"},"thumbnailUrl":"https:\/\/actbr.com.br\/wp-content\/uploads\/2020\/09\/LDRV-08.jpg","datePublished":"2020-09-29T15:50:29+00:00","dateModified":"2023-06-28T17:45:28+00:00","description":"A V\u00e1lvula Reguladora de Press\u00e3o (Tipo Al\u00edvio) LDRV-08 possui a fun\u00e7\u00e3o de evitar sobre press\u00e3o no sistema, atrav\u00e9s de uma regulagem fixa.","breadcrumb":{"@id":"https:\/\/actbr.com.br\/en\/produto\/ldrv-08\/#breadcrumb"},"inLanguage":"en-US","potentialAction":[{"@type":"ReadAction","target":["https:\/\/actbr.com.br\/en\/produto\/ldrv-08\/"]}]},{"@type":"ImageObject","inLanguage":"en-US","@id":"https:\/\/actbr.com.br\/en\/produto\/ldrv-08\/#primaryimage","url":"https:\/\/actbr.com.br\/wp-content\/uploads\/2020\/09\/LDRV-08.jpg","contentUrl":"https:\/\/actbr.com.br\/wp-content\/uploads\/2020\/09\/LDRV-08.jpg","width":600,"height":600,"caption":"V\u00e1lvula de Al\u00edvio LDRV-08"},{"@type":"BreadcrumbList","@id":"https:\/\/actbr.com.br\/en\/produto\/ldrv-08\/#breadcrumb","itemListElement":[{"@type":"ListItem","position":1,"name":"In\u00edcio","item":"https:\/\/actbr.com.br\/en\/"},{"@type":"ListItem","position":2,"name":"Produtos","item":"https:\/\/actbr.com.br\/produtos-act\/"},{"@type":"ListItem","position":3,"name":"V\u00e1lvulas Insert\u00e1veis","item":"https:\/\/actbr.com.br\/en\/categoria-produto\/valvulas-insertaveis\/"},{"@type":"ListItem","position":4,"name":"Al\u00edvio - 2-1","item":"https:\/\/actbr.com.br\/en\/categoria-produto\/valvulas-insertaveis\/alivio-2-1\/"},{"@type":"ListItem","position":5,"name":"LDRV-08"}]},{"@type":"WebSite","@id":"https:\/\/actbr.com.br\/en\/#website","url":"https:\/\/actbr.com.br\/en\/","name":"ACT Sistemas Hidr\u00e1ulicos","description":"Fabrica\u00e7\u00e3o e manuten\u00e7\u00e3o de componentes \u00f3leo hidr\u00e1ulicos","publisher":{"@id":"https:\/\/actbr.com.br\/en\/#organization"},"potentialAction":[{"@type":"SearchAction","target":{"@type":"EntryPoint","urlTemplate":"https:\/\/actbr.com.br\/en\/?s={search_term_string}"},"query-input":{"@type":"PropertyValueSpecification","valueRequired":true,"valueName":"search_term_string"}}],"inLanguage":"en-US"},{"@type":"Organization","@id":"https:\/\/actbr.com.br\/en\/#organization","name":"ACT Sistemas Hidr\u00e1ulicos","url":"https:\/\/actbr.com.br\/en\/","logo":{"@type":"ImageObject","inLanguage":"en-US","@id":"https:\/\/actbr.com.br\/en\/#\/schema\/logo\/image\/","url":"https:\/\/actbr.com.br\/wp-content\/uploads\/2025\/02\/cropped-ACT_NEGATIVO-marca-dagua.png","contentUrl":"https:\/\/actbr.com.br\/wp-content\/uploads\/2025\/02\/cropped-ACT_NEGATIVO-marca-dagua.png","width":240,"height":146,"caption":"ACT Sistemas Hidr\u00e1ulicos"},"image":{"@id":"https:\/\/actbr.com.br\/en\/#\/schema\/logo\/image\/"}}]}},"_links":{"self":[{"href":"https:\/\/actbr.com.br\/en\/wp-json\/wp\/v2\/product\/4171","targetHints":{"allow":["GET"]}}],"collection":[{"href":"https:\/\/actbr.com.br\/en\/wp-json\/wp\/v2\/product"}],"about":[{"href":"https:\/\/actbr.com.br\/en\/wp-json\/wp\/v2\/types\/product"}],"wp:featuredmedia":[{"embeddable":true,"href":"https:\/\/actbr.com.br\/en\/wp-json\/wp\/v2\/media\/7686"}],"wp:attachment":[{"href":"https:\/\/actbr.com.br\/en\/wp-json\/wp\/v2\/media?parent=4171"}],"wp:term":[{"taxonomy":"product_brand","embeddable":true,"href":"https:\/\/actbr.com.br\/en\/wp-json\/wp\/v2\/product_brand?post=4171"},{"taxonomy":"product_cat","embeddable":true,"href":"https:\/\/actbr.com.br\/en\/wp-json\/wp\/v2\/product_cat?post=4171"},{"taxonomy":"product_tag","embeddable":true,"href":"https:\/\/actbr.com.br\/en\/wp-json\/wp\/v2\/product_tag?post=4171"}],"curies":[{"name":"wp","href":"https:\/\/api.w.org\/{rel}","templated":true}]}}