{"id":4181,"date":"2020-09-29T12:50:29","date_gmt":"2020-09-29T15:50:29","guid":{"rendered":"https:\/\/actbr.com.br\/produto\/valvula-reguladora-de-pressao-tipo-alivio-lpsrv2-10\/"},"modified":"2023-06-28T14:46:13","modified_gmt":"2023-06-28T17:46:13","slug":"lpsrv2-10","status":"publish","type":"product","link":"https:\/\/actbr.com.br\/en\/produto\/lpsrv2-10\/","title":{"rendered":"LPSRV2-10"},"content":{"rendered":"<p><strong>V\u00e1lvula de Al\u00edvio LPSRV2-10<\/strong><\/p>\n<p>A V\u00e1lvula Cartucho (Insert\u00e1vel) Reguladora de Press\u00e3o (Tipo Al\u00edvio) <strong>LPSRV2-10<\/strong> possui a fun\u00e7\u00e3o de evitar sobre press\u00e3o no sistema, atrav\u00e9s de uma regulagem fixa (parafuso allen ou manopla).<\/p>\n<p>Quando a press\u00e3o na porta 1 excede a press\u00e3o ajustada, a v\u00e1lvula abre a passagem de 1 a 2, que s\u00e3o conectados (p\u00f3rticos 1 a 2) para impedir a sobre press\u00e3o do sistema.<\/p>\n<p>A v\u00e1lvula LPSRV2-10 responde a varia\u00e7\u00f5es ou mudan\u00e7as de carga (compensada atrav\u00e9s de mecanismo no corpo da v\u00e1lvula.<\/p>\n<p><img decoding=\"async\" src=\"data:image\/png;base64,iVBORw0KGgoAAAANSUhEUgAAAIwAAABuCAYAAAD1TPu3AAAAAXNSR0IArs4c6QAAAARnQU1BAACxjwv8YQUAAAAJcEhZcwAADsMAAA7DAcdvqGQAAAbMSURBVHhe7Z1NbhxFGIa5CYmDTeIEHEIEBBYJSAkoCDgAoLAGdmRlwtqSV2GTRdiZKEi+gjc+gCVfIFzBV2h4Zvqzy+Wunq7urpqa9vtIJU3\/TPXn7idf\/XQNvFUJEYGEEVFIGBGFhBFRSBgRhYQRUUgYEYWEEVFIGBGFhBFRSBgRhYQRUUgYEYWEEVFIGBGFhBFRSBgRhYQRUUgYEYWEEVFIGBFFNmGuvX2lyNJE03lWmmg6b9klFVmFWRVWKdYmJMxInJyc1J\/akTBhJi3MwcFB9d03386u7Rb27e\/v12ddZBmxjknK+CcrzK8\/\/1Ktr61Vv29vV\/++eVPvnWeZv16+rG7d2JyJ05R1JEyYSQqDLB99eLc6Ojqq98z37e7u1ltzcRDmiwcP6j1nSJgwkxOGZojM4mYVZOH6ZBsXpEEsf7+ECTM5YX78\/ocLApBpkMbfDwhG8+QiYcJMThg\/uxjI0iQMIIzbfEmYMJMTJnSdNmHox5BpDAkTRsL8j4TpziSFaRoqtwlDkyRhujE5YRgqM8\/iExKGvgv9HhcJE2Zywtiox80yXNstLjRHvki5Yk1FyvgnJwyQZZhfcaXhsz96YgjuywUSJswkhUEAMgcyNL0zohniuD8bbCyKlSaPc9qKT9M5lBSkqhcmKYxh74zooyCISWTvmPzMYrTFyvf4fpNosUiYFpYhjMHDpW9jZRGhWO2F5hiygIRpYZnCxBKKlYw1liwgYVpYZWG6ZKWSkDCZcWNlJEXneJWQMJkhVobgJkuoc1wqEiYzxIooqygLSJgEEE\/K0oWu58WSql641MKEYLKvS2YJ1dH1b011T1Le65UWhn5G3yZjjHhCdXStO9WDTVUvZBNmbBCFWdu+8yJTFiYlKysMU\/RM9fdFwvRjJYWhKeJmN63d7YqE6cdKCkNm4b3OEEoQZhUpXhh\/Wv7FixfV+tW1c53dtp+9hpAw\/cgmTJ+baOtOXDneuXK1+vLhw3pr\/iaac\/qUoYTqGKPuIaS8ftHCsHKO71kGoaPLNqMjg5+\/unX\/8\/r1bNtK6MWh+52+hOroWvcYMTSRql4oVhiyCt\/hfQ79FbZpirZu3pqtSbEOr0l1fHxcbW68O\/vsFgkzLsUKQ3OEDDxwMgri3Nm6PZPH\/WUA8lB3qEiYcSlWGF78mRR8l+xy94M7s880QwhkMrEvVJYljFt82o6NQap6oUhhaG7IHNbZRZavHj06vcl0dDlOn4aMw76b16+fHndLyRkmFSmvX6QwiEAGAbLMxtq1WSZh\/sXqYRtp6BDbvld\/v5qNoti2ImHGJZswMXz68SezP\/qPZ89mUjD3wraNkgCh+GydY5envz2d7aPs7e3Ve8\/jf6cPoTrGqLtUihTms3v3Th84hREQGcXmXIDMY++S3HNjSl\/8em6\/v1UfmTOk7tIpUhi\/WXEfwFgPY0g9blyUz+\/fr4\/MGVJ36RQpjP9A\/nz+vD5ShjA31jfOxcdkoctYMZZIccJs1\/0UK64sYzLkof705Mm5GH2G1F062YTpehPdf71Nsoz1MIbUYx1tCs2nz1gx9iXl9YsTxh5EKLOMdTOG1mNxfv34cb3njLFi7EvK6xcljC2M2tnZqfdcZKybMbSe9zbnM8yHh4f1njPGirEvKa9fXIZZtEZ3rJtBPSnLMkl5\/eKEWUTKm0HfhHdYXMNeS7QxZIloSiSMQ6qbYbKYMKuMhHFIdTPc\/8yZhAmzcsKkgr6TNUMSJsylFgZByCx+R1vChLm0TZLbZ7HMYkiYMJdSmDZZoOs1GCWxzMJfJuouIV0GY9yjEJdOmEWyQJdrIATnIYzbpFEnx2zBV+gaKZEwDtQTKi5Nx93S9iA53gZCkFVMFJaJIocV60AjE2LmZlH8Q7jUnd4QbbHa6wtXFqRgKSiFBequTBxjpWBOJExm2mJFEFtvDGQbP1txjkmCRAiUEwmTmbZY6ZuEFpYD8pBV3P8hqWWgXEiYzLTF2nSMbGL9F4RyMxCw7QqUGgmTmRhhaH5ocvi5i\/VjfBAmZz9GwmSmLVa3Qwuc6243QeZRkxTJVITxs8Wiv8tGVTnnYyRMZtpiJVOQZUwAzkUgv1jWYdbX79OkRsJkZlGsCMDIB2kYVoeEsQm+nNkFJExmusSKNIyIkMKHZojM4vd3ciFhMtM1VmRBGsSwYTWZh22Eyp1ZDAmTmdhYySI2pM45GgoxGWFKLE00nWeliabzll1SkU0YMQ0kjIhCwogoJIyIQsKIKCSMiELCiCgkjIhCwogoJIyIQsKIKCSMiELCiCgkjIhCwogoJIyIQsKIKCSMiELCiCgkjIigqv4DFmIxPhyALmkAAAAASUVORK5CYII=\" data-filename=\"1para2-lpsrv.png\" \/><\/p>\n<p><strong>Especifica\u00e7\u00f5es t\u00e9cnicas:<\/strong><br \/>\nPress\u00e3o de opera\u00e7\u00e3o: At\u00e9 420 bar;<br \/>\nTemperatura: de &#8211; 35\u00baC a + 120\u00baC;<br \/>\nFlu\u00eddos: Flu\u00eddos a base se \u00f3leo mineral (para outras aplica\u00e7\u00f5es, consultar nossa equipe t\u00e9cnica);<br \/>\nGrau de filtragem recomendada: ISO16\/12;<br \/>\nMaterial do corpo: A\u00e7o;<br \/>\nTratamento do corpo: Anodizado 6061T6.<br \/>\nCavidade: LB-10-2 (Cavidade 10)<br \/>\nVaz\u00e3o: 113,6 litros por minuto (Verificar as vers\u00f5es dispon\u00edveis).<\/p>\n<p><strong>Caracter\u00edsticas:<\/strong><br \/>\nCorpo da v\u00e1lvula leve e resistente;<br \/>\nCavidade padr\u00e3o (intercambi\u00e1vel com diversos fabricantes);<br \/>\nTamanho reduzido;<br \/>\nEstabilidade funcional;<br \/>\nPrecis\u00e3o em sua regulagem.<\/p>\n","protected":false},"excerpt":{"rendered":"<p>A V\u00e1lvula Cartucho (Insert\u00e1vel) Reguladora de Press\u00e3o (Tipo Al\u00edvio) <strong>LPSRV2-10<\/strong> possui a fun\u00e7\u00e3o de evitar sobre press\u00e3o no sistema, atrav\u00e9s de uma regulagem fixa (parafuso allen ou manopla).<\/p>\n","protected":false},"featured_media":7684,"template":"","meta":[],"product_brand":[],"product_cat":[129,32],"product_tag":[],"class_list":{"0":"post-4181","1":"product","2":"type-product","3":"status-publish","4":"has-post-thumbnail","6":"product_cat-alivio-1-2","7":"product_cat-valvulas-insertaveis","9":"first","10":"instock","11":"virtual","12":"product-type-simple"},"yoast_head":"<!-- This site is optimized with the Yoast SEO plugin v27.5 - https:\/\/yoast.com\/product\/yoast-seo-wordpress\/ -->\n<title>LPSRV2-10 - ACT Sistemas Hidr\u00e1ulicos<\/title>\n<meta name=\"description\" content=\"A V\u00e1lvula Cartucho Reguladora de Press\u00e3o (Tipo Al\u00edvio) LPSRV2-10 possui a fun\u00e7\u00e3o de evitar sobre press\u00e3o no sistema, atrav\u00e9s de uma regulagem fixa.\" \/>\n<meta name=\"robots\" content=\"index, follow, max-snippet:-1, max-image-preview:large, max-video-preview:-1\" \/>\n<link rel=\"canonical\" href=\"https:\/\/actbr.com.br\/en\/produto\/lpsrv2-10\/\" \/>\n<meta property=\"og:locale\" content=\"en_US\" \/>\n<meta property=\"og:type\" content=\"article\" \/>\n<meta property=\"og:title\" content=\"LPSRV2-10 - ACT Sistemas Hidr\u00e1ulicos\" \/>\n<meta property=\"og:description\" content=\"A V\u00e1lvula Cartucho Reguladora de Press\u00e3o (Tipo Al\u00edvio) LPSRV2-10 possui a fun\u00e7\u00e3o de evitar sobre press\u00e3o no sistema, atrav\u00e9s de uma regulagem fixa.\" \/>\n<meta property=\"og:url\" content=\"https:\/\/actbr.com.br\/en\/produto\/lpsrv2-10\/\" \/>\n<meta property=\"og:site_name\" content=\"ACT Sistemas Hidr\u00e1ulicos\" \/>\n<meta property=\"article:modified_time\" content=\"2023-06-28T17:46:13+00:00\" \/>\n<meta property=\"og:image\" content=\"https:\/\/actbr.com.br\/wp-content\/uploads\/2020\/09\/LPSRV2-10.jpg\" \/>\n\t<meta property=\"og:image:width\" content=\"600\" \/>\n\t<meta property=\"og:image:height\" content=\"600\" \/>\n\t<meta property=\"og:image:type\" content=\"image\/jpeg\" \/>\n<meta name=\"twitter:card\" content=\"summary_large_image\" \/>\n<meta name=\"twitter:label1\" content=\"Est. reading time\" \/>\n\t<meta name=\"twitter:data1\" content=\"2 minutes\" \/>\n<script type=\"application\/ld+json\" class=\"yoast-schema-graph\">{\"@context\":\"https:\\\/\\\/schema.org\",\"@graph\":[{\"@type\":\"WebPage\",\"@id\":\"https:\\\/\\\/actbr.com.br\\\/en\\\/produto\\\/lpsrv2-10\\\/\",\"url\":\"https:\\\/\\\/actbr.com.br\\\/en\\\/produto\\\/lpsrv2-10\\\/\",\"name\":\"LPSRV2-10 - ACT Sistemas Hidr\u00e1ulicos\",\"isPartOf\":{\"@id\":\"https:\\\/\\\/actbr.com.br\\\/en\\\/#website\"},\"primaryImageOfPage\":{\"@id\":\"https:\\\/\\\/actbr.com.br\\\/en\\\/produto\\\/lpsrv2-10\\\/#primaryimage\"},\"image\":{\"@id\":\"https:\\\/\\\/actbr.com.br\\\/en\\\/produto\\\/lpsrv2-10\\\/#primaryimage\"},\"thumbnailUrl\":\"https:\\\/\\\/actbr.com.br\\\/wp-content\\\/uploads\\\/2020\\\/09\\\/LPSRV2-10.jpg\",\"datePublished\":\"2020-09-29T15:50:29+00:00\",\"dateModified\":\"2023-06-28T17:46:13+00:00\",\"description\":\"A V\u00e1lvula Cartucho Reguladora de Press\u00e3o (Tipo Al\u00edvio) LPSRV2-10 possui a fun\u00e7\u00e3o de evitar sobre press\u00e3o no sistema, atrav\u00e9s de uma regulagem fixa.\",\"breadcrumb\":{\"@id\":\"https:\\\/\\\/actbr.com.br\\\/en\\\/produto\\\/lpsrv2-10\\\/#breadcrumb\"},\"inLanguage\":\"en-US\",\"potentialAction\":[{\"@type\":\"ReadAction\",\"target\":[\"https:\\\/\\\/actbr.com.br\\\/en\\\/produto\\\/lpsrv2-10\\\/\"]}]},{\"@type\":\"ImageObject\",\"inLanguage\":\"en-US\",\"@id\":\"https:\\\/\\\/actbr.com.br\\\/en\\\/produto\\\/lpsrv2-10\\\/#primaryimage\",\"url\":\"https:\\\/\\\/actbr.com.br\\\/wp-content\\\/uploads\\\/2020\\\/09\\\/LPSRV2-10.jpg\",\"contentUrl\":\"https:\\\/\\\/actbr.com.br\\\/wp-content\\\/uploads\\\/2020\\\/09\\\/LPSRV2-10.jpg\",\"width\":600,\"height\":600,\"caption\":\"V\u00e1lvula de Al\u00edvio LPSRV2-10\"},{\"@type\":\"BreadcrumbList\",\"@id\":\"https:\\\/\\\/actbr.com.br\\\/en\\\/produto\\\/lpsrv2-10\\\/#breadcrumb\",\"itemListElement\":[{\"@type\":\"ListItem\",\"position\":1,\"name\":\"In\u00edcio\",\"item\":\"https:\\\/\\\/actbr.com.br\\\/en\\\/\"},{\"@type\":\"ListItem\",\"position\":2,\"name\":\"Produtos\",\"item\":\"https:\\\/\\\/actbr.com.br\\\/produtos-act\\\/\"},{\"@type\":\"ListItem\",\"position\":3,\"name\":\"V\u00e1lvulas Insert\u00e1veis\",\"item\":\"https:\\\/\\\/actbr.com.br\\\/en\\\/categoria-produto\\\/valvulas-insertaveis\\\/\"},{\"@type\":\"ListItem\",\"position\":4,\"name\":\"Al\u00edvio - 1-2\",\"item\":\"https:\\\/\\\/actbr.com.br\\\/en\\\/categoria-produto\\\/valvulas-insertaveis\\\/alivio-1-2\\\/\"},{\"@type\":\"ListItem\",\"position\":5,\"name\":\"LPSRV2-10\"}]},{\"@type\":\"WebSite\",\"@id\":\"https:\\\/\\\/actbr.com.br\\\/en\\\/#website\",\"url\":\"https:\\\/\\\/actbr.com.br\\\/en\\\/\",\"name\":\"ACT Sistemas Hidr\u00e1ulicos\",\"description\":\"Fabrica\u00e7\u00e3o e manuten\u00e7\u00e3o de componentes \u00f3leo hidr\u00e1ulicos\",\"publisher\":{\"@id\":\"https:\\\/\\\/actbr.com.br\\\/en\\\/#organization\"},\"potentialAction\":[{\"@type\":\"SearchAction\",\"target\":{\"@type\":\"EntryPoint\",\"urlTemplate\":\"https:\\\/\\\/actbr.com.br\\\/en\\\/?s={search_term_string}\"},\"query-input\":{\"@type\":\"PropertyValueSpecification\",\"valueRequired\":true,\"valueName\":\"search_term_string\"}}],\"inLanguage\":\"en-US\"},{\"@type\":\"Organization\",\"@id\":\"https:\\\/\\\/actbr.com.br\\\/en\\\/#organization\",\"name\":\"ACT Sistemas Hidr\u00e1ulicos\",\"url\":\"https:\\\/\\\/actbr.com.br\\\/en\\\/\",\"logo\":{\"@type\":\"ImageObject\",\"inLanguage\":\"en-US\",\"@id\":\"https:\\\/\\\/actbr.com.br\\\/en\\\/#\\\/schema\\\/logo\\\/image\\\/\",\"url\":\"https:\\\/\\\/actbr.com.br\\\/wp-content\\\/uploads\\\/2025\\\/02\\\/cropped-ACT_NEGATIVO-marca-dagua.png\",\"contentUrl\":\"https:\\\/\\\/actbr.com.br\\\/wp-content\\\/uploads\\\/2025\\\/02\\\/cropped-ACT_NEGATIVO-marca-dagua.png\",\"width\":240,\"height\":146,\"caption\":\"ACT Sistemas Hidr\u00e1ulicos\"},\"image\":{\"@id\":\"https:\\\/\\\/actbr.com.br\\\/en\\\/#\\\/schema\\\/logo\\\/image\\\/\"}}]}<\/script>\n<!-- \/ Yoast SEO plugin. -->","yoast_head_json":{"title":"LPSRV2-10 - ACT Sistemas Hidr\u00e1ulicos","description":"A V\u00e1lvula Cartucho Reguladora de Press\u00e3o (Tipo Al\u00edvio) LPSRV2-10 possui a fun\u00e7\u00e3o de evitar sobre press\u00e3o no sistema, atrav\u00e9s de uma regulagem fixa.","robots":{"index":"index","follow":"follow","max-snippet":"max-snippet:-1","max-image-preview":"max-image-preview:large","max-video-preview":"max-video-preview:-1"},"canonical":"https:\/\/actbr.com.br\/en\/produto\/lpsrv2-10\/","og_locale":"en_US","og_type":"article","og_title":"LPSRV2-10 - ACT Sistemas Hidr\u00e1ulicos","og_description":"A V\u00e1lvula Cartucho Reguladora de Press\u00e3o (Tipo Al\u00edvio) LPSRV2-10 possui a fun\u00e7\u00e3o de evitar sobre press\u00e3o no sistema, atrav\u00e9s de uma regulagem fixa.","og_url":"https:\/\/actbr.com.br\/en\/produto\/lpsrv2-10\/","og_site_name":"ACT Sistemas Hidr\u00e1ulicos","article_modified_time":"2023-06-28T17:46:13+00:00","og_image":[{"width":600,"height":600,"url":"https:\/\/actbr.com.br\/wp-content\/uploads\/2020\/09\/LPSRV2-10.jpg","type":"image\/jpeg"}],"twitter_card":"summary_large_image","twitter_misc":{"Est. reading time":"2 minutes"},"schema":{"@context":"https:\/\/schema.org","@graph":[{"@type":"WebPage","@id":"https:\/\/actbr.com.br\/en\/produto\/lpsrv2-10\/","url":"https:\/\/actbr.com.br\/en\/produto\/lpsrv2-10\/","name":"LPSRV2-10 - ACT Sistemas Hidr\u00e1ulicos","isPartOf":{"@id":"https:\/\/actbr.com.br\/en\/#website"},"primaryImageOfPage":{"@id":"https:\/\/actbr.com.br\/en\/produto\/lpsrv2-10\/#primaryimage"},"image":{"@id":"https:\/\/actbr.com.br\/en\/produto\/lpsrv2-10\/#primaryimage"},"thumbnailUrl":"https:\/\/actbr.com.br\/wp-content\/uploads\/2020\/09\/LPSRV2-10.jpg","datePublished":"2020-09-29T15:50:29+00:00","dateModified":"2023-06-28T17:46:13+00:00","description":"A V\u00e1lvula Cartucho Reguladora de Press\u00e3o (Tipo Al\u00edvio) LPSRV2-10 possui a fun\u00e7\u00e3o de evitar sobre press\u00e3o no sistema, atrav\u00e9s de uma regulagem fixa.","breadcrumb":{"@id":"https:\/\/actbr.com.br\/en\/produto\/lpsrv2-10\/#breadcrumb"},"inLanguage":"en-US","potentialAction":[{"@type":"ReadAction","target":["https:\/\/actbr.com.br\/en\/produto\/lpsrv2-10\/"]}]},{"@type":"ImageObject","inLanguage":"en-US","@id":"https:\/\/actbr.com.br\/en\/produto\/lpsrv2-10\/#primaryimage","url":"https:\/\/actbr.com.br\/wp-content\/uploads\/2020\/09\/LPSRV2-10.jpg","contentUrl":"https:\/\/actbr.com.br\/wp-content\/uploads\/2020\/09\/LPSRV2-10.jpg","width":600,"height":600,"caption":"V\u00e1lvula de Al\u00edvio LPSRV2-10"},{"@type":"BreadcrumbList","@id":"https:\/\/actbr.com.br\/en\/produto\/lpsrv2-10\/#breadcrumb","itemListElement":[{"@type":"ListItem","position":1,"name":"In\u00edcio","item":"https:\/\/actbr.com.br\/en\/"},{"@type":"ListItem","position":2,"name":"Produtos","item":"https:\/\/actbr.com.br\/produtos-act\/"},{"@type":"ListItem","position":3,"name":"V\u00e1lvulas Insert\u00e1veis","item":"https:\/\/actbr.com.br\/en\/categoria-produto\/valvulas-insertaveis\/"},{"@type":"ListItem","position":4,"name":"Al\u00edvio - 1-2","item":"https:\/\/actbr.com.br\/en\/categoria-produto\/valvulas-insertaveis\/alivio-1-2\/"},{"@type":"ListItem","position":5,"name":"LPSRV2-10"}]},{"@type":"WebSite","@id":"https:\/\/actbr.com.br\/en\/#website","url":"https:\/\/actbr.com.br\/en\/","name":"ACT Sistemas Hidr\u00e1ulicos","description":"Fabrica\u00e7\u00e3o e manuten\u00e7\u00e3o de componentes \u00f3leo hidr\u00e1ulicos","publisher":{"@id":"https:\/\/actbr.com.br\/en\/#organization"},"potentialAction":[{"@type":"SearchAction","target":{"@type":"EntryPoint","urlTemplate":"https:\/\/actbr.com.br\/en\/?s={search_term_string}"},"query-input":{"@type":"PropertyValueSpecification","valueRequired":true,"valueName":"search_term_string"}}],"inLanguage":"en-US"},{"@type":"Organization","@id":"https:\/\/actbr.com.br\/en\/#organization","name":"ACT Sistemas Hidr\u00e1ulicos","url":"https:\/\/actbr.com.br\/en\/","logo":{"@type":"ImageObject","inLanguage":"en-US","@id":"https:\/\/actbr.com.br\/en\/#\/schema\/logo\/image\/","url":"https:\/\/actbr.com.br\/wp-content\/uploads\/2025\/02\/cropped-ACT_NEGATIVO-marca-dagua.png","contentUrl":"https:\/\/actbr.com.br\/wp-content\/uploads\/2025\/02\/cropped-ACT_NEGATIVO-marca-dagua.png","width":240,"height":146,"caption":"ACT Sistemas Hidr\u00e1ulicos"},"image":{"@id":"https:\/\/actbr.com.br\/en\/#\/schema\/logo\/image\/"}}]}},"_links":{"self":[{"href":"https:\/\/actbr.com.br\/en\/wp-json\/wp\/v2\/product\/4181","targetHints":{"allow":["GET"]}}],"collection":[{"href":"https:\/\/actbr.com.br\/en\/wp-json\/wp\/v2\/product"}],"about":[{"href":"https:\/\/actbr.com.br\/en\/wp-json\/wp\/v2\/types\/product"}],"wp:featuredmedia":[{"embeddable":true,"href":"https:\/\/actbr.com.br\/en\/wp-json\/wp\/v2\/media\/7684"}],"wp:attachment":[{"href":"https:\/\/actbr.com.br\/en\/wp-json\/wp\/v2\/media?parent=4181"}],"wp:term":[{"taxonomy":"product_brand","embeddable":true,"href":"https:\/\/actbr.com.br\/en\/wp-json\/wp\/v2\/product_brand?post=4181"},{"taxonomy":"product_cat","embeddable":true,"href":"https:\/\/actbr.com.br\/en\/wp-json\/wp\/v2\/product_cat?post=4181"},{"taxonomy":"product_tag","embeddable":true,"href":"https:\/\/actbr.com.br\/en\/wp-json\/wp\/v2\/product_tag?post=4181"}],"curies":[{"name":"wp","href":"https:\/\/api.w.org\/{rel}","templated":true}]}}