{"id":4201,"date":"2020-09-29T12:50:29","date_gmt":"2020-09-29T15:50:29","guid":{"rendered":"https:\/\/actbr.com.br\/produto\/valvula-redutora-de-pressao-ldpr-08\/"},"modified":"2023-07-04T10:01:52","modified_gmt":"2023-07-04T13:01:52","slug":"ldpr-08","status":"publish","type":"product","link":"https:\/\/actbr.com.br\/en\/produto\/ldpr-08\/","title":{"rendered":"LDPR-08"},"content":{"rendered":"<p><strong>V\u00e1lvula Redutora de Press\u00e3o LDPR-08<\/strong><\/p>\n<div class=\"woocommerce-product-details__short-description\">\n<div class=\"woocommerce-product-details__short-description\">\n<p>A V\u00e1lvula Cartucho Redutora de Press\u00e3o LDPR-08 \u00e9 indicada para se realizar a redu\u00e7\u00e3o de press\u00e3o em pontos espec\u00edficos do sistema, onde a press\u00e3o deve ser menor do que a press\u00e3o j\u00e1 ajustada na v\u00e1lvula de al\u00edvio.<\/p>\n<\/div>\n<\/div>\n<p>Quando a press\u00e3o no p\u00f3rtico 1 atinge a press\u00e3o definida pela mola, a press\u00e3o \u00e9 reduzida de 2 para 1.<\/p>\n<p>Quando a press\u00e3o no p\u00f3rtico 1 excede a press\u00e3o predefinida em mais de 10 bar, o p\u00f3rtico 2 \u00e9 gradualmente fechado e o excesso come\u00e7a a ocorrer de 1 a 3.<\/p>\n<p>O fluxo \u00e9 ajustado atrav\u00e9s de um allen ou at\u00e9 mesmo um volante como manopla para regulagem.<\/p>\n<p><img decoding=\"async\" src=\"data:image\/png;base64,iVBORw0KGgoAAAANSUhEUgAAAIwAAABuCAYAAAD1TPu3AAAAAXNSR0IArs4c6QAAAARnQU1BAACxjwv8YQUAAAAJcEhZcwAADsMAAA7DAcdvqGQAAAclSURBVHhe7Zy7r9RGFIfzn4R37k0iJUqiIPLQTUIAkTQQHsqjhnBJRTpIFSQiEZHmIqDnUSFCRIiERE9FQUGFbgkllLQOn\/GBYfB6OR6P115+nzTa6\/HszLHn2\/F4PXvfKIRwIGGECwkjXEgY4ULCCBcSRriQMMKFhBEuJIxwIWGECwkjXEgY4ULCCBcSRriQMMKFhBEuJIxwIWGECwkjXEgY4ULCCBfZhFn\/5prBpCbqysfp8ePHVekXqSs7y9QHWYUZE0hx7uy54sulpfL1n6tXy3R4ebnM4++YIR2jhOkRZEGMP0+erB1N7t+\/X+5HpBAJ0yFjEua3Y8dekuHWrVsvjComVZgnYTpkLMLcu3ev+H7\/\/hdGFqQgfkQKoSyXJ0PCdMhYhEGOixcuVFtPIY8RJhYGGGUQByRMh4xFGKS4c+dOtfUcpKgThnkOMoGE6RAJ0y8SpifqLkkwSRjmO7okZWAswtD58aQX6oQhT5PeTIxFGECM+LY6Fka31U+RME94+PDhs294baQhz+Y2+uLuORKmAlGY0MaPBiwvHFmA8hzjgwcPqpzZImFmBCPLzZs3nwnDHVE8v4HlQ4fKY9ywZm3t\/r6RMDOCuNumkLr9lkKa9nlIea8HCRPxqnH\/feVKWXbHtu1VTjoSZoR44qZsl5cjCTNCvMJ0iYQZIbMUJgUJMyMkTDMSJkLCNCNhImYpTEp9EmZGeIXRXVJHDEUY4hhSamLa\/iZS3uvhtRAmB3fv3i3r\/umHH6uc6UyLJSXWvs63hGnJyspKWfc7CwtVznSmxZISa1\/nW8K05Nud35R1k171ifW0WFJizXWcMRKmJTylpu5N69YX58+fr3KbmRZLSqx9nW8J04Lbt28XG9euK+sm7duzp9rTTM5z0tf5HrUwrF0J4RY3zssRxx8nTpT1WlrYsLHa00zOc5Kz7pBRC8NKOJZPGix4Ctfhso84bJV\/V1y6eKn4dMsnZd287tyxo9rTjIRpoI8DYCklq+MMZKHdR48elT8d4e8hddK08imx5jzOkFELw\/JJ1twatPndrl3Fls2by\/wbN25kjcNb97TyKbHmPM6Q0c9h7HdC\/167Vnz84UfFV0tfFH+dOlXmIU3OOLx1TyufEmsf5xtGLQzs2b27OP778eKD994vjh09WrbLD9MAmXLG4a2b8mGalNeGlPd6GLUwTHIR5Zflw8XPBw+Wk1s78fymCHFyxuGte0ixtGUUwnC7HD4VNhmY5HIp4kdm1h6vXIrYz6R4SJ00pFjaMnhhEGXf3r3FwQMHyjkLknCpsf+gwH7asttp\/ubOiVfK5DyR3rqHFEtbBi2MyUJdi5veKl+5DIWjDSAL+UAZ+\/7FZOoafQ+TgdQDCGWxtPTZ5y\/JAow8lm\/t2hd6qXHUoW96M5ByAHWyvF2NMOE3u3XE7cbbXaBnSRloewChLO8uLhbbtm4tTq+cLie6daPLNHKdyBxPq1PIWXfI4IRBjF+PHCn+u379pQeJbch1Ird\/va2sm9TVepgUctYdMuhJbxvidnPFkWPFXQp9nW8J05Ica3pT6Ot8vxbCDCnlImfdIXMvjBfP+ynbZiKeAwnTkr6FGQoSpiUSJi9zJ0wqEqYZCRMhYZrRJSlCwjQjYQK445EwzUiYCmRZ2LipfP\/ZM2eq3GYkTIfMUpg41VFXztLiE3FeBcoOhb5imftJL+t8WappC8JJLOlkVV74pRt\/25KFy5cvV7nNTDpGVvrZslFLLBvt+gd1IZNi6Zq5FoYfsyEKq\/HCJ988EWeVHut+w\/U1PHX2xB2XRTpEod7wX87TNoISC\/LmQMIkgiR0HkKQ2A4TncgrnRiONCnC0J4JQZ3Wlo1mJlQOaSRMAshA+zZ6hMJwaUASG3HYDjuwrTDUbQvRATGom\/xYJNrv+vIkYRKgk+o+xdZZ9osDMLmMtsJwGTIJeGXboN2w7KT4UujrfM+lMHzSmafE8IknLjoshBHAOtsTt5WNhQAbwQBBQ4EY8cLtLujrfM+tMHVDPp2ISAgSjjJh+TbC8N7wchSCHIxqscBdnx8Jk8CkEcZAlrCDc4wwYLLElx+NMDXMUhhup8NJZvg\/ZIBt229zGMqBJ+6wbDiHgUmyAO1zeewSCZOAScArItBxzFvoUEYXtq1z6dCwU9sKQ\/02apksNnJZAovHtrtCwiTCKEOH0UF0IJ9oOpRXu1yZPOEEta0wtEN7yGeXvDitrq6WZboeXUDCdACdZ6NLKAXC0GnsQ6aQtsIAbSAEcoRzKGRCIi5btMt210iYjmDop5OIxxIdh0R1HeeJe1JZ5iiIE7aJREiTC0\/cKWQVZiipibrycZpEXdlZpj7IJoyYTySMcCFhhAsJI1xIGOFCwggXEka4kDDChYQRLiSMcCFhhAsJI1xIGOFCwggXEka4kDDChYQRLiSMcCFhhAsJIxwUxf881XwD3ac3kgAAAABJRU5ErkJggg==\" data-filename=\"ldpr-08-sentido.png\" \/><\/p>\n<p><strong>Especifica\u00e7\u00f5es t\u00e9cnicas:<\/strong><br \/>\nPress\u00e3o de opera\u00e7\u00e3o: At\u00e9 207 bar;<br \/>\nTemperatura: de &#8211; 35\u00baC a + 120\u00baC;<br \/>\nFlu\u00eddos: Flu\u00eddos a base se \u00f3leo mineral (para outras aplica\u00e7\u00f5es, consultar nossa equipe t\u00e9cnica);<br \/>\nGrau de filtragem recomendada: ISO16\/12;<br \/>\nMaterial do corpo: A\u00e7o;<br \/>\nTratamento do corpo: Anodizado 6061T6;<br \/>\nCavidade: LB-08-3 (Cavidade 8);<br \/>\nVaz\u00e3o: 11,4 litros por minuto (Verificar as vers\u00f5es dispon\u00edveis).<\/p>\n<p><strong>Caracter\u00edsticas:<\/strong><br \/>\nCorpo da v\u00e1lvula leve e resistente;<br \/>\nCavidade padr\u00e3o (intercambi\u00e1vel com diversos fabricantes);<br \/>\nTamanho reduzido;<br \/>\nEstabilidade funcional;<br \/>\nPrecis\u00e3o em sua regulagem.<\/p>\n","protected":false},"excerpt":{"rendered":"<p>A V\u00e1lvula Cartucho Redutora de Press\u00e3o LDPR-08 \u00e9 indicada para se realizar a redu\u00e7\u00e3o de press\u00e3o em pontos espec\u00edficos do sistema, onde a press\u00e3o deve ser menor do que a press\u00e3o j\u00e1 ajustada na v\u00e1lvula de al\u00edvio.<\/p>\n","protected":false},"featured_media":7692,"template":"","meta":[],"product_brand":[],"product_cat":[133,32],"product_tag":[],"class_list":{"0":"post-4201","1":"product","2":"type-product","3":"status-publish","4":"has-post-thumbnail","6":"product_cat-alivio-redutora-de-pressao","7":"product_cat-valvulas-insertaveis","9":"first","10":"instock","11":"virtual","12":"product-type-simple"},"yoast_head":"<!-- This site is optimized with the Yoast SEO plugin v27.5 - https:\/\/yoast.com\/product\/yoast-seo-wordpress\/ -->\n<title>LDPR-08 - ACT Sistemas Hidr\u00e1ulicos<\/title>\n<meta name=\"description\" content=\"A V\u00e1lvula Cartucho Redutora de Press\u00e3o LDPR-08 \u00e9 indicada para se realizar a redu\u00e7\u00e3o de press\u00e3o em pontos espec\u00edficos do sistema.\" \/>\n<meta name=\"robots\" content=\"index, follow, max-snippet:-1, max-image-preview:large, max-video-preview:-1\" \/>\n<link rel=\"canonical\" href=\"https:\/\/actbr.com.br\/en\/produto\/ldpr-08\/\" \/>\n<meta property=\"og:locale\" content=\"en_US\" \/>\n<meta property=\"og:type\" content=\"article\" \/>\n<meta property=\"og:title\" content=\"LDPR-08 - ACT Sistemas Hidr\u00e1ulicos\" \/>\n<meta property=\"og:description\" content=\"A V\u00e1lvula Cartucho Redutora de Press\u00e3o LDPR-08 \u00e9 indicada para se realizar a redu\u00e7\u00e3o de press\u00e3o em pontos espec\u00edficos do sistema.\" \/>\n<meta property=\"og:url\" content=\"https:\/\/actbr.com.br\/en\/produto\/ldpr-08\/\" \/>\n<meta property=\"og:site_name\" content=\"ACT Sistemas Hidr\u00e1ulicos\" \/>\n<meta property=\"article:modified_time\" content=\"2023-07-04T13:01:52+00:00\" \/>\n<meta property=\"og:image\" content=\"https:\/\/actbr.com.br\/wp-content\/uploads\/2020\/09\/LDPR-08.jpg\" \/>\n\t<meta property=\"og:image:width\" content=\"600\" \/>\n\t<meta property=\"og:image:height\" content=\"600\" \/>\n\t<meta property=\"og:image:type\" content=\"image\/jpeg\" \/>\n<meta name=\"twitter:card\" content=\"summary_large_image\" \/>\n<meta name=\"twitter:label1\" content=\"Est. reading time\" \/>\n\t<meta name=\"twitter:data1\" content=\"2 minutes\" \/>\n<script type=\"application\/ld+json\" class=\"yoast-schema-graph\">{\"@context\":\"https:\\\/\\\/schema.org\",\"@graph\":[{\"@type\":\"WebPage\",\"@id\":\"https:\\\/\\\/actbr.com.br\\\/en\\\/produto\\\/ldpr-08\\\/\",\"url\":\"https:\\\/\\\/actbr.com.br\\\/en\\\/produto\\\/ldpr-08\\\/\",\"name\":\"LDPR-08 - ACT Sistemas Hidr\u00e1ulicos\",\"isPartOf\":{\"@id\":\"https:\\\/\\\/actbr.com.br\\\/en\\\/#website\"},\"primaryImageOfPage\":{\"@id\":\"https:\\\/\\\/actbr.com.br\\\/en\\\/produto\\\/ldpr-08\\\/#primaryimage\"},\"image\":{\"@id\":\"https:\\\/\\\/actbr.com.br\\\/en\\\/produto\\\/ldpr-08\\\/#primaryimage\"},\"thumbnailUrl\":\"https:\\\/\\\/actbr.com.br\\\/wp-content\\\/uploads\\\/2020\\\/09\\\/LDPR-08.jpg\",\"datePublished\":\"2020-09-29T15:50:29+00:00\",\"dateModified\":\"2023-07-04T13:01:52+00:00\",\"description\":\"A V\u00e1lvula Cartucho Redutora de Press\u00e3o LDPR-08 \u00e9 indicada para se realizar a redu\u00e7\u00e3o de press\u00e3o em pontos espec\u00edficos do sistema.\",\"breadcrumb\":{\"@id\":\"https:\\\/\\\/actbr.com.br\\\/en\\\/produto\\\/ldpr-08\\\/#breadcrumb\"},\"inLanguage\":\"en-US\",\"potentialAction\":[{\"@type\":\"ReadAction\",\"target\":[\"https:\\\/\\\/actbr.com.br\\\/en\\\/produto\\\/ldpr-08\\\/\"]}]},{\"@type\":\"ImageObject\",\"inLanguage\":\"en-US\",\"@id\":\"https:\\\/\\\/actbr.com.br\\\/en\\\/produto\\\/ldpr-08\\\/#primaryimage\",\"url\":\"https:\\\/\\\/actbr.com.br\\\/wp-content\\\/uploads\\\/2020\\\/09\\\/LDPR-08.jpg\",\"contentUrl\":\"https:\\\/\\\/actbr.com.br\\\/wp-content\\\/uploads\\\/2020\\\/09\\\/LDPR-08.jpg\",\"width\":600,\"height\":600,\"caption\":\"V\u00e1lvula Redutora de Press\u00e3o LDPR-08\"},{\"@type\":\"BreadcrumbList\",\"@id\":\"https:\\\/\\\/actbr.com.br\\\/en\\\/produto\\\/ldpr-08\\\/#breadcrumb\",\"itemListElement\":[{\"@type\":\"ListItem\",\"position\":1,\"name\":\"In\u00edcio\",\"item\":\"https:\\\/\\\/actbr.com.br\\\/en\\\/\"},{\"@type\":\"ListItem\",\"position\":2,\"name\":\"Produtos\",\"item\":\"https:\\\/\\\/actbr.com.br\\\/produtos-act\\\/\"},{\"@type\":\"ListItem\",\"position\":3,\"name\":\"V\u00e1lvulas Insert\u00e1veis\",\"item\":\"https:\\\/\\\/actbr.com.br\\\/en\\\/categoria-produto\\\/valvulas-insertaveis\\\/\"},{\"@type\":\"ListItem\",\"position\":4,\"name\":\"Al\u00edvio - Redutora de Press\u00e3o\",\"item\":\"https:\\\/\\\/actbr.com.br\\\/en\\\/categoria-produto\\\/valvulas-insertaveis\\\/alivio-redutora-de-pressao\\\/\"},{\"@type\":\"ListItem\",\"position\":5,\"name\":\"LDPR-08\"}]},{\"@type\":\"WebSite\",\"@id\":\"https:\\\/\\\/actbr.com.br\\\/en\\\/#website\",\"url\":\"https:\\\/\\\/actbr.com.br\\\/en\\\/\",\"name\":\"ACT Sistemas Hidr\u00e1ulicos\",\"description\":\"Fabrica\u00e7\u00e3o e manuten\u00e7\u00e3o de componentes \u00f3leo hidr\u00e1ulicos\",\"publisher\":{\"@id\":\"https:\\\/\\\/actbr.com.br\\\/en\\\/#organization\"},\"potentialAction\":[{\"@type\":\"SearchAction\",\"target\":{\"@type\":\"EntryPoint\",\"urlTemplate\":\"https:\\\/\\\/actbr.com.br\\\/en\\\/?s={search_term_string}\"},\"query-input\":{\"@type\":\"PropertyValueSpecification\",\"valueRequired\":true,\"valueName\":\"search_term_string\"}}],\"inLanguage\":\"en-US\"},{\"@type\":\"Organization\",\"@id\":\"https:\\\/\\\/actbr.com.br\\\/en\\\/#organization\",\"name\":\"ACT Sistemas Hidr\u00e1ulicos\",\"url\":\"https:\\\/\\\/actbr.com.br\\\/en\\\/\",\"logo\":{\"@type\":\"ImageObject\",\"inLanguage\":\"en-US\",\"@id\":\"https:\\\/\\\/actbr.com.br\\\/en\\\/#\\\/schema\\\/logo\\\/image\\\/\",\"url\":\"https:\\\/\\\/actbr.com.br\\\/wp-content\\\/uploads\\\/2025\\\/02\\\/cropped-ACT_NEGATIVO-marca-dagua.png\",\"contentUrl\":\"https:\\\/\\\/actbr.com.br\\\/wp-content\\\/uploads\\\/2025\\\/02\\\/cropped-ACT_NEGATIVO-marca-dagua.png\",\"width\":240,\"height\":146,\"caption\":\"ACT Sistemas Hidr\u00e1ulicos\"},\"image\":{\"@id\":\"https:\\\/\\\/actbr.com.br\\\/en\\\/#\\\/schema\\\/logo\\\/image\\\/\"}}]}<\/script>\n<!-- \/ Yoast SEO plugin. -->","yoast_head_json":{"title":"LDPR-08 - ACT Sistemas Hidr\u00e1ulicos","description":"A V\u00e1lvula Cartucho Redutora de Press\u00e3o LDPR-08 \u00e9 indicada para se realizar a redu\u00e7\u00e3o de press\u00e3o em pontos espec\u00edficos do sistema.","robots":{"index":"index","follow":"follow","max-snippet":"max-snippet:-1","max-image-preview":"max-image-preview:large","max-video-preview":"max-video-preview:-1"},"canonical":"https:\/\/actbr.com.br\/en\/produto\/ldpr-08\/","og_locale":"en_US","og_type":"article","og_title":"LDPR-08 - ACT Sistemas Hidr\u00e1ulicos","og_description":"A V\u00e1lvula Cartucho Redutora de Press\u00e3o LDPR-08 \u00e9 indicada para se realizar a redu\u00e7\u00e3o de press\u00e3o em pontos espec\u00edficos do sistema.","og_url":"https:\/\/actbr.com.br\/en\/produto\/ldpr-08\/","og_site_name":"ACT Sistemas Hidr\u00e1ulicos","article_modified_time":"2023-07-04T13:01:52+00:00","og_image":[{"width":600,"height":600,"url":"https:\/\/actbr.com.br\/wp-content\/uploads\/2020\/09\/LDPR-08.jpg","type":"image\/jpeg"}],"twitter_card":"summary_large_image","twitter_misc":{"Est. reading time":"2 minutes"},"schema":{"@context":"https:\/\/schema.org","@graph":[{"@type":"WebPage","@id":"https:\/\/actbr.com.br\/en\/produto\/ldpr-08\/","url":"https:\/\/actbr.com.br\/en\/produto\/ldpr-08\/","name":"LDPR-08 - ACT Sistemas Hidr\u00e1ulicos","isPartOf":{"@id":"https:\/\/actbr.com.br\/en\/#website"},"primaryImageOfPage":{"@id":"https:\/\/actbr.com.br\/en\/produto\/ldpr-08\/#primaryimage"},"image":{"@id":"https:\/\/actbr.com.br\/en\/produto\/ldpr-08\/#primaryimage"},"thumbnailUrl":"https:\/\/actbr.com.br\/wp-content\/uploads\/2020\/09\/LDPR-08.jpg","datePublished":"2020-09-29T15:50:29+00:00","dateModified":"2023-07-04T13:01:52+00:00","description":"A V\u00e1lvula Cartucho Redutora de Press\u00e3o LDPR-08 \u00e9 indicada para se realizar a redu\u00e7\u00e3o de press\u00e3o em pontos espec\u00edficos do sistema.","breadcrumb":{"@id":"https:\/\/actbr.com.br\/en\/produto\/ldpr-08\/#breadcrumb"},"inLanguage":"en-US","potentialAction":[{"@type":"ReadAction","target":["https:\/\/actbr.com.br\/en\/produto\/ldpr-08\/"]}]},{"@type":"ImageObject","inLanguage":"en-US","@id":"https:\/\/actbr.com.br\/en\/produto\/ldpr-08\/#primaryimage","url":"https:\/\/actbr.com.br\/wp-content\/uploads\/2020\/09\/LDPR-08.jpg","contentUrl":"https:\/\/actbr.com.br\/wp-content\/uploads\/2020\/09\/LDPR-08.jpg","width":600,"height":600,"caption":"V\u00e1lvula Redutora de Press\u00e3o LDPR-08"},{"@type":"BreadcrumbList","@id":"https:\/\/actbr.com.br\/en\/produto\/ldpr-08\/#breadcrumb","itemListElement":[{"@type":"ListItem","position":1,"name":"In\u00edcio","item":"https:\/\/actbr.com.br\/en\/"},{"@type":"ListItem","position":2,"name":"Produtos","item":"https:\/\/actbr.com.br\/produtos-act\/"},{"@type":"ListItem","position":3,"name":"V\u00e1lvulas Insert\u00e1veis","item":"https:\/\/actbr.com.br\/en\/categoria-produto\/valvulas-insertaveis\/"},{"@type":"ListItem","position":4,"name":"Al\u00edvio - Redutora de Press\u00e3o","item":"https:\/\/actbr.com.br\/en\/categoria-produto\/valvulas-insertaveis\/alivio-redutora-de-pressao\/"},{"@type":"ListItem","position":5,"name":"LDPR-08"}]},{"@type":"WebSite","@id":"https:\/\/actbr.com.br\/en\/#website","url":"https:\/\/actbr.com.br\/en\/","name":"ACT Sistemas Hidr\u00e1ulicos","description":"Fabrica\u00e7\u00e3o e manuten\u00e7\u00e3o de componentes \u00f3leo hidr\u00e1ulicos","publisher":{"@id":"https:\/\/actbr.com.br\/en\/#organization"},"potentialAction":[{"@type":"SearchAction","target":{"@type":"EntryPoint","urlTemplate":"https:\/\/actbr.com.br\/en\/?s={search_term_string}"},"query-input":{"@type":"PropertyValueSpecification","valueRequired":true,"valueName":"search_term_string"}}],"inLanguage":"en-US"},{"@type":"Organization","@id":"https:\/\/actbr.com.br\/en\/#organization","name":"ACT Sistemas Hidr\u00e1ulicos","url":"https:\/\/actbr.com.br\/en\/","logo":{"@type":"ImageObject","inLanguage":"en-US","@id":"https:\/\/actbr.com.br\/en\/#\/schema\/logo\/image\/","url":"https:\/\/actbr.com.br\/wp-content\/uploads\/2025\/02\/cropped-ACT_NEGATIVO-marca-dagua.png","contentUrl":"https:\/\/actbr.com.br\/wp-content\/uploads\/2025\/02\/cropped-ACT_NEGATIVO-marca-dagua.png","width":240,"height":146,"caption":"ACT Sistemas Hidr\u00e1ulicos"},"image":{"@id":"https:\/\/actbr.com.br\/en\/#\/schema\/logo\/image\/"}}]}},"_links":{"self":[{"href":"https:\/\/actbr.com.br\/en\/wp-json\/wp\/v2\/product\/4201","targetHints":{"allow":["GET"]}}],"collection":[{"href":"https:\/\/actbr.com.br\/en\/wp-json\/wp\/v2\/product"}],"about":[{"href":"https:\/\/actbr.com.br\/en\/wp-json\/wp\/v2\/types\/product"}],"wp:featuredmedia":[{"embeddable":true,"href":"https:\/\/actbr.com.br\/en\/wp-json\/wp\/v2\/media\/7692"}],"wp:attachment":[{"href":"https:\/\/actbr.com.br\/en\/wp-json\/wp\/v2\/media?parent=4201"}],"wp:term":[{"taxonomy":"product_brand","embeddable":true,"href":"https:\/\/actbr.com.br\/en\/wp-json\/wp\/v2\/product_brand?post=4201"},{"taxonomy":"product_cat","embeddable":true,"href":"https:\/\/actbr.com.br\/en\/wp-json\/wp\/v2\/product_cat?post=4201"},{"taxonomy":"product_tag","embeddable":true,"href":"https:\/\/actbr.com.br\/en\/wp-json\/wp\/v2\/product_tag?post=4201"}],"curies":[{"name":"wp","href":"https:\/\/api.w.org\/{rel}","templated":true}]}}