{"id":4207,"date":"2020-09-29T12:51:04","date_gmt":"2020-09-29T15:51:04","guid":{"rendered":"https:\/\/actbr.com.br\/produto\/valvula-de-sequencia-lps-10\/"},"modified":"2023-06-29T08:49:01","modified_gmt":"2023-06-29T11:49:01","slug":"lps-10","status":"publish","type":"product","link":"https:\/\/actbr.com.br\/en\/produto\/lps-10\/","title":{"rendered":"LPS-10"},"content":{"rendered":"<p><strong>V\u00e1lvula de Sequ\u00eancia LPS-10<\/strong><\/p>\n<p>A V\u00e1lvula de Sequ\u00eancia LPS-10 assegura que uma opera\u00e7\u00e3o seja completa antes que outra fun\u00e7\u00e3o seja desenvolvida. Ela direciona o fluxo em uma sequ\u00eancia pr\u00e9-determinada, atrav\u00e9s de uma regulagem (parafuso allen ou manopla).<\/p>\n<p>No estado estacion\u00e1rio (com a press\u00e3o abaixo da regulagem), 1 e 2 est\u00e3o fechados (p\u00f3rticos) e 2 a 3 est\u00e3o abertos (p\u00f3rticos); quando 1 atinge a press\u00e3o predefinida, 1 a 2 s\u00e3o abertos.<\/p>\n<p><img decoding=\"async\" src=\"data:image\/png;base64,iVBORw0KGgoAAAANSUhEUgAAAIwAAABuCAYAAAD1TPu3AAAAAXNSR0IArs4c6QAAAARnQU1BAACxjwv8YQUAAAAJcEhZcwAADsMAAA7DAcdvqGQAAAhtSURBVHhe7Zu\/jxZFGID9T4TzTn5DMIaIEsATg0QkahQo1Q60RuWHPfZIggkg2HDIYYHVdUBooKCgImfHlVDSrjzrvscwzOzuuzu7t\/vd+yST777Z2ZnZnedm3m+\/+d7IDEOBCWOoMGEMFSaMocKEMVSYMIYKE8ZQYcIYKkwYQ4UJY6gwYQwVJoyhwoQxVJgwhgoTxlBhwhgqTBhDhQljqDBhDBW9CfPWm2t6T2WEyvupjFD5IaWu6FWYIRPr39OnT7OFhYXs\/G\/ns1MnT2Z\/Xr2a3bt3L3v+\/HlRYniYMD3g9w8hkIN8ZEGax48fZ3\/fvJkdP3Ys+3DPnjxviJgwPeD2D1mQ4tezZ\/MZJgTyIA0yDQ0Tpgfc\/rH0uCLITENCEpYkQCzeP3z4MH8\/FEyYHpD+ycwhMQpyHD18ePk9crjHpfyQMGF6QPrHzEKcIhCn+DMIyxWiCLwf0ixjwvSA9I\/lyJXBR2YcF5YsV7KVxoTpAekfr7Lc+Dx58iQYsyCLCZOYsQjjLzeCyCIBr4sJ0wFjEYaP0v7zlTJZwGKYDhiLMH6MUiWL\/6lqCJgwPeD2jxmDQFb+5pifmIWQhONDWo6A\/nWFCVPg9k9mFaSJzRw8AUYWe9LbEWMSBhCCj9gsT4jD0kMiVkESysssNDRMmB6I9Q9JEAN5JLEExb5jGgImTA8MvX8aTJiG0OYYU1tS1BFj4oWpA8sOAWxdNNdy586dvPzpU6eLnHJS3Kcu77UJ8wJiEk0Aq7kWPn5TfnrN2uzZs2dFbpwU96nLe23CvIBAVvOkVnMtCLN+eiYX5scTJ4rcOCZMwZCFoZzmSa3mWhBm47r1+Tl1ZpkU9ylFHTFWvTDa+AU014IwmzdszM8h\/XD8++JImBT3KUUdMVa9MNr4BTTXgjAzU1P5OZL+XVwsjr6Opu4YKeqIMUphGAR\/kHmUzyN9YNb49MCBWm1q4xfQXAt9pTzL0fZt2\/I4pmz5S3GfUt5rn1EKgxj+N8rUPz8\/nwuAPAxMnTYpo\/2mWXMtxCwPHjzIJfZ36oVIcZ9S1BFjtEsSUsjj+X9u3cpm9+zN22DmQQAGp6rNJvELNL0Wzqv6SiHFfUpRR4zRCiMbndinsnXT5uzokSPLbci3zVVtNolfoOm1MPvF9tUIKe5T6nvtMlph\/rh8Odu7e\/fyTEJitmDWQCSEqmqzSfwCTa8FQau2Q8i1SBv++zpoymoZnTBM6dz03bt2Ze9uf2d5WaF+ZgsGBVn4T65qk+Pa+AWaXkudOCZWt6bNpv2rw6CFIWDk0w6vDCwysNQgjMQpzBKIQv3MFsgj8U1Zm03jF2gzIJxbFsfE6ta02aZ\/VQxWmKWlpWzbli35eZ\/s378sh3x0BtnIhCi8IhGv8l9c1mbT+AXK6q2iKo6J1a1ps03\/qhikMIuLi9m66Zn8HEmXLl0qjr7EFwUYEIkTJM+Fj9vfffNtdvirr7Pbt28XuTpC9daF+KosjmlTt5CijhiDEyYkC2nf7GxR4iWIIv+tUj9LjcxCkufywc73X6n30MHPiiP1CdVbF\/8Zkk+buoUUdcQYlDC+LDwd5bH6l59\/kc3NzRWlwoTqD+W5wlD\/uXPniiMvkeOhJMcF\/7ibYrjPkHxi55XV56Mpq2UwwjBbbN6wIS\/33o4d2S9nzuRPSNsQatMVZv3M20VunFAdoTyI5fvIp7gQbesGTVktgxLm\/v37+WsqQm1+\/NG+PJ\/Z5fcLF4rcOKE6YtdSdY1CWRzTtm7QlNUyyKC3CaH6Q3mHDh7M87du3FTklFO3Xojl+5TFMW3rBk1ZLatOGJlh5q5dK3LKqVsvxPJDxOKYFHVrympZdcLs2rkz39BUl7r1guYaY3FMiro1ZbVMvDBjTCFi+SE0ZbVMtDAhtP3out9dYMLUYNKF0fSjyz5PjDB1MWHaYcJUYMK8ii1JFXTd77po+tFln02YCrrud100\/eiyz6tKmLt37+blZtZO1foKYlPxi8Ubf90oclYOzf3r8l5PlDBu8vGPn\/zp5+JImCtXrrx2jpt8QmXc5BI6LkkoO1aFpqyWVRX0Xr9+Pe9Hnd84MwNNv5iJKH\/x4sUidxyYMAmhH48ePSrelcP+nKH0W4MJkxBtP0yYV5kYYfjml+2ZpLKANrUwbFWQdoeCCRMBMdj9z94StguwAVx+o8S3waFBTCGMtEubddvtky7utTBaYfjPZpAYLH+A3AH1f0rSVhjZ\/FTVLq8rhQnjwcAwaLLNkX0lDKCb+AkKyxRSuYPXRhjqQwa2WPq4m6GQKlauD0wYD0Rh6hfc+AV5aEt+My2DJwPaRhja9ffiIq8vJdAu57oi9UXKe+0zOmEYoLKBYPD8ZYj3MtDafkh52uNv2hfIk\/gptATRZtNfV7Yh1b0OMTphmDlYckIwOLTjb32UuAO0\/ZDy1OnOaoA81I0sIWGY8RC4b0wYBwYm9l+LTBxHDr+MtN9UmJgUEDsms2HfdNnmRAkjSNziIu1r+yHlTZj\/maglycVtr6slSYgJw5JUp6+pMWEc\/KAXgfwZh4+zbuzA8S6CXiEmjAW9LUh5EQyE\/LczgCw\/vGfQOEZbXX2sDgkQEoZ2OVfa7ZOU99pnlMKIJDJrMCjMKgwarzJIvPofs9sIQ3206z+Q472bJ5KGZp0+MGECSFxCjFD2iN6fEdoIA03b7RMTJoIMEAPIIDGIzCi0xRLlDyi0FQaatNsnXdxrYdTCuLBcMFBVg5VCGBdmnDrt9snECDOUVEaovJ\/KCJVfidQVvQljTAYmjKHChDFUmDCGChPGUGHCGCpMGEOFCWOoMGEMFSaMocKEMVSYMIYKE8ZQYcIYKkwYQ4UJY6gwYQwVJoyhwoQxVJgwhgoTxlBhwhgKsuw\/ONp0xe1z2oYAAAAASUVORK5CYII=\" data-filename=\"sequencia-lps.png\" \/><\/p>\n<p><strong>Especifica\u00e7\u00f5es t\u00e9cnicas:<\/strong><br \/>\nPress\u00e3o de opera\u00e7\u00e3o: At\u00e9 207 bar;<br \/>\nTemperatura: de &#8211; 35\u00baC a + 120\u00baC;<br \/>\nFlu\u00eddos: Flu\u00eddos a base se \u00f3leo mineral (para outras aplica\u00e7\u00f5es, consultar nossa equipe t\u00e9cnica);<br \/>\nGrau de filtragem recomendada: ISO16\/12;<br \/>\nMaterial do corpo: A\u00e7o;<br \/>\nTratamento do corpo: Anodizado 6061T6;<br \/>\nCavidade: LB-10-3 (Cavidade 10);<br \/>\nVaz\u00e3o: 37,9 litros por minuto (Verificar as vers\u00f5es dispon\u00edveis).<\/p>\n<p><strong>Caracter\u00edsticas:<\/strong><br \/>\nCorpo da v\u00e1lvula leve e resistente;<br \/>\nCavidade padr\u00e3o (intercambi\u00e1vel com diversos fabricantes);<br \/>\nTamanho reduzido;<br \/>\nEstabilidade funcional;<br \/>\nPrecis\u00e3o em sua regulagem.<\/p>\n","protected":false},"excerpt":{"rendered":"<p>A V\u00e1lvula de Sequ\u00eancia LPS-10 assegura que uma opera\u00e7\u00e3o seja completa antes que outra fun\u00e7\u00e3o seja desenvolvida, direcionando o fluxo.<\/p>\n","protected":false},"featured_media":7707,"template":"","meta":[],"product_brand":[],"product_cat":[134,32],"product_tag":[],"class_list":{"0":"post-4207","1":"product","2":"type-product","3":"status-publish","4":"has-post-thumbnail","6":"product_cat-alivio-sequencia","7":"product_cat-valvulas-insertaveis","9":"first","10":"instock","11":"virtual","12":"product-type-simple"},"yoast_head":"<!-- This site is optimized with the Yoast SEO plugin v27.5 - https:\/\/yoast.com\/product\/yoast-seo-wordpress\/ -->\n<title>LPS-10 - ACT Sistemas Hidr\u00e1ulicos<\/title>\n<meta name=\"description\" content=\"A V\u00e1lvula de Sequ\u00eancia LPS-10 assegura que uma opera\u00e7\u00e3o seja completa antes que outra fun\u00e7\u00e3o seja desenvolvida, direcionando o fluxo.\" \/>\n<meta name=\"robots\" content=\"index, follow, max-snippet:-1, max-image-preview:large, max-video-preview:-1\" \/>\n<link rel=\"canonical\" href=\"https:\/\/actbr.com.br\/en\/produto\/lps-10\/\" \/>\n<meta property=\"og:locale\" content=\"en_US\" \/>\n<meta property=\"og:type\" content=\"article\" \/>\n<meta property=\"og:title\" content=\"LPS-10 - ACT Sistemas Hidr\u00e1ulicos\" \/>\n<meta property=\"og:description\" content=\"A V\u00e1lvula de Sequ\u00eancia LPS-10 assegura que uma opera\u00e7\u00e3o seja completa antes que outra fun\u00e7\u00e3o seja desenvolvida, direcionando o fluxo.\" \/>\n<meta property=\"og:url\" content=\"https:\/\/actbr.com.br\/en\/produto\/lps-10\/\" \/>\n<meta property=\"og:site_name\" content=\"ACT Sistemas Hidr\u00e1ulicos\" \/>\n<meta property=\"article:modified_time\" content=\"2023-06-29T11:49:01+00:00\" \/>\n<meta property=\"og:image\" content=\"https:\/\/actbr.com.br\/wp-content\/uploads\/2020\/09\/LPS-10.png\" \/>\n\t<meta property=\"og:image:width\" content=\"482\" \/>\n\t<meta property=\"og:image:height\" content=\"461\" \/>\n\t<meta property=\"og:image:type\" content=\"image\/png\" \/>\n<meta name=\"twitter:card\" content=\"summary_large_image\" \/>\n<meta name=\"twitter:label1\" content=\"Est. reading time\" \/>\n\t<meta name=\"twitter:data1\" content=\"2 minutes\" \/>\n<script type=\"application\/ld+json\" class=\"yoast-schema-graph\">{\"@context\":\"https:\\\/\\\/schema.org\",\"@graph\":[{\"@type\":\"WebPage\",\"@id\":\"https:\\\/\\\/actbr.com.br\\\/en\\\/produto\\\/lps-10\\\/\",\"url\":\"https:\\\/\\\/actbr.com.br\\\/en\\\/produto\\\/lps-10\\\/\",\"name\":\"LPS-10 - ACT Sistemas Hidr\u00e1ulicos\",\"isPartOf\":{\"@id\":\"https:\\\/\\\/actbr.com.br\\\/en\\\/#website\"},\"primaryImageOfPage\":{\"@id\":\"https:\\\/\\\/actbr.com.br\\\/en\\\/produto\\\/lps-10\\\/#primaryimage\"},\"image\":{\"@id\":\"https:\\\/\\\/actbr.com.br\\\/en\\\/produto\\\/lps-10\\\/#primaryimage\"},\"thumbnailUrl\":\"https:\\\/\\\/actbr.com.br\\\/wp-content\\\/uploads\\\/2020\\\/09\\\/LPS-10.png\",\"datePublished\":\"2020-09-29T15:51:04+00:00\",\"dateModified\":\"2023-06-29T11:49:01+00:00\",\"description\":\"A V\u00e1lvula de Sequ\u00eancia LPS-10 assegura que uma opera\u00e7\u00e3o seja completa antes que outra fun\u00e7\u00e3o seja desenvolvida, direcionando o fluxo.\",\"breadcrumb\":{\"@id\":\"https:\\\/\\\/actbr.com.br\\\/en\\\/produto\\\/lps-10\\\/#breadcrumb\"},\"inLanguage\":\"en-US\",\"potentialAction\":[{\"@type\":\"ReadAction\",\"target\":[\"https:\\\/\\\/actbr.com.br\\\/en\\\/produto\\\/lps-10\\\/\"]}]},{\"@type\":\"ImageObject\",\"inLanguage\":\"en-US\",\"@id\":\"https:\\\/\\\/actbr.com.br\\\/en\\\/produto\\\/lps-10\\\/#primaryimage\",\"url\":\"https:\\\/\\\/actbr.com.br\\\/wp-content\\\/uploads\\\/2020\\\/09\\\/LPS-10.png\",\"contentUrl\":\"https:\\\/\\\/actbr.com.br\\\/wp-content\\\/uploads\\\/2020\\\/09\\\/LPS-10.png\",\"width\":482,\"height\":461,\"caption\":\"V\u00e1lvula de Sequ\u00eancia LPS-10\"},{\"@type\":\"BreadcrumbList\",\"@id\":\"https:\\\/\\\/actbr.com.br\\\/en\\\/produto\\\/lps-10\\\/#breadcrumb\",\"itemListElement\":[{\"@type\":\"ListItem\",\"position\":1,\"name\":\"In\u00edcio\",\"item\":\"https:\\\/\\\/actbr.com.br\\\/en\\\/\"},{\"@type\":\"ListItem\",\"position\":2,\"name\":\"Produtos\",\"item\":\"https:\\\/\\\/actbr.com.br\\\/produtos-act\\\/\"},{\"@type\":\"ListItem\",\"position\":3,\"name\":\"V\u00e1lvulas Insert\u00e1veis\",\"item\":\"https:\\\/\\\/actbr.com.br\\\/en\\\/categoria-produto\\\/valvulas-insertaveis\\\/\"},{\"@type\":\"ListItem\",\"position\":4,\"name\":\"Al\u00edvio - Sequ\u00eancia\",\"item\":\"https:\\\/\\\/actbr.com.br\\\/en\\\/categoria-produto\\\/valvulas-insertaveis\\\/alivio-sequencia\\\/\"},{\"@type\":\"ListItem\",\"position\":5,\"name\":\"LPS-10\"}]},{\"@type\":\"WebSite\",\"@id\":\"https:\\\/\\\/actbr.com.br\\\/en\\\/#website\",\"url\":\"https:\\\/\\\/actbr.com.br\\\/en\\\/\",\"name\":\"ACT Sistemas Hidr\u00e1ulicos\",\"description\":\"Fabrica\u00e7\u00e3o e manuten\u00e7\u00e3o de componentes \u00f3leo hidr\u00e1ulicos\",\"publisher\":{\"@id\":\"https:\\\/\\\/actbr.com.br\\\/en\\\/#organization\"},\"potentialAction\":[{\"@type\":\"SearchAction\",\"target\":{\"@type\":\"EntryPoint\",\"urlTemplate\":\"https:\\\/\\\/actbr.com.br\\\/en\\\/?s={search_term_string}\"},\"query-input\":{\"@type\":\"PropertyValueSpecification\",\"valueRequired\":true,\"valueName\":\"search_term_string\"}}],\"inLanguage\":\"en-US\"},{\"@type\":\"Organization\",\"@id\":\"https:\\\/\\\/actbr.com.br\\\/en\\\/#organization\",\"name\":\"ACT Sistemas Hidr\u00e1ulicos\",\"url\":\"https:\\\/\\\/actbr.com.br\\\/en\\\/\",\"logo\":{\"@type\":\"ImageObject\",\"inLanguage\":\"en-US\",\"@id\":\"https:\\\/\\\/actbr.com.br\\\/en\\\/#\\\/schema\\\/logo\\\/image\\\/\",\"url\":\"https:\\\/\\\/actbr.com.br\\\/wp-content\\\/uploads\\\/2025\\\/02\\\/cropped-ACT_NEGATIVO-marca-dagua.png\",\"contentUrl\":\"https:\\\/\\\/actbr.com.br\\\/wp-content\\\/uploads\\\/2025\\\/02\\\/cropped-ACT_NEGATIVO-marca-dagua.png\",\"width\":240,\"height\":146,\"caption\":\"ACT Sistemas Hidr\u00e1ulicos\"},\"image\":{\"@id\":\"https:\\\/\\\/actbr.com.br\\\/en\\\/#\\\/schema\\\/logo\\\/image\\\/\"}}]}<\/script>\n<!-- \/ Yoast SEO plugin. -->","yoast_head_json":{"title":"LPS-10 - ACT Sistemas Hidr\u00e1ulicos","description":"A V\u00e1lvula de Sequ\u00eancia LPS-10 assegura que uma opera\u00e7\u00e3o seja completa antes que outra fun\u00e7\u00e3o seja desenvolvida, direcionando o fluxo.","robots":{"index":"index","follow":"follow","max-snippet":"max-snippet:-1","max-image-preview":"max-image-preview:large","max-video-preview":"max-video-preview:-1"},"canonical":"https:\/\/actbr.com.br\/en\/produto\/lps-10\/","og_locale":"en_US","og_type":"article","og_title":"LPS-10 - ACT Sistemas Hidr\u00e1ulicos","og_description":"A V\u00e1lvula de Sequ\u00eancia LPS-10 assegura que uma opera\u00e7\u00e3o seja completa antes que outra fun\u00e7\u00e3o seja desenvolvida, direcionando o fluxo.","og_url":"https:\/\/actbr.com.br\/en\/produto\/lps-10\/","og_site_name":"ACT Sistemas Hidr\u00e1ulicos","article_modified_time":"2023-06-29T11:49:01+00:00","og_image":[{"width":482,"height":461,"url":"https:\/\/actbr.com.br\/wp-content\/uploads\/2020\/09\/LPS-10.png","type":"image\/png"}],"twitter_card":"summary_large_image","twitter_misc":{"Est. reading time":"2 minutes"},"schema":{"@context":"https:\/\/schema.org","@graph":[{"@type":"WebPage","@id":"https:\/\/actbr.com.br\/en\/produto\/lps-10\/","url":"https:\/\/actbr.com.br\/en\/produto\/lps-10\/","name":"LPS-10 - ACT Sistemas Hidr\u00e1ulicos","isPartOf":{"@id":"https:\/\/actbr.com.br\/en\/#website"},"primaryImageOfPage":{"@id":"https:\/\/actbr.com.br\/en\/produto\/lps-10\/#primaryimage"},"image":{"@id":"https:\/\/actbr.com.br\/en\/produto\/lps-10\/#primaryimage"},"thumbnailUrl":"https:\/\/actbr.com.br\/wp-content\/uploads\/2020\/09\/LPS-10.png","datePublished":"2020-09-29T15:51:04+00:00","dateModified":"2023-06-29T11:49:01+00:00","description":"A V\u00e1lvula de Sequ\u00eancia LPS-10 assegura que uma opera\u00e7\u00e3o seja completa antes que outra fun\u00e7\u00e3o seja desenvolvida, direcionando o fluxo.","breadcrumb":{"@id":"https:\/\/actbr.com.br\/en\/produto\/lps-10\/#breadcrumb"},"inLanguage":"en-US","potentialAction":[{"@type":"ReadAction","target":["https:\/\/actbr.com.br\/en\/produto\/lps-10\/"]}]},{"@type":"ImageObject","inLanguage":"en-US","@id":"https:\/\/actbr.com.br\/en\/produto\/lps-10\/#primaryimage","url":"https:\/\/actbr.com.br\/wp-content\/uploads\/2020\/09\/LPS-10.png","contentUrl":"https:\/\/actbr.com.br\/wp-content\/uploads\/2020\/09\/LPS-10.png","width":482,"height":461,"caption":"V\u00e1lvula de Sequ\u00eancia LPS-10"},{"@type":"BreadcrumbList","@id":"https:\/\/actbr.com.br\/en\/produto\/lps-10\/#breadcrumb","itemListElement":[{"@type":"ListItem","position":1,"name":"In\u00edcio","item":"https:\/\/actbr.com.br\/en\/"},{"@type":"ListItem","position":2,"name":"Produtos","item":"https:\/\/actbr.com.br\/produtos-act\/"},{"@type":"ListItem","position":3,"name":"V\u00e1lvulas Insert\u00e1veis","item":"https:\/\/actbr.com.br\/en\/categoria-produto\/valvulas-insertaveis\/"},{"@type":"ListItem","position":4,"name":"Al\u00edvio - Sequ\u00eancia","item":"https:\/\/actbr.com.br\/en\/categoria-produto\/valvulas-insertaveis\/alivio-sequencia\/"},{"@type":"ListItem","position":5,"name":"LPS-10"}]},{"@type":"WebSite","@id":"https:\/\/actbr.com.br\/en\/#website","url":"https:\/\/actbr.com.br\/en\/","name":"ACT Sistemas Hidr\u00e1ulicos","description":"Fabrica\u00e7\u00e3o e manuten\u00e7\u00e3o de componentes \u00f3leo hidr\u00e1ulicos","publisher":{"@id":"https:\/\/actbr.com.br\/en\/#organization"},"potentialAction":[{"@type":"SearchAction","target":{"@type":"EntryPoint","urlTemplate":"https:\/\/actbr.com.br\/en\/?s={search_term_string}"},"query-input":{"@type":"PropertyValueSpecification","valueRequired":true,"valueName":"search_term_string"}}],"inLanguage":"en-US"},{"@type":"Organization","@id":"https:\/\/actbr.com.br\/en\/#organization","name":"ACT Sistemas Hidr\u00e1ulicos","url":"https:\/\/actbr.com.br\/en\/","logo":{"@type":"ImageObject","inLanguage":"en-US","@id":"https:\/\/actbr.com.br\/en\/#\/schema\/logo\/image\/","url":"https:\/\/actbr.com.br\/wp-content\/uploads\/2025\/02\/cropped-ACT_NEGATIVO-marca-dagua.png","contentUrl":"https:\/\/actbr.com.br\/wp-content\/uploads\/2025\/02\/cropped-ACT_NEGATIVO-marca-dagua.png","width":240,"height":146,"caption":"ACT Sistemas Hidr\u00e1ulicos"},"image":{"@id":"https:\/\/actbr.com.br\/en\/#\/schema\/logo\/image\/"}}]}},"_links":{"self":[{"href":"https:\/\/actbr.com.br\/en\/wp-json\/wp\/v2\/product\/4207","targetHints":{"allow":["GET"]}}],"collection":[{"href":"https:\/\/actbr.com.br\/en\/wp-json\/wp\/v2\/product"}],"about":[{"href":"https:\/\/actbr.com.br\/en\/wp-json\/wp\/v2\/types\/product"}],"wp:featuredmedia":[{"embeddable":true,"href":"https:\/\/actbr.com.br\/en\/wp-json\/wp\/v2\/media\/7707"}],"wp:attachment":[{"href":"https:\/\/actbr.com.br\/en\/wp-json\/wp\/v2\/media?parent=4207"}],"wp:term":[{"taxonomy":"product_brand","embeddable":true,"href":"https:\/\/actbr.com.br\/en\/wp-json\/wp\/v2\/product_brand?post=4207"},{"taxonomy":"product_cat","embeddable":true,"href":"https:\/\/actbr.com.br\/en\/wp-json\/wp\/v2\/product_cat?post=4207"},{"taxonomy":"product_tag","embeddable":true,"href":"https:\/\/actbr.com.br\/en\/wp-json\/wp\/v2\/product_tag?post=4207"}],"curies":[{"name":"wp","href":"https:\/\/api.w.org\/{rel}","templated":true}]}}