{"id":4215,"date":"2020-09-29T12:51:04","date_gmt":"2020-09-29T15:51:04","guid":{"rendered":"https:\/\/actbr.com.br\/produto\/valvula-funcao-bomba-manual-lhp-10\/"},"modified":"2023-06-29T08:49:35","modified_gmt":"2023-06-29T11:49:35","slug":"lhp-10","status":"publish","type":"product","link":"https:\/\/actbr.com.br\/en\/produto\/lhp-10\/","title":{"rendered":"LHP-10"},"content":{"rendered":"<p><strong>V\u00e1lvula Fun\u00e7\u00e3o Bomba Manual LHP-10<\/strong><\/p>\n<p>A V\u00e1lvula Fun\u00e7\u00e3o Bomba Manual LHP-10 oferece a possibilidade de bombeamento manual de \u00f3leo (por alavanca) seja por utiliza\u00e7\u00e3o em projeto (situa\u00e7\u00e3o prevista na concep\u00e7\u00e3o do sistema), ou como sistema mecanismo de seguran\u00e7a (com a finalidade de terminar o acionamento de um ponto do sistema em caso de falta de energia el\u00e9trica).<\/p>\n<p>Com o acionamento da alavanca (bombeamento), o flu\u00eddo passa do p\u00f3rtico 1 para o p\u00f3rtico 2, fornecendo uma vaz\u00e3o de aproximadamente 8,8cc\/golpe.<\/p>\n<p><img decoding=\"async\" src=\"data:image\/png;base64,iVBORw0KGgoAAAANSUhEUgAAAIUAAAB2CAYAAADm3FCLAAAAAXNSR0IArs4c6QAAAARnQU1BAACxjwv8YQUAAAAJcEhZcwAADsMAAA7DAcdvqGQAAAbHSURBVHhe7Z3BjxRFFIf9TzQoKkaNieK6YXHjEYNoohITNXhdvOAFErzgESNXOcEBTDBckDMHbnsmwokz1+W415ava15821XdM+x09VRP\/76kMtM13dNTr756Vd2Q3lcqIRpIChEhKUSEpBARkkJESAoRISlEhKQQEZJCREgKESEpRISkEBGSQkRIChEhKUSEpBARvUvx+quvFVXaSO3rSxupfVdZcpBFCjEMkkJESAoRISlEhKQQEZKiYHZ3d6vzOzt123+9fLneHgJJUSjX\/7xefXf2bPXo0aNqb2+vfkUQ6nMjKQrk2bNn1Wfb29X+\/v6sJsA29U+fPp3V5EFSFMg\/9+5Vf92+Pds6CPV8nhNJUSB0elvHd33WF5KiIFg70OGfnzpVbW9tzWoPMsSCU1IUAIvI369erdvIQpI1gy0qbV3BK9vU50ZSrAiyAusDFo5cZTx48ODAwpL3ZAXa7V\/9PrmQFAND6qdzkYGRz5VGF0hA5hhCBkNSDAAdb1mB9I8YQ3byyyIpMkGn+zuSi2SFUpAUPUPHIwBZwa4Uxia0pOgBnxWQgamChaQhKQKTkIIFIFmB32ZZIYWkCExCCkTgZpPPCikkRWDyC02PpAhICoekCEgKh6QISAqHpAhICoekCKylFPyGIcuqyHXutZXiMBzmOEmxAJJiOCTFSyAplkNSOCRFQFI4JEVAUjgkRUBSOCRFQFI4JEWgdylKYCpS5EJSOCRFQFI4JEVAUjgkRUBSOCRFQFI4JEWgdylKCNJUpMh1bknhkBQBSeGQFAFJ4ZAUAUnhkBQBSeGQFAFJ4ZAUgbWVYsiyKnKdW5liSSTFSJiKFLmQFEsiKUaCpFiO0UphT81PUaoU9nil0hmlFASWZ1aNSQqE4FlbbQ94L4nRSWFCdD3WsDQpTAieuzUGepciZ4csIgSUJEVOIXK1czRSIMTmxkZ188aN+qFmrCnaKEUKhPjp3LnqlwsX6t9MG6jri0lLcffu3ertN47WAWZOpvDwdEoqa5QgxfPnz6sTm5vVB++9X2cJpLC\/AMD7PpisFAjBd96\/f39W8z88UT81neQKVorUuRDi4w8\/qn78\/ocoM\/Bb+1pwTlIK0i0Z4u87d2Y1MYhBkD2rlAIJvjh9ujrzorTBVdMia6N5TE4KhDjxyWb11ZkvZzXtNAO8KilsUcm00bXmAZsGl2FUUvRVmDKYh+eROnYomue1xz3PA2maxx6m5KDITGHp9datW\/UjlOfBPv7PPeYKVgp\/LoQgU1A37yqDTLhI27qYlBTAdPDp1la1cfx4Z4D5jHP6u5u5gpWieS7EYJH58OHDWU0a9mM9tAyTkwIQ491jx6rfrlyZ1cQQXIpnlVLApYuX6ktRrkJSkNXIhG236RdlLaRgVDM6WCeQOikstnzqb\/LkyZPq6JEjLwJ98UDGIKB8D+m6mUlWLQVwOUrGePzv41lNwC6jmT6WZfRSWDAQgYAgAsVuRNG5bZdoiMHI47s53uZtMkRqaskVrBRd5\/p553z1zptvVd9+\/U39u2k\/be0aBC9DrnYOIgWd54NB5xMgHxzu8lHXJgb12ydP1jezOC4lg1GKFEDbuRNLxuiaLmgfMaAwUHhti4UxWinIEAhhnWhXFuzXHDFkED5r63CTaV7qLUkKQIzUNAfEw7II+3kxiFtXZhmlFASBxvpGEQREIRCpxrJOIChtLCJGaVJASgxrCwJQzytxscJ21xpklFLQEAKRok0KC1QXtg+vKUqUAhDDbsbZgLHONmmIiRW2qbf2NuM1SiksFaZokwIIQNf8C3yeSsdQqhRgIntBqON9sz1s2\/Rh07BnUlJ0fbYIJUthLCI+WPaAZnaclBSMiLapYRFKl4J2N0d9CrKJl4dtMoYxSilogKXIJm1SEIBlGzsGKWi\/h6mCOr7PSjMzNAdZrnZmlcI6OJUm26Sg0YyIZcgVrBSHOVdTCoSwRWUXayEFcFmVyhYpKRgVHL\/M1AGlS9HMhsSh7SrNQ8z8pWmudmaXwo8CW12zjy+ACKTLrvsPi9L8\/tzlMBATa2tqOmliIlkM4bDnnkd2KcDmSxZXBMJPJ8iAMBzXhxBjgbYSD2KziBRkW7KuZ9RSGASCxrGPFQJDY1PrjnWHwUDG4N9FfEya5dof1+r9fJYAPsvBoFKIGMSwabPZ6fyXPWRICQGSYo1h+rAMigBMJfa+a0qVFBMBQSipzNBEUogISSEiJIWIkBQiQlKICEkhIkYlRUmljdS+vrSR2neVJQe9SyHGj6QQEZJCREgKESEpRISkEBGSQkRIChEhKUSEpBARkkI0qKr\/ANUcG\/fe+to1AAAAAElFTkSuQmCC\" data-filename=\"lhp-10.png\" \/><\/p>\n<p><strong>Especifica\u00e7\u00f5es t\u00e9cnicas:<\/strong><br \/>\nPress\u00e3o de opera\u00e7\u00e3o: At\u00e9 207 bar;<br \/>\nTemperatura: de &#8211; 35\u00baC a + 120\u00baC;<br \/>\nFlu\u00eddos: Flu\u00eddos a base se \u00f3leo mineral (para outras aplica\u00e7\u00f5es, consultar nossa equipe t\u00e9cnica);<br \/>\nGrau de filtragem recomendada: ISO16\/12;<br \/>\nMaterial do corpo: A\u00e7o;<br \/>\nTratamento do corpo: Anodizado 6061T6;<br \/>\nCavidade: LB-10-2 (Cavidade 10);<br \/>\nVaz\u00e3o: 8,8cc\/golpe (Verificar as vers\u00f5es dispon\u00edveis).<\/p>\n<p><strong>Caracter\u00edsticas:<\/strong><br \/>\nCorpo da v\u00e1lvula leve e resistente;<br \/>\nCavidade padr\u00e3o (intercambi\u00e1vel com diversos fabricantes);<br \/>\nTamanho reduzido;<br \/>\nEstabilidade funcional.<\/p>\n<p><strong>Vers\u00f5es dispon\u00edveis:<\/strong><br \/>\nLHP-10 &#8211; Vaz\u00e3o de 8,8cc\/golpe;<br \/>\nLHP-10-2 &#8211; Vaz\u00e3o de 4cc\/golpe;<br \/>\nLhp-10-3 &#8211; Vaz\u00e3o de 6cc\/golpe.<\/p>\n<p><span style=\"font-family: Arial;\"><b>\u00a0<\/b><\/span><\/p>\n<h6><\/h6>\n","protected":false},"excerpt":{"rendered":"<p>A V\u00e1lvula Fun\u00e7\u00e3o Bomba Manual LHP-10 possibilita o bombeamento manual de \u00f3leo por alavanca, para completar a opera\u00e7\u00e3o em caso de falta de energia.<\/p>\n<p>&nbsp;<\/p>\n","protected":false},"featured_media":7708,"template":"","meta":[],"product_brand":[],"product_cat":[137,32],"product_tag":[],"class_list":{"0":"post-4215","1":"product","2":"type-product","3":"status-publish","4":"has-post-thumbnail","6":"product_cat-bomba-manual","7":"product_cat-valvulas-insertaveis","9":"first","10":"instock","11":"virtual","12":"product-type-simple"},"yoast_head":"<!-- This site is optimized with the Yoast SEO plugin v27.5 - https:\/\/yoast.com\/product\/yoast-seo-wordpress\/ -->\n<title>LHP-10 - ACT Sistemas Hidr\u00e1ulicos<\/title>\n<meta name=\"description\" content=\"A V\u00e1lvula Fun\u00e7\u00e3o Bomba Manual LHP-10 possibilita o bombeamento manual de \u00f3leo por alavanca, para completar a opera\u00e7\u00e3o em caso de falta de energia.\" \/>\n<meta name=\"robots\" content=\"index, follow, max-snippet:-1, max-image-preview:large, max-video-preview:-1\" \/>\n<link rel=\"canonical\" href=\"https:\/\/actbr.com.br\/en\/produto\/lhp-10\/\" \/>\n<meta property=\"og:locale\" content=\"en_US\" \/>\n<meta property=\"og:type\" content=\"article\" \/>\n<meta property=\"og:title\" content=\"LHP-10 - ACT Sistemas Hidr\u00e1ulicos\" \/>\n<meta property=\"og:description\" content=\"A V\u00e1lvula Fun\u00e7\u00e3o Bomba Manual LHP-10 possibilita o bombeamento manual de \u00f3leo por alavanca, para completar a opera\u00e7\u00e3o em caso de falta de energia.\" \/>\n<meta property=\"og:url\" content=\"https:\/\/actbr.com.br\/en\/produto\/lhp-10\/\" \/>\n<meta property=\"og:site_name\" content=\"ACT Sistemas Hidr\u00e1ulicos\" \/>\n<meta property=\"article:modified_time\" content=\"2023-06-29T11:49:35+00:00\" \/>\n<meta property=\"og:image\" content=\"https:\/\/actbr.com.br\/wp-content\/uploads\/2020\/09\/LHP-10.jpg\" \/>\n\t<meta property=\"og:image:width\" content=\"600\" \/>\n\t<meta property=\"og:image:height\" content=\"600\" \/>\n\t<meta property=\"og:image:type\" content=\"image\/jpeg\" \/>\n<meta name=\"twitter:card\" content=\"summary_large_image\" \/>\n<meta name=\"twitter:label1\" content=\"Est. reading time\" \/>\n\t<meta name=\"twitter:data1\" content=\"2 minutes\" \/>\n<script type=\"application\/ld+json\" class=\"yoast-schema-graph\">{\"@context\":\"https:\\\/\\\/schema.org\",\"@graph\":[{\"@type\":\"WebPage\",\"@id\":\"https:\\\/\\\/actbr.com.br\\\/en\\\/produto\\\/lhp-10\\\/\",\"url\":\"https:\\\/\\\/actbr.com.br\\\/en\\\/produto\\\/lhp-10\\\/\",\"name\":\"LHP-10 - ACT Sistemas Hidr\u00e1ulicos\",\"isPartOf\":{\"@id\":\"https:\\\/\\\/actbr.com.br\\\/en\\\/#website\"},\"primaryImageOfPage\":{\"@id\":\"https:\\\/\\\/actbr.com.br\\\/en\\\/produto\\\/lhp-10\\\/#primaryimage\"},\"image\":{\"@id\":\"https:\\\/\\\/actbr.com.br\\\/en\\\/produto\\\/lhp-10\\\/#primaryimage\"},\"thumbnailUrl\":\"https:\\\/\\\/actbr.com.br\\\/wp-content\\\/uploads\\\/2020\\\/09\\\/LHP-10.jpg\",\"datePublished\":\"2020-09-29T15:51:04+00:00\",\"dateModified\":\"2023-06-29T11:49:35+00:00\",\"description\":\"A V\u00e1lvula Fun\u00e7\u00e3o Bomba Manual LHP-10 possibilita o bombeamento manual de \u00f3leo por alavanca, para completar a opera\u00e7\u00e3o em caso de falta de energia.\",\"breadcrumb\":{\"@id\":\"https:\\\/\\\/actbr.com.br\\\/en\\\/produto\\\/lhp-10\\\/#breadcrumb\"},\"inLanguage\":\"en-US\",\"potentialAction\":[{\"@type\":\"ReadAction\",\"target\":[\"https:\\\/\\\/actbr.com.br\\\/en\\\/produto\\\/lhp-10\\\/\"]}]},{\"@type\":\"ImageObject\",\"inLanguage\":\"en-US\",\"@id\":\"https:\\\/\\\/actbr.com.br\\\/en\\\/produto\\\/lhp-10\\\/#primaryimage\",\"url\":\"https:\\\/\\\/actbr.com.br\\\/wp-content\\\/uploads\\\/2020\\\/09\\\/LHP-10.jpg\",\"contentUrl\":\"https:\\\/\\\/actbr.com.br\\\/wp-content\\\/uploads\\\/2020\\\/09\\\/LHP-10.jpg\",\"width\":600,\"height\":600,\"caption\":\"V\u00e1lvula Fun\u00e7\u00e3o Bomba Manual LHP-10\"},{\"@type\":\"BreadcrumbList\",\"@id\":\"https:\\\/\\\/actbr.com.br\\\/en\\\/produto\\\/lhp-10\\\/#breadcrumb\",\"itemListElement\":[{\"@type\":\"ListItem\",\"position\":1,\"name\":\"In\u00edcio\",\"item\":\"https:\\\/\\\/actbr.com.br\\\/en\\\/\"},{\"@type\":\"ListItem\",\"position\":2,\"name\":\"Produtos\",\"item\":\"https:\\\/\\\/actbr.com.br\\\/produtos-act\\\/\"},{\"@type\":\"ListItem\",\"position\":3,\"name\":\"V\u00e1lvulas Insert\u00e1veis\",\"item\":\"https:\\\/\\\/actbr.com.br\\\/en\\\/categoria-produto\\\/valvulas-insertaveis\\\/\"},{\"@type\":\"ListItem\",\"position\":4,\"name\":\"Fun\u00e7\u00e3o Bomba Manual\",\"item\":\"https:\\\/\\\/actbr.com.br\\\/en\\\/categoria-produto\\\/valvulas-insertaveis\\\/bomba-manual\\\/\"},{\"@type\":\"ListItem\",\"position\":5,\"name\":\"LHP-10\"}]},{\"@type\":\"WebSite\",\"@id\":\"https:\\\/\\\/actbr.com.br\\\/en\\\/#website\",\"url\":\"https:\\\/\\\/actbr.com.br\\\/en\\\/\",\"name\":\"ACT Sistemas Hidr\u00e1ulicos\",\"description\":\"Fabrica\u00e7\u00e3o e manuten\u00e7\u00e3o de componentes \u00f3leo hidr\u00e1ulicos\",\"publisher\":{\"@id\":\"https:\\\/\\\/actbr.com.br\\\/en\\\/#organization\"},\"potentialAction\":[{\"@type\":\"SearchAction\",\"target\":{\"@type\":\"EntryPoint\",\"urlTemplate\":\"https:\\\/\\\/actbr.com.br\\\/en\\\/?s={search_term_string}\"},\"query-input\":{\"@type\":\"PropertyValueSpecification\",\"valueRequired\":true,\"valueName\":\"search_term_string\"}}],\"inLanguage\":\"en-US\"},{\"@type\":\"Organization\",\"@id\":\"https:\\\/\\\/actbr.com.br\\\/en\\\/#organization\",\"name\":\"ACT Sistemas Hidr\u00e1ulicos\",\"url\":\"https:\\\/\\\/actbr.com.br\\\/en\\\/\",\"logo\":{\"@type\":\"ImageObject\",\"inLanguage\":\"en-US\",\"@id\":\"https:\\\/\\\/actbr.com.br\\\/en\\\/#\\\/schema\\\/logo\\\/image\\\/\",\"url\":\"https:\\\/\\\/actbr.com.br\\\/wp-content\\\/uploads\\\/2025\\\/02\\\/cropped-ACT_NEGATIVO-marca-dagua.png\",\"contentUrl\":\"https:\\\/\\\/actbr.com.br\\\/wp-content\\\/uploads\\\/2025\\\/02\\\/cropped-ACT_NEGATIVO-marca-dagua.png\",\"width\":240,\"height\":146,\"caption\":\"ACT Sistemas Hidr\u00e1ulicos\"},\"image\":{\"@id\":\"https:\\\/\\\/actbr.com.br\\\/en\\\/#\\\/schema\\\/logo\\\/image\\\/\"}}]}<\/script>\n<!-- \/ Yoast SEO plugin. -->","yoast_head_json":{"title":"LHP-10 - ACT Sistemas Hidr\u00e1ulicos","description":"A V\u00e1lvula Fun\u00e7\u00e3o Bomba Manual LHP-10 possibilita o bombeamento manual de \u00f3leo por alavanca, para completar a opera\u00e7\u00e3o em caso de falta de energia.","robots":{"index":"index","follow":"follow","max-snippet":"max-snippet:-1","max-image-preview":"max-image-preview:large","max-video-preview":"max-video-preview:-1"},"canonical":"https:\/\/actbr.com.br\/en\/produto\/lhp-10\/","og_locale":"en_US","og_type":"article","og_title":"LHP-10 - ACT Sistemas Hidr\u00e1ulicos","og_description":"A V\u00e1lvula Fun\u00e7\u00e3o Bomba Manual LHP-10 possibilita o bombeamento manual de \u00f3leo por alavanca, para completar a opera\u00e7\u00e3o em caso de falta de energia.","og_url":"https:\/\/actbr.com.br\/en\/produto\/lhp-10\/","og_site_name":"ACT Sistemas Hidr\u00e1ulicos","article_modified_time":"2023-06-29T11:49:35+00:00","og_image":[{"width":600,"height":600,"url":"https:\/\/actbr.com.br\/wp-content\/uploads\/2020\/09\/LHP-10.jpg","type":"image\/jpeg"}],"twitter_card":"summary_large_image","twitter_misc":{"Est. reading time":"2 minutes"},"schema":{"@context":"https:\/\/schema.org","@graph":[{"@type":"WebPage","@id":"https:\/\/actbr.com.br\/en\/produto\/lhp-10\/","url":"https:\/\/actbr.com.br\/en\/produto\/lhp-10\/","name":"LHP-10 - ACT Sistemas Hidr\u00e1ulicos","isPartOf":{"@id":"https:\/\/actbr.com.br\/en\/#website"},"primaryImageOfPage":{"@id":"https:\/\/actbr.com.br\/en\/produto\/lhp-10\/#primaryimage"},"image":{"@id":"https:\/\/actbr.com.br\/en\/produto\/lhp-10\/#primaryimage"},"thumbnailUrl":"https:\/\/actbr.com.br\/wp-content\/uploads\/2020\/09\/LHP-10.jpg","datePublished":"2020-09-29T15:51:04+00:00","dateModified":"2023-06-29T11:49:35+00:00","description":"A V\u00e1lvula Fun\u00e7\u00e3o Bomba Manual LHP-10 possibilita o bombeamento manual de \u00f3leo por alavanca, para completar a opera\u00e7\u00e3o em caso de falta de energia.","breadcrumb":{"@id":"https:\/\/actbr.com.br\/en\/produto\/lhp-10\/#breadcrumb"},"inLanguage":"en-US","potentialAction":[{"@type":"ReadAction","target":["https:\/\/actbr.com.br\/en\/produto\/lhp-10\/"]}]},{"@type":"ImageObject","inLanguage":"en-US","@id":"https:\/\/actbr.com.br\/en\/produto\/lhp-10\/#primaryimage","url":"https:\/\/actbr.com.br\/wp-content\/uploads\/2020\/09\/LHP-10.jpg","contentUrl":"https:\/\/actbr.com.br\/wp-content\/uploads\/2020\/09\/LHP-10.jpg","width":600,"height":600,"caption":"V\u00e1lvula Fun\u00e7\u00e3o Bomba Manual LHP-10"},{"@type":"BreadcrumbList","@id":"https:\/\/actbr.com.br\/en\/produto\/lhp-10\/#breadcrumb","itemListElement":[{"@type":"ListItem","position":1,"name":"In\u00edcio","item":"https:\/\/actbr.com.br\/en\/"},{"@type":"ListItem","position":2,"name":"Produtos","item":"https:\/\/actbr.com.br\/produtos-act\/"},{"@type":"ListItem","position":3,"name":"V\u00e1lvulas Insert\u00e1veis","item":"https:\/\/actbr.com.br\/en\/categoria-produto\/valvulas-insertaveis\/"},{"@type":"ListItem","position":4,"name":"Fun\u00e7\u00e3o Bomba Manual","item":"https:\/\/actbr.com.br\/en\/categoria-produto\/valvulas-insertaveis\/bomba-manual\/"},{"@type":"ListItem","position":5,"name":"LHP-10"}]},{"@type":"WebSite","@id":"https:\/\/actbr.com.br\/en\/#website","url":"https:\/\/actbr.com.br\/en\/","name":"ACT Sistemas Hidr\u00e1ulicos","description":"Fabrica\u00e7\u00e3o e manuten\u00e7\u00e3o de componentes \u00f3leo hidr\u00e1ulicos","publisher":{"@id":"https:\/\/actbr.com.br\/en\/#organization"},"potentialAction":[{"@type":"SearchAction","target":{"@type":"EntryPoint","urlTemplate":"https:\/\/actbr.com.br\/en\/?s={search_term_string}"},"query-input":{"@type":"PropertyValueSpecification","valueRequired":true,"valueName":"search_term_string"}}],"inLanguage":"en-US"},{"@type":"Organization","@id":"https:\/\/actbr.com.br\/en\/#organization","name":"ACT Sistemas Hidr\u00e1ulicos","url":"https:\/\/actbr.com.br\/en\/","logo":{"@type":"ImageObject","inLanguage":"en-US","@id":"https:\/\/actbr.com.br\/en\/#\/schema\/logo\/image\/","url":"https:\/\/actbr.com.br\/wp-content\/uploads\/2025\/02\/cropped-ACT_NEGATIVO-marca-dagua.png","contentUrl":"https:\/\/actbr.com.br\/wp-content\/uploads\/2025\/02\/cropped-ACT_NEGATIVO-marca-dagua.png","width":240,"height":146,"caption":"ACT Sistemas Hidr\u00e1ulicos"},"image":{"@id":"https:\/\/actbr.com.br\/en\/#\/schema\/logo\/image\/"}}]}},"_links":{"self":[{"href":"https:\/\/actbr.com.br\/en\/wp-json\/wp\/v2\/product\/4215","targetHints":{"allow":["GET"]}}],"collection":[{"href":"https:\/\/actbr.com.br\/en\/wp-json\/wp\/v2\/product"}],"about":[{"href":"https:\/\/actbr.com.br\/en\/wp-json\/wp\/v2\/types\/product"}],"wp:featuredmedia":[{"embeddable":true,"href":"https:\/\/actbr.com.br\/en\/wp-json\/wp\/v2\/media\/7708"}],"wp:attachment":[{"href":"https:\/\/actbr.com.br\/en\/wp-json\/wp\/v2\/media?parent=4215"}],"wp:term":[{"taxonomy":"product_brand","embeddable":true,"href":"https:\/\/actbr.com.br\/en\/wp-json\/wp\/v2\/product_brand?post=4215"},{"taxonomy":"product_cat","embeddable":true,"href":"https:\/\/actbr.com.br\/en\/wp-json\/wp\/v2\/product_cat?post=4215"},{"taxonomy":"product_tag","embeddable":true,"href":"https:\/\/actbr.com.br\/en\/wp-json\/wp\/v2\/product_tag?post=4215"}],"curies":[{"name":"wp","href":"https:\/\/api.w.org\/{rel}","templated":true}]}}