{"id":4240,"date":"2020-09-29T12:51:04","date_gmt":"2020-09-29T15:51:04","guid":{"rendered":"https:\/\/actbr.com.br\/produto\/acoplamento-flexivel-dentex\/"},"modified":"2023-06-09T14:57:16","modified_gmt":"2023-06-09T17:57:16","slug":"acoplamento-flexivel-dentex","status":"publish","type":"product","link":"https:\/\/actbr.com.br\/en\/produto\/acoplamento-flexivel-dentex\/","title":{"rendered":"Acoplamento Flex\u00edvel Dentex"},"content":{"rendered":"<p><strong>Acoplamento Flex\u00edvel Dentex<\/strong><\/p>\n<p>O Acoplamento Flex\u00edvel Dentex \u00e9 adequado tanto para montagem de eixo horizontais quanto verticais, para servi\u00e7o cont\u00ednuo e intermitente.<\/p>\n<p>A combina\u00e7\u00e3o de a\u00e7o\/pl\u00e1stico n\u00e3o requer lubrifica\u00e7\u00e3o por \u00f3leo ou graxa, logo, n\u00e3o precisa de manuten\u00e7\u00e3o. O projeto do acoplamento atende aos requisitos de compensa\u00e7\u00e3o de deslocamentos radiais, angulares e axiais do eixo, a fim de aliviar impactos de cargas adicionais n\u00e3o controladas.<\/p>\n<p>Mesmo com o deslocamento m\u00e1ximo admiss\u00edvel, n\u00e3o h\u00e1 contato da borda dos dentes e n\u00e3o haver\u00e1 varia\u00e7\u00e3o peri\u00f3dica da velocidade angular. As altas propriedades de amortecimento interno do material pl\u00e1stico usado para a luva de acoplamento reduzem o efeito da carga de choque.<\/p>\n<p>A 6.6-poliamida usado para a luva de acoplamento se destaca por suas excelentes propriedades de deslizamento e resist\u00eancia ao desgaste; tamb\u00e9m \u00e9 resistente a todos os lubrificantes e padr\u00f5es de mercado fluidos hidr\u00e1ulicos. A confiabilidade m\u00e1xima do servi\u00e7o \u00e9 garantida em temperaturas entre -25 \u00b0 C e +80 \u00b0 C.<\/p>\n<p><strong>Caracter\u00edsticas do Acoplamento Flex\u00edvel Dentex:<br \/>\n<\/strong>Compensa\u00e7\u00e3o pelo desalinhamento do eixo;<br \/>\nMontagem r\u00e1pida;<br \/>\nResist\u00eancia t\u00e9rmica livre de manuten\u00e7\u00e3o;<br \/>\nAlta capacidade de isolamento.<\/p>\n<p><strong>Modelos:<\/strong><br \/>\nDENTEX\u00ae<br \/>\nDENTEX FL\u00ae<\/p>\n<p>&nbsp;<\/p>\n<p>&nbsp;<\/p>\n<p>&nbsp;<\/p>\n<p>&nbsp;<\/p>\n","protected":false},"excerpt":{"rendered":"<p>Os acoplamentos DENTEX s\u00e3o adequados tanto para montagem de eixo horizontais quanto verticais, para servi\u00e7o cont\u00ednuo e intermitente.<\/p>\n<p>A combina\u00e7\u00e3o de a\u00e7o\/pl\u00e1stico n\u00e3o requer lubrifica\u00e7\u00e3o por \u00f3leo ou graxa, logo, n\u00e3o precisa de manuten\u00e7\u00e3o.<\/p>\n","protected":false},"featured_media":7190,"template":"","meta":[],"product_brand":[],"product_cat":[76,141],"product_tag":[],"class_list":{"0":"post-4240","1":"product","2":"type-product","3":"status-publish","4":"has-post-thumbnail","6":"product_cat-acessorios","7":"product_cat-acoplamento-dentex","9":"first","10":"instock","11":"virtual","12":"product-type-simple"},"yoast_head":"<!-- This site is optimized with the Yoast SEO plugin v27.2 - https:\/\/yoast.com\/product\/yoast-seo-wordpress\/ -->\n<title>Acoplamento Flex\u00edvel Dentex - ACT Sistemas Hidr\u00e1ulicos<\/title>\n<meta name=\"description\" content=\"O Acoplamento Flex\u00edvel Dentex \u00e9 adequado tanto para montagem de eixo horizontais quanto verticais, para servi\u00e7o cont\u00ednuo e intermitente.\" \/>\n<meta name=\"robots\" content=\"index, follow, max-snippet:-1, max-image-preview:large, max-video-preview:-1\" \/>\n<link rel=\"canonical\" href=\"https:\/\/actbr.com.br\/en\/produto\/acoplamento-flexivel-dentex\/\" \/>\n<meta property=\"og:locale\" content=\"en_US\" \/>\n<meta property=\"og:type\" content=\"article\" \/>\n<meta property=\"og:title\" content=\"Acoplamento Flex\u00edvel Dentex - ACT Sistemas Hidr\u00e1ulicos\" \/>\n<meta property=\"og:description\" content=\"O Acoplamento Flex\u00edvel Dentex \u00e9 adequado tanto para montagem de eixo horizontais quanto verticais, para servi\u00e7o cont\u00ednuo e intermitente.\" \/>\n<meta property=\"og:url\" content=\"https:\/\/actbr.com.br\/en\/produto\/acoplamento-flexivel-dentex\/\" \/>\n<meta property=\"og:site_name\" content=\"ACT Sistemas Hidr\u00e1ulicos\" \/>\n<meta property=\"article:modified_time\" content=\"2023-06-09T17:57:16+00:00\" \/>\n<meta property=\"og:image\" content=\"https:\/\/actbr.com.br\/wp-content\/uploads\/2020\/09\/Acoplamento-flexivel-Dentex.png\" \/>\n\t<meta property=\"og:image:width\" content=\"600\" \/>\n\t<meta property=\"og:image:height\" content=\"405\" \/>\n\t<meta property=\"og:image:type\" content=\"image\/png\" \/>\n<meta name=\"twitter:card\" content=\"summary_large_image\" \/>\n<meta name=\"twitter:label1\" content=\"Est. reading time\" \/>\n\t<meta name=\"twitter:data1\" content=\"2 minutes\" \/>\n<script type=\"application\/ld+json\" class=\"yoast-schema-graph\">{\"@context\":\"https:\/\/schema.org\",\"@graph\":[{\"@type\":\"WebPage\",\"@id\":\"https:\/\/actbr.com.br\/en\/produto\/acoplamento-flexivel-dentex\/\",\"url\":\"https:\/\/actbr.com.br\/en\/produto\/acoplamento-flexivel-dentex\/\",\"name\":\"Acoplamento Flex\u00edvel Dentex - ACT Sistemas Hidr\u00e1ulicos\",\"isPartOf\":{\"@id\":\"https:\/\/actbr.com.br\/en\/#website\"},\"primaryImageOfPage\":{\"@id\":\"https:\/\/actbr.com.br\/en\/produto\/acoplamento-flexivel-dentex\/#primaryimage\"},\"image\":{\"@id\":\"https:\/\/actbr.com.br\/en\/produto\/acoplamento-flexivel-dentex\/#primaryimage\"},\"thumbnailUrl\":\"https:\/\/actbr.com.br\/wp-content\/uploads\/2020\/09\/Acoplamento-flexivel-Dentex.png\",\"datePublished\":\"2020-09-29T15:51:04+00:00\",\"dateModified\":\"2023-06-09T17:57:16+00:00\",\"description\":\"O Acoplamento Flex\u00edvel Dentex \u00e9 adequado tanto para montagem de eixo horizontais quanto verticais, para servi\u00e7o cont\u00ednuo e intermitente.\",\"breadcrumb\":{\"@id\":\"https:\/\/actbr.com.br\/en\/produto\/acoplamento-flexivel-dentex\/#breadcrumb\"},\"inLanguage\":\"en-US\",\"potentialAction\":[{\"@type\":\"ReadAction\",\"target\":[\"https:\/\/actbr.com.br\/en\/produto\/acoplamento-flexivel-dentex\/\"]}]},{\"@type\":\"ImageObject\",\"inLanguage\":\"en-US\",\"@id\":\"https:\/\/actbr.com.br\/en\/produto\/acoplamento-flexivel-dentex\/#primaryimage\",\"url\":\"https:\/\/actbr.com.br\/wp-content\/uploads\/2020\/09\/Acoplamento-flexivel-Dentex.png\",\"contentUrl\":\"https:\/\/actbr.com.br\/wp-content\/uploads\/2020\/09\/Acoplamento-flexivel-Dentex.png\",\"width\":600,\"height\":405,\"caption\":\"Acoplamento ]Flexivel Dentex\"},{\"@type\":\"BreadcrumbList\",\"@id\":\"https:\/\/actbr.com.br\/en\/produto\/acoplamento-flexivel-dentex\/#breadcrumb\",\"itemListElement\":[{\"@type\":\"ListItem\",\"position\":1,\"name\":\"In\u00edcio\",\"item\":\"https:\/\/actbr.com.br\/en\/\"},{\"@type\":\"ListItem\",\"position\":2,\"name\":\"Produtos\",\"item\":\"https:\/\/actbr.com.br\/produtos-act\/\"},{\"@type\":\"ListItem\",\"position\":3,\"name\":\"Acess\u00f3rios\",\"item\":\"https:\/\/actbr.com.br\/en\/categoria-produto\/acessorios\/\"},{\"@type\":\"ListItem\",\"position\":4,\"name\":\"Acoplamento - Dentex\",\"item\":\"https:\/\/actbr.com.br\/en\/categoria-produto\/acessorios\/acoplamento-dentex\/\"},{\"@type\":\"ListItem\",\"position\":5,\"name\":\"Acoplamento Flex\u00edvel Dentex\"}]},{\"@type\":\"WebSite\",\"@id\":\"https:\/\/actbr.com.br\/en\/#website\",\"url\":\"https:\/\/actbr.com.br\/en\/\",\"name\":\"ACT Sistemas Hidr\u00e1ulicos\",\"description\":\"Fabrica\u00e7\u00e3o e manuten\u00e7\u00e3o de componentes \u00f3leo hidr\u00e1ulicos\",\"publisher\":{\"@id\":\"https:\/\/actbr.com.br\/en\/#organization\"},\"potentialAction\":[{\"@type\":\"SearchAction\",\"target\":{\"@type\":\"EntryPoint\",\"urlTemplate\":\"https:\/\/actbr.com.br\/en\/?s={search_term_string}\"},\"query-input\":{\"@type\":\"PropertyValueSpecification\",\"valueRequired\":true,\"valueName\":\"search_term_string\"}}],\"inLanguage\":\"en-US\"},{\"@type\":\"Organization\",\"@id\":\"https:\/\/actbr.com.br\/en\/#organization\",\"name\":\"ACT Sistemas Hidr\u00e1ulicos\",\"url\":\"https:\/\/actbr.com.br\/en\/\",\"logo\":{\"@type\":\"ImageObject\",\"inLanguage\":\"en-US\",\"@id\":\"https:\/\/actbr.com.br\/en\/#\/schema\/logo\/image\/\",\"url\":\"https:\/\/actbr.com.br\/wp-content\/uploads\/2025\/02\/cropped-ACT_NEGATIVO-marca-dagua.png\",\"contentUrl\":\"https:\/\/actbr.com.br\/wp-content\/uploads\/2025\/02\/cropped-ACT_NEGATIVO-marca-dagua.png\",\"width\":240,\"height\":146,\"caption\":\"ACT Sistemas Hidr\u00e1ulicos\"},\"image\":{\"@id\":\"https:\/\/actbr.com.br\/en\/#\/schema\/logo\/image\/\"}}]}<\/script>\n<!-- \/ Yoast SEO plugin. -->","yoast_head_json":{"title":"Acoplamento Flex\u00edvel Dentex - ACT Sistemas Hidr\u00e1ulicos","description":"O Acoplamento Flex\u00edvel Dentex \u00e9 adequado tanto para montagem de eixo horizontais quanto verticais, para servi\u00e7o cont\u00ednuo e intermitente.","robots":{"index":"index","follow":"follow","max-snippet":"max-snippet:-1","max-image-preview":"max-image-preview:large","max-video-preview":"max-video-preview:-1"},"canonical":"https:\/\/actbr.com.br\/en\/produto\/acoplamento-flexivel-dentex\/","og_locale":"en_US","og_type":"article","og_title":"Acoplamento Flex\u00edvel Dentex - ACT Sistemas Hidr\u00e1ulicos","og_description":"O Acoplamento Flex\u00edvel Dentex \u00e9 adequado tanto para montagem de eixo horizontais quanto verticais, para servi\u00e7o cont\u00ednuo e intermitente.","og_url":"https:\/\/actbr.com.br\/en\/produto\/acoplamento-flexivel-dentex\/","og_site_name":"ACT Sistemas Hidr\u00e1ulicos","article_modified_time":"2023-06-09T17:57:16+00:00","og_image":[{"width":600,"height":405,"url":"https:\/\/actbr.com.br\/wp-content\/uploads\/2020\/09\/Acoplamento-flexivel-Dentex.png","type":"image\/png"}],"twitter_card":"summary_large_image","twitter_misc":{"Est. reading time":"2 minutes"},"schema":{"@context":"https:\/\/schema.org","@graph":[{"@type":"WebPage","@id":"https:\/\/actbr.com.br\/en\/produto\/acoplamento-flexivel-dentex\/","url":"https:\/\/actbr.com.br\/en\/produto\/acoplamento-flexivel-dentex\/","name":"Acoplamento Flex\u00edvel Dentex - ACT Sistemas Hidr\u00e1ulicos","isPartOf":{"@id":"https:\/\/actbr.com.br\/en\/#website"},"primaryImageOfPage":{"@id":"https:\/\/actbr.com.br\/en\/produto\/acoplamento-flexivel-dentex\/#primaryimage"},"image":{"@id":"https:\/\/actbr.com.br\/en\/produto\/acoplamento-flexivel-dentex\/#primaryimage"},"thumbnailUrl":"https:\/\/actbr.com.br\/wp-content\/uploads\/2020\/09\/Acoplamento-flexivel-Dentex.png","datePublished":"2020-09-29T15:51:04+00:00","dateModified":"2023-06-09T17:57:16+00:00","description":"O Acoplamento Flex\u00edvel Dentex \u00e9 adequado tanto para montagem de eixo horizontais quanto verticais, para servi\u00e7o cont\u00ednuo e intermitente.","breadcrumb":{"@id":"https:\/\/actbr.com.br\/en\/produto\/acoplamento-flexivel-dentex\/#breadcrumb"},"inLanguage":"en-US","potentialAction":[{"@type":"ReadAction","target":["https:\/\/actbr.com.br\/en\/produto\/acoplamento-flexivel-dentex\/"]}]},{"@type":"ImageObject","inLanguage":"en-US","@id":"https:\/\/actbr.com.br\/en\/produto\/acoplamento-flexivel-dentex\/#primaryimage","url":"https:\/\/actbr.com.br\/wp-content\/uploads\/2020\/09\/Acoplamento-flexivel-Dentex.png","contentUrl":"https:\/\/actbr.com.br\/wp-content\/uploads\/2020\/09\/Acoplamento-flexivel-Dentex.png","width":600,"height":405,"caption":"Acoplamento ]Flexivel Dentex"},{"@type":"BreadcrumbList","@id":"https:\/\/actbr.com.br\/en\/produto\/acoplamento-flexivel-dentex\/#breadcrumb","itemListElement":[{"@type":"ListItem","position":1,"name":"In\u00edcio","item":"https:\/\/actbr.com.br\/en\/"},{"@type":"ListItem","position":2,"name":"Produtos","item":"https:\/\/actbr.com.br\/produtos-act\/"},{"@type":"ListItem","position":3,"name":"Acess\u00f3rios","item":"https:\/\/actbr.com.br\/en\/categoria-produto\/acessorios\/"},{"@type":"ListItem","position":4,"name":"Acoplamento - Dentex","item":"https:\/\/actbr.com.br\/en\/categoria-produto\/acessorios\/acoplamento-dentex\/"},{"@type":"ListItem","position":5,"name":"Acoplamento Flex\u00edvel Dentex"}]},{"@type":"WebSite","@id":"https:\/\/actbr.com.br\/en\/#website","url":"https:\/\/actbr.com.br\/en\/","name":"ACT Sistemas Hidr\u00e1ulicos","description":"Fabrica\u00e7\u00e3o e manuten\u00e7\u00e3o de componentes \u00f3leo hidr\u00e1ulicos","publisher":{"@id":"https:\/\/actbr.com.br\/en\/#organization"},"potentialAction":[{"@type":"SearchAction","target":{"@type":"EntryPoint","urlTemplate":"https:\/\/actbr.com.br\/en\/?s={search_term_string}"},"query-input":{"@type":"PropertyValueSpecification","valueRequired":true,"valueName":"search_term_string"}}],"inLanguage":"en-US"},{"@type":"Organization","@id":"https:\/\/actbr.com.br\/en\/#organization","name":"ACT Sistemas Hidr\u00e1ulicos","url":"https:\/\/actbr.com.br\/en\/","logo":{"@type":"ImageObject","inLanguage":"en-US","@id":"https:\/\/actbr.com.br\/en\/#\/schema\/logo\/image\/","url":"https:\/\/actbr.com.br\/wp-content\/uploads\/2025\/02\/cropped-ACT_NEGATIVO-marca-dagua.png","contentUrl":"https:\/\/actbr.com.br\/wp-content\/uploads\/2025\/02\/cropped-ACT_NEGATIVO-marca-dagua.png","width":240,"height":146,"caption":"ACT Sistemas Hidr\u00e1ulicos"},"image":{"@id":"https:\/\/actbr.com.br\/en\/#\/schema\/logo\/image\/"}}]}},"_links":{"self":[{"href":"https:\/\/actbr.com.br\/en\/wp-json\/wp\/v2\/product\/4240","targetHints":{"allow":["GET"]}}],"collection":[{"href":"https:\/\/actbr.com.br\/en\/wp-json\/wp\/v2\/product"}],"about":[{"href":"https:\/\/actbr.com.br\/en\/wp-json\/wp\/v2\/types\/product"}],"wp:featuredmedia":[{"embeddable":true,"href":"https:\/\/actbr.com.br\/en\/wp-json\/wp\/v2\/media\/7190"}],"wp:attachment":[{"href":"https:\/\/actbr.com.br\/en\/wp-json\/wp\/v2\/media?parent=4240"}],"wp:term":[{"taxonomy":"product_brand","embeddable":true,"href":"https:\/\/actbr.com.br\/en\/wp-json\/wp\/v2\/product_brand?post=4240"},{"taxonomy":"product_cat","embeddable":true,"href":"https:\/\/actbr.com.br\/en\/wp-json\/wp\/v2\/product_cat?post=4240"},{"taxonomy":"product_tag","embeddable":true,"href":"https:\/\/actbr.com.br\/en\/wp-json\/wp\/v2\/product_tag?post=4240"}],"curies":[{"name":"wp","href":"https:\/\/api.w.org\/{rel}","templated":true}]}}