{"id":4244,"date":"2020-09-29T12:51:04","date_gmt":"2020-09-29T15:51:04","guid":{"rendered":"https:\/\/actbr.com.br\/produto\/flange-de-ligacao-motor-bomba-rv-pt\/"},"modified":"2023-06-29T13:51:44","modified_gmt":"2023-06-29T16:51:44","slug":"flange-de-ligacao-rv-pt","status":"publish","type":"product","link":"https:\/\/actbr.com.br\/en\/produto\/flange-de-ligacao-rv-pt\/","title":{"rendered":"Flange de Liga\u00e7\u00e3o RV-PT"},"content":{"rendered":"<p><strong>Flange de Liga\u00e7\u00e3o RV-PT<\/strong><\/p>\n<p>A Flange de Liga\u00e7\u00e3o RV-PT (R+L HYDRAULICS) garante o perfeito alinhamento entre os motores el\u00e9tricos e bombas hidr\u00e1ulicas.<\/p>\n<p>As Flanges de Liga\u00e7\u00e3o motor-bomba da R+L HYDRAULICS, s\u00e9ries RV\/PT, contribui para a elimina\u00e7\u00e3o de ru\u00eddos no sistema, desgastes prematuros e vazamentos nos retentores das bombas. Tamb\u00e9m garantem grande economia de tempo na montagem e nas manuten\u00e7\u00f5es. S\u00e3o constru\u00eddos em liga de alum\u00ednio (SAE33), combinando alta resist\u00eancia com baixo peso, e desta forma facilitando o manuseio na montagem.<\/p>\n<p><strong>Caracter\u00edsticas:<\/strong><br \/>\nFlanges em alum\u00ednio injetados sob press\u00e3o;<br \/>\nDe acordo com a norma VDMA 24 561, para motores IEC ou NBR 5432;<br \/>\nTemperaturas de trabalho: -40\u00baC at\u00e9 +100\u00baC.<\/p>\n","protected":false},"excerpt":{"rendered":"<p>A Flange de Liga\u00e7\u00e3o RV-PT (R+L HYDRAULICS) garante o perfeito alinhamento entre os motores el\u00e9tricos e bombas hidr\u00e1ulicas.<\/p>\n","protected":false},"featured_media":7282,"template":"","meta":[],"product_brand":[],"product_cat":[76,142],"product_tag":[],"class_list":{"0":"post-4244","1":"product","2":"type-product","3":"status-publish","4":"has-post-thumbnail","6":"product_cat-acessorios","7":"product_cat-flange-de-ligacao","9":"first","10":"instock","11":"virtual","12":"product-type-simple"},"yoast_head":"<!-- This site is optimized with the Yoast SEO plugin v27.2 - https:\/\/yoast.com\/product\/yoast-seo-wordpress\/ -->\n<title>Flange de Liga\u00e7\u00e3o RV-PT - ACT Sistemas Hidr\u00e1ulicos<\/title>\n<meta name=\"description\" content=\"A Flange de Liga\u00e7\u00e3o RV-PT (R+L HYDRAULICS) garante o perfeito alinhamento entre os motores el\u00e9tricos e bombas hidr\u00e1ulicas.\" \/>\n<meta name=\"robots\" content=\"index, follow, max-snippet:-1, max-image-preview:large, max-video-preview:-1\" \/>\n<link rel=\"canonical\" href=\"https:\/\/actbr.com.br\/en\/produto\/flange-de-ligacao-rv-pt\/\" \/>\n<meta property=\"og:locale\" content=\"en_US\" \/>\n<meta property=\"og:type\" content=\"article\" \/>\n<meta property=\"og:title\" content=\"Flange de Liga\u00e7\u00e3o RV-PT - ACT Sistemas Hidr\u00e1ulicos\" \/>\n<meta property=\"og:description\" content=\"A Flange de Liga\u00e7\u00e3o RV-PT (R+L HYDRAULICS) garante o perfeito alinhamento entre os motores el\u00e9tricos e bombas hidr\u00e1ulicas.\" \/>\n<meta property=\"og:url\" content=\"https:\/\/actbr.com.br\/en\/produto\/flange-de-ligacao-rv-pt\/\" \/>\n<meta property=\"og:site_name\" content=\"ACT Sistemas Hidr\u00e1ulicos\" \/>\n<meta property=\"article:modified_time\" content=\"2023-06-29T16:51:44+00:00\" \/>\n<meta property=\"og:image\" content=\"https:\/\/actbr.com.br\/wp-content\/uploads\/2020\/09\/Flange-de-ligacao-motor-bomba-\u2013-RV-PT.png\" \/>\n\t<meta property=\"og:image:width\" content=\"608\" \/>\n\t<meta property=\"og:image:height\" content=\"371\" \/>\n\t<meta property=\"og:image:type\" content=\"image\/png\" \/>\n<meta name=\"twitter:card\" content=\"summary_large_image\" \/>\n<meta name=\"twitter:label1\" content=\"Est. reading time\" \/>\n\t<meta name=\"twitter:data1\" content=\"1 minute\" \/>\n<script type=\"application\/ld+json\" class=\"yoast-schema-graph\">{\"@context\":\"https:\/\/schema.org\",\"@graph\":[{\"@type\":\"WebPage\",\"@id\":\"https:\/\/actbr.com.br\/en\/produto\/flange-de-ligacao-rv-pt\/\",\"url\":\"https:\/\/actbr.com.br\/en\/produto\/flange-de-ligacao-rv-pt\/\",\"name\":\"Flange de Liga\u00e7\u00e3o RV-PT - ACT Sistemas Hidr\u00e1ulicos\",\"isPartOf\":{\"@id\":\"https:\/\/actbr.com.br\/en\/#website\"},\"primaryImageOfPage\":{\"@id\":\"https:\/\/actbr.com.br\/en\/produto\/flange-de-ligacao-rv-pt\/#primaryimage\"},\"image\":{\"@id\":\"https:\/\/actbr.com.br\/en\/produto\/flange-de-ligacao-rv-pt\/#primaryimage\"},\"thumbnailUrl\":\"https:\/\/actbr.com.br\/wp-content\/uploads\/2020\/09\/Flange-de-ligacao-motor-bomba-\u2013-RV-PT.png\",\"datePublished\":\"2020-09-29T15:51:04+00:00\",\"dateModified\":\"2023-06-29T16:51:44+00:00\",\"description\":\"A Flange de Liga\u00e7\u00e3o RV-PT (R+L HYDRAULICS) garante o perfeito alinhamento entre os motores el\u00e9tricos e bombas hidr\u00e1ulicas.\",\"breadcrumb\":{\"@id\":\"https:\/\/actbr.com.br\/en\/produto\/flange-de-ligacao-rv-pt\/#breadcrumb\"},\"inLanguage\":\"en-US\",\"potentialAction\":[{\"@type\":\"ReadAction\",\"target\":[\"https:\/\/actbr.com.br\/en\/produto\/flange-de-ligacao-rv-pt\/\"]}]},{\"@type\":\"ImageObject\",\"inLanguage\":\"en-US\",\"@id\":\"https:\/\/actbr.com.br\/en\/produto\/flange-de-ligacao-rv-pt\/#primaryimage\",\"url\":\"https:\/\/actbr.com.br\/wp-content\/uploads\/2020\/09\/Flange-de-ligacao-motor-bomba-\u2013-RV-PT.png\",\"contentUrl\":\"https:\/\/actbr.com.br\/wp-content\/uploads\/2020\/09\/Flange-de-ligacao-motor-bomba-\u2013-RV-PT.png\",\"width\":608,\"height\":371,\"caption\":\"Flange de Liga\u00e7\u00e3o RV-PT\"},{\"@type\":\"BreadcrumbList\",\"@id\":\"https:\/\/actbr.com.br\/en\/produto\/flange-de-ligacao-rv-pt\/#breadcrumb\",\"itemListElement\":[{\"@type\":\"ListItem\",\"position\":1,\"name\":\"In\u00edcio\",\"item\":\"https:\/\/actbr.com.br\/en\/\"},{\"@type\":\"ListItem\",\"position\":2,\"name\":\"Produtos\",\"item\":\"https:\/\/actbr.com.br\/produtos-act\/\"},{\"@type\":\"ListItem\",\"position\":3,\"name\":\"Acess\u00f3rios\",\"item\":\"https:\/\/actbr.com.br\/en\/categoria-produto\/acessorios\/\"},{\"@type\":\"ListItem\",\"position\":4,\"name\":\"Flange de Liga\u00e7\u00e3o\",\"item\":\"https:\/\/actbr.com.br\/en\/categoria-produto\/acessorios\/flange-de-ligacao\/\"},{\"@type\":\"ListItem\",\"position\":5,\"name\":\"Flange de Liga\u00e7\u00e3o RV-PT\"}]},{\"@type\":\"WebSite\",\"@id\":\"https:\/\/actbr.com.br\/en\/#website\",\"url\":\"https:\/\/actbr.com.br\/en\/\",\"name\":\"ACT Sistemas Hidr\u00e1ulicos\",\"description\":\"Fabrica\u00e7\u00e3o e manuten\u00e7\u00e3o de componentes \u00f3leo hidr\u00e1ulicos\",\"publisher\":{\"@id\":\"https:\/\/actbr.com.br\/en\/#organization\"},\"potentialAction\":[{\"@type\":\"SearchAction\",\"target\":{\"@type\":\"EntryPoint\",\"urlTemplate\":\"https:\/\/actbr.com.br\/en\/?s={search_term_string}\"},\"query-input\":{\"@type\":\"PropertyValueSpecification\",\"valueRequired\":true,\"valueName\":\"search_term_string\"}}],\"inLanguage\":\"en-US\"},{\"@type\":\"Organization\",\"@id\":\"https:\/\/actbr.com.br\/en\/#organization\",\"name\":\"ACT Sistemas Hidr\u00e1ulicos\",\"url\":\"https:\/\/actbr.com.br\/en\/\",\"logo\":{\"@type\":\"ImageObject\",\"inLanguage\":\"en-US\",\"@id\":\"https:\/\/actbr.com.br\/en\/#\/schema\/logo\/image\/\",\"url\":\"https:\/\/actbr.com.br\/wp-content\/uploads\/2025\/02\/cropped-ACT_NEGATIVO-marca-dagua.png\",\"contentUrl\":\"https:\/\/actbr.com.br\/wp-content\/uploads\/2025\/02\/cropped-ACT_NEGATIVO-marca-dagua.png\",\"width\":240,\"height\":146,\"caption\":\"ACT Sistemas Hidr\u00e1ulicos\"},\"image\":{\"@id\":\"https:\/\/actbr.com.br\/en\/#\/schema\/logo\/image\/\"}}]}<\/script>\n<!-- \/ Yoast SEO plugin. -->","yoast_head_json":{"title":"Flange de Liga\u00e7\u00e3o RV-PT - ACT Sistemas Hidr\u00e1ulicos","description":"A Flange de Liga\u00e7\u00e3o RV-PT (R+L HYDRAULICS) garante o perfeito alinhamento entre os motores el\u00e9tricos e bombas hidr\u00e1ulicas.","robots":{"index":"index","follow":"follow","max-snippet":"max-snippet:-1","max-image-preview":"max-image-preview:large","max-video-preview":"max-video-preview:-1"},"canonical":"https:\/\/actbr.com.br\/en\/produto\/flange-de-ligacao-rv-pt\/","og_locale":"en_US","og_type":"article","og_title":"Flange de Liga\u00e7\u00e3o RV-PT - ACT Sistemas Hidr\u00e1ulicos","og_description":"A Flange de Liga\u00e7\u00e3o RV-PT (R+L HYDRAULICS) garante o perfeito alinhamento entre os motores el\u00e9tricos e bombas hidr\u00e1ulicas.","og_url":"https:\/\/actbr.com.br\/en\/produto\/flange-de-ligacao-rv-pt\/","og_site_name":"ACT Sistemas Hidr\u00e1ulicos","article_modified_time":"2023-06-29T16:51:44+00:00","og_image":[{"width":608,"height":371,"url":"https:\/\/actbr.com.br\/wp-content\/uploads\/2020\/09\/Flange-de-ligacao-motor-bomba-\u2013-RV-PT.png","type":"image\/png"}],"twitter_card":"summary_large_image","twitter_misc":{"Est. reading time":"1 minute"},"schema":{"@context":"https:\/\/schema.org","@graph":[{"@type":"WebPage","@id":"https:\/\/actbr.com.br\/en\/produto\/flange-de-ligacao-rv-pt\/","url":"https:\/\/actbr.com.br\/en\/produto\/flange-de-ligacao-rv-pt\/","name":"Flange de Liga\u00e7\u00e3o RV-PT - ACT Sistemas Hidr\u00e1ulicos","isPartOf":{"@id":"https:\/\/actbr.com.br\/en\/#website"},"primaryImageOfPage":{"@id":"https:\/\/actbr.com.br\/en\/produto\/flange-de-ligacao-rv-pt\/#primaryimage"},"image":{"@id":"https:\/\/actbr.com.br\/en\/produto\/flange-de-ligacao-rv-pt\/#primaryimage"},"thumbnailUrl":"https:\/\/actbr.com.br\/wp-content\/uploads\/2020\/09\/Flange-de-ligacao-motor-bomba-\u2013-RV-PT.png","datePublished":"2020-09-29T15:51:04+00:00","dateModified":"2023-06-29T16:51:44+00:00","description":"A Flange de Liga\u00e7\u00e3o RV-PT (R+L HYDRAULICS) garante o perfeito alinhamento entre os motores el\u00e9tricos e bombas hidr\u00e1ulicas.","breadcrumb":{"@id":"https:\/\/actbr.com.br\/en\/produto\/flange-de-ligacao-rv-pt\/#breadcrumb"},"inLanguage":"en-US","potentialAction":[{"@type":"ReadAction","target":["https:\/\/actbr.com.br\/en\/produto\/flange-de-ligacao-rv-pt\/"]}]},{"@type":"ImageObject","inLanguage":"en-US","@id":"https:\/\/actbr.com.br\/en\/produto\/flange-de-ligacao-rv-pt\/#primaryimage","url":"https:\/\/actbr.com.br\/wp-content\/uploads\/2020\/09\/Flange-de-ligacao-motor-bomba-\u2013-RV-PT.png","contentUrl":"https:\/\/actbr.com.br\/wp-content\/uploads\/2020\/09\/Flange-de-ligacao-motor-bomba-\u2013-RV-PT.png","width":608,"height":371,"caption":"Flange de Liga\u00e7\u00e3o RV-PT"},{"@type":"BreadcrumbList","@id":"https:\/\/actbr.com.br\/en\/produto\/flange-de-ligacao-rv-pt\/#breadcrumb","itemListElement":[{"@type":"ListItem","position":1,"name":"In\u00edcio","item":"https:\/\/actbr.com.br\/en\/"},{"@type":"ListItem","position":2,"name":"Produtos","item":"https:\/\/actbr.com.br\/produtos-act\/"},{"@type":"ListItem","position":3,"name":"Acess\u00f3rios","item":"https:\/\/actbr.com.br\/en\/categoria-produto\/acessorios\/"},{"@type":"ListItem","position":4,"name":"Flange de Liga\u00e7\u00e3o","item":"https:\/\/actbr.com.br\/en\/categoria-produto\/acessorios\/flange-de-ligacao\/"},{"@type":"ListItem","position":5,"name":"Flange de Liga\u00e7\u00e3o RV-PT"}]},{"@type":"WebSite","@id":"https:\/\/actbr.com.br\/en\/#website","url":"https:\/\/actbr.com.br\/en\/","name":"ACT Sistemas Hidr\u00e1ulicos","description":"Fabrica\u00e7\u00e3o e manuten\u00e7\u00e3o de componentes \u00f3leo hidr\u00e1ulicos","publisher":{"@id":"https:\/\/actbr.com.br\/en\/#organization"},"potentialAction":[{"@type":"SearchAction","target":{"@type":"EntryPoint","urlTemplate":"https:\/\/actbr.com.br\/en\/?s={search_term_string}"},"query-input":{"@type":"PropertyValueSpecification","valueRequired":true,"valueName":"search_term_string"}}],"inLanguage":"en-US"},{"@type":"Organization","@id":"https:\/\/actbr.com.br\/en\/#organization","name":"ACT Sistemas Hidr\u00e1ulicos","url":"https:\/\/actbr.com.br\/en\/","logo":{"@type":"ImageObject","inLanguage":"en-US","@id":"https:\/\/actbr.com.br\/en\/#\/schema\/logo\/image\/","url":"https:\/\/actbr.com.br\/wp-content\/uploads\/2025\/02\/cropped-ACT_NEGATIVO-marca-dagua.png","contentUrl":"https:\/\/actbr.com.br\/wp-content\/uploads\/2025\/02\/cropped-ACT_NEGATIVO-marca-dagua.png","width":240,"height":146,"caption":"ACT Sistemas Hidr\u00e1ulicos"},"image":{"@id":"https:\/\/actbr.com.br\/en\/#\/schema\/logo\/image\/"}}]}},"_links":{"self":[{"href":"https:\/\/actbr.com.br\/en\/wp-json\/wp\/v2\/product\/4244","targetHints":{"allow":["GET"]}}],"collection":[{"href":"https:\/\/actbr.com.br\/en\/wp-json\/wp\/v2\/product"}],"about":[{"href":"https:\/\/actbr.com.br\/en\/wp-json\/wp\/v2\/types\/product"}],"wp:featuredmedia":[{"embeddable":true,"href":"https:\/\/actbr.com.br\/en\/wp-json\/wp\/v2\/media\/7282"}],"wp:attachment":[{"href":"https:\/\/actbr.com.br\/en\/wp-json\/wp\/v2\/media?parent=4244"}],"wp:term":[{"taxonomy":"product_brand","embeddable":true,"href":"https:\/\/actbr.com.br\/en\/wp-json\/wp\/v2\/product_brand?post=4244"},{"taxonomy":"product_cat","embeddable":true,"href":"https:\/\/actbr.com.br\/en\/wp-json\/wp\/v2\/product_cat?post=4244"},{"taxonomy":"product_tag","embeddable":true,"href":"https:\/\/actbr.com.br\/en\/wp-json\/wp\/v2\/product_tag?post=4244"}],"curies":[{"name":"wp","href":"https:\/\/api.w.org\/{rel}","templated":true}]}}