{"id":4289,"date":"2020-09-29T12:51:54","date_gmt":"2020-09-29T15:51:54","guid":{"rendered":"https:\/\/actbr.com.br\/produto\/base-para-conector-eletrico-formato-a-3p-t\/"},"modified":"2023-06-29T14:02:05","modified_gmt":"2023-06-29T17:02:05","slug":"base-para-conector-a-3p-t","status":"publish","type":"product","link":"https:\/\/actbr.com.br\/en\/produto\/base-para-conector-a-3p-t\/","title":{"rendered":"Base para Conector A-3P-T"},"content":{"rendered":"<p><strong>Base para Conector A-3P-T<\/strong><\/p>\n<p>A Base para Conector A-3P-T \u00e9 uma base para conectores el\u00e9tricos com 3 terminais mais pino para fio terra. Dispon\u00edvel na cor preta, segue o padr\u00e3o EN 175301-803-A (DIN 43650-A).<\/p>\n<p><strong>Caracter\u00edsticas:\u00a0<\/strong><\/p>\n<p>Composi\u00e7\u00e3o: 3 terminais mais pino para fio terra, na cor preta, padr\u00e3o EN 175301-803-A (DIN 43650-A);<br \/>\nModelo do produto: BCON-P-4-3P+T;<br \/>\nN\u00famero de terminais: 3P + Terra;<br \/>\nFixa\u00e7\u00e3o: Parafuso central (0.4Nm);<br \/>\nClasse de prote\u00e7\u00e3o: IP65;<br \/>\nVida mec\u00e2nica: 50 ciclos de acoplamento;<br \/>\nFonte de alimenta\u00e7\u00e3o: DC e AC;<br \/>\nTens\u00e3o nominal: 0 ~ 380V;<br \/>\nCorrente nominal (40\u00b0C): 2A, 10A;<br \/>\nCor: Preto;<br \/>\nMaterial do soquete:\u00a0PA;<br \/>\nPadr\u00e3o: EN 175301-803-A (DIN 43650-A).<\/p>\n","protected":false},"excerpt":{"rendered":"<p>A Base para Conector A-3P-T \u00e9 uma base para conectores el\u00e9tricos com 3 terminais mais pino para fio terra. Dispon\u00edvel na cor preta.<\/p>\n<p>&nbsp;<\/p>\n<p>&nbsp;<\/p>\n","protected":false},"featured_media":8370,"template":"","meta":[],"product_brand":[],"product_cat":[37,121],"product_tag":[],"class_list":{"0":"post-4289","1":"product","2":"type-product","3":"status-publish","4":"has-post-thumbnail","6":"product_cat-avulsos","7":"product_cat-base-para-conector-eletrico","9":"first","10":"instock","11":"virtual","12":"product-type-simple"},"yoast_head":"<!-- This site is optimized with the Yoast SEO plugin v27.2 - https:\/\/yoast.com\/product\/yoast-seo-wordpress\/ -->\n<title>Base para Conector A-3P-T - ACT Sistemas Hidr\u00e1ulicos<\/title>\n<meta name=\"description\" content=\"A Base para Conector A-3P-T \u00e9 uma base para conectores el\u00e9tricos com 3 terminais mais pino para fio terra. Dispon\u00edvel na cor preta.\" \/>\n<meta name=\"robots\" content=\"index, follow, max-snippet:-1, max-image-preview:large, max-video-preview:-1\" \/>\n<link rel=\"canonical\" href=\"https:\/\/actbr.com.br\/en\/produto\/base-para-conector-a-3p-t\/\" \/>\n<meta property=\"og:locale\" content=\"en_US\" \/>\n<meta property=\"og:type\" content=\"article\" \/>\n<meta property=\"og:title\" content=\"Base para Conector A-3P-T - ACT Sistemas Hidr\u00e1ulicos\" \/>\n<meta property=\"og:description\" content=\"A Base para Conector A-3P-T \u00e9 uma base para conectores el\u00e9tricos com 3 terminais mais pino para fio terra. Dispon\u00edvel na cor preta.\" \/>\n<meta property=\"og:url\" content=\"https:\/\/actbr.com.br\/en\/produto\/base-para-conector-a-3p-t\/\" \/>\n<meta property=\"og:site_name\" content=\"ACT Sistemas Hidr\u00e1ulicos\" \/>\n<meta property=\"article:modified_time\" content=\"2023-06-29T17:02:05+00:00\" \/>\n<meta property=\"og:image\" content=\"https:\/\/actbr.com.br\/wp-content\/uploads\/2020\/09\/Base-para-conector-eletrico-Formato-A-\u2013-3P-Terra.jpg\" \/>\n\t<meta property=\"og:image:width\" content=\"600\" \/>\n\t<meta property=\"og:image:height\" content=\"406\" \/>\n\t<meta property=\"og:image:type\" content=\"image\/jpeg\" \/>\n<meta name=\"twitter:card\" content=\"summary_large_image\" \/>\n<meta name=\"twitter:label1\" content=\"Est. reading time\" \/>\n\t<meta name=\"twitter:data1\" content=\"1 minute\" \/>\n<script type=\"application\/ld+json\" class=\"yoast-schema-graph\">{\"@context\":\"https:\/\/schema.org\",\"@graph\":[{\"@type\":\"WebPage\",\"@id\":\"https:\/\/actbr.com.br\/en\/produto\/base-para-conector-a-3p-t\/\",\"url\":\"https:\/\/actbr.com.br\/en\/produto\/base-para-conector-a-3p-t\/\",\"name\":\"Base para Conector A-3P-T - ACT Sistemas Hidr\u00e1ulicos\",\"isPartOf\":{\"@id\":\"https:\/\/actbr.com.br\/en\/#website\"},\"primaryImageOfPage\":{\"@id\":\"https:\/\/actbr.com.br\/en\/produto\/base-para-conector-a-3p-t\/#primaryimage\"},\"image\":{\"@id\":\"https:\/\/actbr.com.br\/en\/produto\/base-para-conector-a-3p-t\/#primaryimage\"},\"thumbnailUrl\":\"https:\/\/actbr.com.br\/wp-content\/uploads\/2020\/09\/Base-para-conector-eletrico-Formato-A-\u2013-3P-Terra.jpg\",\"datePublished\":\"2020-09-29T15:51:54+00:00\",\"dateModified\":\"2023-06-29T17:02:05+00:00\",\"description\":\"A Base para Conector A-3P-T \u00e9 uma base para conectores el\u00e9tricos com 3 terminais mais pino para fio terra. Dispon\u00edvel na cor preta.\",\"breadcrumb\":{\"@id\":\"https:\/\/actbr.com.br\/en\/produto\/base-para-conector-a-3p-t\/#breadcrumb\"},\"inLanguage\":\"en-US\",\"potentialAction\":[{\"@type\":\"ReadAction\",\"target\":[\"https:\/\/actbr.com.br\/en\/produto\/base-para-conector-a-3p-t\/\"]}]},{\"@type\":\"ImageObject\",\"inLanguage\":\"en-US\",\"@id\":\"https:\/\/actbr.com.br\/en\/produto\/base-para-conector-a-3p-t\/#primaryimage\",\"url\":\"https:\/\/actbr.com.br\/wp-content\/uploads\/2020\/09\/Base-para-conector-eletrico-Formato-A-\u2013-3P-Terra.jpg\",\"contentUrl\":\"https:\/\/actbr.com.br\/wp-content\/uploads\/2020\/09\/Base-para-conector-eletrico-Formato-A-\u2013-3P-Terra.jpg\",\"width\":600,\"height\":406,\"caption\":\"Base para Conector A-3P-T\"},{\"@type\":\"BreadcrumbList\",\"@id\":\"https:\/\/actbr.com.br\/en\/produto\/base-para-conector-a-3p-t\/#breadcrumb\",\"itemListElement\":[{\"@type\":\"ListItem\",\"position\":1,\"name\":\"In\u00edcio\",\"item\":\"https:\/\/actbr.com.br\/en\/\"},{\"@type\":\"ListItem\",\"position\":2,\"name\":\"Produtos\",\"item\":\"https:\/\/actbr.com.br\/produtos-act\/\"},{\"@type\":\"ListItem\",\"position\":3,\"name\":\"Avulsos\",\"item\":\"https:\/\/actbr.com.br\/en\/categoria-produto\/avulsos\/\"},{\"@type\":\"ListItem\",\"position\":4,\"name\":\"Base para conector el\u00e9trico\",\"item\":\"https:\/\/actbr.com.br\/en\/categoria-produto\/avulsos\/base-para-conector-eletrico\/\"},{\"@type\":\"ListItem\",\"position\":5,\"name\":\"Base para Conector A-3P-T\"}]},{\"@type\":\"WebSite\",\"@id\":\"https:\/\/actbr.com.br\/en\/#website\",\"url\":\"https:\/\/actbr.com.br\/en\/\",\"name\":\"ACT Sistemas Hidr\u00e1ulicos\",\"description\":\"Fabrica\u00e7\u00e3o e manuten\u00e7\u00e3o de componentes \u00f3leo hidr\u00e1ulicos\",\"publisher\":{\"@id\":\"https:\/\/actbr.com.br\/en\/#organization\"},\"potentialAction\":[{\"@type\":\"SearchAction\",\"target\":{\"@type\":\"EntryPoint\",\"urlTemplate\":\"https:\/\/actbr.com.br\/en\/?s={search_term_string}\"},\"query-input\":{\"@type\":\"PropertyValueSpecification\",\"valueRequired\":true,\"valueName\":\"search_term_string\"}}],\"inLanguage\":\"en-US\"},{\"@type\":\"Organization\",\"@id\":\"https:\/\/actbr.com.br\/en\/#organization\",\"name\":\"ACT Sistemas Hidr\u00e1ulicos\",\"url\":\"https:\/\/actbr.com.br\/en\/\",\"logo\":{\"@type\":\"ImageObject\",\"inLanguage\":\"en-US\",\"@id\":\"https:\/\/actbr.com.br\/en\/#\/schema\/logo\/image\/\",\"url\":\"https:\/\/actbr.com.br\/wp-content\/uploads\/2025\/02\/cropped-ACT_NEGATIVO-marca-dagua.png\",\"contentUrl\":\"https:\/\/actbr.com.br\/wp-content\/uploads\/2025\/02\/cropped-ACT_NEGATIVO-marca-dagua.png\",\"width\":240,\"height\":146,\"caption\":\"ACT Sistemas Hidr\u00e1ulicos\"},\"image\":{\"@id\":\"https:\/\/actbr.com.br\/en\/#\/schema\/logo\/image\/\"}}]}<\/script>\n<!-- \/ Yoast SEO plugin. -->","yoast_head_json":{"title":"Base para Conector A-3P-T - ACT Sistemas Hidr\u00e1ulicos","description":"A Base para Conector A-3P-T \u00e9 uma base para conectores el\u00e9tricos com 3 terminais mais pino para fio terra. Dispon\u00edvel na cor preta.","robots":{"index":"index","follow":"follow","max-snippet":"max-snippet:-1","max-image-preview":"max-image-preview:large","max-video-preview":"max-video-preview:-1"},"canonical":"https:\/\/actbr.com.br\/en\/produto\/base-para-conector-a-3p-t\/","og_locale":"en_US","og_type":"article","og_title":"Base para Conector A-3P-T - ACT Sistemas Hidr\u00e1ulicos","og_description":"A Base para Conector A-3P-T \u00e9 uma base para conectores el\u00e9tricos com 3 terminais mais pino para fio terra. Dispon\u00edvel na cor preta.","og_url":"https:\/\/actbr.com.br\/en\/produto\/base-para-conector-a-3p-t\/","og_site_name":"ACT Sistemas Hidr\u00e1ulicos","article_modified_time":"2023-06-29T17:02:05+00:00","og_image":[{"width":600,"height":406,"url":"https:\/\/actbr.com.br\/wp-content\/uploads\/2020\/09\/Base-para-conector-eletrico-Formato-A-\u2013-3P-Terra.jpg","type":"image\/jpeg"}],"twitter_card":"summary_large_image","twitter_misc":{"Est. reading time":"1 minute"},"schema":{"@context":"https:\/\/schema.org","@graph":[{"@type":"WebPage","@id":"https:\/\/actbr.com.br\/en\/produto\/base-para-conector-a-3p-t\/","url":"https:\/\/actbr.com.br\/en\/produto\/base-para-conector-a-3p-t\/","name":"Base para Conector A-3P-T - ACT Sistemas Hidr\u00e1ulicos","isPartOf":{"@id":"https:\/\/actbr.com.br\/en\/#website"},"primaryImageOfPage":{"@id":"https:\/\/actbr.com.br\/en\/produto\/base-para-conector-a-3p-t\/#primaryimage"},"image":{"@id":"https:\/\/actbr.com.br\/en\/produto\/base-para-conector-a-3p-t\/#primaryimage"},"thumbnailUrl":"https:\/\/actbr.com.br\/wp-content\/uploads\/2020\/09\/Base-para-conector-eletrico-Formato-A-\u2013-3P-Terra.jpg","datePublished":"2020-09-29T15:51:54+00:00","dateModified":"2023-06-29T17:02:05+00:00","description":"A Base para Conector A-3P-T \u00e9 uma base para conectores el\u00e9tricos com 3 terminais mais pino para fio terra. Dispon\u00edvel na cor preta.","breadcrumb":{"@id":"https:\/\/actbr.com.br\/en\/produto\/base-para-conector-a-3p-t\/#breadcrumb"},"inLanguage":"en-US","potentialAction":[{"@type":"ReadAction","target":["https:\/\/actbr.com.br\/en\/produto\/base-para-conector-a-3p-t\/"]}]},{"@type":"ImageObject","inLanguage":"en-US","@id":"https:\/\/actbr.com.br\/en\/produto\/base-para-conector-a-3p-t\/#primaryimage","url":"https:\/\/actbr.com.br\/wp-content\/uploads\/2020\/09\/Base-para-conector-eletrico-Formato-A-\u2013-3P-Terra.jpg","contentUrl":"https:\/\/actbr.com.br\/wp-content\/uploads\/2020\/09\/Base-para-conector-eletrico-Formato-A-\u2013-3P-Terra.jpg","width":600,"height":406,"caption":"Base para Conector A-3P-T"},{"@type":"BreadcrumbList","@id":"https:\/\/actbr.com.br\/en\/produto\/base-para-conector-a-3p-t\/#breadcrumb","itemListElement":[{"@type":"ListItem","position":1,"name":"In\u00edcio","item":"https:\/\/actbr.com.br\/en\/"},{"@type":"ListItem","position":2,"name":"Produtos","item":"https:\/\/actbr.com.br\/produtos-act\/"},{"@type":"ListItem","position":3,"name":"Avulsos","item":"https:\/\/actbr.com.br\/en\/categoria-produto\/avulsos\/"},{"@type":"ListItem","position":4,"name":"Base para conector el\u00e9trico","item":"https:\/\/actbr.com.br\/en\/categoria-produto\/avulsos\/base-para-conector-eletrico\/"},{"@type":"ListItem","position":5,"name":"Base para Conector A-3P-T"}]},{"@type":"WebSite","@id":"https:\/\/actbr.com.br\/en\/#website","url":"https:\/\/actbr.com.br\/en\/","name":"ACT Sistemas Hidr\u00e1ulicos","description":"Fabrica\u00e7\u00e3o e manuten\u00e7\u00e3o de componentes \u00f3leo hidr\u00e1ulicos","publisher":{"@id":"https:\/\/actbr.com.br\/en\/#organization"},"potentialAction":[{"@type":"SearchAction","target":{"@type":"EntryPoint","urlTemplate":"https:\/\/actbr.com.br\/en\/?s={search_term_string}"},"query-input":{"@type":"PropertyValueSpecification","valueRequired":true,"valueName":"search_term_string"}}],"inLanguage":"en-US"},{"@type":"Organization","@id":"https:\/\/actbr.com.br\/en\/#organization","name":"ACT Sistemas Hidr\u00e1ulicos","url":"https:\/\/actbr.com.br\/en\/","logo":{"@type":"ImageObject","inLanguage":"en-US","@id":"https:\/\/actbr.com.br\/en\/#\/schema\/logo\/image\/","url":"https:\/\/actbr.com.br\/wp-content\/uploads\/2025\/02\/cropped-ACT_NEGATIVO-marca-dagua.png","contentUrl":"https:\/\/actbr.com.br\/wp-content\/uploads\/2025\/02\/cropped-ACT_NEGATIVO-marca-dagua.png","width":240,"height":146,"caption":"ACT Sistemas Hidr\u00e1ulicos"},"image":{"@id":"https:\/\/actbr.com.br\/en\/#\/schema\/logo\/image\/"}}]}},"_links":{"self":[{"href":"https:\/\/actbr.com.br\/en\/wp-json\/wp\/v2\/product\/4289","targetHints":{"allow":["GET"]}}],"collection":[{"href":"https:\/\/actbr.com.br\/en\/wp-json\/wp\/v2\/product"}],"about":[{"href":"https:\/\/actbr.com.br\/en\/wp-json\/wp\/v2\/types\/product"}],"wp:featuredmedia":[{"embeddable":true,"href":"https:\/\/actbr.com.br\/en\/wp-json\/wp\/v2\/media\/8370"}],"wp:attachment":[{"href":"https:\/\/actbr.com.br\/en\/wp-json\/wp\/v2\/media?parent=4289"}],"wp:term":[{"taxonomy":"product_brand","embeddable":true,"href":"https:\/\/actbr.com.br\/en\/wp-json\/wp\/v2\/product_brand?post=4289"},{"taxonomy":"product_cat","embeddable":true,"href":"https:\/\/actbr.com.br\/en\/wp-json\/wp\/v2\/product_cat?post=4289"},{"taxonomy":"product_tag","embeddable":true,"href":"https:\/\/actbr.com.br\/en\/wp-json\/wp\/v2\/product_tag?post=4289"}],"curies":[{"name":"wp","href":"https:\/\/api.w.org\/{rel}","templated":true}]}}