{"id":4291,"date":"2020-09-29T12:51:54","date_gmt":"2020-09-29T15:51:54","guid":{"rendered":"https:\/\/actbr.com.br\/produto\/conector-eletrico-din-43650-preto-ac-dc-formato-b\/"},"modified":"2023-06-29T15:03:06","modified_gmt":"2023-06-29T18:03:06","slug":"conector-preto-din-b","status":"publish","type":"product","link":"https:\/\/actbr.com.br\/en\/produto\/conector-preto-din-b\/","title":{"rendered":"Conector Preto DIN B"},"content":{"rendered":"<p><strong>Conector Preto DIN B<\/strong><\/p>\n<p>O Conector Preto DIN B \u00e9 um conector el\u00e9trico utilizado em v\u00e1lvulas hidr\u00e1ulicas e pneum\u00e1ticas, pressostatos e sensores de n\u00edvel, de fluxo e de proximidade.<\/p>\n<p>Conector El\u00e9trico (DIN 43650) Preto (AC \/ DC) &#8211; Formato &#8220;B&#8221;:\u00a0tamanho 28,5 x 20,8mm (14,5 x 11mm) com tampa remov\u00edvel, constru\u00eddo em poliamida com fibra de vidro (PA = FV), grau de prote\u00e7\u00e3o IP 65.<\/p>\n<p>&nbsp;<\/p>\n<p><strong>Informa\u00e7\u00f5es gerais:<br \/>\n<\/strong>Temperatura ambiente:-20 a 100\u00baC;<br \/>\nGrau de prote\u00e7\u00e3o de acordo com a DIN 40050: IP65;<br \/>\nM\u00e1xima corrente de opera\u00e7\u00e3o: 10 a 16A;<br \/>\nDist\u00e2ncia entre os contatos: 11mm;<br \/>\nTens\u00e3o nominal AC\/DC: 250\/300V;<br \/>\nN\u00famero de terminais: 2 + terra;<br \/>\nEntrada para cabo: CM 18;<br \/>\nDi\u00e2metro do cabo (Vers\u00e3o Standard): 6 a 18 mm;<br \/>\nConectores: Por parafuso e flanges;<br \/>\nCapacidade M\u00e1x. de aperto: 1,5 mm2;<br \/>\nPadr\u00e3o do conector: EN 175301-803-A (DIN 43650-A);<br \/>\nClasse de isolamento: VDE 0110-1\/89;<br \/>\nMaterial da guarni\u00e7\u00e3o: NBR.<\/p>\n","protected":false},"excerpt":{"rendered":"<p>O Conector Preto DIN B \u00e9 um conector el\u00e9trico utilizado em v\u00e1lvulas hidr\u00e1ulicas e pneum\u00e1ticas, pressostatos e sensores de n\u00edvel, de fluxo e de proximidade.<\/p>\n","protected":false},"featured_media":7369,"template":"","meta":[],"product_brand":[],"product_cat":[37,144],"product_tag":[],"class_list":{"0":"post-4291","1":"product","2":"type-product","3":"status-publish","4":"has-post-thumbnail","6":"product_cat-avulsos","7":"product_cat-conector-din-b","9":"first","10":"instock","11":"virtual","12":"product-type-simple"},"yoast_head":"<!-- This site is optimized with the Yoast SEO plugin v27.2 - https:\/\/yoast.com\/product\/yoast-seo-wordpress\/ -->\n<title>Conector Preto DIN B - ACT Sistemas Hidr\u00e1ulicos<\/title>\n<meta name=\"description\" content=\"O Conector Preto DIN B \u00e9 um conector el\u00e9trico utilizado em v\u00e1lvulas hidr\u00e1ulicas e pneum\u00e1ticas, pressostatos e sensores de n\u00edvel, de fluxo e de proximidade.\" \/>\n<meta name=\"robots\" content=\"index, follow, max-snippet:-1, max-image-preview:large, max-video-preview:-1\" \/>\n<link rel=\"canonical\" href=\"https:\/\/actbr.com.br\/en\/produto\/conector-preto-din-b\/\" \/>\n<meta property=\"og:locale\" content=\"en_US\" \/>\n<meta property=\"og:type\" content=\"article\" \/>\n<meta property=\"og:title\" content=\"Conector Preto DIN B - ACT Sistemas Hidr\u00e1ulicos\" \/>\n<meta property=\"og:description\" content=\"O Conector Preto DIN B \u00e9 um conector el\u00e9trico utilizado em v\u00e1lvulas hidr\u00e1ulicas e pneum\u00e1ticas, pressostatos e sensores de n\u00edvel, de fluxo e de proximidade.\" \/>\n<meta property=\"og:url\" content=\"https:\/\/actbr.com.br\/en\/produto\/conector-preto-din-b\/\" \/>\n<meta property=\"og:site_name\" content=\"ACT Sistemas Hidr\u00e1ulicos\" \/>\n<meta property=\"article:modified_time\" content=\"2023-06-29T18:03:06+00:00\" \/>\n<meta property=\"og:image\" content=\"https:\/\/actbr.com.br\/wp-content\/uploads\/2020\/09\/Conector-eletrico-DIN-43650-Preto-AC-DC-\u2013-Formato-B.jpg\" \/>\n\t<meta property=\"og:image:width\" content=\"600\" \/>\n\t<meta property=\"og:image:height\" content=\"406\" \/>\n\t<meta property=\"og:image:type\" content=\"image\/jpeg\" \/>\n<meta name=\"twitter:card\" content=\"summary_large_image\" \/>\n<meta name=\"twitter:label1\" content=\"Est. reading time\" \/>\n\t<meta name=\"twitter:data1\" content=\"1 minute\" \/>\n<script type=\"application\/ld+json\" class=\"yoast-schema-graph\">{\"@context\":\"https:\/\/schema.org\",\"@graph\":[{\"@type\":\"WebPage\",\"@id\":\"https:\/\/actbr.com.br\/en\/produto\/conector-preto-din-b\/\",\"url\":\"https:\/\/actbr.com.br\/en\/produto\/conector-preto-din-b\/\",\"name\":\"Conector Preto DIN B - ACT Sistemas Hidr\u00e1ulicos\",\"isPartOf\":{\"@id\":\"https:\/\/actbr.com.br\/en\/#website\"},\"primaryImageOfPage\":{\"@id\":\"https:\/\/actbr.com.br\/en\/produto\/conector-preto-din-b\/#primaryimage\"},\"image\":{\"@id\":\"https:\/\/actbr.com.br\/en\/produto\/conector-preto-din-b\/#primaryimage\"},\"thumbnailUrl\":\"https:\/\/actbr.com.br\/wp-content\/uploads\/2020\/09\/Conector-eletrico-DIN-43650-Preto-AC-DC-\u2013-Formato-B.jpg\",\"datePublished\":\"2020-09-29T15:51:54+00:00\",\"dateModified\":\"2023-06-29T18:03:06+00:00\",\"description\":\"O Conector Preto DIN B \u00e9 um conector el\u00e9trico utilizado em v\u00e1lvulas hidr\u00e1ulicas e pneum\u00e1ticas, pressostatos e sensores de n\u00edvel, de fluxo e de proximidade.\",\"breadcrumb\":{\"@id\":\"https:\/\/actbr.com.br\/en\/produto\/conector-preto-din-b\/#breadcrumb\"},\"inLanguage\":\"en-US\",\"potentialAction\":[{\"@type\":\"ReadAction\",\"target\":[\"https:\/\/actbr.com.br\/en\/produto\/conector-preto-din-b\/\"]}]},{\"@type\":\"ImageObject\",\"inLanguage\":\"en-US\",\"@id\":\"https:\/\/actbr.com.br\/en\/produto\/conector-preto-din-b\/#primaryimage\",\"url\":\"https:\/\/actbr.com.br\/wp-content\/uploads\/2020\/09\/Conector-eletrico-DIN-43650-Preto-AC-DC-\u2013-Formato-B.jpg\",\"contentUrl\":\"https:\/\/actbr.com.br\/wp-content\/uploads\/2020\/09\/Conector-eletrico-DIN-43650-Preto-AC-DC-\u2013-Formato-B.jpg\",\"width\":600,\"height\":406,\"caption\":\"Conector Preto DIN B\"},{\"@type\":\"BreadcrumbList\",\"@id\":\"https:\/\/actbr.com.br\/en\/produto\/conector-preto-din-b\/#breadcrumb\",\"itemListElement\":[{\"@type\":\"ListItem\",\"position\":1,\"name\":\"In\u00edcio\",\"item\":\"https:\/\/actbr.com.br\/en\/\"},{\"@type\":\"ListItem\",\"position\":2,\"name\":\"Produtos\",\"item\":\"https:\/\/actbr.com.br\/produtos-act\/\"},{\"@type\":\"ListItem\",\"position\":3,\"name\":\"Avulsos\",\"item\":\"https:\/\/actbr.com.br\/en\/categoria-produto\/avulsos\/\"},{\"@type\":\"ListItem\",\"position\":4,\"name\":\"Conector - DIN B\",\"item\":\"https:\/\/actbr.com.br\/en\/categoria-produto\/avulsos\/conector-din-b\/\"},{\"@type\":\"ListItem\",\"position\":5,\"name\":\"Conector Preto DIN B\"}]},{\"@type\":\"WebSite\",\"@id\":\"https:\/\/actbr.com.br\/en\/#website\",\"url\":\"https:\/\/actbr.com.br\/en\/\",\"name\":\"ACT Sistemas Hidr\u00e1ulicos\",\"description\":\"Fabrica\u00e7\u00e3o e manuten\u00e7\u00e3o de componentes \u00f3leo hidr\u00e1ulicos\",\"publisher\":{\"@id\":\"https:\/\/actbr.com.br\/en\/#organization\"},\"potentialAction\":[{\"@type\":\"SearchAction\",\"target\":{\"@type\":\"EntryPoint\",\"urlTemplate\":\"https:\/\/actbr.com.br\/en\/?s={search_term_string}\"},\"query-input\":{\"@type\":\"PropertyValueSpecification\",\"valueRequired\":true,\"valueName\":\"search_term_string\"}}],\"inLanguage\":\"en-US\"},{\"@type\":\"Organization\",\"@id\":\"https:\/\/actbr.com.br\/en\/#organization\",\"name\":\"ACT Sistemas Hidr\u00e1ulicos\",\"url\":\"https:\/\/actbr.com.br\/en\/\",\"logo\":{\"@type\":\"ImageObject\",\"inLanguage\":\"en-US\",\"@id\":\"https:\/\/actbr.com.br\/en\/#\/schema\/logo\/image\/\",\"url\":\"https:\/\/actbr.com.br\/wp-content\/uploads\/2025\/02\/cropped-ACT_NEGATIVO-marca-dagua.png\",\"contentUrl\":\"https:\/\/actbr.com.br\/wp-content\/uploads\/2025\/02\/cropped-ACT_NEGATIVO-marca-dagua.png\",\"width\":240,\"height\":146,\"caption\":\"ACT Sistemas Hidr\u00e1ulicos\"},\"image\":{\"@id\":\"https:\/\/actbr.com.br\/en\/#\/schema\/logo\/image\/\"}}]}<\/script>\n<!-- \/ Yoast SEO plugin. -->","yoast_head_json":{"title":"Conector Preto DIN B - ACT Sistemas Hidr\u00e1ulicos","description":"O Conector Preto DIN B \u00e9 um conector el\u00e9trico utilizado em v\u00e1lvulas hidr\u00e1ulicas e pneum\u00e1ticas, pressostatos e sensores de n\u00edvel, de fluxo e de proximidade.","robots":{"index":"index","follow":"follow","max-snippet":"max-snippet:-1","max-image-preview":"max-image-preview:large","max-video-preview":"max-video-preview:-1"},"canonical":"https:\/\/actbr.com.br\/en\/produto\/conector-preto-din-b\/","og_locale":"en_US","og_type":"article","og_title":"Conector Preto DIN B - ACT Sistemas Hidr\u00e1ulicos","og_description":"O Conector Preto DIN B \u00e9 um conector el\u00e9trico utilizado em v\u00e1lvulas hidr\u00e1ulicas e pneum\u00e1ticas, pressostatos e sensores de n\u00edvel, de fluxo e de proximidade.","og_url":"https:\/\/actbr.com.br\/en\/produto\/conector-preto-din-b\/","og_site_name":"ACT Sistemas Hidr\u00e1ulicos","article_modified_time":"2023-06-29T18:03:06+00:00","og_image":[{"width":600,"height":406,"url":"https:\/\/actbr.com.br\/wp-content\/uploads\/2020\/09\/Conector-eletrico-DIN-43650-Preto-AC-DC-\u2013-Formato-B.jpg","type":"image\/jpeg"}],"twitter_card":"summary_large_image","twitter_misc":{"Est. reading time":"1 minute"},"schema":{"@context":"https:\/\/schema.org","@graph":[{"@type":"WebPage","@id":"https:\/\/actbr.com.br\/en\/produto\/conector-preto-din-b\/","url":"https:\/\/actbr.com.br\/en\/produto\/conector-preto-din-b\/","name":"Conector Preto DIN B - ACT Sistemas Hidr\u00e1ulicos","isPartOf":{"@id":"https:\/\/actbr.com.br\/en\/#website"},"primaryImageOfPage":{"@id":"https:\/\/actbr.com.br\/en\/produto\/conector-preto-din-b\/#primaryimage"},"image":{"@id":"https:\/\/actbr.com.br\/en\/produto\/conector-preto-din-b\/#primaryimage"},"thumbnailUrl":"https:\/\/actbr.com.br\/wp-content\/uploads\/2020\/09\/Conector-eletrico-DIN-43650-Preto-AC-DC-\u2013-Formato-B.jpg","datePublished":"2020-09-29T15:51:54+00:00","dateModified":"2023-06-29T18:03:06+00:00","description":"O Conector Preto DIN B \u00e9 um conector el\u00e9trico utilizado em v\u00e1lvulas hidr\u00e1ulicas e pneum\u00e1ticas, pressostatos e sensores de n\u00edvel, de fluxo e de proximidade.","breadcrumb":{"@id":"https:\/\/actbr.com.br\/en\/produto\/conector-preto-din-b\/#breadcrumb"},"inLanguage":"en-US","potentialAction":[{"@type":"ReadAction","target":["https:\/\/actbr.com.br\/en\/produto\/conector-preto-din-b\/"]}]},{"@type":"ImageObject","inLanguage":"en-US","@id":"https:\/\/actbr.com.br\/en\/produto\/conector-preto-din-b\/#primaryimage","url":"https:\/\/actbr.com.br\/wp-content\/uploads\/2020\/09\/Conector-eletrico-DIN-43650-Preto-AC-DC-\u2013-Formato-B.jpg","contentUrl":"https:\/\/actbr.com.br\/wp-content\/uploads\/2020\/09\/Conector-eletrico-DIN-43650-Preto-AC-DC-\u2013-Formato-B.jpg","width":600,"height":406,"caption":"Conector Preto DIN B"},{"@type":"BreadcrumbList","@id":"https:\/\/actbr.com.br\/en\/produto\/conector-preto-din-b\/#breadcrumb","itemListElement":[{"@type":"ListItem","position":1,"name":"In\u00edcio","item":"https:\/\/actbr.com.br\/en\/"},{"@type":"ListItem","position":2,"name":"Produtos","item":"https:\/\/actbr.com.br\/produtos-act\/"},{"@type":"ListItem","position":3,"name":"Avulsos","item":"https:\/\/actbr.com.br\/en\/categoria-produto\/avulsos\/"},{"@type":"ListItem","position":4,"name":"Conector - DIN B","item":"https:\/\/actbr.com.br\/en\/categoria-produto\/avulsos\/conector-din-b\/"},{"@type":"ListItem","position":5,"name":"Conector Preto DIN B"}]},{"@type":"WebSite","@id":"https:\/\/actbr.com.br\/en\/#website","url":"https:\/\/actbr.com.br\/en\/","name":"ACT Sistemas Hidr\u00e1ulicos","description":"Fabrica\u00e7\u00e3o e manuten\u00e7\u00e3o de componentes \u00f3leo hidr\u00e1ulicos","publisher":{"@id":"https:\/\/actbr.com.br\/en\/#organization"},"potentialAction":[{"@type":"SearchAction","target":{"@type":"EntryPoint","urlTemplate":"https:\/\/actbr.com.br\/en\/?s={search_term_string}"},"query-input":{"@type":"PropertyValueSpecification","valueRequired":true,"valueName":"search_term_string"}}],"inLanguage":"en-US"},{"@type":"Organization","@id":"https:\/\/actbr.com.br\/en\/#organization","name":"ACT Sistemas Hidr\u00e1ulicos","url":"https:\/\/actbr.com.br\/en\/","logo":{"@type":"ImageObject","inLanguage":"en-US","@id":"https:\/\/actbr.com.br\/en\/#\/schema\/logo\/image\/","url":"https:\/\/actbr.com.br\/wp-content\/uploads\/2025\/02\/cropped-ACT_NEGATIVO-marca-dagua.png","contentUrl":"https:\/\/actbr.com.br\/wp-content\/uploads\/2025\/02\/cropped-ACT_NEGATIVO-marca-dagua.png","width":240,"height":146,"caption":"ACT Sistemas Hidr\u00e1ulicos"},"image":{"@id":"https:\/\/actbr.com.br\/en\/#\/schema\/logo\/image\/"}}]}},"_links":{"self":[{"href":"https:\/\/actbr.com.br\/en\/wp-json\/wp\/v2\/product\/4291","targetHints":{"allow":["GET"]}}],"collection":[{"href":"https:\/\/actbr.com.br\/en\/wp-json\/wp\/v2\/product"}],"about":[{"href":"https:\/\/actbr.com.br\/en\/wp-json\/wp\/v2\/types\/product"}],"wp:featuredmedia":[{"embeddable":true,"href":"https:\/\/actbr.com.br\/en\/wp-json\/wp\/v2\/media\/7369"}],"wp:attachment":[{"href":"https:\/\/actbr.com.br\/en\/wp-json\/wp\/v2\/media?parent=4291"}],"wp:term":[{"taxonomy":"product_brand","embeddable":true,"href":"https:\/\/actbr.com.br\/en\/wp-json\/wp\/v2\/product_brand?post=4291"},{"taxonomy":"product_cat","embeddable":true,"href":"https:\/\/actbr.com.br\/en\/wp-json\/wp\/v2\/product_cat?post=4291"},{"taxonomy":"product_tag","embeddable":true,"href":"https:\/\/actbr.com.br\/en\/wp-json\/wp\/v2\/product_tag?post=4291"}],"curies":[{"name":"wp","href":"https:\/\/api.w.org\/{rel}","templated":true}]}}