{"id":4321,"date":"2020-09-29T12:52:57","date_gmt":"2020-09-29T15:52:57","guid":{"rendered":"https:\/\/actbr.com.br\/produto\/valvula-reguladora-de-vazao-em-linha-dv-20-a\/"},"modified":"2023-10-11T15:15:11","modified_gmt":"2023-10-11T18:15:11","slug":"valvula-reguladora-de-vazao-em-linha-sem-retencao-dv-20-a","status":"publish","type":"product","link":"https:\/\/actbr.com.br\/en\/produto\/valvula-reguladora-de-vazao-em-linha-sem-retencao-dv-20-a\/","title":{"rendered":"V\u00e1lvula Reguladora de Vaz\u00e3o em Linha sem Reten\u00e7\u00e3o DV-20-A"},"content":{"rendered":"<p><strong>V\u00e1lvula Reguladora de Vaz\u00e3o em Linha DV-20-A<\/strong><\/p>\n<p>A V\u00e1lvula Reguladora de Vaz\u00e3o em Linha DV-20-A controla a vaz\u00e3o do sistema atrav\u00e9s de um estrangulamento (regulagem de fluxo). Constru\u00edda conforme a norma DIN-ISO 1219 para aplica\u00e7\u00e3o em instala\u00e7\u00f5es \u00f3leo hidr\u00e1ulicas.<\/p>\n<p>O fluxo volum\u00e9trico depende da diferen\u00e7a de press\u00e3o e da viscosidade do flu\u00eddo as quais a v\u00e1lvula est\u00e1 operando (n\u00e3o compensada). A v\u00e1lvula estranguladora de vaz\u00e3o em linha (DV-20-A) permite um ajuste e fechamento sens\u00edvel de vaz\u00e3o, mediante ao projeto especial de fechamento (redu\u00e7\u00e3o de vaz\u00e3o).<\/p>\n<p>A regulagem de redu\u00e7\u00e3o de vaz\u00e3o atua em ambos os sentidos (de A para B e de B para A).<\/p>\n<p><strong>Caracter\u00edsticas t\u00e9cnicas:<\/strong><br \/>\nTamanho: 20;<br \/>\nPress\u00e3o m\u00e1xima de trabalho: 350 bar;<br \/>\nPeso: 2,5 kg;<br \/>\nFlu\u00eddos recomendados: \u00d3leo mineral e \u00e9ster fosfato;<br \/>\nRange de temperatura: de -20 a + 80\u00baC;<br \/>\nViscosidade recomendada: 2.8 a 500 mm2\/s;<br \/>\nPosi\u00e7\u00e3o de instala\u00e7\u00e3o: Opcional a aplica\u00e7\u00e3o do cliente.<br \/>\nClasse de contamina\u00e7\u00e3o recomendada: Class 9. NAS 1638 ou 20\/18\/15, ISO 4406;<br \/>\nConex\u00f5es de entrada (roscada): 1&#8243; BSP (F\u00eamea);<br \/>\nVaz\u00e3o m\u00e1xima: 300 litros por minuto.<br \/>\nVeda\u00e7\u00f5es: NBR;<\/p>\n<p><strong>Vantagens:<\/strong><br \/>\nMontagem em tubula\u00e7\u00f5es com espa\u00e7o reduzido;<br \/>\nSeguran\u00e7a de aplica\u00e7\u00e3o;<br \/>\nPerfeita adapta\u00e7\u00e3o;<br \/>\nPosi\u00e7\u00e3o flex\u00edvel de instala\u00e7\u00e3o.<\/p>\n","protected":false},"excerpt":{"rendered":"<p>A V\u00e1lvula Reguladora de Vaz\u00e3o em Linha DV-20-A controla a vaz\u00e3o do sistema atrav\u00e9s de um estrangulamento (regulagem de fluxo).<\/p>\n","protected":false},"featured_media":8224,"template":"","meta":[],"product_brand":[],"product_cat":[145,50],"product_tag":[],"class_list":{"0":"post-4321","1":"product","2":"type-product","3":"status-publish","4":"has-post-thumbnail","6":"product_cat-reguladora-de-vazao-em-linha-dv","7":"product_cat-valvulas-em-linha","9":"first","10":"instock","11":"virtual","12":"product-type-simple"},"yoast_head":"<!-- This site is optimized with the Yoast SEO plugin v27.2 - https:\/\/yoast.com\/product\/yoast-seo-wordpress\/ -->\n<title>V\u00e1lvula Reguladora de Vaz\u00e3o em Linha sem Reten\u00e7\u00e3o DV-20-A - ACT Sistemas Hidr\u00e1ulicos<\/title>\n<meta name=\"description\" content=\"A V\u00e1lvula Reguladora de Vaz\u00e3o em Linha DV-20-A controla a vaz\u00e3o do sistema atrav\u00e9s de um estrangulamento (regulagem de fluxo).\" \/>\n<meta name=\"robots\" content=\"index, follow, max-snippet:-1, max-image-preview:large, max-video-preview:-1\" \/>\n<link rel=\"canonical\" href=\"https:\/\/actbr.com.br\/en\/produto\/valvula-reguladora-de-vazao-em-linha-sem-retencao-dv-20-a\/\" \/>\n<meta property=\"og:locale\" content=\"en_US\" \/>\n<meta property=\"og:type\" content=\"article\" \/>\n<meta property=\"og:title\" content=\"V\u00e1lvula Reguladora de Vaz\u00e3o em Linha sem Reten\u00e7\u00e3o DV-20-A - ACT Sistemas Hidr\u00e1ulicos\" \/>\n<meta property=\"og:description\" content=\"A V\u00e1lvula Reguladora de Vaz\u00e3o em Linha DV-20-A controla a vaz\u00e3o do sistema atrav\u00e9s de um estrangulamento (regulagem de fluxo).\" \/>\n<meta property=\"og:url\" content=\"https:\/\/actbr.com.br\/en\/produto\/valvula-reguladora-de-vazao-em-linha-sem-retencao-dv-20-a\/\" \/>\n<meta property=\"og:site_name\" content=\"ACT Sistemas Hidr\u00e1ulicos\" \/>\n<meta property=\"article:modified_time\" content=\"2023-10-11T18:15:11+00:00\" \/>\n<meta property=\"og:image\" content=\"https:\/\/actbr.com.br\/wp-content\/uploads\/2020\/09\/DV-VALVE.jpg\" \/>\n\t<meta property=\"og:image:width\" content=\"927\" \/>\n\t<meta property=\"og:image:height\" content=\"791\" \/>\n\t<meta property=\"og:image:type\" content=\"image\/jpeg\" \/>\n<meta name=\"twitter:card\" content=\"summary_large_image\" \/>\n<meta name=\"twitter:label1\" content=\"Est. reading time\" \/>\n\t<meta name=\"twitter:data1\" content=\"2 minutes\" \/>\n<script type=\"application\/ld+json\" class=\"yoast-schema-graph\">{\"@context\":\"https:\/\/schema.org\",\"@graph\":[{\"@type\":\"WebPage\",\"@id\":\"https:\/\/actbr.com.br\/en\/produto\/valvula-reguladora-de-vazao-em-linha-sem-retencao-dv-20-a\/\",\"url\":\"https:\/\/actbr.com.br\/en\/produto\/valvula-reguladora-de-vazao-em-linha-sem-retencao-dv-20-a\/\",\"name\":\"V\u00e1lvula Reguladora de Vaz\u00e3o em Linha sem Reten\u00e7\u00e3o DV-20-A - ACT Sistemas Hidr\u00e1ulicos\",\"isPartOf\":{\"@id\":\"https:\/\/actbr.com.br\/en\/#website\"},\"primaryImageOfPage\":{\"@id\":\"https:\/\/actbr.com.br\/en\/produto\/valvula-reguladora-de-vazao-em-linha-sem-retencao-dv-20-a\/#primaryimage\"},\"image\":{\"@id\":\"https:\/\/actbr.com.br\/en\/produto\/valvula-reguladora-de-vazao-em-linha-sem-retencao-dv-20-a\/#primaryimage\"},\"thumbnailUrl\":\"https:\/\/actbr.com.br\/wp-content\/uploads\/2020\/09\/DV-VALVE.jpg\",\"datePublished\":\"2020-09-29T15:52:57+00:00\",\"dateModified\":\"2023-10-11T18:15:11+00:00\",\"description\":\"A V\u00e1lvula Reguladora de Vaz\u00e3o em Linha DV-20-A controla a vaz\u00e3o do sistema atrav\u00e9s de um estrangulamento (regulagem de fluxo).\",\"breadcrumb\":{\"@id\":\"https:\/\/actbr.com.br\/en\/produto\/valvula-reguladora-de-vazao-em-linha-sem-retencao-dv-20-a\/#breadcrumb\"},\"inLanguage\":\"en-US\",\"potentialAction\":[{\"@type\":\"ReadAction\",\"target\":[\"https:\/\/actbr.com.br\/en\/produto\/valvula-reguladora-de-vazao-em-linha-sem-retencao-dv-20-a\/\"]}]},{\"@type\":\"ImageObject\",\"inLanguage\":\"en-US\",\"@id\":\"https:\/\/actbr.com.br\/en\/produto\/valvula-reguladora-de-vazao-em-linha-sem-retencao-dv-20-a\/#primaryimage\",\"url\":\"https:\/\/actbr.com.br\/wp-content\/uploads\/2020\/09\/DV-VALVE.jpg\",\"contentUrl\":\"https:\/\/actbr.com.br\/wp-content\/uploads\/2020\/09\/DV-VALVE.jpg\",\"width\":927,\"height\":791,\"caption\":\"V\u00e1lvula Reguladora de Vaz\u00e3o em Linha DV\"},{\"@type\":\"BreadcrumbList\",\"@id\":\"https:\/\/actbr.com.br\/en\/produto\/valvula-reguladora-de-vazao-em-linha-sem-retencao-dv-20-a\/#breadcrumb\",\"itemListElement\":[{\"@type\":\"ListItem\",\"position\":1,\"name\":\"In\u00edcio\",\"item\":\"https:\/\/actbr.com.br\/en\/\"},{\"@type\":\"ListItem\",\"position\":2,\"name\":\"Produtos\",\"item\":\"https:\/\/actbr.com.br\/produtos-act\/\"},{\"@type\":\"ListItem\",\"position\":3,\"name\":\"V\u00e1lvulas em Linha\",\"item\":\"https:\/\/actbr.com.br\/en\/categoria-produto\/valvulas-em-linha\/\"},{\"@type\":\"ListItem\",\"position\":4,\"name\":\"Reguladora de Vaz\u00e3o em Linha - DV\",\"item\":\"https:\/\/actbr.com.br\/en\/categoria-produto\/valvulas-em-linha\/reguladora-de-vazao-em-linha-dv\/\"},{\"@type\":\"ListItem\",\"position\":5,\"name\":\"V\u00e1lvula Reguladora de Vaz\u00e3o em Linha sem Reten\u00e7\u00e3o DV-20-A\"}]},{\"@type\":\"WebSite\",\"@id\":\"https:\/\/actbr.com.br\/en\/#website\",\"url\":\"https:\/\/actbr.com.br\/en\/\",\"name\":\"ACT Sistemas Hidr\u00e1ulicos\",\"description\":\"Fabrica\u00e7\u00e3o e manuten\u00e7\u00e3o de componentes \u00f3leo hidr\u00e1ulicos\",\"publisher\":{\"@id\":\"https:\/\/actbr.com.br\/en\/#organization\"},\"potentialAction\":[{\"@type\":\"SearchAction\",\"target\":{\"@type\":\"EntryPoint\",\"urlTemplate\":\"https:\/\/actbr.com.br\/en\/?s={search_term_string}\"},\"query-input\":{\"@type\":\"PropertyValueSpecification\",\"valueRequired\":true,\"valueName\":\"search_term_string\"}}],\"inLanguage\":\"en-US\"},{\"@type\":\"Organization\",\"@id\":\"https:\/\/actbr.com.br\/en\/#organization\",\"name\":\"ACT Sistemas Hidr\u00e1ulicos\",\"url\":\"https:\/\/actbr.com.br\/en\/\",\"logo\":{\"@type\":\"ImageObject\",\"inLanguage\":\"en-US\",\"@id\":\"https:\/\/actbr.com.br\/en\/#\/schema\/logo\/image\/\",\"url\":\"https:\/\/actbr.com.br\/wp-content\/uploads\/2025\/02\/cropped-ACT_NEGATIVO-marca-dagua.png\",\"contentUrl\":\"https:\/\/actbr.com.br\/wp-content\/uploads\/2025\/02\/cropped-ACT_NEGATIVO-marca-dagua.png\",\"width\":240,\"height\":146,\"caption\":\"ACT Sistemas Hidr\u00e1ulicos\"},\"image\":{\"@id\":\"https:\/\/actbr.com.br\/en\/#\/schema\/logo\/image\/\"}}]}<\/script>\n<!-- \/ Yoast SEO plugin. -->","yoast_head_json":{"title":"V\u00e1lvula Reguladora de Vaz\u00e3o em Linha sem Reten\u00e7\u00e3o DV-20-A - ACT Sistemas Hidr\u00e1ulicos","description":"A V\u00e1lvula Reguladora de Vaz\u00e3o em Linha DV-20-A controla a vaz\u00e3o do sistema atrav\u00e9s de um estrangulamento (regulagem de fluxo).","robots":{"index":"index","follow":"follow","max-snippet":"max-snippet:-1","max-image-preview":"max-image-preview:large","max-video-preview":"max-video-preview:-1"},"canonical":"https:\/\/actbr.com.br\/en\/produto\/valvula-reguladora-de-vazao-em-linha-sem-retencao-dv-20-a\/","og_locale":"en_US","og_type":"article","og_title":"V\u00e1lvula Reguladora de Vaz\u00e3o em Linha sem Reten\u00e7\u00e3o DV-20-A - ACT Sistemas Hidr\u00e1ulicos","og_description":"A V\u00e1lvula Reguladora de Vaz\u00e3o em Linha DV-20-A controla a vaz\u00e3o do sistema atrav\u00e9s de um estrangulamento (regulagem de fluxo).","og_url":"https:\/\/actbr.com.br\/en\/produto\/valvula-reguladora-de-vazao-em-linha-sem-retencao-dv-20-a\/","og_site_name":"ACT Sistemas Hidr\u00e1ulicos","article_modified_time":"2023-10-11T18:15:11+00:00","og_image":[{"width":927,"height":791,"url":"https:\/\/actbr.com.br\/wp-content\/uploads\/2020\/09\/DV-VALVE.jpg","type":"image\/jpeg"}],"twitter_card":"summary_large_image","twitter_misc":{"Est. reading time":"2 minutes"},"schema":{"@context":"https:\/\/schema.org","@graph":[{"@type":"WebPage","@id":"https:\/\/actbr.com.br\/en\/produto\/valvula-reguladora-de-vazao-em-linha-sem-retencao-dv-20-a\/","url":"https:\/\/actbr.com.br\/en\/produto\/valvula-reguladora-de-vazao-em-linha-sem-retencao-dv-20-a\/","name":"V\u00e1lvula Reguladora de Vaz\u00e3o em Linha sem Reten\u00e7\u00e3o DV-20-A - ACT Sistemas Hidr\u00e1ulicos","isPartOf":{"@id":"https:\/\/actbr.com.br\/en\/#website"},"primaryImageOfPage":{"@id":"https:\/\/actbr.com.br\/en\/produto\/valvula-reguladora-de-vazao-em-linha-sem-retencao-dv-20-a\/#primaryimage"},"image":{"@id":"https:\/\/actbr.com.br\/en\/produto\/valvula-reguladora-de-vazao-em-linha-sem-retencao-dv-20-a\/#primaryimage"},"thumbnailUrl":"https:\/\/actbr.com.br\/wp-content\/uploads\/2020\/09\/DV-VALVE.jpg","datePublished":"2020-09-29T15:52:57+00:00","dateModified":"2023-10-11T18:15:11+00:00","description":"A V\u00e1lvula Reguladora de Vaz\u00e3o em Linha DV-20-A controla a vaz\u00e3o do sistema atrav\u00e9s de um estrangulamento (regulagem de fluxo).","breadcrumb":{"@id":"https:\/\/actbr.com.br\/en\/produto\/valvula-reguladora-de-vazao-em-linha-sem-retencao-dv-20-a\/#breadcrumb"},"inLanguage":"en-US","potentialAction":[{"@type":"ReadAction","target":["https:\/\/actbr.com.br\/en\/produto\/valvula-reguladora-de-vazao-em-linha-sem-retencao-dv-20-a\/"]}]},{"@type":"ImageObject","inLanguage":"en-US","@id":"https:\/\/actbr.com.br\/en\/produto\/valvula-reguladora-de-vazao-em-linha-sem-retencao-dv-20-a\/#primaryimage","url":"https:\/\/actbr.com.br\/wp-content\/uploads\/2020\/09\/DV-VALVE.jpg","contentUrl":"https:\/\/actbr.com.br\/wp-content\/uploads\/2020\/09\/DV-VALVE.jpg","width":927,"height":791,"caption":"V\u00e1lvula Reguladora de Vaz\u00e3o em Linha DV"},{"@type":"BreadcrumbList","@id":"https:\/\/actbr.com.br\/en\/produto\/valvula-reguladora-de-vazao-em-linha-sem-retencao-dv-20-a\/#breadcrumb","itemListElement":[{"@type":"ListItem","position":1,"name":"In\u00edcio","item":"https:\/\/actbr.com.br\/en\/"},{"@type":"ListItem","position":2,"name":"Produtos","item":"https:\/\/actbr.com.br\/produtos-act\/"},{"@type":"ListItem","position":3,"name":"V\u00e1lvulas em Linha","item":"https:\/\/actbr.com.br\/en\/categoria-produto\/valvulas-em-linha\/"},{"@type":"ListItem","position":4,"name":"Reguladora de Vaz\u00e3o em Linha - DV","item":"https:\/\/actbr.com.br\/en\/categoria-produto\/valvulas-em-linha\/reguladora-de-vazao-em-linha-dv\/"},{"@type":"ListItem","position":5,"name":"V\u00e1lvula Reguladora de Vaz\u00e3o em Linha sem Reten\u00e7\u00e3o DV-20-A"}]},{"@type":"WebSite","@id":"https:\/\/actbr.com.br\/en\/#website","url":"https:\/\/actbr.com.br\/en\/","name":"ACT Sistemas Hidr\u00e1ulicos","description":"Fabrica\u00e7\u00e3o e manuten\u00e7\u00e3o de componentes \u00f3leo hidr\u00e1ulicos","publisher":{"@id":"https:\/\/actbr.com.br\/en\/#organization"},"potentialAction":[{"@type":"SearchAction","target":{"@type":"EntryPoint","urlTemplate":"https:\/\/actbr.com.br\/en\/?s={search_term_string}"},"query-input":{"@type":"PropertyValueSpecification","valueRequired":true,"valueName":"search_term_string"}}],"inLanguage":"en-US"},{"@type":"Organization","@id":"https:\/\/actbr.com.br\/en\/#organization","name":"ACT Sistemas Hidr\u00e1ulicos","url":"https:\/\/actbr.com.br\/en\/","logo":{"@type":"ImageObject","inLanguage":"en-US","@id":"https:\/\/actbr.com.br\/en\/#\/schema\/logo\/image\/","url":"https:\/\/actbr.com.br\/wp-content\/uploads\/2025\/02\/cropped-ACT_NEGATIVO-marca-dagua.png","contentUrl":"https:\/\/actbr.com.br\/wp-content\/uploads\/2025\/02\/cropped-ACT_NEGATIVO-marca-dagua.png","width":240,"height":146,"caption":"ACT Sistemas Hidr\u00e1ulicos"},"image":{"@id":"https:\/\/actbr.com.br\/en\/#\/schema\/logo\/image\/"}}]}},"_links":{"self":[{"href":"https:\/\/actbr.com.br\/en\/wp-json\/wp\/v2\/product\/4321","targetHints":{"allow":["GET"]}}],"collection":[{"href":"https:\/\/actbr.com.br\/en\/wp-json\/wp\/v2\/product"}],"about":[{"href":"https:\/\/actbr.com.br\/en\/wp-json\/wp\/v2\/types\/product"}],"wp:featuredmedia":[{"embeddable":true,"href":"https:\/\/actbr.com.br\/en\/wp-json\/wp\/v2\/media\/8224"}],"wp:attachment":[{"href":"https:\/\/actbr.com.br\/en\/wp-json\/wp\/v2\/media?parent=4321"}],"wp:term":[{"taxonomy":"product_brand","embeddable":true,"href":"https:\/\/actbr.com.br\/en\/wp-json\/wp\/v2\/product_brand?post=4321"},{"taxonomy":"product_cat","embeddable":true,"href":"https:\/\/actbr.com.br\/en\/wp-json\/wp\/v2\/product_cat?post=4321"},{"taxonomy":"product_tag","embeddable":true,"href":"https:\/\/actbr.com.br\/en\/wp-json\/wp\/v2\/product_tag?post=4321"}],"curies":[{"name":"wp","href":"https:\/\/api.w.org\/{rel}","templated":true}]}}