{"id":4375,"date":"2020-09-29T12:53:32","date_gmt":"2020-09-29T15:53:32","guid":{"rendered":"https:\/\/actbr.com.br\/produto\/4we6-ma-60-x-nz5l\/"},"modified":"2023-10-17T14:20:13","modified_gmt":"2023-10-17T17:20:13","slug":"valvula-direcional-hidraulica-com-acionamento-eletrico-4we6-ma-60-x-nz5l","status":"publish","type":"product","link":"https:\/\/actbr.com.br\/en\/produto\/valvula-direcional-hidraulica-com-acionamento-eletrico-4we6-ma-60-x-nz5l\/","title":{"rendered":"V\u00e1lvula direcional hidr\u00e1ulica com acionamento el\u00e9trico 4WE6-MA-60-X-NZ5L"},"content":{"rendered":"<p><strong>4WE6-MA-60-X-NZ5L<\/strong><\/p>\n<p>A V\u00e1lvula Eletro Hidr\u00e1ulica Direcional 4WE6-MA-60-X-NZ5L \u00e9 uma\u00a0 v\u00e1lvula direcional com 2 posi\u00e7\u00f5es e 4 vias e com carretel centrado por mola.<\/p>\n<p>Em sua posi\u00e7\u00e3o de descanso com a bobina desenergizada, A, B, e P est\u00e3o conectados enquanto T est\u00e1 fechado. Quando a solenoide \u00e9 energizada, P e B est\u00e3o conectados e A e T est\u00e3o conectados.<\/p>\n<p><strong>Caracter\u00edsticas:<\/strong><br \/>\nDiretamente operada;<br \/>\nSuperf\u00edcie de montagem ISO 4401:205 &#8211; 4401-03-02-0-05;<br \/>\nEletricamente acionada;<br \/>\nAtua com vaz\u00f5es de at\u00e9 80 litros por minuto;<br \/>\nTrabalha com press\u00f5es de at\u00e9 315 bar nas linhas &#8220;A&#8221;, &#8220;B&#8221; e &#8220;P&#8221; e 120 bar na linha &#8220;T&#8221;;<br \/>\nBobinas intercambi\u00e1veis para corrente cont\u00ednua ou alternada (DC ou AC).<br \/>\nRecomendado para a faixa de viscosidade: 10 mm\u00b2\/s at\u00e9 500 mm\u00b2\/s;<br \/>\nMax. frequ\u00eancia de comuta\u00e7\u00e3o: 15.000 \/ h;<br \/>\nMateriais de veda\u00e7\u00e3o: NBR;<br \/>\nToler\u00e2ncia de tens\u00e3o: \u00b1 10%;<br \/>\nPot\u00eancia nominal: 30W (12V \/ 2,5A) resp. 33W (24V \/ 1,33A);<br \/>\nTempo de comuta\u00e7\u00e3o: Tempo de liga\u00e7\u00e3o (bobina): 20 ms at\u00e9 70 ms;<br \/>\nTempo de desligamento (mola): 10 ms at\u00e9 60 ms;<br \/>\nLiga\u00e7\u00e3o el\u00e9ctrica: conforme a norma DIN 43650;<br \/>\nClassifica\u00e7\u00e3o IP: IP 65 a EN 60529; DIN 40050 (com o conector corretamente instalado);<br \/>\nCiclo de trabalho: 100%.<br \/>\n100% compat\u00edvel com os principais fabricantes.<\/p>\n<p class=\"MsoNormal\">\n<table id=\"tablepress-2\" class=\"tablepress tablepress-id-2 tbody-has-connected-cells\">\n<thead>\n<tr class=\"row-1\">\n\t<th colspan=\"6\" class=\"column-1\"><strong>V\u00e1lvulas de controle direcionais<\/strong><\/th>\n<\/tr>\n<\/thead>\n<tbody class=\"row-striping row-hover\">\n<tr class=\"row-2\">\n\t<td colspan=\"2\" class=\"column-1\"><strong>ATOS<\/strong><\/td><td colspan=\"2\" class=\"column-3\"><strong>BOSCH<\/strong><\/td><td rowspan=\"2\" class=\"column-5\"><strong>ACT<\/strong><\/td><td rowspan=\"2\" class=\"column-6\"><strong>VICKERS<\/strong><\/td>\n<\/tr>\n<tr class=\"row-3\">\n\t<td class=\"column-1\">C\u00f3digo do modelo<\/td><td class=\"column-2\"><\/td><td class=\"column-3\">24 DC<\/td><td class=\"column-4\">230\/50 AC<\/td>\n<\/tr>\n<tr class=\"row-4\">\n\t<td rowspan=\"17\" class=\"column-1\">DHU    DHI     DHE    DHL<\/td><td class=\"column-2\">0630\/2<\/td><td class=\"column-3\">0 810 091 225<\/td><td class=\"column-4\">0 810 091 453<\/td><td class=\"column-5\">4WE6C<\/td><td class=\"column-6\">DG4V-3S-0A<\/td>\n<\/tr>\n<tr class=\"row-5\">\n\t<td class=\"column-2\">0631\/2<\/td><td class=\"column-3\">0 810 091 227<\/td><td class=\"column-4\">0 810 091 456<\/td><td class=\"column-5\">4WE6D<\/td><td class=\"column-6\">DG4V-3S-2A<\/td>\n<\/tr>\n<tr class=\"row-6\">\n\t<td class=\"column-2\">0632\/2<\/td><td class=\"column-3\">0 810 091 251<\/td><td class=\"column-4\">-<\/td><td class=\"column-5\">4WE6A<\/td><td class=\"column-6\">DG4V-3S-22A<\/td>\n<\/tr>\n<tr class=\"row-7\">\n\t<td class=\"column-2\">0610<\/td><td class=\"column-3\">0 810 091 253<\/td><td class=\"column-4\">0 810 091 475<\/td><td class=\"column-5\">4WE6H<\/td><td class=\"column-6\">DG4V-3S-0B<\/td>\n<\/tr>\n<tr class=\"row-8\">\n\t<td class=\"column-2\">0611<\/td><td class=\"column-3\">0 810 091 260<\/td><td class=\"column-4\">0 810 091 479<\/td><td class=\"column-5\">4WE6EA<\/td><td class=\"column-6\">DG4V-3S-2B<\/td>\n<\/tr>\n<tr class=\"row-9\">\n\t<td class=\"column-2\">0613<\/td><td class=\"column-3\">0 810 091 238<\/td><td class=\"column-4\">-<\/td><td class=\"column-5\">4WE6JA<\/td><td class=\"column-6\">DG4V-3S-6B<\/td>\n<\/tr>\n<tr class=\"row-10\">\n\t<td class=\"column-2\">0614<\/td><td class=\"column-3\">0 810 091 233<\/td><td class=\"column-4\">0 810 091 461<\/td><td class=\"column-5\">4WE6GA<\/td><td class=\"column-6\">DG4V-3S-8BL<\/td>\n<\/tr>\n<tr class=\"row-11\">\n\t<td class=\"column-2\">0710<\/td><td class=\"column-3\">0 810 091 201<\/td><td class=\"column-4\">0 810 091 434<\/td><td class=\"column-5\">4WE6H<\/td><td class=\"column-6\">DG4V-3S-0C<\/td>\n<\/tr>\n<tr class=\"row-12\">\n\t<td class=\"column-2\">0711<\/td><td class=\"column-3\">0 810 091 203<\/td><td class=\"column-4\">0 810 091 437<\/td><td class=\"column-5\">4WE6E <\/td><td class=\"column-6\">DG4V-3S-2C<\/td>\n<\/tr>\n<tr class=\"row-13\">\n\t<td class=\"column-2\">0713<\/td><td class=\"column-3\">0 810 091 212<\/td><td class=\"column-4\">0 810 091 442<\/td><td class=\"column-5\">4WE6J<\/td><td class=\"column-6\">DG4V-3S-6C<\/td>\n<\/tr>\n<tr class=\"row-14\">\n\t<td class=\"column-2\">0713\/1<\/td><td class=\"column-3\">0 810 091 240<\/td><td class=\"column-4\">0 810 091 465<\/td><td class=\"column-5\">4WE6W<\/td><td class=\"column-6\">DG4V-3S-33C<\/td>\n<\/tr>\n<tr class=\"row-15\">\n\t<td class=\"column-2\">0714<\/td><td class=\"column-3\">0 810 091 207<\/td><td class=\"column-4\">0 810 091 439<\/td><td class=\"column-5\">4WE6G <\/td><td class=\"column-6\">DG4V-3S-8C<\/td>\n<\/tr>\n<tr class=\"row-16\">\n\t<td class=\"column-2\">0715<\/td><td class=\"column-3\">0 810 091 217<\/td><td class=\"column-4\">0 810 091 446<\/td><td class=\"column-5\">4WE6F<\/td><td class=\"column-6\">-<\/td>\n<\/tr>\n<tr class=\"row-17\">\n\t<td class=\"column-2\">0716<\/td><td class=\"column-3\">0 810 091 246<\/td><td class=\"column-4\">0 810 091 471<\/td><td class=\"column-5\">4WE6L<\/td><td class=\"column-6\">-<\/td>\n<\/tr>\n<tr class=\"row-18\">\n\t<td class=\"column-2\">0717<\/td><td class=\"column-3\">0 810 091 258<\/td><td class=\"column-4\">0 810 091 477<\/td><td class=\"column-5\">4WE6U<\/td><td class=\"column-6\">-<\/td>\n<\/tr>\n<tr class=\"row-19\">\n\t<td class=\"column-2\">0718<\/td><td class=\"column-3\">0 810 091 216<\/td><td class=\"column-4\">0 810 091 444<\/td><td class=\"column-5\">4WE6M<\/td><td class=\"column-6\">DG4V-3S-7C<\/td>\n<\/tr>\n<tr class=\"row-20\">\n\t<td class=\"column-2\">07119<\/td><td class=\"column-3\">0 810 091 284<\/td><td class=\"column-4\">0 810 091 476<\/td><td class=\"column-5\">4WE6R<\/td><td class=\"column-6\">DG4V-3S-52C<\/td>\n<\/tr>\n<tr class=\"row-21\">\n\t<td class=\"column-1\"><\/td><td class=\"column-2\"><\/td><td class=\"column-3\"><\/td><td class=\"column-4\"><\/td><td class=\"column-5\"><\/td><td class=\"column-6\"><\/td>\n<\/tr>\n<tr class=\"row-22\">\n\t<td class=\"column-1\"><\/td><td class=\"column-2\"><\/td><td class=\"column-3\"><\/td><td class=\"column-4\"><\/td><td class=\"column-5\"><\/td><td class=\"column-6\"><\/td>\n<\/tr>\n<\/tbody>\n<\/table>\n<!-- #tablepress-2 from cache --><\/p>\n","protected":false},"excerpt":{"rendered":"<p>A V\u00e1lvula Eletro Hidr\u00e1ulica Direcional 4WE6-MA-60-X-NZ5L \u00e9 uma&nbsp; v\u00e1lvula direcional com 2 posi\u00e7\u00f5es e 4 vias e com carretel centrado por mola.<\/p>\n<p style=\"text-align: center;\"><a class=\"fasc-button fasc-size-medium fasc-type-flat fasc-rounded-medium\" style=\"background-color: #003668; color: #ffffff;\" target=\"_blank\" rel=\"noopener\" href=\"https:\/\/actbr.com.br\/wp-content\/uploads\/2020\/09\/catalogo-4WE6-1.pdf\">Cat\u00e1logo<\/a><\/p>\n","protected":false},"featured_media":9709,"template":"","meta":[],"product_brand":[],"product_cat":[72,46],"product_tag":[],"class_list":{"0":"post-4375","1":"product","2":"type-product","3":"status-publish","4":"has-post-thumbnail","6":"product_cat-eletricas-4we6","7":"product_cat-valvulas-direcionais","9":"first","10":"instock","11":"virtual","12":"product-type-simple"},"yoast_head":"<!-- This site is optimized with the Yoast SEO plugin v27.2 - https:\/\/yoast.com\/product\/yoast-seo-wordpress\/ -->\n<title>V\u00e1lvula direcional hidr\u00e1ulica com acionamento el\u00e9trico 4WE6-MA-60-X-NZ5L - ACT Sistemas Hidr\u00e1ulicos<\/title>\n<meta name=\"description\" content=\"A V\u00e1lvula Eletro Hidr\u00e1ulica Direcional 4WE6-MA-60-X-NZ5L \u00e9 uma\u00a0 v\u00e1lvula direcional com 2 posi\u00e7\u00f5es e 4 vias e com carretel centrado por mola.\" \/>\n<meta name=\"robots\" content=\"index, follow, max-snippet:-1, max-image-preview:large, max-video-preview:-1\" \/>\n<link rel=\"canonical\" href=\"https:\/\/actbr.com.br\/en\/produto\/valvula-direcional-hidraulica-com-acionamento-eletrico-4we6-ma-60-x-nz5l\/\" \/>\n<meta property=\"og:locale\" content=\"en_US\" \/>\n<meta property=\"og:type\" content=\"article\" \/>\n<meta property=\"og:title\" content=\"V\u00e1lvula direcional hidr\u00e1ulica com acionamento el\u00e9trico 4WE6-MA-60-X-NZ5L - ACT Sistemas Hidr\u00e1ulicos\" \/>\n<meta property=\"og:description\" content=\"A V\u00e1lvula Eletro Hidr\u00e1ulica Direcional 4WE6-MA-60-X-NZ5L \u00e9 uma\u00a0 v\u00e1lvula direcional com 2 posi\u00e7\u00f5es e 4 vias e com carretel centrado por mola.\" \/>\n<meta property=\"og:url\" content=\"https:\/\/actbr.com.br\/en\/produto\/valvula-direcional-hidraulica-com-acionamento-eletrico-4we6-ma-60-x-nz5l\/\" \/>\n<meta property=\"og:site_name\" content=\"ACT Sistemas Hidr\u00e1ulicos\" \/>\n<meta property=\"article:modified_time\" content=\"2023-10-17T17:20:13+00:00\" \/>\n<meta property=\"og:image\" content=\"https:\/\/actbr.com.br\/wp-content\/uploads\/2020\/09\/4WE6-MA-60-X-NZ5L.jpg\" \/>\n\t<meta property=\"og:image:width\" content=\"1080\" \/>\n\t<meta property=\"og:image:height\" content=\"1080\" \/>\n\t<meta property=\"og:image:type\" content=\"image\/jpeg\" \/>\n<meta name=\"twitter:card\" content=\"summary_large_image\" \/>\n<meta name=\"twitter:label1\" content=\"Est. reading time\" \/>\n\t<meta name=\"twitter:data1\" content=\"2 minutes\" \/>\n<script type=\"application\/ld+json\" class=\"yoast-schema-graph\">{\"@context\":\"https:\/\/schema.org\",\"@graph\":[{\"@type\":\"WebPage\",\"@id\":\"https:\/\/actbr.com.br\/en\/produto\/valvula-direcional-hidraulica-com-acionamento-eletrico-4we6-ma-60-x-nz5l\/\",\"url\":\"https:\/\/actbr.com.br\/en\/produto\/valvula-direcional-hidraulica-com-acionamento-eletrico-4we6-ma-60-x-nz5l\/\",\"name\":\"V\u00e1lvula direcional hidr\u00e1ulica com acionamento el\u00e9trico 4WE6-MA-60-X-NZ5L - ACT Sistemas Hidr\u00e1ulicos\",\"isPartOf\":{\"@id\":\"https:\/\/actbr.com.br\/en\/#website\"},\"primaryImageOfPage\":{\"@id\":\"https:\/\/actbr.com.br\/en\/produto\/valvula-direcional-hidraulica-com-acionamento-eletrico-4we6-ma-60-x-nz5l\/#primaryimage\"},\"image\":{\"@id\":\"https:\/\/actbr.com.br\/en\/produto\/valvula-direcional-hidraulica-com-acionamento-eletrico-4we6-ma-60-x-nz5l\/#primaryimage\"},\"thumbnailUrl\":\"https:\/\/actbr.com.br\/wp-content\/uploads\/2020\/09\/4WE6-MA-60-X-NZ5L.jpg\",\"datePublished\":\"2020-09-29T15:53:32+00:00\",\"dateModified\":\"2023-10-17T17:20:13+00:00\",\"description\":\"A V\u00e1lvula Eletro Hidr\u00e1ulica Direcional 4WE6-MA-60-X-NZ5L \u00e9 uma\u00a0 v\u00e1lvula direcional com 2 posi\u00e7\u00f5es e 4 vias e com carretel centrado por mola.\",\"breadcrumb\":{\"@id\":\"https:\/\/actbr.com.br\/en\/produto\/valvula-direcional-hidraulica-com-acionamento-eletrico-4we6-ma-60-x-nz5l\/#breadcrumb\"},\"inLanguage\":\"en-US\",\"potentialAction\":[{\"@type\":\"ReadAction\",\"target\":[\"https:\/\/actbr.com.br\/en\/produto\/valvula-direcional-hidraulica-com-acionamento-eletrico-4we6-ma-60-x-nz5l\/\"]}]},{\"@type\":\"ImageObject\",\"inLanguage\":\"en-US\",\"@id\":\"https:\/\/actbr.com.br\/en\/produto\/valvula-direcional-hidraulica-com-acionamento-eletrico-4we6-ma-60-x-nz5l\/#primaryimage\",\"url\":\"https:\/\/actbr.com.br\/wp-content\/uploads\/2020\/09\/4WE6-MA-60-X-NZ5L.jpg\",\"contentUrl\":\"https:\/\/actbr.com.br\/wp-content\/uploads\/2020\/09\/4WE6-MA-60-X-NZ5L.jpg\",\"width\":1080,\"height\":1080},{\"@type\":\"BreadcrumbList\",\"@id\":\"https:\/\/actbr.com.br\/en\/produto\/valvula-direcional-hidraulica-com-acionamento-eletrico-4we6-ma-60-x-nz5l\/#breadcrumb\",\"itemListElement\":[{\"@type\":\"ListItem\",\"position\":1,\"name\":\"In\u00edcio\",\"item\":\"https:\/\/actbr.com.br\/en\/\"},{\"@type\":\"ListItem\",\"position\":2,\"name\":\"Produtos\",\"item\":\"https:\/\/actbr.com.br\/produtos-act\/\"},{\"@type\":\"ListItem\",\"position\":3,\"name\":\"V\u00e1lvulas Direcionais\",\"item\":\"https:\/\/actbr.com.br\/en\/categoria-produto\/valvulas-direcionais\/\"},{\"@type\":\"ListItem\",\"position\":4,\"name\":\"El\u00e9trica - 4WE6\",\"item\":\"https:\/\/actbr.com.br\/en\/categoria-produto\/valvulas-direcionais\/eletricas-4we6\/\"},{\"@type\":\"ListItem\",\"position\":5,\"name\":\"V\u00e1lvula direcional hidr\u00e1ulica com acionamento el\u00e9trico 4WE6-MA-60-X-NZ5L\"}]},{\"@type\":\"WebSite\",\"@id\":\"https:\/\/actbr.com.br\/en\/#website\",\"url\":\"https:\/\/actbr.com.br\/en\/\",\"name\":\"ACT Sistemas Hidr\u00e1ulicos\",\"description\":\"Fabrica\u00e7\u00e3o e manuten\u00e7\u00e3o de componentes \u00f3leo hidr\u00e1ulicos\",\"publisher\":{\"@id\":\"https:\/\/actbr.com.br\/en\/#organization\"},\"potentialAction\":[{\"@type\":\"SearchAction\",\"target\":{\"@type\":\"EntryPoint\",\"urlTemplate\":\"https:\/\/actbr.com.br\/en\/?s={search_term_string}\"},\"query-input\":{\"@type\":\"PropertyValueSpecification\",\"valueRequired\":true,\"valueName\":\"search_term_string\"}}],\"inLanguage\":\"en-US\"},{\"@type\":\"Organization\",\"@id\":\"https:\/\/actbr.com.br\/en\/#organization\",\"name\":\"ACT Sistemas Hidr\u00e1ulicos\",\"url\":\"https:\/\/actbr.com.br\/en\/\",\"logo\":{\"@type\":\"ImageObject\",\"inLanguage\":\"en-US\",\"@id\":\"https:\/\/actbr.com.br\/en\/#\/schema\/logo\/image\/\",\"url\":\"https:\/\/actbr.com.br\/wp-content\/uploads\/2025\/02\/cropped-ACT_NEGATIVO-marca-dagua.png\",\"contentUrl\":\"https:\/\/actbr.com.br\/wp-content\/uploads\/2025\/02\/cropped-ACT_NEGATIVO-marca-dagua.png\",\"width\":240,\"height\":146,\"caption\":\"ACT Sistemas Hidr\u00e1ulicos\"},\"image\":{\"@id\":\"https:\/\/actbr.com.br\/en\/#\/schema\/logo\/image\/\"}}]}<\/script>\n<!-- \/ Yoast SEO plugin. -->","yoast_head_json":{"title":"V\u00e1lvula direcional hidr\u00e1ulica com acionamento el\u00e9trico 4WE6-MA-60-X-NZ5L - ACT Sistemas Hidr\u00e1ulicos","description":"A V\u00e1lvula Eletro Hidr\u00e1ulica Direcional 4WE6-MA-60-X-NZ5L \u00e9 uma\u00a0 v\u00e1lvula direcional com 2 posi\u00e7\u00f5es e 4 vias e com carretel centrado por mola.","robots":{"index":"index","follow":"follow","max-snippet":"max-snippet:-1","max-image-preview":"max-image-preview:large","max-video-preview":"max-video-preview:-1"},"canonical":"https:\/\/actbr.com.br\/en\/produto\/valvula-direcional-hidraulica-com-acionamento-eletrico-4we6-ma-60-x-nz5l\/","og_locale":"en_US","og_type":"article","og_title":"V\u00e1lvula direcional hidr\u00e1ulica com acionamento el\u00e9trico 4WE6-MA-60-X-NZ5L - ACT Sistemas Hidr\u00e1ulicos","og_description":"A V\u00e1lvula Eletro Hidr\u00e1ulica Direcional 4WE6-MA-60-X-NZ5L \u00e9 uma\u00a0 v\u00e1lvula direcional com 2 posi\u00e7\u00f5es e 4 vias e com carretel centrado por mola.","og_url":"https:\/\/actbr.com.br\/en\/produto\/valvula-direcional-hidraulica-com-acionamento-eletrico-4we6-ma-60-x-nz5l\/","og_site_name":"ACT Sistemas Hidr\u00e1ulicos","article_modified_time":"2023-10-17T17:20:13+00:00","og_image":[{"width":1080,"height":1080,"url":"https:\/\/actbr.com.br\/wp-content\/uploads\/2020\/09\/4WE6-MA-60-X-NZ5L.jpg","type":"image\/jpeg"}],"twitter_card":"summary_large_image","twitter_misc":{"Est. reading time":"2 minutes"},"schema":{"@context":"https:\/\/schema.org","@graph":[{"@type":"WebPage","@id":"https:\/\/actbr.com.br\/en\/produto\/valvula-direcional-hidraulica-com-acionamento-eletrico-4we6-ma-60-x-nz5l\/","url":"https:\/\/actbr.com.br\/en\/produto\/valvula-direcional-hidraulica-com-acionamento-eletrico-4we6-ma-60-x-nz5l\/","name":"V\u00e1lvula direcional hidr\u00e1ulica com acionamento el\u00e9trico 4WE6-MA-60-X-NZ5L - ACT Sistemas Hidr\u00e1ulicos","isPartOf":{"@id":"https:\/\/actbr.com.br\/en\/#website"},"primaryImageOfPage":{"@id":"https:\/\/actbr.com.br\/en\/produto\/valvula-direcional-hidraulica-com-acionamento-eletrico-4we6-ma-60-x-nz5l\/#primaryimage"},"image":{"@id":"https:\/\/actbr.com.br\/en\/produto\/valvula-direcional-hidraulica-com-acionamento-eletrico-4we6-ma-60-x-nz5l\/#primaryimage"},"thumbnailUrl":"https:\/\/actbr.com.br\/wp-content\/uploads\/2020\/09\/4WE6-MA-60-X-NZ5L.jpg","datePublished":"2020-09-29T15:53:32+00:00","dateModified":"2023-10-17T17:20:13+00:00","description":"A V\u00e1lvula Eletro Hidr\u00e1ulica Direcional 4WE6-MA-60-X-NZ5L \u00e9 uma\u00a0 v\u00e1lvula direcional com 2 posi\u00e7\u00f5es e 4 vias e com carretel centrado por mola.","breadcrumb":{"@id":"https:\/\/actbr.com.br\/en\/produto\/valvula-direcional-hidraulica-com-acionamento-eletrico-4we6-ma-60-x-nz5l\/#breadcrumb"},"inLanguage":"en-US","potentialAction":[{"@type":"ReadAction","target":["https:\/\/actbr.com.br\/en\/produto\/valvula-direcional-hidraulica-com-acionamento-eletrico-4we6-ma-60-x-nz5l\/"]}]},{"@type":"ImageObject","inLanguage":"en-US","@id":"https:\/\/actbr.com.br\/en\/produto\/valvula-direcional-hidraulica-com-acionamento-eletrico-4we6-ma-60-x-nz5l\/#primaryimage","url":"https:\/\/actbr.com.br\/wp-content\/uploads\/2020\/09\/4WE6-MA-60-X-NZ5L.jpg","contentUrl":"https:\/\/actbr.com.br\/wp-content\/uploads\/2020\/09\/4WE6-MA-60-X-NZ5L.jpg","width":1080,"height":1080},{"@type":"BreadcrumbList","@id":"https:\/\/actbr.com.br\/en\/produto\/valvula-direcional-hidraulica-com-acionamento-eletrico-4we6-ma-60-x-nz5l\/#breadcrumb","itemListElement":[{"@type":"ListItem","position":1,"name":"In\u00edcio","item":"https:\/\/actbr.com.br\/en\/"},{"@type":"ListItem","position":2,"name":"Produtos","item":"https:\/\/actbr.com.br\/produtos-act\/"},{"@type":"ListItem","position":3,"name":"V\u00e1lvulas Direcionais","item":"https:\/\/actbr.com.br\/en\/categoria-produto\/valvulas-direcionais\/"},{"@type":"ListItem","position":4,"name":"El\u00e9trica - 4WE6","item":"https:\/\/actbr.com.br\/en\/categoria-produto\/valvulas-direcionais\/eletricas-4we6\/"},{"@type":"ListItem","position":5,"name":"V\u00e1lvula direcional hidr\u00e1ulica com acionamento el\u00e9trico 4WE6-MA-60-X-NZ5L"}]},{"@type":"WebSite","@id":"https:\/\/actbr.com.br\/en\/#website","url":"https:\/\/actbr.com.br\/en\/","name":"ACT Sistemas Hidr\u00e1ulicos","description":"Fabrica\u00e7\u00e3o e manuten\u00e7\u00e3o de componentes \u00f3leo hidr\u00e1ulicos","publisher":{"@id":"https:\/\/actbr.com.br\/en\/#organization"},"potentialAction":[{"@type":"SearchAction","target":{"@type":"EntryPoint","urlTemplate":"https:\/\/actbr.com.br\/en\/?s={search_term_string}"},"query-input":{"@type":"PropertyValueSpecification","valueRequired":true,"valueName":"search_term_string"}}],"inLanguage":"en-US"},{"@type":"Organization","@id":"https:\/\/actbr.com.br\/en\/#organization","name":"ACT Sistemas Hidr\u00e1ulicos","url":"https:\/\/actbr.com.br\/en\/","logo":{"@type":"ImageObject","inLanguage":"en-US","@id":"https:\/\/actbr.com.br\/en\/#\/schema\/logo\/image\/","url":"https:\/\/actbr.com.br\/wp-content\/uploads\/2025\/02\/cropped-ACT_NEGATIVO-marca-dagua.png","contentUrl":"https:\/\/actbr.com.br\/wp-content\/uploads\/2025\/02\/cropped-ACT_NEGATIVO-marca-dagua.png","width":240,"height":146,"caption":"ACT Sistemas Hidr\u00e1ulicos"},"image":{"@id":"https:\/\/actbr.com.br\/en\/#\/schema\/logo\/image\/"}}]}},"_links":{"self":[{"href":"https:\/\/actbr.com.br\/en\/wp-json\/wp\/v2\/product\/4375","targetHints":{"allow":["GET"]}}],"collection":[{"href":"https:\/\/actbr.com.br\/en\/wp-json\/wp\/v2\/product"}],"about":[{"href":"https:\/\/actbr.com.br\/en\/wp-json\/wp\/v2\/types\/product"}],"wp:featuredmedia":[{"embeddable":true,"href":"https:\/\/actbr.com.br\/en\/wp-json\/wp\/v2\/media\/9709"}],"wp:attachment":[{"href":"https:\/\/actbr.com.br\/en\/wp-json\/wp\/v2\/media?parent=4375"}],"wp:term":[{"taxonomy":"product_brand","embeddable":true,"href":"https:\/\/actbr.com.br\/en\/wp-json\/wp\/v2\/product_brand?post=4375"},{"taxonomy":"product_cat","embeddable":true,"href":"https:\/\/actbr.com.br\/en\/wp-json\/wp\/v2\/product_cat?post=4375"},{"taxonomy":"product_tag","embeddable":true,"href":"https:\/\/actbr.com.br\/en\/wp-json\/wp\/v2\/product_tag?post=4375"}],"curies":[{"name":"wp","href":"https:\/\/api.w.org\/{rel}","templated":true}]}}