{"id":4464,"date":"2020-09-29T12:55:00","date_gmt":"2020-09-29T15:55:00","guid":{"rendered":"https:\/\/actbr.com.br\/produto\/valvula-de-retencao-em-linha-s8a3-anti-retorno\/"},"modified":"2023-10-20T09:13:39","modified_gmt":"2023-10-20T12:13:39","slug":"valvula-de-retencao-simples-em-linha-s8a3","status":"publish","type":"product","link":"https:\/\/actbr.com.br\/en\/produto\/valvula-de-retencao-simples-em-linha-s8a3\/","title":{"rendered":"V\u00e1lvula de Reten\u00e7\u00e3o Simples em Linha S8A3"},"content":{"rendered":"<p><strong>V\u00e1lvula de Reten\u00e7\u00e3o em Linha S8A3 (antirretorno)<\/strong><\/p>\n<p>A V\u00e1lvula de Reten\u00e7\u00e3o em Linha S8A3 (antirretorno) \u00e9 uma v\u00e1lvula de bloqueio, que permite o fluxo em um sentido e o bloqueia no sentido contr\u00e1rio. S\u00e3o v\u00e1lvulas que atendem a norma DIN ISO 1219 para instala\u00e7\u00f5es \u00f3leo hidr\u00e1ulicas.<\/p>\n<p>As v\u00e1lvulas de reten\u00e7\u00e3o ACT (vers\u00e3o S8A3) s\u00e3o v\u00e1lvulas de assento c\u00f4nico com carga de mola. Elas comp\u00f5em-se principalmente de uma carca\u00e7a com assento de v\u00e1lvula integrado, de um cone de fechamento temperado e retificado, e da mola de compress\u00e3o.<\/p>\n<p>O cone de fechamento \u00e9 pressionado sobre o assento da v\u00e1lvula atrav\u00e9s da mola de compress\u00e3o, e bloqueia desta forma a conex\u00e3o A da conex\u00e3o B. A v\u00e1lvula abre, quando a press\u00e3o na conex\u00e3o B for maior do que a press\u00e3o na conex\u00e3o A, inclusive a press\u00e3o de abertura produzida pela for\u00e7a da mola.<\/p>\n<p>Para V\u00e1lvulas de Reten\u00e7\u00e3o (v\u00e1lvula antirretorno) sem mola, a posi\u00e7\u00e3o fixa deve garantir que o poppet permane\u00e7a na posi\u00e7\u00e3o fechada.<\/p>\n<p><strong>Caracter\u00edsticas t\u00e9cnicas:<\/strong><br \/>\nTamanho: 8;<br \/>\nPeso: 0,29kg;<br \/>\nCrack mola de press\u00e3o: 3 bar;<br \/>\nM\u00e1xima press\u00e3o: 315Bar;<br \/>\nM\u00e1xima Vaz\u00e3o: 30 l\/pm;<br \/>\nP\u00f3rticos: Rosca G 3\/8 F\u00eamea;<br \/>\nFluido compat\u00edvel: \u00d3leo mineral e \u00c9ster fosfato;<br \/>\nTemperatura de Trabalho: -30 at\u00e9 +80 \u00b0C;<br \/>\nRange de Viscosidade: 2.8 at\u00e9 500 mm2\/s;<br \/>\nPosi\u00e7\u00e3o de instala\u00e7\u00e3o: Opcional a aplica\u00e7\u00e3o do cliente;<br \/>\nGrau de Contamina\u00e7\u00e3o: Grau m\u00e1ximo permitido de contamina\u00e7\u00e3o de fluidos: Classe 9. NAS 1638 ou 20\/18\/15, ISO4406;<br \/>\nVeda\u00e7\u00f5es: NBR.<\/p>\n<p><strong>Aplica\u00e7\u00f5es:<\/strong><br \/>\nProteger o equipamento contra danos no refluxo;<br \/>\nFornecer al\u00edvio de press\u00e3o para a seguran\u00e7a do sistema;<br \/>\nImpedir a contamina\u00e7\u00e3o por refluxo.<\/p>\n<p>As V\u00e1lvulas de Reten\u00e7\u00e3o (v\u00e1lvulas antirretorno) ACT s\u00e3o intercambi\u00e1veis com os modelos Bosch Rexroth, Hydac, Argo-Hytos, Parker Hannifin, dispon\u00edveis nos tamanhos S6A*, S8A*, S10A*, S15A*, S20A*, S25A*, S30A* e disponibilidade de molas de 0 bar (sem mola) at\u00e9 5 bar.<\/p>\n\n<table id=\"tablepress-12\" class=\"tablepress tablepress-id-12 tbody-has-connected-cells\">\n<thead>\n<tr class=\"row-1\">\n\t<th colspan=\"6\" class=\"column-1\"><strong>V\u00e1lvulas Convencionais <\/strong><\/th>\n<\/tr>\n<\/thead>\n<tbody class=\"row-striping row-hover\">\n<tr class=\"row-2\">\n\t<td colspan=\"2\" class=\"column-1\"><strong>ATOS<\/strong><\/td><td rowspan=\"2\" class=\"column-3\"><strong>BOSCH<\/strong><\/td><td rowspan=\"2\" class=\"column-4\"><strong>ACT (S) <\/strong><\/td><td rowspan=\"2\" class=\"column-5\"><strong> ACT (H) <\/strong><\/td><td rowspan=\"2\" class=\"column-6\"><strong>VICKERS<\/strong><\/td>\n<\/tr>\n<tr class=\"row-3\">\n\t<td class=\"column-1\"><strong>C\u00f3digo do Modelo<\/strong><\/td><td class=\"column-2\"><strong><\/strong><\/td>\n<\/tr>\n<tr class=\"row-4\">\n\t<td rowspan=\"6\" class=\"column-1\">ADR<\/td><td class=\"column-2\">06<\/td><td class=\"column-3\">0 532 400 001<\/td><td class=\"column-4\">S6A1 <\/td><td class=\"column-5\">HG-G1\/4 <\/td><td class=\"column-6\">DT8P1-02-*-10-UB<\/td>\n<\/tr>\n<tr class=\"row-5\">\n\t<td class=\"column-2\">10<\/td><td class=\"column-3\">-<\/td><td class=\"column-4\">S8A1 <\/td><td class=\"column-5\">HG-G3\/8 <\/td><td class=\"column-6\">DT8P1-03-*-10-UB<\/td>\n<\/tr>\n<tr class=\"row-6\">\n\t<td class=\"column-2\">15<\/td><td class=\"column-3\">-<\/td><td class=\"column-4\">S10A1 <\/td><td class=\"column-5\">HG-G1\/2 <\/td><td class=\"column-6\">-<\/td>\n<\/tr>\n<tr class=\"row-7\">\n\t<td class=\"column-2\">20<\/td><td class=\"column-3\">-<\/td><td class=\"column-4\">S15A1<\/td><td class=\"column-5\">HG-G3\/4 <\/td><td class=\"column-6\">DT8P1-06-*-11-UNB<\/td>\n<\/tr>\n<tr class=\"row-8\">\n\t<td class=\"column-2\">25<\/td><td class=\"column-3\">-<\/td><td class=\"column-4\">S20A1<\/td><td class=\"column-5\">HG-G1 <\/td><td class=\"column-6\">-<\/td>\n<\/tr>\n<tr class=\"row-9\">\n\t<td class=\"column-2\">32<\/td><td class=\"column-3\">-<\/td><td class=\"column-4\">S25A1<\/td><td class=\"column-5\">HG-G 1 1\/4 <\/td><td class=\"column-6\">DT8P1-10-*-11-UNB<\/td>\n<\/tr>\n<tr class=\"row-10\">\n\t<td class=\"column-1\"><\/td><td class=\"column-2\"><\/td><td class=\"column-3\"><\/td><td class=\"column-4\">S30A1<\/td><td class=\"column-5\">HG-G 1 1\/2 <\/td><td class=\"column-6\"><\/td>\n<\/tr>\n<tr class=\"row-11\">\n\t<td class=\"column-1\"><\/td><td class=\"column-2\"><\/td><td class=\"column-3\"><\/td><td class=\"column-4\"><\/td><td class=\"column-5\">HG-G 2<\/td><td class=\"column-6\"><\/td>\n<\/tr>\n<tr class=\"row-12\">\n\t<td class=\"column-1\"><\/td><td class=\"column-2\"><\/td><td class=\"column-3\"><\/td><td class=\"column-4\"><\/td><td class=\"column-5\"><\/td><td class=\"column-6\"><\/td>\n<\/tr>\n<tr class=\"row-13\">\n\t<td class=\"column-1\"><\/td><td class=\"column-2\"><\/td><td class=\"column-3\"><\/td><td class=\"column-4\"><\/td><td class=\"column-5\"><\/td><td class=\"column-6\"><\/td>\n<\/tr>\n<\/tbody>\n<\/table>\n<!-- #tablepress-12 from cache -->\n","protected":false},"excerpt":{"rendered":"<p>A V\u00e1lvula de Reten\u00e7\u00e3o em Linha S8A3 (antirretorno) \u00e9 uma v\u00e1lvula de bloqueio, que permite o fluxo em um sentido e o bloqueia no sentido contr\u00e1rio.<\/p>\n","protected":false},"featured_media":8259,"template":"","meta":[],"product_brand":[],"product_cat":[125,50],"product_tag":[],"class_list":{"0":"post-4464","1":"product","2":"type-product","3":"status-publish","4":"has-post-thumbnail","6":"product_cat-retencao-em-linha-tipo-s","7":"product_cat-valvulas-em-linha","9":"first","10":"instock","11":"virtual","12":"product-type-simple"},"yoast_head":"<!-- This site is optimized with the Yoast SEO plugin v27.2 - https:\/\/yoast.com\/product\/yoast-seo-wordpress\/ -->\n<title>V\u00e1lvula de Reten\u00e7\u00e3o Simples em Linha S8A3 - ACT Sistemas Hidr\u00e1ulicos<\/title>\n<meta name=\"description\" content=\"A V\u00e1lvula de Reten\u00e7\u00e3o em Linha S8A3 (antirretorno) \u00e9 uma v\u00e1lvula de bloqueio, que permite o fluxo em um sentido e o bloqueia no sentido contr\u00e1rio.\" \/>\n<meta name=\"robots\" content=\"index, follow, max-snippet:-1, max-image-preview:large, max-video-preview:-1\" \/>\n<link rel=\"canonical\" href=\"https:\/\/actbr.com.br\/en\/produto\/valvula-de-retencao-simples-em-linha-s8a3\/\" \/>\n<meta property=\"og:locale\" content=\"en_US\" \/>\n<meta property=\"og:type\" content=\"article\" \/>\n<meta property=\"og:title\" content=\"V\u00e1lvula de Reten\u00e7\u00e3o Simples em Linha S8A3 - ACT Sistemas Hidr\u00e1ulicos\" \/>\n<meta property=\"og:description\" content=\"A V\u00e1lvula de Reten\u00e7\u00e3o em Linha S8A3 (antirretorno) \u00e9 uma v\u00e1lvula de bloqueio, que permite o fluxo em um sentido e o bloqueia no sentido contr\u00e1rio.\" \/>\n<meta property=\"og:url\" content=\"https:\/\/actbr.com.br\/en\/produto\/valvula-de-retencao-simples-em-linha-s8a3\/\" \/>\n<meta property=\"og:site_name\" content=\"ACT Sistemas Hidr\u00e1ulicos\" \/>\n<meta property=\"article:modified_time\" content=\"2023-10-20T12:13:39+00:00\" \/>\n<meta property=\"og:image\" content=\"https:\/\/actbr.com.br\/wp-content\/uploads\/2020\/09\/Tipo-S.jpg\" \/>\n\t<meta property=\"og:image:width\" content=\"800\" \/>\n\t<meta property=\"og:image:height\" content=\"550\" \/>\n\t<meta property=\"og:image:type\" content=\"image\/jpeg\" \/>\n<meta name=\"twitter:card\" content=\"summary_large_image\" \/>\n<meta name=\"twitter:label1\" content=\"Est. reading time\" \/>\n\t<meta name=\"twitter:data1\" content=\"2 minutes\" \/>\n<script type=\"application\/ld+json\" class=\"yoast-schema-graph\">{\"@context\":\"https:\/\/schema.org\",\"@graph\":[{\"@type\":\"WebPage\",\"@id\":\"https:\/\/actbr.com.br\/en\/produto\/valvula-de-retencao-simples-em-linha-s8a3\/\",\"url\":\"https:\/\/actbr.com.br\/en\/produto\/valvula-de-retencao-simples-em-linha-s8a3\/\",\"name\":\"V\u00e1lvula de Reten\u00e7\u00e3o Simples em Linha S8A3 - ACT Sistemas Hidr\u00e1ulicos\",\"isPartOf\":{\"@id\":\"https:\/\/actbr.com.br\/en\/#website\"},\"primaryImageOfPage\":{\"@id\":\"https:\/\/actbr.com.br\/en\/produto\/valvula-de-retencao-simples-em-linha-s8a3\/#primaryimage\"},\"image\":{\"@id\":\"https:\/\/actbr.com.br\/en\/produto\/valvula-de-retencao-simples-em-linha-s8a3\/#primaryimage\"},\"thumbnailUrl\":\"https:\/\/actbr.com.br\/wp-content\/uploads\/2020\/09\/Tipo-S.jpg\",\"datePublished\":\"2020-09-29T15:55:00+00:00\",\"dateModified\":\"2023-10-20T12:13:39+00:00\",\"description\":\"A V\u00e1lvula de Reten\u00e7\u00e3o em Linha S8A3 (antirretorno) \u00e9 uma v\u00e1lvula de bloqueio, que permite o fluxo em um sentido e o bloqueia no sentido contr\u00e1rio.\",\"breadcrumb\":{\"@id\":\"https:\/\/actbr.com.br\/en\/produto\/valvula-de-retencao-simples-em-linha-s8a3\/#breadcrumb\"},\"inLanguage\":\"en-US\",\"potentialAction\":[{\"@type\":\"ReadAction\",\"target\":[\"https:\/\/actbr.com.br\/en\/produto\/valvula-de-retencao-simples-em-linha-s8a3\/\"]}]},{\"@type\":\"ImageObject\",\"inLanguage\":\"en-US\",\"@id\":\"https:\/\/actbr.com.br\/en\/produto\/valvula-de-retencao-simples-em-linha-s8a3\/#primaryimage\",\"url\":\"https:\/\/actbr.com.br\/wp-content\/uploads\/2020\/09\/Tipo-S.jpg\",\"contentUrl\":\"https:\/\/actbr.com.br\/wp-content\/uploads\/2020\/09\/Tipo-S.jpg\",\"width\":800,\"height\":550,\"caption\":\"V\u00e1lvula de Reten\u00e7\u00e3o em Linha Tipo S (antirretorno)\"},{\"@type\":\"BreadcrumbList\",\"@id\":\"https:\/\/actbr.com.br\/en\/produto\/valvula-de-retencao-simples-em-linha-s8a3\/#breadcrumb\",\"itemListElement\":[{\"@type\":\"ListItem\",\"position\":1,\"name\":\"In\u00edcio\",\"item\":\"https:\/\/actbr.com.br\/en\/\"},{\"@type\":\"ListItem\",\"position\":2,\"name\":\"Produtos\",\"item\":\"https:\/\/actbr.com.br\/produtos-act\/\"},{\"@type\":\"ListItem\",\"position\":3,\"name\":\"V\u00e1lvulas em Linha\",\"item\":\"https:\/\/actbr.com.br\/en\/categoria-produto\/valvulas-em-linha\/\"},{\"@type\":\"ListItem\",\"position\":4,\"name\":\"Reten\u00e7\u00e3o Em Linha - Tipo S\",\"item\":\"https:\/\/actbr.com.br\/en\/categoria-produto\/valvulas-em-linha\/retencao-em-linha-tipo-s\/\"},{\"@type\":\"ListItem\",\"position\":5,\"name\":\"V\u00e1lvula de Reten\u00e7\u00e3o Simples em Linha S8A3\"}]},{\"@type\":\"WebSite\",\"@id\":\"https:\/\/actbr.com.br\/en\/#website\",\"url\":\"https:\/\/actbr.com.br\/en\/\",\"name\":\"ACT Sistemas Hidr\u00e1ulicos\",\"description\":\"Fabrica\u00e7\u00e3o e manuten\u00e7\u00e3o de componentes \u00f3leo hidr\u00e1ulicos\",\"publisher\":{\"@id\":\"https:\/\/actbr.com.br\/en\/#organization\"},\"potentialAction\":[{\"@type\":\"SearchAction\",\"target\":{\"@type\":\"EntryPoint\",\"urlTemplate\":\"https:\/\/actbr.com.br\/en\/?s={search_term_string}\"},\"query-input\":{\"@type\":\"PropertyValueSpecification\",\"valueRequired\":true,\"valueName\":\"search_term_string\"}}],\"inLanguage\":\"en-US\"},{\"@type\":\"Organization\",\"@id\":\"https:\/\/actbr.com.br\/en\/#organization\",\"name\":\"ACT Sistemas Hidr\u00e1ulicos\",\"url\":\"https:\/\/actbr.com.br\/en\/\",\"logo\":{\"@type\":\"ImageObject\",\"inLanguage\":\"en-US\",\"@id\":\"https:\/\/actbr.com.br\/en\/#\/schema\/logo\/image\/\",\"url\":\"https:\/\/actbr.com.br\/wp-content\/uploads\/2025\/02\/cropped-ACT_NEGATIVO-marca-dagua.png\",\"contentUrl\":\"https:\/\/actbr.com.br\/wp-content\/uploads\/2025\/02\/cropped-ACT_NEGATIVO-marca-dagua.png\",\"width\":240,\"height\":146,\"caption\":\"ACT Sistemas Hidr\u00e1ulicos\"},\"image\":{\"@id\":\"https:\/\/actbr.com.br\/en\/#\/schema\/logo\/image\/\"}}]}<\/script>\n<!-- \/ Yoast SEO plugin. -->","yoast_head_json":{"title":"V\u00e1lvula de Reten\u00e7\u00e3o Simples em Linha S8A3 - ACT Sistemas Hidr\u00e1ulicos","description":"A V\u00e1lvula de Reten\u00e7\u00e3o em Linha S8A3 (antirretorno) \u00e9 uma v\u00e1lvula de bloqueio, que permite o fluxo em um sentido e o bloqueia no sentido contr\u00e1rio.","robots":{"index":"index","follow":"follow","max-snippet":"max-snippet:-1","max-image-preview":"max-image-preview:large","max-video-preview":"max-video-preview:-1"},"canonical":"https:\/\/actbr.com.br\/en\/produto\/valvula-de-retencao-simples-em-linha-s8a3\/","og_locale":"en_US","og_type":"article","og_title":"V\u00e1lvula de Reten\u00e7\u00e3o Simples em Linha S8A3 - ACT Sistemas Hidr\u00e1ulicos","og_description":"A V\u00e1lvula de Reten\u00e7\u00e3o em Linha S8A3 (antirretorno) \u00e9 uma v\u00e1lvula de bloqueio, que permite o fluxo em um sentido e o bloqueia no sentido contr\u00e1rio.","og_url":"https:\/\/actbr.com.br\/en\/produto\/valvula-de-retencao-simples-em-linha-s8a3\/","og_site_name":"ACT Sistemas Hidr\u00e1ulicos","article_modified_time":"2023-10-20T12:13:39+00:00","og_image":[{"width":800,"height":550,"url":"https:\/\/actbr.com.br\/wp-content\/uploads\/2020\/09\/Tipo-S.jpg","type":"image\/jpeg"}],"twitter_card":"summary_large_image","twitter_misc":{"Est. reading time":"2 minutes"},"schema":{"@context":"https:\/\/schema.org","@graph":[{"@type":"WebPage","@id":"https:\/\/actbr.com.br\/en\/produto\/valvula-de-retencao-simples-em-linha-s8a3\/","url":"https:\/\/actbr.com.br\/en\/produto\/valvula-de-retencao-simples-em-linha-s8a3\/","name":"V\u00e1lvula de Reten\u00e7\u00e3o Simples em Linha S8A3 - ACT Sistemas Hidr\u00e1ulicos","isPartOf":{"@id":"https:\/\/actbr.com.br\/en\/#website"},"primaryImageOfPage":{"@id":"https:\/\/actbr.com.br\/en\/produto\/valvula-de-retencao-simples-em-linha-s8a3\/#primaryimage"},"image":{"@id":"https:\/\/actbr.com.br\/en\/produto\/valvula-de-retencao-simples-em-linha-s8a3\/#primaryimage"},"thumbnailUrl":"https:\/\/actbr.com.br\/wp-content\/uploads\/2020\/09\/Tipo-S.jpg","datePublished":"2020-09-29T15:55:00+00:00","dateModified":"2023-10-20T12:13:39+00:00","description":"A V\u00e1lvula de Reten\u00e7\u00e3o em Linha S8A3 (antirretorno) \u00e9 uma v\u00e1lvula de bloqueio, que permite o fluxo em um sentido e o bloqueia no sentido contr\u00e1rio.","breadcrumb":{"@id":"https:\/\/actbr.com.br\/en\/produto\/valvula-de-retencao-simples-em-linha-s8a3\/#breadcrumb"},"inLanguage":"en-US","potentialAction":[{"@type":"ReadAction","target":["https:\/\/actbr.com.br\/en\/produto\/valvula-de-retencao-simples-em-linha-s8a3\/"]}]},{"@type":"ImageObject","inLanguage":"en-US","@id":"https:\/\/actbr.com.br\/en\/produto\/valvula-de-retencao-simples-em-linha-s8a3\/#primaryimage","url":"https:\/\/actbr.com.br\/wp-content\/uploads\/2020\/09\/Tipo-S.jpg","contentUrl":"https:\/\/actbr.com.br\/wp-content\/uploads\/2020\/09\/Tipo-S.jpg","width":800,"height":550,"caption":"V\u00e1lvula de Reten\u00e7\u00e3o em Linha Tipo S (antirretorno)"},{"@type":"BreadcrumbList","@id":"https:\/\/actbr.com.br\/en\/produto\/valvula-de-retencao-simples-em-linha-s8a3\/#breadcrumb","itemListElement":[{"@type":"ListItem","position":1,"name":"In\u00edcio","item":"https:\/\/actbr.com.br\/en\/"},{"@type":"ListItem","position":2,"name":"Produtos","item":"https:\/\/actbr.com.br\/produtos-act\/"},{"@type":"ListItem","position":3,"name":"V\u00e1lvulas em Linha","item":"https:\/\/actbr.com.br\/en\/categoria-produto\/valvulas-em-linha\/"},{"@type":"ListItem","position":4,"name":"Reten\u00e7\u00e3o Em Linha - Tipo S","item":"https:\/\/actbr.com.br\/en\/categoria-produto\/valvulas-em-linha\/retencao-em-linha-tipo-s\/"},{"@type":"ListItem","position":5,"name":"V\u00e1lvula de Reten\u00e7\u00e3o Simples em Linha S8A3"}]},{"@type":"WebSite","@id":"https:\/\/actbr.com.br\/en\/#website","url":"https:\/\/actbr.com.br\/en\/","name":"ACT Sistemas Hidr\u00e1ulicos","description":"Fabrica\u00e7\u00e3o e manuten\u00e7\u00e3o de componentes \u00f3leo hidr\u00e1ulicos","publisher":{"@id":"https:\/\/actbr.com.br\/en\/#organization"},"potentialAction":[{"@type":"SearchAction","target":{"@type":"EntryPoint","urlTemplate":"https:\/\/actbr.com.br\/en\/?s={search_term_string}"},"query-input":{"@type":"PropertyValueSpecification","valueRequired":true,"valueName":"search_term_string"}}],"inLanguage":"en-US"},{"@type":"Organization","@id":"https:\/\/actbr.com.br\/en\/#organization","name":"ACT Sistemas Hidr\u00e1ulicos","url":"https:\/\/actbr.com.br\/en\/","logo":{"@type":"ImageObject","inLanguage":"en-US","@id":"https:\/\/actbr.com.br\/en\/#\/schema\/logo\/image\/","url":"https:\/\/actbr.com.br\/wp-content\/uploads\/2025\/02\/cropped-ACT_NEGATIVO-marca-dagua.png","contentUrl":"https:\/\/actbr.com.br\/wp-content\/uploads\/2025\/02\/cropped-ACT_NEGATIVO-marca-dagua.png","width":240,"height":146,"caption":"ACT Sistemas Hidr\u00e1ulicos"},"image":{"@id":"https:\/\/actbr.com.br\/en\/#\/schema\/logo\/image\/"}}]}},"_links":{"self":[{"href":"https:\/\/actbr.com.br\/en\/wp-json\/wp\/v2\/product\/4464","targetHints":{"allow":["GET"]}}],"collection":[{"href":"https:\/\/actbr.com.br\/en\/wp-json\/wp\/v2\/product"}],"about":[{"href":"https:\/\/actbr.com.br\/en\/wp-json\/wp\/v2\/types\/product"}],"wp:featuredmedia":[{"embeddable":true,"href":"https:\/\/actbr.com.br\/en\/wp-json\/wp\/v2\/media\/8259"}],"wp:attachment":[{"href":"https:\/\/actbr.com.br\/en\/wp-json\/wp\/v2\/media?parent=4464"}],"wp:term":[{"taxonomy":"product_brand","embeddable":true,"href":"https:\/\/actbr.com.br\/en\/wp-json\/wp\/v2\/product_brand?post=4464"},{"taxonomy":"product_cat","embeddable":true,"href":"https:\/\/actbr.com.br\/en\/wp-json\/wp\/v2\/product_cat?post=4464"},{"taxonomy":"product_tag","embeddable":true,"href":"https:\/\/actbr.com.br\/en\/wp-json\/wp\/v2\/product_tag?post=4464"}],"curies":[{"name":"wp","href":"https:\/\/api.w.org\/{rel}","templated":true}]}}