{"id":4569,"date":"2020-09-29T12:56:26","date_gmt":"2020-09-29T15:56:26","guid":{"rendered":"https:\/\/actbr.com.br\/produto\/valvula-de-retencao-em-linha-adr-15-3-anti-retorno\/"},"modified":"2023-10-11T08:26:44","modified_gmt":"2023-10-11T11:26:44","slug":"valvula-de-retencao-simples-em-linha-adr-15-4","status":"publish","type":"product","link":"https:\/\/actbr.com.br\/en\/produto\/valvula-de-retencao-simples-em-linha-adr-15-4\/","title":{"rendered":"V\u00e1lvula de Reten\u00e7\u00e3o Simples em Linha ADR-15\/4"},"content":{"rendered":"<p><strong>V\u00e1lvula de Reten\u00e7\u00e3o em Linha ADR-15\/4 (antirretorno)<\/strong><\/p>\n<p>A V\u00e1lvula de Reten\u00e7\u00e3o em Linha ADR-15\/4 (antirretorno) \u00e9 uma v\u00e1lvula de bloqueio, que permite o fluxo em um sentido e o bloqueia no sentido contr\u00e1rio. Ela atende \u00e0s\u00a0determina\u00e7\u00f5es da norma DIN ISO 1219 para instala\u00e7\u00f5es \u00f3leo hidr\u00e1ulicas.<\/p>\n<p>As v\u00e1lvulas de reten\u00e7\u00e3o Atos (vers\u00e3o ADR-15\/4) s\u00e3o v\u00e1lvulas de assento c\u00f4nico com carga de mola. Elas comp\u00f5em-se principalmente de uma carca\u00e7a com assento de v\u00e1lvula integrado, de um cone de fechamento temperado e retificado, e da mola de compress\u00e3o.<\/p>\n<p>O cone de fechamento \u00e9 pressionado sobre o assento da v\u00e1lvula atrav\u00e9s da mola de compress\u00e3o, e bloqueia desta forma a conex\u00e3o A da conex\u00e3o B. A v\u00e1lvula abre, quando a press\u00e3o na conex\u00e3o B for maior do que a press\u00e3o na conex\u00e3o A, inclusive a press\u00e3o de abertura produzida pela for\u00e7a da mola.<\/p>\n<p>Para V\u00e1lvulas de Reten\u00e7\u00e3o (v\u00e1lvula antirretorno) sem mola, a posi\u00e7\u00e3o fixa deve garantir que o poppet permane\u00e7a na posi\u00e7\u00e3o fechada.<\/p>\n<p><strong>Caracter\u00edsticas t\u00e9cnicas:<\/strong><br \/>\nTamanho: 15;<br \/>\nPeso: 0,6kg;<br \/>\nCrack mola de press\u00e3o: 4 bar;<br \/>\nM\u00e1xima press\u00e3o: 350 Bar;<br \/>\nM\u00e1xima Vaz\u00e3o: 150 l\/pm;<br \/>\nP\u00f3rticos: Rosca G 1\/2&#8243; F\u00eamea;<br \/>\nFluido compat\u00edvel: \u00d3leo mineral e \u00c9ster fosfato;<br \/>\nTemperatura de Trabalho: -30 at\u00e9 +80 \u00b0C;<br \/>\nRange de Viscosidade: 2.8 at\u00e9 500 mm2\/s;<br \/>\nPosi\u00e7\u00e3o de instala\u00e7\u00e3o: Opcional a aplica\u00e7\u00e3o do cliente;<br \/>\nGrau de Contamina\u00e7\u00e3o: Grau m\u00e1ximo permitido de contamina\u00e7\u00e3o de fluidos: Classe 9. NAS 1638 ou 20\/18\/15, ISO4406;<br \/>\nVeda\u00e7\u00f5es: NBR.<\/p>\n<p><strong>Aplica\u00e7\u00f5es:<\/strong><br \/>\nProteger o equipamento contra danos no refluxo;<br \/>\nFornecer al\u00edvio de press\u00e3o para a seguran\u00e7a do sistema;<br \/>\nImpedir a contamina\u00e7\u00e3o por refluxo.<\/p>\n<p>&nbsp;<\/p>\n","protected":false},"excerpt":{"rendered":"<p>A V\u00e1lvula de Reten\u00e7\u00e3o em Linha ADR-15\/4 (antirretorno) \u00e9 uma v\u00e1lvula de bloqueio, que permite o fluxo em um sentido e o bloqueia no sentido contr\u00e1rio.<\/p>\n<p style=\"text-align: center;\"><a class=\"fasc-button fasc-size-medium fasc-type-flat fasc-rounded-medium\" style=\"background-color: #003668; color: #ffffff;\" target=\"_blank\" rel=\"noopener\" href=\"https:\/\/actbr.com.br\/wp-content\/uploads\/2023\/07\/Catalogo-ATOS-ADR.pdf\">Ficha T\u00e9cnica&nbsp;<\/a>&nbsp; &nbsp; &nbsp; &nbsp; &nbsp;<a class=\"fasc-button fasc-size-medium fasc-type-flat fasc-rounded-medium\" style=\"background-color: #003668; color: #ffffff;\" target=\"_blank\" rel=\"noopener\" href=\"https:\/\/actbr.com.br\/wp-content\/uploads\/2023\/07\/Folheto-ADR.jpg\">Cat\u00e1logo <\/a>&nbsp; &nbsp; &nbsp; &nbsp; &nbsp;<a class=\"fasc-button fasc-size-medium fasc-type-flat fasc-rounded-medium\" style=\"background-color: #003668; color: #ffffff;\" target=\"_blank\" rel=\"noopener\" href=\"https:\/\/actbr.com.br\/contato\/\">Solicitar Cota\u00e7\u00e3o<\/a><\/p>\n<p>&nbsp;<\/p>\n<p>&nbsp;<\/p>\n","protected":false},"featured_media":8671,"template":"","meta":[],"product_brand":[],"product_cat":[146,50],"product_tag":[203,204,202,207,206,208],"class_list":{"0":"post-4569","1":"product","2":"type-product","3":"status-publish","4":"has-post-thumbnail","6":"product_cat-retencao-em-linha-adr","7":"product_cat-valvulas-em-linha","8":"product_tag-adr","9":"product_tag-antirretorno","10":"product_tag-atos","11":"product_tag-retencao-em-linha","12":"product_tag-tipo-s","13":"product_tag-valvula","15":"first","16":"instock","17":"virtual","18":"product-type-simple"},"yoast_head":"<!-- This site is optimized with the Yoast SEO plugin v27.2 - https:\/\/yoast.com\/product\/yoast-seo-wordpress\/ -->\n<title>V\u00e1lvula de Reten\u00e7\u00e3o Simples em Linha ADR-15\/4 - ACT Sistemas Hidr\u00e1ulicos<\/title>\n<meta name=\"description\" content=\"A V\u00e1lvula de Reten\u00e7\u00e3o em Linha ADR-15\/4 (antirretorno) \u00e9 uma v\u00e1lvula de bloqueio, que permite o fluxo em um sentido e o bloqueia no sentido contr\u00e1rio.\u00a0\" \/>\n<meta name=\"robots\" content=\"index, follow, max-snippet:-1, max-image-preview:large, max-video-preview:-1\" \/>\n<link rel=\"canonical\" href=\"https:\/\/actbr.com.br\/en\/produto\/valvula-de-retencao-simples-em-linha-adr-15-4\/\" \/>\n<meta property=\"og:locale\" content=\"en_US\" \/>\n<meta property=\"og:type\" content=\"article\" \/>\n<meta property=\"og:title\" content=\"V\u00e1lvula de Reten\u00e7\u00e3o Simples em Linha ADR-15\/4 - ACT Sistemas Hidr\u00e1ulicos\" \/>\n<meta property=\"og:description\" content=\"A V\u00e1lvula de Reten\u00e7\u00e3o em Linha ADR-15\/4 (antirretorno) \u00e9 uma v\u00e1lvula de bloqueio, que permite o fluxo em um sentido e o bloqueia no sentido contr\u00e1rio.\u00a0\" \/>\n<meta property=\"og:url\" content=\"https:\/\/actbr.com.br\/en\/produto\/valvula-de-retencao-simples-em-linha-adr-15-4\/\" \/>\n<meta property=\"og:site_name\" content=\"ACT Sistemas Hidr\u00e1ulicos\" \/>\n<meta property=\"article:modified_time\" content=\"2023-10-11T11:26:44+00:00\" \/>\n<meta property=\"og:image\" content=\"https:\/\/actbr.com.br\/wp-content\/uploads\/2020\/09\/ADR3.jpg\" \/>\n\t<meta property=\"og:image:width\" content=\"800\" \/>\n\t<meta property=\"og:image:height\" content=\"800\" \/>\n\t<meta property=\"og:image:type\" content=\"image\/jpeg\" \/>\n<meta name=\"twitter:card\" content=\"summary_large_image\" \/>\n<meta name=\"twitter:label1\" content=\"Est. reading time\" \/>\n\t<meta name=\"twitter:data1\" content=\"2 minutes\" \/>\n<script type=\"application\/ld+json\" class=\"yoast-schema-graph\">{\"@context\":\"https:\/\/schema.org\",\"@graph\":[{\"@type\":\"WebPage\",\"@id\":\"https:\/\/actbr.com.br\/en\/produto\/valvula-de-retencao-simples-em-linha-adr-15-4\/\",\"url\":\"https:\/\/actbr.com.br\/en\/produto\/valvula-de-retencao-simples-em-linha-adr-15-4\/\",\"name\":\"V\u00e1lvula de Reten\u00e7\u00e3o Simples em Linha ADR-15\/4 - ACT Sistemas Hidr\u00e1ulicos\",\"isPartOf\":{\"@id\":\"https:\/\/actbr.com.br\/en\/#website\"},\"primaryImageOfPage\":{\"@id\":\"https:\/\/actbr.com.br\/en\/produto\/valvula-de-retencao-simples-em-linha-adr-15-4\/#primaryimage\"},\"image\":{\"@id\":\"https:\/\/actbr.com.br\/en\/produto\/valvula-de-retencao-simples-em-linha-adr-15-4\/#primaryimage\"},\"thumbnailUrl\":\"https:\/\/actbr.com.br\/wp-content\/uploads\/2020\/09\/ADR3.jpg\",\"datePublished\":\"2020-09-29T15:56:26+00:00\",\"dateModified\":\"2023-10-11T11:26:44+00:00\",\"description\":\"A V\u00e1lvula de Reten\u00e7\u00e3o em Linha ADR-15\/4 (antirretorno) \u00e9 uma v\u00e1lvula de bloqueio, que permite o fluxo em um sentido e o bloqueia no sentido contr\u00e1rio.\u00a0\",\"breadcrumb\":{\"@id\":\"https:\/\/actbr.com.br\/en\/produto\/valvula-de-retencao-simples-em-linha-adr-15-4\/#breadcrumb\"},\"inLanguage\":\"en-US\",\"potentialAction\":[{\"@type\":\"ReadAction\",\"target\":[\"https:\/\/actbr.com.br\/en\/produto\/valvula-de-retencao-simples-em-linha-adr-15-4\/\"]}]},{\"@type\":\"ImageObject\",\"inLanguage\":\"en-US\",\"@id\":\"https:\/\/actbr.com.br\/en\/produto\/valvula-de-retencao-simples-em-linha-adr-15-4\/#primaryimage\",\"url\":\"https:\/\/actbr.com.br\/wp-content\/uploads\/2020\/09\/ADR3.jpg\",\"contentUrl\":\"https:\/\/actbr.com.br\/wp-content\/uploads\/2020\/09\/ADR3.jpg\",\"width\":800,\"height\":800,\"caption\":\"V\u00e1lvula de Reten\u00e7\u00e3o em Linha ADR\"},{\"@type\":\"BreadcrumbList\",\"@id\":\"https:\/\/actbr.com.br\/en\/produto\/valvula-de-retencao-simples-em-linha-adr-15-4\/#breadcrumb\",\"itemListElement\":[{\"@type\":\"ListItem\",\"position\":1,\"name\":\"In\u00edcio\",\"item\":\"https:\/\/actbr.com.br\/en\/\"},{\"@type\":\"ListItem\",\"position\":2,\"name\":\"Produtos\",\"item\":\"https:\/\/actbr.com.br\/produtos-act\/\"},{\"@type\":\"ListItem\",\"position\":3,\"name\":\"V\u00e1lvulas em Linha\",\"item\":\"https:\/\/actbr.com.br\/en\/categoria-produto\/valvulas-em-linha\/\"},{\"@type\":\"ListItem\",\"position\":4,\"name\":\"Reten\u00e7\u00e3o Em Linha - ADR\",\"item\":\"https:\/\/actbr.com.br\/en\/categoria-produto\/valvulas-em-linha\/retencao-em-linha-adr\/\"},{\"@type\":\"ListItem\",\"position\":5,\"name\":\"V\u00e1lvula de Reten\u00e7\u00e3o Simples em Linha ADR-15\/4\"}]},{\"@type\":\"WebSite\",\"@id\":\"https:\/\/actbr.com.br\/en\/#website\",\"url\":\"https:\/\/actbr.com.br\/en\/\",\"name\":\"ACT Sistemas Hidr\u00e1ulicos\",\"description\":\"Fabrica\u00e7\u00e3o e manuten\u00e7\u00e3o de componentes \u00f3leo hidr\u00e1ulicos\",\"publisher\":{\"@id\":\"https:\/\/actbr.com.br\/en\/#organization\"},\"potentialAction\":[{\"@type\":\"SearchAction\",\"target\":{\"@type\":\"EntryPoint\",\"urlTemplate\":\"https:\/\/actbr.com.br\/en\/?s={search_term_string}\"},\"query-input\":{\"@type\":\"PropertyValueSpecification\",\"valueRequired\":true,\"valueName\":\"search_term_string\"}}],\"inLanguage\":\"en-US\"},{\"@type\":\"Organization\",\"@id\":\"https:\/\/actbr.com.br\/en\/#organization\",\"name\":\"ACT Sistemas Hidr\u00e1ulicos\",\"url\":\"https:\/\/actbr.com.br\/en\/\",\"logo\":{\"@type\":\"ImageObject\",\"inLanguage\":\"en-US\",\"@id\":\"https:\/\/actbr.com.br\/en\/#\/schema\/logo\/image\/\",\"url\":\"https:\/\/actbr.com.br\/wp-content\/uploads\/2025\/02\/cropped-ACT_NEGATIVO-marca-dagua.png\",\"contentUrl\":\"https:\/\/actbr.com.br\/wp-content\/uploads\/2025\/02\/cropped-ACT_NEGATIVO-marca-dagua.png\",\"width\":240,\"height\":146,\"caption\":\"ACT Sistemas Hidr\u00e1ulicos\"},\"image\":{\"@id\":\"https:\/\/actbr.com.br\/en\/#\/schema\/logo\/image\/\"}}]}<\/script>\n<!-- \/ Yoast SEO plugin. -->","yoast_head_json":{"title":"V\u00e1lvula de Reten\u00e7\u00e3o Simples em Linha ADR-15\/4 - ACT Sistemas Hidr\u00e1ulicos","description":"A V\u00e1lvula de Reten\u00e7\u00e3o em Linha ADR-15\/4 (antirretorno) \u00e9 uma v\u00e1lvula de bloqueio, que permite o fluxo em um sentido e o bloqueia no sentido contr\u00e1rio.\u00a0","robots":{"index":"index","follow":"follow","max-snippet":"max-snippet:-1","max-image-preview":"max-image-preview:large","max-video-preview":"max-video-preview:-1"},"canonical":"https:\/\/actbr.com.br\/en\/produto\/valvula-de-retencao-simples-em-linha-adr-15-4\/","og_locale":"en_US","og_type":"article","og_title":"V\u00e1lvula de Reten\u00e7\u00e3o Simples em Linha ADR-15\/4 - ACT Sistemas Hidr\u00e1ulicos","og_description":"A V\u00e1lvula de Reten\u00e7\u00e3o em Linha ADR-15\/4 (antirretorno) \u00e9 uma v\u00e1lvula de bloqueio, que permite o fluxo em um sentido e o bloqueia no sentido contr\u00e1rio.\u00a0","og_url":"https:\/\/actbr.com.br\/en\/produto\/valvula-de-retencao-simples-em-linha-adr-15-4\/","og_site_name":"ACT Sistemas Hidr\u00e1ulicos","article_modified_time":"2023-10-11T11:26:44+00:00","og_image":[{"width":800,"height":800,"url":"https:\/\/actbr.com.br\/wp-content\/uploads\/2020\/09\/ADR3.jpg","type":"image\/jpeg"}],"twitter_card":"summary_large_image","twitter_misc":{"Est. reading time":"2 minutes"},"schema":{"@context":"https:\/\/schema.org","@graph":[{"@type":"WebPage","@id":"https:\/\/actbr.com.br\/en\/produto\/valvula-de-retencao-simples-em-linha-adr-15-4\/","url":"https:\/\/actbr.com.br\/en\/produto\/valvula-de-retencao-simples-em-linha-adr-15-4\/","name":"V\u00e1lvula de Reten\u00e7\u00e3o Simples em Linha ADR-15\/4 - ACT Sistemas Hidr\u00e1ulicos","isPartOf":{"@id":"https:\/\/actbr.com.br\/en\/#website"},"primaryImageOfPage":{"@id":"https:\/\/actbr.com.br\/en\/produto\/valvula-de-retencao-simples-em-linha-adr-15-4\/#primaryimage"},"image":{"@id":"https:\/\/actbr.com.br\/en\/produto\/valvula-de-retencao-simples-em-linha-adr-15-4\/#primaryimage"},"thumbnailUrl":"https:\/\/actbr.com.br\/wp-content\/uploads\/2020\/09\/ADR3.jpg","datePublished":"2020-09-29T15:56:26+00:00","dateModified":"2023-10-11T11:26:44+00:00","description":"A V\u00e1lvula de Reten\u00e7\u00e3o em Linha ADR-15\/4 (antirretorno) \u00e9 uma v\u00e1lvula de bloqueio, que permite o fluxo em um sentido e o bloqueia no sentido contr\u00e1rio.\u00a0","breadcrumb":{"@id":"https:\/\/actbr.com.br\/en\/produto\/valvula-de-retencao-simples-em-linha-adr-15-4\/#breadcrumb"},"inLanguage":"en-US","potentialAction":[{"@type":"ReadAction","target":["https:\/\/actbr.com.br\/en\/produto\/valvula-de-retencao-simples-em-linha-adr-15-4\/"]}]},{"@type":"ImageObject","inLanguage":"en-US","@id":"https:\/\/actbr.com.br\/en\/produto\/valvula-de-retencao-simples-em-linha-adr-15-4\/#primaryimage","url":"https:\/\/actbr.com.br\/wp-content\/uploads\/2020\/09\/ADR3.jpg","contentUrl":"https:\/\/actbr.com.br\/wp-content\/uploads\/2020\/09\/ADR3.jpg","width":800,"height":800,"caption":"V\u00e1lvula de Reten\u00e7\u00e3o em Linha ADR"},{"@type":"BreadcrumbList","@id":"https:\/\/actbr.com.br\/en\/produto\/valvula-de-retencao-simples-em-linha-adr-15-4\/#breadcrumb","itemListElement":[{"@type":"ListItem","position":1,"name":"In\u00edcio","item":"https:\/\/actbr.com.br\/en\/"},{"@type":"ListItem","position":2,"name":"Produtos","item":"https:\/\/actbr.com.br\/produtos-act\/"},{"@type":"ListItem","position":3,"name":"V\u00e1lvulas em Linha","item":"https:\/\/actbr.com.br\/en\/categoria-produto\/valvulas-em-linha\/"},{"@type":"ListItem","position":4,"name":"Reten\u00e7\u00e3o Em Linha - ADR","item":"https:\/\/actbr.com.br\/en\/categoria-produto\/valvulas-em-linha\/retencao-em-linha-adr\/"},{"@type":"ListItem","position":5,"name":"V\u00e1lvula de Reten\u00e7\u00e3o Simples em Linha ADR-15\/4"}]},{"@type":"WebSite","@id":"https:\/\/actbr.com.br\/en\/#website","url":"https:\/\/actbr.com.br\/en\/","name":"ACT Sistemas Hidr\u00e1ulicos","description":"Fabrica\u00e7\u00e3o e manuten\u00e7\u00e3o de componentes \u00f3leo hidr\u00e1ulicos","publisher":{"@id":"https:\/\/actbr.com.br\/en\/#organization"},"potentialAction":[{"@type":"SearchAction","target":{"@type":"EntryPoint","urlTemplate":"https:\/\/actbr.com.br\/en\/?s={search_term_string}"},"query-input":{"@type":"PropertyValueSpecification","valueRequired":true,"valueName":"search_term_string"}}],"inLanguage":"en-US"},{"@type":"Organization","@id":"https:\/\/actbr.com.br\/en\/#organization","name":"ACT Sistemas Hidr\u00e1ulicos","url":"https:\/\/actbr.com.br\/en\/","logo":{"@type":"ImageObject","inLanguage":"en-US","@id":"https:\/\/actbr.com.br\/en\/#\/schema\/logo\/image\/","url":"https:\/\/actbr.com.br\/wp-content\/uploads\/2025\/02\/cropped-ACT_NEGATIVO-marca-dagua.png","contentUrl":"https:\/\/actbr.com.br\/wp-content\/uploads\/2025\/02\/cropped-ACT_NEGATIVO-marca-dagua.png","width":240,"height":146,"caption":"ACT Sistemas Hidr\u00e1ulicos"},"image":{"@id":"https:\/\/actbr.com.br\/en\/#\/schema\/logo\/image\/"}}]}},"_links":{"self":[{"href":"https:\/\/actbr.com.br\/en\/wp-json\/wp\/v2\/product\/4569","targetHints":{"allow":["GET"]}}],"collection":[{"href":"https:\/\/actbr.com.br\/en\/wp-json\/wp\/v2\/product"}],"about":[{"href":"https:\/\/actbr.com.br\/en\/wp-json\/wp\/v2\/types\/product"}],"wp:featuredmedia":[{"embeddable":true,"href":"https:\/\/actbr.com.br\/en\/wp-json\/wp\/v2\/media\/8671"}],"wp:attachment":[{"href":"https:\/\/actbr.com.br\/en\/wp-json\/wp\/v2\/media?parent=4569"}],"wp:term":[{"taxonomy":"product_brand","embeddable":true,"href":"https:\/\/actbr.com.br\/en\/wp-json\/wp\/v2\/product_brand?post=4569"},{"taxonomy":"product_cat","embeddable":true,"href":"https:\/\/actbr.com.br\/en\/wp-json\/wp\/v2\/product_cat?post=4569"},{"taxonomy":"product_tag","embeddable":true,"href":"https:\/\/actbr.com.br\/en\/wp-json\/wp\/v2\/product_tag?post=4569"}],"curies":[{"name":"wp","href":"https:\/\/api.w.org\/{rel}","templated":true}]}}