{"id":5001,"date":"2020-09-29T13:06:58","date_gmt":"2020-09-29T16:06:58","guid":{"rendered":"https:\/\/actbr.com.br\/produto\/valvula-de-alivio-dbdh-30-g1x-200-cartucho-bloco\/"},"modified":"2023-10-06T16:28:27","modified_gmt":"2023-10-06T19:28:27","slug":"valvula-reguladora-de-pressao-tipo-alivio-em-linha-dbdh-30-g1x-200","status":"publish","type":"product","link":"https:\/\/actbr.com.br\/en\/produto\/valvula-reguladora-de-pressao-tipo-alivio-em-linha-dbdh-30-g1x-200\/","title":{"rendered":"V\u00e1lvula Reguladora de press\u00e3o tipo al\u00edvio em linha DBDH 30 G1X\/200"},"content":{"rendered":"<p><strong>V\u00e1lvula de Al\u00edvio DBDH 30 G1X\/200 (Cartucho + Bloco)<\/strong><\/p>\n<p>A V\u00e1lvula de Al\u00edvio DBDH 30 G1X\/200 \u00e9 uma v\u00e1lvula diretamente operada, com a fun\u00e7\u00e3o de limitar a press\u00e3o m\u00e1xima de uma determinada linha.<\/p>\n<p>Sua regulagem se d\u00e1 por meio do ajuste em sua manopla ou parafuso de regulagem. Se a press\u00e3o da linha ultrapassar a press\u00e3o determinada pela mola, a v\u00e1lvula se abrir\u00e1 e a vaz\u00e3o de \u00f3leo ser\u00e1 liberada, normalmente para a linha de tanque.<\/p>\n<p>A aplica\u00e7\u00e3o nos sistemas hidr\u00e1ulicos dessas v\u00e1lvulas \u00e9 bastante variada, entre elas: v\u00e1lvula de seguran\u00e7a (tamb\u00e9m conhecida como v\u00e1lvula de m\u00e1xima press\u00e3o ou v\u00e1lvula de al\u00edvio); contrabalan\u00e7o de cargas, abertura de emerg\u00eancia em golpes hidr\u00e1ulicos, etc.<\/p>\n<p>Em fun\u00e7\u00e3o disso, sua amplitude de utiliza\u00e7\u00e3o varia bastante como por exemplo: blocos de seguran\u00e7a que atendem a NR-12, sistemas hidr\u00e1ulicos industriais, blocos de seguran\u00e7a de acumulador, seguran\u00e7a \/ amortecimento de cargas em prensa hidr\u00e1ulica, garantindo a n\u00e3o multiplica\u00e7\u00e3o de press\u00e3o, entre outras.<\/p>\n<p><strong>Caracter\u00edsticas funcionais:<\/strong><br \/>\nPress\u00e3o de opera\u00e7\u00e3o: At\u00e9 200 bar (Range de regulagem);<br \/>\nPress\u00e3o m\u00e1xima: 315 bar;<br \/>\nVazamento interno: 0,10 ml \/ minuto (2 gotas \/ minuto) m\u00e1ximo a 400 bar;<br \/>\nTemperatura de opera\u00e7\u00e3o: -30 a 80\u00baC (com veda\u00e7\u00f5es NBR);<br \/>\nFluidos: Minerais ou sint\u00e9ticos com propriedades lubrificantes em viscosidades de 7.4 a 420 cSt;<br \/>\nGrau de contamina\u00e7\u00e3o M\u00e1xima: Classe 9. NAS 1638 ou 20\/18\/15, ISO4406;<br \/>\nCavidade: M60X2;<br \/>\nPeso: 15,2 Kg;<br \/>\nV\u00e1lvula tipo: Poppet;<br \/>\nVaz\u00e3o m\u00e1xima: 350 litros por minuto (ver curva);<br \/>\nViscosidade de flu\u00eddo: 10 a 800 mm2\/s;<br \/>\nRosca do bloco: G 1\/4&#8243;;<br \/>\nInstala\u00e7\u00e3o: Em linha.<\/p>\n","protected":false},"excerpt":{"rendered":"<p>A V\u00e1lvula de Al\u00edvio DBDH 30 G1X\/200 \u00e9 uma v\u00e1lvula diretamente operada, com a fun\u00e7\u00e3o de limitar a press\u00e3o m\u00e1xima de uma determinada linha.<\/p>\n","protected":false},"featured_media":8333,"template":"","meta":[],"product_brand":[],"product_cat":[51,50],"product_tag":[],"class_list":{"0":"post-5001","1":"product","2":"type-product","3":"status-publish","4":"has-post-thumbnail","6":"product_cat-linha-reguladora-de-pressao-alivio","7":"product_cat-valvulas-em-linha","9":"first","10":"instock","11":"virtual","12":"product-type-simple"},"yoast_head":"<!-- This site is optimized with the Yoast SEO plugin v27.2 - https:\/\/yoast.com\/product\/yoast-seo-wordpress\/ -->\n<title>V\u00e1lvula Reguladora de press\u00e3o tipo al\u00edvio em linha DBDH 30 G1X\/200 - ACT Sistemas Hidr\u00e1ulicos<\/title>\n<meta name=\"description\" content=\"A V\u00e1lvula de Al\u00edvio DBDH 30 G1X\/200 \u00e9 uma v\u00e1lvula diretamente operada, com a fun\u00e7\u00e3o de limitar a press\u00e3o m\u00e1xima de uma determinada linha.\" \/>\n<meta name=\"robots\" content=\"index, follow, max-snippet:-1, max-image-preview:large, max-video-preview:-1\" \/>\n<link rel=\"canonical\" href=\"https:\/\/actbr.com.br\/en\/produto\/valvula-reguladora-de-pressao-tipo-alivio-em-linha-dbdh-30-g1x-200\/\" \/>\n<meta property=\"og:locale\" content=\"en_US\" \/>\n<meta property=\"og:type\" content=\"article\" \/>\n<meta property=\"og:title\" content=\"V\u00e1lvula Reguladora de press\u00e3o tipo al\u00edvio em linha DBDH 30 G1X\/200 - ACT Sistemas Hidr\u00e1ulicos\" \/>\n<meta property=\"og:description\" content=\"A V\u00e1lvula de Al\u00edvio DBDH 30 G1X\/200 \u00e9 uma v\u00e1lvula diretamente operada, com a fun\u00e7\u00e3o de limitar a press\u00e3o m\u00e1xima de uma determinada linha.\" \/>\n<meta property=\"og:url\" content=\"https:\/\/actbr.com.br\/en\/produto\/valvula-reguladora-de-pressao-tipo-alivio-em-linha-dbdh-30-g1x-200\/\" \/>\n<meta property=\"og:site_name\" content=\"ACT Sistemas Hidr\u00e1ulicos\" \/>\n<meta property=\"article:modified_time\" content=\"2023-10-06T19:28:27+00:00\" \/>\n<meta property=\"og:image\" content=\"https:\/\/actbr.com.br\/wp-content\/uploads\/2020\/09\/DBDH.jpg\" \/>\n\t<meta property=\"og:image:width\" content=\"600\" \/>\n\t<meta property=\"og:image:height\" content=\"480\" \/>\n\t<meta property=\"og:image:type\" content=\"image\/jpeg\" \/>\n<meta name=\"twitter:card\" content=\"summary_large_image\" \/>\n<meta name=\"twitter:label1\" content=\"Est. reading time\" \/>\n\t<meta name=\"twitter:data1\" content=\"2 minutes\" \/>\n<script type=\"application\/ld+json\" class=\"yoast-schema-graph\">{\"@context\":\"https:\/\/schema.org\",\"@graph\":[{\"@type\":\"WebPage\",\"@id\":\"https:\/\/actbr.com.br\/en\/produto\/valvula-reguladora-de-pressao-tipo-alivio-em-linha-dbdh-30-g1x-200\/\",\"url\":\"https:\/\/actbr.com.br\/en\/produto\/valvula-reguladora-de-pressao-tipo-alivio-em-linha-dbdh-30-g1x-200\/\",\"name\":\"V\u00e1lvula Reguladora de press\u00e3o tipo al\u00edvio em linha DBDH 30 G1X\/200 - ACT Sistemas Hidr\u00e1ulicos\",\"isPartOf\":{\"@id\":\"https:\/\/actbr.com.br\/en\/#website\"},\"primaryImageOfPage\":{\"@id\":\"https:\/\/actbr.com.br\/en\/produto\/valvula-reguladora-de-pressao-tipo-alivio-em-linha-dbdh-30-g1x-200\/#primaryimage\"},\"image\":{\"@id\":\"https:\/\/actbr.com.br\/en\/produto\/valvula-reguladora-de-pressao-tipo-alivio-em-linha-dbdh-30-g1x-200\/#primaryimage\"},\"thumbnailUrl\":\"https:\/\/actbr.com.br\/wp-content\/uploads\/2020\/09\/DBDH.jpg\",\"datePublished\":\"2020-09-29T16:06:58+00:00\",\"dateModified\":\"2023-10-06T19:28:27+00:00\",\"description\":\"A V\u00e1lvula de Al\u00edvio DBDH 30 G1X\/200 \u00e9 uma v\u00e1lvula diretamente operada, com a fun\u00e7\u00e3o de limitar a press\u00e3o m\u00e1xima de uma determinada linha.\",\"breadcrumb\":{\"@id\":\"https:\/\/actbr.com.br\/en\/produto\/valvula-reguladora-de-pressao-tipo-alivio-em-linha-dbdh-30-g1x-200\/#breadcrumb\"},\"inLanguage\":\"en-US\",\"potentialAction\":[{\"@type\":\"ReadAction\",\"target\":[\"https:\/\/actbr.com.br\/en\/produto\/valvula-reguladora-de-pressao-tipo-alivio-em-linha-dbdh-30-g1x-200\/\"]}]},{\"@type\":\"ImageObject\",\"inLanguage\":\"en-US\",\"@id\":\"https:\/\/actbr.com.br\/en\/produto\/valvula-reguladora-de-pressao-tipo-alivio-em-linha-dbdh-30-g1x-200\/#primaryimage\",\"url\":\"https:\/\/actbr.com.br\/wp-content\/uploads\/2020\/09\/DBDH.jpg\",\"contentUrl\":\"https:\/\/actbr.com.br\/wp-content\/uploads\/2020\/09\/DBDH.jpg\",\"width\":600,\"height\":480,\"caption\":\"V\u00e1lvula de Al\u00edvio DBDH\"},{\"@type\":\"BreadcrumbList\",\"@id\":\"https:\/\/actbr.com.br\/en\/produto\/valvula-reguladora-de-pressao-tipo-alivio-em-linha-dbdh-30-g1x-200\/#breadcrumb\",\"itemListElement\":[{\"@type\":\"ListItem\",\"position\":1,\"name\":\"In\u00edcio\",\"item\":\"https:\/\/actbr.com.br\/en\/\"},{\"@type\":\"ListItem\",\"position\":2,\"name\":\"Produtos\",\"item\":\"https:\/\/actbr.com.br\/produtos-act\/\"},{\"@type\":\"ListItem\",\"position\":3,\"name\":\"V\u00e1lvulas em Linha\",\"item\":\"https:\/\/actbr.com.br\/en\/categoria-produto\/valvulas-em-linha\/\"},{\"@type\":\"ListItem\",\"position\":4,\"name\":\"Reguladora de Press\u00e3o - Al\u00edvio\",\"item\":\"https:\/\/actbr.com.br\/en\/categoria-produto\/valvulas-em-linha\/linha-reguladora-de-pressao-alivio\/\"},{\"@type\":\"ListItem\",\"position\":5,\"name\":\"V\u00e1lvula Reguladora de press\u00e3o tipo al\u00edvio em linha DBDH 30 G1X\/200\"}]},{\"@type\":\"WebSite\",\"@id\":\"https:\/\/actbr.com.br\/en\/#website\",\"url\":\"https:\/\/actbr.com.br\/en\/\",\"name\":\"ACT Sistemas Hidr\u00e1ulicos\",\"description\":\"Fabrica\u00e7\u00e3o e manuten\u00e7\u00e3o de componentes \u00f3leo hidr\u00e1ulicos\",\"publisher\":{\"@id\":\"https:\/\/actbr.com.br\/en\/#organization\"},\"potentialAction\":[{\"@type\":\"SearchAction\",\"target\":{\"@type\":\"EntryPoint\",\"urlTemplate\":\"https:\/\/actbr.com.br\/en\/?s={search_term_string}\"},\"query-input\":{\"@type\":\"PropertyValueSpecification\",\"valueRequired\":true,\"valueName\":\"search_term_string\"}}],\"inLanguage\":\"en-US\"},{\"@type\":\"Organization\",\"@id\":\"https:\/\/actbr.com.br\/en\/#organization\",\"name\":\"ACT Sistemas Hidr\u00e1ulicos\",\"url\":\"https:\/\/actbr.com.br\/en\/\",\"logo\":{\"@type\":\"ImageObject\",\"inLanguage\":\"en-US\",\"@id\":\"https:\/\/actbr.com.br\/en\/#\/schema\/logo\/image\/\",\"url\":\"https:\/\/actbr.com.br\/wp-content\/uploads\/2025\/02\/cropped-ACT_NEGATIVO-marca-dagua.png\",\"contentUrl\":\"https:\/\/actbr.com.br\/wp-content\/uploads\/2025\/02\/cropped-ACT_NEGATIVO-marca-dagua.png\",\"width\":240,\"height\":146,\"caption\":\"ACT Sistemas Hidr\u00e1ulicos\"},\"image\":{\"@id\":\"https:\/\/actbr.com.br\/en\/#\/schema\/logo\/image\/\"}}]}<\/script>\n<!-- \/ Yoast SEO plugin. -->","yoast_head_json":{"title":"V\u00e1lvula Reguladora de press\u00e3o tipo al\u00edvio em linha DBDH 30 G1X\/200 - ACT Sistemas Hidr\u00e1ulicos","description":"A V\u00e1lvula de Al\u00edvio DBDH 30 G1X\/200 \u00e9 uma v\u00e1lvula diretamente operada, com a fun\u00e7\u00e3o de limitar a press\u00e3o m\u00e1xima de uma determinada linha.","robots":{"index":"index","follow":"follow","max-snippet":"max-snippet:-1","max-image-preview":"max-image-preview:large","max-video-preview":"max-video-preview:-1"},"canonical":"https:\/\/actbr.com.br\/en\/produto\/valvula-reguladora-de-pressao-tipo-alivio-em-linha-dbdh-30-g1x-200\/","og_locale":"en_US","og_type":"article","og_title":"V\u00e1lvula Reguladora de press\u00e3o tipo al\u00edvio em linha DBDH 30 G1X\/200 - ACT Sistemas Hidr\u00e1ulicos","og_description":"A V\u00e1lvula de Al\u00edvio DBDH 30 G1X\/200 \u00e9 uma v\u00e1lvula diretamente operada, com a fun\u00e7\u00e3o de limitar a press\u00e3o m\u00e1xima de uma determinada linha.","og_url":"https:\/\/actbr.com.br\/en\/produto\/valvula-reguladora-de-pressao-tipo-alivio-em-linha-dbdh-30-g1x-200\/","og_site_name":"ACT Sistemas Hidr\u00e1ulicos","article_modified_time":"2023-10-06T19:28:27+00:00","og_image":[{"width":600,"height":480,"url":"https:\/\/actbr.com.br\/wp-content\/uploads\/2020\/09\/DBDH.jpg","type":"image\/jpeg"}],"twitter_card":"summary_large_image","twitter_misc":{"Est. reading time":"2 minutes"},"schema":{"@context":"https:\/\/schema.org","@graph":[{"@type":"WebPage","@id":"https:\/\/actbr.com.br\/en\/produto\/valvula-reguladora-de-pressao-tipo-alivio-em-linha-dbdh-30-g1x-200\/","url":"https:\/\/actbr.com.br\/en\/produto\/valvula-reguladora-de-pressao-tipo-alivio-em-linha-dbdh-30-g1x-200\/","name":"V\u00e1lvula Reguladora de press\u00e3o tipo al\u00edvio em linha DBDH 30 G1X\/200 - ACT Sistemas Hidr\u00e1ulicos","isPartOf":{"@id":"https:\/\/actbr.com.br\/en\/#website"},"primaryImageOfPage":{"@id":"https:\/\/actbr.com.br\/en\/produto\/valvula-reguladora-de-pressao-tipo-alivio-em-linha-dbdh-30-g1x-200\/#primaryimage"},"image":{"@id":"https:\/\/actbr.com.br\/en\/produto\/valvula-reguladora-de-pressao-tipo-alivio-em-linha-dbdh-30-g1x-200\/#primaryimage"},"thumbnailUrl":"https:\/\/actbr.com.br\/wp-content\/uploads\/2020\/09\/DBDH.jpg","datePublished":"2020-09-29T16:06:58+00:00","dateModified":"2023-10-06T19:28:27+00:00","description":"A V\u00e1lvula de Al\u00edvio DBDH 30 G1X\/200 \u00e9 uma v\u00e1lvula diretamente operada, com a fun\u00e7\u00e3o de limitar a press\u00e3o m\u00e1xima de uma determinada linha.","breadcrumb":{"@id":"https:\/\/actbr.com.br\/en\/produto\/valvula-reguladora-de-pressao-tipo-alivio-em-linha-dbdh-30-g1x-200\/#breadcrumb"},"inLanguage":"en-US","potentialAction":[{"@type":"ReadAction","target":["https:\/\/actbr.com.br\/en\/produto\/valvula-reguladora-de-pressao-tipo-alivio-em-linha-dbdh-30-g1x-200\/"]}]},{"@type":"ImageObject","inLanguage":"en-US","@id":"https:\/\/actbr.com.br\/en\/produto\/valvula-reguladora-de-pressao-tipo-alivio-em-linha-dbdh-30-g1x-200\/#primaryimage","url":"https:\/\/actbr.com.br\/wp-content\/uploads\/2020\/09\/DBDH.jpg","contentUrl":"https:\/\/actbr.com.br\/wp-content\/uploads\/2020\/09\/DBDH.jpg","width":600,"height":480,"caption":"V\u00e1lvula de Al\u00edvio DBDH"},{"@type":"BreadcrumbList","@id":"https:\/\/actbr.com.br\/en\/produto\/valvula-reguladora-de-pressao-tipo-alivio-em-linha-dbdh-30-g1x-200\/#breadcrumb","itemListElement":[{"@type":"ListItem","position":1,"name":"In\u00edcio","item":"https:\/\/actbr.com.br\/en\/"},{"@type":"ListItem","position":2,"name":"Produtos","item":"https:\/\/actbr.com.br\/produtos-act\/"},{"@type":"ListItem","position":3,"name":"V\u00e1lvulas em Linha","item":"https:\/\/actbr.com.br\/en\/categoria-produto\/valvulas-em-linha\/"},{"@type":"ListItem","position":4,"name":"Reguladora de Press\u00e3o - Al\u00edvio","item":"https:\/\/actbr.com.br\/en\/categoria-produto\/valvulas-em-linha\/linha-reguladora-de-pressao-alivio\/"},{"@type":"ListItem","position":5,"name":"V\u00e1lvula Reguladora de press\u00e3o tipo al\u00edvio em linha DBDH 30 G1X\/200"}]},{"@type":"WebSite","@id":"https:\/\/actbr.com.br\/en\/#website","url":"https:\/\/actbr.com.br\/en\/","name":"ACT Sistemas Hidr\u00e1ulicos","description":"Fabrica\u00e7\u00e3o e manuten\u00e7\u00e3o de componentes \u00f3leo hidr\u00e1ulicos","publisher":{"@id":"https:\/\/actbr.com.br\/en\/#organization"},"potentialAction":[{"@type":"SearchAction","target":{"@type":"EntryPoint","urlTemplate":"https:\/\/actbr.com.br\/en\/?s={search_term_string}"},"query-input":{"@type":"PropertyValueSpecification","valueRequired":true,"valueName":"search_term_string"}}],"inLanguage":"en-US"},{"@type":"Organization","@id":"https:\/\/actbr.com.br\/en\/#organization","name":"ACT Sistemas Hidr\u00e1ulicos","url":"https:\/\/actbr.com.br\/en\/","logo":{"@type":"ImageObject","inLanguage":"en-US","@id":"https:\/\/actbr.com.br\/en\/#\/schema\/logo\/image\/","url":"https:\/\/actbr.com.br\/wp-content\/uploads\/2025\/02\/cropped-ACT_NEGATIVO-marca-dagua.png","contentUrl":"https:\/\/actbr.com.br\/wp-content\/uploads\/2025\/02\/cropped-ACT_NEGATIVO-marca-dagua.png","width":240,"height":146,"caption":"ACT Sistemas Hidr\u00e1ulicos"},"image":{"@id":"https:\/\/actbr.com.br\/en\/#\/schema\/logo\/image\/"}}]}},"_links":{"self":[{"href":"https:\/\/actbr.com.br\/en\/wp-json\/wp\/v2\/product\/5001","targetHints":{"allow":["GET"]}}],"collection":[{"href":"https:\/\/actbr.com.br\/en\/wp-json\/wp\/v2\/product"}],"about":[{"href":"https:\/\/actbr.com.br\/en\/wp-json\/wp\/v2\/types\/product"}],"wp:featuredmedia":[{"embeddable":true,"href":"https:\/\/actbr.com.br\/en\/wp-json\/wp\/v2\/media\/8333"}],"wp:attachment":[{"href":"https:\/\/actbr.com.br\/en\/wp-json\/wp\/v2\/media?parent=5001"}],"wp:term":[{"taxonomy":"product_brand","embeddable":true,"href":"https:\/\/actbr.com.br\/en\/wp-json\/wp\/v2\/product_brand?post=5001"},{"taxonomy":"product_cat","embeddable":true,"href":"https:\/\/actbr.com.br\/en\/wp-json\/wp\/v2\/product_cat?post=5001"},{"taxonomy":"product_tag","embeddable":true,"href":"https:\/\/actbr.com.br\/en\/wp-json\/wp\/v2\/product_tag?post=5001"}],"curies":[{"name":"wp","href":"https:\/\/api.w.org\/{rel}","templated":true}]}}