{"id":5060,"date":"2020-09-29T13:07:57","date_gmt":"2020-09-29T16:07:57","guid":{"rendered":"https:\/\/actbr.com.br\/produto\/valvula-reguladora-de-vazao-compensada-2frm-6-b36-3x-16qrv\/"},"modified":"2023-10-20T09:29:50","modified_gmt":"2023-10-20T12:29:50","slug":"valvula-reguladora-de-vazao-compensada-2frm-6-b36-3x-16qrv","status":"publish","type":"product","link":"https:\/\/actbr.com.br\/en\/produto\/valvula-reguladora-de-vazao-compensada-2frm-6-b36-3x-16qrv\/","title":{"rendered":"V\u00e1lvula Reguladora de Vaz\u00e3o Compensada 2FRM 6 B36-3X\/16QRV"},"content":{"rendered":"<p><strong>V\u00e1lvula Reguladora de Vaz\u00e3o Compensada 2FRM 6 B36-3X\/16QRV<\/strong><\/p>\n<p>A V\u00e1lvula Reguladora de Vaz\u00e3o 2FRM 6 B36-3X\/16QRV \u00e9 uma v\u00e1lvula reguladora de vaz\u00e3o compensada de 2 vias, que tem a fun\u00e7\u00e3o de manter, o m\u00e1ximo poss\u00edvel, a vaz\u00e3o constante independentemente da press\u00e3o e temperatura.<\/p>\n<p>Independente da mudan\u00e7a de press\u00e3o da carga, ou da altera\u00e7\u00e3o na temperatura do fluido, o fluxo da porta A para a porta B se mantem constante durante o funcionamento do sistema.<\/p>\n<p>Essa estabilidade \u00e9 causada atrav\u00e9s de uma pequena diferen\u00e7a de press\u00e3o no n\u00facleo da v\u00e1lvula, que com um dispositivo de compensa\u00e7\u00e3o, come\u00e7a a responder \u00e0 mudan\u00e7a de carga\/viscosidade, mantendo assim precis\u00e3o e uniformidade de acionamento.<\/p>\n<p>O conjunto se comp\u00f5e de carca\u00e7a, bot\u00e3o girat\u00f3rio, diafragma, balan\u00e7a de press\u00e3o e, opcionalmente, v\u00e1lvula de reten\u00e7\u00e3o.<\/p>\n<p><strong>Caracter\u00edsticas:<\/strong><br \/>\nTamanho: TN6;<br \/>\nSuperf\u00edcie de montagem: ISO 4401 e CETOP-RP 121 H;<br \/>\nAtua com vaz\u00f5es de at\u00e9 16 litros por minuto;<br \/>\nTrabalha com press\u00f5es de at\u00e9 315 bar;<br \/>\nRecomendada para a faixa de viscosidade: 10 mm\u00b2\/s at\u00e9 500 mm\u00b2\/s;<br \/>\nMateriais de veda\u00e7\u00e3o: NBR;<br \/>\n100% compat\u00edvel com os principais fabricantes;<br \/>\nPeso: 1,5 kg;<br \/>\nClasse de pureza conforme c\u00f3digo ISO: Grau de contamina\u00e7\u00e3o m\u00e1ximo admiss\u00edvel do fluido hidr\u00e1ulico conforme ISO 4406 (C) classe 20\/18\/153);<br \/>\nBot\u00e3o girat\u00f3rio com escala graduada;<br \/>\nModelo com reten\u00e7\u00e3o incorporada.<\/p>\n\n<table id=\"tablepress-13\" class=\"tablepress tablepress-id-13 tbody-has-connected-cells\">\n<thead>\n<tr class=\"row-1\">\n\t<th colspan=\"5\" class=\"column-1\"><strong>V\u00e1lvulas Convencionais <\/strong><\/th>\n<\/tr>\n<\/thead>\n<tbody class=\"row-striping row-hover\">\n<tr class=\"row-2\">\n\t<td colspan=\"2\" class=\"column-1\"><strong>ATOS<\/strong><\/td><td rowspan=\"2\" class=\"column-3\"><strong>BOSCH<\/strong><\/td><td rowspan=\"2\" class=\"column-4\"><strong>ACT<\/strong><\/td><td rowspan=\"2\" class=\"column-5\"><strong>VICKERS<\/strong><\/td>\n<\/tr>\n<tr class=\"row-3\">\n\t<td class=\"column-1\"><strong>C\u00f3digo do modelo<\/strong><\/td><td class=\"column-2\"><strong><\/strong><\/td>\n<\/tr>\n<tr class=\"row-4\">\n\t<td rowspan=\"5\" class=\"column-1\">QV-06<\/td><td class=\"column-2\">1<\/td><td class=\"column-3\">0 811 332 103<\/td><td class=\"column-4\">2FRM-6B-76-2X\/1,5Q R<\/td><td class=\"column-5\">FCG-3-16-H-10<\/td>\n<\/tr>\n<tr class=\"row-5\">\n\t<td class=\"column-2\">6<\/td><td class=\"column-3\">0 811 332 105<\/td><td class=\"column-4\">2FRM-6B-76-2X\/6Q R<\/td><td class=\"column-5\">FCG-3-63-H-10<\/td>\n<\/tr>\n<tr class=\"row-6\">\n\t<td class=\"column-2\">11<\/td><td class=\"column-3\">0 811 332 114<\/td><td class=\"column-4\">2FRM-6B-76-2X\/10Q R<\/td><td class=\"column-5\">FCG-3-120-H-10<\/td>\n<\/tr>\n<tr class=\"row-7\">\n\t<td class=\"column-2\">16<\/td><td class=\"column-3\">-<\/td><td class=\"column-4\">2FRM-6B-76-2X\/16Q R<\/td><td class=\"column-5\">FCG-3-180-H-10<\/td>\n<\/tr>\n<tr class=\"row-8\">\n\t<td class=\"column-2\">24<\/td><td class=\"column-3\">0 811 332 110<\/td><td class=\"column-4\">2FRM-6B-76-2X\/25Q R<\/td><td class=\"column-5\">-<\/td>\n<\/tr>\n<tr class=\"row-9\">\n\t<td class=\"column-1\">QV-10\/2<\/td><td class=\"column-2\"><\/td><td class=\"column-3\">0 811 330 030<\/td><td class=\"column-4\">2FRM-10-3X\/50L<\/td><td class=\"column-5\">FCG-02-2300<\/td>\n<\/tr>\n<tr class=\"row-10\">\n\t<td class=\"column-1\">QV-20\/2<\/td><td class=\"column-2\"><\/td><td class=\"column-3\">0 811 331 015<\/td><td class=\"column-4\">2FRM-16-3X\/160L<\/td><td class=\"column-5\">FCG-03-28-22<\/td>\n<\/tr>\n<\/tbody>\n<\/table>\n<!-- #tablepress-13 from cache -->\n","protected":false},"excerpt":{"rendered":"<p>A V\u00e1lvula Reguladora de Vaz\u00e3o 2FRM 6 B36-3X\/16QRV tem a fun\u00e7\u00e3o de manter, o m\u00e1ximo poss\u00edvel, a vaz\u00e3o constante independentemente da press\u00e3o e temperatura.<\/p>\n","protected":false},"featured_media":7049,"template":"","meta":[],"product_brand":[],"product_cat":[149,52],"product_tag":[],"class_list":{"0":"post-5060","1":"product","2":"type-product","3":"status-publish","4":"has-post-thumbnail","6":"product_cat-reguladora-de-vazao-compensada","7":"product_cat-valvulas-montagem-em-placa","9":"first","10":"instock","11":"virtual","12":"product-type-simple"},"yoast_head":"<!-- This site is optimized with the Yoast SEO plugin v27.2 - https:\/\/yoast.com\/product\/yoast-seo-wordpress\/ -->\n<title>V\u00e1lvula Reguladora de Vaz\u00e3o Compensada 2FRM 6 B36-3X\/16QRV - ACT Sistemas Hidr\u00e1ulicos<\/title>\n<meta name=\"description\" content=\"A V\u00e1lvula Reguladora de Vaz\u00e3o 2FRM 6 B36-3X\/16QRV tem a fun\u00e7\u00e3o de manter, o m\u00e1ximo poss\u00edvel, a vaz\u00e3o constante independentemente da press\u00e3o e temperatura.\" \/>\n<meta name=\"robots\" content=\"index, follow, max-snippet:-1, max-image-preview:large, max-video-preview:-1\" \/>\n<link rel=\"canonical\" href=\"https:\/\/actbr.com.br\/en\/produto\/valvula-reguladora-de-vazao-compensada-2frm-6-b36-3x-16qrv\/\" \/>\n<meta property=\"og:locale\" content=\"en_US\" \/>\n<meta property=\"og:type\" content=\"article\" \/>\n<meta property=\"og:title\" content=\"V\u00e1lvula Reguladora de Vaz\u00e3o Compensada 2FRM 6 B36-3X\/16QRV - ACT Sistemas Hidr\u00e1ulicos\" \/>\n<meta property=\"og:description\" content=\"A V\u00e1lvula Reguladora de Vaz\u00e3o 2FRM 6 B36-3X\/16QRV tem a fun\u00e7\u00e3o de manter, o m\u00e1ximo poss\u00edvel, a vaz\u00e3o constante independentemente da press\u00e3o e temperatura.\" \/>\n<meta property=\"og:url\" content=\"https:\/\/actbr.com.br\/en\/produto\/valvula-reguladora-de-vazao-compensada-2frm-6-b36-3x-16qrv\/\" \/>\n<meta property=\"og:site_name\" content=\"ACT Sistemas Hidr\u00e1ulicos\" \/>\n<meta property=\"article:modified_time\" content=\"2023-10-20T12:29:50+00:00\" \/>\n<meta property=\"og:image\" content=\"https:\/\/actbr.com.br\/wp-content\/uploads\/2020\/09\/Valvula-reguladora-de-vazao-compensada-2FRM-6.jpg\" \/>\n\t<meta property=\"og:image:width\" content=\"599\" \/>\n\t<meta property=\"og:image:height\" content=\"600\" \/>\n\t<meta property=\"og:image:type\" content=\"image\/jpeg\" \/>\n<meta name=\"twitter:card\" content=\"summary_large_image\" \/>\n<meta name=\"twitter:label1\" content=\"Est. reading time\" \/>\n\t<meta name=\"twitter:data1\" content=\"2 minutes\" \/>\n<script type=\"application\/ld+json\" class=\"yoast-schema-graph\">{\"@context\":\"https:\/\/schema.org\",\"@graph\":[{\"@type\":\"WebPage\",\"@id\":\"https:\/\/actbr.com.br\/en\/produto\/valvula-reguladora-de-vazao-compensada-2frm-6-b36-3x-16qrv\/\",\"url\":\"https:\/\/actbr.com.br\/en\/produto\/valvula-reguladora-de-vazao-compensada-2frm-6-b36-3x-16qrv\/\",\"name\":\"V\u00e1lvula Reguladora de Vaz\u00e3o Compensada 2FRM 6 B36-3X\/16QRV - ACT Sistemas Hidr\u00e1ulicos\",\"isPartOf\":{\"@id\":\"https:\/\/actbr.com.br\/en\/#website\"},\"primaryImageOfPage\":{\"@id\":\"https:\/\/actbr.com.br\/en\/produto\/valvula-reguladora-de-vazao-compensada-2frm-6-b36-3x-16qrv\/#primaryimage\"},\"image\":{\"@id\":\"https:\/\/actbr.com.br\/en\/produto\/valvula-reguladora-de-vazao-compensada-2frm-6-b36-3x-16qrv\/#primaryimage\"},\"thumbnailUrl\":\"https:\/\/actbr.com.br\/wp-content\/uploads\/2020\/09\/Valvula-reguladora-de-vazao-compensada-2FRM-6.jpg\",\"datePublished\":\"2020-09-29T16:07:57+00:00\",\"dateModified\":\"2023-10-20T12:29:50+00:00\",\"description\":\"A V\u00e1lvula Reguladora de Vaz\u00e3o 2FRM 6 B36-3X\/16QRV tem a fun\u00e7\u00e3o de manter, o m\u00e1ximo poss\u00edvel, a vaz\u00e3o constante independentemente da press\u00e3o e temperatura.\",\"breadcrumb\":{\"@id\":\"https:\/\/actbr.com.br\/en\/produto\/valvula-reguladora-de-vazao-compensada-2frm-6-b36-3x-16qrv\/#breadcrumb\"},\"inLanguage\":\"en-US\",\"potentialAction\":[{\"@type\":\"ReadAction\",\"target\":[\"https:\/\/actbr.com.br\/en\/produto\/valvula-reguladora-de-vazao-compensada-2frm-6-b36-3x-16qrv\/\"]}]},{\"@type\":\"ImageObject\",\"inLanguage\":\"en-US\",\"@id\":\"https:\/\/actbr.com.br\/en\/produto\/valvula-reguladora-de-vazao-compensada-2frm-6-b36-3x-16qrv\/#primaryimage\",\"url\":\"https:\/\/actbr.com.br\/wp-content\/uploads\/2020\/09\/Valvula-reguladora-de-vazao-compensada-2FRM-6.jpg\",\"contentUrl\":\"https:\/\/actbr.com.br\/wp-content\/uploads\/2020\/09\/Valvula-reguladora-de-vazao-compensada-2FRM-6.jpg\",\"width\":599,\"height\":600,\"caption\":\"V\u00e1lvula reguladora de vaz\u00e3o compensada 2FRM 6\"},{\"@type\":\"BreadcrumbList\",\"@id\":\"https:\/\/actbr.com.br\/en\/produto\/valvula-reguladora-de-vazao-compensada-2frm-6-b36-3x-16qrv\/#breadcrumb\",\"itemListElement\":[{\"@type\":\"ListItem\",\"position\":1,\"name\":\"In\u00edcio\",\"item\":\"https:\/\/actbr.com.br\/en\/\"},{\"@type\":\"ListItem\",\"position\":2,\"name\":\"Produtos\",\"item\":\"https:\/\/actbr.com.br\/produtos-act\/\"},{\"@type\":\"ListItem\",\"position\":3,\"name\":\"V\u00e1lvulas Montagem em Placa\",\"item\":\"https:\/\/actbr.com.br\/en\/categoria-produto\/valvulas-montagem-em-placa\/\"},{\"@type\":\"ListItem\",\"position\":4,\"name\":\"Reguladora de Vaz\u00e3o - Compensada\",\"item\":\"https:\/\/actbr.com.br\/en\/categoria-produto\/valvulas-montagem-em-placa\/reguladora-de-vazao-compensada\/\"},{\"@type\":\"ListItem\",\"position\":5,\"name\":\"V\u00e1lvula Reguladora de Vaz\u00e3o Compensada 2FRM 6 B36-3X\/16QRV\"}]},{\"@type\":\"WebSite\",\"@id\":\"https:\/\/actbr.com.br\/en\/#website\",\"url\":\"https:\/\/actbr.com.br\/en\/\",\"name\":\"ACT Sistemas Hidr\u00e1ulicos\",\"description\":\"Fabrica\u00e7\u00e3o e manuten\u00e7\u00e3o de componentes \u00f3leo hidr\u00e1ulicos\",\"publisher\":{\"@id\":\"https:\/\/actbr.com.br\/en\/#organization\"},\"potentialAction\":[{\"@type\":\"SearchAction\",\"target\":{\"@type\":\"EntryPoint\",\"urlTemplate\":\"https:\/\/actbr.com.br\/en\/?s={search_term_string}\"},\"query-input\":{\"@type\":\"PropertyValueSpecification\",\"valueRequired\":true,\"valueName\":\"search_term_string\"}}],\"inLanguage\":\"en-US\"},{\"@type\":\"Organization\",\"@id\":\"https:\/\/actbr.com.br\/en\/#organization\",\"name\":\"ACT Sistemas Hidr\u00e1ulicos\",\"url\":\"https:\/\/actbr.com.br\/en\/\",\"logo\":{\"@type\":\"ImageObject\",\"inLanguage\":\"en-US\",\"@id\":\"https:\/\/actbr.com.br\/en\/#\/schema\/logo\/image\/\",\"url\":\"https:\/\/actbr.com.br\/wp-content\/uploads\/2025\/02\/cropped-ACT_NEGATIVO-marca-dagua.png\",\"contentUrl\":\"https:\/\/actbr.com.br\/wp-content\/uploads\/2025\/02\/cropped-ACT_NEGATIVO-marca-dagua.png\",\"width\":240,\"height\":146,\"caption\":\"ACT Sistemas Hidr\u00e1ulicos\"},\"image\":{\"@id\":\"https:\/\/actbr.com.br\/en\/#\/schema\/logo\/image\/\"}}]}<\/script>\n<!-- \/ Yoast SEO plugin. -->","yoast_head_json":{"title":"V\u00e1lvula Reguladora de Vaz\u00e3o Compensada 2FRM 6 B36-3X\/16QRV - ACT Sistemas Hidr\u00e1ulicos","description":"A V\u00e1lvula Reguladora de Vaz\u00e3o 2FRM 6 B36-3X\/16QRV tem a fun\u00e7\u00e3o de manter, o m\u00e1ximo poss\u00edvel, a vaz\u00e3o constante independentemente da press\u00e3o e temperatura.","robots":{"index":"index","follow":"follow","max-snippet":"max-snippet:-1","max-image-preview":"max-image-preview:large","max-video-preview":"max-video-preview:-1"},"canonical":"https:\/\/actbr.com.br\/en\/produto\/valvula-reguladora-de-vazao-compensada-2frm-6-b36-3x-16qrv\/","og_locale":"en_US","og_type":"article","og_title":"V\u00e1lvula Reguladora de Vaz\u00e3o Compensada 2FRM 6 B36-3X\/16QRV - ACT Sistemas Hidr\u00e1ulicos","og_description":"A V\u00e1lvula Reguladora de Vaz\u00e3o 2FRM 6 B36-3X\/16QRV tem a fun\u00e7\u00e3o de manter, o m\u00e1ximo poss\u00edvel, a vaz\u00e3o constante independentemente da press\u00e3o e temperatura.","og_url":"https:\/\/actbr.com.br\/en\/produto\/valvula-reguladora-de-vazao-compensada-2frm-6-b36-3x-16qrv\/","og_site_name":"ACT Sistemas Hidr\u00e1ulicos","article_modified_time":"2023-10-20T12:29:50+00:00","og_image":[{"width":599,"height":600,"url":"https:\/\/actbr.com.br\/wp-content\/uploads\/2020\/09\/Valvula-reguladora-de-vazao-compensada-2FRM-6.jpg","type":"image\/jpeg"}],"twitter_card":"summary_large_image","twitter_misc":{"Est. reading time":"2 minutes"},"schema":{"@context":"https:\/\/schema.org","@graph":[{"@type":"WebPage","@id":"https:\/\/actbr.com.br\/en\/produto\/valvula-reguladora-de-vazao-compensada-2frm-6-b36-3x-16qrv\/","url":"https:\/\/actbr.com.br\/en\/produto\/valvula-reguladora-de-vazao-compensada-2frm-6-b36-3x-16qrv\/","name":"V\u00e1lvula Reguladora de Vaz\u00e3o Compensada 2FRM 6 B36-3X\/16QRV - ACT Sistemas Hidr\u00e1ulicos","isPartOf":{"@id":"https:\/\/actbr.com.br\/en\/#website"},"primaryImageOfPage":{"@id":"https:\/\/actbr.com.br\/en\/produto\/valvula-reguladora-de-vazao-compensada-2frm-6-b36-3x-16qrv\/#primaryimage"},"image":{"@id":"https:\/\/actbr.com.br\/en\/produto\/valvula-reguladora-de-vazao-compensada-2frm-6-b36-3x-16qrv\/#primaryimage"},"thumbnailUrl":"https:\/\/actbr.com.br\/wp-content\/uploads\/2020\/09\/Valvula-reguladora-de-vazao-compensada-2FRM-6.jpg","datePublished":"2020-09-29T16:07:57+00:00","dateModified":"2023-10-20T12:29:50+00:00","description":"A V\u00e1lvula Reguladora de Vaz\u00e3o 2FRM 6 B36-3X\/16QRV tem a fun\u00e7\u00e3o de manter, o m\u00e1ximo poss\u00edvel, a vaz\u00e3o constante independentemente da press\u00e3o e temperatura.","breadcrumb":{"@id":"https:\/\/actbr.com.br\/en\/produto\/valvula-reguladora-de-vazao-compensada-2frm-6-b36-3x-16qrv\/#breadcrumb"},"inLanguage":"en-US","potentialAction":[{"@type":"ReadAction","target":["https:\/\/actbr.com.br\/en\/produto\/valvula-reguladora-de-vazao-compensada-2frm-6-b36-3x-16qrv\/"]}]},{"@type":"ImageObject","inLanguage":"en-US","@id":"https:\/\/actbr.com.br\/en\/produto\/valvula-reguladora-de-vazao-compensada-2frm-6-b36-3x-16qrv\/#primaryimage","url":"https:\/\/actbr.com.br\/wp-content\/uploads\/2020\/09\/Valvula-reguladora-de-vazao-compensada-2FRM-6.jpg","contentUrl":"https:\/\/actbr.com.br\/wp-content\/uploads\/2020\/09\/Valvula-reguladora-de-vazao-compensada-2FRM-6.jpg","width":599,"height":600,"caption":"V\u00e1lvula reguladora de vaz\u00e3o compensada 2FRM 6"},{"@type":"BreadcrumbList","@id":"https:\/\/actbr.com.br\/en\/produto\/valvula-reguladora-de-vazao-compensada-2frm-6-b36-3x-16qrv\/#breadcrumb","itemListElement":[{"@type":"ListItem","position":1,"name":"In\u00edcio","item":"https:\/\/actbr.com.br\/en\/"},{"@type":"ListItem","position":2,"name":"Produtos","item":"https:\/\/actbr.com.br\/produtos-act\/"},{"@type":"ListItem","position":3,"name":"V\u00e1lvulas Montagem em Placa","item":"https:\/\/actbr.com.br\/en\/categoria-produto\/valvulas-montagem-em-placa\/"},{"@type":"ListItem","position":4,"name":"Reguladora de Vaz\u00e3o - Compensada","item":"https:\/\/actbr.com.br\/en\/categoria-produto\/valvulas-montagem-em-placa\/reguladora-de-vazao-compensada\/"},{"@type":"ListItem","position":5,"name":"V\u00e1lvula Reguladora de Vaz\u00e3o Compensada 2FRM 6 B36-3X\/16QRV"}]},{"@type":"WebSite","@id":"https:\/\/actbr.com.br\/en\/#website","url":"https:\/\/actbr.com.br\/en\/","name":"ACT Sistemas Hidr\u00e1ulicos","description":"Fabrica\u00e7\u00e3o e manuten\u00e7\u00e3o de componentes \u00f3leo hidr\u00e1ulicos","publisher":{"@id":"https:\/\/actbr.com.br\/en\/#organization"},"potentialAction":[{"@type":"SearchAction","target":{"@type":"EntryPoint","urlTemplate":"https:\/\/actbr.com.br\/en\/?s={search_term_string}"},"query-input":{"@type":"PropertyValueSpecification","valueRequired":true,"valueName":"search_term_string"}}],"inLanguage":"en-US"},{"@type":"Organization","@id":"https:\/\/actbr.com.br\/en\/#organization","name":"ACT Sistemas Hidr\u00e1ulicos","url":"https:\/\/actbr.com.br\/en\/","logo":{"@type":"ImageObject","inLanguage":"en-US","@id":"https:\/\/actbr.com.br\/en\/#\/schema\/logo\/image\/","url":"https:\/\/actbr.com.br\/wp-content\/uploads\/2025\/02\/cropped-ACT_NEGATIVO-marca-dagua.png","contentUrl":"https:\/\/actbr.com.br\/wp-content\/uploads\/2025\/02\/cropped-ACT_NEGATIVO-marca-dagua.png","width":240,"height":146,"caption":"ACT Sistemas Hidr\u00e1ulicos"},"image":{"@id":"https:\/\/actbr.com.br\/en\/#\/schema\/logo\/image\/"}}]}},"_links":{"self":[{"href":"https:\/\/actbr.com.br\/en\/wp-json\/wp\/v2\/product\/5060","targetHints":{"allow":["GET"]}}],"collection":[{"href":"https:\/\/actbr.com.br\/en\/wp-json\/wp\/v2\/product"}],"about":[{"href":"https:\/\/actbr.com.br\/en\/wp-json\/wp\/v2\/types\/product"}],"wp:featuredmedia":[{"embeddable":true,"href":"https:\/\/actbr.com.br\/en\/wp-json\/wp\/v2\/media\/7049"}],"wp:attachment":[{"href":"https:\/\/actbr.com.br\/en\/wp-json\/wp\/v2\/media?parent=5060"}],"wp:term":[{"taxonomy":"product_brand","embeddable":true,"href":"https:\/\/actbr.com.br\/en\/wp-json\/wp\/v2\/product_brand?post=5060"},{"taxonomy":"product_cat","embeddable":true,"href":"https:\/\/actbr.com.br\/en\/wp-json\/wp\/v2\/product_cat?post=5060"},{"taxonomy":"product_tag","embeddable":true,"href":"https:\/\/actbr.com.br\/en\/wp-json\/wp\/v2\/product_tag?post=5060"}],"curies":[{"name":"wp","href":"https:\/\/api.w.org\/{rel}","templated":true}]}}