{"id":5311,"date":"2020-09-29T13:12:35","date_gmt":"2020-09-29T16:12:35","guid":{"rendered":"https:\/\/actbr.com.br\/produto\/4wmm-6-y5valvula-direcional-manual-4wmm6-d5x-f\/"},"modified":"2023-10-17T13:42:20","modified_gmt":"2023-10-17T16:42:20","slug":"valvula-direcional-hidraulica-com-acionamento-manual-4wmm6-d6x-f","status":"publish","type":"product","link":"https:\/\/actbr.com.br\/en\/produto\/valvula-direcional-hidraulica-com-acionamento-manual-4wmm6-d6x-f\/","title":{"rendered":"V\u00e1lvula direcional hidr\u00e1ulica com acionamento manual 4WMM6-D6X\/F"},"content":{"rendered":"<p><strong>V\u00e1lvula Direcional Manual 4WMM6-D6X\/F<\/strong><\/p>\n<p>A V\u00e1lvula Direcional Manual 4WMM6-D6X\/F \u00e9 uma v\u00e1lvula direcional com \u00eambolo de acionamento mec\u00e2nico ou manual, montada conforme requisitos da ISO 4401.<\/p>\n<p>As v\u00e1lvulas direcionais manuais consistem basicamente da carca\u00e7a, de um elemento de acionamento (rolete, alavanca manual, bot\u00e3o girat\u00f3rio), do \u00eambolo de comando, assim como de uma ou duas molas de retorno.\u00a0Em sua posi\u00e7\u00e3o de descanso, P e A est\u00e3o conectados e B e T est\u00e3o conectados. Quando a alavanca \u00e9 acionada, P e B est\u00e3o conectados e A e T est\u00e3o conectados, sendo assim, travados por detente.\u00a0Acionando a alavanca novamente no sentido contr\u00e1rio, o destravamento do detente ocorre e a v\u00e1lvula retornar\u00e1 para a posi\u00e7\u00e3o de descanso.<\/p>\n<p><strong>Caracter\u00edsticas:<\/strong><br \/>\nSuperf\u00edcie de montagem ISO 4401:205 &#8211; 4401-03-02-0-05;<br \/>\nAcionada manualmente: v\u00e1lvula de acionamento manual;<br \/>\nAtua com vaz\u00f5es de at\u00e9 60 litros por minuto;<br \/>\nTrabalha com press\u00f5es de at\u00e9 315 bar nas linhas &#8220;A&#8221;, &#8220;B&#8221; e &#8220;P&#8221; e 120 bar na linha &#8220;T&#8221;;<br \/>\nRecomendado para a faixa de viscosidade: 10 mm\u00b2\/s at\u00e9 500 mm\u00b2\/s;<br \/>\nMateriais de veda\u00e7\u00e3o: NBR;<br \/>\n100% compat\u00edvel com os principais fabricantes;<br \/>\nPeso aproximado: 1,5kg;<br \/>\nTemperatura de trabalho recomendada: -30\u00ba a 80\u00baC.<\/p>\n\n<table id=\"tablepress-4\" class=\"tablepress tablepress-id-4\">\n<thead>\n<tr class=\"row-1\">\n\t<th colspan=\"3\" class=\"column-1\"><strong>Tabela de refer\u00eancia cruzada\u00a0<\/strong><\/th><td class=\"column-4\"><\/td><td class=\"column-5\"><\/td><td class=\"column-6\"><\/td><td class=\"column-7\"><\/td><td class=\"column-8\"><\/td>\n<\/tr>\n<\/thead>\n<tbody class=\"row-striping row-hover\">\n<tr class=\"row-2\">\n\t<td class=\"column-1\"><strong>ACT<\/strong><\/td><td class=\"column-2\"><strong>YUKEN<\/strong><\/td><td class=\"column-3\"><strong>ATOS<\/strong><\/td><td class=\"column-4\"><\/td><td class=\"column-5\"><\/td><td class=\"column-6\"><\/td><td class=\"column-7\"><\/td><td class=\"column-8\"><\/td>\n<\/tr>\n<tr class=\"row-3\">\n\t<td class=\"column-1\">4WMM6-D<\/td><td class=\"column-2\">DMG-02-2B2-W-10<\/td><td class=\"column-3\">DH-0131<\/td><td class=\"column-4\"><\/td><td class=\"column-5\"><\/td><td class=\"column-6\"><\/td><td class=\"column-7\"><\/td><td class=\"column-8\"><\/td>\n<\/tr>\n<tr class=\"row-4\">\n\t<td class=\"column-1\">4WMM6-D\/F<\/td><td class=\"column-2\">DMG-02-2B2-O-10<\/td><td class=\"column-3\">DH-0151<\/td><td class=\"column-4\"><\/td><td class=\"column-5\"><\/td><td class=\"column-6\"><\/td><td class=\"column-7\"><\/td><td class=\"column-8\"><\/td>\n<\/tr>\n<tr class=\"row-5\">\n\t<td class=\"column-1\">4WMM6-E<\/td><td class=\"column-2\">DMG-02-3C2-W-10<\/td><td class=\"column-3\">DH-0111<\/td><td class=\"column-4\"><\/td><td class=\"column-5\"><\/td><td class=\"column-6\"><\/td><td class=\"column-7\"><\/td><td class=\"column-8\"><\/td>\n<\/tr>\n<tr class=\"row-6\">\n\t<td class=\"column-1\">4WMM6-E\/F<\/td><td class=\"column-2\">DMG-02-3C2-O-10<\/td><td class=\"column-3\">DH-0141<\/td><td class=\"column-4\"><\/td><td class=\"column-5\"><\/td><td class=\"column-6\"><\/td><td class=\"column-7\"><\/td><td class=\"column-8\"><\/td>\n<\/tr>\n<tr class=\"row-7\">\n\t<td class=\"column-1\">4WMM6-H<\/td><td class=\"column-2\">DMG-02-3C3-W-10<\/td><td class=\"column-3\">DH-0110<\/td><td class=\"column-4\"><\/td><td class=\"column-5\"><\/td><td class=\"column-6\"><\/td><td class=\"column-7\"><\/td><td class=\"column-8\"><\/td>\n<\/tr>\n<tr class=\"row-8\">\n\t<td class=\"column-1\">4WMM6-H\/F<\/td><td class=\"column-2\">DMG-02-3C3-O-10<\/td><td class=\"column-3\">DH-0140<\/td><td class=\"column-4\"><\/td><td class=\"column-5\"><\/td><td class=\"column-6\"><\/td><td class=\"column-7\"><\/td><td class=\"column-8\"><\/td>\n<\/tr>\n<tr class=\"row-9\">\n\t<td class=\"column-1\">4WMM6-J<\/td><td class=\"column-2\">DMG-02-3C4-W-10<\/td><td class=\"column-3\">DH-0113<\/td><td class=\"column-4\"><\/td><td class=\"column-5\"><\/td><td class=\"column-6\"><\/td><td class=\"column-7\"><\/td><td class=\"column-8\"><\/td>\n<\/tr>\n<tr class=\"row-10\">\n\t<td class=\"column-1\">4WMM6-J\/F<\/td><td class=\"column-2\">DMG-02-3C4-O-10<\/td><td class=\"column-3\">DH-0143<\/td><td class=\"column-4\"><\/td><td class=\"column-5\"><\/td><td class=\"column-6\"><\/td><td class=\"column-7\"><\/td><td class=\"column-8\"><\/td>\n<\/tr>\n<tr class=\"row-11\">\n\t<td class=\"column-1\">4WMM6-G<\/td><td class=\"column-2\">DMG-02-3C6W-10<\/td><td class=\"column-3\">DH-0114<\/td><td class=\"column-4\"><\/td><td class=\"column-5\"><\/td><td class=\"column-6\"><\/td><td class=\"column-7\"><\/td><td class=\"column-8\"><\/td>\n<\/tr>\n<tr class=\"row-12\">\n\t<td class=\"column-1\">4WMM6-G\/F<\/td><td class=\"column-2\">DMG-02-3C6-O-10<\/td><td class=\"column-3\">DH-0144<\/td><td class=\"column-4\"><\/td><td class=\"column-5\"><\/td><td class=\"column-6\"><\/td><td class=\"column-7\"><\/td><td class=\"column-8\"><\/td>\n<\/tr>\n<tr class=\"row-13\">\n\t<td class=\"column-1\">4WMM10-D<\/td><td class=\"column-2\">DMG-03-2B2-W-10<\/td><td class=\"column-3\">DK-0131<\/td><td class=\"column-4\"><\/td><td class=\"column-5\"><\/td><td class=\"column-6\"><\/td><td class=\"column-7\"><\/td><td class=\"column-8\"><\/td>\n<\/tr>\n<tr class=\"row-14\">\n\t<td class=\"column-1\">4WMM10-D\/F<\/td><td class=\"column-2\">DMG-03-2B2-O-10<\/td><td class=\"column-3\">DK-0151<\/td><td class=\"column-4\"><\/td><td class=\"column-5\"><\/td><td class=\"column-6\"><\/td><td class=\"column-7\"><\/td><td class=\"column-8\"><\/td>\n<\/tr>\n<tr class=\"row-15\">\n\t<td class=\"column-1\">4WMM10-E<\/td><td class=\"column-2\">DMG-03-3C2-W-10<\/td><td class=\"column-3\">DK-0111<\/td><td class=\"column-4\"><\/td><td class=\"column-5\"><\/td><td class=\"column-6\"><\/td><td class=\"column-7\"><\/td><td class=\"column-8\"><\/td>\n<\/tr>\n<tr class=\"row-16\">\n\t<td class=\"column-1\">4WMM10-E\/F<\/td><td class=\"column-2\">DMG-03-3C2-O-10<\/td><td class=\"column-3\">DK-0141<\/td><td class=\"column-4\"><\/td><td class=\"column-5\"><\/td><td class=\"column-6\"><\/td><td class=\"column-7\"><\/td><td class=\"column-8\"><\/td>\n<\/tr>\n<tr class=\"row-17\">\n\t<td class=\"column-1\">4WMM10-H<\/td><td class=\"column-2\">DMG-03-3C3-W-10<\/td><td class=\"column-3\">DK-0110<\/td><td class=\"column-4\"><\/td><td class=\"column-5\"><\/td><td class=\"column-6\"><\/td><td class=\"column-7\"><\/td><td class=\"column-8\"><\/td>\n<\/tr>\n<tr class=\"row-18\">\n\t<td class=\"column-1\">4WMM10-H\/F<\/td><td class=\"column-2\">DMG-03-3C3-O-10<\/td><td class=\"column-3\">DK-0140<\/td><td class=\"column-4\"><\/td><td class=\"column-5\"><\/td><td class=\"column-6\"><\/td><td class=\"column-7\"><\/td><td class=\"column-8\"><\/td>\n<\/tr>\n<tr class=\"row-19\">\n\t<td class=\"column-1\">4WMM10-J<\/td><td class=\"column-2\">DMG-03-3C4-W-10<\/td><td class=\"column-3\">DK-0113<\/td><td class=\"column-4\"><\/td><td class=\"column-5\"><\/td><td class=\"column-6\"><\/td><td class=\"column-7\"><\/td><td class=\"column-8\"><\/td>\n<\/tr>\n<tr class=\"row-20\">\n\t<td class=\"column-1\">4WMM10-J\/F<\/td><td class=\"column-2\">DMG-03-3C4-O-10<\/td><td class=\"column-3\">DK-0143<\/td><td class=\"column-4\"><\/td><td class=\"column-5\"><\/td><td class=\"column-6\"><\/td><td class=\"column-7\"><\/td><td class=\"column-8\"><\/td>\n<\/tr>\n<tr class=\"row-21\">\n\t<td class=\"column-1\">4WMM10-G<\/td><td class=\"column-2\">DMG-03-3C6W-10<\/td><td class=\"column-3\">DK-0114<\/td><td class=\"column-4\"><\/td><td class=\"column-5\"><\/td><td class=\"column-6\"><\/td><td class=\"column-7\"><\/td><td class=\"column-8\"><\/td>\n<\/tr>\n<tr class=\"row-22\">\n\t<td class=\"column-1\">4WMM10-G\/F<\/td><td class=\"column-2\">DMG-03-3C6-O-10<\/td><td class=\"column-3\">DK-0144<\/td><td class=\"column-4\"><\/td><td class=\"column-5\"><\/td><td class=\"column-6\"><\/td><td class=\"column-7\"><\/td><td class=\"column-8\"><\/td>\n<\/tr>\n<\/tbody>\n<\/table>\n<!-- #tablepress-4 from cache -->\n","protected":false},"excerpt":{"rendered":"<p>A V\u00e1lvula Direcional Manual 4WMM6-D6X\/F \u00e9 uma v\u00e1lvula direcional com \u00eambolo de acionamento mec\u00e2nico ou manual, montada conforme requisitos da ISO 4401.<\/p>\n","protected":false},"featured_media":8140,"template":"","meta":[],"product_brand":[],"product_cat":[49,46],"product_tag":[],"class_list":{"0":"post-5311","1":"product","2":"type-product","3":"status-publish","4":"has-post-thumbnail","6":"product_cat-manual","7":"product_cat-valvulas-direcionais","9":"first","10":"instock","11":"virtual","12":"product-type-simple"},"yoast_head":"<!-- This site is optimized with the Yoast SEO plugin v27.2 - https:\/\/yoast.com\/product\/yoast-seo-wordpress\/ -->\n<title>V\u00e1lvula direcional hidr\u00e1ulica com acionamento manual 4WMM6-D6X\/F - ACT Sistemas Hidr\u00e1ulicos<\/title>\n<meta name=\"description\" content=\"A V\u00e1lvula Direcional Manual 4WMM6-D6X\/F \u00e9 uma v\u00e1lvula direcional com \u00eambolo de acionamento mec\u00e2nico ou manual, montada conforme requisitos da ISO 4401.\" \/>\n<meta name=\"robots\" content=\"index, follow, max-snippet:-1, max-image-preview:large, max-video-preview:-1\" \/>\n<link rel=\"canonical\" href=\"https:\/\/actbr.com.br\/en\/produto\/valvula-direcional-hidraulica-com-acionamento-manual-4wmm6-d6x-f\/\" \/>\n<meta property=\"og:locale\" content=\"en_US\" \/>\n<meta property=\"og:type\" content=\"article\" \/>\n<meta property=\"og:title\" content=\"V\u00e1lvula direcional hidr\u00e1ulica com acionamento manual 4WMM6-D6X\/F - ACT Sistemas Hidr\u00e1ulicos\" \/>\n<meta property=\"og:description\" content=\"A V\u00e1lvula Direcional Manual 4WMM6-D6X\/F \u00e9 uma v\u00e1lvula direcional com \u00eambolo de acionamento mec\u00e2nico ou manual, montada conforme requisitos da ISO 4401.\" \/>\n<meta property=\"og:url\" content=\"https:\/\/actbr.com.br\/en\/produto\/valvula-direcional-hidraulica-com-acionamento-manual-4wmm6-d6x-f\/\" \/>\n<meta property=\"og:site_name\" content=\"ACT Sistemas Hidr\u00e1ulicos\" \/>\n<meta property=\"article:modified_time\" content=\"2023-10-17T16:42:20+00:00\" \/>\n<meta property=\"og:image\" content=\"https:\/\/actbr.com.br\/wp-content\/uploads\/2020\/09\/Valvula-direcional-manual-4WMM6-D6X-F.jpg\" \/>\n\t<meta property=\"og:image:width\" content=\"600\" \/>\n\t<meta property=\"og:image:height\" content=\"597\" \/>\n\t<meta property=\"og:image:type\" content=\"image\/jpeg\" \/>\n<meta name=\"twitter:card\" content=\"summary_large_image\" \/>\n<meta name=\"twitter:label1\" content=\"Est. reading time\" \/>\n\t<meta name=\"twitter:data1\" content=\"2 minutes\" \/>\n<script type=\"application\/ld+json\" class=\"yoast-schema-graph\">{\"@context\":\"https:\/\/schema.org\",\"@graph\":[{\"@type\":\"WebPage\",\"@id\":\"https:\/\/actbr.com.br\/en\/produto\/valvula-direcional-hidraulica-com-acionamento-manual-4wmm6-d6x-f\/\",\"url\":\"https:\/\/actbr.com.br\/en\/produto\/valvula-direcional-hidraulica-com-acionamento-manual-4wmm6-d6x-f\/\",\"name\":\"V\u00e1lvula direcional hidr\u00e1ulica com acionamento manual 4WMM6-D6X\/F - ACT Sistemas Hidr\u00e1ulicos\",\"isPartOf\":{\"@id\":\"https:\/\/actbr.com.br\/en\/#website\"},\"primaryImageOfPage\":{\"@id\":\"https:\/\/actbr.com.br\/en\/produto\/valvula-direcional-hidraulica-com-acionamento-manual-4wmm6-d6x-f\/#primaryimage\"},\"image\":{\"@id\":\"https:\/\/actbr.com.br\/en\/produto\/valvula-direcional-hidraulica-com-acionamento-manual-4wmm6-d6x-f\/#primaryimage\"},\"thumbnailUrl\":\"https:\/\/actbr.com.br\/wp-content\/uploads\/2020\/09\/Valvula-direcional-manual-4WMM6-D6X-F.jpg\",\"datePublished\":\"2020-09-29T16:12:35+00:00\",\"dateModified\":\"2023-10-17T16:42:20+00:00\",\"description\":\"A V\u00e1lvula Direcional Manual 4WMM6-D6X\/F \u00e9 uma v\u00e1lvula direcional com \u00eambolo de acionamento mec\u00e2nico ou manual, montada conforme requisitos da ISO 4401.\",\"breadcrumb\":{\"@id\":\"https:\/\/actbr.com.br\/en\/produto\/valvula-direcional-hidraulica-com-acionamento-manual-4wmm6-d6x-f\/#breadcrumb\"},\"inLanguage\":\"en-US\",\"potentialAction\":[{\"@type\":\"ReadAction\",\"target\":[\"https:\/\/actbr.com.br\/en\/produto\/valvula-direcional-hidraulica-com-acionamento-manual-4wmm6-d6x-f\/\"]}]},{\"@type\":\"ImageObject\",\"inLanguage\":\"en-US\",\"@id\":\"https:\/\/actbr.com.br\/en\/produto\/valvula-direcional-hidraulica-com-acionamento-manual-4wmm6-d6x-f\/#primaryimage\",\"url\":\"https:\/\/actbr.com.br\/wp-content\/uploads\/2020\/09\/Valvula-direcional-manual-4WMM6-D6X-F.jpg\",\"contentUrl\":\"https:\/\/actbr.com.br\/wp-content\/uploads\/2020\/09\/Valvula-direcional-manual-4WMM6-D6X-F.jpg\",\"width\":600,\"height\":597,\"caption\":\"V\u00e1lvula Direcional Manual 4WMM6-D6X\/F\"},{\"@type\":\"BreadcrumbList\",\"@id\":\"https:\/\/actbr.com.br\/en\/produto\/valvula-direcional-hidraulica-com-acionamento-manual-4wmm6-d6x-f\/#breadcrumb\",\"itemListElement\":[{\"@type\":\"ListItem\",\"position\":1,\"name\":\"In\u00edcio\",\"item\":\"https:\/\/actbr.com.br\/en\/\"},{\"@type\":\"ListItem\",\"position\":2,\"name\":\"Produtos\",\"item\":\"https:\/\/actbr.com.br\/produtos-act\/\"},{\"@type\":\"ListItem\",\"position\":3,\"name\":\"V\u00e1lvulas Direcionais\",\"item\":\"https:\/\/actbr.com.br\/en\/categoria-produto\/valvulas-direcionais\/\"},{\"@type\":\"ListItem\",\"position\":4,\"name\":\"Direcional Manual\",\"item\":\"https:\/\/actbr.com.br\/en\/categoria-produto\/valvulas-direcionais\/manual\/\"},{\"@type\":\"ListItem\",\"position\":5,\"name\":\"V\u00e1lvula direcional hidr\u00e1ulica com acionamento manual 4WMM6-D6X\/F\"}]},{\"@type\":\"WebSite\",\"@id\":\"https:\/\/actbr.com.br\/en\/#website\",\"url\":\"https:\/\/actbr.com.br\/en\/\",\"name\":\"ACT Sistemas Hidr\u00e1ulicos\",\"description\":\"Fabrica\u00e7\u00e3o e manuten\u00e7\u00e3o de componentes \u00f3leo hidr\u00e1ulicos\",\"publisher\":{\"@id\":\"https:\/\/actbr.com.br\/en\/#organization\"},\"potentialAction\":[{\"@type\":\"SearchAction\",\"target\":{\"@type\":\"EntryPoint\",\"urlTemplate\":\"https:\/\/actbr.com.br\/en\/?s={search_term_string}\"},\"query-input\":{\"@type\":\"PropertyValueSpecification\",\"valueRequired\":true,\"valueName\":\"search_term_string\"}}],\"inLanguage\":\"en-US\"},{\"@type\":\"Organization\",\"@id\":\"https:\/\/actbr.com.br\/en\/#organization\",\"name\":\"ACT Sistemas Hidr\u00e1ulicos\",\"url\":\"https:\/\/actbr.com.br\/en\/\",\"logo\":{\"@type\":\"ImageObject\",\"inLanguage\":\"en-US\",\"@id\":\"https:\/\/actbr.com.br\/en\/#\/schema\/logo\/image\/\",\"url\":\"https:\/\/actbr.com.br\/wp-content\/uploads\/2025\/02\/cropped-ACT_NEGATIVO-marca-dagua.png\",\"contentUrl\":\"https:\/\/actbr.com.br\/wp-content\/uploads\/2025\/02\/cropped-ACT_NEGATIVO-marca-dagua.png\",\"width\":240,\"height\":146,\"caption\":\"ACT Sistemas Hidr\u00e1ulicos\"},\"image\":{\"@id\":\"https:\/\/actbr.com.br\/en\/#\/schema\/logo\/image\/\"}}]}<\/script>\n<!-- \/ Yoast SEO plugin. -->","yoast_head_json":{"title":"V\u00e1lvula direcional hidr\u00e1ulica com acionamento manual 4WMM6-D6X\/F - ACT Sistemas Hidr\u00e1ulicos","description":"A V\u00e1lvula Direcional Manual 4WMM6-D6X\/F \u00e9 uma v\u00e1lvula direcional com \u00eambolo de acionamento mec\u00e2nico ou manual, montada conforme requisitos da ISO 4401.","robots":{"index":"index","follow":"follow","max-snippet":"max-snippet:-1","max-image-preview":"max-image-preview:large","max-video-preview":"max-video-preview:-1"},"canonical":"https:\/\/actbr.com.br\/en\/produto\/valvula-direcional-hidraulica-com-acionamento-manual-4wmm6-d6x-f\/","og_locale":"en_US","og_type":"article","og_title":"V\u00e1lvula direcional hidr\u00e1ulica com acionamento manual 4WMM6-D6X\/F - ACT Sistemas Hidr\u00e1ulicos","og_description":"A V\u00e1lvula Direcional Manual 4WMM6-D6X\/F \u00e9 uma v\u00e1lvula direcional com \u00eambolo de acionamento mec\u00e2nico ou manual, montada conforme requisitos da ISO 4401.","og_url":"https:\/\/actbr.com.br\/en\/produto\/valvula-direcional-hidraulica-com-acionamento-manual-4wmm6-d6x-f\/","og_site_name":"ACT Sistemas Hidr\u00e1ulicos","article_modified_time":"2023-10-17T16:42:20+00:00","og_image":[{"width":600,"height":597,"url":"https:\/\/actbr.com.br\/wp-content\/uploads\/2020\/09\/Valvula-direcional-manual-4WMM6-D6X-F.jpg","type":"image\/jpeg"}],"twitter_card":"summary_large_image","twitter_misc":{"Est. reading time":"2 minutes"},"schema":{"@context":"https:\/\/schema.org","@graph":[{"@type":"WebPage","@id":"https:\/\/actbr.com.br\/en\/produto\/valvula-direcional-hidraulica-com-acionamento-manual-4wmm6-d6x-f\/","url":"https:\/\/actbr.com.br\/en\/produto\/valvula-direcional-hidraulica-com-acionamento-manual-4wmm6-d6x-f\/","name":"V\u00e1lvula direcional hidr\u00e1ulica com acionamento manual 4WMM6-D6X\/F - ACT Sistemas Hidr\u00e1ulicos","isPartOf":{"@id":"https:\/\/actbr.com.br\/en\/#website"},"primaryImageOfPage":{"@id":"https:\/\/actbr.com.br\/en\/produto\/valvula-direcional-hidraulica-com-acionamento-manual-4wmm6-d6x-f\/#primaryimage"},"image":{"@id":"https:\/\/actbr.com.br\/en\/produto\/valvula-direcional-hidraulica-com-acionamento-manual-4wmm6-d6x-f\/#primaryimage"},"thumbnailUrl":"https:\/\/actbr.com.br\/wp-content\/uploads\/2020\/09\/Valvula-direcional-manual-4WMM6-D6X-F.jpg","datePublished":"2020-09-29T16:12:35+00:00","dateModified":"2023-10-17T16:42:20+00:00","description":"A V\u00e1lvula Direcional Manual 4WMM6-D6X\/F \u00e9 uma v\u00e1lvula direcional com \u00eambolo de acionamento mec\u00e2nico ou manual, montada conforme requisitos da ISO 4401.","breadcrumb":{"@id":"https:\/\/actbr.com.br\/en\/produto\/valvula-direcional-hidraulica-com-acionamento-manual-4wmm6-d6x-f\/#breadcrumb"},"inLanguage":"en-US","potentialAction":[{"@type":"ReadAction","target":["https:\/\/actbr.com.br\/en\/produto\/valvula-direcional-hidraulica-com-acionamento-manual-4wmm6-d6x-f\/"]}]},{"@type":"ImageObject","inLanguage":"en-US","@id":"https:\/\/actbr.com.br\/en\/produto\/valvula-direcional-hidraulica-com-acionamento-manual-4wmm6-d6x-f\/#primaryimage","url":"https:\/\/actbr.com.br\/wp-content\/uploads\/2020\/09\/Valvula-direcional-manual-4WMM6-D6X-F.jpg","contentUrl":"https:\/\/actbr.com.br\/wp-content\/uploads\/2020\/09\/Valvula-direcional-manual-4WMM6-D6X-F.jpg","width":600,"height":597,"caption":"V\u00e1lvula Direcional Manual 4WMM6-D6X\/F"},{"@type":"BreadcrumbList","@id":"https:\/\/actbr.com.br\/en\/produto\/valvula-direcional-hidraulica-com-acionamento-manual-4wmm6-d6x-f\/#breadcrumb","itemListElement":[{"@type":"ListItem","position":1,"name":"In\u00edcio","item":"https:\/\/actbr.com.br\/en\/"},{"@type":"ListItem","position":2,"name":"Produtos","item":"https:\/\/actbr.com.br\/produtos-act\/"},{"@type":"ListItem","position":3,"name":"V\u00e1lvulas Direcionais","item":"https:\/\/actbr.com.br\/en\/categoria-produto\/valvulas-direcionais\/"},{"@type":"ListItem","position":4,"name":"Direcional Manual","item":"https:\/\/actbr.com.br\/en\/categoria-produto\/valvulas-direcionais\/manual\/"},{"@type":"ListItem","position":5,"name":"V\u00e1lvula direcional hidr\u00e1ulica com acionamento manual 4WMM6-D6X\/F"}]},{"@type":"WebSite","@id":"https:\/\/actbr.com.br\/en\/#website","url":"https:\/\/actbr.com.br\/en\/","name":"ACT Sistemas Hidr\u00e1ulicos","description":"Fabrica\u00e7\u00e3o e manuten\u00e7\u00e3o de componentes \u00f3leo hidr\u00e1ulicos","publisher":{"@id":"https:\/\/actbr.com.br\/en\/#organization"},"potentialAction":[{"@type":"SearchAction","target":{"@type":"EntryPoint","urlTemplate":"https:\/\/actbr.com.br\/en\/?s={search_term_string}"},"query-input":{"@type":"PropertyValueSpecification","valueRequired":true,"valueName":"search_term_string"}}],"inLanguage":"en-US"},{"@type":"Organization","@id":"https:\/\/actbr.com.br\/en\/#organization","name":"ACT Sistemas Hidr\u00e1ulicos","url":"https:\/\/actbr.com.br\/en\/","logo":{"@type":"ImageObject","inLanguage":"en-US","@id":"https:\/\/actbr.com.br\/en\/#\/schema\/logo\/image\/","url":"https:\/\/actbr.com.br\/wp-content\/uploads\/2025\/02\/cropped-ACT_NEGATIVO-marca-dagua.png","contentUrl":"https:\/\/actbr.com.br\/wp-content\/uploads\/2025\/02\/cropped-ACT_NEGATIVO-marca-dagua.png","width":240,"height":146,"caption":"ACT Sistemas Hidr\u00e1ulicos"},"image":{"@id":"https:\/\/actbr.com.br\/en\/#\/schema\/logo\/image\/"}}]}},"_links":{"self":[{"href":"https:\/\/actbr.com.br\/en\/wp-json\/wp\/v2\/product\/5311","targetHints":{"allow":["GET"]}}],"collection":[{"href":"https:\/\/actbr.com.br\/en\/wp-json\/wp\/v2\/product"}],"about":[{"href":"https:\/\/actbr.com.br\/en\/wp-json\/wp\/v2\/types\/product"}],"wp:featuredmedia":[{"embeddable":true,"href":"https:\/\/actbr.com.br\/en\/wp-json\/wp\/v2\/media\/8140"}],"wp:attachment":[{"href":"https:\/\/actbr.com.br\/en\/wp-json\/wp\/v2\/media?parent=5311"}],"wp:term":[{"taxonomy":"product_brand","embeddable":true,"href":"https:\/\/actbr.com.br\/en\/wp-json\/wp\/v2\/product_brand?post=5311"},{"taxonomy":"product_cat","embeddable":true,"href":"https:\/\/actbr.com.br\/en\/wp-json\/wp\/v2\/product_cat?post=5311"},{"taxonomy":"product_tag","embeddable":true,"href":"https:\/\/actbr.com.br\/en\/wp-json\/wp\/v2\/product_tag?post=5311"}],"curies":[{"name":"wp","href":"https:\/\/api.w.org\/{rel}","templated":true}]}}