{"id":5373,"date":"2020-09-29T13:13:48","date_gmt":"2020-09-29T16:13:48","guid":{"rendered":"https:\/\/actbr.com.br\/produto\/pressostato-fox-k4-eletro-hidraulico\/"},"modified":"2023-10-06T14:13:43","modified_gmt":"2023-10-06T17:13:43","slug":"pressostato-eletro-hidraulico-k4-fox","status":"publish","type":"product","link":"https:\/\/actbr.com.br\/en\/produto\/pressostato-eletro-hidraulico-k4-fox\/","title":{"rendered":"Pressostato Eletro hidr\u00e1ulico K4 FOX"},"content":{"rendered":"<p><strong>Pressostato K4 FOX (Eletro Hidr\u00e1ulico)<\/strong><\/p>\n<p>O Pressostato K4 FOX\u00a0 destina-se a aplica\u00e7\u00e3o em linha . Se a press\u00e3o a ser monitorada encontrar-se abaixo do valor ajustado, o microswitch \u00e9 acionado.<\/p>\n<p>Pressostatos s\u00e3o dispositivos que est\u00e3o configurados para perceber uma mudan\u00e7a na press\u00e3o e responder de uma forma espec\u00edfica nesta situa\u00e7\u00e3o, por meio de uma liga\u00e7\u00e3o el\u00e9trica.<\/p>\n<p>A ACT disponibiliza em sua linha de pressostatos atua\u00e7\u00e3o numa janela entre 0,2 a 400 bar (ajuste).<\/p>\n<p>A press\u00e3o a ser monitorada atua no \u00eambolo, atrav\u00e9s do gicl\u00ea, o \u00eambolo apoia-se no assento de mola e atua contra a for\u00e7a de compress\u00e3o da mola. O assento da mola transmite o movimento do \u00eambolo para o microswitch e o aciona ao atingir a press\u00e3o ajustada. Desta forma, o circuito el\u00e9trico \u00e9 ligado ou desligado de acordo com a situa\u00e7\u00e3o do circuito hidr\u00e1ulico. O encosto mec\u00e2nico do assento de mola, protege o microswitch contra avaria mec\u00e2nica em caso de descompress\u00e3o e evita o bloqueio da mola no caso de sobrepress\u00e3o.<\/p>\n<h5><strong>Informa\u00e7\u00f5es t\u00e9cnicas:<\/strong><\/h5>\n<p>Temperatura de opera\u00e7\u00e3o: -25 \u00b0 C \u00f7 + 85 \u00b0 C;<br \/>\nFrequ\u00eancia de comuta\u00e7\u00e3o: 90 ciclos \/ min;<br \/>\nPonto de comuta\u00e7\u00e3o : ajust\u00e1vel por parafuso externo;<br \/>\nPrecis\u00e3o de disparo: \u00b1 5% da escala completa a 20 \u00b0 C;<\/p>\n<p><strong>Valor fixo de histerese:<\/strong><br \/>\nExecu\u00e7\u00f5es de membrana ~ 10% da escala completa a 20 \u00b0 C;<br \/>\nExecu\u00e7\u00f5es de pist\u00e3o ~ 20% da escala completa a 20 \u00b0 C;<br \/>\nExecu\u00e7\u00e3o Y ~ 25% da escala completa a 20 \u00b0 C;<br \/>\nPeso: 0,06 Kg;<br \/>\nVida mec\u00e2nica: 1.000.00 ciclos a 70 bar (1000 PSI) a 20 \u00b0 C;<\/p>\n<p><strong>Caracter\u00edsticas el\u00e9tricas:<\/strong><br \/>\nCarga m\u00e1xima: 0,5 A a 250 Volts CA, 0,15 A a 110 Volts DC;<br \/>\nContato simples (NA ou NF);<br \/>\nGarantia: consulte a p\u00e1gina dedicada;<br \/>\nPe\u00e7as de reposi\u00e7\u00e3o: consulte a p\u00e1gina dedicada;<\/p>\n<p><strong>Dispon\u00edvel:<\/strong><br \/>\nPress\u00f5es m\u00e1ximas especiais;<br \/>\nConex\u00f5es el\u00e9tricas especiais;<br \/>\nValores de histerese especiais;<br \/>\nCU-TR para o mercado russo;<br \/>\nUL-CSA apenas para a parte el\u00e9trica;<br \/>\nProte\u00e7\u00e3o el\u00e9trica conforme DIN40050, IP54 com capuz\u00a0P1 protec\u00e7\u00e3o;<br \/>\nSeparador de a\u00e7o inoxid\u00e1vel, a\u00e7o carbono ou pl\u00e1stico (&lt;10 bar) para fluidos corrosivos e \/ ou com altas porcentagens de s\u00f3lidos em suspens\u00e3o.<\/p>\n","protected":false},"excerpt":{"rendered":"<p>O Pressostato FOX K4 destina-se a aplica\u00e7\u00e3o em linha . Se a press\u00e3o a ser monitorada encontrar-se abaixo do valor ajustado, o microswitch \u00e9 acionado.<\/p>\n","protected":false},"featured_media":7626,"template":"","meta":[],"product_brand":[],"product_cat":[63,64],"product_tag":[],"class_list":{"0":"post-5373","1":"product","2":"type-product","3":"status-publish","4":"has-post-thumbnail","6":"product_cat-instrumentacao","7":"product_cat-pressao","9":"first","10":"instock","11":"virtual","12":"product-type-simple"},"yoast_head":"<!-- This site is optimized with the Yoast SEO plugin v27.2 - https:\/\/yoast.com\/product\/yoast-seo-wordpress\/ -->\n<title>Pressostato Eletro hidr\u00e1ulico K4 FOX - ACT Sistemas Hidr\u00e1ulicos<\/title>\n<meta name=\"description\" content=\"O Pressostato K4 FOX destina-se a aplica\u00e7\u00e3o em linha . Se a press\u00e3o a ser monitorada encontrar-se abaixo do valor ajustado, o microswitch \u00e9 acionado.\" \/>\n<meta name=\"robots\" content=\"index, follow, max-snippet:-1, max-image-preview:large, max-video-preview:-1\" \/>\n<link rel=\"canonical\" href=\"https:\/\/actbr.com.br\/en\/produto\/pressostato-eletro-hidraulico-k4-fox\/\" \/>\n<meta property=\"og:locale\" content=\"en_US\" \/>\n<meta property=\"og:type\" content=\"article\" \/>\n<meta property=\"og:title\" content=\"Pressostato Eletro hidr\u00e1ulico K4 FOX - ACT Sistemas Hidr\u00e1ulicos\" \/>\n<meta property=\"og:description\" content=\"O Pressostato K4 FOX destina-se a aplica\u00e7\u00e3o em linha . Se a press\u00e3o a ser monitorada encontrar-se abaixo do valor ajustado, o microswitch \u00e9 acionado.\" \/>\n<meta property=\"og:url\" content=\"https:\/\/actbr.com.br\/en\/produto\/pressostato-eletro-hidraulico-k4-fox\/\" \/>\n<meta property=\"og:site_name\" content=\"ACT Sistemas Hidr\u00e1ulicos\" \/>\n<meta property=\"article:modified_time\" content=\"2023-10-06T17:13:43+00:00\" \/>\n<meta property=\"og:image\" content=\"https:\/\/actbr.com.br\/wp-content\/uploads\/2020\/09\/Pressostato-FOX-\u2013-K4-Eletro-hidraulico.jpg\" \/>\n\t<meta property=\"og:image:width\" content=\"800\" \/>\n\t<meta property=\"og:image:height\" content=\"800\" \/>\n\t<meta property=\"og:image:type\" content=\"image\/jpeg\" \/>\n<meta name=\"twitter:card\" content=\"summary_large_image\" \/>\n<meta name=\"twitter:label1\" content=\"Est. reading time\" \/>\n\t<meta name=\"twitter:data1\" content=\"2 minutes\" \/>\n<script type=\"application\/ld+json\" class=\"yoast-schema-graph\">{\"@context\":\"https:\/\/schema.org\",\"@graph\":[{\"@type\":\"WebPage\",\"@id\":\"https:\/\/actbr.com.br\/en\/produto\/pressostato-eletro-hidraulico-k4-fox\/\",\"url\":\"https:\/\/actbr.com.br\/en\/produto\/pressostato-eletro-hidraulico-k4-fox\/\",\"name\":\"Pressostato Eletro hidr\u00e1ulico K4 FOX - ACT Sistemas Hidr\u00e1ulicos\",\"isPartOf\":{\"@id\":\"https:\/\/actbr.com.br\/en\/#website\"},\"primaryImageOfPage\":{\"@id\":\"https:\/\/actbr.com.br\/en\/produto\/pressostato-eletro-hidraulico-k4-fox\/#primaryimage\"},\"image\":{\"@id\":\"https:\/\/actbr.com.br\/en\/produto\/pressostato-eletro-hidraulico-k4-fox\/#primaryimage\"},\"thumbnailUrl\":\"https:\/\/actbr.com.br\/wp-content\/uploads\/2020\/09\/Pressostato-FOX-\u2013-K4-Eletro-hidraulico.jpg\",\"datePublished\":\"2020-09-29T16:13:48+00:00\",\"dateModified\":\"2023-10-06T17:13:43+00:00\",\"description\":\"O Pressostato K4 FOX destina-se a aplica\u00e7\u00e3o em linha . Se a press\u00e3o a ser monitorada encontrar-se abaixo do valor ajustado, o microswitch \u00e9 acionado.\",\"breadcrumb\":{\"@id\":\"https:\/\/actbr.com.br\/en\/produto\/pressostato-eletro-hidraulico-k4-fox\/#breadcrumb\"},\"inLanguage\":\"en-US\",\"potentialAction\":[{\"@type\":\"ReadAction\",\"target\":[\"https:\/\/actbr.com.br\/en\/produto\/pressostato-eletro-hidraulico-k4-fox\/\"]}]},{\"@type\":\"ImageObject\",\"inLanguage\":\"en-US\",\"@id\":\"https:\/\/actbr.com.br\/en\/produto\/pressostato-eletro-hidraulico-k4-fox\/#primaryimage\",\"url\":\"https:\/\/actbr.com.br\/wp-content\/uploads\/2020\/09\/Pressostato-FOX-\u2013-K4-Eletro-hidraulico.jpg\",\"contentUrl\":\"https:\/\/actbr.com.br\/wp-content\/uploads\/2020\/09\/Pressostato-FOX-\u2013-K4-Eletro-hidraulico.jpg\",\"width\":800,\"height\":800,\"caption\":\"Pressostato FOX \u2013 K4 (Eletro hidr\u00e1ulico)\"},{\"@type\":\"BreadcrumbList\",\"@id\":\"https:\/\/actbr.com.br\/en\/produto\/pressostato-eletro-hidraulico-k4-fox\/#breadcrumb\",\"itemListElement\":[{\"@type\":\"ListItem\",\"position\":1,\"name\":\"In\u00edcio\",\"item\":\"https:\/\/actbr.com.br\/en\/\"},{\"@type\":\"ListItem\",\"position\":2,\"name\":\"Produtos\",\"item\":\"https:\/\/actbr.com.br\/produtos-act\/\"},{\"@type\":\"ListItem\",\"position\":3,\"name\":\"Instrumenta\u00e7\u00e3o\",\"item\":\"https:\/\/actbr.com.br\/en\/categoria-produto\/instrumentacao\/\"},{\"@type\":\"ListItem\",\"position\":4,\"name\":\"Press\u00e3o\",\"item\":\"https:\/\/actbr.com.br\/en\/categoria-produto\/instrumentacao\/pressao\/\"},{\"@type\":\"ListItem\",\"position\":5,\"name\":\"Pressostato Eletro hidr\u00e1ulico K4 FOX\"}]},{\"@type\":\"WebSite\",\"@id\":\"https:\/\/actbr.com.br\/en\/#website\",\"url\":\"https:\/\/actbr.com.br\/en\/\",\"name\":\"ACT Sistemas Hidr\u00e1ulicos\",\"description\":\"Fabrica\u00e7\u00e3o e manuten\u00e7\u00e3o de componentes \u00f3leo hidr\u00e1ulicos\",\"publisher\":{\"@id\":\"https:\/\/actbr.com.br\/en\/#organization\"},\"potentialAction\":[{\"@type\":\"SearchAction\",\"target\":{\"@type\":\"EntryPoint\",\"urlTemplate\":\"https:\/\/actbr.com.br\/en\/?s={search_term_string}\"},\"query-input\":{\"@type\":\"PropertyValueSpecification\",\"valueRequired\":true,\"valueName\":\"search_term_string\"}}],\"inLanguage\":\"en-US\"},{\"@type\":\"Organization\",\"@id\":\"https:\/\/actbr.com.br\/en\/#organization\",\"name\":\"ACT Sistemas Hidr\u00e1ulicos\",\"url\":\"https:\/\/actbr.com.br\/en\/\",\"logo\":{\"@type\":\"ImageObject\",\"inLanguage\":\"en-US\",\"@id\":\"https:\/\/actbr.com.br\/en\/#\/schema\/logo\/image\/\",\"url\":\"https:\/\/actbr.com.br\/wp-content\/uploads\/2025\/02\/cropped-ACT_NEGATIVO-marca-dagua.png\",\"contentUrl\":\"https:\/\/actbr.com.br\/wp-content\/uploads\/2025\/02\/cropped-ACT_NEGATIVO-marca-dagua.png\",\"width\":240,\"height\":146,\"caption\":\"ACT Sistemas Hidr\u00e1ulicos\"},\"image\":{\"@id\":\"https:\/\/actbr.com.br\/en\/#\/schema\/logo\/image\/\"}}]}<\/script>\n<!-- \/ Yoast SEO plugin. -->","yoast_head_json":{"title":"Pressostato Eletro hidr\u00e1ulico K4 FOX - ACT Sistemas Hidr\u00e1ulicos","description":"O Pressostato K4 FOX destina-se a aplica\u00e7\u00e3o em linha . Se a press\u00e3o a ser monitorada encontrar-se abaixo do valor ajustado, o microswitch \u00e9 acionado.","robots":{"index":"index","follow":"follow","max-snippet":"max-snippet:-1","max-image-preview":"max-image-preview:large","max-video-preview":"max-video-preview:-1"},"canonical":"https:\/\/actbr.com.br\/en\/produto\/pressostato-eletro-hidraulico-k4-fox\/","og_locale":"en_US","og_type":"article","og_title":"Pressostato Eletro hidr\u00e1ulico K4 FOX - ACT Sistemas Hidr\u00e1ulicos","og_description":"O Pressostato K4 FOX destina-se a aplica\u00e7\u00e3o em linha . Se a press\u00e3o a ser monitorada encontrar-se abaixo do valor ajustado, o microswitch \u00e9 acionado.","og_url":"https:\/\/actbr.com.br\/en\/produto\/pressostato-eletro-hidraulico-k4-fox\/","og_site_name":"ACT Sistemas Hidr\u00e1ulicos","article_modified_time":"2023-10-06T17:13:43+00:00","og_image":[{"width":800,"height":800,"url":"https:\/\/actbr.com.br\/wp-content\/uploads\/2020\/09\/Pressostato-FOX-\u2013-K4-Eletro-hidraulico.jpg","type":"image\/jpeg"}],"twitter_card":"summary_large_image","twitter_misc":{"Est. reading time":"2 minutes"},"schema":{"@context":"https:\/\/schema.org","@graph":[{"@type":"WebPage","@id":"https:\/\/actbr.com.br\/en\/produto\/pressostato-eletro-hidraulico-k4-fox\/","url":"https:\/\/actbr.com.br\/en\/produto\/pressostato-eletro-hidraulico-k4-fox\/","name":"Pressostato Eletro hidr\u00e1ulico K4 FOX - ACT Sistemas Hidr\u00e1ulicos","isPartOf":{"@id":"https:\/\/actbr.com.br\/en\/#website"},"primaryImageOfPage":{"@id":"https:\/\/actbr.com.br\/en\/produto\/pressostato-eletro-hidraulico-k4-fox\/#primaryimage"},"image":{"@id":"https:\/\/actbr.com.br\/en\/produto\/pressostato-eletro-hidraulico-k4-fox\/#primaryimage"},"thumbnailUrl":"https:\/\/actbr.com.br\/wp-content\/uploads\/2020\/09\/Pressostato-FOX-\u2013-K4-Eletro-hidraulico.jpg","datePublished":"2020-09-29T16:13:48+00:00","dateModified":"2023-10-06T17:13:43+00:00","description":"O Pressostato K4 FOX destina-se a aplica\u00e7\u00e3o em linha . Se a press\u00e3o a ser monitorada encontrar-se abaixo do valor ajustado, o microswitch \u00e9 acionado.","breadcrumb":{"@id":"https:\/\/actbr.com.br\/en\/produto\/pressostato-eletro-hidraulico-k4-fox\/#breadcrumb"},"inLanguage":"en-US","potentialAction":[{"@type":"ReadAction","target":["https:\/\/actbr.com.br\/en\/produto\/pressostato-eletro-hidraulico-k4-fox\/"]}]},{"@type":"ImageObject","inLanguage":"en-US","@id":"https:\/\/actbr.com.br\/en\/produto\/pressostato-eletro-hidraulico-k4-fox\/#primaryimage","url":"https:\/\/actbr.com.br\/wp-content\/uploads\/2020\/09\/Pressostato-FOX-\u2013-K4-Eletro-hidraulico.jpg","contentUrl":"https:\/\/actbr.com.br\/wp-content\/uploads\/2020\/09\/Pressostato-FOX-\u2013-K4-Eletro-hidraulico.jpg","width":800,"height":800,"caption":"Pressostato FOX \u2013 K4 (Eletro hidr\u00e1ulico)"},{"@type":"BreadcrumbList","@id":"https:\/\/actbr.com.br\/en\/produto\/pressostato-eletro-hidraulico-k4-fox\/#breadcrumb","itemListElement":[{"@type":"ListItem","position":1,"name":"In\u00edcio","item":"https:\/\/actbr.com.br\/en\/"},{"@type":"ListItem","position":2,"name":"Produtos","item":"https:\/\/actbr.com.br\/produtos-act\/"},{"@type":"ListItem","position":3,"name":"Instrumenta\u00e7\u00e3o","item":"https:\/\/actbr.com.br\/en\/categoria-produto\/instrumentacao\/"},{"@type":"ListItem","position":4,"name":"Press\u00e3o","item":"https:\/\/actbr.com.br\/en\/categoria-produto\/instrumentacao\/pressao\/"},{"@type":"ListItem","position":5,"name":"Pressostato Eletro hidr\u00e1ulico K4 FOX"}]},{"@type":"WebSite","@id":"https:\/\/actbr.com.br\/en\/#website","url":"https:\/\/actbr.com.br\/en\/","name":"ACT Sistemas Hidr\u00e1ulicos","description":"Fabrica\u00e7\u00e3o e manuten\u00e7\u00e3o de componentes \u00f3leo hidr\u00e1ulicos","publisher":{"@id":"https:\/\/actbr.com.br\/en\/#organization"},"potentialAction":[{"@type":"SearchAction","target":{"@type":"EntryPoint","urlTemplate":"https:\/\/actbr.com.br\/en\/?s={search_term_string}"},"query-input":{"@type":"PropertyValueSpecification","valueRequired":true,"valueName":"search_term_string"}}],"inLanguage":"en-US"},{"@type":"Organization","@id":"https:\/\/actbr.com.br\/en\/#organization","name":"ACT Sistemas Hidr\u00e1ulicos","url":"https:\/\/actbr.com.br\/en\/","logo":{"@type":"ImageObject","inLanguage":"en-US","@id":"https:\/\/actbr.com.br\/en\/#\/schema\/logo\/image\/","url":"https:\/\/actbr.com.br\/wp-content\/uploads\/2025\/02\/cropped-ACT_NEGATIVO-marca-dagua.png","contentUrl":"https:\/\/actbr.com.br\/wp-content\/uploads\/2025\/02\/cropped-ACT_NEGATIVO-marca-dagua.png","width":240,"height":146,"caption":"ACT Sistemas Hidr\u00e1ulicos"},"image":{"@id":"https:\/\/actbr.com.br\/en\/#\/schema\/logo\/image\/"}}]}},"_links":{"self":[{"href":"https:\/\/actbr.com.br\/en\/wp-json\/wp\/v2\/product\/5373","targetHints":{"allow":["GET"]}}],"collection":[{"href":"https:\/\/actbr.com.br\/en\/wp-json\/wp\/v2\/product"}],"about":[{"href":"https:\/\/actbr.com.br\/en\/wp-json\/wp\/v2\/types\/product"}],"wp:featuredmedia":[{"embeddable":true,"href":"https:\/\/actbr.com.br\/en\/wp-json\/wp\/v2\/media\/7626"}],"wp:attachment":[{"href":"https:\/\/actbr.com.br\/en\/wp-json\/wp\/v2\/media?parent=5373"}],"wp:term":[{"taxonomy":"product_brand","embeddable":true,"href":"https:\/\/actbr.com.br\/en\/wp-json\/wp\/v2\/product_brand?post=5373"},{"taxonomy":"product_cat","embeddable":true,"href":"https:\/\/actbr.com.br\/en\/wp-json\/wp\/v2\/product_cat?post=5373"},{"taxonomy":"product_tag","embeddable":true,"href":"https:\/\/actbr.com.br\/en\/wp-json\/wp\/v2\/product_tag?post=5373"}],"curies":[{"name":"wp","href":"https:\/\/api.w.org\/{rel}","templated":true}]}}