{"id":5521,"date":"2020-09-29T13:16:03","date_gmt":"2020-09-29T16:16:03","guid":{"rendered":"https:\/\/actbr.com.br\/produto\/valvulas-redutora-de-pressao-pilotada-dr20-4-5x-100\/"},"modified":"2023-10-16T13:44:27","modified_gmt":"2023-10-16T16:44:27","slug":"valvula-reguladora-de-pressao-tipo-redutora-dr20-4-5x-100","status":"publish","type":"product","link":"https:\/\/actbr.com.br\/en\/produto\/valvula-reguladora-de-pressao-tipo-redutora-dr20-4-5x-100\/","title":{"rendered":"V\u00e1lvula Reguladora de press\u00e3o Tipo Redutora DR20-4-5X\/100"},"content":{"rendered":"<p><strong>V\u00e1lvula Redutora de Press\u00e3o Pilotada DR20-4-5X\/100<\/strong><\/p>\n<p>A V\u00e1lvula Redutora de Press\u00e3o DR20-4-5X\/100 \u00e9 uma v\u00e1lvula redutora de press\u00e3o pilotada, comandada pelo circuito secund\u00e1rio.<\/p>\n<p>\u00c9 composta basicamente de v\u00e1lvula principal, com cartucho do \u00eambolo principal e v\u00e1lvula piloto com elemento de ajuste de press\u00e3o.<\/p>\n<p>Obt\u00eam-se a press\u00e3o reduzida desejada, quando existir um estado de equil\u00edbrio entre a press\u00e3o no canal A e a press\u00e3o ajustada na mola. O retorno do \u00f3leo de comando da c\u00e2mara da mola, ocorre sempre externamente, atrav\u00e9s da linha de pilotagem, para o reservat\u00f3rio.<\/p>\n<p>Para o fluxo de retorno livre do canal A para o canal B pode-se montar opcionalmente uma v\u00e1lvula de reten\u00e7\u00e3o (Vers\u00e3o &#8220;Y&#8221;).<\/p>\n<p><strong>Caracter\u00edsticas:<\/strong><br \/>\nFixa\u00e7\u00e3o: Montagem em placas;<br \/>\nConfigura\u00e7\u00e3o dos furos conforme: DIN 24 340 forma D, ISO 5781 e CETOP-RP 121 H (Tamanho nominal 20)\u00a0Conforme: ISO 5781;<br \/>\nPeso: 5,3 kg;<br \/>\nFaixa de temperatura de trabalho: &#8211; 20\u00ba at\u00e9 + 80\u00baC;<br \/>\nVaz\u00e3o m\u00e1xima: 300 litros por minuto;<br \/>\nVeda\u00e7\u00f5es: NBR;<br \/>\nPress\u00e3o m\u00e1xima: 350 bar;<br \/>\nPress\u00e3o m\u00e1xima (Conex\u00e3o Y): 355 bar;<br \/>\nFlu\u00eddo hidr\u00e1ulico recomendado: \u00d3leo mineral (HL, HLP) conforme DIN 51 5242); Fluido hidr\u00e1ulico rapidamente biodegrad\u00e1vel conforme VDMA 24 568 (vide tamb\u00e9m RP 90 221); HETG (\u00f3leo de colza) 2); HEPG (poli glic\u00f3is)3); HEES (\u00e9steres sint\u00e9ticos) 3);<br \/>\nFaixa de viscosidade: 10 at\u00e9 800 mm2\/s;<br \/>\nTempo de acionamento: 100%;<br \/>\nVers\u00e3o Y: Com reten\u00e7\u00e3o incorporada;<br \/>\nClasse de pureza conforme c\u00f3digo ISO: Grau de contamina\u00e7\u00e3o m\u00e1ximo admiss\u00edvel do fluido hidr\u00e1ulico\u00a0conforme ISO 4406 (C) classe 20\/18\/15 4);<br \/>\nFaixa de regulagem de press\u00e3o: at\u00e9 100 bar.<\/p>\n","protected":false},"excerpt":{"rendered":"<p>A V\u00e1lvula Redutora de Press\u00e3o DR20-4-5X\/100 \u00e9 uma v\u00e1lvula redutora de press\u00e3o pilotada, comandada pelo circuito secund\u00e1rio.<\/p>\n<p>&nbsp;<\/p>\n","protected":false},"featured_media":7013,"template":"","meta":[],"product_brand":[],"product_cat":[53,52],"product_tag":[],"class_list":{"0":"post-5521","1":"product","2":"type-product","3":"status-publish","4":"has-post-thumbnail","6":"product_cat-reguladora-de-pressao-redutora","7":"product_cat-valvulas-montagem-em-placa","9":"first","10":"instock","11":"virtual","12":"product-type-simple"},"yoast_head":"<!-- This site is optimized with the Yoast SEO plugin v27.5 - https:\/\/yoast.com\/product\/yoast-seo-wordpress\/ -->\n<title>V\u00e1lvula Reguladora de press\u00e3o Tipo Redutora DR20-4-5X\/100 - ACT Sistemas Hidr\u00e1ulicos<\/title>\n<meta name=\"description\" content=\"A V\u00e1lvula Redutora de Press\u00e3o DR20-4-5X\/100 \u00e9 uma v\u00e1lvula redutora de press\u00e3o pilotada, comandada pelo circuito secund\u00e1rio.\" \/>\n<meta name=\"robots\" content=\"index, follow, max-snippet:-1, max-image-preview:large, max-video-preview:-1\" \/>\n<link rel=\"canonical\" href=\"https:\/\/actbr.com.br\/en\/produto\/valvula-reguladora-de-pressao-tipo-redutora-dr20-4-5x-100\/\" \/>\n<meta property=\"og:locale\" content=\"en_US\" \/>\n<meta property=\"og:type\" content=\"article\" \/>\n<meta property=\"og:title\" content=\"V\u00e1lvula Reguladora de press\u00e3o Tipo Redutora DR20-4-5X\/100 - ACT Sistemas Hidr\u00e1ulicos\" \/>\n<meta property=\"og:description\" content=\"A V\u00e1lvula Redutora de Press\u00e3o DR20-4-5X\/100 \u00e9 uma v\u00e1lvula redutora de press\u00e3o pilotada, comandada pelo circuito secund\u00e1rio.\" \/>\n<meta property=\"og:url\" content=\"https:\/\/actbr.com.br\/en\/produto\/valvula-reguladora-de-pressao-tipo-redutora-dr20-4-5x-100\/\" \/>\n<meta property=\"og:site_name\" content=\"ACT Sistemas Hidr\u00e1ulicos\" \/>\n<meta property=\"article:modified_time\" content=\"2023-10-16T16:44:27+00:00\" \/>\n<meta property=\"og:image\" content=\"https:\/\/actbr.com.br\/wp-content\/uploads\/2020\/09\/Valvulas-Redutora-de-Pressao-Pilotada-DR20-4-5X.jpg\" \/>\n\t<meta property=\"og:image:width\" content=\"600\" \/>\n\t<meta property=\"og:image:height\" content=\"600\" \/>\n\t<meta property=\"og:image:type\" content=\"image\/jpeg\" \/>\n<meta name=\"twitter:card\" content=\"summary_large_image\" \/>\n<meta name=\"twitter:label1\" content=\"Est. reading time\" \/>\n\t<meta name=\"twitter:data1\" content=\"2 minutes\" \/>\n<script type=\"application\/ld+json\" class=\"yoast-schema-graph\">{\"@context\":\"https:\\\/\\\/schema.org\",\"@graph\":[{\"@type\":\"WebPage\",\"@id\":\"https:\\\/\\\/actbr.com.br\\\/en\\\/produto\\\/valvula-reguladora-de-pressao-tipo-redutora-dr20-4-5x-100\\\/\",\"url\":\"https:\\\/\\\/actbr.com.br\\\/en\\\/produto\\\/valvula-reguladora-de-pressao-tipo-redutora-dr20-4-5x-100\\\/\",\"name\":\"V\u00e1lvula Reguladora de press\u00e3o Tipo Redutora DR20-4-5X\\\/100 - ACT Sistemas Hidr\u00e1ulicos\",\"isPartOf\":{\"@id\":\"https:\\\/\\\/actbr.com.br\\\/en\\\/#website\"},\"primaryImageOfPage\":{\"@id\":\"https:\\\/\\\/actbr.com.br\\\/en\\\/produto\\\/valvula-reguladora-de-pressao-tipo-redutora-dr20-4-5x-100\\\/#primaryimage\"},\"image\":{\"@id\":\"https:\\\/\\\/actbr.com.br\\\/en\\\/produto\\\/valvula-reguladora-de-pressao-tipo-redutora-dr20-4-5x-100\\\/#primaryimage\"},\"thumbnailUrl\":\"https:\\\/\\\/actbr.com.br\\\/wp-content\\\/uploads\\\/2020\\\/09\\\/Valvulas-Redutora-de-Pressao-Pilotada-DR20-4-5X.jpg\",\"datePublished\":\"2020-09-29T16:16:03+00:00\",\"dateModified\":\"2023-10-16T16:44:27+00:00\",\"description\":\"A V\u00e1lvula Redutora de Press\u00e3o DR20-4-5X\\\/100 \u00e9 uma v\u00e1lvula redutora de press\u00e3o pilotada, comandada pelo circuito secund\u00e1rio.\",\"breadcrumb\":{\"@id\":\"https:\\\/\\\/actbr.com.br\\\/en\\\/produto\\\/valvula-reguladora-de-pressao-tipo-redutora-dr20-4-5x-100\\\/#breadcrumb\"},\"inLanguage\":\"en-US\",\"potentialAction\":[{\"@type\":\"ReadAction\",\"target\":[\"https:\\\/\\\/actbr.com.br\\\/en\\\/produto\\\/valvula-reguladora-de-pressao-tipo-redutora-dr20-4-5x-100\\\/\"]}]},{\"@type\":\"ImageObject\",\"inLanguage\":\"en-US\",\"@id\":\"https:\\\/\\\/actbr.com.br\\\/en\\\/produto\\\/valvula-reguladora-de-pressao-tipo-redutora-dr20-4-5x-100\\\/#primaryimage\",\"url\":\"https:\\\/\\\/actbr.com.br\\\/wp-content\\\/uploads\\\/2020\\\/09\\\/Valvulas-Redutora-de-Pressao-Pilotada-DR20-4-5X.jpg\",\"contentUrl\":\"https:\\\/\\\/actbr.com.br\\\/wp-content\\\/uploads\\\/2020\\\/09\\\/Valvulas-Redutora-de-Pressao-Pilotada-DR20-4-5X.jpg\",\"width\":600,\"height\":600,\"caption\":\"V\u00e1lvula Redutora de Press\u00e3o Pilotada DR20-4-5X\\\/50\"},{\"@type\":\"BreadcrumbList\",\"@id\":\"https:\\\/\\\/actbr.com.br\\\/en\\\/produto\\\/valvula-reguladora-de-pressao-tipo-redutora-dr20-4-5x-100\\\/#breadcrumb\",\"itemListElement\":[{\"@type\":\"ListItem\",\"position\":1,\"name\":\"In\u00edcio\",\"item\":\"https:\\\/\\\/actbr.com.br\\\/en\\\/\"},{\"@type\":\"ListItem\",\"position\":2,\"name\":\"Produtos\",\"item\":\"https:\\\/\\\/actbr.com.br\\\/produtos-act\\\/\"},{\"@type\":\"ListItem\",\"position\":3,\"name\":\"V\u00e1lvulas Montagem em Placa\",\"item\":\"https:\\\/\\\/actbr.com.br\\\/en\\\/categoria-produto\\\/valvulas-montagem-em-placa\\\/\"},{\"@type\":\"ListItem\",\"position\":4,\"name\":\"Reguladora de Press\u00e3o - Redutora\",\"item\":\"https:\\\/\\\/actbr.com.br\\\/en\\\/categoria-produto\\\/valvulas-montagem-em-placa\\\/reguladora-de-pressao-redutora\\\/\"},{\"@type\":\"ListItem\",\"position\":5,\"name\":\"V\u00e1lvula Reguladora de press\u00e3o Tipo Redutora DR20-4-5X\\\/100\"}]},{\"@type\":\"WebSite\",\"@id\":\"https:\\\/\\\/actbr.com.br\\\/en\\\/#website\",\"url\":\"https:\\\/\\\/actbr.com.br\\\/en\\\/\",\"name\":\"ACT Sistemas Hidr\u00e1ulicos\",\"description\":\"Fabrica\u00e7\u00e3o e manuten\u00e7\u00e3o de componentes \u00f3leo hidr\u00e1ulicos\",\"publisher\":{\"@id\":\"https:\\\/\\\/actbr.com.br\\\/en\\\/#organization\"},\"potentialAction\":[{\"@type\":\"SearchAction\",\"target\":{\"@type\":\"EntryPoint\",\"urlTemplate\":\"https:\\\/\\\/actbr.com.br\\\/en\\\/?s={search_term_string}\"},\"query-input\":{\"@type\":\"PropertyValueSpecification\",\"valueRequired\":true,\"valueName\":\"search_term_string\"}}],\"inLanguage\":\"en-US\"},{\"@type\":\"Organization\",\"@id\":\"https:\\\/\\\/actbr.com.br\\\/en\\\/#organization\",\"name\":\"ACT Sistemas Hidr\u00e1ulicos\",\"url\":\"https:\\\/\\\/actbr.com.br\\\/en\\\/\",\"logo\":{\"@type\":\"ImageObject\",\"inLanguage\":\"en-US\",\"@id\":\"https:\\\/\\\/actbr.com.br\\\/en\\\/#\\\/schema\\\/logo\\\/image\\\/\",\"url\":\"https:\\\/\\\/actbr.com.br\\\/wp-content\\\/uploads\\\/2025\\\/02\\\/cropped-ACT_NEGATIVO-marca-dagua.png\",\"contentUrl\":\"https:\\\/\\\/actbr.com.br\\\/wp-content\\\/uploads\\\/2025\\\/02\\\/cropped-ACT_NEGATIVO-marca-dagua.png\",\"width\":240,\"height\":146,\"caption\":\"ACT Sistemas Hidr\u00e1ulicos\"},\"image\":{\"@id\":\"https:\\\/\\\/actbr.com.br\\\/en\\\/#\\\/schema\\\/logo\\\/image\\\/\"}}]}<\/script>\n<!-- \/ Yoast SEO plugin. -->","yoast_head_json":{"title":"V\u00e1lvula Reguladora de press\u00e3o Tipo Redutora DR20-4-5X\/100 - ACT Sistemas Hidr\u00e1ulicos","description":"A V\u00e1lvula Redutora de Press\u00e3o DR20-4-5X\/100 \u00e9 uma v\u00e1lvula redutora de press\u00e3o pilotada, comandada pelo circuito secund\u00e1rio.","robots":{"index":"index","follow":"follow","max-snippet":"max-snippet:-1","max-image-preview":"max-image-preview:large","max-video-preview":"max-video-preview:-1"},"canonical":"https:\/\/actbr.com.br\/en\/produto\/valvula-reguladora-de-pressao-tipo-redutora-dr20-4-5x-100\/","og_locale":"en_US","og_type":"article","og_title":"V\u00e1lvula Reguladora de press\u00e3o Tipo Redutora DR20-4-5X\/100 - ACT Sistemas Hidr\u00e1ulicos","og_description":"A V\u00e1lvula Redutora de Press\u00e3o DR20-4-5X\/100 \u00e9 uma v\u00e1lvula redutora de press\u00e3o pilotada, comandada pelo circuito secund\u00e1rio.","og_url":"https:\/\/actbr.com.br\/en\/produto\/valvula-reguladora-de-pressao-tipo-redutora-dr20-4-5x-100\/","og_site_name":"ACT Sistemas Hidr\u00e1ulicos","article_modified_time":"2023-10-16T16:44:27+00:00","og_image":[{"width":600,"height":600,"url":"https:\/\/actbr.com.br\/wp-content\/uploads\/2020\/09\/Valvulas-Redutora-de-Pressao-Pilotada-DR20-4-5X.jpg","type":"image\/jpeg"}],"twitter_card":"summary_large_image","twitter_misc":{"Est. reading time":"2 minutes"},"schema":{"@context":"https:\/\/schema.org","@graph":[{"@type":"WebPage","@id":"https:\/\/actbr.com.br\/en\/produto\/valvula-reguladora-de-pressao-tipo-redutora-dr20-4-5x-100\/","url":"https:\/\/actbr.com.br\/en\/produto\/valvula-reguladora-de-pressao-tipo-redutora-dr20-4-5x-100\/","name":"V\u00e1lvula Reguladora de press\u00e3o Tipo Redutora DR20-4-5X\/100 - ACT Sistemas Hidr\u00e1ulicos","isPartOf":{"@id":"https:\/\/actbr.com.br\/en\/#website"},"primaryImageOfPage":{"@id":"https:\/\/actbr.com.br\/en\/produto\/valvula-reguladora-de-pressao-tipo-redutora-dr20-4-5x-100\/#primaryimage"},"image":{"@id":"https:\/\/actbr.com.br\/en\/produto\/valvula-reguladora-de-pressao-tipo-redutora-dr20-4-5x-100\/#primaryimage"},"thumbnailUrl":"https:\/\/actbr.com.br\/wp-content\/uploads\/2020\/09\/Valvulas-Redutora-de-Pressao-Pilotada-DR20-4-5X.jpg","datePublished":"2020-09-29T16:16:03+00:00","dateModified":"2023-10-16T16:44:27+00:00","description":"A V\u00e1lvula Redutora de Press\u00e3o DR20-4-5X\/100 \u00e9 uma v\u00e1lvula redutora de press\u00e3o pilotada, comandada pelo circuito secund\u00e1rio.","breadcrumb":{"@id":"https:\/\/actbr.com.br\/en\/produto\/valvula-reguladora-de-pressao-tipo-redutora-dr20-4-5x-100\/#breadcrumb"},"inLanguage":"en-US","potentialAction":[{"@type":"ReadAction","target":["https:\/\/actbr.com.br\/en\/produto\/valvula-reguladora-de-pressao-tipo-redutora-dr20-4-5x-100\/"]}]},{"@type":"ImageObject","inLanguage":"en-US","@id":"https:\/\/actbr.com.br\/en\/produto\/valvula-reguladora-de-pressao-tipo-redutora-dr20-4-5x-100\/#primaryimage","url":"https:\/\/actbr.com.br\/wp-content\/uploads\/2020\/09\/Valvulas-Redutora-de-Pressao-Pilotada-DR20-4-5X.jpg","contentUrl":"https:\/\/actbr.com.br\/wp-content\/uploads\/2020\/09\/Valvulas-Redutora-de-Pressao-Pilotada-DR20-4-5X.jpg","width":600,"height":600,"caption":"V\u00e1lvula Redutora de Press\u00e3o Pilotada DR20-4-5X\/50"},{"@type":"BreadcrumbList","@id":"https:\/\/actbr.com.br\/en\/produto\/valvula-reguladora-de-pressao-tipo-redutora-dr20-4-5x-100\/#breadcrumb","itemListElement":[{"@type":"ListItem","position":1,"name":"In\u00edcio","item":"https:\/\/actbr.com.br\/en\/"},{"@type":"ListItem","position":2,"name":"Produtos","item":"https:\/\/actbr.com.br\/produtos-act\/"},{"@type":"ListItem","position":3,"name":"V\u00e1lvulas Montagem em Placa","item":"https:\/\/actbr.com.br\/en\/categoria-produto\/valvulas-montagem-em-placa\/"},{"@type":"ListItem","position":4,"name":"Reguladora de Press\u00e3o - Redutora","item":"https:\/\/actbr.com.br\/en\/categoria-produto\/valvulas-montagem-em-placa\/reguladora-de-pressao-redutora\/"},{"@type":"ListItem","position":5,"name":"V\u00e1lvula Reguladora de press\u00e3o Tipo Redutora DR20-4-5X\/100"}]},{"@type":"WebSite","@id":"https:\/\/actbr.com.br\/en\/#website","url":"https:\/\/actbr.com.br\/en\/","name":"ACT Sistemas Hidr\u00e1ulicos","description":"Fabrica\u00e7\u00e3o e manuten\u00e7\u00e3o de componentes \u00f3leo hidr\u00e1ulicos","publisher":{"@id":"https:\/\/actbr.com.br\/en\/#organization"},"potentialAction":[{"@type":"SearchAction","target":{"@type":"EntryPoint","urlTemplate":"https:\/\/actbr.com.br\/en\/?s={search_term_string}"},"query-input":{"@type":"PropertyValueSpecification","valueRequired":true,"valueName":"search_term_string"}}],"inLanguage":"en-US"},{"@type":"Organization","@id":"https:\/\/actbr.com.br\/en\/#organization","name":"ACT Sistemas Hidr\u00e1ulicos","url":"https:\/\/actbr.com.br\/en\/","logo":{"@type":"ImageObject","inLanguage":"en-US","@id":"https:\/\/actbr.com.br\/en\/#\/schema\/logo\/image\/","url":"https:\/\/actbr.com.br\/wp-content\/uploads\/2025\/02\/cropped-ACT_NEGATIVO-marca-dagua.png","contentUrl":"https:\/\/actbr.com.br\/wp-content\/uploads\/2025\/02\/cropped-ACT_NEGATIVO-marca-dagua.png","width":240,"height":146,"caption":"ACT Sistemas Hidr\u00e1ulicos"},"image":{"@id":"https:\/\/actbr.com.br\/en\/#\/schema\/logo\/image\/"}}]}},"_links":{"self":[{"href":"https:\/\/actbr.com.br\/en\/wp-json\/wp\/v2\/product\/5521","targetHints":{"allow":["GET"]}}],"collection":[{"href":"https:\/\/actbr.com.br\/en\/wp-json\/wp\/v2\/product"}],"about":[{"href":"https:\/\/actbr.com.br\/en\/wp-json\/wp\/v2\/types\/product"}],"wp:featuredmedia":[{"embeddable":true,"href":"https:\/\/actbr.com.br\/en\/wp-json\/wp\/v2\/media\/7013"}],"wp:attachment":[{"href":"https:\/\/actbr.com.br\/en\/wp-json\/wp\/v2\/media?parent=5521"}],"wp:term":[{"taxonomy":"product_brand","embeddable":true,"href":"https:\/\/actbr.com.br\/en\/wp-json\/wp\/v2\/product_brand?post=5521"},{"taxonomy":"product_cat","embeddable":true,"href":"https:\/\/actbr.com.br\/en\/wp-json\/wp\/v2\/product_cat?post=5521"},{"taxonomy":"product_tag","embeddable":true,"href":"https:\/\/actbr.com.br\/en\/wp-json\/wp\/v2\/product_tag?post=5521"}],"curies":[{"name":"wp","href":"https:\/\/api.w.org\/{rel}","templated":true}]}}