{"id":5660,"date":"2020-09-29T13:18:18","date_gmt":"2020-09-29T16:18:18","guid":{"rendered":"https:\/\/actbr.com.br\/produto\/hs-cooler-ks20-acn-420-l800\/"},"modified":"2023-06-30T08:55:52","modified_gmt":"2023-06-30T11:55:52","slug":"ks20-acn-420-l800","status":"publish","type":"product","link":"https:\/\/actbr.com.br\/en\/produto\/ks20-acn-420-l800\/","title":{"rendered":"KS20-ACN-420-L800"},"content":{"rendered":"<p><strong>HS COOLER KS20-ACN-420-L800<\/strong><\/p>\n<p>O Trocador de Calor HS COOLER KS20-ACN-420-L800 mant\u00e9m as temperaturas em equil\u00edbrio dentro de um sistema, transferindo calor entre os fluidos.<\/p>\n<p>A S\u00e9rie KS \u00e9 uma s\u00e9rie padronizada de trocadores de calor para refrigera\u00e7\u00e3o a \u00f3leo, ar, g\u00e1s e refrigerante.<\/p>\n<p>As combina\u00e7\u00f5es de materiais e componentes permitem a adapta\u00e7\u00e3o dos trocadores de calor HS COOLER (s\u00e9rie KS) a uma variedade de condi\u00e7\u00f5es operacionais.<\/p>\n<p>Al\u00e9m disso, o formato compacto facilita a integra\u00e7\u00e3o ideal dos trocadores de calor no projeto de uma instala\u00e7\u00e3o.<\/p>\n<p>Layout estrutural montado individualmente para cada aplica\u00e7\u00e3o, de acordo com os par\u00e2metros t\u00e9cnicos fornecidos pelo cliente.<\/p>\n<p>Para aplica\u00e7\u00f5es com qualidade de \u00e1gua problem\u00e1tica (alta contamina\u00e7\u00e3o), os trocadores de calor podem ser equipados (do lado &#8220;\u00e1gua&#8221;) com um revestimento de queima incorporando prote\u00e7\u00e3o aprimorada contra corros\u00e3o e incrusta\u00e7\u00e3o ou com feixes de tubos de tit\u00e2nio.<\/p>\n<h5><strong>Informa\u00e7\u00f5es t\u00e9cnicas:<\/strong><\/h5>\n<p>Di\u00e2metro do tubo da carca\u00e7a: DN100, DN125, DN200 e DN250;<br \/>\nMaterial do tubo: CuNi10Fe1Mn, 1.4404, tit\u00e2nio;<br \/>\nComprimento do trocador: at\u00e9 3600 mm;<br \/>\nCapacidade de aquecimento: 1 kW at\u00e9 1500 kW.<\/p>\n<p>Princ\u00edpio b\u00e1sico dos trocadores de calor da s\u00e9rie KS:\u00a0 definido pelas superf\u00edcies denominadas &#8220;tubo aletado&#8221;, consistem em feixes de tubos com tubos retos, equipados do lado de fora com l\u00e2minas (aletas) de alum\u00ednio ou cobre.<\/p>\n<p>Outro ponto importante \u00e9 que as altas taxas de superf\u00edcie de troca permitem que meios com caracter\u00edsticas de troca de calor muito diferentes sejam incorporados em um trocador de calor de maneira extremamente eficiente e compacta.<\/p>\n<p>O alto n\u00edvel de padroniza\u00e7\u00e3o e o formato compacto proporcionam um produto comercialmente e tecnicamente muito atraente. O design e a produ\u00e7\u00e3o est\u00e3o em conformidade com as especifica\u00e7\u00f5es PED 2014\/68 \/ EU, portanto, aprovado por todas as organiza\u00e7\u00f5es de certifica\u00e7\u00e3o respeitadas.<\/p>\n<p><strong>Vantagens da s\u00e9rie KS:<\/strong><br \/>\nConstru\u00e7\u00e3o compacta;<br \/>\nTrocadores leves;<br \/>\nBaixa perda de press\u00e3o;<br \/>\nSensibilidade muito baixa \u00e0 vibra\u00e7\u00e3o;<br \/>\nVeda\u00e7\u00f5es em O-ring duplo;<br \/>\nFeixes de tubos remov\u00edveis em ambos os lados;<br \/>\nBaixos requisitos de servi\u00e7o e manuten\u00e7\u00e3o;<br \/>\n\u00d3tima rela\u00e7\u00e3o custo benef\u00edcio.<\/p>\n<div><\/div>\n","protected":false},"excerpt":{"rendered":"<p>O Trocador de Calor HS COOLER KS20-ACN-420-L800 mant\u00e9m as temperaturas em equil\u00edbrio dentro de um sistema, transferindo calor entre os fluidos.<\/p>\n","protected":false},"featured_media":7312,"template":"","meta":[],"product_brand":[],"product_cat":[169,77],"product_tag":[],"class_list":{"0":"post-5660","1":"product","2":"type-product","3":"status-publish","4":"has-post-thumbnail","6":"product_cat-casco-e-tubo","7":"product_cat-trocadores-de-calor","9":"first","10":"instock","11":"virtual","12":"product-type-simple"},"yoast_head":"<!-- This site is optimized with the Yoast SEO plugin v27.2 - https:\/\/yoast.com\/product\/yoast-seo-wordpress\/ -->\n<title>KS20-ACN-420-L800 - ACT Sistemas Hidr\u00e1ulicos<\/title>\n<meta name=\"description\" content=\"O Trocador de Calor HS COOLER KS20-ACN-420-L800 mant\u00e9m as temperaturas em equil\u00edbrio dentro de um sistema, transferindo calor entre os fluidos.\" \/>\n<meta name=\"robots\" content=\"index, follow, max-snippet:-1, max-image-preview:large, max-video-preview:-1\" \/>\n<link rel=\"canonical\" href=\"https:\/\/actbr.com.br\/en\/produto\/ks20-acn-420-l800\/\" \/>\n<meta property=\"og:locale\" content=\"en_US\" \/>\n<meta property=\"og:type\" content=\"article\" \/>\n<meta property=\"og:title\" content=\"KS20-ACN-420-L800 - ACT Sistemas Hidr\u00e1ulicos\" \/>\n<meta property=\"og:description\" content=\"O Trocador de Calor HS COOLER KS20-ACN-420-L800 mant\u00e9m as temperaturas em equil\u00edbrio dentro de um sistema, transferindo calor entre os fluidos.\" \/>\n<meta property=\"og:url\" content=\"https:\/\/actbr.com.br\/en\/produto\/ks20-acn-420-l800\/\" \/>\n<meta property=\"og:site_name\" content=\"ACT Sistemas Hidr\u00e1ulicos\" \/>\n<meta property=\"article:modified_time\" content=\"2023-06-30T11:55:52+00:00\" \/>\n<meta property=\"og:image\" content=\"https:\/\/actbr.com.br\/wp-content\/uploads\/2020\/09\/HS-COOLER-KS20-ACN-420-L800.jpg\" \/>\n\t<meta property=\"og:image:width\" content=\"503\" \/>\n\t<meta property=\"og:image:height\" content=\"330\" \/>\n\t<meta property=\"og:image:type\" content=\"image\/jpeg\" \/>\n<meta name=\"twitter:card\" content=\"summary_large_image\" \/>\n<meta name=\"twitter:label1\" content=\"Est. reading time\" \/>\n\t<meta name=\"twitter:data1\" content=\"2 minutes\" \/>\n<script type=\"application\/ld+json\" class=\"yoast-schema-graph\">{\"@context\":\"https:\/\/schema.org\",\"@graph\":[{\"@type\":\"WebPage\",\"@id\":\"https:\/\/actbr.com.br\/en\/produto\/ks20-acn-420-l800\/\",\"url\":\"https:\/\/actbr.com.br\/en\/produto\/ks20-acn-420-l800\/\",\"name\":\"KS20-ACN-420-L800 - ACT Sistemas Hidr\u00e1ulicos\",\"isPartOf\":{\"@id\":\"https:\/\/actbr.com.br\/en\/#website\"},\"primaryImageOfPage\":{\"@id\":\"https:\/\/actbr.com.br\/en\/produto\/ks20-acn-420-l800\/#primaryimage\"},\"image\":{\"@id\":\"https:\/\/actbr.com.br\/en\/produto\/ks20-acn-420-l800\/#primaryimage\"},\"thumbnailUrl\":\"https:\/\/actbr.com.br\/wp-content\/uploads\/2020\/09\/HS-COOLER-KS20-ACN-420-L800.jpg\",\"datePublished\":\"2020-09-29T16:18:18+00:00\",\"dateModified\":\"2023-06-30T11:55:52+00:00\",\"description\":\"O Trocador de Calor HS COOLER KS20-ACN-420-L800 mant\u00e9m as temperaturas em equil\u00edbrio dentro de um sistema, transferindo calor entre os fluidos.\",\"breadcrumb\":{\"@id\":\"https:\/\/actbr.com.br\/en\/produto\/ks20-acn-420-l800\/#breadcrumb\"},\"inLanguage\":\"en-US\",\"potentialAction\":[{\"@type\":\"ReadAction\",\"target\":[\"https:\/\/actbr.com.br\/en\/produto\/ks20-acn-420-l800\/\"]}]},{\"@type\":\"ImageObject\",\"inLanguage\":\"en-US\",\"@id\":\"https:\/\/actbr.com.br\/en\/produto\/ks20-acn-420-l800\/#primaryimage\",\"url\":\"https:\/\/actbr.com.br\/wp-content\/uploads\/2020\/09\/HS-COOLER-KS20-ACN-420-L800.jpg\",\"contentUrl\":\"https:\/\/actbr.com.br\/wp-content\/uploads\/2020\/09\/HS-COOLER-KS20-ACN-420-L800.jpg\",\"width\":503,\"height\":330,\"caption\":\"HS COOLER KS20-ACN-420-L800\"},{\"@type\":\"BreadcrumbList\",\"@id\":\"https:\/\/actbr.com.br\/en\/produto\/ks20-acn-420-l800\/#breadcrumb\",\"itemListElement\":[{\"@type\":\"ListItem\",\"position\":1,\"name\":\"In\u00edcio\",\"item\":\"https:\/\/actbr.com.br\/en\/\"},{\"@type\":\"ListItem\",\"position\":2,\"name\":\"Produtos\",\"item\":\"https:\/\/actbr.com.br\/produtos-act\/\"},{\"@type\":\"ListItem\",\"position\":3,\"name\":\"Trocadores de Calor\",\"item\":\"https:\/\/actbr.com.br\/en\/categoria-produto\/trocadores-de-calor\/\"},{\"@type\":\"ListItem\",\"position\":4,\"name\":\"Trocador de Calor Casco e Tubo\",\"item\":\"https:\/\/actbr.com.br\/en\/categoria-produto\/trocadores-de-calor\/casco-e-tubo\/\"},{\"@type\":\"ListItem\",\"position\":5,\"name\":\"KS20-ACN-420-L800\"}]},{\"@type\":\"WebSite\",\"@id\":\"https:\/\/actbr.com.br\/en\/#website\",\"url\":\"https:\/\/actbr.com.br\/en\/\",\"name\":\"ACT Sistemas Hidr\u00e1ulicos\",\"description\":\"Fabrica\u00e7\u00e3o e manuten\u00e7\u00e3o de componentes \u00f3leo hidr\u00e1ulicos\",\"publisher\":{\"@id\":\"https:\/\/actbr.com.br\/en\/#organization\"},\"potentialAction\":[{\"@type\":\"SearchAction\",\"target\":{\"@type\":\"EntryPoint\",\"urlTemplate\":\"https:\/\/actbr.com.br\/en\/?s={search_term_string}\"},\"query-input\":{\"@type\":\"PropertyValueSpecification\",\"valueRequired\":true,\"valueName\":\"search_term_string\"}}],\"inLanguage\":\"en-US\"},{\"@type\":\"Organization\",\"@id\":\"https:\/\/actbr.com.br\/en\/#organization\",\"name\":\"ACT Sistemas Hidr\u00e1ulicos\",\"url\":\"https:\/\/actbr.com.br\/en\/\",\"logo\":{\"@type\":\"ImageObject\",\"inLanguage\":\"en-US\",\"@id\":\"https:\/\/actbr.com.br\/en\/#\/schema\/logo\/image\/\",\"url\":\"https:\/\/actbr.com.br\/wp-content\/uploads\/2025\/02\/cropped-ACT_NEGATIVO-marca-dagua.png\",\"contentUrl\":\"https:\/\/actbr.com.br\/wp-content\/uploads\/2025\/02\/cropped-ACT_NEGATIVO-marca-dagua.png\",\"width\":240,\"height\":146,\"caption\":\"ACT Sistemas Hidr\u00e1ulicos\"},\"image\":{\"@id\":\"https:\/\/actbr.com.br\/en\/#\/schema\/logo\/image\/\"}}]}<\/script>\n<!-- \/ Yoast SEO plugin. -->","yoast_head_json":{"title":"KS20-ACN-420-L800 - ACT Sistemas Hidr\u00e1ulicos","description":"O Trocador de Calor HS COOLER KS20-ACN-420-L800 mant\u00e9m as temperaturas em equil\u00edbrio dentro de um sistema, transferindo calor entre os fluidos.","robots":{"index":"index","follow":"follow","max-snippet":"max-snippet:-1","max-image-preview":"max-image-preview:large","max-video-preview":"max-video-preview:-1"},"canonical":"https:\/\/actbr.com.br\/en\/produto\/ks20-acn-420-l800\/","og_locale":"en_US","og_type":"article","og_title":"KS20-ACN-420-L800 - ACT Sistemas Hidr\u00e1ulicos","og_description":"O Trocador de Calor HS COOLER KS20-ACN-420-L800 mant\u00e9m as temperaturas em equil\u00edbrio dentro de um sistema, transferindo calor entre os fluidos.","og_url":"https:\/\/actbr.com.br\/en\/produto\/ks20-acn-420-l800\/","og_site_name":"ACT Sistemas Hidr\u00e1ulicos","article_modified_time":"2023-06-30T11:55:52+00:00","og_image":[{"width":503,"height":330,"url":"https:\/\/actbr.com.br\/wp-content\/uploads\/2020\/09\/HS-COOLER-KS20-ACN-420-L800.jpg","type":"image\/jpeg"}],"twitter_card":"summary_large_image","twitter_misc":{"Est. reading time":"2 minutes"},"schema":{"@context":"https:\/\/schema.org","@graph":[{"@type":"WebPage","@id":"https:\/\/actbr.com.br\/en\/produto\/ks20-acn-420-l800\/","url":"https:\/\/actbr.com.br\/en\/produto\/ks20-acn-420-l800\/","name":"KS20-ACN-420-L800 - ACT Sistemas Hidr\u00e1ulicos","isPartOf":{"@id":"https:\/\/actbr.com.br\/en\/#website"},"primaryImageOfPage":{"@id":"https:\/\/actbr.com.br\/en\/produto\/ks20-acn-420-l800\/#primaryimage"},"image":{"@id":"https:\/\/actbr.com.br\/en\/produto\/ks20-acn-420-l800\/#primaryimage"},"thumbnailUrl":"https:\/\/actbr.com.br\/wp-content\/uploads\/2020\/09\/HS-COOLER-KS20-ACN-420-L800.jpg","datePublished":"2020-09-29T16:18:18+00:00","dateModified":"2023-06-30T11:55:52+00:00","description":"O Trocador de Calor HS COOLER KS20-ACN-420-L800 mant\u00e9m as temperaturas em equil\u00edbrio dentro de um sistema, transferindo calor entre os fluidos.","breadcrumb":{"@id":"https:\/\/actbr.com.br\/en\/produto\/ks20-acn-420-l800\/#breadcrumb"},"inLanguage":"en-US","potentialAction":[{"@type":"ReadAction","target":["https:\/\/actbr.com.br\/en\/produto\/ks20-acn-420-l800\/"]}]},{"@type":"ImageObject","inLanguage":"en-US","@id":"https:\/\/actbr.com.br\/en\/produto\/ks20-acn-420-l800\/#primaryimage","url":"https:\/\/actbr.com.br\/wp-content\/uploads\/2020\/09\/HS-COOLER-KS20-ACN-420-L800.jpg","contentUrl":"https:\/\/actbr.com.br\/wp-content\/uploads\/2020\/09\/HS-COOLER-KS20-ACN-420-L800.jpg","width":503,"height":330,"caption":"HS COOLER KS20-ACN-420-L800"},{"@type":"BreadcrumbList","@id":"https:\/\/actbr.com.br\/en\/produto\/ks20-acn-420-l800\/#breadcrumb","itemListElement":[{"@type":"ListItem","position":1,"name":"In\u00edcio","item":"https:\/\/actbr.com.br\/en\/"},{"@type":"ListItem","position":2,"name":"Produtos","item":"https:\/\/actbr.com.br\/produtos-act\/"},{"@type":"ListItem","position":3,"name":"Trocadores de Calor","item":"https:\/\/actbr.com.br\/en\/categoria-produto\/trocadores-de-calor\/"},{"@type":"ListItem","position":4,"name":"Trocador de Calor Casco e Tubo","item":"https:\/\/actbr.com.br\/en\/categoria-produto\/trocadores-de-calor\/casco-e-tubo\/"},{"@type":"ListItem","position":5,"name":"KS20-ACN-420-L800"}]},{"@type":"WebSite","@id":"https:\/\/actbr.com.br\/en\/#website","url":"https:\/\/actbr.com.br\/en\/","name":"ACT Sistemas Hidr\u00e1ulicos","description":"Fabrica\u00e7\u00e3o e manuten\u00e7\u00e3o de componentes \u00f3leo hidr\u00e1ulicos","publisher":{"@id":"https:\/\/actbr.com.br\/en\/#organization"},"potentialAction":[{"@type":"SearchAction","target":{"@type":"EntryPoint","urlTemplate":"https:\/\/actbr.com.br\/en\/?s={search_term_string}"},"query-input":{"@type":"PropertyValueSpecification","valueRequired":true,"valueName":"search_term_string"}}],"inLanguage":"en-US"},{"@type":"Organization","@id":"https:\/\/actbr.com.br\/en\/#organization","name":"ACT Sistemas Hidr\u00e1ulicos","url":"https:\/\/actbr.com.br\/en\/","logo":{"@type":"ImageObject","inLanguage":"en-US","@id":"https:\/\/actbr.com.br\/en\/#\/schema\/logo\/image\/","url":"https:\/\/actbr.com.br\/wp-content\/uploads\/2025\/02\/cropped-ACT_NEGATIVO-marca-dagua.png","contentUrl":"https:\/\/actbr.com.br\/wp-content\/uploads\/2025\/02\/cropped-ACT_NEGATIVO-marca-dagua.png","width":240,"height":146,"caption":"ACT Sistemas Hidr\u00e1ulicos"},"image":{"@id":"https:\/\/actbr.com.br\/en\/#\/schema\/logo\/image\/"}}]}},"_links":{"self":[{"href":"https:\/\/actbr.com.br\/en\/wp-json\/wp\/v2\/product\/5660","targetHints":{"allow":["GET"]}}],"collection":[{"href":"https:\/\/actbr.com.br\/en\/wp-json\/wp\/v2\/product"}],"about":[{"href":"https:\/\/actbr.com.br\/en\/wp-json\/wp\/v2\/types\/product"}],"wp:featuredmedia":[{"embeddable":true,"href":"https:\/\/actbr.com.br\/en\/wp-json\/wp\/v2\/media\/7312"}],"wp:attachment":[{"href":"https:\/\/actbr.com.br\/en\/wp-json\/wp\/v2\/media?parent=5660"}],"wp:term":[{"taxonomy":"product_brand","embeddable":true,"href":"https:\/\/actbr.com.br\/en\/wp-json\/wp\/v2\/product_brand?post=5660"},{"taxonomy":"product_cat","embeddable":true,"href":"https:\/\/actbr.com.br\/en\/wp-json\/wp\/v2\/product_cat?post=5660"},{"taxonomy":"product_tag","embeddable":true,"href":"https:\/\/actbr.com.br\/en\/wp-json\/wp\/v2\/product_tag?post=5660"}],"curies":[{"name":"wp","href":"https:\/\/api.w.org\/{rel}","templated":true}]}}