{"id":5690,"date":"2020-09-29T13:18:37","date_gmt":"2020-09-29T16:18:37","guid":{"rendered":"https:\/\/actbr.com.br\/produto\/4we10-j-60-x-nz5l\/"},"modified":"2023-10-23T14:49:49","modified_gmt":"2023-10-23T17:49:49","slug":"valvula-direcional-hidraulica-com-acionamento-eletrico-4we10-j-60-x-nz5l","status":"publish","type":"product","link":"https:\/\/actbr.com.br\/en\/produto\/valvula-direcional-hidraulica-com-acionamento-eletrico-4we10-j-60-x-nz5l\/","title":{"rendered":"V\u00e1lvula direcional hidr\u00e1ulica com acionamento el\u00e9trico 4WE10-J-30-X-NZ5L"},"content":{"rendered":"<p><strong>4WE10-J-30-X-NZ5L<\/strong><\/p>\n<p>A V\u00e1lvula Eletro Hidr\u00e1ulica Direcional 4WE10-J-30-X-NZ5L \u00e9 uma\u00a0 v\u00e1lvula direcional com 3 posi\u00e7\u00f5es e 4 vias, carretel centrado por mola.<\/p>\n<p>Em sua posi\u00e7\u00e3o de descanso (com as bobinas desenergizadas), A, B e T est\u00e3o ligadas enquanto P est\u00e1 fechada. Quando a bobina do lado cruzado \u00e9 energizada, A e T est\u00e3o conectados e P e B est\u00e3o conectados. Quando a bobina do lado paralelo \u00e9 energizada, P e A est\u00e3o conectados e B e T est\u00e3o conectados.<\/p>\n<p><strong>Caracter\u00edsticas:<\/strong><br \/>\nDiretamente operada;<br \/>\nSuperf\u00edcie de montagem ISO 4401:205 &#8211; 4401-03-02-0-05;<br \/>\nTamanho: TN10;<br \/>\nEletricamente acionada;<br \/>\nAtua com vaz\u00f5es de at\u00e9 120 litros por minuto;<br \/>\nTrabalha com press\u00f5es de at\u00e9 315 bar nas linhas &#8220;A&#8221;, &#8220;B&#8221; e &#8220;P&#8221; e 120 bar na linha &#8220;T&#8221;;<br \/>\nBobinas intercambi\u00e1veis para corrente cont\u00ednua ou alternada (DC ou AC);<br \/>\nRecomendado para a faixa de viscosidade: 2,8 mm\u00b2\/s at\u00e9 500 mm\u00b2\/s;<br \/>\nMax. frequ\u00eancia de comuta\u00e7\u00e3o: 15.000 \/ h;<br \/>\nMateriais de veda\u00e7\u00e3o: NBR;<br \/>\nToler\u00e2ncia de tens\u00e3o: \u00b1 10%;<br \/>\nPot\u00eancia nominal: 36W (12V) resp. 36W (24V);<br \/>\nTempo de comuta\u00e7\u00e3o: Tempo de liga\u00e7\u00e3o (bobina): 20 ms at\u00e9 70 ms;<br \/>\nTempo de desligamento (mola): 10 ms at\u00e9 60 ms;<br \/>\nLiga\u00e7\u00e3o el\u00e9ctrica: conforme a norma DIN 43650;<br \/>\nClassifica\u00e7\u00e3o IP: IP 65 a EN 60529; DIN 40050 (com o conector corretamente instalado);<br \/>\nCiclo de trabalho: 100%;<br \/>\n100% compat\u00edvel com os principais fabricantes.<\/p>\n\n<table id=\"tablepress-3\" class=\"tablepress tablepress-id-3 tbody-has-connected-cells\">\n<thead>\n<tr class=\"row-1\">\n\t<th colspan=\"6\" class=\"column-1\"><strong>V\u00e1lvulas de controle direcionais<\/strong><\/th>\n<\/tr>\n<\/thead>\n<tbody class=\"row-striping row-hover\">\n<tr class=\"row-2\">\n\t<td colspan=\"2\" class=\"column-1\"><strong>ATOS<\/strong><\/td><td colspan=\"2\" class=\"column-3\"><strong>BOSCH<\/strong><\/td><td rowspan=\"2\" class=\"column-5\"><strong>ACT<\/strong><\/td><td rowspan=\"2\" class=\"column-6\"><strong>VICKERS<\/strong><\/td>\n<\/tr>\n<tr class=\"row-3\">\n\t<td class=\"column-1\">C\u00f3digo do modelo<\/td><td class=\"column-2\"><\/td><td class=\"column-3\"><\/td><td class=\"column-4\">230\/50 AC<\/td>\n<\/tr>\n<tr class=\"row-4\">\n\t<td rowspan=\"17\" class=\"column-1\">DKE    DKER    <\/td><td class=\"column-2\">1630\/2<\/td><td class=\"column-3\">0 810 001 754<\/td><td class=\"column-4\">0 810 001 758<\/td><td class=\"column-5\">5-4WE10C<\/td><td class=\"column-6\">DG4V-5-0A<\/td>\n<\/tr>\n<tr class=\"row-5\">\n\t<td class=\"column-2\">1631\/2<\/td><td class=\"column-3\">0 810 001 760<\/td><td class=\"column-4\">0 810 001 764<\/td><td class=\"column-5\">5-4WE10D<\/td><td class=\"column-6\">DG4V-5-2A<\/td>\n<\/tr>\n<tr class=\"row-6\">\n\t<td class=\"column-2\">1632\/2<\/td><td class=\"column-3\">0 810 001 825<\/td><td class=\"column-4\">0 810 001 829<\/td><td class=\"column-5\">5-4WE10A<\/td><td class=\"column-6\">DG4V-5-22A<\/td>\n<\/tr>\n<tr class=\"row-7\">\n\t<td class=\"column-2\">1610<\/td><td class=\"column-3\">0 810 001 804<\/td><td class=\"column-4\">0 810 001 807<\/td><td class=\"column-5\">5-4WE10HA<\/td><td class=\"column-6\">DG4V-5-0B<\/td>\n<\/tr>\n<tr class=\"row-8\">\n\t<td class=\"column-2\">1611<\/td><td class=\"column-3\">0 810 001 816<\/td><td class=\"column-4\">0 810 001 819<\/td><td class=\"column-5\">5-4WE10EA<\/td><td class=\"column-6\">DG4V-5-2B<\/td>\n<\/tr>\n<tr class=\"row-9\">\n\t<td class=\"column-2\">1613<\/td><td class=\"column-3\">0 810 001 788<\/td><td class=\"column-4\">0 810 001 791<\/td><td class=\"column-5\">5-4WE10JA<\/td><td class=\"column-6\">DG4V-5-6B<\/td>\n<\/tr>\n<tr class=\"row-10\">\n\t<td class=\"column-2\">1614<\/td><td class=\"column-3\">0 810 001 767<\/td><td class=\"column-4\">0 810 001 770<\/td><td class=\"column-5\">5-4WE10GA<\/td><td class=\"column-6\">DG4V-5-8BL<\/td>\n<\/tr>\n<tr class=\"row-11\">\n\t<td class=\"column-2\">1710<\/td><td class=\"column-3\">0 810 001 708<\/td><td class=\"column-4\">0 810 001 713<\/td><td class=\"column-5\">5-4WE10H<\/td><td class=\"column-6\">DG4V-5-0C<\/td>\n<\/tr>\n<tr class=\"row-12\">\n\t<td class=\"column-2\">1711<\/td><td class=\"column-3\">0 810 001 715<\/td><td class=\"column-4\">0 810 001 721<\/td><td class=\"column-5\">5-4WE10E <\/td><td class=\"column-6\">DG4V-5-2C<\/td>\n<\/tr>\n<tr class=\"row-13\">\n\t<td class=\"column-2\">1713<\/td><td class=\"column-3\">0 810 001 731<\/td><td class=\"column-4\">0 810 001 735<\/td><td class=\"column-5\">5-4WE10J <\/td><td class=\"column-6\">DG4V-5-6C<\/td>\n<\/tr>\n<tr class=\"row-14\">\n\t<td class=\"column-2\">1713\/1<\/td><td class=\"column-3\">0 810 001 776<\/td><td class=\"column-4\">0 810 001 781<\/td><td class=\"column-5\">5-4WE10W<\/td><td class=\"column-6\">DG4V-5-33C<\/td>\n<\/tr>\n<tr class=\"row-15\">\n\t<td class=\"column-2\">1714<\/td><td class=\"column-3\">0 810 001 724<\/td><td class=\"column-4\">0 810 001 729<\/td><td class=\"column-5\">5-4WE10G<\/td><td class=\"column-6\">DG4V-5-8C<\/td>\n<\/tr>\n<tr class=\"row-16\">\n\t<td class=\"column-2\">1715<\/td><td class=\"column-3\">0 810 001 741<\/td><td class=\"column-4\">0 810 001 743<\/td><td class=\"column-5\">5-4WE10F<\/td><td class=\"column-6\">DG4V-5-1C<\/td>\n<\/tr>\n<tr class=\"row-17\">\n\t<td class=\"column-2\">1716<\/td><td class=\"column-3\">0 810 001 793<\/td><td class=\"column-4\">0 810 001 796<\/td><td class=\"column-5\">5-4WE10L<\/td><td class=\"column-6\">DG4V-5-3C<\/td>\n<\/tr>\n<tr class=\"row-18\">\n\t<td class=\"column-2\">1717<\/td><td class=\"column-3\">0 810 001 814<\/td><td class=\"column-4\">-<\/td><td class=\"column-5\">5-4WE10U<\/td><td class=\"column-6\">DG4V-5-31C<\/td>\n<\/tr>\n<tr class=\"row-19\">\n\t<td class=\"column-2\">1718<\/td><td class=\"column-3\">0 810 001 737<\/td><td class=\"column-4\">0 810 001 740<\/td><td class=\"column-5\">5-4WE10M<\/td><td class=\"column-6\">DG4V-5-7C<\/td>\n<\/tr>\n<tr class=\"row-20\">\n\t<td class=\"column-2\">17119<\/td><td class=\"column-3\">0 810 001 808<\/td><td class=\"column-4\">0 810 001 810<\/td><td class=\"column-5\">5-4WE10R<\/td><td class=\"column-6\">DG4V-5-52C<\/td>\n<\/tr>\n<\/tbody>\n<\/table>\n\n","protected":false},"excerpt":{"rendered":"<p>A V\u00e1lvula Eletro Hidr\u00e1ulica Direcional 4WE10-J-30-X-NZ5L \u00e9 uma&nbsp; v\u00e1lvula direcional com 3 posi\u00e7\u00f5es e 4 vias, carretel centrado por mola.<\/p>\n<p style=\"text-align: center;\"><a class=\"fasc-button fasc-size-medium fasc-type-flat fasc-rounded-medium\" style=\"background-color: #003668; color: #ffffff;\" target=\"_blank\" rel=\"noopener\" href=\"https:\/\/actbr.com.br\/wp-content\/uploads\/2020\/09\/Copia-de-catalogo-4WE10.pdf\">Cat\u00e1logo<\/a><\/p>\n","protected":false},"featured_media":9824,"template":"","meta":[],"product_brand":[],"product_cat":[154,46],"product_tag":[],"class_list":{"0":"post-5690","1":"product","2":"type-product","3":"status-publish","4":"has-post-thumbnail","6":"product_cat-eletrica-4we10","7":"product_cat-valvulas-direcionais","9":"first","10":"instock","11":"virtual","12":"product-type-simple"},"yoast_head":"<!-- This site is optimized with the Yoast SEO plugin v27.2 - https:\/\/yoast.com\/product\/yoast-seo-wordpress\/ -->\n<title>V\u00e1lvula direcional hidr\u00e1ulica com acionamento el\u00e9trico 4WE10-J-30-X-NZ5L - ACT Sistemas Hidr\u00e1ulicos<\/title>\n<meta name=\"description\" content=\"A V\u00e1lvula Eletro Hidr\u00e1ulica Direcional 4WE10-J-30-X-NZ5L \u00e9 uma\u00a0 v\u00e1lvula direcional com 3 posi\u00e7\u00f5es e 4 vias, carretel centrado por mola.\" \/>\n<meta name=\"robots\" content=\"index, follow, max-snippet:-1, max-image-preview:large, max-video-preview:-1\" \/>\n<link rel=\"canonical\" href=\"https:\/\/actbr.com.br\/en\/produto\/valvula-direcional-hidraulica-com-acionamento-eletrico-4we10-j-60-x-nz5l\/\" \/>\n<meta property=\"og:locale\" content=\"en_US\" \/>\n<meta property=\"og:type\" content=\"article\" \/>\n<meta property=\"og:title\" content=\"V\u00e1lvula direcional hidr\u00e1ulica com acionamento el\u00e9trico 4WE10-J-30-X-NZ5L - ACT Sistemas Hidr\u00e1ulicos\" \/>\n<meta property=\"og:description\" content=\"A V\u00e1lvula Eletro Hidr\u00e1ulica Direcional 4WE10-J-30-X-NZ5L \u00e9 uma\u00a0 v\u00e1lvula direcional com 3 posi\u00e7\u00f5es e 4 vias, carretel centrado por mola.\" \/>\n<meta property=\"og:url\" content=\"https:\/\/actbr.com.br\/en\/produto\/valvula-direcional-hidraulica-com-acionamento-eletrico-4we10-j-60-x-nz5l\/\" \/>\n<meta property=\"og:site_name\" content=\"ACT Sistemas Hidr\u00e1ulicos\" \/>\n<meta property=\"article:modified_time\" content=\"2023-10-23T17:49:49+00:00\" \/>\n<meta property=\"og:image\" content=\"https:\/\/actbr.com.br\/wp-content\/uploads\/2020\/09\/4WE10-QB-30-X-NZ5L-17.jpg\" \/>\n\t<meta property=\"og:image:width\" content=\"1080\" \/>\n\t<meta property=\"og:image:height\" content=\"1080\" \/>\n\t<meta property=\"og:image:type\" content=\"image\/jpeg\" \/>\n<meta name=\"twitter:card\" content=\"summary_large_image\" \/>\n<meta name=\"twitter:label1\" content=\"Est. reading time\" \/>\n\t<meta name=\"twitter:data1\" content=\"2 minutes\" \/>\n<script type=\"application\/ld+json\" class=\"yoast-schema-graph\">{\"@context\":\"https:\/\/schema.org\",\"@graph\":[{\"@type\":\"WebPage\",\"@id\":\"https:\/\/actbr.com.br\/en\/produto\/valvula-direcional-hidraulica-com-acionamento-eletrico-4we10-j-60-x-nz5l\/\",\"url\":\"https:\/\/actbr.com.br\/en\/produto\/valvula-direcional-hidraulica-com-acionamento-eletrico-4we10-j-60-x-nz5l\/\",\"name\":\"V\u00e1lvula direcional hidr\u00e1ulica com acionamento el\u00e9trico 4WE10-J-30-X-NZ5L - ACT Sistemas Hidr\u00e1ulicos\",\"isPartOf\":{\"@id\":\"https:\/\/actbr.com.br\/en\/#website\"},\"primaryImageOfPage\":{\"@id\":\"https:\/\/actbr.com.br\/en\/produto\/valvula-direcional-hidraulica-com-acionamento-eletrico-4we10-j-60-x-nz5l\/#primaryimage\"},\"image\":{\"@id\":\"https:\/\/actbr.com.br\/en\/produto\/valvula-direcional-hidraulica-com-acionamento-eletrico-4we10-j-60-x-nz5l\/#primaryimage\"},\"thumbnailUrl\":\"https:\/\/actbr.com.br\/wp-content\/uploads\/2020\/09\/4WE10-QB-30-X-NZ5L-17.jpg\",\"datePublished\":\"2020-09-29T16:18:37+00:00\",\"dateModified\":\"2023-10-23T17:49:49+00:00\",\"description\":\"A V\u00e1lvula Eletro Hidr\u00e1ulica Direcional 4WE10-J-30-X-NZ5L \u00e9 uma\u00a0 v\u00e1lvula direcional com 3 posi\u00e7\u00f5es e 4 vias, carretel centrado por mola.\",\"breadcrumb\":{\"@id\":\"https:\/\/actbr.com.br\/en\/produto\/valvula-direcional-hidraulica-com-acionamento-eletrico-4we10-j-60-x-nz5l\/#breadcrumb\"},\"inLanguage\":\"en-US\",\"potentialAction\":[{\"@type\":\"ReadAction\",\"target\":[\"https:\/\/actbr.com.br\/en\/produto\/valvula-direcional-hidraulica-com-acionamento-eletrico-4we10-j-60-x-nz5l\/\"]}]},{\"@type\":\"ImageObject\",\"inLanguage\":\"en-US\",\"@id\":\"https:\/\/actbr.com.br\/en\/produto\/valvula-direcional-hidraulica-com-acionamento-eletrico-4we10-j-60-x-nz5l\/#primaryimage\",\"url\":\"https:\/\/actbr.com.br\/wp-content\/uploads\/2020\/09\/4WE10-QB-30-X-NZ5L-17.jpg\",\"contentUrl\":\"https:\/\/actbr.com.br\/wp-content\/uploads\/2020\/09\/4WE10-QB-30-X-NZ5L-17.jpg\",\"width\":1080,\"height\":1080},{\"@type\":\"BreadcrumbList\",\"@id\":\"https:\/\/actbr.com.br\/en\/produto\/valvula-direcional-hidraulica-com-acionamento-eletrico-4we10-j-60-x-nz5l\/#breadcrumb\",\"itemListElement\":[{\"@type\":\"ListItem\",\"position\":1,\"name\":\"In\u00edcio\",\"item\":\"https:\/\/actbr.com.br\/en\/\"},{\"@type\":\"ListItem\",\"position\":2,\"name\":\"Produtos\",\"item\":\"https:\/\/actbr.com.br\/produtos-act\/\"},{\"@type\":\"ListItem\",\"position\":3,\"name\":\"V\u00e1lvulas Direcionais\",\"item\":\"https:\/\/actbr.com.br\/en\/categoria-produto\/valvulas-direcionais\/\"},{\"@type\":\"ListItem\",\"position\":4,\"name\":\"El\u00e9trica - 4WE10\",\"item\":\"https:\/\/actbr.com.br\/en\/categoria-produto\/valvulas-direcionais\/eletrica-4we10\/\"},{\"@type\":\"ListItem\",\"position\":5,\"name\":\"V\u00e1lvula direcional hidr\u00e1ulica com acionamento el\u00e9trico 4WE10-J-30-X-NZ5L\"}]},{\"@type\":\"WebSite\",\"@id\":\"https:\/\/actbr.com.br\/en\/#website\",\"url\":\"https:\/\/actbr.com.br\/en\/\",\"name\":\"ACT Sistemas Hidr\u00e1ulicos\",\"description\":\"Fabrica\u00e7\u00e3o e manuten\u00e7\u00e3o de componentes \u00f3leo hidr\u00e1ulicos\",\"publisher\":{\"@id\":\"https:\/\/actbr.com.br\/en\/#organization\"},\"potentialAction\":[{\"@type\":\"SearchAction\",\"target\":{\"@type\":\"EntryPoint\",\"urlTemplate\":\"https:\/\/actbr.com.br\/en\/?s={search_term_string}\"},\"query-input\":{\"@type\":\"PropertyValueSpecification\",\"valueRequired\":true,\"valueName\":\"search_term_string\"}}],\"inLanguage\":\"en-US\"},{\"@type\":\"Organization\",\"@id\":\"https:\/\/actbr.com.br\/en\/#organization\",\"name\":\"ACT Sistemas Hidr\u00e1ulicos\",\"url\":\"https:\/\/actbr.com.br\/en\/\",\"logo\":{\"@type\":\"ImageObject\",\"inLanguage\":\"en-US\",\"@id\":\"https:\/\/actbr.com.br\/en\/#\/schema\/logo\/image\/\",\"url\":\"https:\/\/actbr.com.br\/wp-content\/uploads\/2025\/02\/cropped-ACT_NEGATIVO-marca-dagua.png\",\"contentUrl\":\"https:\/\/actbr.com.br\/wp-content\/uploads\/2025\/02\/cropped-ACT_NEGATIVO-marca-dagua.png\",\"width\":240,\"height\":146,\"caption\":\"ACT Sistemas Hidr\u00e1ulicos\"},\"image\":{\"@id\":\"https:\/\/actbr.com.br\/en\/#\/schema\/logo\/image\/\"}}]}<\/script>\n<!-- \/ Yoast SEO plugin. -->","yoast_head_json":{"title":"V\u00e1lvula direcional hidr\u00e1ulica com acionamento el\u00e9trico 4WE10-J-30-X-NZ5L - ACT Sistemas Hidr\u00e1ulicos","description":"A V\u00e1lvula Eletro Hidr\u00e1ulica Direcional 4WE10-J-30-X-NZ5L \u00e9 uma\u00a0 v\u00e1lvula direcional com 3 posi\u00e7\u00f5es e 4 vias, carretel centrado por mola.","robots":{"index":"index","follow":"follow","max-snippet":"max-snippet:-1","max-image-preview":"max-image-preview:large","max-video-preview":"max-video-preview:-1"},"canonical":"https:\/\/actbr.com.br\/en\/produto\/valvula-direcional-hidraulica-com-acionamento-eletrico-4we10-j-60-x-nz5l\/","og_locale":"en_US","og_type":"article","og_title":"V\u00e1lvula direcional hidr\u00e1ulica com acionamento el\u00e9trico 4WE10-J-30-X-NZ5L - ACT Sistemas Hidr\u00e1ulicos","og_description":"A V\u00e1lvula Eletro Hidr\u00e1ulica Direcional 4WE10-J-30-X-NZ5L \u00e9 uma\u00a0 v\u00e1lvula direcional com 3 posi\u00e7\u00f5es e 4 vias, carretel centrado por mola.","og_url":"https:\/\/actbr.com.br\/en\/produto\/valvula-direcional-hidraulica-com-acionamento-eletrico-4we10-j-60-x-nz5l\/","og_site_name":"ACT Sistemas Hidr\u00e1ulicos","article_modified_time":"2023-10-23T17:49:49+00:00","og_image":[{"width":1080,"height":1080,"url":"https:\/\/actbr.com.br\/wp-content\/uploads\/2020\/09\/4WE10-QB-30-X-NZ5L-17.jpg","type":"image\/jpeg"}],"twitter_card":"summary_large_image","twitter_misc":{"Est. reading time":"2 minutes"},"schema":{"@context":"https:\/\/schema.org","@graph":[{"@type":"WebPage","@id":"https:\/\/actbr.com.br\/en\/produto\/valvula-direcional-hidraulica-com-acionamento-eletrico-4we10-j-60-x-nz5l\/","url":"https:\/\/actbr.com.br\/en\/produto\/valvula-direcional-hidraulica-com-acionamento-eletrico-4we10-j-60-x-nz5l\/","name":"V\u00e1lvula direcional hidr\u00e1ulica com acionamento el\u00e9trico 4WE10-J-30-X-NZ5L - ACT Sistemas Hidr\u00e1ulicos","isPartOf":{"@id":"https:\/\/actbr.com.br\/en\/#website"},"primaryImageOfPage":{"@id":"https:\/\/actbr.com.br\/en\/produto\/valvula-direcional-hidraulica-com-acionamento-eletrico-4we10-j-60-x-nz5l\/#primaryimage"},"image":{"@id":"https:\/\/actbr.com.br\/en\/produto\/valvula-direcional-hidraulica-com-acionamento-eletrico-4we10-j-60-x-nz5l\/#primaryimage"},"thumbnailUrl":"https:\/\/actbr.com.br\/wp-content\/uploads\/2020\/09\/4WE10-QB-30-X-NZ5L-17.jpg","datePublished":"2020-09-29T16:18:37+00:00","dateModified":"2023-10-23T17:49:49+00:00","description":"A V\u00e1lvula Eletro Hidr\u00e1ulica Direcional 4WE10-J-30-X-NZ5L \u00e9 uma\u00a0 v\u00e1lvula direcional com 3 posi\u00e7\u00f5es e 4 vias, carretel centrado por mola.","breadcrumb":{"@id":"https:\/\/actbr.com.br\/en\/produto\/valvula-direcional-hidraulica-com-acionamento-eletrico-4we10-j-60-x-nz5l\/#breadcrumb"},"inLanguage":"en-US","potentialAction":[{"@type":"ReadAction","target":["https:\/\/actbr.com.br\/en\/produto\/valvula-direcional-hidraulica-com-acionamento-eletrico-4we10-j-60-x-nz5l\/"]}]},{"@type":"ImageObject","inLanguage":"en-US","@id":"https:\/\/actbr.com.br\/en\/produto\/valvula-direcional-hidraulica-com-acionamento-eletrico-4we10-j-60-x-nz5l\/#primaryimage","url":"https:\/\/actbr.com.br\/wp-content\/uploads\/2020\/09\/4WE10-QB-30-X-NZ5L-17.jpg","contentUrl":"https:\/\/actbr.com.br\/wp-content\/uploads\/2020\/09\/4WE10-QB-30-X-NZ5L-17.jpg","width":1080,"height":1080},{"@type":"BreadcrumbList","@id":"https:\/\/actbr.com.br\/en\/produto\/valvula-direcional-hidraulica-com-acionamento-eletrico-4we10-j-60-x-nz5l\/#breadcrumb","itemListElement":[{"@type":"ListItem","position":1,"name":"In\u00edcio","item":"https:\/\/actbr.com.br\/en\/"},{"@type":"ListItem","position":2,"name":"Produtos","item":"https:\/\/actbr.com.br\/produtos-act\/"},{"@type":"ListItem","position":3,"name":"V\u00e1lvulas Direcionais","item":"https:\/\/actbr.com.br\/en\/categoria-produto\/valvulas-direcionais\/"},{"@type":"ListItem","position":4,"name":"El\u00e9trica - 4WE10","item":"https:\/\/actbr.com.br\/en\/categoria-produto\/valvulas-direcionais\/eletrica-4we10\/"},{"@type":"ListItem","position":5,"name":"V\u00e1lvula direcional hidr\u00e1ulica com acionamento el\u00e9trico 4WE10-J-30-X-NZ5L"}]},{"@type":"WebSite","@id":"https:\/\/actbr.com.br\/en\/#website","url":"https:\/\/actbr.com.br\/en\/","name":"ACT Sistemas Hidr\u00e1ulicos","description":"Fabrica\u00e7\u00e3o e manuten\u00e7\u00e3o de componentes \u00f3leo hidr\u00e1ulicos","publisher":{"@id":"https:\/\/actbr.com.br\/en\/#organization"},"potentialAction":[{"@type":"SearchAction","target":{"@type":"EntryPoint","urlTemplate":"https:\/\/actbr.com.br\/en\/?s={search_term_string}"},"query-input":{"@type":"PropertyValueSpecification","valueRequired":true,"valueName":"search_term_string"}}],"inLanguage":"en-US"},{"@type":"Organization","@id":"https:\/\/actbr.com.br\/en\/#organization","name":"ACT Sistemas Hidr\u00e1ulicos","url":"https:\/\/actbr.com.br\/en\/","logo":{"@type":"ImageObject","inLanguage":"en-US","@id":"https:\/\/actbr.com.br\/en\/#\/schema\/logo\/image\/","url":"https:\/\/actbr.com.br\/wp-content\/uploads\/2025\/02\/cropped-ACT_NEGATIVO-marca-dagua.png","contentUrl":"https:\/\/actbr.com.br\/wp-content\/uploads\/2025\/02\/cropped-ACT_NEGATIVO-marca-dagua.png","width":240,"height":146,"caption":"ACT Sistemas Hidr\u00e1ulicos"},"image":{"@id":"https:\/\/actbr.com.br\/en\/#\/schema\/logo\/image\/"}}]}},"_links":{"self":[{"href":"https:\/\/actbr.com.br\/en\/wp-json\/wp\/v2\/product\/5690","targetHints":{"allow":["GET"]}}],"collection":[{"href":"https:\/\/actbr.com.br\/en\/wp-json\/wp\/v2\/product"}],"about":[{"href":"https:\/\/actbr.com.br\/en\/wp-json\/wp\/v2\/types\/product"}],"wp:featuredmedia":[{"embeddable":true,"href":"https:\/\/actbr.com.br\/en\/wp-json\/wp\/v2\/media\/9824"}],"wp:attachment":[{"href":"https:\/\/actbr.com.br\/en\/wp-json\/wp\/v2\/media?parent=5690"}],"wp:term":[{"taxonomy":"product_brand","embeddable":true,"href":"https:\/\/actbr.com.br\/en\/wp-json\/wp\/v2\/product_brand?post=5690"},{"taxonomy":"product_cat","embeddable":true,"href":"https:\/\/actbr.com.br\/en\/wp-json\/wp\/v2\/product_cat?post=5690"},{"taxonomy":"product_tag","embeddable":true,"href":"https:\/\/actbr.com.br\/en\/wp-json\/wp\/v2\/product_tag?post=5690"}],"curies":[{"name":"wp","href":"https:\/\/api.w.org\/{rel}","templated":true}]}}