{"id":5796,"date":"2020-09-29T13:20:34","date_gmt":"2020-09-29T16:20:34","guid":{"rendered":"https:\/\/actbr.com.br\/produto\/acumuladores-em-aco-inox-htrx\/"},"modified":"2023-07-19T14:01:06","modified_gmt":"2023-07-19T17:01:06","slug":"acumulador-em-aco-inox-htrx","status":"publish","type":"product","link":"https:\/\/actbr.com.br\/en\/produto\/acumulador-em-aco-inox-htrx\/","title":{"rendered":"Acumulador em A\u00e7o Inox HTRX"},"content":{"rendered":"<p><strong>Acumulador em A\u00e7o Inox HTRX<\/strong><\/p>\n<p>O Acumulador em A\u00e7o Inox HTRX guarda energia potencial, para poder restitu\u00ed-la ao circuito hidr\u00e1ulico sempre que necess\u00e1rio, sob a forma potencial ou cin\u00e9tica, evitando interrup\u00e7\u00f5es na opera\u00e7\u00e3o.<\/p>\n<p><strong>Caracter\u00edsticas t\u00e9cnicas:<\/strong><br \/>\nPress\u00e3o m\u00e1xima de trabalho (PS): 30-120 bar;<br \/>\nPress\u00e3o de teste (PT) : PS x 1,43 \/ 1,3 \/ 1,5;<br \/>\nCorpo: em a\u00e7o inoxid\u00e1vel AISI 316L;<br \/>\nBolsa : NBR, HNBR, EPDM, FPM, HYTREL , Butil, Poliuretano;<br \/>\nV\u00e1lvula de nitrog\u00eanio padr\u00e3o: UNF;<br \/>\nInstala\u00e7\u00e3o: horizontal \/ vertical (v\u00e1lvula de nitrog\u00eanio para cima).<\/p>\n<p><strong>Taxa de compress\u00e3o:<\/strong><br \/>\nRecomendada: P2 \/ P0 = 2,5;<br \/>\nM\u00e1xima: P2 \/ P0 = 4.<\/p>\n<p><strong>Vida mec\u00e2nica: <\/strong><br \/>\nO n\u00famero de ciclos \u00e9 inversamente proporcional ao aumento da taxa de compress\u00e3o.<br \/>\nPara uso como amortecedor, a press\u00e3o de pr\u00e9 carga deve cair entre 60% e 80% da press\u00e3o de trabalho, levando em considera\u00e7\u00e3o o tipo de bomba e o valor da temperatura.<\/p>\n<p><strong>Mais sobre o Acumulador em A\u00e7o Inox HTRX:<\/strong><br \/>\nCorpo pintado externamente de acordo com o procedimento FOX padr\u00e3o ou de acordo com as especifica\u00e7\u00f5es do projeto;<br \/>\nConex\u00e3o com o flange SAE 3000 &#8211; SAE 6000, ANE B16.5 ou UNI \/ DIN;<br \/>\nAPI. 6A tipo 6BX;<br \/>\nConex\u00e3o em autoclave ou Grayloc;<br \/>\nConex\u00e3o especial a pedido;<br \/>\nFlange integrada;<br \/>\nLivre de manuten\u00e7\u00e3o (HTRX-SMF);<br \/>\nMateriais especiais ex\u00f3ticos;<br \/>\nExecu\u00e7\u00f5es de alta press\u00e3o.<\/p>\n","protected":false},"excerpt":{"rendered":"<p>O Acumulador em A\u00e7o Inox HTRX guarda energia potencial, para poder restitu\u00ed-la ao circuito hidr\u00e1ulico sempre que necess\u00e1rio, sob a forma potencial ou cin\u00e9tica, evitando interrup\u00e7\u00f5es na opera\u00e7\u00e3o.<\/p>\n","protected":false},"featured_media":7243,"template":"","meta":[],"product_brand":[],"product_cat":[76,140],"product_tag":[200,201],"class_list":{"0":"post-5796","1":"product","2":"type-product","3":"status-publish","4":"has-post-thumbnail","6":"product_cat-acessorios","7":"product_cat-acumulador-de-pressao","8":"product_tag-acumulador-de-bexiga","9":"product_tag-acumulador-de-pressao","11":"first","12":"instock","13":"virtual","14":"product-type-simple"},"yoast_head":"<!-- This site is optimized with the Yoast SEO plugin v27.2 - https:\/\/yoast.com\/product\/yoast-seo-wordpress\/ -->\n<title>Acumulador em A\u00e7o Inox HTRX - ACT Sistemas Hidr\u00e1ulicos<\/title>\n<meta name=\"description\" content=\"O Acumulador em A\u00e7o Inox HTRX guarda energia potencial, para poder restitu\u00ed-la ao circuito hidr\u00e1ulico sempre que necess\u00e1rio, evitando interrup\u00e7\u00f5es.\" \/>\n<meta name=\"robots\" content=\"index, follow, max-snippet:-1, max-image-preview:large, max-video-preview:-1\" \/>\n<link rel=\"canonical\" href=\"https:\/\/actbr.com.br\/en\/produto\/acumulador-em-aco-inox-htrx\/\" \/>\n<meta property=\"og:locale\" content=\"en_US\" \/>\n<meta property=\"og:type\" content=\"article\" \/>\n<meta property=\"og:title\" content=\"Acumulador em A\u00e7o Inox HTRX - ACT Sistemas Hidr\u00e1ulicos\" \/>\n<meta property=\"og:description\" content=\"O Acumulador em A\u00e7o Inox HTRX guarda energia potencial, para poder restitu\u00ed-la ao circuito hidr\u00e1ulico sempre que necess\u00e1rio, evitando interrup\u00e7\u00f5es.\" \/>\n<meta property=\"og:url\" content=\"https:\/\/actbr.com.br\/en\/produto\/acumulador-em-aco-inox-htrx\/\" \/>\n<meta property=\"og:site_name\" content=\"ACT Sistemas Hidr\u00e1ulicos\" \/>\n<meta property=\"article:modified_time\" content=\"2023-07-19T17:01:06+00:00\" \/>\n<meta property=\"og:image\" content=\"https:\/\/actbr.com.br\/wp-content\/uploads\/2020\/09\/Acumulador-em-Aco-Inox-HTRX.jpg\" \/>\n\t<meta property=\"og:image:width\" content=\"600\" \/>\n\t<meta property=\"og:image:height\" content=\"400\" \/>\n\t<meta property=\"og:image:type\" content=\"image\/jpeg\" \/>\n<meta name=\"twitter:card\" content=\"summary_large_image\" \/>\n<meta name=\"twitter:label1\" content=\"Est. reading time\" \/>\n\t<meta name=\"twitter:data1\" content=\"2 minutes\" \/>\n<script type=\"application\/ld+json\" class=\"yoast-schema-graph\">{\"@context\":\"https:\/\/schema.org\",\"@graph\":[{\"@type\":\"WebPage\",\"@id\":\"https:\/\/actbr.com.br\/en\/produto\/acumulador-em-aco-inox-htrx\/\",\"url\":\"https:\/\/actbr.com.br\/en\/produto\/acumulador-em-aco-inox-htrx\/\",\"name\":\"Acumulador em A\u00e7o Inox HTRX - ACT Sistemas Hidr\u00e1ulicos\",\"isPartOf\":{\"@id\":\"https:\/\/actbr.com.br\/en\/#website\"},\"primaryImageOfPage\":{\"@id\":\"https:\/\/actbr.com.br\/en\/produto\/acumulador-em-aco-inox-htrx\/#primaryimage\"},\"image\":{\"@id\":\"https:\/\/actbr.com.br\/en\/produto\/acumulador-em-aco-inox-htrx\/#primaryimage\"},\"thumbnailUrl\":\"https:\/\/actbr.com.br\/wp-content\/uploads\/2020\/09\/Acumulador-em-Aco-Inox-HTRX.jpg\",\"datePublished\":\"2020-09-29T16:20:34+00:00\",\"dateModified\":\"2023-07-19T17:01:06+00:00\",\"description\":\"O Acumulador em A\u00e7o Inox HTRX guarda energia potencial, para poder restitu\u00ed-la ao circuito hidr\u00e1ulico sempre que necess\u00e1rio, evitando interrup\u00e7\u00f5es.\",\"breadcrumb\":{\"@id\":\"https:\/\/actbr.com.br\/en\/produto\/acumulador-em-aco-inox-htrx\/#breadcrumb\"},\"inLanguage\":\"en-US\",\"potentialAction\":[{\"@type\":\"ReadAction\",\"target\":[\"https:\/\/actbr.com.br\/en\/produto\/acumulador-em-aco-inox-htrx\/\"]}]},{\"@type\":\"ImageObject\",\"inLanguage\":\"en-US\",\"@id\":\"https:\/\/actbr.com.br\/en\/produto\/acumulador-em-aco-inox-htrx\/#primaryimage\",\"url\":\"https:\/\/actbr.com.br\/wp-content\/uploads\/2020\/09\/Acumulador-em-Aco-Inox-HTRX.jpg\",\"contentUrl\":\"https:\/\/actbr.com.br\/wp-content\/uploads\/2020\/09\/Acumulador-em-Aco-Inox-HTRX.jpg\",\"width\":600,\"height\":400,\"caption\":\"Acumulador em A\u00e7o Inox HTRX\"},{\"@type\":\"BreadcrumbList\",\"@id\":\"https:\/\/actbr.com.br\/en\/produto\/acumulador-em-aco-inox-htrx\/#breadcrumb\",\"itemListElement\":[{\"@type\":\"ListItem\",\"position\":1,\"name\":\"In\u00edcio\",\"item\":\"https:\/\/actbr.com.br\/en\/\"},{\"@type\":\"ListItem\",\"position\":2,\"name\":\"Produtos\",\"item\":\"https:\/\/actbr.com.br\/produtos-act\/\"},{\"@type\":\"ListItem\",\"position\":3,\"name\":\"Acess\u00f3rios\",\"item\":\"https:\/\/actbr.com.br\/en\/categoria-produto\/acessorios\/\"},{\"@type\":\"ListItem\",\"position\":4,\"name\":\"Acumulador de Press\u00e3o\",\"item\":\"https:\/\/actbr.com.br\/en\/categoria-produto\/acessorios\/acumulador-de-pressao\/\"},{\"@type\":\"ListItem\",\"position\":5,\"name\":\"Acumulador em A\u00e7o Inox HTRX\"}]},{\"@type\":\"WebSite\",\"@id\":\"https:\/\/actbr.com.br\/en\/#website\",\"url\":\"https:\/\/actbr.com.br\/en\/\",\"name\":\"ACT Sistemas Hidr\u00e1ulicos\",\"description\":\"Fabrica\u00e7\u00e3o e manuten\u00e7\u00e3o de componentes \u00f3leo hidr\u00e1ulicos\",\"publisher\":{\"@id\":\"https:\/\/actbr.com.br\/en\/#organization\"},\"potentialAction\":[{\"@type\":\"SearchAction\",\"target\":{\"@type\":\"EntryPoint\",\"urlTemplate\":\"https:\/\/actbr.com.br\/en\/?s={search_term_string}\"},\"query-input\":{\"@type\":\"PropertyValueSpecification\",\"valueRequired\":true,\"valueName\":\"search_term_string\"}}],\"inLanguage\":\"en-US\"},{\"@type\":\"Organization\",\"@id\":\"https:\/\/actbr.com.br\/en\/#organization\",\"name\":\"ACT Sistemas Hidr\u00e1ulicos\",\"url\":\"https:\/\/actbr.com.br\/en\/\",\"logo\":{\"@type\":\"ImageObject\",\"inLanguage\":\"en-US\",\"@id\":\"https:\/\/actbr.com.br\/en\/#\/schema\/logo\/image\/\",\"url\":\"https:\/\/actbr.com.br\/wp-content\/uploads\/2025\/02\/cropped-ACT_NEGATIVO-marca-dagua.png\",\"contentUrl\":\"https:\/\/actbr.com.br\/wp-content\/uploads\/2025\/02\/cropped-ACT_NEGATIVO-marca-dagua.png\",\"width\":240,\"height\":146,\"caption\":\"ACT Sistemas Hidr\u00e1ulicos\"},\"image\":{\"@id\":\"https:\/\/actbr.com.br\/en\/#\/schema\/logo\/image\/\"}}]}<\/script>\n<!-- \/ Yoast SEO plugin. -->","yoast_head_json":{"title":"Acumulador em A\u00e7o Inox HTRX - ACT Sistemas Hidr\u00e1ulicos","description":"O Acumulador em A\u00e7o Inox HTRX guarda energia potencial, para poder restitu\u00ed-la ao circuito hidr\u00e1ulico sempre que necess\u00e1rio, evitando interrup\u00e7\u00f5es.","robots":{"index":"index","follow":"follow","max-snippet":"max-snippet:-1","max-image-preview":"max-image-preview:large","max-video-preview":"max-video-preview:-1"},"canonical":"https:\/\/actbr.com.br\/en\/produto\/acumulador-em-aco-inox-htrx\/","og_locale":"en_US","og_type":"article","og_title":"Acumulador em A\u00e7o Inox HTRX - ACT Sistemas Hidr\u00e1ulicos","og_description":"O Acumulador em A\u00e7o Inox HTRX guarda energia potencial, para poder restitu\u00ed-la ao circuito hidr\u00e1ulico sempre que necess\u00e1rio, evitando interrup\u00e7\u00f5es.","og_url":"https:\/\/actbr.com.br\/en\/produto\/acumulador-em-aco-inox-htrx\/","og_site_name":"ACT Sistemas Hidr\u00e1ulicos","article_modified_time":"2023-07-19T17:01:06+00:00","og_image":[{"width":600,"height":400,"url":"https:\/\/actbr.com.br\/wp-content\/uploads\/2020\/09\/Acumulador-em-Aco-Inox-HTRX.jpg","type":"image\/jpeg"}],"twitter_card":"summary_large_image","twitter_misc":{"Est. reading time":"2 minutes"},"schema":{"@context":"https:\/\/schema.org","@graph":[{"@type":"WebPage","@id":"https:\/\/actbr.com.br\/en\/produto\/acumulador-em-aco-inox-htrx\/","url":"https:\/\/actbr.com.br\/en\/produto\/acumulador-em-aco-inox-htrx\/","name":"Acumulador em A\u00e7o Inox HTRX - ACT Sistemas Hidr\u00e1ulicos","isPartOf":{"@id":"https:\/\/actbr.com.br\/en\/#website"},"primaryImageOfPage":{"@id":"https:\/\/actbr.com.br\/en\/produto\/acumulador-em-aco-inox-htrx\/#primaryimage"},"image":{"@id":"https:\/\/actbr.com.br\/en\/produto\/acumulador-em-aco-inox-htrx\/#primaryimage"},"thumbnailUrl":"https:\/\/actbr.com.br\/wp-content\/uploads\/2020\/09\/Acumulador-em-Aco-Inox-HTRX.jpg","datePublished":"2020-09-29T16:20:34+00:00","dateModified":"2023-07-19T17:01:06+00:00","description":"O Acumulador em A\u00e7o Inox HTRX guarda energia potencial, para poder restitu\u00ed-la ao circuito hidr\u00e1ulico sempre que necess\u00e1rio, evitando interrup\u00e7\u00f5es.","breadcrumb":{"@id":"https:\/\/actbr.com.br\/en\/produto\/acumulador-em-aco-inox-htrx\/#breadcrumb"},"inLanguage":"en-US","potentialAction":[{"@type":"ReadAction","target":["https:\/\/actbr.com.br\/en\/produto\/acumulador-em-aco-inox-htrx\/"]}]},{"@type":"ImageObject","inLanguage":"en-US","@id":"https:\/\/actbr.com.br\/en\/produto\/acumulador-em-aco-inox-htrx\/#primaryimage","url":"https:\/\/actbr.com.br\/wp-content\/uploads\/2020\/09\/Acumulador-em-Aco-Inox-HTRX.jpg","contentUrl":"https:\/\/actbr.com.br\/wp-content\/uploads\/2020\/09\/Acumulador-em-Aco-Inox-HTRX.jpg","width":600,"height":400,"caption":"Acumulador em A\u00e7o Inox HTRX"},{"@type":"BreadcrumbList","@id":"https:\/\/actbr.com.br\/en\/produto\/acumulador-em-aco-inox-htrx\/#breadcrumb","itemListElement":[{"@type":"ListItem","position":1,"name":"In\u00edcio","item":"https:\/\/actbr.com.br\/en\/"},{"@type":"ListItem","position":2,"name":"Produtos","item":"https:\/\/actbr.com.br\/produtos-act\/"},{"@type":"ListItem","position":3,"name":"Acess\u00f3rios","item":"https:\/\/actbr.com.br\/en\/categoria-produto\/acessorios\/"},{"@type":"ListItem","position":4,"name":"Acumulador de Press\u00e3o","item":"https:\/\/actbr.com.br\/en\/categoria-produto\/acessorios\/acumulador-de-pressao\/"},{"@type":"ListItem","position":5,"name":"Acumulador em A\u00e7o Inox HTRX"}]},{"@type":"WebSite","@id":"https:\/\/actbr.com.br\/en\/#website","url":"https:\/\/actbr.com.br\/en\/","name":"ACT Sistemas Hidr\u00e1ulicos","description":"Fabrica\u00e7\u00e3o e manuten\u00e7\u00e3o de componentes \u00f3leo hidr\u00e1ulicos","publisher":{"@id":"https:\/\/actbr.com.br\/en\/#organization"},"potentialAction":[{"@type":"SearchAction","target":{"@type":"EntryPoint","urlTemplate":"https:\/\/actbr.com.br\/en\/?s={search_term_string}"},"query-input":{"@type":"PropertyValueSpecification","valueRequired":true,"valueName":"search_term_string"}}],"inLanguage":"en-US"},{"@type":"Organization","@id":"https:\/\/actbr.com.br\/en\/#organization","name":"ACT Sistemas Hidr\u00e1ulicos","url":"https:\/\/actbr.com.br\/en\/","logo":{"@type":"ImageObject","inLanguage":"en-US","@id":"https:\/\/actbr.com.br\/en\/#\/schema\/logo\/image\/","url":"https:\/\/actbr.com.br\/wp-content\/uploads\/2025\/02\/cropped-ACT_NEGATIVO-marca-dagua.png","contentUrl":"https:\/\/actbr.com.br\/wp-content\/uploads\/2025\/02\/cropped-ACT_NEGATIVO-marca-dagua.png","width":240,"height":146,"caption":"ACT Sistemas Hidr\u00e1ulicos"},"image":{"@id":"https:\/\/actbr.com.br\/en\/#\/schema\/logo\/image\/"}}]}},"_links":{"self":[{"href":"https:\/\/actbr.com.br\/en\/wp-json\/wp\/v2\/product\/5796","targetHints":{"allow":["GET"]}}],"collection":[{"href":"https:\/\/actbr.com.br\/en\/wp-json\/wp\/v2\/product"}],"about":[{"href":"https:\/\/actbr.com.br\/en\/wp-json\/wp\/v2\/types\/product"}],"wp:featuredmedia":[{"embeddable":true,"href":"https:\/\/actbr.com.br\/en\/wp-json\/wp\/v2\/media\/7243"}],"wp:attachment":[{"href":"https:\/\/actbr.com.br\/en\/wp-json\/wp\/v2\/media?parent=5796"}],"wp:term":[{"taxonomy":"product_brand","embeddable":true,"href":"https:\/\/actbr.com.br\/en\/wp-json\/wp\/v2\/product_brand?post=5796"},{"taxonomy":"product_cat","embeddable":true,"href":"https:\/\/actbr.com.br\/en\/wp-json\/wp\/v2\/product_cat?post=5796"},{"taxonomy":"product_tag","embeddable":true,"href":"https:\/\/actbr.com.br\/en\/wp-json\/wp\/v2\/product_tag?post=5796"}],"curies":[{"name":"wp","href":"https:\/\/api.w.org\/{rel}","templated":true}]}}