{"id":5800,"date":"2020-09-29T13:20:34","date_gmt":"2020-09-29T16:20:34","guid":{"rendered":"https:\/\/actbr.com.br\/produto\/bomba-de-engrenagem-kf-20-ug-1-kracht\/"},"modified":"2023-10-04T14:10:08","modified_gmt":"2023-10-04T17:10:08","slug":"bomba-de-engrenagens-helicoidais-kracht-kf20-ug1","status":"publish","type":"product","link":"https:\/\/actbr.com.br\/en\/produto\/bomba-de-engrenagens-helicoidais-kracht-kf20-ug1\/","title":{"rendered":"Bomba de engrenagens Helicoidais KRACHT KF20 UG1"},"content":{"rendered":"<p><strong>Bomba de Engrenagens KF20 UG1 KRACHT<\/strong><\/p>\n<p>A Bomba de Transfer\u00eancia KRACHT com v\u00e1lvula de al\u00edvio incorporado (KF) \u00e9 adequada para diversos campos de atua\u00e7\u00e3o: sistemas de lubrifica\u00e7\u00e3o, filtragem e refrigera\u00e7\u00e3o para Redutores industriais do Setor de A\u00e7\u00facar e \u00c1lcool, Minera\u00e7\u00e3o, Energia E\u00f3lica, Papel e Celulose, Turbinas e Geradores, Mancais de M\u00e1quinas, entre outros setores.<\/p>\n<p>A ACT \u00e9 distribuidora oficial KRACHT no Brasil.<\/p>\n<p><strong>Caracter\u00edsticas:<\/strong><br \/>\nPeso l\u00edquido: 8.100 kg<\/p>\n<p><strong>Materiais:<\/strong><br \/>\nCorpo da bomba: Ferro fundido cinza EN-GJL 250;<br \/>\nV\u00e1lvula integrada: Ferro fundido cinza EN-GJL 250;<br \/>\nMaterial das Engrenagens: A\u00e7o temperado;<br \/>\nMaterial das veda\u00e7\u00f5es: NBR;<br \/>\nVeda\u00e7\u00e3o do eixo: Vedante radial de l\u00e1bio \u00fanico;<br \/>\nMancal de rolamentos: multicomponentes P10;<\/p>\n<p><strong>Informa\u00e7\u00f5es do produto:<\/strong><br \/>\nDeslocamento volum\u00e9trico: 20,10 cm\u00b3 \/ revolu\u00e7\u00e3o;<br \/>\nSentido de rota\u00e7\u00e3o: hor\u00e1rio e anti-hor\u00e1rio;<br \/>\nTipo de fixa\u00e7\u00e3o: Flange DIN;<br \/>\nRolamento externo: sim;<br \/>\nP\u00f3rtico de entrada: Conex\u00e3o roscada G 3\/4 &#8220;;<br \/>\nP\u00f3rtico de sa\u00edda: Conex\u00e3o roscada G 1\/2 &#8220;;<br \/>\nExtremidade do eixo: cil\u00edndrico \u00f8 14mm;<\/p>\n<p><strong>Dados espec\u00edficos:<\/strong><br \/>\nPress\u00e3o operacional (lado de suc\u00e7\u00e3o) -0,35 &#8230; +1 bar;<br \/>\nM\u00e1x. press\u00e3o de opera\u00e7\u00e3o (lado da press\u00e3o) 25 bar\u00a0(dependendo da viscosidade, velocidade e pot\u00eancia);<br \/>\nTemperatura do fluido: -20 \u00b0 C &#8230; + 90 \u00b0 C;<br \/>\nTemperatura ambiente: -20 \u00b0 C &#8230; + 60 \u00b0 C;<br \/>\nViscosidade m\u00ednima:<br \/>\n1,4 mm\u00b2 \/ s (m\u00e1x. 3 bar);<br \/>\n6 mm\u00b2 \/ s (m\u00e1x. 12 bar);<br \/>\n12 mm\u00b2 \/ s (press\u00e3o m\u00e1xima de opera\u00e7\u00e3o);<br \/>\nViscosidade m\u00e1xima dependendo das condi\u00e7\u00f5es de suc\u00e7\u00e3o, velocidade e pot\u00eancia;<br \/>\nFaixa de velocidade 200 &#8230; 3600 rpm:\u00a0(dependendo da press\u00e3o, viscosidade e pot\u00eancia).<\/p>\n","protected":false},"excerpt":{"rendered":"<p>A bomba de transfer\u00eancia KRACHT \u2013 V\u00e1lvula de Al\u00edvio opera com baixa emiss\u00e3o de ru\u00eddos, devido ao perfil helicoidal dos dentes de seu engrenamento.<\/p>\n<p>As Bombas KRACHT possuem v\u00e1lvula de al\u00edvio incorporada, portanto, trabalham com fluidos em uma grande faixa de viscosidade: de 12 at\u00e9 20.000 mm\u00b2\/s (cst).<\/p>\n<p>\u00c9 adequada para diversos campos de atua\u00e7\u00e3o: sistemas de lubrifica\u00e7\u00e3o, filtragem e refrigera\u00e7\u00e3o para Redutores industriais do Setor de A\u00e7\u00facar e \u00c1lcool, Minera\u00e7\u00e3o, Energia E\u00f3lica, Papel e Celulose, Turbinas e Geradores, Mancais de M\u00e1quinas, entre outros setores.<\/p>\n<p style=\"text-align: center;\"><a class=\"fasc-button fasc-size-medium fasc-type-flat fasc-rounded-medium\" style=\"background-color: #003668; color: #ffffff;\" target=\"_blank\" rel=\"noopener\" href=\"https:\/\/actbr.com.br\/wp-content\/uploads\/2020\/09\/KRACHT-KF-25_630_BR_01-2022_ACT-ALTA-VISCOSIDADE.pdf\">Cat\u00e1logo<\/a>&nbsp; &nbsp; &nbsp; &nbsp; &nbsp; &nbsp; &nbsp; &nbsp; <a class=\"fasc-button fasc-size-medium fasc-type-flat fasc-rounded-medium\" style=\"background-color: #003668; color: #ffffff;\" target=\"_blank\" rel=\"noopener\" href=\"https:\/\/actbr.com.br\/contato\/\">Solicitar Cota\u00e7\u00e3o<\/a>&nbsp; &nbsp; &nbsp; &nbsp; &nbsp; &nbsp; &nbsp; &nbsp; &nbsp;<\/p>\n","protected":false},"featured_media":7393,"template":"","meta":[],"product_brand":[],"product_cat":[29,28],"product_tag":[],"class_list":{"0":"post-5800","1":"product","2":"type-product","3":"status-publish","4":"has-post-thumbnail","6":"product_cat-engrenagens","7":"product_cat-bombas-hidraulicas","9":"first","10":"instock","11":"virtual","12":"product-type-simple"},"yoast_head":"<!-- This site is optimized with the Yoast SEO plugin v27.5 - https:\/\/yoast.com\/product\/yoast-seo-wordpress\/ -->\n<title>Bomba de engrenagens Helicoidais KRACHT KF20 UG1 - ACT Sistemas Hidr\u00e1ulicos<\/title>\n<meta name=\"description\" content=\"A Bomba de Transfer\u00eancia KRACHT com v\u00e1lvula de al\u00edvio incorporado (KF) \u00e9 adequada para diversos campos de atua\u00e7\u00e3o. A ACT \u00e9 distribuidora oficial da KRACHT.\" \/>\n<meta name=\"robots\" content=\"index, follow, max-snippet:-1, max-image-preview:large, max-video-preview:-1\" \/>\n<link rel=\"canonical\" href=\"https:\/\/actbr.com.br\/en\/produto\/bomba-de-engrenagens-helicoidais-kracht-kf20-ug1\/\" \/>\n<meta property=\"og:locale\" content=\"en_US\" \/>\n<meta property=\"og:type\" content=\"article\" \/>\n<meta property=\"og:title\" content=\"Bomba de engrenagens Helicoidais KRACHT KF20 UG1 - ACT Sistemas Hidr\u00e1ulicos\" \/>\n<meta property=\"og:description\" content=\"A Bomba de Transfer\u00eancia KRACHT com v\u00e1lvula de al\u00edvio incorporado (KF) \u00e9 adequada para diversos campos de atua\u00e7\u00e3o. A ACT \u00e9 distribuidora oficial da KRACHT.\" \/>\n<meta property=\"og:url\" content=\"https:\/\/actbr.com.br\/en\/produto\/bomba-de-engrenagens-helicoidais-kracht-kf20-ug1\/\" \/>\n<meta property=\"og:site_name\" content=\"ACT Sistemas Hidr\u00e1ulicos\" \/>\n<meta property=\"article:modified_time\" content=\"2023-10-04T17:10:08+00:00\" \/>\n<meta property=\"og:image\" content=\"https:\/\/actbr.com.br\/wp-content\/uploads\/2020\/09\/bomba-kracht-3.jpg\" \/>\n\t<meta property=\"og:image:width\" content=\"600\" \/>\n\t<meta property=\"og:image:height\" content=\"302\" \/>\n\t<meta property=\"og:image:type\" content=\"image\/jpeg\" \/>\n<meta name=\"twitter:card\" content=\"summary_large_image\" \/>\n<meta name=\"twitter:label1\" content=\"Est. reading time\" \/>\n\t<meta name=\"twitter:data1\" content=\"2 minutes\" \/>\n<script type=\"application\/ld+json\" class=\"yoast-schema-graph\">{\"@context\":\"https:\\\/\\\/schema.org\",\"@graph\":[{\"@type\":\"WebPage\",\"@id\":\"https:\\\/\\\/actbr.com.br\\\/en\\\/produto\\\/bomba-de-engrenagens-helicoidais-kracht-kf20-ug1\\\/\",\"url\":\"https:\\\/\\\/actbr.com.br\\\/en\\\/produto\\\/bomba-de-engrenagens-helicoidais-kracht-kf20-ug1\\\/\",\"name\":\"Bomba de engrenagens Helicoidais KRACHT KF20 UG1 - ACT Sistemas Hidr\u00e1ulicos\",\"isPartOf\":{\"@id\":\"https:\\\/\\\/actbr.com.br\\\/en\\\/#website\"},\"primaryImageOfPage\":{\"@id\":\"https:\\\/\\\/actbr.com.br\\\/en\\\/produto\\\/bomba-de-engrenagens-helicoidais-kracht-kf20-ug1\\\/#primaryimage\"},\"image\":{\"@id\":\"https:\\\/\\\/actbr.com.br\\\/en\\\/produto\\\/bomba-de-engrenagens-helicoidais-kracht-kf20-ug1\\\/#primaryimage\"},\"thumbnailUrl\":\"https:\\\/\\\/actbr.com.br\\\/wp-content\\\/uploads\\\/2020\\\/09\\\/bomba-kracht-3.jpg\",\"datePublished\":\"2020-09-29T16:20:34+00:00\",\"dateModified\":\"2023-10-04T17:10:08+00:00\",\"description\":\"A Bomba de Transfer\u00eancia KRACHT com v\u00e1lvula de al\u00edvio incorporado (KF) \u00e9 adequada para diversos campos de atua\u00e7\u00e3o. A ACT \u00e9 distribuidora oficial da KRACHT.\",\"breadcrumb\":{\"@id\":\"https:\\\/\\\/actbr.com.br\\\/en\\\/produto\\\/bomba-de-engrenagens-helicoidais-kracht-kf20-ug1\\\/#breadcrumb\"},\"inLanguage\":\"en-US\",\"potentialAction\":[{\"@type\":\"ReadAction\",\"target\":[\"https:\\\/\\\/actbr.com.br\\\/en\\\/produto\\\/bomba-de-engrenagens-helicoidais-kracht-kf20-ug1\\\/\"]}]},{\"@type\":\"ImageObject\",\"inLanguage\":\"en-US\",\"@id\":\"https:\\\/\\\/actbr.com.br\\\/en\\\/produto\\\/bomba-de-engrenagens-helicoidais-kracht-kf20-ug1\\\/#primaryimage\",\"url\":\"https:\\\/\\\/actbr.com.br\\\/wp-content\\\/uploads\\\/2020\\\/09\\\/bomba-kracht-3.jpg\",\"contentUrl\":\"https:\\\/\\\/actbr.com.br\\\/wp-content\\\/uploads\\\/2020\\\/09\\\/bomba-kracht-3.jpg\",\"width\":600,\"height\":302,\"caption\":\"Bomba de Engrenagens KF KRACHT\"},{\"@type\":\"BreadcrumbList\",\"@id\":\"https:\\\/\\\/actbr.com.br\\\/en\\\/produto\\\/bomba-de-engrenagens-helicoidais-kracht-kf20-ug1\\\/#breadcrumb\",\"itemListElement\":[{\"@type\":\"ListItem\",\"position\":1,\"name\":\"In\u00edcio\",\"item\":\"https:\\\/\\\/actbr.com.br\\\/en\\\/\"},{\"@type\":\"ListItem\",\"position\":2,\"name\":\"Produtos\",\"item\":\"https:\\\/\\\/actbr.com.br\\\/produtos-act\\\/\"},{\"@type\":\"ListItem\",\"position\":3,\"name\":\"Bombas Hidr\u00e1ulicas\",\"item\":\"https:\\\/\\\/actbr.com.br\\\/en\\\/categoria-produto\\\/bombas-hidraulicas\\\/\"},{\"@type\":\"ListItem\",\"position\":4,\"name\":\"Bombas de Engrenagens\",\"item\":\"https:\\\/\\\/actbr.com.br\\\/en\\\/categoria-produto\\\/bombas-hidraulicas\\\/engrenagens\\\/\"},{\"@type\":\"ListItem\",\"position\":5,\"name\":\"Bomba de engrenagens Helicoidais KRACHT KF20 UG1\"}]},{\"@type\":\"WebSite\",\"@id\":\"https:\\\/\\\/actbr.com.br\\\/en\\\/#website\",\"url\":\"https:\\\/\\\/actbr.com.br\\\/en\\\/\",\"name\":\"ACT Sistemas Hidr\u00e1ulicos\",\"description\":\"Fabrica\u00e7\u00e3o e manuten\u00e7\u00e3o de componentes \u00f3leo hidr\u00e1ulicos\",\"publisher\":{\"@id\":\"https:\\\/\\\/actbr.com.br\\\/en\\\/#organization\"},\"potentialAction\":[{\"@type\":\"SearchAction\",\"target\":{\"@type\":\"EntryPoint\",\"urlTemplate\":\"https:\\\/\\\/actbr.com.br\\\/en\\\/?s={search_term_string}\"},\"query-input\":{\"@type\":\"PropertyValueSpecification\",\"valueRequired\":true,\"valueName\":\"search_term_string\"}}],\"inLanguage\":\"en-US\"},{\"@type\":\"Organization\",\"@id\":\"https:\\\/\\\/actbr.com.br\\\/en\\\/#organization\",\"name\":\"ACT Sistemas Hidr\u00e1ulicos\",\"url\":\"https:\\\/\\\/actbr.com.br\\\/en\\\/\",\"logo\":{\"@type\":\"ImageObject\",\"inLanguage\":\"en-US\",\"@id\":\"https:\\\/\\\/actbr.com.br\\\/en\\\/#\\\/schema\\\/logo\\\/image\\\/\",\"url\":\"https:\\\/\\\/actbr.com.br\\\/wp-content\\\/uploads\\\/2025\\\/02\\\/cropped-ACT_NEGATIVO-marca-dagua.png\",\"contentUrl\":\"https:\\\/\\\/actbr.com.br\\\/wp-content\\\/uploads\\\/2025\\\/02\\\/cropped-ACT_NEGATIVO-marca-dagua.png\",\"width\":240,\"height\":146,\"caption\":\"ACT Sistemas Hidr\u00e1ulicos\"},\"image\":{\"@id\":\"https:\\\/\\\/actbr.com.br\\\/en\\\/#\\\/schema\\\/logo\\\/image\\\/\"}}]}<\/script>\n<!-- \/ Yoast SEO plugin. -->","yoast_head_json":{"title":"Bomba de engrenagens Helicoidais KRACHT KF20 UG1 - ACT Sistemas Hidr\u00e1ulicos","description":"A Bomba de Transfer\u00eancia KRACHT com v\u00e1lvula de al\u00edvio incorporado (KF) \u00e9 adequada para diversos campos de atua\u00e7\u00e3o. A ACT \u00e9 distribuidora oficial da KRACHT.","robots":{"index":"index","follow":"follow","max-snippet":"max-snippet:-1","max-image-preview":"max-image-preview:large","max-video-preview":"max-video-preview:-1"},"canonical":"https:\/\/actbr.com.br\/en\/produto\/bomba-de-engrenagens-helicoidais-kracht-kf20-ug1\/","og_locale":"en_US","og_type":"article","og_title":"Bomba de engrenagens Helicoidais KRACHT KF20 UG1 - ACT Sistemas Hidr\u00e1ulicos","og_description":"A Bomba de Transfer\u00eancia KRACHT com v\u00e1lvula de al\u00edvio incorporado (KF) \u00e9 adequada para diversos campos de atua\u00e7\u00e3o. A ACT \u00e9 distribuidora oficial da KRACHT.","og_url":"https:\/\/actbr.com.br\/en\/produto\/bomba-de-engrenagens-helicoidais-kracht-kf20-ug1\/","og_site_name":"ACT Sistemas Hidr\u00e1ulicos","article_modified_time":"2023-10-04T17:10:08+00:00","og_image":[{"width":600,"height":302,"url":"https:\/\/actbr.com.br\/wp-content\/uploads\/2020\/09\/bomba-kracht-3.jpg","type":"image\/jpeg"}],"twitter_card":"summary_large_image","twitter_misc":{"Est. reading time":"2 minutes"},"schema":{"@context":"https:\/\/schema.org","@graph":[{"@type":"WebPage","@id":"https:\/\/actbr.com.br\/en\/produto\/bomba-de-engrenagens-helicoidais-kracht-kf20-ug1\/","url":"https:\/\/actbr.com.br\/en\/produto\/bomba-de-engrenagens-helicoidais-kracht-kf20-ug1\/","name":"Bomba de engrenagens Helicoidais KRACHT KF20 UG1 - ACT Sistemas Hidr\u00e1ulicos","isPartOf":{"@id":"https:\/\/actbr.com.br\/en\/#website"},"primaryImageOfPage":{"@id":"https:\/\/actbr.com.br\/en\/produto\/bomba-de-engrenagens-helicoidais-kracht-kf20-ug1\/#primaryimage"},"image":{"@id":"https:\/\/actbr.com.br\/en\/produto\/bomba-de-engrenagens-helicoidais-kracht-kf20-ug1\/#primaryimage"},"thumbnailUrl":"https:\/\/actbr.com.br\/wp-content\/uploads\/2020\/09\/bomba-kracht-3.jpg","datePublished":"2020-09-29T16:20:34+00:00","dateModified":"2023-10-04T17:10:08+00:00","description":"A Bomba de Transfer\u00eancia KRACHT com v\u00e1lvula de al\u00edvio incorporado (KF) \u00e9 adequada para diversos campos de atua\u00e7\u00e3o. A ACT \u00e9 distribuidora oficial da KRACHT.","breadcrumb":{"@id":"https:\/\/actbr.com.br\/en\/produto\/bomba-de-engrenagens-helicoidais-kracht-kf20-ug1\/#breadcrumb"},"inLanguage":"en-US","potentialAction":[{"@type":"ReadAction","target":["https:\/\/actbr.com.br\/en\/produto\/bomba-de-engrenagens-helicoidais-kracht-kf20-ug1\/"]}]},{"@type":"ImageObject","inLanguage":"en-US","@id":"https:\/\/actbr.com.br\/en\/produto\/bomba-de-engrenagens-helicoidais-kracht-kf20-ug1\/#primaryimage","url":"https:\/\/actbr.com.br\/wp-content\/uploads\/2020\/09\/bomba-kracht-3.jpg","contentUrl":"https:\/\/actbr.com.br\/wp-content\/uploads\/2020\/09\/bomba-kracht-3.jpg","width":600,"height":302,"caption":"Bomba de Engrenagens KF KRACHT"},{"@type":"BreadcrumbList","@id":"https:\/\/actbr.com.br\/en\/produto\/bomba-de-engrenagens-helicoidais-kracht-kf20-ug1\/#breadcrumb","itemListElement":[{"@type":"ListItem","position":1,"name":"In\u00edcio","item":"https:\/\/actbr.com.br\/en\/"},{"@type":"ListItem","position":2,"name":"Produtos","item":"https:\/\/actbr.com.br\/produtos-act\/"},{"@type":"ListItem","position":3,"name":"Bombas Hidr\u00e1ulicas","item":"https:\/\/actbr.com.br\/en\/categoria-produto\/bombas-hidraulicas\/"},{"@type":"ListItem","position":4,"name":"Bombas de Engrenagens","item":"https:\/\/actbr.com.br\/en\/categoria-produto\/bombas-hidraulicas\/engrenagens\/"},{"@type":"ListItem","position":5,"name":"Bomba de engrenagens Helicoidais KRACHT KF20 UG1"}]},{"@type":"WebSite","@id":"https:\/\/actbr.com.br\/en\/#website","url":"https:\/\/actbr.com.br\/en\/","name":"ACT Sistemas Hidr\u00e1ulicos","description":"Fabrica\u00e7\u00e3o e manuten\u00e7\u00e3o de componentes \u00f3leo hidr\u00e1ulicos","publisher":{"@id":"https:\/\/actbr.com.br\/en\/#organization"},"potentialAction":[{"@type":"SearchAction","target":{"@type":"EntryPoint","urlTemplate":"https:\/\/actbr.com.br\/en\/?s={search_term_string}"},"query-input":{"@type":"PropertyValueSpecification","valueRequired":true,"valueName":"search_term_string"}}],"inLanguage":"en-US"},{"@type":"Organization","@id":"https:\/\/actbr.com.br\/en\/#organization","name":"ACT Sistemas Hidr\u00e1ulicos","url":"https:\/\/actbr.com.br\/en\/","logo":{"@type":"ImageObject","inLanguage":"en-US","@id":"https:\/\/actbr.com.br\/en\/#\/schema\/logo\/image\/","url":"https:\/\/actbr.com.br\/wp-content\/uploads\/2025\/02\/cropped-ACT_NEGATIVO-marca-dagua.png","contentUrl":"https:\/\/actbr.com.br\/wp-content\/uploads\/2025\/02\/cropped-ACT_NEGATIVO-marca-dagua.png","width":240,"height":146,"caption":"ACT Sistemas Hidr\u00e1ulicos"},"image":{"@id":"https:\/\/actbr.com.br\/en\/#\/schema\/logo\/image\/"}}]}},"_links":{"self":[{"href":"https:\/\/actbr.com.br\/en\/wp-json\/wp\/v2\/product\/5800","targetHints":{"allow":["GET"]}}],"collection":[{"href":"https:\/\/actbr.com.br\/en\/wp-json\/wp\/v2\/product"}],"about":[{"href":"https:\/\/actbr.com.br\/en\/wp-json\/wp\/v2\/types\/product"}],"wp:featuredmedia":[{"embeddable":true,"href":"https:\/\/actbr.com.br\/en\/wp-json\/wp\/v2\/media\/7393"}],"wp:attachment":[{"href":"https:\/\/actbr.com.br\/en\/wp-json\/wp\/v2\/media?parent=5800"}],"wp:term":[{"taxonomy":"product_brand","embeddable":true,"href":"https:\/\/actbr.com.br\/en\/wp-json\/wp\/v2\/product_brand?post=5800"},{"taxonomy":"product_cat","embeddable":true,"href":"https:\/\/actbr.com.br\/en\/wp-json\/wp\/v2\/product_cat?post=5800"},{"taxonomy":"product_tag","embeddable":true,"href":"https:\/\/actbr.com.br\/en\/wp-json\/wp\/v2\/product_tag?post=5800"}],"curies":[{"name":"wp","href":"https:\/\/api.w.org\/{rel}","templated":true}]}}