{"id":5873,"date":"2020-09-29T13:21:30","date_gmt":"2020-09-29T16:21:30","guid":{"rendered":"https:\/\/actbr.com.br\/produto\/suporte-para-flange-pe-de-flange-ptfl-e-ptfs\/"},"modified":"2023-06-29T10:47:01","modified_gmt":"2023-06-29T13:47:01","slug":"suporte-para-flange-ptfl-ptfs","status":"publish","type":"product","link":"https:\/\/actbr.com.br\/en\/produto\/suporte-para-flange-ptfl-ptfs\/","title":{"rendered":"Suporte para Flange PTFL &#8211; PTFS"},"content":{"rendered":"<p><strong>Suporte para Flange PTFL &#8211; PTFS<\/strong><\/p>\n<p>O Suporte para Flange PTFL &#8211; PTFS \u00e9 fundido em alum\u00ednio, de acordo a norma VDMA 24561.<\/p>\n<p>Os suportes para flanges de liga\u00e7\u00e3o Raja Lovejoy &#8211; R+L, possuem \u00f3tima resist\u00eancia f\u00edsica e excelente acabamento superficial. Podem ser montados em diversos equipamentos, tanto na posi\u00e7\u00e3o vertical quanto na horizontal, em Unidades Hidr\u00e1ulicas, Sistemas de Refrigera\u00e7\u00e3o e Lubrifica\u00e7\u00e3o, Grupos Moto-Bomba, Carrinho de Filtragem, entre outros.<\/p>\n<p><strong>Caracter\u00edsticas:<\/strong><br \/>\nDesign leve adequado para todas as unidades estacion\u00e1rias;<br \/>\nVerificar disponibilidades para cada carca\u00e7a IEC;<br \/>\nDesign compacto e com economia de espa\u00e7o;<br \/>\nMaterial alum\u00ednio: baixo peso com for\u00e7a suficiente;<br \/>\nVerificar tamanhos dispon\u00edveis em estoque;<br \/>\nReduz o armazenamento para apenas um motor el\u00e9trico para montagem horizontal e vertical.<\/p>\n<p><strong>Modelos dispon\u00edveis:<\/strong><br \/>\nPTFL 160;<br \/>\nPTFL 200;<br \/>\nPTFL 250;<br \/>\nPTFL 300;<br \/>\nPTFS 250;<br \/>\nPTFS 300;<br \/>\nPTFS 350;<br \/>\nPTFS 400;<br \/>\nPTFS 450;<br \/>\nPTFS 550;<br \/>\nPTFS 660.<\/p>\n","protected":false},"excerpt":{"rendered":"<p>O Suporte para Flange PTFL &#8211; PTFS \u00e9 fundido em alum\u00ednio, de acordo a norma VDMA 24561.<\/p>\n","protected":false},"featured_media":7294,"template":"","meta":[],"product_brand":[],"product_cat":[76,158],"product_tag":[],"class_list":{"0":"post-5873","1":"product","2":"type-product","3":"status-publish","4":"has-post-thumbnail","6":"product_cat-acessorios","7":"product_cat-suporte-para-flange","9":"first","10":"instock","11":"virtual","12":"product-type-simple"},"yoast_head":"<!-- This site is optimized with the Yoast SEO plugin v27.2 - https:\/\/yoast.com\/product\/yoast-seo-wordpress\/ -->\n<title>Suporte para Flange PTFL - PTFS - ACT Sistemas Hidr\u00e1ulicos<\/title>\n<meta name=\"description\" content=\"O Suporte para Flange PTFL - PTFS \u00e9 fundido em alum\u00ednio, de acordo a norma VDMA 24561.\" \/>\n<meta name=\"robots\" content=\"index, follow, max-snippet:-1, max-image-preview:large, max-video-preview:-1\" \/>\n<link rel=\"canonical\" href=\"https:\/\/actbr.com.br\/en\/produto\/suporte-para-flange-ptfl-ptfs\/\" \/>\n<meta property=\"og:locale\" content=\"en_US\" \/>\n<meta property=\"og:type\" content=\"article\" \/>\n<meta property=\"og:title\" content=\"Suporte para Flange PTFL - PTFS - ACT Sistemas Hidr\u00e1ulicos\" \/>\n<meta property=\"og:description\" content=\"O Suporte para Flange PTFL - PTFS \u00e9 fundido em alum\u00ednio, de acordo a norma VDMA 24561.\" \/>\n<meta property=\"og:url\" content=\"https:\/\/actbr.com.br\/en\/produto\/suporte-para-flange-ptfl-ptfs\/\" \/>\n<meta property=\"og:site_name\" content=\"ACT Sistemas Hidr\u00e1ulicos\" \/>\n<meta property=\"article:modified_time\" content=\"2023-06-29T13:47:01+00:00\" \/>\n<meta property=\"og:image\" content=\"https:\/\/actbr.com.br\/wp-content\/uploads\/2020\/09\/Suporte-para-Flange-PTFL-PTFS.jpg\" \/>\n\t<meta property=\"og:image:width\" content=\"398\" \/>\n\t<meta property=\"og:image:height\" content=\"332\" \/>\n\t<meta property=\"og:image:type\" content=\"image\/jpeg\" \/>\n<meta name=\"twitter:card\" content=\"summary_large_image\" \/>\n<meta name=\"twitter:label1\" content=\"Est. reading time\" \/>\n\t<meta name=\"twitter:data1\" content=\"1 minute\" \/>\n<script type=\"application\/ld+json\" class=\"yoast-schema-graph\">{\"@context\":\"https:\/\/schema.org\",\"@graph\":[{\"@type\":\"WebPage\",\"@id\":\"https:\/\/actbr.com.br\/en\/produto\/suporte-para-flange-ptfl-ptfs\/\",\"url\":\"https:\/\/actbr.com.br\/en\/produto\/suporte-para-flange-ptfl-ptfs\/\",\"name\":\"Suporte para Flange PTFL - PTFS - ACT Sistemas Hidr\u00e1ulicos\",\"isPartOf\":{\"@id\":\"https:\/\/actbr.com.br\/en\/#website\"},\"primaryImageOfPage\":{\"@id\":\"https:\/\/actbr.com.br\/en\/produto\/suporte-para-flange-ptfl-ptfs\/#primaryimage\"},\"image\":{\"@id\":\"https:\/\/actbr.com.br\/en\/produto\/suporte-para-flange-ptfl-ptfs\/#primaryimage\"},\"thumbnailUrl\":\"https:\/\/actbr.com.br\/wp-content\/uploads\/2020\/09\/Suporte-para-Flange-PTFL-PTFS.jpg\",\"datePublished\":\"2020-09-29T16:21:30+00:00\",\"dateModified\":\"2023-06-29T13:47:01+00:00\",\"description\":\"O Suporte para Flange PTFL - PTFS \u00e9 fundido em alum\u00ednio, de acordo a norma VDMA 24561.\",\"breadcrumb\":{\"@id\":\"https:\/\/actbr.com.br\/en\/produto\/suporte-para-flange-ptfl-ptfs\/#breadcrumb\"},\"inLanguage\":\"en-US\",\"potentialAction\":[{\"@type\":\"ReadAction\",\"target\":[\"https:\/\/actbr.com.br\/en\/produto\/suporte-para-flange-ptfl-ptfs\/\"]}]},{\"@type\":\"ImageObject\",\"inLanguage\":\"en-US\",\"@id\":\"https:\/\/actbr.com.br\/en\/produto\/suporte-para-flange-ptfl-ptfs\/#primaryimage\",\"url\":\"https:\/\/actbr.com.br\/wp-content\/uploads\/2020\/09\/Suporte-para-Flange-PTFL-PTFS.jpg\",\"contentUrl\":\"https:\/\/actbr.com.br\/wp-content\/uploads\/2020\/09\/Suporte-para-Flange-PTFL-PTFS.jpg\",\"width\":398,\"height\":332,\"caption\":\"Suporte para Flange PTFL - PTFS\"},{\"@type\":\"BreadcrumbList\",\"@id\":\"https:\/\/actbr.com.br\/en\/produto\/suporte-para-flange-ptfl-ptfs\/#breadcrumb\",\"itemListElement\":[{\"@type\":\"ListItem\",\"position\":1,\"name\":\"In\u00edcio\",\"item\":\"https:\/\/actbr.com.br\/en\/\"},{\"@type\":\"ListItem\",\"position\":2,\"name\":\"Produtos\",\"item\":\"https:\/\/actbr.com.br\/produtos-act\/\"},{\"@type\":\"ListItem\",\"position\":3,\"name\":\"Acess\u00f3rios\",\"item\":\"https:\/\/actbr.com.br\/en\/categoria-produto\/acessorios\/\"},{\"@type\":\"ListItem\",\"position\":4,\"name\":\"Suporte para Flange\",\"item\":\"https:\/\/actbr.com.br\/en\/categoria-produto\/acessorios\/suporte-para-flange\/\"},{\"@type\":\"ListItem\",\"position\":5,\"name\":\"Suporte para Flange PTFL &#8211; PTFS\"}]},{\"@type\":\"WebSite\",\"@id\":\"https:\/\/actbr.com.br\/en\/#website\",\"url\":\"https:\/\/actbr.com.br\/en\/\",\"name\":\"ACT Sistemas Hidr\u00e1ulicos\",\"description\":\"Fabrica\u00e7\u00e3o e manuten\u00e7\u00e3o de componentes \u00f3leo hidr\u00e1ulicos\",\"publisher\":{\"@id\":\"https:\/\/actbr.com.br\/en\/#organization\"},\"potentialAction\":[{\"@type\":\"SearchAction\",\"target\":{\"@type\":\"EntryPoint\",\"urlTemplate\":\"https:\/\/actbr.com.br\/en\/?s={search_term_string}\"},\"query-input\":{\"@type\":\"PropertyValueSpecification\",\"valueRequired\":true,\"valueName\":\"search_term_string\"}}],\"inLanguage\":\"en-US\"},{\"@type\":\"Organization\",\"@id\":\"https:\/\/actbr.com.br\/en\/#organization\",\"name\":\"ACT Sistemas Hidr\u00e1ulicos\",\"url\":\"https:\/\/actbr.com.br\/en\/\",\"logo\":{\"@type\":\"ImageObject\",\"inLanguage\":\"en-US\",\"@id\":\"https:\/\/actbr.com.br\/en\/#\/schema\/logo\/image\/\",\"url\":\"https:\/\/actbr.com.br\/wp-content\/uploads\/2025\/02\/cropped-ACT_NEGATIVO-marca-dagua.png\",\"contentUrl\":\"https:\/\/actbr.com.br\/wp-content\/uploads\/2025\/02\/cropped-ACT_NEGATIVO-marca-dagua.png\",\"width\":240,\"height\":146,\"caption\":\"ACT Sistemas Hidr\u00e1ulicos\"},\"image\":{\"@id\":\"https:\/\/actbr.com.br\/en\/#\/schema\/logo\/image\/\"}}]}<\/script>\n<!-- \/ Yoast SEO plugin. -->","yoast_head_json":{"title":"Suporte para Flange PTFL - PTFS - ACT Sistemas Hidr\u00e1ulicos","description":"O Suporte para Flange PTFL - PTFS \u00e9 fundido em alum\u00ednio, de acordo a norma VDMA 24561.","robots":{"index":"index","follow":"follow","max-snippet":"max-snippet:-1","max-image-preview":"max-image-preview:large","max-video-preview":"max-video-preview:-1"},"canonical":"https:\/\/actbr.com.br\/en\/produto\/suporte-para-flange-ptfl-ptfs\/","og_locale":"en_US","og_type":"article","og_title":"Suporte para Flange PTFL - PTFS - ACT Sistemas Hidr\u00e1ulicos","og_description":"O Suporte para Flange PTFL - PTFS \u00e9 fundido em alum\u00ednio, de acordo a norma VDMA 24561.","og_url":"https:\/\/actbr.com.br\/en\/produto\/suporte-para-flange-ptfl-ptfs\/","og_site_name":"ACT Sistemas Hidr\u00e1ulicos","article_modified_time":"2023-06-29T13:47:01+00:00","og_image":[{"width":398,"height":332,"url":"https:\/\/actbr.com.br\/wp-content\/uploads\/2020\/09\/Suporte-para-Flange-PTFL-PTFS.jpg","type":"image\/jpeg"}],"twitter_card":"summary_large_image","twitter_misc":{"Est. reading time":"1 minute"},"schema":{"@context":"https:\/\/schema.org","@graph":[{"@type":"WebPage","@id":"https:\/\/actbr.com.br\/en\/produto\/suporte-para-flange-ptfl-ptfs\/","url":"https:\/\/actbr.com.br\/en\/produto\/suporte-para-flange-ptfl-ptfs\/","name":"Suporte para Flange PTFL - PTFS - ACT Sistemas Hidr\u00e1ulicos","isPartOf":{"@id":"https:\/\/actbr.com.br\/en\/#website"},"primaryImageOfPage":{"@id":"https:\/\/actbr.com.br\/en\/produto\/suporte-para-flange-ptfl-ptfs\/#primaryimage"},"image":{"@id":"https:\/\/actbr.com.br\/en\/produto\/suporte-para-flange-ptfl-ptfs\/#primaryimage"},"thumbnailUrl":"https:\/\/actbr.com.br\/wp-content\/uploads\/2020\/09\/Suporte-para-Flange-PTFL-PTFS.jpg","datePublished":"2020-09-29T16:21:30+00:00","dateModified":"2023-06-29T13:47:01+00:00","description":"O Suporte para Flange PTFL - PTFS \u00e9 fundido em alum\u00ednio, de acordo a norma VDMA 24561.","breadcrumb":{"@id":"https:\/\/actbr.com.br\/en\/produto\/suporte-para-flange-ptfl-ptfs\/#breadcrumb"},"inLanguage":"en-US","potentialAction":[{"@type":"ReadAction","target":["https:\/\/actbr.com.br\/en\/produto\/suporte-para-flange-ptfl-ptfs\/"]}]},{"@type":"ImageObject","inLanguage":"en-US","@id":"https:\/\/actbr.com.br\/en\/produto\/suporte-para-flange-ptfl-ptfs\/#primaryimage","url":"https:\/\/actbr.com.br\/wp-content\/uploads\/2020\/09\/Suporte-para-Flange-PTFL-PTFS.jpg","contentUrl":"https:\/\/actbr.com.br\/wp-content\/uploads\/2020\/09\/Suporte-para-Flange-PTFL-PTFS.jpg","width":398,"height":332,"caption":"Suporte para Flange PTFL - PTFS"},{"@type":"BreadcrumbList","@id":"https:\/\/actbr.com.br\/en\/produto\/suporte-para-flange-ptfl-ptfs\/#breadcrumb","itemListElement":[{"@type":"ListItem","position":1,"name":"In\u00edcio","item":"https:\/\/actbr.com.br\/en\/"},{"@type":"ListItem","position":2,"name":"Produtos","item":"https:\/\/actbr.com.br\/produtos-act\/"},{"@type":"ListItem","position":3,"name":"Acess\u00f3rios","item":"https:\/\/actbr.com.br\/en\/categoria-produto\/acessorios\/"},{"@type":"ListItem","position":4,"name":"Suporte para Flange","item":"https:\/\/actbr.com.br\/en\/categoria-produto\/acessorios\/suporte-para-flange\/"},{"@type":"ListItem","position":5,"name":"Suporte para Flange PTFL &#8211; PTFS"}]},{"@type":"WebSite","@id":"https:\/\/actbr.com.br\/en\/#website","url":"https:\/\/actbr.com.br\/en\/","name":"ACT Sistemas Hidr\u00e1ulicos","description":"Fabrica\u00e7\u00e3o e manuten\u00e7\u00e3o de componentes \u00f3leo hidr\u00e1ulicos","publisher":{"@id":"https:\/\/actbr.com.br\/en\/#organization"},"potentialAction":[{"@type":"SearchAction","target":{"@type":"EntryPoint","urlTemplate":"https:\/\/actbr.com.br\/en\/?s={search_term_string}"},"query-input":{"@type":"PropertyValueSpecification","valueRequired":true,"valueName":"search_term_string"}}],"inLanguage":"en-US"},{"@type":"Organization","@id":"https:\/\/actbr.com.br\/en\/#organization","name":"ACT Sistemas Hidr\u00e1ulicos","url":"https:\/\/actbr.com.br\/en\/","logo":{"@type":"ImageObject","inLanguage":"en-US","@id":"https:\/\/actbr.com.br\/en\/#\/schema\/logo\/image\/","url":"https:\/\/actbr.com.br\/wp-content\/uploads\/2025\/02\/cropped-ACT_NEGATIVO-marca-dagua.png","contentUrl":"https:\/\/actbr.com.br\/wp-content\/uploads\/2025\/02\/cropped-ACT_NEGATIVO-marca-dagua.png","width":240,"height":146,"caption":"ACT Sistemas Hidr\u00e1ulicos"},"image":{"@id":"https:\/\/actbr.com.br\/en\/#\/schema\/logo\/image\/"}}]}},"_links":{"self":[{"href":"https:\/\/actbr.com.br\/en\/wp-json\/wp\/v2\/product\/5873","targetHints":{"allow":["GET"]}}],"collection":[{"href":"https:\/\/actbr.com.br\/en\/wp-json\/wp\/v2\/product"}],"about":[{"href":"https:\/\/actbr.com.br\/en\/wp-json\/wp\/v2\/types\/product"}],"wp:featuredmedia":[{"embeddable":true,"href":"https:\/\/actbr.com.br\/en\/wp-json\/wp\/v2\/media\/7294"}],"wp:attachment":[{"href":"https:\/\/actbr.com.br\/en\/wp-json\/wp\/v2\/media?parent=5873"}],"wp:term":[{"taxonomy":"product_brand","embeddable":true,"href":"https:\/\/actbr.com.br\/en\/wp-json\/wp\/v2\/product_brand?post=5873"},{"taxonomy":"product_cat","embeddable":true,"href":"https:\/\/actbr.com.br\/en\/wp-json\/wp\/v2\/product_cat?post=5873"},{"taxonomy":"product_tag","embeddable":true,"href":"https:\/\/actbr.com.br\/en\/wp-json\/wp\/v2\/product_tag?post=5873"}],"curies":[{"name":"wp","href":"https:\/\/api.w.org\/{rel}","templated":true}]}}