{"id":5903,"date":"2020-09-29T13:22:06","date_gmt":"2020-09-29T16:22:06","guid":{"rendered":"https:\/\/actbr.com.br\/produto\/visor-de-nivel-sf1-rl-hydraulics\/"},"modified":"2023-06-28T17:14:25","modified_gmt":"2023-06-28T20:14:25","slug":"visor-de-nivel-sf1","status":"publish","type":"product","link":"https:\/\/actbr.com.br\/en\/produto\/visor-de-nivel-sf1\/","title":{"rendered":"Visor de N\u00edvel SF1"},"content":{"rendered":"<p>Visor de N\u00edvel SF1 &#8211; R+L Hydraulics<\/p>\n<p>Os visores de N\u00edvel R+L s\u00e3o a solu\u00e7\u00e3o perfeita para o monitoramento de n\u00edvel em reservat\u00f3rios hidr\u00e1ulicos. Seu desenho permite montagem em substitui\u00e7\u00e3o de outras marcas do mercado, com baixo custo.<\/p>\n<p>&nbsp;<\/p>\n","protected":false},"excerpt":{"rendered":"<p>Os Visor de N\u00edvel SF1, da R+L Hydraulics, tem como fun\u00e7\u00e3o o monitoramento de n\u00edvel em reservat\u00f3rios hidr\u00e1ulicos.<\/p>\n","protected":false},"featured_media":7297,"template":"","meta":[],"product_brand":[],"product_cat":[76,159],"product_tag":[],"class_list":{"0":"post-5903","1":"product","2":"type-product","3":"status-publish","4":"has-post-thumbnail","6":"product_cat-acessorios","7":"product_cat-visor-de-nivel","9":"first","10":"instock","11":"virtual","12":"product-type-simple"},"yoast_head":"<!-- This site is optimized with the Yoast SEO plugin v27.2 - https:\/\/yoast.com\/product\/yoast-seo-wordpress\/ -->\n<title>Visor de N\u00edvel SF1 - ACT Sistemas Hidr\u00e1ulicos<\/title>\n<meta name=\"description\" content=\"Os Visor de N\u00edvel SF1, da R+L Hydraulics, tem como fun\u00e7\u00e3o o monitoramento de n\u00edvel em reservat\u00f3rios hidr\u00e1ulicos.\" \/>\n<meta name=\"robots\" content=\"index, follow, max-snippet:-1, max-image-preview:large, max-video-preview:-1\" \/>\n<link rel=\"canonical\" href=\"https:\/\/actbr.com.br\/en\/produto\/visor-de-nivel-sf1\/\" \/>\n<meta property=\"og:locale\" content=\"en_US\" \/>\n<meta property=\"og:type\" content=\"article\" \/>\n<meta property=\"og:title\" content=\"Visor de N\u00edvel SF1 - ACT Sistemas Hidr\u00e1ulicos\" \/>\n<meta property=\"og:description\" content=\"Os Visor de N\u00edvel SF1, da R+L Hydraulics, tem como fun\u00e7\u00e3o o monitoramento de n\u00edvel em reservat\u00f3rios hidr\u00e1ulicos.\" \/>\n<meta property=\"og:url\" content=\"https:\/\/actbr.com.br\/en\/produto\/visor-de-nivel-sf1\/\" \/>\n<meta property=\"og:site_name\" content=\"ACT Sistemas Hidr\u00e1ulicos\" \/>\n<meta property=\"article:modified_time\" content=\"2023-06-28T20:14:25+00:00\" \/>\n<meta property=\"og:image\" content=\"https:\/\/actbr.com.br\/wp-content\/uploads\/2020\/09\/Visor-de-Nivel-SF1.jpg\" \/>\n\t<meta property=\"og:image:width\" content=\"438\" \/>\n\t<meta property=\"og:image:height\" content=\"600\" \/>\n\t<meta property=\"og:image:type\" content=\"image\/jpeg\" \/>\n<meta name=\"twitter:card\" content=\"summary_large_image\" \/>\n<meta name=\"twitter:label1\" content=\"Est. reading time\" \/>\n\t<meta name=\"twitter:data1\" content=\"1 minute\" \/>\n<script type=\"application\/ld+json\" class=\"yoast-schema-graph\">{\"@context\":\"https:\/\/schema.org\",\"@graph\":[{\"@type\":\"WebPage\",\"@id\":\"https:\/\/actbr.com.br\/en\/produto\/visor-de-nivel-sf1\/\",\"url\":\"https:\/\/actbr.com.br\/en\/produto\/visor-de-nivel-sf1\/\",\"name\":\"Visor de N\u00edvel SF1 - ACT Sistemas Hidr\u00e1ulicos\",\"isPartOf\":{\"@id\":\"https:\/\/actbr.com.br\/en\/#website\"},\"primaryImageOfPage\":{\"@id\":\"https:\/\/actbr.com.br\/en\/produto\/visor-de-nivel-sf1\/#primaryimage\"},\"image\":{\"@id\":\"https:\/\/actbr.com.br\/en\/produto\/visor-de-nivel-sf1\/#primaryimage\"},\"thumbnailUrl\":\"https:\/\/actbr.com.br\/wp-content\/uploads\/2020\/09\/Visor-de-Nivel-SF1.jpg\",\"datePublished\":\"2020-09-29T16:22:06+00:00\",\"dateModified\":\"2023-06-28T20:14:25+00:00\",\"description\":\"Os Visor de N\u00edvel SF1, da R+L Hydraulics, tem como fun\u00e7\u00e3o o monitoramento de n\u00edvel em reservat\u00f3rios hidr\u00e1ulicos.\",\"breadcrumb\":{\"@id\":\"https:\/\/actbr.com.br\/en\/produto\/visor-de-nivel-sf1\/#breadcrumb\"},\"inLanguage\":\"en-US\",\"potentialAction\":[{\"@type\":\"ReadAction\",\"target\":[\"https:\/\/actbr.com.br\/en\/produto\/visor-de-nivel-sf1\/\"]}]},{\"@type\":\"ImageObject\",\"inLanguage\":\"en-US\",\"@id\":\"https:\/\/actbr.com.br\/en\/produto\/visor-de-nivel-sf1\/#primaryimage\",\"url\":\"https:\/\/actbr.com.br\/wp-content\/uploads\/2020\/09\/Visor-de-Nivel-SF1.jpg\",\"contentUrl\":\"https:\/\/actbr.com.br\/wp-content\/uploads\/2020\/09\/Visor-de-Nivel-SF1.jpg\",\"width\":438,\"height\":600,\"caption\":\"Visor de N\u00edvel SF1\"},{\"@type\":\"BreadcrumbList\",\"@id\":\"https:\/\/actbr.com.br\/en\/produto\/visor-de-nivel-sf1\/#breadcrumb\",\"itemListElement\":[{\"@type\":\"ListItem\",\"position\":1,\"name\":\"In\u00edcio\",\"item\":\"https:\/\/actbr.com.br\/en\/\"},{\"@type\":\"ListItem\",\"position\":2,\"name\":\"Produtos\",\"item\":\"https:\/\/actbr.com.br\/produtos-act\/\"},{\"@type\":\"ListItem\",\"position\":3,\"name\":\"Acess\u00f3rios\",\"item\":\"https:\/\/actbr.com.br\/en\/categoria-produto\/acessorios\/\"},{\"@type\":\"ListItem\",\"position\":4,\"name\":\"Visor de N\u00edvel\",\"item\":\"https:\/\/actbr.com.br\/en\/categoria-produto\/acessorios\/visor-de-nivel\/\"},{\"@type\":\"ListItem\",\"position\":5,\"name\":\"Visor de N\u00edvel SF1\"}]},{\"@type\":\"WebSite\",\"@id\":\"https:\/\/actbr.com.br\/en\/#website\",\"url\":\"https:\/\/actbr.com.br\/en\/\",\"name\":\"ACT Sistemas Hidr\u00e1ulicos\",\"description\":\"Fabrica\u00e7\u00e3o e manuten\u00e7\u00e3o de componentes \u00f3leo hidr\u00e1ulicos\",\"publisher\":{\"@id\":\"https:\/\/actbr.com.br\/en\/#organization\"},\"potentialAction\":[{\"@type\":\"SearchAction\",\"target\":{\"@type\":\"EntryPoint\",\"urlTemplate\":\"https:\/\/actbr.com.br\/en\/?s={search_term_string}\"},\"query-input\":{\"@type\":\"PropertyValueSpecification\",\"valueRequired\":true,\"valueName\":\"search_term_string\"}}],\"inLanguage\":\"en-US\"},{\"@type\":\"Organization\",\"@id\":\"https:\/\/actbr.com.br\/en\/#organization\",\"name\":\"ACT Sistemas Hidr\u00e1ulicos\",\"url\":\"https:\/\/actbr.com.br\/en\/\",\"logo\":{\"@type\":\"ImageObject\",\"inLanguage\":\"en-US\",\"@id\":\"https:\/\/actbr.com.br\/en\/#\/schema\/logo\/image\/\",\"url\":\"https:\/\/actbr.com.br\/wp-content\/uploads\/2025\/02\/cropped-ACT_NEGATIVO-marca-dagua.png\",\"contentUrl\":\"https:\/\/actbr.com.br\/wp-content\/uploads\/2025\/02\/cropped-ACT_NEGATIVO-marca-dagua.png\",\"width\":240,\"height\":146,\"caption\":\"ACT Sistemas Hidr\u00e1ulicos\"},\"image\":{\"@id\":\"https:\/\/actbr.com.br\/en\/#\/schema\/logo\/image\/\"}}]}<\/script>\n<!-- \/ Yoast SEO plugin. -->","yoast_head_json":{"title":"Visor de N\u00edvel SF1 - ACT Sistemas Hidr\u00e1ulicos","description":"Os Visor de N\u00edvel SF1, da R+L Hydraulics, tem como fun\u00e7\u00e3o o monitoramento de n\u00edvel em reservat\u00f3rios hidr\u00e1ulicos.","robots":{"index":"index","follow":"follow","max-snippet":"max-snippet:-1","max-image-preview":"max-image-preview:large","max-video-preview":"max-video-preview:-1"},"canonical":"https:\/\/actbr.com.br\/en\/produto\/visor-de-nivel-sf1\/","og_locale":"en_US","og_type":"article","og_title":"Visor de N\u00edvel SF1 - ACT Sistemas Hidr\u00e1ulicos","og_description":"Os Visor de N\u00edvel SF1, da R+L Hydraulics, tem como fun\u00e7\u00e3o o monitoramento de n\u00edvel em reservat\u00f3rios hidr\u00e1ulicos.","og_url":"https:\/\/actbr.com.br\/en\/produto\/visor-de-nivel-sf1\/","og_site_name":"ACT Sistemas Hidr\u00e1ulicos","article_modified_time":"2023-06-28T20:14:25+00:00","og_image":[{"width":438,"height":600,"url":"https:\/\/actbr.com.br\/wp-content\/uploads\/2020\/09\/Visor-de-Nivel-SF1.jpg","type":"image\/jpeg"}],"twitter_card":"summary_large_image","twitter_misc":{"Est. reading time":"1 minute"},"schema":{"@context":"https:\/\/schema.org","@graph":[{"@type":"WebPage","@id":"https:\/\/actbr.com.br\/en\/produto\/visor-de-nivel-sf1\/","url":"https:\/\/actbr.com.br\/en\/produto\/visor-de-nivel-sf1\/","name":"Visor de N\u00edvel SF1 - ACT Sistemas Hidr\u00e1ulicos","isPartOf":{"@id":"https:\/\/actbr.com.br\/en\/#website"},"primaryImageOfPage":{"@id":"https:\/\/actbr.com.br\/en\/produto\/visor-de-nivel-sf1\/#primaryimage"},"image":{"@id":"https:\/\/actbr.com.br\/en\/produto\/visor-de-nivel-sf1\/#primaryimage"},"thumbnailUrl":"https:\/\/actbr.com.br\/wp-content\/uploads\/2020\/09\/Visor-de-Nivel-SF1.jpg","datePublished":"2020-09-29T16:22:06+00:00","dateModified":"2023-06-28T20:14:25+00:00","description":"Os Visor de N\u00edvel SF1, da R+L Hydraulics, tem como fun\u00e7\u00e3o o monitoramento de n\u00edvel em reservat\u00f3rios hidr\u00e1ulicos.","breadcrumb":{"@id":"https:\/\/actbr.com.br\/en\/produto\/visor-de-nivel-sf1\/#breadcrumb"},"inLanguage":"en-US","potentialAction":[{"@type":"ReadAction","target":["https:\/\/actbr.com.br\/en\/produto\/visor-de-nivel-sf1\/"]}]},{"@type":"ImageObject","inLanguage":"en-US","@id":"https:\/\/actbr.com.br\/en\/produto\/visor-de-nivel-sf1\/#primaryimage","url":"https:\/\/actbr.com.br\/wp-content\/uploads\/2020\/09\/Visor-de-Nivel-SF1.jpg","contentUrl":"https:\/\/actbr.com.br\/wp-content\/uploads\/2020\/09\/Visor-de-Nivel-SF1.jpg","width":438,"height":600,"caption":"Visor de N\u00edvel SF1"},{"@type":"BreadcrumbList","@id":"https:\/\/actbr.com.br\/en\/produto\/visor-de-nivel-sf1\/#breadcrumb","itemListElement":[{"@type":"ListItem","position":1,"name":"In\u00edcio","item":"https:\/\/actbr.com.br\/en\/"},{"@type":"ListItem","position":2,"name":"Produtos","item":"https:\/\/actbr.com.br\/produtos-act\/"},{"@type":"ListItem","position":3,"name":"Acess\u00f3rios","item":"https:\/\/actbr.com.br\/en\/categoria-produto\/acessorios\/"},{"@type":"ListItem","position":4,"name":"Visor de N\u00edvel","item":"https:\/\/actbr.com.br\/en\/categoria-produto\/acessorios\/visor-de-nivel\/"},{"@type":"ListItem","position":5,"name":"Visor de N\u00edvel SF1"}]},{"@type":"WebSite","@id":"https:\/\/actbr.com.br\/en\/#website","url":"https:\/\/actbr.com.br\/en\/","name":"ACT Sistemas Hidr\u00e1ulicos","description":"Fabrica\u00e7\u00e3o e manuten\u00e7\u00e3o de componentes \u00f3leo hidr\u00e1ulicos","publisher":{"@id":"https:\/\/actbr.com.br\/en\/#organization"},"potentialAction":[{"@type":"SearchAction","target":{"@type":"EntryPoint","urlTemplate":"https:\/\/actbr.com.br\/en\/?s={search_term_string}"},"query-input":{"@type":"PropertyValueSpecification","valueRequired":true,"valueName":"search_term_string"}}],"inLanguage":"en-US"},{"@type":"Organization","@id":"https:\/\/actbr.com.br\/en\/#organization","name":"ACT Sistemas Hidr\u00e1ulicos","url":"https:\/\/actbr.com.br\/en\/","logo":{"@type":"ImageObject","inLanguage":"en-US","@id":"https:\/\/actbr.com.br\/en\/#\/schema\/logo\/image\/","url":"https:\/\/actbr.com.br\/wp-content\/uploads\/2025\/02\/cropped-ACT_NEGATIVO-marca-dagua.png","contentUrl":"https:\/\/actbr.com.br\/wp-content\/uploads\/2025\/02\/cropped-ACT_NEGATIVO-marca-dagua.png","width":240,"height":146,"caption":"ACT Sistemas Hidr\u00e1ulicos"},"image":{"@id":"https:\/\/actbr.com.br\/en\/#\/schema\/logo\/image\/"}}]}},"_links":{"self":[{"href":"https:\/\/actbr.com.br\/en\/wp-json\/wp\/v2\/product\/5903","targetHints":{"allow":["GET"]}}],"collection":[{"href":"https:\/\/actbr.com.br\/en\/wp-json\/wp\/v2\/product"}],"about":[{"href":"https:\/\/actbr.com.br\/en\/wp-json\/wp\/v2\/types\/product"}],"wp:featuredmedia":[{"embeddable":true,"href":"https:\/\/actbr.com.br\/en\/wp-json\/wp\/v2\/media\/7297"}],"wp:attachment":[{"href":"https:\/\/actbr.com.br\/en\/wp-json\/wp\/v2\/media?parent=5903"}],"wp:term":[{"taxonomy":"product_brand","embeddable":true,"href":"https:\/\/actbr.com.br\/en\/wp-json\/wp\/v2\/product_brand?post=5903"},{"taxonomy":"product_cat","embeddable":true,"href":"https:\/\/actbr.com.br\/en\/wp-json\/wp\/v2\/product_cat?post=5903"},{"taxonomy":"product_tag","embeddable":true,"href":"https:\/\/actbr.com.br\/en\/wp-json\/wp\/v2\/product_tag?post=5903"}],"curies":[{"name":"wp","href":"https:\/\/api.w.org\/{rel}","templated":true}]}}