{"id":5919,"date":"2020-09-29T13:22:26","date_gmt":"2020-09-29T16:22:26","guid":{"rendered":"https:\/\/actbr.com.br\/produto\/filtro-duplo-fg-duplex-pi-2105\/"},"modified":"2023-10-06T16:41:21","modified_gmt":"2023-10-06T19:41:21","slug":"filtro-duplo-duplex-de-baixa-pressao-pi-2105","status":"publish","type":"product","link":"https:\/\/actbr.com.br\/en\/produto\/filtro-duplo-duplex-de-baixa-pressao-pi-2105\/","title":{"rendered":"Filtro duplo (duplex) de baixa press\u00e3o PI 2105"},"content":{"rendered":"<p>Filtro Duplo FG (Duplex) &#8211; PI 2105<\/p>\n<p>Os filtros de press\u00e3o duplex Filtration Group (antiga MAHLE) s\u00e3o refer\u00eancia por sua alta estabilidade de performance e excelente capacidade de filtra\u00e7\u00e3o. Os filtros duplex s\u00e3o recomendados para equipamento de uso cont\u00ednuo, pois permitem a manuten\u00e7\u00e3o com o sistema em opera\u00e7\u00e3o.<\/p>\n<p>Esses filtros operam continuamente (sem interrup\u00e7\u00e3o) e, quando um dos elementos precisa ser substitu\u00eddo, basta mudar a posi\u00e7\u00e3o da alavanca de comando, direcionando o fluxo de \u00f3leo para o elemento &#8220;limpo&#8221;, mantendo o sistema em funcionamento.<\/p>\n<p><strong>Caracter\u00edsticas t\u00e9cnicas:<\/strong><br \/>\nTamanho nominal: 50 litros por minuto;<br \/>\nPress\u00e3o nominal: 32 bar;<br \/>\nSistema modular (princ\u00edpio construtivo);<br \/>\nDesign compacto;<br \/>\nQueda de press\u00e3o m\u00ednima atrav\u00e9s do projeto de fluxo ideal;<br \/>\nIndicador de manuten\u00e7\u00e3o visual \/ el\u00e9trico \/ eletr\u00f4nico;<br \/>\nConex\u00f5es roscadas;<br \/>\nAlavanca de comuta\u00e7\u00e3o ergon\u00f4mica com trava de seguran\u00e7a e compensa\u00e7\u00e3o de press\u00e3o;<br \/>\nOpera\u00e7\u00e3o com uma m\u00e3o otimizada (alavanca);<\/p>\n<p><strong>Equipado com:<br \/>\n<\/strong>Elementos de filtro PS (fibra de vidro);<br \/>\nElementos de filtro DRG (malha inoxid\u00e1vel e lav\u00e1vel);<br \/>\nClassifica\u00e7\u00e3o beta de acordo com o teste ISO 16889 multipass;<br \/>\nElementos de filtro MIC (celulose);<br \/>\nElementos com alta estabilidade de press\u00e3o diferencial e alta capacidade de reten\u00e7\u00e3o de sujeira.<\/p>\n","protected":false},"excerpt":{"rendered":"<p>Os filtros duplex s\u00e3o recomendados para equipamento de uso cont\u00ednuo, pois permitem a manuten\u00e7\u00e3o com o sistema em opera\u00e7\u00e3o.<\/p>\n","protected":false},"featured_media":7535,"template":"","meta":[],"product_brand":[],"product_cat":[90,67],"product_tag":[],"class_list":{"0":"post-5919","1":"product","2":"type-product","3":"status-publish","4":"has-post-thumbnail","6":"product_cat-filtro-duplo-baixa-pressao","7":"product_cat-filtros-e-elementos-filtrante","9":"first","10":"instock","11":"virtual","12":"product-type-simple"},"yoast_head":"<!-- This site is optimized with the Yoast SEO plugin v27.2 - https:\/\/yoast.com\/product\/yoast-seo-wordpress\/ -->\n<title>Filtro duplo (duplex) de baixa press\u00e3o PI 2105 - ACT Sistemas Hidr\u00e1ulicos<\/title>\n<meta name=\"description\" content=\"Os filtros duplex s\u00e3o recomendados para equipamento de uso cont\u00ednuo, pois permitem a manuten\u00e7\u00e3o com o sistema em opera\u00e7\u00e3o.\" \/>\n<meta name=\"robots\" content=\"index, follow, max-snippet:-1, max-image-preview:large, max-video-preview:-1\" \/>\n<link rel=\"canonical\" href=\"https:\/\/actbr.com.br\/en\/produto\/filtro-duplo-duplex-de-baixa-pressao-pi-2105\/\" \/>\n<meta property=\"og:locale\" content=\"en_US\" \/>\n<meta property=\"og:type\" content=\"article\" \/>\n<meta property=\"og:title\" content=\"Filtro duplo (duplex) de baixa press\u00e3o PI 2105 - ACT Sistemas Hidr\u00e1ulicos\" \/>\n<meta property=\"og:description\" content=\"Os filtros duplex s\u00e3o recomendados para equipamento de uso cont\u00ednuo, pois permitem a manuten\u00e7\u00e3o com o sistema em opera\u00e7\u00e3o.\" \/>\n<meta property=\"og:url\" content=\"https:\/\/actbr.com.br\/en\/produto\/filtro-duplo-duplex-de-baixa-pressao-pi-2105\/\" \/>\n<meta property=\"og:site_name\" content=\"ACT Sistemas Hidr\u00e1ulicos\" \/>\n<meta property=\"article:modified_time\" content=\"2023-10-06T19:41:21+00:00\" \/>\n<meta property=\"og:image\" content=\"https:\/\/actbr.com.br\/wp-content\/uploads\/2020\/09\/Filtro-Duplo-Baixa-Pressao.jpg\" \/>\n\t<meta property=\"og:image:width\" content=\"600\" \/>\n\t<meta property=\"og:image:height\" content=\"450\" \/>\n\t<meta property=\"og:image:type\" content=\"image\/jpeg\" \/>\n<meta name=\"twitter:card\" content=\"summary_large_image\" \/>\n<meta name=\"twitter:label1\" content=\"Est. reading time\" \/>\n\t<meta name=\"twitter:data1\" content=\"2 minutes\" \/>\n<script type=\"application\/ld+json\" class=\"yoast-schema-graph\">{\"@context\":\"https:\/\/schema.org\",\"@graph\":[{\"@type\":\"WebPage\",\"@id\":\"https:\/\/actbr.com.br\/en\/produto\/filtro-duplo-duplex-de-baixa-pressao-pi-2105\/\",\"url\":\"https:\/\/actbr.com.br\/en\/produto\/filtro-duplo-duplex-de-baixa-pressao-pi-2105\/\",\"name\":\"Filtro duplo (duplex) de baixa press\u00e3o PI 2105 - ACT Sistemas Hidr\u00e1ulicos\",\"isPartOf\":{\"@id\":\"https:\/\/actbr.com.br\/en\/#website\"},\"primaryImageOfPage\":{\"@id\":\"https:\/\/actbr.com.br\/en\/produto\/filtro-duplo-duplex-de-baixa-pressao-pi-2105\/#primaryimage\"},\"image\":{\"@id\":\"https:\/\/actbr.com.br\/en\/produto\/filtro-duplo-duplex-de-baixa-pressao-pi-2105\/#primaryimage\"},\"thumbnailUrl\":\"https:\/\/actbr.com.br\/wp-content\/uploads\/2020\/09\/Filtro-Duplo-Baixa-Pressao.jpg\",\"datePublished\":\"2020-09-29T16:22:26+00:00\",\"dateModified\":\"2023-10-06T19:41:21+00:00\",\"description\":\"Os filtros duplex s\u00e3o recomendados para equipamento de uso cont\u00ednuo, pois permitem a manuten\u00e7\u00e3o com o sistema em opera\u00e7\u00e3o.\",\"breadcrumb\":{\"@id\":\"https:\/\/actbr.com.br\/en\/produto\/filtro-duplo-duplex-de-baixa-pressao-pi-2105\/#breadcrumb\"},\"inLanguage\":\"en-US\",\"potentialAction\":[{\"@type\":\"ReadAction\",\"target\":[\"https:\/\/actbr.com.br\/en\/produto\/filtro-duplo-duplex-de-baixa-pressao-pi-2105\/\"]}]},{\"@type\":\"ImageObject\",\"inLanguage\":\"en-US\",\"@id\":\"https:\/\/actbr.com.br\/en\/produto\/filtro-duplo-duplex-de-baixa-pressao-pi-2105\/#primaryimage\",\"url\":\"https:\/\/actbr.com.br\/wp-content\/uploads\/2020\/09\/Filtro-Duplo-Baixa-Pressao.jpg\",\"contentUrl\":\"https:\/\/actbr.com.br\/wp-content\/uploads\/2020\/09\/Filtro-Duplo-Baixa-Pressao.jpg\",\"width\":600,\"height\":450,\"caption\":\"Filtro Duplo Baixa Press\u00e3o\"},{\"@type\":\"BreadcrumbList\",\"@id\":\"https:\/\/actbr.com.br\/en\/produto\/filtro-duplo-duplex-de-baixa-pressao-pi-2105\/#breadcrumb\",\"itemListElement\":[{\"@type\":\"ListItem\",\"position\":1,\"name\":\"In\u00edcio\",\"item\":\"https:\/\/actbr.com.br\/en\/\"},{\"@type\":\"ListItem\",\"position\":2,\"name\":\"Produtos\",\"item\":\"https:\/\/actbr.com.br\/produtos-act\/\"},{\"@type\":\"ListItem\",\"position\":3,\"name\":\"Filtros e Elementos Filtrante\",\"item\":\"https:\/\/actbr.com.br\/en\/categoria-produto\/filtros-e-elementos-filtrante\/\"},{\"@type\":\"ListItem\",\"position\":4,\"name\":\"Filtro Duplo (Baixa Press\u00e3o)\",\"item\":\"https:\/\/actbr.com.br\/en\/categoria-produto\/filtros-e-elementos-filtrante\/filtro-duplo-baixa-pressao\/\"},{\"@type\":\"ListItem\",\"position\":5,\"name\":\"Filtro duplo (duplex) de baixa press\u00e3o PI 2105\"}]},{\"@type\":\"WebSite\",\"@id\":\"https:\/\/actbr.com.br\/en\/#website\",\"url\":\"https:\/\/actbr.com.br\/en\/\",\"name\":\"ACT Sistemas Hidr\u00e1ulicos\",\"description\":\"Fabrica\u00e7\u00e3o e manuten\u00e7\u00e3o de componentes \u00f3leo hidr\u00e1ulicos\",\"publisher\":{\"@id\":\"https:\/\/actbr.com.br\/en\/#organization\"},\"potentialAction\":[{\"@type\":\"SearchAction\",\"target\":{\"@type\":\"EntryPoint\",\"urlTemplate\":\"https:\/\/actbr.com.br\/en\/?s={search_term_string}\"},\"query-input\":{\"@type\":\"PropertyValueSpecification\",\"valueRequired\":true,\"valueName\":\"search_term_string\"}}],\"inLanguage\":\"en-US\"},{\"@type\":\"Organization\",\"@id\":\"https:\/\/actbr.com.br\/en\/#organization\",\"name\":\"ACT Sistemas Hidr\u00e1ulicos\",\"url\":\"https:\/\/actbr.com.br\/en\/\",\"logo\":{\"@type\":\"ImageObject\",\"inLanguage\":\"en-US\",\"@id\":\"https:\/\/actbr.com.br\/en\/#\/schema\/logo\/image\/\",\"url\":\"https:\/\/actbr.com.br\/wp-content\/uploads\/2025\/02\/cropped-ACT_NEGATIVO-marca-dagua.png\",\"contentUrl\":\"https:\/\/actbr.com.br\/wp-content\/uploads\/2025\/02\/cropped-ACT_NEGATIVO-marca-dagua.png\",\"width\":240,\"height\":146,\"caption\":\"ACT Sistemas Hidr\u00e1ulicos\"},\"image\":{\"@id\":\"https:\/\/actbr.com.br\/en\/#\/schema\/logo\/image\/\"}}]}<\/script>\n<!-- \/ Yoast SEO plugin. -->","yoast_head_json":{"title":"Filtro duplo (duplex) de baixa press\u00e3o PI 2105 - ACT Sistemas Hidr\u00e1ulicos","description":"Os filtros duplex s\u00e3o recomendados para equipamento de uso cont\u00ednuo, pois permitem a manuten\u00e7\u00e3o com o sistema em opera\u00e7\u00e3o.","robots":{"index":"index","follow":"follow","max-snippet":"max-snippet:-1","max-image-preview":"max-image-preview:large","max-video-preview":"max-video-preview:-1"},"canonical":"https:\/\/actbr.com.br\/en\/produto\/filtro-duplo-duplex-de-baixa-pressao-pi-2105\/","og_locale":"en_US","og_type":"article","og_title":"Filtro duplo (duplex) de baixa press\u00e3o PI 2105 - ACT Sistemas Hidr\u00e1ulicos","og_description":"Os filtros duplex s\u00e3o recomendados para equipamento de uso cont\u00ednuo, pois permitem a manuten\u00e7\u00e3o com o sistema em opera\u00e7\u00e3o.","og_url":"https:\/\/actbr.com.br\/en\/produto\/filtro-duplo-duplex-de-baixa-pressao-pi-2105\/","og_site_name":"ACT Sistemas Hidr\u00e1ulicos","article_modified_time":"2023-10-06T19:41:21+00:00","og_image":[{"width":600,"height":450,"url":"https:\/\/actbr.com.br\/wp-content\/uploads\/2020\/09\/Filtro-Duplo-Baixa-Pressao.jpg","type":"image\/jpeg"}],"twitter_card":"summary_large_image","twitter_misc":{"Est. reading time":"2 minutes"},"schema":{"@context":"https:\/\/schema.org","@graph":[{"@type":"WebPage","@id":"https:\/\/actbr.com.br\/en\/produto\/filtro-duplo-duplex-de-baixa-pressao-pi-2105\/","url":"https:\/\/actbr.com.br\/en\/produto\/filtro-duplo-duplex-de-baixa-pressao-pi-2105\/","name":"Filtro duplo (duplex) de baixa press\u00e3o PI 2105 - ACT Sistemas Hidr\u00e1ulicos","isPartOf":{"@id":"https:\/\/actbr.com.br\/en\/#website"},"primaryImageOfPage":{"@id":"https:\/\/actbr.com.br\/en\/produto\/filtro-duplo-duplex-de-baixa-pressao-pi-2105\/#primaryimage"},"image":{"@id":"https:\/\/actbr.com.br\/en\/produto\/filtro-duplo-duplex-de-baixa-pressao-pi-2105\/#primaryimage"},"thumbnailUrl":"https:\/\/actbr.com.br\/wp-content\/uploads\/2020\/09\/Filtro-Duplo-Baixa-Pressao.jpg","datePublished":"2020-09-29T16:22:26+00:00","dateModified":"2023-10-06T19:41:21+00:00","description":"Os filtros duplex s\u00e3o recomendados para equipamento de uso cont\u00ednuo, pois permitem a manuten\u00e7\u00e3o com o sistema em opera\u00e7\u00e3o.","breadcrumb":{"@id":"https:\/\/actbr.com.br\/en\/produto\/filtro-duplo-duplex-de-baixa-pressao-pi-2105\/#breadcrumb"},"inLanguage":"en-US","potentialAction":[{"@type":"ReadAction","target":["https:\/\/actbr.com.br\/en\/produto\/filtro-duplo-duplex-de-baixa-pressao-pi-2105\/"]}]},{"@type":"ImageObject","inLanguage":"en-US","@id":"https:\/\/actbr.com.br\/en\/produto\/filtro-duplo-duplex-de-baixa-pressao-pi-2105\/#primaryimage","url":"https:\/\/actbr.com.br\/wp-content\/uploads\/2020\/09\/Filtro-Duplo-Baixa-Pressao.jpg","contentUrl":"https:\/\/actbr.com.br\/wp-content\/uploads\/2020\/09\/Filtro-Duplo-Baixa-Pressao.jpg","width":600,"height":450,"caption":"Filtro Duplo Baixa Press\u00e3o"},{"@type":"BreadcrumbList","@id":"https:\/\/actbr.com.br\/en\/produto\/filtro-duplo-duplex-de-baixa-pressao-pi-2105\/#breadcrumb","itemListElement":[{"@type":"ListItem","position":1,"name":"In\u00edcio","item":"https:\/\/actbr.com.br\/en\/"},{"@type":"ListItem","position":2,"name":"Produtos","item":"https:\/\/actbr.com.br\/produtos-act\/"},{"@type":"ListItem","position":3,"name":"Filtros e Elementos Filtrante","item":"https:\/\/actbr.com.br\/en\/categoria-produto\/filtros-e-elementos-filtrante\/"},{"@type":"ListItem","position":4,"name":"Filtro Duplo (Baixa Press\u00e3o)","item":"https:\/\/actbr.com.br\/en\/categoria-produto\/filtros-e-elementos-filtrante\/filtro-duplo-baixa-pressao\/"},{"@type":"ListItem","position":5,"name":"Filtro duplo (duplex) de baixa press\u00e3o PI 2105"}]},{"@type":"WebSite","@id":"https:\/\/actbr.com.br\/en\/#website","url":"https:\/\/actbr.com.br\/en\/","name":"ACT Sistemas Hidr\u00e1ulicos","description":"Fabrica\u00e7\u00e3o e manuten\u00e7\u00e3o de componentes \u00f3leo hidr\u00e1ulicos","publisher":{"@id":"https:\/\/actbr.com.br\/en\/#organization"},"potentialAction":[{"@type":"SearchAction","target":{"@type":"EntryPoint","urlTemplate":"https:\/\/actbr.com.br\/en\/?s={search_term_string}"},"query-input":{"@type":"PropertyValueSpecification","valueRequired":true,"valueName":"search_term_string"}}],"inLanguage":"en-US"},{"@type":"Organization","@id":"https:\/\/actbr.com.br\/en\/#organization","name":"ACT Sistemas Hidr\u00e1ulicos","url":"https:\/\/actbr.com.br\/en\/","logo":{"@type":"ImageObject","inLanguage":"en-US","@id":"https:\/\/actbr.com.br\/en\/#\/schema\/logo\/image\/","url":"https:\/\/actbr.com.br\/wp-content\/uploads\/2025\/02\/cropped-ACT_NEGATIVO-marca-dagua.png","contentUrl":"https:\/\/actbr.com.br\/wp-content\/uploads\/2025\/02\/cropped-ACT_NEGATIVO-marca-dagua.png","width":240,"height":146,"caption":"ACT Sistemas Hidr\u00e1ulicos"},"image":{"@id":"https:\/\/actbr.com.br\/en\/#\/schema\/logo\/image\/"}}]}},"_links":{"self":[{"href":"https:\/\/actbr.com.br\/en\/wp-json\/wp\/v2\/product\/5919","targetHints":{"allow":["GET"]}}],"collection":[{"href":"https:\/\/actbr.com.br\/en\/wp-json\/wp\/v2\/product"}],"about":[{"href":"https:\/\/actbr.com.br\/en\/wp-json\/wp\/v2\/types\/product"}],"wp:featuredmedia":[{"embeddable":true,"href":"https:\/\/actbr.com.br\/en\/wp-json\/wp\/v2\/media\/7535"}],"wp:attachment":[{"href":"https:\/\/actbr.com.br\/en\/wp-json\/wp\/v2\/media?parent=5919"}],"wp:term":[{"taxonomy":"product_brand","embeddable":true,"href":"https:\/\/actbr.com.br\/en\/wp-json\/wp\/v2\/product_brand?post=5919"},{"taxonomy":"product_cat","embeddable":true,"href":"https:\/\/actbr.com.br\/en\/wp-json\/wp\/v2\/product_cat?post=5919"},{"taxonomy":"product_tag","embeddable":true,"href":"https:\/\/actbr.com.br\/en\/wp-json\/wp\/v2\/product_tag?post=5919"}],"curies":[{"name":"wp","href":"https:\/\/api.w.org\/{rel}","templated":true}]}}