{"id":5941,"date":"2020-09-29T13:22:43","date_gmt":"2020-09-29T16:22:43","guid":{"rendered":"https:\/\/actbr.com.br\/produto\/filtro-de-alta-pressao-pi-4230\/"},"modified":"2023-11-01T15:52:39","modified_gmt":"2023-11-01T18:52:39","slug":"filtro-de-alta-pressao-pi-4230","status":"publish","type":"product","link":"https:\/\/actbr.com.br\/en\/produto\/filtro-de-alta-pressao-pi-4230\/","title":{"rendered":"Filtro de alta press\u00e3o PI 4230"},"content":{"rendered":"<p><strong>Filtro de Alta Press\u00e3o &#8211; PI 4230<\/strong><\/p>\n<p>Os filtros de alta press\u00e3o Filtration Group (antiga MAHLE) s\u00e3o refer\u00eancia por sua alta estabilidade de performance e excelente capacidade de filtra\u00e7\u00e3o.<\/p>\n<p>Esses filtros operam continuamente (sem interrup\u00e7\u00e3o) e, quando o elemento precisa ser substitu\u00eddo, algum sinal visual, el\u00e9trico e eletr\u00f4nico informa o momento certo para a troca do elemento, para assim manter o sistema em funcionamento.<\/p>\n<p><strong>Caracter\u00edsticas t\u00e9cnicas:<\/strong><br \/>\nTamanho nominal: 300 l\/min;<br \/>\nPress\u00e3o nominal: 400bar (Verificar de acordo com a vers\u00e3o);<br \/>\nSistema modular (princ\u00edpio construtivo);<br \/>\nDesign compacto;<br \/>\nQueda de press\u00e3o m\u00ednima atrav\u00e9s do projeto de fluxo ideal;<br \/>\nIndicador de manuten\u00e7\u00e3o visual \/ el\u00e9trico \/ eletr\u00f4nico;<br \/>\nConex\u00f5es roscadas.<\/p>\n<p><strong>Equipado com:<\/strong><br \/>\nElementos de filtro PS (fibra de vidro);<br \/>\nElementos de filtro PS Vst (fibra de vidro alto colapso);<br \/>\nClassifica\u00e7\u00e3o beta de acordo com o teste ISO 16889 multipass;<br \/>\nElementos com alta estabilidade de press\u00e3o diferencial e alta capacidade de reten\u00e7\u00e3o de sujeira.<\/p>\n","protected":false},"excerpt":{"rendered":"<p>Filtro de alta press\u00e3o refer\u00eancia por sua alta estabilidade de performance e excelente capacidade de filtra\u00e7\u00e3o.<\/p>\n","protected":false},"featured_media":7542,"template":"","meta":[],"product_brand":[],"product_cat":[100,67],"product_tag":[],"class_list":{"0":"post-5941","1":"product","2":"type-product","3":"status-publish","4":"has-post-thumbnail","6":"product_cat-filtro-simples-alta-pressao","7":"product_cat-filtros-e-elementos-filtrante","9":"first","10":"instock","11":"virtual","12":"product-type-simple"},"yoast_head":"<!-- This site is optimized with the Yoast SEO plugin v27.2 - https:\/\/yoast.com\/product\/yoast-seo-wordpress\/ -->\n<title>Filtro de alta press\u00e3o PI 4230 - ACT Sistemas Hidr\u00e1ulicos<\/title>\n<meta name=\"description\" content=\"Filtro de alta press\u00e3o refer\u00eancia por sua alta estabilidade de performance e excelente capacidade de filtra\u00e7\u00e3o.\" \/>\n<meta name=\"robots\" content=\"index, follow, max-snippet:-1, max-image-preview:large, max-video-preview:-1\" \/>\n<link rel=\"canonical\" href=\"https:\/\/actbr.com.br\/en\/produto\/filtro-de-alta-pressao-pi-4230\/\" \/>\n<meta property=\"og:locale\" content=\"en_US\" \/>\n<meta property=\"og:type\" content=\"article\" \/>\n<meta property=\"og:title\" content=\"Filtro de alta press\u00e3o PI 4230 - ACT Sistemas Hidr\u00e1ulicos\" \/>\n<meta property=\"og:description\" content=\"Filtro de alta press\u00e3o refer\u00eancia por sua alta estabilidade de performance e excelente capacidade de filtra\u00e7\u00e3o.\" \/>\n<meta property=\"og:url\" content=\"https:\/\/actbr.com.br\/en\/produto\/filtro-de-alta-pressao-pi-4230\/\" \/>\n<meta property=\"og:site_name\" content=\"ACT Sistemas Hidr\u00e1ulicos\" \/>\n<meta property=\"article:modified_time\" content=\"2023-11-01T18:52:39+00:00\" \/>\n<meta property=\"og:image\" content=\"https:\/\/actbr.com.br\/wp-content\/uploads\/2020\/09\/Filtro-Simples-Alta-Pressao.jpg\" \/>\n\t<meta property=\"og:image:width\" content=\"1500\" \/>\n\t<meta property=\"og:image:height\" content=\"1500\" \/>\n\t<meta property=\"og:image:type\" content=\"image\/jpeg\" \/>\n<meta name=\"twitter:card\" content=\"summary_large_image\" \/>\n<meta name=\"twitter:label1\" content=\"Est. reading time\" \/>\n\t<meta name=\"twitter:data1\" content=\"1 minute\" \/>\n<script type=\"application\/ld+json\" class=\"yoast-schema-graph\">{\"@context\":\"https:\/\/schema.org\",\"@graph\":[{\"@type\":\"WebPage\",\"@id\":\"https:\/\/actbr.com.br\/en\/produto\/filtro-de-alta-pressao-pi-4230\/\",\"url\":\"https:\/\/actbr.com.br\/en\/produto\/filtro-de-alta-pressao-pi-4230\/\",\"name\":\"Filtro de alta press\u00e3o PI 4230 - ACT Sistemas Hidr\u00e1ulicos\",\"isPartOf\":{\"@id\":\"https:\/\/actbr.com.br\/en\/#website\"},\"primaryImageOfPage\":{\"@id\":\"https:\/\/actbr.com.br\/en\/produto\/filtro-de-alta-pressao-pi-4230\/#primaryimage\"},\"image\":{\"@id\":\"https:\/\/actbr.com.br\/en\/produto\/filtro-de-alta-pressao-pi-4230\/#primaryimage\"},\"thumbnailUrl\":\"https:\/\/actbr.com.br\/wp-content\/uploads\/2020\/09\/Filtro-Simples-Alta-Pressao.jpg\",\"datePublished\":\"2020-09-29T16:22:43+00:00\",\"dateModified\":\"2023-11-01T18:52:39+00:00\",\"description\":\"Filtro de alta press\u00e3o refer\u00eancia por sua alta estabilidade de performance e excelente capacidade de filtra\u00e7\u00e3o.\",\"breadcrumb\":{\"@id\":\"https:\/\/actbr.com.br\/en\/produto\/filtro-de-alta-pressao-pi-4230\/#breadcrumb\"},\"inLanguage\":\"en-US\",\"potentialAction\":[{\"@type\":\"ReadAction\",\"target\":[\"https:\/\/actbr.com.br\/en\/produto\/filtro-de-alta-pressao-pi-4230\/\"]}]},{\"@type\":\"ImageObject\",\"inLanguage\":\"en-US\",\"@id\":\"https:\/\/actbr.com.br\/en\/produto\/filtro-de-alta-pressao-pi-4230\/#primaryimage\",\"url\":\"https:\/\/actbr.com.br\/wp-content\/uploads\/2020\/09\/Filtro-Simples-Alta-Pressao.jpg\",\"contentUrl\":\"https:\/\/actbr.com.br\/wp-content\/uploads\/2020\/09\/Filtro-Simples-Alta-Pressao.jpg\",\"width\":1500,\"height\":1500,\"caption\":\"Filtro Simples Alta Press\u00e3o\"},{\"@type\":\"BreadcrumbList\",\"@id\":\"https:\/\/actbr.com.br\/en\/produto\/filtro-de-alta-pressao-pi-4230\/#breadcrumb\",\"itemListElement\":[{\"@type\":\"ListItem\",\"position\":1,\"name\":\"In\u00edcio\",\"item\":\"https:\/\/actbr.com.br\/en\/\"},{\"@type\":\"ListItem\",\"position\":2,\"name\":\"Produtos\",\"item\":\"https:\/\/actbr.com.br\/produtos-act\/\"},{\"@type\":\"ListItem\",\"position\":3,\"name\":\"Filtros e Elementos Filtrante\",\"item\":\"https:\/\/actbr.com.br\/en\/categoria-produto\/filtros-e-elementos-filtrante\/\"},{\"@type\":\"ListItem\",\"position\":4,\"name\":\"Filtro Simples (Alta Press\u00e3o)\",\"item\":\"https:\/\/actbr.com.br\/en\/categoria-produto\/filtros-e-elementos-filtrante\/filtro-simples-alta-pressao\/\"},{\"@type\":\"ListItem\",\"position\":5,\"name\":\"Filtro de alta press\u00e3o PI 4230\"}]},{\"@type\":\"WebSite\",\"@id\":\"https:\/\/actbr.com.br\/en\/#website\",\"url\":\"https:\/\/actbr.com.br\/en\/\",\"name\":\"ACT Sistemas Hidr\u00e1ulicos\",\"description\":\"Fabrica\u00e7\u00e3o e manuten\u00e7\u00e3o de componentes \u00f3leo hidr\u00e1ulicos\",\"publisher\":{\"@id\":\"https:\/\/actbr.com.br\/en\/#organization\"},\"potentialAction\":[{\"@type\":\"SearchAction\",\"target\":{\"@type\":\"EntryPoint\",\"urlTemplate\":\"https:\/\/actbr.com.br\/en\/?s={search_term_string}\"},\"query-input\":{\"@type\":\"PropertyValueSpecification\",\"valueRequired\":true,\"valueName\":\"search_term_string\"}}],\"inLanguage\":\"en-US\"},{\"@type\":\"Organization\",\"@id\":\"https:\/\/actbr.com.br\/en\/#organization\",\"name\":\"ACT Sistemas Hidr\u00e1ulicos\",\"url\":\"https:\/\/actbr.com.br\/en\/\",\"logo\":{\"@type\":\"ImageObject\",\"inLanguage\":\"en-US\",\"@id\":\"https:\/\/actbr.com.br\/en\/#\/schema\/logo\/image\/\",\"url\":\"https:\/\/actbr.com.br\/wp-content\/uploads\/2025\/02\/cropped-ACT_NEGATIVO-marca-dagua.png\",\"contentUrl\":\"https:\/\/actbr.com.br\/wp-content\/uploads\/2025\/02\/cropped-ACT_NEGATIVO-marca-dagua.png\",\"width\":240,\"height\":146,\"caption\":\"ACT Sistemas Hidr\u00e1ulicos\"},\"image\":{\"@id\":\"https:\/\/actbr.com.br\/en\/#\/schema\/logo\/image\/\"}}]}<\/script>\n<!-- \/ Yoast SEO plugin. -->","yoast_head_json":{"title":"Filtro de alta press\u00e3o PI 4230 - ACT Sistemas Hidr\u00e1ulicos","description":"Filtro de alta press\u00e3o refer\u00eancia por sua alta estabilidade de performance e excelente capacidade de filtra\u00e7\u00e3o.","robots":{"index":"index","follow":"follow","max-snippet":"max-snippet:-1","max-image-preview":"max-image-preview:large","max-video-preview":"max-video-preview:-1"},"canonical":"https:\/\/actbr.com.br\/en\/produto\/filtro-de-alta-pressao-pi-4230\/","og_locale":"en_US","og_type":"article","og_title":"Filtro de alta press\u00e3o PI 4230 - ACT Sistemas Hidr\u00e1ulicos","og_description":"Filtro de alta press\u00e3o refer\u00eancia por sua alta estabilidade de performance e excelente capacidade de filtra\u00e7\u00e3o.","og_url":"https:\/\/actbr.com.br\/en\/produto\/filtro-de-alta-pressao-pi-4230\/","og_site_name":"ACT Sistemas Hidr\u00e1ulicos","article_modified_time":"2023-11-01T18:52:39+00:00","og_image":[{"width":1500,"height":1500,"url":"https:\/\/actbr.com.br\/wp-content\/uploads\/2020\/09\/Filtro-Simples-Alta-Pressao.jpg","type":"image\/jpeg"}],"twitter_card":"summary_large_image","twitter_misc":{"Est. reading time":"1 minute"},"schema":{"@context":"https:\/\/schema.org","@graph":[{"@type":"WebPage","@id":"https:\/\/actbr.com.br\/en\/produto\/filtro-de-alta-pressao-pi-4230\/","url":"https:\/\/actbr.com.br\/en\/produto\/filtro-de-alta-pressao-pi-4230\/","name":"Filtro de alta press\u00e3o PI 4230 - ACT Sistemas Hidr\u00e1ulicos","isPartOf":{"@id":"https:\/\/actbr.com.br\/en\/#website"},"primaryImageOfPage":{"@id":"https:\/\/actbr.com.br\/en\/produto\/filtro-de-alta-pressao-pi-4230\/#primaryimage"},"image":{"@id":"https:\/\/actbr.com.br\/en\/produto\/filtro-de-alta-pressao-pi-4230\/#primaryimage"},"thumbnailUrl":"https:\/\/actbr.com.br\/wp-content\/uploads\/2020\/09\/Filtro-Simples-Alta-Pressao.jpg","datePublished":"2020-09-29T16:22:43+00:00","dateModified":"2023-11-01T18:52:39+00:00","description":"Filtro de alta press\u00e3o refer\u00eancia por sua alta estabilidade de performance e excelente capacidade de filtra\u00e7\u00e3o.","breadcrumb":{"@id":"https:\/\/actbr.com.br\/en\/produto\/filtro-de-alta-pressao-pi-4230\/#breadcrumb"},"inLanguage":"en-US","potentialAction":[{"@type":"ReadAction","target":["https:\/\/actbr.com.br\/en\/produto\/filtro-de-alta-pressao-pi-4230\/"]}]},{"@type":"ImageObject","inLanguage":"en-US","@id":"https:\/\/actbr.com.br\/en\/produto\/filtro-de-alta-pressao-pi-4230\/#primaryimage","url":"https:\/\/actbr.com.br\/wp-content\/uploads\/2020\/09\/Filtro-Simples-Alta-Pressao.jpg","contentUrl":"https:\/\/actbr.com.br\/wp-content\/uploads\/2020\/09\/Filtro-Simples-Alta-Pressao.jpg","width":1500,"height":1500,"caption":"Filtro Simples Alta Press\u00e3o"},{"@type":"BreadcrumbList","@id":"https:\/\/actbr.com.br\/en\/produto\/filtro-de-alta-pressao-pi-4230\/#breadcrumb","itemListElement":[{"@type":"ListItem","position":1,"name":"In\u00edcio","item":"https:\/\/actbr.com.br\/en\/"},{"@type":"ListItem","position":2,"name":"Produtos","item":"https:\/\/actbr.com.br\/produtos-act\/"},{"@type":"ListItem","position":3,"name":"Filtros e Elementos Filtrante","item":"https:\/\/actbr.com.br\/en\/categoria-produto\/filtros-e-elementos-filtrante\/"},{"@type":"ListItem","position":4,"name":"Filtro Simples (Alta Press\u00e3o)","item":"https:\/\/actbr.com.br\/en\/categoria-produto\/filtros-e-elementos-filtrante\/filtro-simples-alta-pressao\/"},{"@type":"ListItem","position":5,"name":"Filtro de alta press\u00e3o PI 4230"}]},{"@type":"WebSite","@id":"https:\/\/actbr.com.br\/en\/#website","url":"https:\/\/actbr.com.br\/en\/","name":"ACT Sistemas Hidr\u00e1ulicos","description":"Fabrica\u00e7\u00e3o e manuten\u00e7\u00e3o de componentes \u00f3leo hidr\u00e1ulicos","publisher":{"@id":"https:\/\/actbr.com.br\/en\/#organization"},"potentialAction":[{"@type":"SearchAction","target":{"@type":"EntryPoint","urlTemplate":"https:\/\/actbr.com.br\/en\/?s={search_term_string}"},"query-input":{"@type":"PropertyValueSpecification","valueRequired":true,"valueName":"search_term_string"}}],"inLanguage":"en-US"},{"@type":"Organization","@id":"https:\/\/actbr.com.br\/en\/#organization","name":"ACT Sistemas Hidr\u00e1ulicos","url":"https:\/\/actbr.com.br\/en\/","logo":{"@type":"ImageObject","inLanguage":"en-US","@id":"https:\/\/actbr.com.br\/en\/#\/schema\/logo\/image\/","url":"https:\/\/actbr.com.br\/wp-content\/uploads\/2025\/02\/cropped-ACT_NEGATIVO-marca-dagua.png","contentUrl":"https:\/\/actbr.com.br\/wp-content\/uploads\/2025\/02\/cropped-ACT_NEGATIVO-marca-dagua.png","width":240,"height":146,"caption":"ACT Sistemas Hidr\u00e1ulicos"},"image":{"@id":"https:\/\/actbr.com.br\/en\/#\/schema\/logo\/image\/"}}]}},"_links":{"self":[{"href":"https:\/\/actbr.com.br\/en\/wp-json\/wp\/v2\/product\/5941","targetHints":{"allow":["GET"]}}],"collection":[{"href":"https:\/\/actbr.com.br\/en\/wp-json\/wp\/v2\/product"}],"about":[{"href":"https:\/\/actbr.com.br\/en\/wp-json\/wp\/v2\/types\/product"}],"wp:featuredmedia":[{"embeddable":true,"href":"https:\/\/actbr.com.br\/en\/wp-json\/wp\/v2\/media\/7542"}],"wp:attachment":[{"href":"https:\/\/actbr.com.br\/en\/wp-json\/wp\/v2\/media?parent=5941"}],"wp:term":[{"taxonomy":"product_brand","embeddable":true,"href":"https:\/\/actbr.com.br\/en\/wp-json\/wp\/v2\/product_brand?post=5941"},{"taxonomy":"product_cat","embeddable":true,"href":"https:\/\/actbr.com.br\/en\/wp-json\/wp\/v2\/product_cat?post=5941"},{"taxonomy":"product_tag","embeddable":true,"href":"https:\/\/actbr.com.br\/en\/wp-json\/wp\/v2\/product_tag?post=5941"}],"curies":[{"name":"wp","href":"https:\/\/api.w.org\/{rel}","templated":true}]}}