{"id":5959,"date":"2020-09-29T13:23:07","date_gmt":"2020-09-29T16:23:07","guid":{"rendered":"https:\/\/actbr.com.br\/produto\/filtro-simples-fg-pi-2045\/"},"modified":"2023-11-01T15:57:40","modified_gmt":"2023-11-01T18:57:40","slug":"filtro-de-baixa-pressao-pi-2045","status":"publish","type":"product","link":"https:\/\/actbr.com.br\/en\/produto\/filtro-de-baixa-pressao-pi-2045\/","title":{"rendered":"Filtro de baixa press\u00e3o PI 2045"},"content":{"rendered":"<p>Filtro Simples FG &#8211; PI 2045<\/p>\n<p>Os filtros de baixa press\u00e3o Filtration Group (antiga Mahle) s\u00e3o utilizados para proteger componentes do sistema hidr\u00e1ulico de n\u00edveis de contamina\u00e7\u00e3o superiores aos n\u00edveis de limpeza recomendados.<\/p>\n<p>Devido ao seu design e \u00e0s caracter\u00edsticas orientadas para a aplica\u00e7\u00e3o, os filtros FG oferecem desempenho superior para seu equipamento. Sua qualidade garante desempenho confi\u00e1vel e aumenta a vida \u00fatil de componentes, sistemas e m\u00e1quinas.<\/p>\n<p>Aplica\u00e7\u00f5es: Sistemas de \u00f3leo lubrificante; Unidades hidr\u00e1ulicas; bancadas de testes; equipamentos de fundi\u00e7\u00e3o de metais; perfura\u00e7\u00e3o em alto mar e trocas de \u00f3leo; plataformas de flushing e equipamentos de papel &amp; celulose.<\/p>\n<p>Caracter\u00edsticas t\u00e9cnicas:<br \/>\nTamanho nominal: 450 litros por minuto;<br \/>\nPress\u00e3o nominal: 32 bar;<br \/>\nSistema modular (princ\u00edpio construtivo);<br \/>\nDesign compacto;<br \/>\nQueda de press\u00e3o m\u00ednima atrav\u00e9s do projeto de fluxo ideal;<br \/>\nIndicador de manuten\u00e7\u00e3o visual \/ el\u00e9trico \/ eletr\u00f4nico<br \/>\nConex\u00f5es roscadas;<br \/>\nAlavanca de comuta\u00e7\u00e3o ergon\u00f4mica com trava de seguran\u00e7a e compensa\u00e7\u00e3o de press\u00e3o;<br \/>\nOpera\u00e7\u00e3o com uma m\u00e3o otimizada (alavanca).<\/p>\n<p>Equipado com:<br \/>\nElementos de filtro PS (fibra de vidro);<br \/>\nElementos de filtro DRG (malha inoxid\u00e1vel e lav\u00e1vel);<br \/>\nClassifica\u00e7\u00e3o beta de acordo com o teste ISO 16889 multipass;<br \/>\nElementos de filtro MIC (celulose);<br \/>\nElementos com alta estabilidade de press\u00e3o diferencial e alta capacidade de reten\u00e7\u00e3o de sujeira.<\/p>\n","protected":false},"excerpt":{"rendered":"<p>Os filtros de baixa press\u00e3o Filtration Group (antiga Mahle) s\u00e3o utilizados para proteger componentes do sistema hidr\u00e1ulico de n\u00edveis de contamina\u00e7\u00e3o superiores aos n\u00edveis de limpeza recomendados.<\/p>\n","protected":false},"featured_media":7546,"template":"","meta":[],"product_brand":[],"product_cat":[91,67],"product_tag":[],"class_list":{"0":"post-5959","1":"product","2":"type-product","3":"status-publish","4":"has-post-thumbnail","6":"product_cat-filtro-simples-baixa-pressao","7":"product_cat-filtros-e-elementos-filtrante","9":"first","10":"instock","11":"virtual","12":"product-type-simple"},"yoast_head":"<!-- This site is optimized with the Yoast SEO plugin v27.2 - https:\/\/yoast.com\/product\/yoast-seo-wordpress\/ -->\n<title>Filtro de baixa press\u00e3o PI 2045 - ACT Sistemas Hidr\u00e1ulicos<\/title>\n<meta name=\"description\" content=\"Os filtros de baixa press\u00e3o Filtration Group s\u00e3o utilizados para proteger componentes do sistema hidr\u00e1ulico de contamina\u00e7\u00e3o.\" \/>\n<meta name=\"robots\" content=\"index, follow, max-snippet:-1, max-image-preview:large, max-video-preview:-1\" \/>\n<link rel=\"canonical\" href=\"https:\/\/actbr.com.br\/en\/produto\/filtro-de-baixa-pressao-pi-2045\/\" \/>\n<meta property=\"og:locale\" content=\"en_US\" \/>\n<meta property=\"og:type\" content=\"article\" \/>\n<meta property=\"og:title\" content=\"Filtro de baixa press\u00e3o PI 2045 - ACT Sistemas Hidr\u00e1ulicos\" \/>\n<meta property=\"og:description\" content=\"Os filtros de baixa press\u00e3o Filtration Group s\u00e3o utilizados para proteger componentes do sistema hidr\u00e1ulico de contamina\u00e7\u00e3o.\" \/>\n<meta property=\"og:url\" content=\"https:\/\/actbr.com.br\/en\/produto\/filtro-de-baixa-pressao-pi-2045\/\" \/>\n<meta property=\"og:site_name\" content=\"ACT Sistemas Hidr\u00e1ulicos\" \/>\n<meta property=\"article:modified_time\" content=\"2023-11-01T18:57:40+00:00\" \/>\n<meta property=\"og:image\" content=\"https:\/\/actbr.com.br\/wp-content\/uploads\/2020\/09\/Filtro-Simples-Baixa-Pressao.jpg\" \/>\n\t<meta property=\"og:image:width\" content=\"527\" \/>\n\t<meta property=\"og:image:height\" content=\"416\" \/>\n\t<meta property=\"og:image:type\" content=\"image\/jpeg\" \/>\n<meta name=\"twitter:card\" content=\"summary_large_image\" \/>\n<meta name=\"twitter:label1\" content=\"Est. reading time\" \/>\n\t<meta name=\"twitter:data1\" content=\"2 minutes\" \/>\n<script type=\"application\/ld+json\" class=\"yoast-schema-graph\">{\"@context\":\"https:\/\/schema.org\",\"@graph\":[{\"@type\":\"WebPage\",\"@id\":\"https:\/\/actbr.com.br\/en\/produto\/filtro-de-baixa-pressao-pi-2045\/\",\"url\":\"https:\/\/actbr.com.br\/en\/produto\/filtro-de-baixa-pressao-pi-2045\/\",\"name\":\"Filtro de baixa press\u00e3o PI 2045 - ACT Sistemas Hidr\u00e1ulicos\",\"isPartOf\":{\"@id\":\"https:\/\/actbr.com.br\/en\/#website\"},\"primaryImageOfPage\":{\"@id\":\"https:\/\/actbr.com.br\/en\/produto\/filtro-de-baixa-pressao-pi-2045\/#primaryimage\"},\"image\":{\"@id\":\"https:\/\/actbr.com.br\/en\/produto\/filtro-de-baixa-pressao-pi-2045\/#primaryimage\"},\"thumbnailUrl\":\"https:\/\/actbr.com.br\/wp-content\/uploads\/2020\/09\/Filtro-Simples-Baixa-Pressao.jpg\",\"datePublished\":\"2020-09-29T16:23:07+00:00\",\"dateModified\":\"2023-11-01T18:57:40+00:00\",\"description\":\"Os filtros de baixa press\u00e3o Filtration Group s\u00e3o utilizados para proteger componentes do sistema hidr\u00e1ulico de contamina\u00e7\u00e3o.\",\"breadcrumb\":{\"@id\":\"https:\/\/actbr.com.br\/en\/produto\/filtro-de-baixa-pressao-pi-2045\/#breadcrumb\"},\"inLanguage\":\"en-US\",\"potentialAction\":[{\"@type\":\"ReadAction\",\"target\":[\"https:\/\/actbr.com.br\/en\/produto\/filtro-de-baixa-pressao-pi-2045\/\"]}]},{\"@type\":\"ImageObject\",\"inLanguage\":\"en-US\",\"@id\":\"https:\/\/actbr.com.br\/en\/produto\/filtro-de-baixa-pressao-pi-2045\/#primaryimage\",\"url\":\"https:\/\/actbr.com.br\/wp-content\/uploads\/2020\/09\/Filtro-Simples-Baixa-Pressao.jpg\",\"contentUrl\":\"https:\/\/actbr.com.br\/wp-content\/uploads\/2020\/09\/Filtro-Simples-Baixa-Pressao.jpg\",\"width\":527,\"height\":416,\"caption\":\"Filtro Simples Baixa Press\u00e3o\"},{\"@type\":\"BreadcrumbList\",\"@id\":\"https:\/\/actbr.com.br\/en\/produto\/filtro-de-baixa-pressao-pi-2045\/#breadcrumb\",\"itemListElement\":[{\"@type\":\"ListItem\",\"position\":1,\"name\":\"In\u00edcio\",\"item\":\"https:\/\/actbr.com.br\/en\/\"},{\"@type\":\"ListItem\",\"position\":2,\"name\":\"Produtos\",\"item\":\"https:\/\/actbr.com.br\/produtos-act\/\"},{\"@type\":\"ListItem\",\"position\":3,\"name\":\"Filtros e Elementos Filtrante\",\"item\":\"https:\/\/actbr.com.br\/en\/categoria-produto\/filtros-e-elementos-filtrante\/\"},{\"@type\":\"ListItem\",\"position\":4,\"name\":\"Filtro Simples (Baixa press\u00e3o)\",\"item\":\"https:\/\/actbr.com.br\/en\/categoria-produto\/filtros-e-elementos-filtrante\/filtro-simples-baixa-pressao\/\"},{\"@type\":\"ListItem\",\"position\":5,\"name\":\"Filtro de baixa press\u00e3o PI 2045\"}]},{\"@type\":\"WebSite\",\"@id\":\"https:\/\/actbr.com.br\/en\/#website\",\"url\":\"https:\/\/actbr.com.br\/en\/\",\"name\":\"ACT Sistemas Hidr\u00e1ulicos\",\"description\":\"Fabrica\u00e7\u00e3o e manuten\u00e7\u00e3o de componentes \u00f3leo hidr\u00e1ulicos\",\"publisher\":{\"@id\":\"https:\/\/actbr.com.br\/en\/#organization\"},\"potentialAction\":[{\"@type\":\"SearchAction\",\"target\":{\"@type\":\"EntryPoint\",\"urlTemplate\":\"https:\/\/actbr.com.br\/en\/?s={search_term_string}\"},\"query-input\":{\"@type\":\"PropertyValueSpecification\",\"valueRequired\":true,\"valueName\":\"search_term_string\"}}],\"inLanguage\":\"en-US\"},{\"@type\":\"Organization\",\"@id\":\"https:\/\/actbr.com.br\/en\/#organization\",\"name\":\"ACT Sistemas Hidr\u00e1ulicos\",\"url\":\"https:\/\/actbr.com.br\/en\/\",\"logo\":{\"@type\":\"ImageObject\",\"inLanguage\":\"en-US\",\"@id\":\"https:\/\/actbr.com.br\/en\/#\/schema\/logo\/image\/\",\"url\":\"https:\/\/actbr.com.br\/wp-content\/uploads\/2025\/02\/cropped-ACT_NEGATIVO-marca-dagua.png\",\"contentUrl\":\"https:\/\/actbr.com.br\/wp-content\/uploads\/2025\/02\/cropped-ACT_NEGATIVO-marca-dagua.png\",\"width\":240,\"height\":146,\"caption\":\"ACT Sistemas Hidr\u00e1ulicos\"},\"image\":{\"@id\":\"https:\/\/actbr.com.br\/en\/#\/schema\/logo\/image\/\"}}]}<\/script>\n<!-- \/ Yoast SEO plugin. -->","yoast_head_json":{"title":"Filtro de baixa press\u00e3o PI 2045 - ACT Sistemas Hidr\u00e1ulicos","description":"Os filtros de baixa press\u00e3o Filtration Group s\u00e3o utilizados para proteger componentes do sistema hidr\u00e1ulico de contamina\u00e7\u00e3o.","robots":{"index":"index","follow":"follow","max-snippet":"max-snippet:-1","max-image-preview":"max-image-preview:large","max-video-preview":"max-video-preview:-1"},"canonical":"https:\/\/actbr.com.br\/en\/produto\/filtro-de-baixa-pressao-pi-2045\/","og_locale":"en_US","og_type":"article","og_title":"Filtro de baixa press\u00e3o PI 2045 - ACT Sistemas Hidr\u00e1ulicos","og_description":"Os filtros de baixa press\u00e3o Filtration Group s\u00e3o utilizados para proteger componentes do sistema hidr\u00e1ulico de contamina\u00e7\u00e3o.","og_url":"https:\/\/actbr.com.br\/en\/produto\/filtro-de-baixa-pressao-pi-2045\/","og_site_name":"ACT Sistemas Hidr\u00e1ulicos","article_modified_time":"2023-11-01T18:57:40+00:00","og_image":[{"width":527,"height":416,"url":"https:\/\/actbr.com.br\/wp-content\/uploads\/2020\/09\/Filtro-Simples-Baixa-Pressao.jpg","type":"image\/jpeg"}],"twitter_card":"summary_large_image","twitter_misc":{"Est. reading time":"2 minutes"},"schema":{"@context":"https:\/\/schema.org","@graph":[{"@type":"WebPage","@id":"https:\/\/actbr.com.br\/en\/produto\/filtro-de-baixa-pressao-pi-2045\/","url":"https:\/\/actbr.com.br\/en\/produto\/filtro-de-baixa-pressao-pi-2045\/","name":"Filtro de baixa press\u00e3o PI 2045 - ACT Sistemas Hidr\u00e1ulicos","isPartOf":{"@id":"https:\/\/actbr.com.br\/en\/#website"},"primaryImageOfPage":{"@id":"https:\/\/actbr.com.br\/en\/produto\/filtro-de-baixa-pressao-pi-2045\/#primaryimage"},"image":{"@id":"https:\/\/actbr.com.br\/en\/produto\/filtro-de-baixa-pressao-pi-2045\/#primaryimage"},"thumbnailUrl":"https:\/\/actbr.com.br\/wp-content\/uploads\/2020\/09\/Filtro-Simples-Baixa-Pressao.jpg","datePublished":"2020-09-29T16:23:07+00:00","dateModified":"2023-11-01T18:57:40+00:00","description":"Os filtros de baixa press\u00e3o Filtration Group s\u00e3o utilizados para proteger componentes do sistema hidr\u00e1ulico de contamina\u00e7\u00e3o.","breadcrumb":{"@id":"https:\/\/actbr.com.br\/en\/produto\/filtro-de-baixa-pressao-pi-2045\/#breadcrumb"},"inLanguage":"en-US","potentialAction":[{"@type":"ReadAction","target":["https:\/\/actbr.com.br\/en\/produto\/filtro-de-baixa-pressao-pi-2045\/"]}]},{"@type":"ImageObject","inLanguage":"en-US","@id":"https:\/\/actbr.com.br\/en\/produto\/filtro-de-baixa-pressao-pi-2045\/#primaryimage","url":"https:\/\/actbr.com.br\/wp-content\/uploads\/2020\/09\/Filtro-Simples-Baixa-Pressao.jpg","contentUrl":"https:\/\/actbr.com.br\/wp-content\/uploads\/2020\/09\/Filtro-Simples-Baixa-Pressao.jpg","width":527,"height":416,"caption":"Filtro Simples Baixa Press\u00e3o"},{"@type":"BreadcrumbList","@id":"https:\/\/actbr.com.br\/en\/produto\/filtro-de-baixa-pressao-pi-2045\/#breadcrumb","itemListElement":[{"@type":"ListItem","position":1,"name":"In\u00edcio","item":"https:\/\/actbr.com.br\/en\/"},{"@type":"ListItem","position":2,"name":"Produtos","item":"https:\/\/actbr.com.br\/produtos-act\/"},{"@type":"ListItem","position":3,"name":"Filtros e Elementos Filtrante","item":"https:\/\/actbr.com.br\/en\/categoria-produto\/filtros-e-elementos-filtrante\/"},{"@type":"ListItem","position":4,"name":"Filtro Simples (Baixa press\u00e3o)","item":"https:\/\/actbr.com.br\/en\/categoria-produto\/filtros-e-elementos-filtrante\/filtro-simples-baixa-pressao\/"},{"@type":"ListItem","position":5,"name":"Filtro de baixa press\u00e3o PI 2045"}]},{"@type":"WebSite","@id":"https:\/\/actbr.com.br\/en\/#website","url":"https:\/\/actbr.com.br\/en\/","name":"ACT Sistemas Hidr\u00e1ulicos","description":"Fabrica\u00e7\u00e3o e manuten\u00e7\u00e3o de componentes \u00f3leo hidr\u00e1ulicos","publisher":{"@id":"https:\/\/actbr.com.br\/en\/#organization"},"potentialAction":[{"@type":"SearchAction","target":{"@type":"EntryPoint","urlTemplate":"https:\/\/actbr.com.br\/en\/?s={search_term_string}"},"query-input":{"@type":"PropertyValueSpecification","valueRequired":true,"valueName":"search_term_string"}}],"inLanguage":"en-US"},{"@type":"Organization","@id":"https:\/\/actbr.com.br\/en\/#organization","name":"ACT Sistemas Hidr\u00e1ulicos","url":"https:\/\/actbr.com.br\/en\/","logo":{"@type":"ImageObject","inLanguage":"en-US","@id":"https:\/\/actbr.com.br\/en\/#\/schema\/logo\/image\/","url":"https:\/\/actbr.com.br\/wp-content\/uploads\/2025\/02\/cropped-ACT_NEGATIVO-marca-dagua.png","contentUrl":"https:\/\/actbr.com.br\/wp-content\/uploads\/2025\/02\/cropped-ACT_NEGATIVO-marca-dagua.png","width":240,"height":146,"caption":"ACT Sistemas Hidr\u00e1ulicos"},"image":{"@id":"https:\/\/actbr.com.br\/en\/#\/schema\/logo\/image\/"}}]}},"_links":{"self":[{"href":"https:\/\/actbr.com.br\/en\/wp-json\/wp\/v2\/product\/5959","targetHints":{"allow":["GET"]}}],"collection":[{"href":"https:\/\/actbr.com.br\/en\/wp-json\/wp\/v2\/product"}],"about":[{"href":"https:\/\/actbr.com.br\/en\/wp-json\/wp\/v2\/types\/product"}],"wp:featuredmedia":[{"embeddable":true,"href":"https:\/\/actbr.com.br\/en\/wp-json\/wp\/v2\/media\/7546"}],"wp:attachment":[{"href":"https:\/\/actbr.com.br\/en\/wp-json\/wp\/v2\/media?parent=5959"}],"wp:term":[{"taxonomy":"product_brand","embeddable":true,"href":"https:\/\/actbr.com.br\/en\/wp-json\/wp\/v2\/product_brand?post=5959"},{"taxonomy":"product_cat","embeddable":true,"href":"https:\/\/actbr.com.br\/en\/wp-json\/wp\/v2\/product_cat?post=5959"},{"taxonomy":"product_tag","embeddable":true,"href":"https:\/\/actbr.com.br\/en\/wp-json\/wp\/v2\/product_tag?post=5959"}],"curies":[{"name":"wp","href":"https:\/\/api.w.org\/{rel}","templated":true}]}}