{"id":9664,"date":"2023-10-06T16:07:28","date_gmt":"2023-10-06T19:07:28","guid":{"rendered":"https:\/\/actbr.com.br\/?post_type=product&#038;p=9664"},"modified":"2023-10-19T16:45:57","modified_gmt":"2023-10-19T19:45:57","slug":"transdutor-de-pressao-tr455-3-m3-0-250bar-0-10v","status":"publish","type":"product","link":"https:\/\/actbr.com.br\/en\/produto\/transdutor-de-pressao-tr455-3-m3-0-250bar-0-10v\/","title":{"rendered":"Transdutor de Press\u00e3o TR455.3\/M3 (0-250BAR &#8211; 0-10V)"},"content":{"rendered":"<p><strong>Transdutor de Press\u00e3o TR455.3\/M3 (0-250BAR &#8211; 0-10V)<\/strong><\/p>\n<p>O Transdutor de Press\u00e3o FOX TR4 converte a press\u00e3o do ponto de leitura em um sinal el\u00e9trico anal\u00f3gico.<br \/>\nEsse sinal de corrente 4-20mA ou sinal de tens\u00e3o 0-10V \u00e9 diretamente proporcional ao valor da press\u00e3o presente no sistema e \u00e9 aplicado para a automatiza\u00e7\u00e3o de sistemas.<\/p>\n<p>Tamb\u00e9m dispon\u00edvel com execu\u00e7\u00f5es de sa\u00edda:<\/p>\n<p>0-5V \/ 0,5-5V \/ 1-5V \/ 1-10V \/ 10-0V \/ 0-20mA.<\/p>\n<p><strong>Caracter\u00edsticas t\u00e9cnicas:<\/strong><\/p>\n<p>Corpo: a\u00e7o inoxid\u00e1vel;<br \/>\nMontagem: em todas as posi\u00e7\u00f5es, usando um di\u00e2metro de 27 mm chave;<br \/>\nSensor: sensor de cer\u00e2mica com incorpora\u00e7\u00e3o;<br \/>\nVeda\u00e7\u00e3o: NBR;<br \/>\nConex\u00e3o hidr\u00e1ulica: \u00bc \u201cBSP macho com selo ISO incorporado;<br \/>\nTemperatura de trabalho: -20 \u00b0 C a + 80 \u00b0 C;<br \/>\nN\u00e3o-linearidade + histerese: &lt;1% do final de escala;<br \/>\nDesvio T\u00e9rmico zero: &lt;3% do fim da escala 0 \u00b0 C a + 70 \u00b0 C;<br \/>\nPeso: 0,1 kg;<br \/>\nVida mec\u00e2nica: 2\u00d7106 ciclos a 20 \u00b0 C.<\/p>\n<p><strong>Recursos el\u00e9tricos:<\/strong><\/p>\n<p>Execu\u00e7\u00f5es padr\u00e3o da fonte de alimenta\u00e7\u00e3o: Sinal 4-20 mA 2 fios: de 11 a 28V DC \u2013 0-10 volts sinal de 3 fios: 11 a 28V DC;<br \/>\nConex\u00e3o el\u00e9trica: conforme DIN 43650;<br \/>\nProte\u00e7\u00e3o el\u00e9trica: de acordo com DIN 40050: IP65 (para M3 e M2) \u2013 IP67 (para M12);<br \/>\nTemperatura de armazenamento: -25 \u00b0 C a + 90 \u00b0 C;<br \/>\nImped\u00e2ncia de entrada: 100 Ohm;<br \/>\nGarantia: 180 dias.<\/p>\n<p><strong>Tamb\u00e9m dispon\u00edvel:<\/strong><\/p>\n<p>Execu\u00e7\u00e3o ATEX;<br \/>\nTR4 ..\/ AF em funcionamento com membrana oposta;<br \/>\nDispon\u00edvel com diferentes press\u00f5es de medi\u00e7\u00e3o faixa diferente do tipo padr\u00e3o;<br \/>\nVers\u00e3o TRW4 para press\u00f5es abaixo com uma faixa de medi\u00e7\u00e3o de 1bar a -1bar: 4-20 mA: -1bar = 4mA 0bar = 12mA 1bar = 20mA \u2013 0 \u2013 10; V: -1bar = 0 V 0bar = 5 V 1bar = 10 V.<\/p>\n<p>&nbsp;<\/p>\n","protected":false},"excerpt":{"rendered":"<p>O Transdutor de Press\u00e3o FOX TR4 converte a press\u00e3o do ponto de leitura em um sinal el\u00e9trico anal\u00f3gico.<br \/>\nEsse sinal de corrente 4-20mA ou sinal de tens\u00e3o 0-10V \u00e9 diretamente proporcional ao valor da press\u00e3o presente no sistema e \u00e9 aplicado para a automatiza\u00e7\u00e3o de sistemas.<\/p>\n<p style=\"text-align: center;\"><a class=\"fasc-button fasc-size-medium fasc-type-flat fasc-rounded-medium\" style=\"background-color: #003668; color: #ffffff;\" target=\"_blank\" rel=\"noopener\" href=\"https:\/\/actbr.com.br\/wp-content\/uploads\/2023\/10\/28-TR4-catalogo.pdf\">Cat\u00e1logo<\/a>&nbsp; &nbsp; &nbsp;<a class=\"fasc-button fasc-size-medium fasc-type-flat fasc-rounded-medium\" style=\"background-color: #003668; color: #ffffff;\" target=\"_blank\" rel=\"noopener\" href=\"https:\/\/actbr.com.br\/contato\/\">Solicitar Cota\u00e7\u00e3o<\/a> &nbsp;&nbsp;<a class=\"fasc-button fasc-size-medium fasc-type-flat fasc-rounded-medium\" style=\"background-color: #003668; color: #ffffff;\" target=\"_blank\" rel=\"noopener\" href=\"https:\/\/actbr.com.br\/wp-content\/uploads\/2023\/10\/TR4-AF-PISTONE.pdf\">Transdutor de pist\u00e3o<\/a> &nbsp; <a class=\"fasc-button fasc-size-medium fasc-type-flat fasc-rounded-medium\" style=\"background-color: #003668; color: #ffffff;\" target=\"_blank\" rel=\"noopener\" href=\"https:\/\/actbr.com.br\/wp-content\/uploads\/2023\/10\/TR4-membrana-affacciata.pdf\">Transdutor de Membrana <\/a>&nbsp; &nbsp;<\/p>\n","protected":false},"featured_media":9652,"template":"","meta":[],"product_brand":[],"product_cat":[63,64],"product_tag":[],"class_list":{"0":"post-9664","1":"product","2":"type-product","3":"status-publish","4":"has-post-thumbnail","6":"product_cat-instrumentacao","7":"product_cat-pressao","9":"first","10":"instock","11":"shipping-taxable","12":"product-type-simple"},"yoast_head":"<!-- This site is optimized with the Yoast SEO plugin v27.2 - https:\/\/yoast.com\/product\/yoast-seo-wordpress\/ -->\n<title>Transdutor de Press\u00e3o TR455.3\/M3 (0-250BAR - 0-10V) - ACT Sistemas Hidr\u00e1ulicos<\/title>\n<meta name=\"robots\" content=\"index, follow, max-snippet:-1, max-image-preview:large, max-video-preview:-1\" \/>\n<link rel=\"canonical\" href=\"https:\/\/actbr.com.br\/en\/produto\/transdutor-de-pressao-tr455-3-m3-0-250bar-0-10v\/\" \/>\n<meta property=\"og:locale\" content=\"en_US\" \/>\n<meta property=\"og:type\" content=\"article\" \/>\n<meta property=\"og:title\" content=\"Transdutor de Press\u00e3o TR455.3\/M3 (0-250BAR - 0-10V) - ACT Sistemas Hidr\u00e1ulicos\" \/>\n<meta property=\"og:description\" content=\"O Transdutor de Press\u00e3o FOX TR4 converte a press\u00e3o do ponto de leitura em um sinal el\u00e9trico anal\u00f3gico. Esse sinal de corrente 4-20mA ou sinal de tens\u00e3o 0-10V \u00e9 diretamente proporcional ao valor da press\u00e3o presente no sistema e \u00e9 aplicado para a automatiza\u00e7\u00e3o de sistemas. Cat\u00e1logo&nbsp; &nbsp; &nbsp;Solicitar Cota\u00e7\u00e3o &nbsp;&nbsp;Transdutor de pist\u00e3o &nbsp; Transdutor de Membrana &nbsp; &nbsp;\" \/>\n<meta property=\"og:url\" content=\"https:\/\/actbr.com.br\/en\/produto\/transdutor-de-pressao-tr455-3-m3-0-250bar-0-10v\/\" \/>\n<meta property=\"og:site_name\" content=\"ACT Sistemas Hidr\u00e1ulicos\" \/>\n<meta property=\"article:modified_time\" content=\"2023-10-19T19:45:57+00:00\" \/>\n<meta property=\"og:image\" content=\"https:\/\/actbr.com.br\/wp-content\/uploads\/2023\/10\/Design-sem-nome.jpg\" \/>\n\t<meta property=\"og:image:width\" content=\"1080\" \/>\n\t<meta property=\"og:image:height\" content=\"1080\" \/>\n\t<meta property=\"og:image:type\" content=\"image\/jpeg\" \/>\n<meta name=\"twitter:card\" content=\"summary_large_image\" \/>\n<meta name=\"twitter:label1\" content=\"Est. reading time\" \/>\n\t<meta name=\"twitter:data1\" content=\"2 minutes\" \/>\n<script type=\"application\/ld+json\" class=\"yoast-schema-graph\">{\"@context\":\"https:\/\/schema.org\",\"@graph\":[{\"@type\":\"WebPage\",\"@id\":\"https:\/\/actbr.com.br\/en\/produto\/transdutor-de-pressao-tr455-3-m3-0-250bar-0-10v\/\",\"url\":\"https:\/\/actbr.com.br\/en\/produto\/transdutor-de-pressao-tr455-3-m3-0-250bar-0-10v\/\",\"name\":\"Transdutor de Press\u00e3o TR455.3\/M3 (0-250BAR - 0-10V) - ACT Sistemas Hidr\u00e1ulicos\",\"isPartOf\":{\"@id\":\"https:\/\/actbr.com.br\/en\/#website\"},\"primaryImageOfPage\":{\"@id\":\"https:\/\/actbr.com.br\/en\/produto\/transdutor-de-pressao-tr455-3-m3-0-250bar-0-10v\/#primaryimage\"},\"image\":{\"@id\":\"https:\/\/actbr.com.br\/en\/produto\/transdutor-de-pressao-tr455-3-m3-0-250bar-0-10v\/#primaryimage\"},\"thumbnailUrl\":\"https:\/\/actbr.com.br\/wp-content\/uploads\/2023\/10\/Design-sem-nome.jpg\",\"datePublished\":\"2023-10-06T19:07:28+00:00\",\"dateModified\":\"2023-10-19T19:45:57+00:00\",\"breadcrumb\":{\"@id\":\"https:\/\/actbr.com.br\/en\/produto\/transdutor-de-pressao-tr455-3-m3-0-250bar-0-10v\/#breadcrumb\"},\"inLanguage\":\"en-US\",\"potentialAction\":[{\"@type\":\"ReadAction\",\"target\":[\"https:\/\/actbr.com.br\/en\/produto\/transdutor-de-pressao-tr455-3-m3-0-250bar-0-10v\/\"]}]},{\"@type\":\"ImageObject\",\"inLanguage\":\"en-US\",\"@id\":\"https:\/\/actbr.com.br\/en\/produto\/transdutor-de-pressao-tr455-3-m3-0-250bar-0-10v\/#primaryimage\",\"url\":\"https:\/\/actbr.com.br\/wp-content\/uploads\/2023\/10\/Design-sem-nome.jpg\",\"contentUrl\":\"https:\/\/actbr.com.br\/wp-content\/uploads\/2023\/10\/Design-sem-nome.jpg\",\"width\":1080,\"height\":1080},{\"@type\":\"BreadcrumbList\",\"@id\":\"https:\/\/actbr.com.br\/en\/produto\/transdutor-de-pressao-tr455-3-m3-0-250bar-0-10v\/#breadcrumb\",\"itemListElement\":[{\"@type\":\"ListItem\",\"position\":1,\"name\":\"In\u00edcio\",\"item\":\"https:\/\/actbr.com.br\/en\/\"},{\"@type\":\"ListItem\",\"position\":2,\"name\":\"Produtos\",\"item\":\"https:\/\/actbr.com.br\/produtos-act\/\"},{\"@type\":\"ListItem\",\"position\":3,\"name\":\"Instrumenta\u00e7\u00e3o\",\"item\":\"https:\/\/actbr.com.br\/en\/categoria-produto\/instrumentacao\/\"},{\"@type\":\"ListItem\",\"position\":4,\"name\":\"Transdutor de Press\u00e3o TR455.3\/M3 (0-250BAR &#8211; 0-10V)\"}]},{\"@type\":\"WebSite\",\"@id\":\"https:\/\/actbr.com.br\/en\/#website\",\"url\":\"https:\/\/actbr.com.br\/en\/\",\"name\":\"ACT Sistemas Hidr\u00e1ulicos\",\"description\":\"Fabrica\u00e7\u00e3o e manuten\u00e7\u00e3o de componentes \u00f3leo hidr\u00e1ulicos\",\"publisher\":{\"@id\":\"https:\/\/actbr.com.br\/en\/#organization\"},\"potentialAction\":[{\"@type\":\"SearchAction\",\"target\":{\"@type\":\"EntryPoint\",\"urlTemplate\":\"https:\/\/actbr.com.br\/en\/?s={search_term_string}\"},\"query-input\":{\"@type\":\"PropertyValueSpecification\",\"valueRequired\":true,\"valueName\":\"search_term_string\"}}],\"inLanguage\":\"en-US\"},{\"@type\":\"Organization\",\"@id\":\"https:\/\/actbr.com.br\/en\/#organization\",\"name\":\"ACT Sistemas Hidr\u00e1ulicos\",\"url\":\"https:\/\/actbr.com.br\/en\/\",\"logo\":{\"@type\":\"ImageObject\",\"inLanguage\":\"en-US\",\"@id\":\"https:\/\/actbr.com.br\/en\/#\/schema\/logo\/image\/\",\"url\":\"https:\/\/actbr.com.br\/wp-content\/uploads\/2025\/02\/cropped-ACT_NEGATIVO-marca-dagua.png\",\"contentUrl\":\"https:\/\/actbr.com.br\/wp-content\/uploads\/2025\/02\/cropped-ACT_NEGATIVO-marca-dagua.png\",\"width\":240,\"height\":146,\"caption\":\"ACT Sistemas Hidr\u00e1ulicos\"},\"image\":{\"@id\":\"https:\/\/actbr.com.br\/en\/#\/schema\/logo\/image\/\"}}]}<\/script>\n<!-- \/ Yoast SEO plugin. -->","yoast_head_json":{"title":"Transdutor de Press\u00e3o TR455.3\/M3 (0-250BAR - 0-10V) - ACT Sistemas Hidr\u00e1ulicos","robots":{"index":"index","follow":"follow","max-snippet":"max-snippet:-1","max-image-preview":"max-image-preview:large","max-video-preview":"max-video-preview:-1"},"canonical":"https:\/\/actbr.com.br\/en\/produto\/transdutor-de-pressao-tr455-3-m3-0-250bar-0-10v\/","og_locale":"en_US","og_type":"article","og_title":"Transdutor de Press\u00e3o TR455.3\/M3 (0-250BAR - 0-10V) - ACT Sistemas Hidr\u00e1ulicos","og_description":"O Transdutor de Press\u00e3o FOX TR4 converte a press\u00e3o do ponto de leitura em um sinal el\u00e9trico anal\u00f3gico. Esse sinal de corrente 4-20mA ou sinal de tens\u00e3o 0-10V \u00e9 diretamente proporcional ao valor da press\u00e3o presente no sistema e \u00e9 aplicado para a automatiza\u00e7\u00e3o de sistemas. Cat\u00e1logo&nbsp; &nbsp; &nbsp;Solicitar Cota\u00e7\u00e3o &nbsp;&nbsp;Transdutor de pist\u00e3o &nbsp; Transdutor de Membrana &nbsp; &nbsp;","og_url":"https:\/\/actbr.com.br\/en\/produto\/transdutor-de-pressao-tr455-3-m3-0-250bar-0-10v\/","og_site_name":"ACT Sistemas Hidr\u00e1ulicos","article_modified_time":"2023-10-19T19:45:57+00:00","og_image":[{"width":1080,"height":1080,"url":"https:\/\/actbr.com.br\/wp-content\/uploads\/2023\/10\/Design-sem-nome.jpg","type":"image\/jpeg"}],"twitter_card":"summary_large_image","twitter_misc":{"Est. reading time":"2 minutes"},"schema":{"@context":"https:\/\/schema.org","@graph":[{"@type":"WebPage","@id":"https:\/\/actbr.com.br\/en\/produto\/transdutor-de-pressao-tr455-3-m3-0-250bar-0-10v\/","url":"https:\/\/actbr.com.br\/en\/produto\/transdutor-de-pressao-tr455-3-m3-0-250bar-0-10v\/","name":"Transdutor de Press\u00e3o TR455.3\/M3 (0-250BAR - 0-10V) - ACT Sistemas Hidr\u00e1ulicos","isPartOf":{"@id":"https:\/\/actbr.com.br\/en\/#website"},"primaryImageOfPage":{"@id":"https:\/\/actbr.com.br\/en\/produto\/transdutor-de-pressao-tr455-3-m3-0-250bar-0-10v\/#primaryimage"},"image":{"@id":"https:\/\/actbr.com.br\/en\/produto\/transdutor-de-pressao-tr455-3-m3-0-250bar-0-10v\/#primaryimage"},"thumbnailUrl":"https:\/\/actbr.com.br\/wp-content\/uploads\/2023\/10\/Design-sem-nome.jpg","datePublished":"2023-10-06T19:07:28+00:00","dateModified":"2023-10-19T19:45:57+00:00","breadcrumb":{"@id":"https:\/\/actbr.com.br\/en\/produto\/transdutor-de-pressao-tr455-3-m3-0-250bar-0-10v\/#breadcrumb"},"inLanguage":"en-US","potentialAction":[{"@type":"ReadAction","target":["https:\/\/actbr.com.br\/en\/produto\/transdutor-de-pressao-tr455-3-m3-0-250bar-0-10v\/"]}]},{"@type":"ImageObject","inLanguage":"en-US","@id":"https:\/\/actbr.com.br\/en\/produto\/transdutor-de-pressao-tr455-3-m3-0-250bar-0-10v\/#primaryimage","url":"https:\/\/actbr.com.br\/wp-content\/uploads\/2023\/10\/Design-sem-nome.jpg","contentUrl":"https:\/\/actbr.com.br\/wp-content\/uploads\/2023\/10\/Design-sem-nome.jpg","width":1080,"height":1080},{"@type":"BreadcrumbList","@id":"https:\/\/actbr.com.br\/en\/produto\/transdutor-de-pressao-tr455-3-m3-0-250bar-0-10v\/#breadcrumb","itemListElement":[{"@type":"ListItem","position":1,"name":"In\u00edcio","item":"https:\/\/actbr.com.br\/en\/"},{"@type":"ListItem","position":2,"name":"Produtos","item":"https:\/\/actbr.com.br\/produtos-act\/"},{"@type":"ListItem","position":3,"name":"Instrumenta\u00e7\u00e3o","item":"https:\/\/actbr.com.br\/en\/categoria-produto\/instrumentacao\/"},{"@type":"ListItem","position":4,"name":"Transdutor de Press\u00e3o TR455.3\/M3 (0-250BAR &#8211; 0-10V)"}]},{"@type":"WebSite","@id":"https:\/\/actbr.com.br\/en\/#website","url":"https:\/\/actbr.com.br\/en\/","name":"ACT Sistemas Hidr\u00e1ulicos","description":"Fabrica\u00e7\u00e3o e manuten\u00e7\u00e3o de componentes \u00f3leo hidr\u00e1ulicos","publisher":{"@id":"https:\/\/actbr.com.br\/en\/#organization"},"potentialAction":[{"@type":"SearchAction","target":{"@type":"EntryPoint","urlTemplate":"https:\/\/actbr.com.br\/en\/?s={search_term_string}"},"query-input":{"@type":"PropertyValueSpecification","valueRequired":true,"valueName":"search_term_string"}}],"inLanguage":"en-US"},{"@type":"Organization","@id":"https:\/\/actbr.com.br\/en\/#organization","name":"ACT Sistemas Hidr\u00e1ulicos","url":"https:\/\/actbr.com.br\/en\/","logo":{"@type":"ImageObject","inLanguage":"en-US","@id":"https:\/\/actbr.com.br\/en\/#\/schema\/logo\/image\/","url":"https:\/\/actbr.com.br\/wp-content\/uploads\/2025\/02\/cropped-ACT_NEGATIVO-marca-dagua.png","contentUrl":"https:\/\/actbr.com.br\/wp-content\/uploads\/2025\/02\/cropped-ACT_NEGATIVO-marca-dagua.png","width":240,"height":146,"caption":"ACT Sistemas Hidr\u00e1ulicos"},"image":{"@id":"https:\/\/actbr.com.br\/en\/#\/schema\/logo\/image\/"}}]}},"_links":{"self":[{"href":"https:\/\/actbr.com.br\/en\/wp-json\/wp\/v2\/product\/9664","targetHints":{"allow":["GET"]}}],"collection":[{"href":"https:\/\/actbr.com.br\/en\/wp-json\/wp\/v2\/product"}],"about":[{"href":"https:\/\/actbr.com.br\/en\/wp-json\/wp\/v2\/types\/product"}],"wp:featuredmedia":[{"embeddable":true,"href":"https:\/\/actbr.com.br\/en\/wp-json\/wp\/v2\/media\/9652"}],"wp:attachment":[{"href":"https:\/\/actbr.com.br\/en\/wp-json\/wp\/v2\/media?parent=9664"}],"wp:term":[{"taxonomy":"product_brand","embeddable":true,"href":"https:\/\/actbr.com.br\/en\/wp-json\/wp\/v2\/product_brand?post=9664"},{"taxonomy":"product_cat","embeddable":true,"href":"https:\/\/actbr.com.br\/en\/wp-json\/wp\/v2\/product_cat?post=9664"},{"taxonomy":"product_tag","embeddable":true,"href":"https:\/\/actbr.com.br\/en\/wp-json\/wp\/v2\/product_tag?post=9664"}],"curies":[{"name":"wp","href":"https:\/\/api.w.org\/{rel}","templated":true}]}}