{"id":9898,"date":"2023-10-16T14:09:36","date_gmt":"2023-10-16T17:09:36","guid":{"rendered":"https:\/\/actbr.com.br\/?post_type=product&#038;p=9898"},"modified":"2023-10-16T15:01:59","modified_gmt":"2023-10-16T18:01:59","slug":"bomba-de-engrenagens-bh-p-2-a0-d-8-c1-l1-sae-a","status":"publish","type":"product","link":"https:\/\/actbr.com.br\/en\/produto\/bomba-de-engrenagens-bh-p-2-a0-d-8-c1-l1-sae-a\/","title":{"rendered":"Bomba de Engrenagens BH-P-2-A0-D-8-C1-L1 (SAE A)"},"content":{"rendered":"<div id=\"detalhes\">\n<p>Bomba de Engrenagens &#8211; SAE A &#8211; Piloto 82,5 &#8211; S\u00e9rie BH-P-2<\/p>\n<p>As bombas de engrenagens ACT s\u00e9rie 2 (SAE A &#8211; Dois furos) combinam alta efici\u00eancia, trabalhos com altas press\u00f5es e baixos n\u00edveis de ru\u00eddos.<\/p>\n<p>Possuem constru\u00e7\u00e3o compacta, baixo peso, e projeto que possibilita a compensa\u00e7\u00e3o hidrost\u00e1tica, mantendo assim linearidade volum\u00e9trica por toda a sua vida \u00fatil.<\/p>\n<p><strong>Caracter\u00edsticas t\u00e9cnicas:<br \/>\n<\/strong>Material da flange e base: Ferro fundido;<br \/>\nMaterial do corpo: Alum\u00ednio;<br \/>\nPress\u00e3o m\u00e1xima de trabalho: de 180 a 300bar (conforme tabela);<br \/>\nDeslocamento volum\u00e9trico: de 3 a 30 cc\/revolu\u00e7\u00e3o (conforme tabela);<br \/>\nRota\u00e7\u00e3o m\u00e1xima: de 2.500 a 4.000 rpm (conforme tabela);<br \/>\nRota\u00e7\u00e3o m\u00ednima: de 400 a 800 rpm (conforme tabela);<br \/>\nFlange: SAE -A (dois furos);<br \/>\nDist\u00e2ncia entre furos (centro a centro): 106,4mm;<br \/>\nPiloto: Di\u00e2metro de 82,55mm (-0,05);<br \/>\nVeda\u00e7\u00f5es: Borracha nitr\u00edlica;<br \/>\nTemperatura de trabalho recomendada: -20 a +70\u00baC.<\/p>\n<p>&nbsp;<\/p>\n<p><strong>Como solicitar:<\/strong><\/p>\n<p><img decoding=\"async\" src=\"https:\/\/actbr.com.br\/wp-content\/uploads\/2020\/09\/como-solicitar-bomba-de-engrengens-bh-p-2-sae-a.jpg\" alt=\"\" \/><\/p>\n<p>Dimens\u00f5es das bombas s\u00e9rie 2 (SAE A &#8211; Dois furos)<\/p>\n<p><img decoding=\"async\" src=\"https:\/\/actbr.com.br\/wp-content\/uploads\/2020\/09\/dimensoes-bh-p2-bomba-de-engrenagens.jpg\" alt=\"\" \/><br \/>\n<img decoding=\"async\" src=\"https:\/\/actbr.com.br\/wp-content\/uploads\/2020\/09\/dimensoes-bh-p2-bomba-de-engrenagens-2.jpg\" alt=\"\" \/><\/p>\n<p>Possibilidades de eixo:<\/p>\n<p><img decoding=\"async\" src=\"https:\/\/actbr.com.br\/wp-content\/uploads\/2020\/09\/eixos-para-bhp2-bomba.jpg\" alt=\"\" \/><\/p>\n<p>P\u00f3rticos:<\/p>\n<p><img decoding=\"async\" src=\"https:\/\/actbr.com.br\/wp-content\/uploads\/2020\/09\/porticos-para-bhp2-bomba.jpg\" alt=\"\" \/><\/p>\n<\/div>\n<p id=\"relacionados\" style=\"margin: 0px; padding: 100px 0px 0px; float: left; width: 890px; color: #4f4f4f;\">\n","protected":false},"excerpt":{"rendered":"<p>As bombas de engrenagens ACT s\u00e9rie 2 (SAE A &#8211; Dois furos) combinam alta efici\u00eancia, trabalhos com altas press\u00f5es e baixos n\u00edveis de ru\u00eddos.<\/p>\n<p>Possuem constru\u00e7\u00e3o compacta, baixo peso, e projeto que possibilita a compensa\u00e7\u00e3o hidrost\u00e1tica, mantendo assim linearidade volum\u00e9trica por toda a sua vida \u00fatil.<\/p>\n","protected":false},"featured_media":9770,"template":"","meta":[],"product_brand":[],"product_cat":[29,28],"product_tag":[],"class_list":{"0":"post-9898","1":"product","2":"type-product","3":"status-publish","4":"has-post-thumbnail","6":"product_cat-engrenagens","7":"product_cat-bombas-hidraulicas","9":"first","10":"instock","11":"virtual","12":"product-type-simple"},"yoast_head":"<!-- This site is optimized with the Yoast SEO plugin v27.2 - https:\/\/yoast.com\/product\/yoast-seo-wordpress\/ -->\n<title>Bomba de Engrenagens BH-P-2-A0-D-8-C1-L1 (SAE A) - ACT Sistemas Hidr\u00e1ulicos<\/title>\n<meta name=\"description\" content=\"As bombas de engrenagens ACT s\u00e9rie 2 (SAE A - Dois furos) combinam alta efici\u00eancia, trabalhos com altas press\u00f5es e baixos n\u00edveis de ru\u00eddos.\" \/>\n<meta name=\"robots\" content=\"index, follow, max-snippet:-1, max-image-preview:large, max-video-preview:-1\" \/>\n<link rel=\"canonical\" href=\"https:\/\/actbr.com.br\/en\/produto\/bomba-de-engrenagens-bh-p-2-a0-d-8-c1-l1-sae-a\/\" \/>\n<meta property=\"og:locale\" content=\"en_US\" \/>\n<meta property=\"og:type\" content=\"article\" \/>\n<meta property=\"og:title\" content=\"Bomba de Engrenagens BH-P-2-A0-D-8-C1-L1 (SAE A) - ACT Sistemas Hidr\u00e1ulicos\" \/>\n<meta property=\"og:description\" content=\"As bombas de engrenagens ACT s\u00e9rie 2 (SAE A - Dois furos) combinam alta efici\u00eancia, trabalhos com altas press\u00f5es e baixos n\u00edveis de ru\u00eddos.\" \/>\n<meta property=\"og:url\" content=\"https:\/\/actbr.com.br\/en\/produto\/bomba-de-engrenagens-bh-p-2-a0-d-8-c1-l1-sae-a\/\" \/>\n<meta property=\"og:site_name\" content=\"ACT Sistemas Hidr\u00e1ulicos\" \/>\n<meta property=\"article:modified_time\" content=\"2023-10-16T18:01:59+00:00\" \/>\n<meta property=\"og:image\" content=\"https:\/\/actbr.com.br\/wp-content\/uploads\/2020\/09\/4WE6-G-60-G24-NZ4L-4.jpg\" \/>\n\t<meta property=\"og:image:width\" content=\"1080\" \/>\n\t<meta property=\"og:image:height\" content=\"1080\" \/>\n\t<meta property=\"og:image:type\" content=\"image\/jpeg\" \/>\n<meta name=\"twitter:card\" content=\"summary_large_image\" \/>\n<meta name=\"twitter:label1\" content=\"Est. reading time\" \/>\n\t<meta name=\"twitter:data1\" content=\"2 minutes\" \/>\n<script type=\"application\/ld+json\" class=\"yoast-schema-graph\">{\"@context\":\"https:\/\/schema.org\",\"@graph\":[{\"@type\":\"WebPage\",\"@id\":\"https:\/\/actbr.com.br\/en\/produto\/bomba-de-engrenagens-bh-p-2-a0-d-8-c1-l1-sae-a\/\",\"url\":\"https:\/\/actbr.com.br\/en\/produto\/bomba-de-engrenagens-bh-p-2-a0-d-8-c1-l1-sae-a\/\",\"name\":\"Bomba de Engrenagens BH-P-2-A0-D-8-C1-L1 (SAE A) - ACT Sistemas Hidr\u00e1ulicos\",\"isPartOf\":{\"@id\":\"https:\/\/actbr.com.br\/en\/#website\"},\"primaryImageOfPage\":{\"@id\":\"https:\/\/actbr.com.br\/en\/produto\/bomba-de-engrenagens-bh-p-2-a0-d-8-c1-l1-sae-a\/#primaryimage\"},\"image\":{\"@id\":\"https:\/\/actbr.com.br\/en\/produto\/bomba-de-engrenagens-bh-p-2-a0-d-8-c1-l1-sae-a\/#primaryimage\"},\"thumbnailUrl\":\"https:\/\/actbr.com.br\/wp-content\/uploads\/2020\/09\/4WE6-G-60-G24-NZ4L-4.jpg\",\"datePublished\":\"2023-10-16T17:09:36+00:00\",\"dateModified\":\"2023-10-16T18:01:59+00:00\",\"description\":\"As bombas de engrenagens ACT s\u00e9rie 2 (SAE A - Dois furos) combinam alta efici\u00eancia, trabalhos com altas press\u00f5es e baixos n\u00edveis de ru\u00eddos.\",\"breadcrumb\":{\"@id\":\"https:\/\/actbr.com.br\/en\/produto\/bomba-de-engrenagens-bh-p-2-a0-d-8-c1-l1-sae-a\/#breadcrumb\"},\"inLanguage\":\"en-US\",\"potentialAction\":[{\"@type\":\"ReadAction\",\"target\":[\"https:\/\/actbr.com.br\/en\/produto\/bomba-de-engrenagens-bh-p-2-a0-d-8-c1-l1-sae-a\/\"]}]},{\"@type\":\"ImageObject\",\"inLanguage\":\"en-US\",\"@id\":\"https:\/\/actbr.com.br\/en\/produto\/bomba-de-engrenagens-bh-p-2-a0-d-8-c1-l1-sae-a\/#primaryimage\",\"url\":\"https:\/\/actbr.com.br\/wp-content\/uploads\/2020\/09\/4WE6-G-60-G24-NZ4L-4.jpg\",\"contentUrl\":\"https:\/\/actbr.com.br\/wp-content\/uploads\/2020\/09\/4WE6-G-60-G24-NZ4L-4.jpg\",\"width\":1080,\"height\":1080},{\"@type\":\"BreadcrumbList\",\"@id\":\"https:\/\/actbr.com.br\/en\/produto\/bomba-de-engrenagens-bh-p-2-a0-d-8-c1-l1-sae-a\/#breadcrumb\",\"itemListElement\":[{\"@type\":\"ListItem\",\"position\":1,\"name\":\"In\u00edcio\",\"item\":\"https:\/\/actbr.com.br\/en\/\"},{\"@type\":\"ListItem\",\"position\":2,\"name\":\"Produtos\",\"item\":\"https:\/\/actbr.com.br\/produtos-act\/\"},{\"@type\":\"ListItem\",\"position\":3,\"name\":\"Bombas Hidr\u00e1ulicas\",\"item\":\"https:\/\/actbr.com.br\/en\/categoria-produto\/bombas-hidraulicas\/\"},{\"@type\":\"ListItem\",\"position\":4,\"name\":\"Bomba de Engrenagens BH-P-2-A0-D-8-C1-L1 (SAE A)\"}]},{\"@type\":\"WebSite\",\"@id\":\"https:\/\/actbr.com.br\/en\/#website\",\"url\":\"https:\/\/actbr.com.br\/en\/\",\"name\":\"ACT Sistemas Hidr\u00e1ulicos\",\"description\":\"Fabrica\u00e7\u00e3o e manuten\u00e7\u00e3o de componentes \u00f3leo hidr\u00e1ulicos\",\"publisher\":{\"@id\":\"https:\/\/actbr.com.br\/en\/#organization\"},\"potentialAction\":[{\"@type\":\"SearchAction\",\"target\":{\"@type\":\"EntryPoint\",\"urlTemplate\":\"https:\/\/actbr.com.br\/en\/?s={search_term_string}\"},\"query-input\":{\"@type\":\"PropertyValueSpecification\",\"valueRequired\":true,\"valueName\":\"search_term_string\"}}],\"inLanguage\":\"en-US\"},{\"@type\":\"Organization\",\"@id\":\"https:\/\/actbr.com.br\/en\/#organization\",\"name\":\"ACT Sistemas Hidr\u00e1ulicos\",\"url\":\"https:\/\/actbr.com.br\/en\/\",\"logo\":{\"@type\":\"ImageObject\",\"inLanguage\":\"en-US\",\"@id\":\"https:\/\/actbr.com.br\/en\/#\/schema\/logo\/image\/\",\"url\":\"https:\/\/actbr.com.br\/wp-content\/uploads\/2025\/02\/cropped-ACT_NEGATIVO-marca-dagua.png\",\"contentUrl\":\"https:\/\/actbr.com.br\/wp-content\/uploads\/2025\/02\/cropped-ACT_NEGATIVO-marca-dagua.png\",\"width\":240,\"height\":146,\"caption\":\"ACT Sistemas Hidr\u00e1ulicos\"},\"image\":{\"@id\":\"https:\/\/actbr.com.br\/en\/#\/schema\/logo\/image\/\"}}]}<\/script>\n<!-- \/ Yoast SEO plugin. -->","yoast_head_json":{"title":"Bomba de Engrenagens BH-P-2-A0-D-8-C1-L1 (SAE A) - ACT Sistemas Hidr\u00e1ulicos","description":"As bombas de engrenagens ACT s\u00e9rie 2 (SAE A - Dois furos) combinam alta efici\u00eancia, trabalhos com altas press\u00f5es e baixos n\u00edveis de ru\u00eddos.","robots":{"index":"index","follow":"follow","max-snippet":"max-snippet:-1","max-image-preview":"max-image-preview:large","max-video-preview":"max-video-preview:-1"},"canonical":"https:\/\/actbr.com.br\/en\/produto\/bomba-de-engrenagens-bh-p-2-a0-d-8-c1-l1-sae-a\/","og_locale":"en_US","og_type":"article","og_title":"Bomba de Engrenagens BH-P-2-A0-D-8-C1-L1 (SAE A) - ACT Sistemas Hidr\u00e1ulicos","og_description":"As bombas de engrenagens ACT s\u00e9rie 2 (SAE A - Dois furos) combinam alta efici\u00eancia, trabalhos com altas press\u00f5es e baixos n\u00edveis de ru\u00eddos.","og_url":"https:\/\/actbr.com.br\/en\/produto\/bomba-de-engrenagens-bh-p-2-a0-d-8-c1-l1-sae-a\/","og_site_name":"ACT Sistemas Hidr\u00e1ulicos","article_modified_time":"2023-10-16T18:01:59+00:00","og_image":[{"width":1080,"height":1080,"url":"https:\/\/actbr.com.br\/wp-content\/uploads\/2020\/09\/4WE6-G-60-G24-NZ4L-4.jpg","type":"image\/jpeg"}],"twitter_card":"summary_large_image","twitter_misc":{"Est. reading time":"2 minutes"},"schema":{"@context":"https:\/\/schema.org","@graph":[{"@type":"WebPage","@id":"https:\/\/actbr.com.br\/en\/produto\/bomba-de-engrenagens-bh-p-2-a0-d-8-c1-l1-sae-a\/","url":"https:\/\/actbr.com.br\/en\/produto\/bomba-de-engrenagens-bh-p-2-a0-d-8-c1-l1-sae-a\/","name":"Bomba de Engrenagens BH-P-2-A0-D-8-C1-L1 (SAE A) - ACT Sistemas Hidr\u00e1ulicos","isPartOf":{"@id":"https:\/\/actbr.com.br\/en\/#website"},"primaryImageOfPage":{"@id":"https:\/\/actbr.com.br\/en\/produto\/bomba-de-engrenagens-bh-p-2-a0-d-8-c1-l1-sae-a\/#primaryimage"},"image":{"@id":"https:\/\/actbr.com.br\/en\/produto\/bomba-de-engrenagens-bh-p-2-a0-d-8-c1-l1-sae-a\/#primaryimage"},"thumbnailUrl":"https:\/\/actbr.com.br\/wp-content\/uploads\/2020\/09\/4WE6-G-60-G24-NZ4L-4.jpg","datePublished":"2023-10-16T17:09:36+00:00","dateModified":"2023-10-16T18:01:59+00:00","description":"As bombas de engrenagens ACT s\u00e9rie 2 (SAE A - Dois furos) combinam alta efici\u00eancia, trabalhos com altas press\u00f5es e baixos n\u00edveis de ru\u00eddos.","breadcrumb":{"@id":"https:\/\/actbr.com.br\/en\/produto\/bomba-de-engrenagens-bh-p-2-a0-d-8-c1-l1-sae-a\/#breadcrumb"},"inLanguage":"en-US","potentialAction":[{"@type":"ReadAction","target":["https:\/\/actbr.com.br\/en\/produto\/bomba-de-engrenagens-bh-p-2-a0-d-8-c1-l1-sae-a\/"]}]},{"@type":"ImageObject","inLanguage":"en-US","@id":"https:\/\/actbr.com.br\/en\/produto\/bomba-de-engrenagens-bh-p-2-a0-d-8-c1-l1-sae-a\/#primaryimage","url":"https:\/\/actbr.com.br\/wp-content\/uploads\/2020\/09\/4WE6-G-60-G24-NZ4L-4.jpg","contentUrl":"https:\/\/actbr.com.br\/wp-content\/uploads\/2020\/09\/4WE6-G-60-G24-NZ4L-4.jpg","width":1080,"height":1080},{"@type":"BreadcrumbList","@id":"https:\/\/actbr.com.br\/en\/produto\/bomba-de-engrenagens-bh-p-2-a0-d-8-c1-l1-sae-a\/#breadcrumb","itemListElement":[{"@type":"ListItem","position":1,"name":"In\u00edcio","item":"https:\/\/actbr.com.br\/en\/"},{"@type":"ListItem","position":2,"name":"Produtos","item":"https:\/\/actbr.com.br\/produtos-act\/"},{"@type":"ListItem","position":3,"name":"Bombas Hidr\u00e1ulicas","item":"https:\/\/actbr.com.br\/en\/categoria-produto\/bombas-hidraulicas\/"},{"@type":"ListItem","position":4,"name":"Bomba de Engrenagens BH-P-2-A0-D-8-C1-L1 (SAE A)"}]},{"@type":"WebSite","@id":"https:\/\/actbr.com.br\/en\/#website","url":"https:\/\/actbr.com.br\/en\/","name":"ACT Sistemas Hidr\u00e1ulicos","description":"Fabrica\u00e7\u00e3o e manuten\u00e7\u00e3o de componentes \u00f3leo hidr\u00e1ulicos","publisher":{"@id":"https:\/\/actbr.com.br\/en\/#organization"},"potentialAction":[{"@type":"SearchAction","target":{"@type":"EntryPoint","urlTemplate":"https:\/\/actbr.com.br\/en\/?s={search_term_string}"},"query-input":{"@type":"PropertyValueSpecification","valueRequired":true,"valueName":"search_term_string"}}],"inLanguage":"en-US"},{"@type":"Organization","@id":"https:\/\/actbr.com.br\/en\/#organization","name":"ACT Sistemas Hidr\u00e1ulicos","url":"https:\/\/actbr.com.br\/en\/","logo":{"@type":"ImageObject","inLanguage":"en-US","@id":"https:\/\/actbr.com.br\/en\/#\/schema\/logo\/image\/","url":"https:\/\/actbr.com.br\/wp-content\/uploads\/2025\/02\/cropped-ACT_NEGATIVO-marca-dagua.png","contentUrl":"https:\/\/actbr.com.br\/wp-content\/uploads\/2025\/02\/cropped-ACT_NEGATIVO-marca-dagua.png","width":240,"height":146,"caption":"ACT Sistemas Hidr\u00e1ulicos"},"image":{"@id":"https:\/\/actbr.com.br\/en\/#\/schema\/logo\/image\/"}}]}},"_links":{"self":[{"href":"https:\/\/actbr.com.br\/en\/wp-json\/wp\/v2\/product\/9898","targetHints":{"allow":["GET"]}}],"collection":[{"href":"https:\/\/actbr.com.br\/en\/wp-json\/wp\/v2\/product"}],"about":[{"href":"https:\/\/actbr.com.br\/en\/wp-json\/wp\/v2\/types\/product"}],"wp:featuredmedia":[{"embeddable":true,"href":"https:\/\/actbr.com.br\/en\/wp-json\/wp\/v2\/media\/9770"}],"wp:attachment":[{"href":"https:\/\/actbr.com.br\/en\/wp-json\/wp\/v2\/media?parent=9898"}],"wp:term":[{"taxonomy":"product_brand","embeddable":true,"href":"https:\/\/actbr.com.br\/en\/wp-json\/wp\/v2\/product_brand?post=9898"},{"taxonomy":"product_cat","embeddable":true,"href":"https:\/\/actbr.com.br\/en\/wp-json\/wp\/v2\/product_cat?post=9898"},{"taxonomy":"product_tag","embeddable":true,"href":"https:\/\/actbr.com.br\/en\/wp-json\/wp\/v2\/product_tag?post=9898"}],"curies":[{"name":"wp","href":"https:\/\/api.w.org\/{rel}","templated":true}]}}