{"id":20377,"date":"2020-12-07T15:23:23","date_gmt":"2020-12-07T18:23:23","guid":{"rendered":"https:\/\/actbr.com.br\/fox\/"},"modified":"2025-09-17T16:35:01","modified_gmt":"2025-09-17T19:35:01","slug":"fox","status":"publish","type":"page","link":"https:\/\/actbr.com.br\/es\/fox\/","title":{"rendered":"FOX"},"content":{"rendered":"\t\t<div data-elementor-type=\"wp-page\" data-elementor-id=\"20377\" class=\"elementor elementor-20377 elementor-6155\">\n\t\t\t\t\t\t<section class=\"elementor-section elementor-top-section elementor-element elementor-element-2dd80859 elementor-section-boxed elementor-section-height-default elementor-section-height-default\" data-id=\"2dd80859\" data-element_type=\"section\" data-e-type=\"section\">\n\t\t\t\t\t\t<div class=\"elementor-container elementor-column-gap-default\">\n\t\t\t\t\t<div class=\"elementor-column elementor-col-100 elementor-top-column elementor-element elementor-element-5ed7e5a3\" data-id=\"5ed7e5a3\" data-element_type=\"column\" data-e-type=\"column\">\n\t\t\t<div class=\"elementor-widget-wrap elementor-element-populated\">\n\t\t\t\t\t\t<div class=\"elementor-element elementor-element-54a7044a elementor-widget elementor-widget-text-editor\" data-id=\"54a7044a\" data-element_type=\"widget\" data-e-type=\"widget\" data-widget_type=\"text-editor.default\">\n\t\t\t\t<div class=\"elementor-widget-container\">\n\t\t\t\t\t\t\t\t\t<p><\/p>\n<p><img decoding=\"async\" class=\"alignright\" src=\"https:\/\/actbr.com.br\/wp-content\/uploads\/2020\/12\/Fox.jpg\" alt=\"\" width=\"148\" height=\"88\"><\/p>\n<p><\/p>\n<p class=\"MsoNormal\">\n<\/p><p><span style=\"font-size: 14px; color: var( --e-global-color-text );\">Desde<\/span><span style=\"color: var( --e-global-color-text ); font-family: var( --e-global-typography-text-font-family ), Sans-serif; font-weight: var( --e-global-typography-text-font-weight ); font-size: 14px;\">1980 a FOX projeta e produz uma gama completa de acumuladores hidropneum\u00e1ticos, amortecedores de pulsa\u00e7\u00e3o, pressostatos e interruptores de v\u00e1cuo (eletromec\u00e2nico e eletr\u00f4nico), transmissores de press\u00e3o, n\u00edvel e temperatura, transdutores de temperatura, de n\u00edvel e de fluxo.<\/span><span style=\"color: var( --e-global-color-text ); font-family: var( --e-global-typography-text-font-family ), Sans-serif; font-weight: var( --e-global-typography-text-font-weight ); font-size: 14px;\">de acumuladores hidropneum\u00e1ticos, amortecedores de pulsa\u00e7\u00e3o, pressostatos e interruptores de v\u00e1cuo (eletromec\u00e2nico e eletr\u00f4nico), transmissores de press\u00e3o, n\u00edvel e temperatura, transdutores de temperatura, de n\u00edvel e de fluxo.<\/span><\/p>\n<p><span style=\"font-size: 14px; color: var( --e-global-color-text );\">El dise\u00f1o y la calidad de sus productos hacen que sean exportados a todas las regiones del mundo.&nbsp;<\/span><\/p>\n<p><\/p>\n<p>FOX se ha convertido en una importante socia de las principales empresas en los sectores de petr\u00f3leo y gas, petroqu\u00edmica y tratamiento de agua. Tambi\u00e9n es socia de empresas del segmento neum\u00e1tico e hidr\u00e1ulico, en los sectores de acero, m\u00e1quinas-herramienta, automotriz, naval, maquinaria de construcci\u00f3n, elevaci\u00f3n, movimiento de tierras, entre otros.<\/p>\n<p><\/p>\n<p><\/p>\n<p><img fetchpriority=\"high\" decoding=\"async\" class=\"alignnone wp-image-14072\" src=\"https:\/\/actbr.com.br\/wp-content\/uploads\/2025\/02\/DRONE-FOX-RIQUADRO-PICCOLO-300x200.jpg\" alt=\"\" width=\"287\" height=\"191\" srcset=\"https:\/\/actbr.com.br\/wp-content\/uploads\/2025\/02\/DRONE-FOX-RIQUADRO-PICCOLO-300x200.jpg 300w, https:\/\/actbr.com.br\/wp-content\/uploads\/2025\/02\/DRONE-FOX-RIQUADRO-PICCOLO.jpg 900w\" sizes=\"(max-width: 287px) 100vw, 287px\" \/><\/p>\n<p><\/p>\t\t\t\t\t\t\t\t<\/div>\n\t\t\t\t<\/div>\n\t\t\t\t\t<\/div>\n\t\t<\/div>\n\t\t\t\t\t<\/div>\n\t\t<\/section>\n\t\t\t\t<\/div>\n\t\t","protected":false},"excerpt":{"rendered":"<p>Desde1980 a FOX projeta e produz uma gama completa de acumuladores hidropneum\u00e1ticos, amortecedores de pulsa\u00e7\u00e3o, pressostatos e interruptores de v\u00e1cuo (eletromec\u00e2nico e eletr\u00f4nico), transmissores de press\u00e3o, n\u00edvel e temperatura, transdutores de temperatura, de n\u00edvel e de fluxo.de acumuladores hidropneum\u00e1ticos, amortecedores de pulsa\u00e7\u00e3o, pressostatos e interruptores de v\u00e1cuo (eletromec\u00e2nico e eletr\u00f4nico), transmissores de press\u00e3o, n\u00edvel e &hellip; <\/p>\n<p class=\"link-more\"><a href=\"https:\/\/actbr.com.br\/es\/fox\/\" class=\"more-link\">Leer m\u00e1s<span class=\"screen-reader-text\"> \u00abFOX\u00bb<\/span><\/a><\/p>\n","protected":false},"author":4,"featured_media":0,"parent":0,"menu_order":0,"comment_status":"closed","ping_status":"closed","template":"","meta":{"inspiro_hide_title":false,"footnotes":""},"class_list":["post-20377","page","type-page","status-publish","hentry"],"yoast_head":"<!-- This site is optimized with the Yoast SEO plugin v27.2 - https:\/\/yoast.com\/product\/yoast-seo-wordpress\/ -->\n<title>FOX - ACT Sistemas Hidr\u00e1ulicos<\/title>\n<meta name=\"robots\" content=\"index, follow, max-snippet:-1, max-image-preview:large, max-video-preview:-1\" \/>\n<link rel=\"canonical\" href=\"https:\/\/actbr.com.br\/es\/fox\/\" \/>\n<meta property=\"og:locale\" content=\"es_ES\" \/>\n<meta property=\"og:type\" content=\"article\" \/>\n<meta property=\"og:title\" content=\"FOX - ACT Sistemas Hidr\u00e1ulicos\" \/>\n<meta property=\"og:description\" content=\"Desde1980 a FOX projeta e produz uma gama completa de acumuladores hidropneum\u00e1ticos, amortecedores de pulsa\u00e7\u00e3o, pressostatos e interruptores de v\u00e1cuo (eletromec\u00e2nico e eletr\u00f4nico), transmissores de press\u00e3o, n\u00edvel e temperatura, transdutores de temperatura, de n\u00edvel e de fluxo.de acumuladores hidropneum\u00e1ticos, amortecedores de pulsa\u00e7\u00e3o, pressostatos e interruptores de v\u00e1cuo (eletromec\u00e2nico e eletr\u00f4nico), transmissores de press\u00e3o, n\u00edvel e &hellip; Leer m\u00e1s \u00abFOX\u00bb\" \/>\n<meta property=\"og:url\" content=\"https:\/\/actbr.com.br\/es\/fox\/\" \/>\n<meta property=\"og:site_name\" content=\"ACT Sistemas Hidr\u00e1ulicos\" \/>\n<meta property=\"article:modified_time\" content=\"2025-09-17T19:35:01+00:00\" \/>\n<meta property=\"og:image\" content=\"https:\/\/actbr.com.br\/wp-content\/uploads\/2020\/12\/Fox.jpg\" \/>\n<meta name=\"twitter:card\" content=\"summary_large_image\" \/>\n<meta name=\"twitter:label1\" content=\"Tiempo de lectura\" \/>\n\t<meta name=\"twitter:data1\" content=\"1 minuto\" \/>\n<script type=\"application\/ld+json\" class=\"yoast-schema-graph\">{\"@context\":\"https:\/\/schema.org\",\"@graph\":[{\"@type\":\"WebPage\",\"@id\":\"https:\/\/actbr.com.br\/es\/fox\/\",\"url\":\"https:\/\/actbr.com.br\/es\/fox\/\",\"name\":\"FOX - ACT Sistemas Hidr\u00e1ulicos\",\"isPartOf\":{\"@id\":\"https:\/\/actbr.com.br\/es\/#website\"},\"primaryImageOfPage\":{\"@id\":\"https:\/\/actbr.com.br\/es\/fox\/#primaryimage\"},\"image\":{\"@id\":\"https:\/\/actbr.com.br\/es\/fox\/#primaryimage\"},\"thumbnailUrl\":\"https:\/\/actbr.com.br\/wp-content\/uploads\/2020\/12\/Fox.jpg\",\"datePublished\":\"2020-12-07T18:23:23+00:00\",\"dateModified\":\"2025-09-17T19:35:01+00:00\",\"breadcrumb\":{\"@id\":\"https:\/\/actbr.com.br\/es\/fox\/#breadcrumb\"},\"inLanguage\":\"es\",\"potentialAction\":[{\"@type\":\"ReadAction\",\"target\":[\"https:\/\/actbr.com.br\/es\/fox\/\"]}]},{\"@type\":\"ImageObject\",\"inLanguage\":\"es\",\"@id\":\"https:\/\/actbr.com.br\/es\/fox\/#primaryimage\",\"url\":\"https:\/\/actbr.com.br\/wp-content\/uploads\/2020\/12\/Fox.jpg\",\"contentUrl\":\"https:\/\/actbr.com.br\/wp-content\/uploads\/2020\/12\/Fox.jpg\"},{\"@type\":\"BreadcrumbList\",\"@id\":\"https:\/\/actbr.com.br\/es\/fox\/#breadcrumb\",\"itemListElement\":[{\"@type\":\"ListItem\",\"position\":1,\"name\":\"Comenzar\",\"item\":\"https:\/\/actbr.com.br\/es\/\"},{\"@type\":\"ListItem\",\"position\":2,\"name\":\"FOX\"}]},{\"@type\":\"WebSite\",\"@id\":\"https:\/\/actbr.com.br\/es\/#website\",\"url\":\"https:\/\/actbr.com.br\/es\/\",\"name\":\"ACT Sistemas Hidr\u00e1ulicos\",\"description\":\"Fabricaci\u00f3n y mantenimiento de componentes de aceite hidr\u00e1ulico\",\"publisher\":{\"@id\":\"https:\/\/actbr.com.br\/es\/#organization\"},\"potentialAction\":[{\"@type\":\"SearchAction\",\"target\":{\"@type\":\"EntryPoint\",\"urlTemplate\":\"https:\/\/actbr.com.br\/es\/?s={search_term_string}\"},\"query-input\":{\"@type\":\"PropertyValueSpecification\",\"valueRequired\":true,\"valueName\":\"search_term_string\"}}],\"inLanguage\":\"es\"},{\"@type\":\"Organization\",\"@id\":\"https:\/\/actbr.com.br\/es\/#organization\",\"name\":\"ACT Sistemas Hidr\u00e1ulicos\",\"url\":\"https:\/\/actbr.com.br\/es\/\",\"logo\":{\"@type\":\"ImageObject\",\"inLanguage\":\"es\",\"@id\":\"https:\/\/actbr.com.br\/es\/#\/schema\/logo\/image\/\",\"url\":\"https:\/\/actbr.com.br\/wp-content\/uploads\/2025\/02\/cropped-ACT_NEGATIVO-marca-dagua.png\",\"contentUrl\":\"https:\/\/actbr.com.br\/wp-content\/uploads\/2025\/02\/cropped-ACT_NEGATIVO-marca-dagua.png\",\"width\":240,\"height\":146,\"caption\":\"ACT Sistemas Hidr\u00e1ulicos\"},\"image\":{\"@id\":\"https:\/\/actbr.com.br\/es\/#\/schema\/logo\/image\/\"}}]}<\/script>\n<!-- \/ Yoast SEO plugin. -->","yoast_head_json":{"title":"FOX - ACT Sistemas Hidr\u00e1ulicos","robots":{"index":"index","follow":"follow","max-snippet":"max-snippet:-1","max-image-preview":"max-image-preview:large","max-video-preview":"max-video-preview:-1"},"canonical":"https:\/\/actbr.com.br\/es\/fox\/","og_locale":"es_ES","og_type":"article","og_title":"FOX - ACT Sistemas Hidr\u00e1ulicos","og_description":"Desde1980 a FOX projeta e produz uma gama completa de acumuladores hidropneum\u00e1ticos, amortecedores de pulsa\u00e7\u00e3o, pressostatos e interruptores de v\u00e1cuo (eletromec\u00e2nico e eletr\u00f4nico), transmissores de press\u00e3o, n\u00edvel e temperatura, transdutores de temperatura, de n\u00edvel e de fluxo.de acumuladores hidropneum\u00e1ticos, amortecedores de pulsa\u00e7\u00e3o, pressostatos e interruptores de v\u00e1cuo (eletromec\u00e2nico e eletr\u00f4nico), transmissores de press\u00e3o, n\u00edvel e &hellip; Leer m\u00e1s \u00abFOX\u00bb","og_url":"https:\/\/actbr.com.br\/es\/fox\/","og_site_name":"ACT Sistemas Hidr\u00e1ulicos","article_modified_time":"2025-09-17T19:35:01+00:00","og_image":[{"url":"https:\/\/actbr.com.br\/wp-content\/uploads\/2020\/12\/Fox.jpg","type":"","width":"","height":""}],"twitter_card":"summary_large_image","twitter_misc":{"Tiempo de lectura":"1 minuto"},"schema":{"@context":"https:\/\/schema.org","@graph":[{"@type":"WebPage","@id":"https:\/\/actbr.com.br\/es\/fox\/","url":"https:\/\/actbr.com.br\/es\/fox\/","name":"FOX - ACT Sistemas Hidr\u00e1ulicos","isPartOf":{"@id":"https:\/\/actbr.com.br\/es\/#website"},"primaryImageOfPage":{"@id":"https:\/\/actbr.com.br\/es\/fox\/#primaryimage"},"image":{"@id":"https:\/\/actbr.com.br\/es\/fox\/#primaryimage"},"thumbnailUrl":"https:\/\/actbr.com.br\/wp-content\/uploads\/2020\/12\/Fox.jpg","datePublished":"2020-12-07T18:23:23+00:00","dateModified":"2025-09-17T19:35:01+00:00","breadcrumb":{"@id":"https:\/\/actbr.com.br\/es\/fox\/#breadcrumb"},"inLanguage":"es","potentialAction":[{"@type":"ReadAction","target":["https:\/\/actbr.com.br\/es\/fox\/"]}]},{"@type":"ImageObject","inLanguage":"es","@id":"https:\/\/actbr.com.br\/es\/fox\/#primaryimage","url":"https:\/\/actbr.com.br\/wp-content\/uploads\/2020\/12\/Fox.jpg","contentUrl":"https:\/\/actbr.com.br\/wp-content\/uploads\/2020\/12\/Fox.jpg"},{"@type":"BreadcrumbList","@id":"https:\/\/actbr.com.br\/es\/fox\/#breadcrumb","itemListElement":[{"@type":"ListItem","position":1,"name":"Comenzar","item":"https:\/\/actbr.com.br\/es\/"},{"@type":"ListItem","position":2,"name":"FOX"}]},{"@type":"WebSite","@id":"https:\/\/actbr.com.br\/es\/#website","url":"https:\/\/actbr.com.br\/es\/","name":"ACT Sistemas Hidr\u00e1ulicos","description":"Fabricaci\u00f3n y mantenimiento de componentes de aceite hidr\u00e1ulico","publisher":{"@id":"https:\/\/actbr.com.br\/es\/#organization"},"potentialAction":[{"@type":"SearchAction","target":{"@type":"EntryPoint","urlTemplate":"https:\/\/actbr.com.br\/es\/?s={search_term_string}"},"query-input":{"@type":"PropertyValueSpecification","valueRequired":true,"valueName":"search_term_string"}}],"inLanguage":"es"},{"@type":"Organization","@id":"https:\/\/actbr.com.br\/es\/#organization","name":"ACT Sistemas Hidr\u00e1ulicos","url":"https:\/\/actbr.com.br\/es\/","logo":{"@type":"ImageObject","inLanguage":"es","@id":"https:\/\/actbr.com.br\/es\/#\/schema\/logo\/image\/","url":"https:\/\/actbr.com.br\/wp-content\/uploads\/2025\/02\/cropped-ACT_NEGATIVO-marca-dagua.png","contentUrl":"https:\/\/actbr.com.br\/wp-content\/uploads\/2025\/02\/cropped-ACT_NEGATIVO-marca-dagua.png","width":240,"height":146,"caption":"ACT Sistemas Hidr\u00e1ulicos"},"image":{"@id":"https:\/\/actbr.com.br\/es\/#\/schema\/logo\/image\/"}}]}},"_links":{"self":[{"href":"https:\/\/actbr.com.br\/es\/wp-json\/wp\/v2\/pages\/20377","targetHints":{"allow":["GET"]}}],"collection":[{"href":"https:\/\/actbr.com.br\/es\/wp-json\/wp\/v2\/pages"}],"about":[{"href":"https:\/\/actbr.com.br\/es\/wp-json\/wp\/v2\/types\/page"}],"author":[{"embeddable":true,"href":"https:\/\/actbr.com.br\/es\/wp-json\/wp\/v2\/users\/4"}],"replies":[{"embeddable":true,"href":"https:\/\/actbr.com.br\/es\/wp-json\/wp\/v2\/comments?post=20377"}],"version-history":[{"count":3,"href":"https:\/\/actbr.com.br\/es\/wp-json\/wp\/v2\/pages\/20377\/revisions"}],"predecessor-version":[{"id":20380,"href":"https:\/\/actbr.com.br\/es\/wp-json\/wp\/v2\/pages\/20377\/revisions\/20380"}],"wp:attachment":[{"href":"https:\/\/actbr.com.br\/es\/wp-json\/wp\/v2\/media?parent=20377"}],"curies":[{"name":"wp","href":"https:\/\/api.w.org\/{rel}","templated":true}]}}