{"id":10685,"date":"2023-12-11T14:50:42","date_gmt":"2023-12-11T17:50:42","guid":{"rendered":"https:\/\/actbr.com.br\/?post_type=product&#038;p=10685"},"modified":"2023-12-11T14:51:01","modified_gmt":"2023-12-11T17:51:01","slug":"bomba-de-pistoes-axiais-de-deslocamento-variavel-ar22fr01ck40y","status":"publish","type":"product","link":"https:\/\/actbr.com.br\/es\/producto\/bomba-de-pistoes-axiais-de-deslocamento-variavel-ar22fr01ck40y\/","title":{"rendered":"Bomba de pist\u00f5es axiais de deslocamento vari\u00e1vel AR22FR01CK40Y"},"content":{"rendered":"<p><strong>Bomba de pist\u00f5es axiais de deslocamento vari\u00e1vel AR22FR01CK40Y<\/strong><\/p>\n<p>A s\u00e9rie AR (Bomba de pist\u00f5es axiais de deslocamento vari\u00e1vel) de bombas compactas de m\u00e9dia press\u00e3o, deslocamento vari\u00e1vel e circuito aberto da ACT foi desenvolvida principalmente para o mercado industrial.<\/p>\n<p>Estas bombas possuem uma ampla gama de reguladores (op\u00e7\u00f5es), longa vida \u00fatil, alta confiabilidade e s\u00e3o projetadas para operar com baixos n\u00edveis de ru\u00eddo.<\/p>\n<p>A vaz\u00e3o da bomba \u00e9 proporcional \u00e0 rota\u00e7\u00e3o de acionamento e ao volume de deslocamento. Atrav\u00e9s da varia\u00e7\u00e3o do disco inclinado \u00e9 poss\u00edvel uma altera\u00e7\u00e3o da vaz\u00e3o de modo progressivo.<\/p>\n<p><strong>Caracter\u00edsticas<\/strong><\/p>\n<p>Flange: SAE A de 2 furos<br \/>\nPiloto: \u00d8 82,5mm;<br \/>\nEixo cil\u00edndrico: \u00d8 19,05mm \u2013 chaveta 25\u00d74,76\u00d72,19mm;<br \/>\nSentido de giro: hor\u00e1rio;<br \/>\nPress\u00e3o: BSP<br \/>\nSuc\u00e7\u00e3o: BSP<br \/>\nRota\u00e7\u00e3o M\u00e1xima: 1800 rpm;<br \/>\nRota\u00e7\u00e3o M\u00ednima: 500 rpm<br \/>\nPress\u00e3o M\u00e1xima: 210 bar \u2013 3000 psi;<br \/>\nDeslocamento volum\u00e9trico m\u00e1ximo: 22 cm\u00b3\/giro;<br \/>\nCompensador de Press\u00e3o ajust\u00e1vel: 12 a 210 bar.<br \/>\nPeso: 9 Kg<br \/>\nAlta efici\u00eancia;<br \/>\nM\u00faltiplo sistema de controle (opcional);<br \/>\nBaixo n\u00edvel de ru\u00eddo;<br \/>\nAmplas faixas de aplica\u00e7\u00e3o;<br \/>\nVida longa;<br \/>\nDesign compacto de corpo em alum\u00ednio;<br \/>\nBom comportamento de suc\u00e7\u00e3o;<br \/>\nBoa rela\u00e7\u00e3o peso-pot\u00eancia;<br \/>\nTempos curtos de regulagem;<\/p>\n","protected":false},"excerpt":{"rendered":"<p>A s\u00e9rie AR (Bomba de pist\u00f5es axiais de deslocamento vari\u00e1vel) de bombas compactas de m\u00e9dia press\u00e3o, deslocamento vari\u00e1vel e circuito aberto da ACT foi desenvolvida principalmente para o mercado industrial.<\/p>\n<p>Estas bombas possuem uma ampla gama de reguladores (op\u00e7\u00f5es), longa vida \u00fatil, alta confiabilidade e s\u00e3o projetadas para operar com baixos n\u00edveis de ru\u00eddo.<\/p>\n<p>A vaz\u00e3o da bomba \u00e9 proporcional \u00e0 rota\u00e7\u00e3o de acionamento e ao volume de deslocamento. Atrav\u00e9s da varia\u00e7\u00e3o do disco inclinado \u00e9 poss\u00edvel uma altera\u00e7\u00e3o da vaz\u00e3o de modo progressivo.<\/p>\n","protected":false},"featured_media":10683,"template":"","meta":[],"product_brand":[],"product_cat":[42,28],"product_tag":[],"class_list":{"0":"post-10685","1":"product","2":"type-product","3":"status-publish","4":"has-post-thumbnail","6":"product_cat-bomba-de-pistoes","7":"product_cat-bombas-hidraulicas","9":"first","10":"instock","11":"shipping-taxable","12":"product-type-simple"},"yoast_head":"<!-- This site is optimized with the Yoast SEO plugin v27.2 - https:\/\/yoast.com\/product\/yoast-seo-wordpress\/ -->\n<title>Bomba de pist\u00f5es axiais de deslocamento vari\u00e1vel AR22FR01CK40Y - ACT Sistemas Hidr\u00e1ulicos<\/title>\n<meta name=\"robots\" content=\"index, follow, max-snippet:-1, max-image-preview:large, max-video-preview:-1\" \/>\n<link rel=\"canonical\" href=\"https:\/\/actbr.com.br\/es\/producto\/bomba-de-pistoes-axiais-de-deslocamento-variavel-ar22fr01ck40y\/\" \/>\n<meta property=\"og:locale\" content=\"es_ES\" \/>\n<meta property=\"og:type\" content=\"article\" \/>\n<meta property=\"og:title\" content=\"Bomba de pist\u00f5es axiais de deslocamento vari\u00e1vel AR22FR01CK40Y - ACT Sistemas Hidr\u00e1ulicos\" \/>\n<meta property=\"og:description\" content=\"A s\u00e9rie AR (Bomba de pist\u00f5es axiais de deslocamento vari\u00e1vel) de bombas compactas de m\u00e9dia press\u00e3o, deslocamento vari\u00e1vel e circuito aberto da ACT foi desenvolvida principalmente para o mercado industrial.  Estas bombas possuem uma ampla gama de reguladores (op\u00e7\u00f5es), longa vida \u00fatil, alta confiabilidade e s\u00e3o projetadas para operar com baixos n\u00edveis de ru\u00eddo.  A vaz\u00e3o da bomba \u00e9 proporcional \u00e0 rota\u00e7\u00e3o de acionamento e ao volume de deslocamento. Atrav\u00e9s da varia\u00e7\u00e3o do disco inclinado \u00e9 poss\u00edvel uma altera\u00e7\u00e3o da vaz\u00e3o de modo progressivo.\" \/>\n<meta property=\"og:url\" content=\"https:\/\/actbr.com.br\/es\/producto\/bomba-de-pistoes-axiais-de-deslocamento-variavel-ar22fr01ck40y\/\" \/>\n<meta property=\"og:site_name\" content=\"ACT Sistemas Hidr\u00e1ulicos\" \/>\n<meta property=\"article:modified_time\" content=\"2023-12-11T17:51:01+00:00\" \/>\n<meta property=\"og:image\" content=\"https:\/\/actbr.com.br\/wp-content\/uploads\/2023\/12\/YukenPistonPumpAR22-3.jpg\" \/>\n\t<meta property=\"og:image:width\" content=\"800\" \/>\n\t<meta property=\"og:image:height\" content=\"800\" \/>\n\t<meta property=\"og:image:type\" content=\"image\/jpeg\" \/>\n<meta name=\"twitter:card\" content=\"summary_large_image\" \/>\n<meta name=\"twitter:label1\" content=\"Tiempo de lectura\" \/>\n\t<meta name=\"twitter:data1\" content=\"1 minuto\" \/>\n<script type=\"application\/ld+json\" class=\"yoast-schema-graph\">{\"@context\":\"https:\/\/schema.org\",\"@graph\":[{\"@type\":\"WebPage\",\"@id\":\"https:\/\/actbr.com.br\/es\/producto\/bomba-de-pistoes-axiais-de-deslocamento-variavel-ar22fr01ck40y\/\",\"url\":\"https:\/\/actbr.com.br\/es\/producto\/bomba-de-pistoes-axiais-de-deslocamento-variavel-ar22fr01ck40y\/\",\"name\":\"Bomba de pist\u00f5es axiais de deslocamento vari\u00e1vel AR22FR01CK40Y - ACT Sistemas Hidr\u00e1ulicos\",\"isPartOf\":{\"@id\":\"https:\/\/actbr.com.br\/es\/#website\"},\"primaryImageOfPage\":{\"@id\":\"https:\/\/actbr.com.br\/es\/producto\/bomba-de-pistoes-axiais-de-deslocamento-variavel-ar22fr01ck40y\/#primaryimage\"},\"image\":{\"@id\":\"https:\/\/actbr.com.br\/es\/producto\/bomba-de-pistoes-axiais-de-deslocamento-variavel-ar22fr01ck40y\/#primaryimage\"},\"thumbnailUrl\":\"https:\/\/actbr.com.br\/wp-content\/uploads\/2023\/12\/YukenPistonPumpAR22-3.jpg\",\"datePublished\":\"2023-12-11T17:50:42+00:00\",\"dateModified\":\"2023-12-11T17:51:01+00:00\",\"breadcrumb\":{\"@id\":\"https:\/\/actbr.com.br\/es\/producto\/bomba-de-pistoes-axiais-de-deslocamento-variavel-ar22fr01ck40y\/#breadcrumb\"},\"inLanguage\":\"es\",\"potentialAction\":[{\"@type\":\"ReadAction\",\"target\":[\"https:\/\/actbr.com.br\/es\/producto\/bomba-de-pistoes-axiais-de-deslocamento-variavel-ar22fr01ck40y\/\"]}]},{\"@type\":\"ImageObject\",\"inLanguage\":\"es\",\"@id\":\"https:\/\/actbr.com.br\/es\/producto\/bomba-de-pistoes-axiais-de-deslocamento-variavel-ar22fr01ck40y\/#primaryimage\",\"url\":\"https:\/\/actbr.com.br\/wp-content\/uploads\/2023\/12\/YukenPistonPumpAR22-3.jpg\",\"contentUrl\":\"https:\/\/actbr.com.br\/wp-content\/uploads\/2023\/12\/YukenPistonPumpAR22-3.jpg\",\"width\":800,\"height\":800},{\"@type\":\"BreadcrumbList\",\"@id\":\"https:\/\/actbr.com.br\/es\/producto\/bomba-de-pistoes-axiais-de-deslocamento-variavel-ar22fr01ck40y\/#breadcrumb\",\"itemListElement\":[{\"@type\":\"ListItem\",\"position\":1,\"name\":\"Comenzar\",\"item\":\"https:\/\/actbr.com.br\/es\/\"},{\"@type\":\"ListItem\",\"position\":2,\"name\":\"Produtos\",\"item\":\"https:\/\/actbr.com.br\/produtos-act\/\"},{\"@type\":\"ListItem\",\"position\":3,\"name\":\"Bombas Hidr\u00e1ulicas\",\"item\":\"https:\/\/actbr.com.br\/es\/categoria-produto\/bombas-hidraulicas\/\"},{\"@type\":\"ListItem\",\"position\":4,\"name\":\"Bomba de pist\u00f5es axiais de deslocamento vari\u00e1vel AR22FR01CK40Y\"}]},{\"@type\":\"WebSite\",\"@id\":\"https:\/\/actbr.com.br\/es\/#website\",\"url\":\"https:\/\/actbr.com.br\/es\/\",\"name\":\"ACT Sistemas Hidr\u00e1ulicos\",\"description\":\"Fabricaci\u00f3n y mantenimiento de componentes de aceite hidr\u00e1ulico\",\"publisher\":{\"@id\":\"https:\/\/actbr.com.br\/es\/#organization\"},\"potentialAction\":[{\"@type\":\"SearchAction\",\"target\":{\"@type\":\"EntryPoint\",\"urlTemplate\":\"https:\/\/actbr.com.br\/es\/?s={search_term_string}\"},\"query-input\":{\"@type\":\"PropertyValueSpecification\",\"valueRequired\":true,\"valueName\":\"search_term_string\"}}],\"inLanguage\":\"es\"},{\"@type\":\"Organization\",\"@id\":\"https:\/\/actbr.com.br\/es\/#organization\",\"name\":\"ACT Sistemas Hidr\u00e1ulicos\",\"url\":\"https:\/\/actbr.com.br\/es\/\",\"logo\":{\"@type\":\"ImageObject\",\"inLanguage\":\"es\",\"@id\":\"https:\/\/actbr.com.br\/es\/#\/schema\/logo\/image\/\",\"url\":\"https:\/\/actbr.com.br\/wp-content\/uploads\/2025\/02\/cropped-ACT_NEGATIVO-marca-dagua.png\",\"contentUrl\":\"https:\/\/actbr.com.br\/wp-content\/uploads\/2025\/02\/cropped-ACT_NEGATIVO-marca-dagua.png\",\"width\":240,\"height\":146,\"caption\":\"ACT Sistemas Hidr\u00e1ulicos\"},\"image\":{\"@id\":\"https:\/\/actbr.com.br\/es\/#\/schema\/logo\/image\/\"}}]}<\/script>\n<!-- \/ Yoast SEO plugin. -->","yoast_head_json":{"title":"Bomba de pist\u00f5es axiais de deslocamento vari\u00e1vel AR22FR01CK40Y - ACT Sistemas Hidr\u00e1ulicos","robots":{"index":"index","follow":"follow","max-snippet":"max-snippet:-1","max-image-preview":"max-image-preview:large","max-video-preview":"max-video-preview:-1"},"canonical":"https:\/\/actbr.com.br\/es\/producto\/bomba-de-pistoes-axiais-de-deslocamento-variavel-ar22fr01ck40y\/","og_locale":"es_ES","og_type":"article","og_title":"Bomba de pist\u00f5es axiais de deslocamento vari\u00e1vel AR22FR01CK40Y - ACT Sistemas Hidr\u00e1ulicos","og_description":"A s\u00e9rie AR (Bomba de pist\u00f5es axiais de deslocamento vari\u00e1vel) de bombas compactas de m\u00e9dia press\u00e3o, deslocamento vari\u00e1vel e circuito aberto da ACT foi desenvolvida principalmente para o mercado industrial.  Estas bombas possuem uma ampla gama de reguladores (op\u00e7\u00f5es), longa vida \u00fatil, alta confiabilidade e s\u00e3o projetadas para operar com baixos n\u00edveis de ru\u00eddo.  A vaz\u00e3o da bomba \u00e9 proporcional \u00e0 rota\u00e7\u00e3o de acionamento e ao volume de deslocamento. Atrav\u00e9s da varia\u00e7\u00e3o do disco inclinado \u00e9 poss\u00edvel uma altera\u00e7\u00e3o da vaz\u00e3o de modo progressivo.","og_url":"https:\/\/actbr.com.br\/es\/producto\/bomba-de-pistoes-axiais-de-deslocamento-variavel-ar22fr01ck40y\/","og_site_name":"ACT Sistemas Hidr\u00e1ulicos","article_modified_time":"2023-12-11T17:51:01+00:00","og_image":[{"width":800,"height":800,"url":"https:\/\/actbr.com.br\/wp-content\/uploads\/2023\/12\/YukenPistonPumpAR22-3.jpg","type":"image\/jpeg"}],"twitter_card":"summary_large_image","twitter_misc":{"Tiempo de lectura":"1 minuto"},"schema":{"@context":"https:\/\/schema.org","@graph":[{"@type":"WebPage","@id":"https:\/\/actbr.com.br\/es\/producto\/bomba-de-pistoes-axiais-de-deslocamento-variavel-ar22fr01ck40y\/","url":"https:\/\/actbr.com.br\/es\/producto\/bomba-de-pistoes-axiais-de-deslocamento-variavel-ar22fr01ck40y\/","name":"Bomba de pist\u00f5es axiais de deslocamento vari\u00e1vel AR22FR01CK40Y - ACT Sistemas Hidr\u00e1ulicos","isPartOf":{"@id":"https:\/\/actbr.com.br\/es\/#website"},"primaryImageOfPage":{"@id":"https:\/\/actbr.com.br\/es\/producto\/bomba-de-pistoes-axiais-de-deslocamento-variavel-ar22fr01ck40y\/#primaryimage"},"image":{"@id":"https:\/\/actbr.com.br\/es\/producto\/bomba-de-pistoes-axiais-de-deslocamento-variavel-ar22fr01ck40y\/#primaryimage"},"thumbnailUrl":"https:\/\/actbr.com.br\/wp-content\/uploads\/2023\/12\/YukenPistonPumpAR22-3.jpg","datePublished":"2023-12-11T17:50:42+00:00","dateModified":"2023-12-11T17:51:01+00:00","breadcrumb":{"@id":"https:\/\/actbr.com.br\/es\/producto\/bomba-de-pistoes-axiais-de-deslocamento-variavel-ar22fr01ck40y\/#breadcrumb"},"inLanguage":"es","potentialAction":[{"@type":"ReadAction","target":["https:\/\/actbr.com.br\/es\/producto\/bomba-de-pistoes-axiais-de-deslocamento-variavel-ar22fr01ck40y\/"]}]},{"@type":"ImageObject","inLanguage":"es","@id":"https:\/\/actbr.com.br\/es\/producto\/bomba-de-pistoes-axiais-de-deslocamento-variavel-ar22fr01ck40y\/#primaryimage","url":"https:\/\/actbr.com.br\/wp-content\/uploads\/2023\/12\/YukenPistonPumpAR22-3.jpg","contentUrl":"https:\/\/actbr.com.br\/wp-content\/uploads\/2023\/12\/YukenPistonPumpAR22-3.jpg","width":800,"height":800},{"@type":"BreadcrumbList","@id":"https:\/\/actbr.com.br\/es\/producto\/bomba-de-pistoes-axiais-de-deslocamento-variavel-ar22fr01ck40y\/#breadcrumb","itemListElement":[{"@type":"ListItem","position":1,"name":"Comenzar","item":"https:\/\/actbr.com.br\/es\/"},{"@type":"ListItem","position":2,"name":"Produtos","item":"https:\/\/actbr.com.br\/produtos-act\/"},{"@type":"ListItem","position":3,"name":"Bombas Hidr\u00e1ulicas","item":"https:\/\/actbr.com.br\/es\/categoria-produto\/bombas-hidraulicas\/"},{"@type":"ListItem","position":4,"name":"Bomba de pist\u00f5es axiais de deslocamento vari\u00e1vel AR22FR01CK40Y"}]},{"@type":"WebSite","@id":"https:\/\/actbr.com.br\/es\/#website","url":"https:\/\/actbr.com.br\/es\/","name":"ACT Sistemas Hidr\u00e1ulicos","description":"Fabricaci\u00f3n y mantenimiento de componentes de aceite hidr\u00e1ulico","publisher":{"@id":"https:\/\/actbr.com.br\/es\/#organization"},"potentialAction":[{"@type":"SearchAction","target":{"@type":"EntryPoint","urlTemplate":"https:\/\/actbr.com.br\/es\/?s={search_term_string}"},"query-input":{"@type":"PropertyValueSpecification","valueRequired":true,"valueName":"search_term_string"}}],"inLanguage":"es"},{"@type":"Organization","@id":"https:\/\/actbr.com.br\/es\/#organization","name":"ACT Sistemas Hidr\u00e1ulicos","url":"https:\/\/actbr.com.br\/es\/","logo":{"@type":"ImageObject","inLanguage":"es","@id":"https:\/\/actbr.com.br\/es\/#\/schema\/logo\/image\/","url":"https:\/\/actbr.com.br\/wp-content\/uploads\/2025\/02\/cropped-ACT_NEGATIVO-marca-dagua.png","contentUrl":"https:\/\/actbr.com.br\/wp-content\/uploads\/2025\/02\/cropped-ACT_NEGATIVO-marca-dagua.png","width":240,"height":146,"caption":"ACT Sistemas Hidr\u00e1ulicos"},"image":{"@id":"https:\/\/actbr.com.br\/es\/#\/schema\/logo\/image\/"}}]}},"_links":{"self":[{"href":"https:\/\/actbr.com.br\/es\/wp-json\/wp\/v2\/product\/10685","targetHints":{"allow":["GET"]}}],"collection":[{"href":"https:\/\/actbr.com.br\/es\/wp-json\/wp\/v2\/product"}],"about":[{"href":"https:\/\/actbr.com.br\/es\/wp-json\/wp\/v2\/types\/product"}],"wp:featuredmedia":[{"embeddable":true,"href":"https:\/\/actbr.com.br\/es\/wp-json\/wp\/v2\/media\/10683"}],"wp:attachment":[{"href":"https:\/\/actbr.com.br\/es\/wp-json\/wp\/v2\/media?parent=10685"}],"wp:term":[{"taxonomy":"product_brand","embeddable":true,"href":"https:\/\/actbr.com.br\/es\/wp-json\/wp\/v2\/product_brand?post=10685"},{"taxonomy":"product_cat","embeddable":true,"href":"https:\/\/actbr.com.br\/es\/wp-json\/wp\/v2\/product_cat?post=10685"},{"taxonomy":"product_tag","embeddable":true,"href":"https:\/\/actbr.com.br\/es\/wp-json\/wp\/v2\/product_tag?post=10685"}],"curies":[{"name":"wp","href":"https:\/\/api.w.org\/{rel}","templated":true}]}}