{"id":10827,"date":"2023-12-14T10:29:13","date_gmt":"2023-12-14T13:29:13","guid":{"rendered":"https:\/\/actbr.com.br\/?post_type=product&#038;p=10827"},"modified":"2023-12-14T10:29:35","modified_gmt":"2023-12-14T13:29:35","slug":"manometro-em-aco-inox-com-glicerina-man-60mm-fl-esc-0-70bar-x-psi-horizontal-c-logo-imp","status":"publish","type":"product","link":"https:\/\/actbr.com.br\/es\/producto\/manometro-em-aco-inox-com-glicerina-man-60mm-fl-esc-0-70bar-x-psi-horizontal-c-logo-imp\/","title":{"rendered":"Man\u00f4metro em a\u00e7o inox com glicerina \u2013 MAN 60MM FL -ESC. 0-70BAR X PSI \u2013 HORIZONTAL -C\/ LOGO (IMP)"},"content":{"rendered":"<p><strong>Man\u00f4metro em a\u00e7o inox com glicerina \u2013 MAN 60MM FL -ESC. 0-70BAR X PSI \u2013 HORIZONTAL -C\/ LOGO (IMP)<\/strong><\/p>\n<p>O man\u00f4metro mec\u00e2nico com tubo Bourdon ACT \u00e9 preenchido com glicerina bi destilada, constru\u00eddo com uma caixa em a\u00e7o inoxid\u00e1vel 304 (AISI-304) e partes molhadas de liga de cobre.<\/p>\n<p>Devido ao preenchimento da caixa com glicerina bi destilada, o elemento de press\u00e3o e o movimento s\u00e3o amortecidos de forma eficiente. Portanto, esses instrumentos s\u00e3o particularmente adequados para locais de medi\u00e7\u00e3o com cargas muito din\u00e2micas, como por exemplo, ciclos de carga ou vibra\u00e7\u00f5es.<\/p>\n<p>A fun\u00e7\u00e3o do man\u00f4metro consiste basicamente em medir a press\u00e3o de flu\u00eddos em seu ponto de instala\u00e7\u00e3o e fornecer a leitura ao seu operador.<\/p>\n<p><strong>Caracter\u00edsticas:<\/strong><\/p>\n<p>Padr\u00e3o: EN 837-1 e ASME B40.100;<br \/>\nDimens\u00e3o nominal: 60mm;<br \/>\nLocal de conex\u00e3o: Traseira;<br \/>\nVisor: Policarbonato;<br \/>\nFaixa de Press\u00e3o: 0 a 70 bar;<br \/>\nCaixa em A\u00e7o Inox AISI 304;<br \/>\nProte\u00e7\u00e3o IP-65;<br \/>\nLiga\u00e7\u00e3o: vertical (reto);<br \/>\nConex\u00f5es: 1\/4\u2033 BSP;<br \/>\nAnel: A\u00e7o Inox AISI 304;<br \/>\nVeda\u00e7\u00e3o: Borracha nitr\u00edlica;<br \/>\nPonteiro: Leve, balanceado e com ajuste microm\u00e9trico;<br \/>\nFluido anti-vibrante: Glicerina;<\/p>\n<p><strong>Performance:<\/strong><\/p>\n<p>Precis\u00e3o +\/-2% (repetibilidade, histerese, linearidade);<br \/>\nSensor Tubo \u00abbourdon\u00bb em lat\u00e3o;<br \/>\nVisor em policarbonato de espessura de 3mm ou acr\u00edlico a prova de estilha\u00e7o;<br \/>\nMecanismo: Movimento Lat\u00e3o, dotado de ajustes internos, embuchados com nylon, para o m\u00e1ximo de precis\u00e3o e o m\u00ednimo de atrito.<br \/>\nClasse de exatid\u00e3o: Norma ABNT Classe B (Tabela 5 \u2013 P\u00e1gina CP6);<\/p>\n","protected":false},"excerpt":{"rendered":"<p>O man\u00f4metro mec\u00e2nico com tubo Bourdon ACT \u00e9 preenchido com glicerina bi destilada, constru\u00eddo com uma caixa em a\u00e7o inoxid\u00e1vel 304 (AISI-304) e partes molhadas de liga de cobre.<\/p>\n<p>Devido ao preenchimento da caixa com glicerina bi destilada, o elemento de press\u00e3o e o movimento s\u00e3o amortecidos de forma eficiente. Portanto, esses instrumentos s\u00e3o particularmente adequados para locais de medi\u00e7\u00e3o com cargas muito din\u00e2micas, como por exemplo, ciclos de carga ou vibra\u00e7\u00f5es.<\/p>\n<p>A fun\u00e7\u00e3o do man\u00f4metro consiste basicamente em medir a press\u00e3o de flu\u00eddos em seu ponto de instala\u00e7\u00e3o e fornecer a leitura ao seu operador.<\/p>\n","protected":false},"featured_media":10772,"template":"","meta":[],"product_brand":[],"product_cat":[226],"product_tag":[],"class_list":{"0":"post-10827","1":"product","2":"type-product","3":"status-publish","4":"has-post-thumbnail","6":"product_cat-manometros","8":"first","9":"instock","10":"shipping-taxable","11":"product-type-simple"},"yoast_head":"<!-- This site is optimized with the Yoast SEO plugin v27.2 - https:\/\/yoast.com\/product\/yoast-seo-wordpress\/ -->\n<title>Man\u00f4metro em a\u00e7o inox com glicerina - MAN 60MM FL -ESC. 0-70BAR X PSI - HORIZONTAL -C\/ LOGO (IMP) - ACT Sistemas Hidr\u00e1ulicos<\/title>\n<meta name=\"robots\" content=\"index, follow, max-snippet:-1, max-image-preview:large, max-video-preview:-1\" \/>\n<link rel=\"canonical\" href=\"https:\/\/actbr.com.br\/es\/producto\/manometro-em-aco-inox-com-glicerina-man-60mm-fl-esc-0-70bar-x-psi-horizontal-c-logo-imp\/\" \/>\n<meta property=\"og:locale\" content=\"es_ES\" \/>\n<meta property=\"og:type\" content=\"article\" \/>\n<meta property=\"og:title\" content=\"Man\u00f4metro em a\u00e7o inox com glicerina - MAN 60MM FL -ESC. 0-70BAR X PSI - HORIZONTAL -C\/ LOGO (IMP) - ACT Sistemas Hidr\u00e1ulicos\" \/>\n<meta property=\"og:description\" content=\"O man\u00f4metro mec\u00e2nico com tubo Bourdon ACT \u00e9 preenchido com glicerina bi destilada, constru\u00eddo com uma caixa em a\u00e7o inoxid\u00e1vel 304 (AISI-304) e partes molhadas de liga de cobre.  Devido ao preenchimento da caixa com glicerina bi destilada, o elemento de press\u00e3o e o movimento s\u00e3o amortecidos de forma eficiente. Portanto, esses instrumentos s\u00e3o particularmente adequados para locais de medi\u00e7\u00e3o com cargas muito din\u00e2micas, como por exemplo, ciclos de carga ou vibra\u00e7\u00f5es.  A fun\u00e7\u00e3o do man\u00f4metro consiste basicamente em medir a press\u00e3o de flu\u00eddos em seu ponto de instala\u00e7\u00e3o e fornecer a leitura ao seu operador.\" \/>\n<meta property=\"og:url\" content=\"https:\/\/actbr.com.br\/es\/producto\/manometro-em-aco-inox-com-glicerina-man-60mm-fl-esc-0-70bar-x-psi-horizontal-c-logo-imp\/\" \/>\n<meta property=\"og:site_name\" content=\"ACT Sistemas Hidr\u00e1ulicos\" \/>\n<meta property=\"article:modified_time\" content=\"2023-12-14T13:29:35+00:00\" \/>\n<meta property=\"og:image\" content=\"https:\/\/actbr.com.br\/wp-content\/uploads\/2023\/12\/4.jpg\" \/>\n\t<meta property=\"og:image:width\" content=\"1080\" \/>\n\t<meta property=\"og:image:height\" content=\"1080\" \/>\n\t<meta property=\"og:image:type\" content=\"image\/jpeg\" \/>\n<meta name=\"twitter:card\" content=\"summary_large_image\" \/>\n<meta name=\"twitter:label1\" content=\"Tiempo de lectura\" \/>\n\t<meta name=\"twitter:data1\" content=\"2 minutos\" \/>\n<script type=\"application\/ld+json\" class=\"yoast-schema-graph\">{\"@context\":\"https:\/\/schema.org\",\"@graph\":[{\"@type\":\"WebPage\",\"@id\":\"https:\/\/actbr.com.br\/es\/producto\/manometro-em-aco-inox-com-glicerina-man-60mm-fl-esc-0-70bar-x-psi-horizontal-c-logo-imp\/\",\"url\":\"https:\/\/actbr.com.br\/es\/producto\/manometro-em-aco-inox-com-glicerina-man-60mm-fl-esc-0-70bar-x-psi-horizontal-c-logo-imp\/\",\"name\":\"Man\u00f4metro em a\u00e7o inox com glicerina - MAN 60MM FL -ESC. 0-70BAR X PSI - HORIZONTAL -C\/ LOGO (IMP) - ACT Sistemas Hidr\u00e1ulicos\",\"isPartOf\":{\"@id\":\"https:\/\/actbr.com.br\/es\/#website\"},\"primaryImageOfPage\":{\"@id\":\"https:\/\/actbr.com.br\/es\/producto\/manometro-em-aco-inox-com-glicerina-man-60mm-fl-esc-0-70bar-x-psi-horizontal-c-logo-imp\/#primaryimage\"},\"image\":{\"@id\":\"https:\/\/actbr.com.br\/es\/producto\/manometro-em-aco-inox-com-glicerina-man-60mm-fl-esc-0-70bar-x-psi-horizontal-c-logo-imp\/#primaryimage\"},\"thumbnailUrl\":\"https:\/\/actbr.com.br\/wp-content\/uploads\/2023\/12\/4.jpg\",\"datePublished\":\"2023-12-14T13:29:13+00:00\",\"dateModified\":\"2023-12-14T13:29:35+00:00\",\"breadcrumb\":{\"@id\":\"https:\/\/actbr.com.br\/es\/producto\/manometro-em-aco-inox-com-glicerina-man-60mm-fl-esc-0-70bar-x-psi-horizontal-c-logo-imp\/#breadcrumb\"},\"inLanguage\":\"es\",\"potentialAction\":[{\"@type\":\"ReadAction\",\"target\":[\"https:\/\/actbr.com.br\/es\/producto\/manometro-em-aco-inox-com-glicerina-man-60mm-fl-esc-0-70bar-x-psi-horizontal-c-logo-imp\/\"]}]},{\"@type\":\"ImageObject\",\"inLanguage\":\"es\",\"@id\":\"https:\/\/actbr.com.br\/es\/producto\/manometro-em-aco-inox-com-glicerina-man-60mm-fl-esc-0-70bar-x-psi-horizontal-c-logo-imp\/#primaryimage\",\"url\":\"https:\/\/actbr.com.br\/wp-content\/uploads\/2023\/12\/4.jpg\",\"contentUrl\":\"https:\/\/actbr.com.br\/wp-content\/uploads\/2023\/12\/4.jpg\",\"width\":1080,\"height\":1080},{\"@type\":\"BreadcrumbList\",\"@id\":\"https:\/\/actbr.com.br\/es\/producto\/manometro-em-aco-inox-com-glicerina-man-60mm-fl-esc-0-70bar-x-psi-horizontal-c-logo-imp\/#breadcrumb\",\"itemListElement\":[{\"@type\":\"ListItem\",\"position\":1,\"name\":\"Comenzar\",\"item\":\"https:\/\/actbr.com.br\/es\/\"},{\"@type\":\"ListItem\",\"position\":2,\"name\":\"Produtos\",\"item\":\"https:\/\/actbr.com.br\/produtos-act\/\"},{\"@type\":\"ListItem\",\"position\":3,\"name\":\"Acess\u00f3rios\",\"item\":\"https:\/\/actbr.com.br\/es\/categoria-produto\/acessorios\/\"},{\"@type\":\"ListItem\",\"position\":4,\"name\":\"Man\u00f4metros\",\"item\":\"https:\/\/actbr.com.br\/es\/categoria-produto\/acessorios\/manometros\/\"},{\"@type\":\"ListItem\",\"position\":5,\"name\":\"Man\u00f4metro em a\u00e7o inox com glicerina &#8211; MAN 60MM FL -ESC. 0-70BAR X PSI &#8211; HORIZONTAL -C\/ LOGO (IMP)\"}]},{\"@type\":\"WebSite\",\"@id\":\"https:\/\/actbr.com.br\/es\/#website\",\"url\":\"https:\/\/actbr.com.br\/es\/\",\"name\":\"ACT Sistemas Hidr\u00e1ulicos\",\"description\":\"Fabricaci\u00f3n y mantenimiento de componentes de aceite hidr\u00e1ulico\",\"publisher\":{\"@id\":\"https:\/\/actbr.com.br\/es\/#organization\"},\"potentialAction\":[{\"@type\":\"SearchAction\",\"target\":{\"@type\":\"EntryPoint\",\"urlTemplate\":\"https:\/\/actbr.com.br\/es\/?s={search_term_string}\"},\"query-input\":{\"@type\":\"PropertyValueSpecification\",\"valueRequired\":true,\"valueName\":\"search_term_string\"}}],\"inLanguage\":\"es\"},{\"@type\":\"Organization\",\"@id\":\"https:\/\/actbr.com.br\/es\/#organization\",\"name\":\"ACT Sistemas Hidr\u00e1ulicos\",\"url\":\"https:\/\/actbr.com.br\/es\/\",\"logo\":{\"@type\":\"ImageObject\",\"inLanguage\":\"es\",\"@id\":\"https:\/\/actbr.com.br\/es\/#\/schema\/logo\/image\/\",\"url\":\"https:\/\/actbr.com.br\/wp-content\/uploads\/2025\/02\/cropped-ACT_NEGATIVO-marca-dagua.png\",\"contentUrl\":\"https:\/\/actbr.com.br\/wp-content\/uploads\/2025\/02\/cropped-ACT_NEGATIVO-marca-dagua.png\",\"width\":240,\"height\":146,\"caption\":\"ACT Sistemas Hidr\u00e1ulicos\"},\"image\":{\"@id\":\"https:\/\/actbr.com.br\/es\/#\/schema\/logo\/image\/\"}}]}<\/script>\n<!-- \/ Yoast SEO plugin. -->","yoast_head_json":{"title":"Man\u00f4metro em a\u00e7o inox com glicerina - MAN 60MM FL -ESC. 0-70BAR X PSI - HORIZONTAL -C\/ LOGO (IMP) - ACT Sistemas Hidr\u00e1ulicos","robots":{"index":"index","follow":"follow","max-snippet":"max-snippet:-1","max-image-preview":"max-image-preview:large","max-video-preview":"max-video-preview:-1"},"canonical":"https:\/\/actbr.com.br\/es\/producto\/manometro-em-aco-inox-com-glicerina-man-60mm-fl-esc-0-70bar-x-psi-horizontal-c-logo-imp\/","og_locale":"es_ES","og_type":"article","og_title":"Man\u00f4metro em a\u00e7o inox com glicerina - MAN 60MM FL -ESC. 0-70BAR X PSI - HORIZONTAL -C\/ LOGO (IMP) - ACT Sistemas Hidr\u00e1ulicos","og_description":"O man\u00f4metro mec\u00e2nico com tubo Bourdon ACT \u00e9 preenchido com glicerina bi destilada, constru\u00eddo com uma caixa em a\u00e7o inoxid\u00e1vel 304 (AISI-304) e partes molhadas de liga de cobre.  Devido ao preenchimento da caixa com glicerina bi destilada, o elemento de press\u00e3o e o movimento s\u00e3o amortecidos de forma eficiente. Portanto, esses instrumentos s\u00e3o particularmente adequados para locais de medi\u00e7\u00e3o com cargas muito din\u00e2micas, como por exemplo, ciclos de carga ou vibra\u00e7\u00f5es.  A fun\u00e7\u00e3o do man\u00f4metro consiste basicamente em medir a press\u00e3o de flu\u00eddos em seu ponto de instala\u00e7\u00e3o e fornecer a leitura ao seu operador.","og_url":"https:\/\/actbr.com.br\/es\/producto\/manometro-em-aco-inox-com-glicerina-man-60mm-fl-esc-0-70bar-x-psi-horizontal-c-logo-imp\/","og_site_name":"ACT Sistemas Hidr\u00e1ulicos","article_modified_time":"2023-12-14T13:29:35+00:00","og_image":[{"width":1080,"height":1080,"url":"https:\/\/actbr.com.br\/wp-content\/uploads\/2023\/12\/4.jpg","type":"image\/jpeg"}],"twitter_card":"summary_large_image","twitter_misc":{"Tiempo de lectura":"2 minutos"},"schema":{"@context":"https:\/\/schema.org","@graph":[{"@type":"WebPage","@id":"https:\/\/actbr.com.br\/es\/producto\/manometro-em-aco-inox-com-glicerina-man-60mm-fl-esc-0-70bar-x-psi-horizontal-c-logo-imp\/","url":"https:\/\/actbr.com.br\/es\/producto\/manometro-em-aco-inox-com-glicerina-man-60mm-fl-esc-0-70bar-x-psi-horizontal-c-logo-imp\/","name":"Man\u00f4metro em a\u00e7o inox com glicerina - MAN 60MM FL -ESC. 0-70BAR X PSI - HORIZONTAL -C\/ LOGO (IMP) - ACT Sistemas Hidr\u00e1ulicos","isPartOf":{"@id":"https:\/\/actbr.com.br\/es\/#website"},"primaryImageOfPage":{"@id":"https:\/\/actbr.com.br\/es\/producto\/manometro-em-aco-inox-com-glicerina-man-60mm-fl-esc-0-70bar-x-psi-horizontal-c-logo-imp\/#primaryimage"},"image":{"@id":"https:\/\/actbr.com.br\/es\/producto\/manometro-em-aco-inox-com-glicerina-man-60mm-fl-esc-0-70bar-x-psi-horizontal-c-logo-imp\/#primaryimage"},"thumbnailUrl":"https:\/\/actbr.com.br\/wp-content\/uploads\/2023\/12\/4.jpg","datePublished":"2023-12-14T13:29:13+00:00","dateModified":"2023-12-14T13:29:35+00:00","breadcrumb":{"@id":"https:\/\/actbr.com.br\/es\/producto\/manometro-em-aco-inox-com-glicerina-man-60mm-fl-esc-0-70bar-x-psi-horizontal-c-logo-imp\/#breadcrumb"},"inLanguage":"es","potentialAction":[{"@type":"ReadAction","target":["https:\/\/actbr.com.br\/es\/producto\/manometro-em-aco-inox-com-glicerina-man-60mm-fl-esc-0-70bar-x-psi-horizontal-c-logo-imp\/"]}]},{"@type":"ImageObject","inLanguage":"es","@id":"https:\/\/actbr.com.br\/es\/producto\/manometro-em-aco-inox-com-glicerina-man-60mm-fl-esc-0-70bar-x-psi-horizontal-c-logo-imp\/#primaryimage","url":"https:\/\/actbr.com.br\/wp-content\/uploads\/2023\/12\/4.jpg","contentUrl":"https:\/\/actbr.com.br\/wp-content\/uploads\/2023\/12\/4.jpg","width":1080,"height":1080},{"@type":"BreadcrumbList","@id":"https:\/\/actbr.com.br\/es\/producto\/manometro-em-aco-inox-com-glicerina-man-60mm-fl-esc-0-70bar-x-psi-horizontal-c-logo-imp\/#breadcrumb","itemListElement":[{"@type":"ListItem","position":1,"name":"Comenzar","item":"https:\/\/actbr.com.br\/es\/"},{"@type":"ListItem","position":2,"name":"Produtos","item":"https:\/\/actbr.com.br\/produtos-act\/"},{"@type":"ListItem","position":3,"name":"Acess\u00f3rios","item":"https:\/\/actbr.com.br\/es\/categoria-produto\/acessorios\/"},{"@type":"ListItem","position":4,"name":"Man\u00f4metros","item":"https:\/\/actbr.com.br\/es\/categoria-produto\/acessorios\/manometros\/"},{"@type":"ListItem","position":5,"name":"Man\u00f4metro em a\u00e7o inox com glicerina &#8211; MAN 60MM FL -ESC. 0-70BAR X PSI &#8211; HORIZONTAL -C\/ LOGO (IMP)"}]},{"@type":"WebSite","@id":"https:\/\/actbr.com.br\/es\/#website","url":"https:\/\/actbr.com.br\/es\/","name":"ACT Sistemas Hidr\u00e1ulicos","description":"Fabricaci\u00f3n y mantenimiento de componentes de aceite hidr\u00e1ulico","publisher":{"@id":"https:\/\/actbr.com.br\/es\/#organization"},"potentialAction":[{"@type":"SearchAction","target":{"@type":"EntryPoint","urlTemplate":"https:\/\/actbr.com.br\/es\/?s={search_term_string}"},"query-input":{"@type":"PropertyValueSpecification","valueRequired":true,"valueName":"search_term_string"}}],"inLanguage":"es"},{"@type":"Organization","@id":"https:\/\/actbr.com.br\/es\/#organization","name":"ACT Sistemas Hidr\u00e1ulicos","url":"https:\/\/actbr.com.br\/es\/","logo":{"@type":"ImageObject","inLanguage":"es","@id":"https:\/\/actbr.com.br\/es\/#\/schema\/logo\/image\/","url":"https:\/\/actbr.com.br\/wp-content\/uploads\/2025\/02\/cropped-ACT_NEGATIVO-marca-dagua.png","contentUrl":"https:\/\/actbr.com.br\/wp-content\/uploads\/2025\/02\/cropped-ACT_NEGATIVO-marca-dagua.png","width":240,"height":146,"caption":"ACT Sistemas Hidr\u00e1ulicos"},"image":{"@id":"https:\/\/actbr.com.br\/es\/#\/schema\/logo\/image\/"}}]}},"_links":{"self":[{"href":"https:\/\/actbr.com.br\/es\/wp-json\/wp\/v2\/product\/10827","targetHints":{"allow":["GET"]}}],"collection":[{"href":"https:\/\/actbr.com.br\/es\/wp-json\/wp\/v2\/product"}],"about":[{"href":"https:\/\/actbr.com.br\/es\/wp-json\/wp\/v2\/types\/product"}],"wp:featuredmedia":[{"embeddable":true,"href":"https:\/\/actbr.com.br\/es\/wp-json\/wp\/v2\/media\/10772"}],"wp:attachment":[{"href":"https:\/\/actbr.com.br\/es\/wp-json\/wp\/v2\/media?parent=10827"}],"wp:term":[{"taxonomy":"product_brand","embeddable":true,"href":"https:\/\/actbr.com.br\/es\/wp-json\/wp\/v2\/product_brand?post=10827"},{"taxonomy":"product_cat","embeddable":true,"href":"https:\/\/actbr.com.br\/es\/wp-json\/wp\/v2\/product_cat?post=10827"},{"taxonomy":"product_tag","embeddable":true,"href":"https:\/\/actbr.com.br\/es\/wp-json\/wp\/v2\/product_tag?post=10827"}],"curies":[{"name":"wp","href":"https:\/\/api.w.org\/{rel}","templated":true}]}}