{"id":10867,"date":"2023-12-15T09:07:38","date_gmt":"2023-12-15T12:07:38","guid":{"rendered":"https:\/\/actbr.com.br\/?post_type=product&#038;p=10867"},"modified":"2023-12-15T10:27:59","modified_gmt":"2023-12-15T13:27:59","slug":"flange-de-ligacao-motor-bomba-em-aluminio-rv-200-100-021-pt-200-a-063-100","status":"publish","type":"product","link":"https:\/\/actbr.com.br\/es\/producto\/flange-de-ligacao-motor-bomba-em-aluminio-rv-200-100-021-pt-200-a-063-100\/","title":{"rendered":"Flange de liga\u00e7\u00e3o Motor \/ bomba em alum\u00ednio \u2013 RV 200\/100\/021 (PT-200-A-063-100)"},"content":{"rendered":"<p><strong>Flange de liga\u00e7\u00e3o Motor \/ bomba em alum\u00ednio \u2013 RV 200\/100\/021 (PT-200-A-063-100) <\/strong><\/p>\n<p>As flanges de liga\u00e7\u00e3o R + L s\u00e9rie RV garantem por constru\u00e7\u00e3o o perfeito alinhamento entre os motores el\u00e9tricos e bombas hidr\u00e1ulicas, assim eliminando ru\u00eddos, evitando desgaste prematuro e vazamentos nos retentores das bombas, com grande economia de tempo na montagem e nas manuten\u00e7\u00f5es.<\/p>\n<p>S\u00e3o constru\u00eddos em liga de alum\u00ednio e s\u00e3o usinados com alta precis\u00e3o, combinando alta resist\u00eancia com baixo peso, facilitando o manuseio na montagem.<\/p>\n<p><strong>Compatibilidade de montagem:<\/strong><\/p>\n<p>Aplica\u00e7\u00e3o Bomba: KRACHT \u2013 KF 2,5 a KF 25;<br \/>\nAplica\u00e7\u00e3o Motor: Carca\u00e7a 80 e 90 (1 a 3CV (Verificar com o fabricante do motor));<br \/>\nAcoplamento compat\u00edvel com a montagem: SPIDEX\u00ae A19.19H7-14H7 Alu Spider 92\u00b0Sh (White)<br \/>\nHub motor side: Alu 19H7 (L=25.0) [SP190039]<br \/>\nHub pump side: Alu 14H7 (L=25.0) [SP190016]<br \/>\nSpider: Spider 92\u00b0Sh (White) [SP190264]<br \/>\nP\u00e9 de flange compat\u00edvel: PTFL 200<br \/>\nCoxim para o p\u00e9 de flange: : PTFLDL 200<br \/>\nCoxim para motor compat\u00edvel: MDL 80, MDL 90S e MDL 90L<\/p>\n\n<table id=\"tablepress-15\" class=\"tablepress tablepress-id-15 tbody-has-connected-cells\">\n<thead>\n<tr class=\"row-1\">\n\t<th class=\"column-1\">Eixo Bomba (Pump Shaft)<\/th><th class=\"column-2\">Eixo Motor\u00a0\u00a0\u00a0\u00a0\u00a0\u00a0\u00a0 (Motor Shaft)<\/th><th class=\"column-3\">C\u00f3digo R+L\u00a0\u00a0\u00a0\u00a0\u00a0\u00a0\u00a0\u00a0\u00a0\u00a0\u00a0\u00a0\u00a0\u00a0\u00a0\u00a0\u00a0\u00a0\u00a0\u00a0\u00a0\u00a0\u00a0\u00a0\u00a0\u00a0\u00a0\u00a0\u00a0\u00a0\u00a0\u00a0\u00a0\u00a0\u00a0\u00a0\u00a0\u00a0\u00a0\u00a0\u00a0\u00a0\u00a0\u00a0\u00a0\u00a0\u00a0\u00a0\u00a0\u00a0\u00a0\u00a0\u00a0\u00a0\u00a0\u00a0\u00a0\u00a0\u00a0\u00a0\u00a0\u00a0\u00a0\u00a0\u00a0\u00a0\u00a0\u00a0\u00a0\u00a0\u00a0\u00a0\u00a0\u00a0\u00a0\u00a0\u00a0\u00a0\u00a0\u00a0\u00a0\u00a0\u00a0\u00a0\u00a0\u00a0 (Code R+L)<\/th>\n<\/tr>\n<\/thead>\n<tbody class=\"row-striping row-hover\">\n<tr class=\"row-2\">\n\t<td rowspan=\"3\" class=\"column-1\">\u00f814H7 (Kracht) - SPIDEX<\/td><td class=\"column-2\">\u00f8<span style=\"color:#000000;\">19H7<\/span><\/td><td class=\"column-3\">SPIDEX\u00ae A19.19H7-14H7 Alu Spider 92\u00b0Sh (White)<\/td>\n<\/tr>\n<tr class=\"row-3\">\n\t<td class=\"column-2\">\u00f8<span style=\"color:#000000;\">24H7<\/span><\/td><td class=\"column-3\">SPIDEX\u00ae A19\/24.24H7-14H7 Alu Spider 92\u00b0Sh (White)<\/td>\n<\/tr>\n<tr class=\"row-4\">\n\t<td class=\"column-2\">\u00f8<span style=\"color:#000000;\">28H7<\/span><\/td><td class=\"column-3\">SPIDEX\u00ae A24\/32.28H7x50-14H7x18 Alu Spider 92\u00b0Sh (White)<\/td>\n<\/tr>\n<tr class=\"row-5\">\n\t<td rowspan=\"3\" class=\"column-1\">\u00f824H7 (Kracht) - SPIDEX<\/td><td class=\"column-2\">\u00f8<span style=\"color:#000000;\">19H7<\/span><\/td><td class=\"column-3\">SPIDEX\u00ae A19\/24.19H7-24H7 Alu Spider 92\u00b0Sh (White)<\/td>\n<\/tr>\n<tr class=\"row-6\">\n\t<td class=\"column-2\">\u00f8<span style=\"color:#000000;\">24H7<\/span><\/td><td class=\"column-3\">SPIDEX\u00ae A19\/24.24H7-24H7 Alu Spider 92\u00b0Sh (White)<\/td>\n<\/tr>\n<tr class=\"row-7\">\n\t<td class=\"column-2\">\u00f8<span style=\"color:#000000;\">28H7<\/span><\/td><td class=\"column-3\">SPIDEX\u00ae A24\/32.28H7-24H7 Alu Spider 92\u00b0Sh (White) [SPB240118]<\/td>\n<\/tr>\n<tr class=\"row-8\">\n\t<td rowspan=\"4\" class=\"column-1\">\u00f828H7 (Kracht) - SPIDEX<\/td><td class=\"column-2\">\u00f8<span style=\"color:#000000;\">24H7<\/span><\/td><td class=\"column-3\">SPIDEX\u00ae A28\/38.38H7-24H7 Alu Spider 92\u00b0Sh (White)<\/td>\n<\/tr>\n<tr class=\"row-9\">\n\t<td class=\"column-2\">\u00f8<span style=\"color:#000000;\">28H7<\/span><\/td><td class=\"column-3\">SPIDEX\u00ae A24\/32.28H7-28H7x50 Alu Spider 92\u00b0Sh (White)<\/td>\n<\/tr>\n<tr class=\"row-10\">\n\t<td class=\"column-2\">\u00f8<span style=\"color:#000000;\">38H7<\/span><\/td><td class=\"column-3\">SPIDEX\u00ae A28\/38.38H7x60-28H7 Alu Spider 92\u00b0Sh (White)<\/td>\n<\/tr>\n<tr class=\"row-11\">\n\t<td class=\"column-2\">\u00f8<span style=\"color:#000000;\">42H7<\/span><\/td><td class=\"column-3\">SPIDEX\u00ae A38\/45.42H7-28H7 Alu Spider 92\u00b0Sh (White) [SPB380071]<\/td>\n<\/tr>\n<\/tbody>\n<\/table>\n<!-- #tablepress-15 from cache -->\n","protected":false},"excerpt":{"rendered":"<p>As flanges de liga\u00e7\u00e3o R + L s\u00e9rie RV garantem por constru\u00e7\u00e3o o perfeito alinhamento entre os motores el\u00e9tricos e bombas hidr\u00e1ulicas, assim eliminando ru\u00eddos, evitando desgaste prematuro e vazamentos nos retentores das bombas, com grande economia de tempo na montagem e nas manuten\u00e7\u00f5es.<\/p>\n<p>S\u00e3o constru\u00eddos em liga de alum\u00ednio e s\u00e3o usinados com alta precis\u00e3o, combinando alta resist\u00eancia com baixo peso, facilitando o manuseio na montagem.<\/p>\n<p style=\"text-align: center;\"><a class=\"fasc-button fasc-size-medium fasc-type-flat fasc-rounded-medium\" style=\"background-color: #003668; color: #ffffff;\" target=\"_blank\" rel=\"noopener\" href=\"https:\/\/actbr.com.br\/wp-content\/uploads\/2023\/12\/02_Einzelkatalog_Pumpentrager_2022-1-1.pdf\">Cat\u00e1logo<\/a> <a class=\"fasc-button fasc-size-medium fasc-type-flat fasc-rounded-medium\" style=\"background-color: #003668; color: #ffffff;\" target=\"_blank\" rel=\"noopener\" href=\"https:\/\/actbr.com.br\/wp-content\/uploads\/2023\/12\/PT2000321_Pumpentraeger-RV200-100-021.pdf\">Desenho<\/a>&nbsp;<\/p>\n","protected":false},"featured_media":10874,"template":"","meta":[],"product_brand":[],"product_cat":[142],"product_tag":[],"class_list":{"0":"post-10867","1":"product","2":"type-product","3":"status-publish","4":"has-post-thumbnail","6":"product_cat-flange-de-ligacao","8":"first","9":"instock","10":"shipping-taxable","11":"product-type-simple"},"yoast_head":"<!-- This site is optimized with the Yoast SEO plugin v27.5 - https:\/\/yoast.com\/product\/yoast-seo-wordpress\/ -->\n<title>Flange de liga\u00e7\u00e3o Motor \/ bomba em alum\u00ednio - RV 200\/100\/021 (PT-200-A-063-100) - ACT Sistemas Hidr\u00e1ulicos<\/title>\n<meta name=\"robots\" content=\"index, follow, max-snippet:-1, max-image-preview:large, max-video-preview:-1\" \/>\n<link rel=\"canonical\" href=\"https:\/\/actbr.com.br\/es\/producto\/flange-de-ligacao-motor-bomba-em-aluminio-rv-200-100-021-pt-200-a-063-100\/\" \/>\n<meta property=\"og:locale\" content=\"es_ES\" \/>\n<meta property=\"og:type\" content=\"article\" \/>\n<meta property=\"og:title\" content=\"Flange de liga\u00e7\u00e3o Motor \/ bomba em alum\u00ednio - RV 200\/100\/021 (PT-200-A-063-100) - ACT Sistemas Hidr\u00e1ulicos\" \/>\n<meta property=\"og:description\" content=\"As flanges de liga\u00e7\u00e3o R + L s\u00e9rie RV garantem por constru\u00e7\u00e3o o perfeito alinhamento entre os motores el\u00e9tricos e bombas hidr\u00e1ulicas, assim eliminando ru\u00eddos, evitando desgaste prematuro e vazamentos nos retentores das bombas, com grande economia de tempo na montagem e nas manuten\u00e7\u00f5es.  S\u00e3o constru\u00eddos em liga de alum\u00ednio e s\u00e3o usinados com alta precis\u00e3o, combinando alta resist\u00eancia com baixo peso, facilitando o manuseio na montagem. Cat\u00e1logo Desenho&nbsp;\" \/>\n<meta property=\"og:url\" content=\"https:\/\/actbr.com.br\/es\/producto\/flange-de-ligacao-motor-bomba-em-aluminio-rv-200-100-021-pt-200-a-063-100\/\" \/>\n<meta property=\"og:site_name\" content=\"ACT Sistemas Hidr\u00e1ulicos\" \/>\n<meta property=\"article:modified_time\" content=\"2023-12-15T13:27:59+00:00\" \/>\n<meta property=\"og:image\" content=\"https:\/\/actbr.com.br\/wp-content\/uploads\/2023\/12\/flange-de-ligacao-rv-1.jpg\" \/>\n\t<meta property=\"og:image:width\" content=\"1600\" \/>\n\t<meta property=\"og:image:height\" content=\"1200\" \/>\n\t<meta property=\"og:image:type\" content=\"image\/jpeg\" \/>\n<meta name=\"twitter:card\" content=\"summary_large_image\" \/>\n<meta name=\"twitter:label1\" content=\"Tiempo de lectura\" \/>\n\t<meta name=\"twitter:data1\" content=\"2 minutos\" \/>\n<script type=\"application\/ld+json\" class=\"yoast-schema-graph\">{\"@context\":\"https:\\\/\\\/schema.org\",\"@graph\":[{\"@type\":\"WebPage\",\"@id\":\"https:\\\/\\\/actbr.com.br\\\/es\\\/producto\\\/flange-de-ligacao-motor-bomba-em-aluminio-rv-200-100-021-pt-200-a-063-100\\\/\",\"url\":\"https:\\\/\\\/actbr.com.br\\\/es\\\/producto\\\/flange-de-ligacao-motor-bomba-em-aluminio-rv-200-100-021-pt-200-a-063-100\\\/\",\"name\":\"Flange de liga\u00e7\u00e3o Motor \\\/ bomba em alum\u00ednio - RV 200\\\/100\\\/021 (PT-200-A-063-100) - ACT Sistemas Hidr\u00e1ulicos\",\"isPartOf\":{\"@id\":\"https:\\\/\\\/actbr.com.br\\\/es\\\/#website\"},\"primaryImageOfPage\":{\"@id\":\"https:\\\/\\\/actbr.com.br\\\/es\\\/producto\\\/flange-de-ligacao-motor-bomba-em-aluminio-rv-200-100-021-pt-200-a-063-100\\\/#primaryimage\"},\"image\":{\"@id\":\"https:\\\/\\\/actbr.com.br\\\/es\\\/producto\\\/flange-de-ligacao-motor-bomba-em-aluminio-rv-200-100-021-pt-200-a-063-100\\\/#primaryimage\"},\"thumbnailUrl\":\"https:\\\/\\\/actbr.com.br\\\/wp-content\\\/uploads\\\/2023\\\/12\\\/flange-de-ligacao-rv-1.jpg\",\"datePublished\":\"2023-12-15T12:07:38+00:00\",\"dateModified\":\"2023-12-15T13:27:59+00:00\",\"breadcrumb\":{\"@id\":\"https:\\\/\\\/actbr.com.br\\\/es\\\/producto\\\/flange-de-ligacao-motor-bomba-em-aluminio-rv-200-100-021-pt-200-a-063-100\\\/#breadcrumb\"},\"inLanguage\":\"es\",\"potentialAction\":[{\"@type\":\"ReadAction\",\"target\":[\"https:\\\/\\\/actbr.com.br\\\/es\\\/producto\\\/flange-de-ligacao-motor-bomba-em-aluminio-rv-200-100-021-pt-200-a-063-100\\\/\"]}]},{\"@type\":\"ImageObject\",\"inLanguage\":\"es\",\"@id\":\"https:\\\/\\\/actbr.com.br\\\/es\\\/producto\\\/flange-de-ligacao-motor-bomba-em-aluminio-rv-200-100-021-pt-200-a-063-100\\\/#primaryimage\",\"url\":\"https:\\\/\\\/actbr.com.br\\\/wp-content\\\/uploads\\\/2023\\\/12\\\/flange-de-ligacao-rv-1.jpg\",\"contentUrl\":\"https:\\\/\\\/actbr.com.br\\\/wp-content\\\/uploads\\\/2023\\\/12\\\/flange-de-ligacao-rv-1.jpg\",\"width\":1600,\"height\":1200},{\"@type\":\"BreadcrumbList\",\"@id\":\"https:\\\/\\\/actbr.com.br\\\/es\\\/producto\\\/flange-de-ligacao-motor-bomba-em-aluminio-rv-200-100-021-pt-200-a-063-100\\\/#breadcrumb\",\"itemListElement\":[{\"@type\":\"ListItem\",\"position\":1,\"name\":\"Comenzar\",\"item\":\"https:\\\/\\\/actbr.com.br\\\/es\\\/\"},{\"@type\":\"ListItem\",\"position\":2,\"name\":\"Produtos\",\"item\":\"https:\\\/\\\/actbr.com.br\\\/produtos-act\\\/\"},{\"@type\":\"ListItem\",\"position\":3,\"name\":\"Acess\u00f3rios\",\"item\":\"https:\\\/\\\/actbr.com.br\\\/es\\\/categoria-produto\\\/acessorios\\\/\"},{\"@type\":\"ListItem\",\"position\":4,\"name\":\"Flange de Liga\u00e7\u00e3o\",\"item\":\"https:\\\/\\\/actbr.com.br\\\/es\\\/categoria-produto\\\/acessorios\\\/flange-de-ligacao\\\/\"},{\"@type\":\"ListItem\",\"position\":5,\"name\":\"Flange de liga\u00e7\u00e3o Motor \\\/ bomba em alum\u00ednio &#8211; RV 200\\\/100\\\/021 (PT-200-A-063-100)\"}]},{\"@type\":\"WebSite\",\"@id\":\"https:\\\/\\\/actbr.com.br\\\/es\\\/#website\",\"url\":\"https:\\\/\\\/actbr.com.br\\\/es\\\/\",\"name\":\"ACT Sistemas Hidr\u00e1ulicos\",\"description\":\"Fabricaci\u00f3n y mantenimiento de componentes de aceite hidr\u00e1ulico\",\"publisher\":{\"@id\":\"https:\\\/\\\/actbr.com.br\\\/es\\\/#organization\"},\"potentialAction\":[{\"@type\":\"SearchAction\",\"target\":{\"@type\":\"EntryPoint\",\"urlTemplate\":\"https:\\\/\\\/actbr.com.br\\\/es\\\/?s={search_term_string}\"},\"query-input\":{\"@type\":\"PropertyValueSpecification\",\"valueRequired\":true,\"valueName\":\"search_term_string\"}}],\"inLanguage\":\"es\"},{\"@type\":\"Organization\",\"@id\":\"https:\\\/\\\/actbr.com.br\\\/es\\\/#organization\",\"name\":\"ACT Sistemas Hidr\u00e1ulicos\",\"url\":\"https:\\\/\\\/actbr.com.br\\\/es\\\/\",\"logo\":{\"@type\":\"ImageObject\",\"inLanguage\":\"es\",\"@id\":\"https:\\\/\\\/actbr.com.br\\\/es\\\/#\\\/schema\\\/logo\\\/image\\\/\",\"url\":\"https:\\\/\\\/actbr.com.br\\\/wp-content\\\/uploads\\\/2025\\\/02\\\/cropped-ACT_NEGATIVO-marca-dagua.png\",\"contentUrl\":\"https:\\\/\\\/actbr.com.br\\\/wp-content\\\/uploads\\\/2025\\\/02\\\/cropped-ACT_NEGATIVO-marca-dagua.png\",\"width\":240,\"height\":146,\"caption\":\"ACT Sistemas Hidr\u00e1ulicos\"},\"image\":{\"@id\":\"https:\\\/\\\/actbr.com.br\\\/es\\\/#\\\/schema\\\/logo\\\/image\\\/\"}}]}<\/script>\n<!-- \/ Yoast SEO plugin. -->","yoast_head_json":{"title":"Flange de liga\u00e7\u00e3o Motor \/ bomba em alum\u00ednio - RV 200\/100\/021 (PT-200-A-063-100) - ACT Sistemas Hidr\u00e1ulicos","robots":{"index":"index","follow":"follow","max-snippet":"max-snippet:-1","max-image-preview":"max-image-preview:large","max-video-preview":"max-video-preview:-1"},"canonical":"https:\/\/actbr.com.br\/es\/producto\/flange-de-ligacao-motor-bomba-em-aluminio-rv-200-100-021-pt-200-a-063-100\/","og_locale":"es_ES","og_type":"article","og_title":"Flange de liga\u00e7\u00e3o Motor \/ bomba em alum\u00ednio - RV 200\/100\/021 (PT-200-A-063-100) - ACT Sistemas Hidr\u00e1ulicos","og_description":"As flanges de liga\u00e7\u00e3o R + L s\u00e9rie RV garantem por constru\u00e7\u00e3o o perfeito alinhamento entre os motores el\u00e9tricos e bombas hidr\u00e1ulicas, assim eliminando ru\u00eddos, evitando desgaste prematuro e vazamentos nos retentores das bombas, com grande economia de tempo na montagem e nas manuten\u00e7\u00f5es.  S\u00e3o constru\u00eddos em liga de alum\u00ednio e s\u00e3o usinados com alta precis\u00e3o, combinando alta resist\u00eancia com baixo peso, facilitando o manuseio na montagem. Cat\u00e1logo Desenho&nbsp;","og_url":"https:\/\/actbr.com.br\/es\/producto\/flange-de-ligacao-motor-bomba-em-aluminio-rv-200-100-021-pt-200-a-063-100\/","og_site_name":"ACT Sistemas Hidr\u00e1ulicos","article_modified_time":"2023-12-15T13:27:59+00:00","og_image":[{"width":1600,"height":1200,"url":"https:\/\/actbr.com.br\/wp-content\/uploads\/2023\/12\/flange-de-ligacao-rv-1.jpg","type":"image\/jpeg"}],"twitter_card":"summary_large_image","twitter_misc":{"Tiempo de lectura":"2 minutos"},"schema":{"@context":"https:\/\/schema.org","@graph":[{"@type":"WebPage","@id":"https:\/\/actbr.com.br\/es\/producto\/flange-de-ligacao-motor-bomba-em-aluminio-rv-200-100-021-pt-200-a-063-100\/","url":"https:\/\/actbr.com.br\/es\/producto\/flange-de-ligacao-motor-bomba-em-aluminio-rv-200-100-021-pt-200-a-063-100\/","name":"Flange de liga\u00e7\u00e3o Motor \/ bomba em alum\u00ednio - RV 200\/100\/021 (PT-200-A-063-100) - ACT Sistemas Hidr\u00e1ulicos","isPartOf":{"@id":"https:\/\/actbr.com.br\/es\/#website"},"primaryImageOfPage":{"@id":"https:\/\/actbr.com.br\/es\/producto\/flange-de-ligacao-motor-bomba-em-aluminio-rv-200-100-021-pt-200-a-063-100\/#primaryimage"},"image":{"@id":"https:\/\/actbr.com.br\/es\/producto\/flange-de-ligacao-motor-bomba-em-aluminio-rv-200-100-021-pt-200-a-063-100\/#primaryimage"},"thumbnailUrl":"https:\/\/actbr.com.br\/wp-content\/uploads\/2023\/12\/flange-de-ligacao-rv-1.jpg","datePublished":"2023-12-15T12:07:38+00:00","dateModified":"2023-12-15T13:27:59+00:00","breadcrumb":{"@id":"https:\/\/actbr.com.br\/es\/producto\/flange-de-ligacao-motor-bomba-em-aluminio-rv-200-100-021-pt-200-a-063-100\/#breadcrumb"},"inLanguage":"es","potentialAction":[{"@type":"ReadAction","target":["https:\/\/actbr.com.br\/es\/producto\/flange-de-ligacao-motor-bomba-em-aluminio-rv-200-100-021-pt-200-a-063-100\/"]}]},{"@type":"ImageObject","inLanguage":"es","@id":"https:\/\/actbr.com.br\/es\/producto\/flange-de-ligacao-motor-bomba-em-aluminio-rv-200-100-021-pt-200-a-063-100\/#primaryimage","url":"https:\/\/actbr.com.br\/wp-content\/uploads\/2023\/12\/flange-de-ligacao-rv-1.jpg","contentUrl":"https:\/\/actbr.com.br\/wp-content\/uploads\/2023\/12\/flange-de-ligacao-rv-1.jpg","width":1600,"height":1200},{"@type":"BreadcrumbList","@id":"https:\/\/actbr.com.br\/es\/producto\/flange-de-ligacao-motor-bomba-em-aluminio-rv-200-100-021-pt-200-a-063-100\/#breadcrumb","itemListElement":[{"@type":"ListItem","position":1,"name":"Comenzar","item":"https:\/\/actbr.com.br\/es\/"},{"@type":"ListItem","position":2,"name":"Produtos","item":"https:\/\/actbr.com.br\/produtos-act\/"},{"@type":"ListItem","position":3,"name":"Acess\u00f3rios","item":"https:\/\/actbr.com.br\/es\/categoria-produto\/acessorios\/"},{"@type":"ListItem","position":4,"name":"Flange de Liga\u00e7\u00e3o","item":"https:\/\/actbr.com.br\/es\/categoria-produto\/acessorios\/flange-de-ligacao\/"},{"@type":"ListItem","position":5,"name":"Flange de liga\u00e7\u00e3o Motor \/ bomba em alum\u00ednio &#8211; RV 200\/100\/021 (PT-200-A-063-100)"}]},{"@type":"WebSite","@id":"https:\/\/actbr.com.br\/es\/#website","url":"https:\/\/actbr.com.br\/es\/","name":"ACT Sistemas Hidr\u00e1ulicos","description":"Fabricaci\u00f3n y mantenimiento de componentes de aceite hidr\u00e1ulico","publisher":{"@id":"https:\/\/actbr.com.br\/es\/#organization"},"potentialAction":[{"@type":"SearchAction","target":{"@type":"EntryPoint","urlTemplate":"https:\/\/actbr.com.br\/es\/?s={search_term_string}"},"query-input":{"@type":"PropertyValueSpecification","valueRequired":true,"valueName":"search_term_string"}}],"inLanguage":"es"},{"@type":"Organization","@id":"https:\/\/actbr.com.br\/es\/#organization","name":"ACT Sistemas Hidr\u00e1ulicos","url":"https:\/\/actbr.com.br\/es\/","logo":{"@type":"ImageObject","inLanguage":"es","@id":"https:\/\/actbr.com.br\/es\/#\/schema\/logo\/image\/","url":"https:\/\/actbr.com.br\/wp-content\/uploads\/2025\/02\/cropped-ACT_NEGATIVO-marca-dagua.png","contentUrl":"https:\/\/actbr.com.br\/wp-content\/uploads\/2025\/02\/cropped-ACT_NEGATIVO-marca-dagua.png","width":240,"height":146,"caption":"ACT Sistemas Hidr\u00e1ulicos"},"image":{"@id":"https:\/\/actbr.com.br\/es\/#\/schema\/logo\/image\/"}}]}},"_links":{"self":[{"href":"https:\/\/actbr.com.br\/es\/wp-json\/wp\/v2\/product\/10867","targetHints":{"allow":["GET"]}}],"collection":[{"href":"https:\/\/actbr.com.br\/es\/wp-json\/wp\/v2\/product"}],"about":[{"href":"https:\/\/actbr.com.br\/es\/wp-json\/wp\/v2\/types\/product"}],"wp:featuredmedia":[{"embeddable":true,"href":"https:\/\/actbr.com.br\/es\/wp-json\/wp\/v2\/media\/10874"}],"wp:attachment":[{"href":"https:\/\/actbr.com.br\/es\/wp-json\/wp\/v2\/media?parent=10867"}],"wp:term":[{"taxonomy":"product_brand","embeddable":true,"href":"https:\/\/actbr.com.br\/es\/wp-json\/wp\/v2\/product_brand?post=10867"},{"taxonomy":"product_cat","embeddable":true,"href":"https:\/\/actbr.com.br\/es\/wp-json\/wp\/v2\/product_cat?post=10867"},{"taxonomy":"product_tag","embeddable":true,"href":"https:\/\/actbr.com.br\/es\/wp-json\/wp\/v2\/product_tag?post=10867"}],"curies":[{"name":"wp","href":"https:\/\/api.w.org\/{rel}","templated":true}]}}