{"id":10996,"date":"2023-12-21T13:48:59","date_gmt":"2023-12-21T16:48:59","guid":{"rendered":"https:\/\/actbr.com.br\/?post_type=product&#038;p=10996"},"modified":"2023-12-21T14:15:58","modified_gmt":"2023-12-21T17:15:58","slug":"placas-intermediarias-sub-placa-tamanho-nominal-6-modelo-ba-204","status":"publish","type":"product","link":"https:\/\/actbr.com.br\/es\/producto\/placas-intermediarias-sub-placa-tamanho-nominal-6-modelo-ba-204\/","title":{"rendered":"Placas Intermedi\u00e1rias (Sub-placa) Tamanho Nominal 6 \u2013 Modelo BA-204"},"content":{"rendered":"<p><strong>Placas Intermedi\u00e1rias (Sub-placa) Tamanho Nominal 6 \u2013 Modelo BA-204<\/strong><\/p>\n<p>Nossas placas intermediarias servem para realizar a fixa\u00e7\u00e3o de uma v\u00e1lvula ao sistema hidr\u00e1ulico.<\/p>\n<p>Por seu tamanho reduzido e a possibilidade de configura\u00e7\u00e3o dos p\u00f3rticos e suas roscas, nossa sub-placa se apresenta como alternativa vi\u00e1vel a de \u00f3timo custo benef\u00edcio.<\/p>\n<p>Com configura\u00e7\u00e3o dos furos conforme, ISO 4401, nossas placas intermedi\u00e1rias garantem a compatibilidade com todos os principais fabricantes do mercado.<\/p>\n<p><strong>Caracter\u00edsticas:<\/strong><\/p>\n<p>Modelo de v\u00e1lvula compat\u00edvel: Tamanho nominal 6 (4WE6, V4WE6, DHI, DHE, DHU, DHL, DG4V-3, D1V00)<br \/>\nSuperf\u00edcie de montagem: ISO 4401<br \/>\nAtua com vaz\u00f5es de at\u00e9 80 litros por minuto;<br \/>\nTrabalha com press\u00f5es de at\u00e9 315 bar (Verificar material);<br \/>\nRecomendado para a faixa de viscosidade: 10 mm\u00b2\/s at\u00e9 500 mm\u00b2\/s;<br \/>\nToler\u00e2ncia dimensional: + ou \u2013 1,5mm<br \/>\nCiclo de trabalho: 100%.<br \/>\n100% compat\u00edvel com os principais fabricantes.<br \/>\nMateriais: Ferro Fundido Nodular ou Alum\u00ednio;<\/p>\n","protected":false},"excerpt":{"rendered":"<p>Nossas placas intermediarias servem para realizar a fixa\u00e7\u00e3o de uma v\u00e1lvula ao sistema hidr\u00e1ulico.<\/p>\n<p>Por seu tamanho reduzido e a possibilidade de configura\u00e7\u00e3o dos p\u00f3rticos e suas roscas, nossa sub-placa se apresenta como alternativa vi\u00e1vel a de \u00f3timo custo benef\u00edcio.<\/p>\n<p>Com configura\u00e7\u00e3o dos furos conforme, ISO 4401, nossas placas intermedi\u00e1rias garantem a compatibilidade com todos os principais fabricantes do mercado.<\/p>\n<p style=\"text-align: center;\"><a class=\"fasc-button fasc-size-medium fasc-type-flat fasc-rounded-medium\" style=\"background-color: #003668; color: #ffffff;\" target=\"_blank\" href=\"https:\/\/actbr.com.br\/wp-content\/uploads\/2023\/12\/204.pdf\" rel=\"noopener\">Desenho<\/a><\/p>\n","protected":false},"featured_media":11000,"template":"","meta":[],"product_brand":[],"product_cat":[108],"product_tag":[],"class_list":{"0":"post-10996","1":"product","2":"type-product","3":"status-publish","4":"has-post-thumbnail","6":"product_cat-blocos-manifold","8":"first","9":"instock","10":"shipping-taxable","11":"product-type-simple"},"yoast_head":"<!-- This site is optimized with the Yoast SEO plugin v27.2 - https:\/\/yoast.com\/product\/yoast-seo-wordpress\/ -->\n<title>Placas Intermedi\u00e1rias (Sub-placa) Tamanho Nominal 6 \u2013 Modelo BA-204 - ACT Sistemas Hidr\u00e1ulicos<\/title>\n<meta name=\"robots\" content=\"index, follow, max-snippet:-1, max-image-preview:large, max-video-preview:-1\" \/>\n<link rel=\"canonical\" href=\"https:\/\/actbr.com.br\/es\/producto\/placas-intermediarias-sub-placa-tamanho-nominal-6-modelo-ba-204\/\" \/>\n<meta property=\"og:locale\" content=\"es_ES\" \/>\n<meta property=\"og:type\" content=\"article\" \/>\n<meta property=\"og:title\" content=\"Placas Intermedi\u00e1rias (Sub-placa) Tamanho Nominal 6 \u2013 Modelo BA-204 - ACT Sistemas Hidr\u00e1ulicos\" \/>\n<meta property=\"og:description\" content=\"Nossas placas intermediarias servem para realizar a fixa\u00e7\u00e3o de uma v\u00e1lvula ao sistema hidr\u00e1ulico.  Por seu tamanho reduzido e a possibilidade de configura\u00e7\u00e3o dos p\u00f3rticos e suas roscas, nossa sub-placa se apresenta como alternativa vi\u00e1vel a de \u00f3timo custo benef\u00edcio.  Com configura\u00e7\u00e3o dos furos conforme, ISO 4401, nossas placas intermedi\u00e1rias garantem a compatibilidade com todos os principais fabricantes do mercado. Desenho\" \/>\n<meta property=\"og:url\" content=\"https:\/\/actbr.com.br\/es\/producto\/placas-intermediarias-sub-placa-tamanho-nominal-6-modelo-ba-204\/\" \/>\n<meta property=\"og:site_name\" content=\"ACT Sistemas Hidr\u00e1ulicos\" \/>\n<meta property=\"article:modified_time\" content=\"2023-12-21T17:15:58+00:00\" \/>\n<meta property=\"og:image\" content=\"https:\/\/actbr.com.br\/wp-content\/uploads\/2023\/12\/204.jpg\" \/>\n\t<meta property=\"og:image:width\" content=\"1920\" \/>\n\t<meta property=\"og:image:height\" content=\"1358\" \/>\n\t<meta property=\"og:image:type\" content=\"image\/jpeg\" \/>\n<meta name=\"twitter:card\" content=\"summary_large_image\" \/>\n<meta name=\"twitter:label1\" content=\"Tiempo de lectura\" \/>\n\t<meta name=\"twitter:data1\" content=\"1 minuto\" \/>\n<script type=\"application\/ld+json\" class=\"yoast-schema-graph\">{\"@context\":\"https:\/\/schema.org\",\"@graph\":[{\"@type\":\"WebPage\",\"@id\":\"https:\/\/actbr.com.br\/es\/producto\/placas-intermediarias-sub-placa-tamanho-nominal-6-modelo-ba-204\/\",\"url\":\"https:\/\/actbr.com.br\/es\/producto\/placas-intermediarias-sub-placa-tamanho-nominal-6-modelo-ba-204\/\",\"name\":\"Placas Intermedi\u00e1rias (Sub-placa) Tamanho Nominal 6 \u2013 Modelo BA-204 - ACT Sistemas Hidr\u00e1ulicos\",\"isPartOf\":{\"@id\":\"https:\/\/actbr.com.br\/es\/#website\"},\"primaryImageOfPage\":{\"@id\":\"https:\/\/actbr.com.br\/es\/producto\/placas-intermediarias-sub-placa-tamanho-nominal-6-modelo-ba-204\/#primaryimage\"},\"image\":{\"@id\":\"https:\/\/actbr.com.br\/es\/producto\/placas-intermediarias-sub-placa-tamanho-nominal-6-modelo-ba-204\/#primaryimage\"},\"thumbnailUrl\":\"https:\/\/actbr.com.br\/wp-content\/uploads\/2023\/12\/204.jpg\",\"datePublished\":\"2023-12-21T16:48:59+00:00\",\"dateModified\":\"2023-12-21T17:15:58+00:00\",\"breadcrumb\":{\"@id\":\"https:\/\/actbr.com.br\/es\/producto\/placas-intermediarias-sub-placa-tamanho-nominal-6-modelo-ba-204\/#breadcrumb\"},\"inLanguage\":\"es\",\"potentialAction\":[{\"@type\":\"ReadAction\",\"target\":[\"https:\/\/actbr.com.br\/es\/producto\/placas-intermediarias-sub-placa-tamanho-nominal-6-modelo-ba-204\/\"]}]},{\"@type\":\"ImageObject\",\"inLanguage\":\"es\",\"@id\":\"https:\/\/actbr.com.br\/es\/producto\/placas-intermediarias-sub-placa-tamanho-nominal-6-modelo-ba-204\/#primaryimage\",\"url\":\"https:\/\/actbr.com.br\/wp-content\/uploads\/2023\/12\/204.jpg\",\"contentUrl\":\"https:\/\/actbr.com.br\/wp-content\/uploads\/2023\/12\/204.jpg\",\"width\":1920,\"height\":1358},{\"@type\":\"BreadcrumbList\",\"@id\":\"https:\/\/actbr.com.br\/es\/producto\/placas-intermediarias-sub-placa-tamanho-nominal-6-modelo-ba-204\/#breadcrumb\",\"itemListElement\":[{\"@type\":\"ListItem\",\"position\":1,\"name\":\"Comenzar\",\"item\":\"https:\/\/actbr.com.br\/es\/\"},{\"@type\":\"ListItem\",\"position\":2,\"name\":\"Produtos\",\"item\":\"https:\/\/actbr.com.br\/produtos-act\/\"},{\"@type\":\"ListItem\",\"position\":3,\"name\":\"Blocos Manifold\",\"item\":\"https:\/\/actbr.com.br\/es\/categoria-produto\/blocos-manifold\/\"},{\"@type\":\"ListItem\",\"position\":4,\"name\":\"Placas Intermedi\u00e1rias (Sub-placa) Tamanho Nominal 6 \u2013 Modelo BA-204\"}]},{\"@type\":\"WebSite\",\"@id\":\"https:\/\/actbr.com.br\/es\/#website\",\"url\":\"https:\/\/actbr.com.br\/es\/\",\"name\":\"ACT Sistemas Hidr\u00e1ulicos\",\"description\":\"Fabricaci\u00f3n y mantenimiento de componentes de aceite hidr\u00e1ulico\",\"publisher\":{\"@id\":\"https:\/\/actbr.com.br\/es\/#organization\"},\"potentialAction\":[{\"@type\":\"SearchAction\",\"target\":{\"@type\":\"EntryPoint\",\"urlTemplate\":\"https:\/\/actbr.com.br\/es\/?s={search_term_string}\"},\"query-input\":{\"@type\":\"PropertyValueSpecification\",\"valueRequired\":true,\"valueName\":\"search_term_string\"}}],\"inLanguage\":\"es\"},{\"@type\":\"Organization\",\"@id\":\"https:\/\/actbr.com.br\/es\/#organization\",\"name\":\"ACT Sistemas Hidr\u00e1ulicos\",\"url\":\"https:\/\/actbr.com.br\/es\/\",\"logo\":{\"@type\":\"ImageObject\",\"inLanguage\":\"es\",\"@id\":\"https:\/\/actbr.com.br\/es\/#\/schema\/logo\/image\/\",\"url\":\"https:\/\/actbr.com.br\/wp-content\/uploads\/2025\/02\/cropped-ACT_NEGATIVO-marca-dagua.png\",\"contentUrl\":\"https:\/\/actbr.com.br\/wp-content\/uploads\/2025\/02\/cropped-ACT_NEGATIVO-marca-dagua.png\",\"width\":240,\"height\":146,\"caption\":\"ACT Sistemas Hidr\u00e1ulicos\"},\"image\":{\"@id\":\"https:\/\/actbr.com.br\/es\/#\/schema\/logo\/image\/\"}}]}<\/script>\n<!-- \/ Yoast SEO plugin. -->","yoast_head_json":{"title":"Placas Intermedi\u00e1rias (Sub-placa) Tamanho Nominal 6 \u2013 Modelo BA-204 - ACT Sistemas Hidr\u00e1ulicos","robots":{"index":"index","follow":"follow","max-snippet":"max-snippet:-1","max-image-preview":"max-image-preview:large","max-video-preview":"max-video-preview:-1"},"canonical":"https:\/\/actbr.com.br\/es\/producto\/placas-intermediarias-sub-placa-tamanho-nominal-6-modelo-ba-204\/","og_locale":"es_ES","og_type":"article","og_title":"Placas Intermedi\u00e1rias (Sub-placa) Tamanho Nominal 6 \u2013 Modelo BA-204 - ACT Sistemas Hidr\u00e1ulicos","og_description":"Nossas placas intermediarias servem para realizar a fixa\u00e7\u00e3o de uma v\u00e1lvula ao sistema hidr\u00e1ulico.  Por seu tamanho reduzido e a possibilidade de configura\u00e7\u00e3o dos p\u00f3rticos e suas roscas, nossa sub-placa se apresenta como alternativa vi\u00e1vel a de \u00f3timo custo benef\u00edcio.  Com configura\u00e7\u00e3o dos furos conforme, ISO 4401, nossas placas intermedi\u00e1rias garantem a compatibilidade com todos os principais fabricantes do mercado. Desenho","og_url":"https:\/\/actbr.com.br\/es\/producto\/placas-intermediarias-sub-placa-tamanho-nominal-6-modelo-ba-204\/","og_site_name":"ACT Sistemas Hidr\u00e1ulicos","article_modified_time":"2023-12-21T17:15:58+00:00","og_image":[{"width":1920,"height":1358,"url":"https:\/\/actbr.com.br\/wp-content\/uploads\/2023\/12\/204.jpg","type":"image\/jpeg"}],"twitter_card":"summary_large_image","twitter_misc":{"Tiempo de lectura":"1 minuto"},"schema":{"@context":"https:\/\/schema.org","@graph":[{"@type":"WebPage","@id":"https:\/\/actbr.com.br\/es\/producto\/placas-intermediarias-sub-placa-tamanho-nominal-6-modelo-ba-204\/","url":"https:\/\/actbr.com.br\/es\/producto\/placas-intermediarias-sub-placa-tamanho-nominal-6-modelo-ba-204\/","name":"Placas Intermedi\u00e1rias (Sub-placa) Tamanho Nominal 6 \u2013 Modelo BA-204 - ACT Sistemas Hidr\u00e1ulicos","isPartOf":{"@id":"https:\/\/actbr.com.br\/es\/#website"},"primaryImageOfPage":{"@id":"https:\/\/actbr.com.br\/es\/producto\/placas-intermediarias-sub-placa-tamanho-nominal-6-modelo-ba-204\/#primaryimage"},"image":{"@id":"https:\/\/actbr.com.br\/es\/producto\/placas-intermediarias-sub-placa-tamanho-nominal-6-modelo-ba-204\/#primaryimage"},"thumbnailUrl":"https:\/\/actbr.com.br\/wp-content\/uploads\/2023\/12\/204.jpg","datePublished":"2023-12-21T16:48:59+00:00","dateModified":"2023-12-21T17:15:58+00:00","breadcrumb":{"@id":"https:\/\/actbr.com.br\/es\/producto\/placas-intermediarias-sub-placa-tamanho-nominal-6-modelo-ba-204\/#breadcrumb"},"inLanguage":"es","potentialAction":[{"@type":"ReadAction","target":["https:\/\/actbr.com.br\/es\/producto\/placas-intermediarias-sub-placa-tamanho-nominal-6-modelo-ba-204\/"]}]},{"@type":"ImageObject","inLanguage":"es","@id":"https:\/\/actbr.com.br\/es\/producto\/placas-intermediarias-sub-placa-tamanho-nominal-6-modelo-ba-204\/#primaryimage","url":"https:\/\/actbr.com.br\/wp-content\/uploads\/2023\/12\/204.jpg","contentUrl":"https:\/\/actbr.com.br\/wp-content\/uploads\/2023\/12\/204.jpg","width":1920,"height":1358},{"@type":"BreadcrumbList","@id":"https:\/\/actbr.com.br\/es\/producto\/placas-intermediarias-sub-placa-tamanho-nominal-6-modelo-ba-204\/#breadcrumb","itemListElement":[{"@type":"ListItem","position":1,"name":"Comenzar","item":"https:\/\/actbr.com.br\/es\/"},{"@type":"ListItem","position":2,"name":"Produtos","item":"https:\/\/actbr.com.br\/produtos-act\/"},{"@type":"ListItem","position":3,"name":"Blocos Manifold","item":"https:\/\/actbr.com.br\/es\/categoria-produto\/blocos-manifold\/"},{"@type":"ListItem","position":4,"name":"Placas Intermedi\u00e1rias (Sub-placa) Tamanho Nominal 6 \u2013 Modelo BA-204"}]},{"@type":"WebSite","@id":"https:\/\/actbr.com.br\/es\/#website","url":"https:\/\/actbr.com.br\/es\/","name":"ACT Sistemas Hidr\u00e1ulicos","description":"Fabricaci\u00f3n y mantenimiento de componentes de aceite hidr\u00e1ulico","publisher":{"@id":"https:\/\/actbr.com.br\/es\/#organization"},"potentialAction":[{"@type":"SearchAction","target":{"@type":"EntryPoint","urlTemplate":"https:\/\/actbr.com.br\/es\/?s={search_term_string}"},"query-input":{"@type":"PropertyValueSpecification","valueRequired":true,"valueName":"search_term_string"}}],"inLanguage":"es"},{"@type":"Organization","@id":"https:\/\/actbr.com.br\/es\/#organization","name":"ACT Sistemas Hidr\u00e1ulicos","url":"https:\/\/actbr.com.br\/es\/","logo":{"@type":"ImageObject","inLanguage":"es","@id":"https:\/\/actbr.com.br\/es\/#\/schema\/logo\/image\/","url":"https:\/\/actbr.com.br\/wp-content\/uploads\/2025\/02\/cropped-ACT_NEGATIVO-marca-dagua.png","contentUrl":"https:\/\/actbr.com.br\/wp-content\/uploads\/2025\/02\/cropped-ACT_NEGATIVO-marca-dagua.png","width":240,"height":146,"caption":"ACT Sistemas Hidr\u00e1ulicos"},"image":{"@id":"https:\/\/actbr.com.br\/es\/#\/schema\/logo\/image\/"}}]}},"_links":{"self":[{"href":"https:\/\/actbr.com.br\/es\/wp-json\/wp\/v2\/product\/10996","targetHints":{"allow":["GET"]}}],"collection":[{"href":"https:\/\/actbr.com.br\/es\/wp-json\/wp\/v2\/product"}],"about":[{"href":"https:\/\/actbr.com.br\/es\/wp-json\/wp\/v2\/types\/product"}],"wp:featuredmedia":[{"embeddable":true,"href":"https:\/\/actbr.com.br\/es\/wp-json\/wp\/v2\/media\/11000"}],"wp:attachment":[{"href":"https:\/\/actbr.com.br\/es\/wp-json\/wp\/v2\/media?parent=10996"}],"wp:term":[{"taxonomy":"product_brand","embeddable":true,"href":"https:\/\/actbr.com.br\/es\/wp-json\/wp\/v2\/product_brand?post=10996"},{"taxonomy":"product_cat","embeddable":true,"href":"https:\/\/actbr.com.br\/es\/wp-json\/wp\/v2\/product_cat?post=10996"},{"taxonomy":"product_tag","embeddable":true,"href":"https:\/\/actbr.com.br\/es\/wp-json\/wp\/v2\/product_tag?post=10996"}],"curies":[{"name":"wp","href":"https:\/\/api.w.org\/{rel}","templated":true}]}}