{"id":12394,"date":"2024-06-18T13:12:27","date_gmt":"2024-06-18T16:12:27","guid":{"rendered":"https:\/\/actbr.com.br\/?post_type=product&#038;p=12394"},"modified":"2024-06-18T13:12:28","modified_gmt":"2024-06-18T16:12:28","slug":"valvula-limitadora-de-pressao-rdbalcn-sun-hydraulics","status":"publish","type":"product","link":"https:\/\/actbr.com.br\/es\/producto\/valvula-limitadora-de-pressao-rdbalcn-sun-hydraulics\/","title":{"rendered":"V\u00c1LVULA LIMITADORA DE PRESS\u00c3O \u2013 RDBALCN SUN HYDRAULICS"},"content":{"rendered":"<p><strong>Caracter\u00edsticas:<\/strong><\/p>\n<p><img decoding=\"async\" class=\"alignnone size-full wp-image-12395\" src=\"https:\/\/actbr.com.br\/wp-content\/uploads\/2024\/06\/valvula-limitadora-de-pressao-RDDALWN-hidraulico.gif\" alt=\"\" width=\"121\" height=\"91\" \/><\/p>\n<p>C\u00f3digo do Fabricante: RDBALCN; SNRDBALCN; RDBA-LCN; RDBA\/LCN; SNRDBA-LCN<br \/>\nTipo: Alivio de Press\u00e3o<br \/>\nMarca: Sun Hydraulics<br \/>\nPress\u00e3o: 70-420 bar<br \/>\nVaz\u00e3o: 45 L\/Min<br \/>\nTamanho: Cav- T-162A (<a href=\"https:\/\/www.sunhydraulics.com\/cavity\/T-162A\">https:\/\/www.sunhydraulics.com\/cavity\/T-162A<\/a>)<br \/>\nPeso: 0.17 (kg)<\/p>\n<p>Cat\u00e1logo T\u00e9cnico: <a href=\"https:\/\/www.sunhydraulics.com\/model\/RDDA\/LWN\">https:\/\/www.sunhydraulics.com\/model\/RDDA\/LWN<\/a><\/p>\n<p><strong>Curva de performance:<\/strong><\/p>\n<p><img fetchpriority=\"high\" decoding=\"async\" class=\"alignnone size-medium wp-image-12396\" src=\"https:\/\/actbr.com.br\/wp-content\/uploads\/2024\/06\/curva-de-performance-RDBALCN-300x214.png\" alt=\"\" width=\"300\" height=\"214\" srcset=\"https:\/\/actbr.com.br\/wp-content\/uploads\/2024\/06\/curva-de-performance-RDBALCN-300x214.png 300w, https:\/\/actbr.com.br\/wp-content\/uploads\/2024\/06\/curva-de-performance-RDBALCN.png 315w\" sizes=\"(max-width: 300px) 100vw, 300px\" \/><\/p>\n<p><strong>Dimens\u00f5es:<\/strong><\/p>\n<p><img decoding=\"async\" class=\"alignnone size-medium wp-image-12397\" src=\"https:\/\/actbr.com.br\/wp-content\/uploads\/2024\/06\/dimensoes-RDBALCN-300x101.png\" alt=\"\" width=\"300\" height=\"101\" srcset=\"https:\/\/actbr.com.br\/wp-content\/uploads\/2024\/06\/dimensoes-RDBALCN-300x101.png 300w, https:\/\/actbr.com.br\/wp-content\/uploads\/2024\/06\/dimensoes-RDBALCN.png 417w\" sizes=\"(max-width: 300px) 100vw, 300px\" \/><\/p>\n","protected":false},"excerpt":{"rendered":"<p><strong>RDBALCN<\/strong> \u2013 Direct-acting relief valve<\/p>\n<p>As V\u00e1lvulas de alivio de press\u00e3o SUN, modelo <strong>RDBALCN<\/strong> (insert\u00e1veis) est\u00e3o no grupo de v\u00e1lvulas de press\u00e3o normalmente fechadas.<\/p>\n<p>Ideais para utiliza\u00e7\u00e3o onde \u00e9 necess\u00e1rio ajustar a press\u00e3o do sistema ou proteger de sobrecargas.<\/p>\n<p>Em um circuito hidr\u00e1ulico, as v\u00e1lvulas de alivio de press\u00e3o SUN, modelo <strong>RDBALCN<\/strong>, possuem diversas fun\u00e7\u00f5es. Uma delas seria limitar a press\u00e3o, ou at\u00e9 mesmo ser aplicada no controle de motores hidr\u00e1ulico, utilizando-as como freio, por exemplo. As utiliza\u00e7\u00f5es n\u00e3o param por a\u00ed, as V\u00e1lvulas SUN podem ser aplicadas em qualquer situa\u00e7\u00e3o onde o equipamento necessita de controle fino e de alt\u00edssimo controle.<\/p>\n","protected":false},"featured_media":12391,"template":"","meta":[],"product_brand":[],"product_cat":[227,229],"product_tag":[],"class_list":{"0":"post-12394","1":"product","2":"type-product","3":"status-publish","4":"has-post-thumbnail","6":"product_cat-sun-hydraulics","7":"product_cat-valvula-limitadora-de-pressao","9":"first","10":"instock","11":"shipping-taxable","12":"product-type-simple"},"yoast_head":"<!-- This site is optimized with the Yoast SEO plugin v27.5 - https:\/\/yoast.com\/product\/yoast-seo-wordpress\/ -->\n<title>V\u00c1LVULA LIMITADORA DE PRESS\u00c3O - RDBALCN SUN HYDRAULICS - ACT Sistemas Hidr\u00e1ulicos<\/title>\n<meta name=\"robots\" content=\"index, follow, max-snippet:-1, max-image-preview:large, max-video-preview:-1\" \/>\n<link rel=\"canonical\" href=\"https:\/\/actbr.com.br\/es\/producto\/valvula-limitadora-de-pressao-rdbalcn-sun-hydraulics\/\" \/>\n<meta property=\"og:locale\" content=\"es_ES\" \/>\n<meta property=\"og:type\" content=\"article\" \/>\n<meta property=\"og:title\" content=\"V\u00c1LVULA LIMITADORA DE PRESS\u00c3O - RDBALCN SUN HYDRAULICS - ACT Sistemas Hidr\u00e1ulicos\" \/>\n<meta property=\"og:description\" content=\"RDBALCN - Direct-acting relief valve  As V\u00e1lvulas de alivio de press\u00e3o SUN, modelo RDBALCN (insert\u00e1veis) est\u00e3o no grupo de v\u00e1lvulas de press\u00e3o normalmente fechadas.  Ideais para utiliza\u00e7\u00e3o onde \u00e9 necess\u00e1rio ajustar a press\u00e3o do sistema ou proteger de sobrecargas.  Em um circuito hidr\u00e1ulico, as v\u00e1lvulas de alivio de press\u00e3o SUN, modelo RDBALCN, possuem diversas fun\u00e7\u00f5es. Uma delas seria limitar a press\u00e3o, ou at\u00e9 mesmo ser aplicada no controle de motores hidr\u00e1ulico, utilizando-as como freio, por exemplo. As utiliza\u00e7\u00f5es n\u00e3o param por a\u00ed, as V\u00e1lvulas SUN podem ser aplicadas em qualquer situa\u00e7\u00e3o onde o equipamento necessita de controle fino e de alt\u00edssimo controle.\" \/>\n<meta property=\"og:url\" content=\"https:\/\/actbr.com.br\/es\/producto\/valvula-limitadora-de-pressao-rdbalcn-sun-hydraulics\/\" \/>\n<meta property=\"og:site_name\" content=\"ACT Sistemas Hidr\u00e1ulicos\" \/>\n<meta property=\"article:modified_time\" content=\"2024-06-18T16:12:28+00:00\" \/>\n<meta property=\"og:image\" content=\"https:\/\/actbr.com.br\/wp-content\/uploads\/2024\/06\/RDDALWN-RDBALCN-RPECLAN-RDBALEN-RDHALWN_LH.jpg\" \/>\n\t<meta property=\"og:image:width\" content=\"800\" \/>\n\t<meta property=\"og:image:height\" content=\"800\" \/>\n\t<meta property=\"og:image:type\" content=\"image\/jpeg\" \/>\n<meta name=\"twitter:card\" content=\"summary_large_image\" \/>\n<meta name=\"twitter:label1\" content=\"Tiempo de lectura\" \/>\n\t<meta name=\"twitter:data1\" content=\"1 minuto\" \/>\n<script type=\"application\/ld+json\" class=\"yoast-schema-graph\">{\"@context\":\"https:\\\/\\\/schema.org\",\"@graph\":[{\"@type\":\"WebPage\",\"@id\":\"https:\\\/\\\/actbr.com.br\\\/es\\\/producto\\\/valvula-limitadora-de-pressao-rdbalcn-sun-hydraulics\\\/\",\"url\":\"https:\\\/\\\/actbr.com.br\\\/es\\\/producto\\\/valvula-limitadora-de-pressao-rdbalcn-sun-hydraulics\\\/\",\"name\":\"V\u00c1LVULA LIMITADORA DE PRESS\u00c3O - RDBALCN SUN HYDRAULICS - ACT Sistemas Hidr\u00e1ulicos\",\"isPartOf\":{\"@id\":\"https:\\\/\\\/actbr.com.br\\\/es\\\/#website\"},\"primaryImageOfPage\":{\"@id\":\"https:\\\/\\\/actbr.com.br\\\/es\\\/producto\\\/valvula-limitadora-de-pressao-rdbalcn-sun-hydraulics\\\/#primaryimage\"},\"image\":{\"@id\":\"https:\\\/\\\/actbr.com.br\\\/es\\\/producto\\\/valvula-limitadora-de-pressao-rdbalcn-sun-hydraulics\\\/#primaryimage\"},\"thumbnailUrl\":\"https:\\\/\\\/actbr.com.br\\\/wp-content\\\/uploads\\\/2024\\\/06\\\/RDDALWN-RDBALCN-RPECLAN-RDBALEN-RDHALWN_LH.jpg\",\"datePublished\":\"2024-06-18T16:12:27+00:00\",\"dateModified\":\"2024-06-18T16:12:28+00:00\",\"breadcrumb\":{\"@id\":\"https:\\\/\\\/actbr.com.br\\\/es\\\/producto\\\/valvula-limitadora-de-pressao-rdbalcn-sun-hydraulics\\\/#breadcrumb\"},\"inLanguage\":\"es\",\"potentialAction\":[{\"@type\":\"ReadAction\",\"target\":[\"https:\\\/\\\/actbr.com.br\\\/es\\\/producto\\\/valvula-limitadora-de-pressao-rdbalcn-sun-hydraulics\\\/\"]}]},{\"@type\":\"ImageObject\",\"inLanguage\":\"es\",\"@id\":\"https:\\\/\\\/actbr.com.br\\\/es\\\/producto\\\/valvula-limitadora-de-pressao-rdbalcn-sun-hydraulics\\\/#primaryimage\",\"url\":\"https:\\\/\\\/actbr.com.br\\\/wp-content\\\/uploads\\\/2024\\\/06\\\/RDDALWN-RDBALCN-RPECLAN-RDBALEN-RDHALWN_LH.jpg\",\"contentUrl\":\"https:\\\/\\\/actbr.com.br\\\/wp-content\\\/uploads\\\/2024\\\/06\\\/RDDALWN-RDBALCN-RPECLAN-RDBALEN-RDHALWN_LH.jpg\",\"width\":800,\"height\":800},{\"@type\":\"BreadcrumbList\",\"@id\":\"https:\\\/\\\/actbr.com.br\\\/es\\\/producto\\\/valvula-limitadora-de-pressao-rdbalcn-sun-hydraulics\\\/#breadcrumb\",\"itemListElement\":[{\"@type\":\"ListItem\",\"position\":1,\"name\":\"Comenzar\",\"item\":\"https:\\\/\\\/actbr.com.br\\\/es\\\/\"},{\"@type\":\"ListItem\",\"position\":2,\"name\":\"Produtos\",\"item\":\"https:\\\/\\\/actbr.com.br\\\/produtos-act\\\/\"},{\"@type\":\"ListItem\",\"position\":3,\"name\":\"SUN Hydraulics\",\"item\":\"https:\\\/\\\/actbr.com.br\\\/es\\\/categoria-produto\\\/sun-hydraulics\\\/\"},{\"@type\":\"ListItem\",\"position\":4,\"name\":\"V\u00e1lvula Limitadora de Press\u00e3o SUN\",\"item\":\"https:\\\/\\\/actbr.com.br\\\/es\\\/categoria-produto\\\/sun-hydraulics\\\/valvula-limitadora-de-pressao\\\/\"},{\"@type\":\"ListItem\",\"position\":5,\"name\":\"V\u00c1LVULA LIMITADORA DE PRESS\u00c3O &#8211; RDBALCN SUN HYDRAULICS\"}]},{\"@type\":\"WebSite\",\"@id\":\"https:\\\/\\\/actbr.com.br\\\/es\\\/#website\",\"url\":\"https:\\\/\\\/actbr.com.br\\\/es\\\/\",\"name\":\"ACT Sistemas Hidr\u00e1ulicos\",\"description\":\"Fabricaci\u00f3n y mantenimiento de componentes de aceite hidr\u00e1ulico\",\"publisher\":{\"@id\":\"https:\\\/\\\/actbr.com.br\\\/es\\\/#organization\"},\"potentialAction\":[{\"@type\":\"SearchAction\",\"target\":{\"@type\":\"EntryPoint\",\"urlTemplate\":\"https:\\\/\\\/actbr.com.br\\\/es\\\/?s={search_term_string}\"},\"query-input\":{\"@type\":\"PropertyValueSpecification\",\"valueRequired\":true,\"valueName\":\"search_term_string\"}}],\"inLanguage\":\"es\"},{\"@type\":\"Organization\",\"@id\":\"https:\\\/\\\/actbr.com.br\\\/es\\\/#organization\",\"name\":\"ACT Sistemas Hidr\u00e1ulicos\",\"url\":\"https:\\\/\\\/actbr.com.br\\\/es\\\/\",\"logo\":{\"@type\":\"ImageObject\",\"inLanguage\":\"es\",\"@id\":\"https:\\\/\\\/actbr.com.br\\\/es\\\/#\\\/schema\\\/logo\\\/image\\\/\",\"url\":\"https:\\\/\\\/actbr.com.br\\\/wp-content\\\/uploads\\\/2025\\\/02\\\/cropped-ACT_NEGATIVO-marca-dagua.png\",\"contentUrl\":\"https:\\\/\\\/actbr.com.br\\\/wp-content\\\/uploads\\\/2025\\\/02\\\/cropped-ACT_NEGATIVO-marca-dagua.png\",\"width\":240,\"height\":146,\"caption\":\"ACT Sistemas Hidr\u00e1ulicos\"},\"image\":{\"@id\":\"https:\\\/\\\/actbr.com.br\\\/es\\\/#\\\/schema\\\/logo\\\/image\\\/\"}}]}<\/script>\n<!-- \/ Yoast SEO plugin. -->","yoast_head_json":{"title":"V\u00c1LVULA LIMITADORA DE PRESS\u00c3O - RDBALCN SUN HYDRAULICS - ACT Sistemas Hidr\u00e1ulicos","robots":{"index":"index","follow":"follow","max-snippet":"max-snippet:-1","max-image-preview":"max-image-preview:large","max-video-preview":"max-video-preview:-1"},"canonical":"https:\/\/actbr.com.br\/es\/producto\/valvula-limitadora-de-pressao-rdbalcn-sun-hydraulics\/","og_locale":"es_ES","og_type":"article","og_title":"V\u00c1LVULA LIMITADORA DE PRESS\u00c3O - RDBALCN SUN HYDRAULICS - ACT Sistemas Hidr\u00e1ulicos","og_description":"RDBALCN - Direct-acting relief valve  As V\u00e1lvulas de alivio de press\u00e3o SUN, modelo RDBALCN (insert\u00e1veis) est\u00e3o no grupo de v\u00e1lvulas de press\u00e3o normalmente fechadas.  Ideais para utiliza\u00e7\u00e3o onde \u00e9 necess\u00e1rio ajustar a press\u00e3o do sistema ou proteger de sobrecargas.  Em um circuito hidr\u00e1ulico, as v\u00e1lvulas de alivio de press\u00e3o SUN, modelo RDBALCN, possuem diversas fun\u00e7\u00f5es. Uma delas seria limitar a press\u00e3o, ou at\u00e9 mesmo ser aplicada no controle de motores hidr\u00e1ulico, utilizando-as como freio, por exemplo. As utiliza\u00e7\u00f5es n\u00e3o param por a\u00ed, as V\u00e1lvulas SUN podem ser aplicadas em qualquer situa\u00e7\u00e3o onde o equipamento necessita de controle fino e de alt\u00edssimo controle.","og_url":"https:\/\/actbr.com.br\/es\/producto\/valvula-limitadora-de-pressao-rdbalcn-sun-hydraulics\/","og_site_name":"ACT Sistemas Hidr\u00e1ulicos","article_modified_time":"2024-06-18T16:12:28+00:00","og_image":[{"width":800,"height":800,"url":"https:\/\/actbr.com.br\/wp-content\/uploads\/2024\/06\/RDDALWN-RDBALCN-RPECLAN-RDBALEN-RDHALWN_LH.jpg","type":"image\/jpeg"}],"twitter_card":"summary_large_image","twitter_misc":{"Tiempo de lectura":"1 minuto"},"schema":{"@context":"https:\/\/schema.org","@graph":[{"@type":"WebPage","@id":"https:\/\/actbr.com.br\/es\/producto\/valvula-limitadora-de-pressao-rdbalcn-sun-hydraulics\/","url":"https:\/\/actbr.com.br\/es\/producto\/valvula-limitadora-de-pressao-rdbalcn-sun-hydraulics\/","name":"V\u00c1LVULA LIMITADORA DE PRESS\u00c3O - RDBALCN SUN HYDRAULICS - ACT Sistemas Hidr\u00e1ulicos","isPartOf":{"@id":"https:\/\/actbr.com.br\/es\/#website"},"primaryImageOfPage":{"@id":"https:\/\/actbr.com.br\/es\/producto\/valvula-limitadora-de-pressao-rdbalcn-sun-hydraulics\/#primaryimage"},"image":{"@id":"https:\/\/actbr.com.br\/es\/producto\/valvula-limitadora-de-pressao-rdbalcn-sun-hydraulics\/#primaryimage"},"thumbnailUrl":"https:\/\/actbr.com.br\/wp-content\/uploads\/2024\/06\/RDDALWN-RDBALCN-RPECLAN-RDBALEN-RDHALWN_LH.jpg","datePublished":"2024-06-18T16:12:27+00:00","dateModified":"2024-06-18T16:12:28+00:00","breadcrumb":{"@id":"https:\/\/actbr.com.br\/es\/producto\/valvula-limitadora-de-pressao-rdbalcn-sun-hydraulics\/#breadcrumb"},"inLanguage":"es","potentialAction":[{"@type":"ReadAction","target":["https:\/\/actbr.com.br\/es\/producto\/valvula-limitadora-de-pressao-rdbalcn-sun-hydraulics\/"]}]},{"@type":"ImageObject","inLanguage":"es","@id":"https:\/\/actbr.com.br\/es\/producto\/valvula-limitadora-de-pressao-rdbalcn-sun-hydraulics\/#primaryimage","url":"https:\/\/actbr.com.br\/wp-content\/uploads\/2024\/06\/RDDALWN-RDBALCN-RPECLAN-RDBALEN-RDHALWN_LH.jpg","contentUrl":"https:\/\/actbr.com.br\/wp-content\/uploads\/2024\/06\/RDDALWN-RDBALCN-RPECLAN-RDBALEN-RDHALWN_LH.jpg","width":800,"height":800},{"@type":"BreadcrumbList","@id":"https:\/\/actbr.com.br\/es\/producto\/valvula-limitadora-de-pressao-rdbalcn-sun-hydraulics\/#breadcrumb","itemListElement":[{"@type":"ListItem","position":1,"name":"Comenzar","item":"https:\/\/actbr.com.br\/es\/"},{"@type":"ListItem","position":2,"name":"Produtos","item":"https:\/\/actbr.com.br\/produtos-act\/"},{"@type":"ListItem","position":3,"name":"SUN Hydraulics","item":"https:\/\/actbr.com.br\/es\/categoria-produto\/sun-hydraulics\/"},{"@type":"ListItem","position":4,"name":"V\u00e1lvula Limitadora de Press\u00e3o SUN","item":"https:\/\/actbr.com.br\/es\/categoria-produto\/sun-hydraulics\/valvula-limitadora-de-pressao\/"},{"@type":"ListItem","position":5,"name":"V\u00c1LVULA LIMITADORA DE PRESS\u00c3O &#8211; RDBALCN SUN HYDRAULICS"}]},{"@type":"WebSite","@id":"https:\/\/actbr.com.br\/es\/#website","url":"https:\/\/actbr.com.br\/es\/","name":"ACT Sistemas Hidr\u00e1ulicos","description":"Fabricaci\u00f3n y mantenimiento de componentes de aceite hidr\u00e1ulico","publisher":{"@id":"https:\/\/actbr.com.br\/es\/#organization"},"potentialAction":[{"@type":"SearchAction","target":{"@type":"EntryPoint","urlTemplate":"https:\/\/actbr.com.br\/es\/?s={search_term_string}"},"query-input":{"@type":"PropertyValueSpecification","valueRequired":true,"valueName":"search_term_string"}}],"inLanguage":"es"},{"@type":"Organization","@id":"https:\/\/actbr.com.br\/es\/#organization","name":"ACT Sistemas Hidr\u00e1ulicos","url":"https:\/\/actbr.com.br\/es\/","logo":{"@type":"ImageObject","inLanguage":"es","@id":"https:\/\/actbr.com.br\/es\/#\/schema\/logo\/image\/","url":"https:\/\/actbr.com.br\/wp-content\/uploads\/2025\/02\/cropped-ACT_NEGATIVO-marca-dagua.png","contentUrl":"https:\/\/actbr.com.br\/wp-content\/uploads\/2025\/02\/cropped-ACT_NEGATIVO-marca-dagua.png","width":240,"height":146,"caption":"ACT Sistemas Hidr\u00e1ulicos"},"image":{"@id":"https:\/\/actbr.com.br\/es\/#\/schema\/logo\/image\/"}}]}},"_links":{"self":[{"href":"https:\/\/actbr.com.br\/es\/wp-json\/wp\/v2\/product\/12394","targetHints":{"allow":["GET"]}}],"collection":[{"href":"https:\/\/actbr.com.br\/es\/wp-json\/wp\/v2\/product"}],"about":[{"href":"https:\/\/actbr.com.br\/es\/wp-json\/wp\/v2\/types\/product"}],"wp:featuredmedia":[{"embeddable":true,"href":"https:\/\/actbr.com.br\/es\/wp-json\/wp\/v2\/media\/12391"}],"wp:attachment":[{"href":"https:\/\/actbr.com.br\/es\/wp-json\/wp\/v2\/media?parent=12394"}],"wp:term":[{"taxonomy":"product_brand","embeddable":true,"href":"https:\/\/actbr.com.br\/es\/wp-json\/wp\/v2\/product_brand?post=12394"},{"taxonomy":"product_cat","embeddable":true,"href":"https:\/\/actbr.com.br\/es\/wp-json\/wp\/v2\/product_cat?post=12394"},{"taxonomy":"product_tag","embeddable":true,"href":"https:\/\/actbr.com.br\/es\/wp-json\/wp\/v2\/product_tag?post=12394"}],"curies":[{"name":"wp","href":"https:\/\/api.w.org\/{rel}","templated":true}]}}