{"id":12462,"date":"2024-06-20T10:01:57","date_gmt":"2024-06-20T13:01:57","guid":{"rendered":"https:\/\/actbr.com.br\/?post_type=product&#038;p=12462"},"modified":"2024-06-20T10:06:15","modified_gmt":"2024-06-20T13:06:15","slug":"valvula-de-sequencia-sccalan-sun-hydraulics","status":"publish","type":"product","link":"https:\/\/actbr.com.br\/es\/producto\/valvula-de-sequencia-sccalan-sun-hydraulics\/","title":{"rendered":"V\u00c1LVULA DE SEQU\u00caNCIA \u2013 SCCALAN SUN HYDRAULICS"},"content":{"rendered":"<p><strong>Caracter\u00edsticas:<\/strong><\/p>\n<p><img decoding=\"async\" class=\"alignnone size-full wp-image-12463\" src=\"https:\/\/actbr.com.br\/wp-content\/uploads\/2024\/06\/SCCALAN-hidraulico.gif\" alt=\"\" width=\"145\" height=\"153\" \/><\/p>\n<p>C\u00f3digo do Fabricante: SCCALAN; SNSCCALAN; SCCA-LAN; SCCA\/LAN; SNSCCA-LAN<br \/>\nTipo: Sequencia Hidraulica<br \/>\nMarca: Sun Hydraulics<br \/>\nPress\u00e3o: 35-210 bar<br \/>\nVaz\u00e3o: 60 L\/Min<br \/>\nTamanho: Cav- T-11A (<a href=\"https:\/\/www.sunhydraulics.com\/cavity\/T-11A\">https:\/\/www.sunhydraulics.com\/cavity\/T-11A<\/a>)<br \/>\nPeso: 0.20 (kg)<\/p>\n<p>Cat\u00e1logo T\u00e9cnico: <a href=\"https:\/\/www.sunhydraulics.com\/model\/SCCA\/LAN\">https:\/\/www.sunhydraulics.com\/model\/SCCA\/LAN<\/a><\/p>\n<p><strong>Curva de performance:<\/strong><\/p>\n<p><img decoding=\"async\" class=\"alignnone size-full wp-image-12468\" src=\"https:\/\/actbr.com.br\/wp-content\/uploads\/2024\/06\/SCCALAN-curva-performance-gpm.png\" alt=\"\" width=\"234\" height=\"166\" \/><\/p>\n<p><img decoding=\"async\" class=\"alignnone size-full wp-image-12467\" src=\"https:\/\/actbr.com.br\/wp-content\/uploads\/2024\/06\/SCCALAN-curva-performance-lpm.png\" alt=\"\" width=\"232\" height=\"172\" \/><\/p>\n<p><img loading=\"lazy\" decoding=\"async\" class=\"alignnone size-full wp-image-12466\" src=\"https:\/\/actbr.com.br\/wp-content\/uploads\/2024\/06\/SCCALAN-curva-performance-1.png\" alt=\"\" width=\"234\" height=\"155\" \/><\/p>\n<p><img loading=\"lazy\" decoding=\"async\" class=\"alignnone size-full wp-image-12465\" src=\"https:\/\/actbr.com.br\/wp-content\/uploads\/2024\/06\/SCCALAN-curva-performance-2.png\" alt=\"\" width=\"233\" height=\"161\" \/><\/p>\n<p><strong>Dimens\u00f5es:<\/strong><\/p>\n<p><img loading=\"lazy\" decoding=\"async\" class=\"alignnone size-medium wp-image-12464\" src=\"https:\/\/actbr.com.br\/wp-content\/uploads\/2024\/06\/SCCALAN-dimensoes-300x113.png\" alt=\"\" width=\"300\" height=\"113\" srcset=\"https:\/\/actbr.com.br\/wp-content\/uploads\/2024\/06\/SCCALAN-dimensoes-300x113.png 300w, https:\/\/actbr.com.br\/wp-content\/uploads\/2024\/06\/SCCALAN-dimensoes.png 404w\" sizes=\"(max-width: 300px) 100vw, 300px\" \/><\/p>\n","protected":false},"excerpt":{"rendered":"<p><strong>SCCALAN<\/strong> \u2013 Direct-acting sequence valve with reverse flow check<\/p>\n<p>As V\u00e1lvulas de sequ\u00eancia com reten\u00e7\u00e3o incorporada SUN, modelo <strong>SCCALAN<\/strong> (insert\u00e1veis) est\u00e3o no grupo de v\u00e1lvulas de press\u00e3o normalmente fechadas, aceitando fluxo revers\u00edvel.<\/p>\n<p>Ideais para utiliza\u00e7\u00e3o onde \u00e9 necess\u00e1rio ajustar a press\u00e3o para direcionar o fluxo ap\u00f3s a press\u00e3o ser atingida.<\/p>\n<p>Em um circuito hidr\u00e1ulico, as v\u00e1lvulas de sequ\u00eancia com reten\u00e7\u00e3o incorporada SUN, modelo <strong>SCCALAN<\/strong>, possuem diversas fun\u00e7\u00f5es. Uma delas seria ajustar a press\u00e3o para direcionar o fluxo ap\u00f3s a press\u00e3o ser atingida ou at\u00e9 mesmo utilizada como contrabalan\u00e7o, por exemplo. As utiliza\u00e7\u00f5es n\u00e3o param por a\u00ed, as V\u00e1lvulas SUN podem ser aplicadas em qualquer situa\u00e7\u00e3o onde o equipamento necessita de controle fino e de alt\u00edssimo controle.<\/p>\n","protected":false},"featured_media":12432,"template":"","meta":[],"product_brand":[],"product_cat":[227,233],"product_tag":[],"class_list":{"0":"post-12462","1":"product","2":"type-product","3":"status-publish","4":"has-post-thumbnail","6":"product_cat-sun-hydraulics","7":"product_cat-valvula-de-sequencia-sun","9":"first","10":"instock","11":"shipping-taxable","12":"product-type-simple"},"yoast_head":"<!-- This site is optimized with the Yoast SEO plugin v27.5 - https:\/\/yoast.com\/product\/yoast-seo-wordpress\/ -->\n<title>V\u00c1LVULA DE SEQU\u00caNCIA - SCCALAN SUN HYDRAULICS - ACT Sistemas Hidr\u00e1ulicos<\/title>\n<meta name=\"robots\" content=\"index, follow, max-snippet:-1, max-image-preview:large, max-video-preview:-1\" \/>\n<link rel=\"canonical\" href=\"https:\/\/actbr.com.br\/es\/producto\/valvula-de-sequencia-sccalan-sun-hydraulics\/\" \/>\n<meta property=\"og:locale\" content=\"es_ES\" \/>\n<meta property=\"og:type\" content=\"article\" \/>\n<meta property=\"og:title\" content=\"V\u00c1LVULA DE SEQU\u00caNCIA - SCCALAN SUN HYDRAULICS - ACT Sistemas Hidr\u00e1ulicos\" \/>\n<meta property=\"og:description\" content=\"SCCALAN - Direct-acting sequence valve with reverse flow check  As V\u00e1lvulas de sequ\u00eancia com reten\u00e7\u00e3o incorporada SUN, modelo SCCALAN (insert\u00e1veis) est\u00e3o no grupo de v\u00e1lvulas de press\u00e3o normalmente fechadas, aceitando fluxo revers\u00edvel.  Ideais para utiliza\u00e7\u00e3o onde \u00e9 necess\u00e1rio ajustar a press\u00e3o para direcionar o fluxo ap\u00f3s a press\u00e3o ser atingida.  Em um circuito hidr\u00e1ulico, as v\u00e1lvulas de sequ\u00eancia com reten\u00e7\u00e3o incorporada SUN, modelo SCCALAN, possuem diversas fun\u00e7\u00f5es. Uma delas seria ajustar a press\u00e3o para direcionar o fluxo ap\u00f3s a press\u00e3o ser atingida ou at\u00e9 mesmo utilizada como contrabalan\u00e7o, por exemplo. As utiliza\u00e7\u00f5es n\u00e3o param por a\u00ed, as V\u00e1lvulas SUN podem ser aplicadas em qualquer situa\u00e7\u00e3o onde o equipamento necessita de controle fino e de alt\u00edssimo controle.\" \/>\n<meta property=\"og:url\" content=\"https:\/\/actbr.com.br\/es\/producto\/valvula-de-sequencia-sccalan-sun-hydraulics\/\" \/>\n<meta property=\"og:site_name\" content=\"ACT Sistemas Hidr\u00e1ulicos\" \/>\n<meta property=\"article:modified_time\" content=\"2024-06-20T13:06:15+00:00\" \/>\n<meta property=\"og:image\" content=\"https:\/\/actbr.com.br\/wp-content\/uploads\/2024\/06\/PPDBLDN-PPDBLWN-SCCALAN.jpg\" \/>\n\t<meta property=\"og:image:width\" content=\"800\" \/>\n\t<meta property=\"og:image:height\" content=\"800\" \/>\n\t<meta property=\"og:image:type\" content=\"image\/jpeg\" \/>\n<meta name=\"twitter:card\" content=\"summary_large_image\" \/>\n<meta name=\"twitter:label1\" content=\"Tiempo de lectura\" \/>\n\t<meta name=\"twitter:data1\" content=\"2 minutos\" \/>\n<script type=\"application\/ld+json\" class=\"yoast-schema-graph\">{\"@context\":\"https:\\\/\\\/schema.org\",\"@graph\":[{\"@type\":\"WebPage\",\"@id\":\"https:\\\/\\\/actbr.com.br\\\/es\\\/producto\\\/valvula-de-sequencia-sccalan-sun-hydraulics\\\/\",\"url\":\"https:\\\/\\\/actbr.com.br\\\/es\\\/producto\\\/valvula-de-sequencia-sccalan-sun-hydraulics\\\/\",\"name\":\"V\u00c1LVULA DE SEQU\u00caNCIA - SCCALAN SUN HYDRAULICS - ACT Sistemas Hidr\u00e1ulicos\",\"isPartOf\":{\"@id\":\"https:\\\/\\\/actbr.com.br\\\/es\\\/#website\"},\"primaryImageOfPage\":{\"@id\":\"https:\\\/\\\/actbr.com.br\\\/es\\\/producto\\\/valvula-de-sequencia-sccalan-sun-hydraulics\\\/#primaryimage\"},\"image\":{\"@id\":\"https:\\\/\\\/actbr.com.br\\\/es\\\/producto\\\/valvula-de-sequencia-sccalan-sun-hydraulics\\\/#primaryimage\"},\"thumbnailUrl\":\"https:\\\/\\\/actbr.com.br\\\/wp-content\\\/uploads\\\/2024\\\/06\\\/PPDBLDN-PPDBLWN-SCCALAN.jpg\",\"datePublished\":\"2024-06-20T13:01:57+00:00\",\"dateModified\":\"2024-06-20T13:06:15+00:00\",\"breadcrumb\":{\"@id\":\"https:\\\/\\\/actbr.com.br\\\/es\\\/producto\\\/valvula-de-sequencia-sccalan-sun-hydraulics\\\/#breadcrumb\"},\"inLanguage\":\"es\",\"potentialAction\":[{\"@type\":\"ReadAction\",\"target\":[\"https:\\\/\\\/actbr.com.br\\\/es\\\/producto\\\/valvula-de-sequencia-sccalan-sun-hydraulics\\\/\"]}]},{\"@type\":\"ImageObject\",\"inLanguage\":\"es\",\"@id\":\"https:\\\/\\\/actbr.com.br\\\/es\\\/producto\\\/valvula-de-sequencia-sccalan-sun-hydraulics\\\/#primaryimage\",\"url\":\"https:\\\/\\\/actbr.com.br\\\/wp-content\\\/uploads\\\/2024\\\/06\\\/PPDBLDN-PPDBLWN-SCCALAN.jpg\",\"contentUrl\":\"https:\\\/\\\/actbr.com.br\\\/wp-content\\\/uploads\\\/2024\\\/06\\\/PPDBLDN-PPDBLWN-SCCALAN.jpg\",\"width\":800,\"height\":800},{\"@type\":\"BreadcrumbList\",\"@id\":\"https:\\\/\\\/actbr.com.br\\\/es\\\/producto\\\/valvula-de-sequencia-sccalan-sun-hydraulics\\\/#breadcrumb\",\"itemListElement\":[{\"@type\":\"ListItem\",\"position\":1,\"name\":\"Comenzar\",\"item\":\"https:\\\/\\\/actbr.com.br\\\/es\\\/\"},{\"@type\":\"ListItem\",\"position\":2,\"name\":\"Produtos\",\"item\":\"https:\\\/\\\/actbr.com.br\\\/produtos-act\\\/\"},{\"@type\":\"ListItem\",\"position\":3,\"name\":\"SUN Hydraulics\",\"item\":\"https:\\\/\\\/actbr.com.br\\\/es\\\/categoria-produto\\\/sun-hydraulics\\\/\"},{\"@type\":\"ListItem\",\"position\":4,\"name\":\"V\u00c1LVULA DE SEQU\u00caNCIA &#8211; SCCALAN SUN HYDRAULICS\"}]},{\"@type\":\"WebSite\",\"@id\":\"https:\\\/\\\/actbr.com.br\\\/es\\\/#website\",\"url\":\"https:\\\/\\\/actbr.com.br\\\/es\\\/\",\"name\":\"ACT Sistemas Hidr\u00e1ulicos\",\"description\":\"Fabricaci\u00f3n y mantenimiento de componentes de aceite hidr\u00e1ulico\",\"publisher\":{\"@id\":\"https:\\\/\\\/actbr.com.br\\\/es\\\/#organization\"},\"potentialAction\":[{\"@type\":\"SearchAction\",\"target\":{\"@type\":\"EntryPoint\",\"urlTemplate\":\"https:\\\/\\\/actbr.com.br\\\/es\\\/?s={search_term_string}\"},\"query-input\":{\"@type\":\"PropertyValueSpecification\",\"valueRequired\":true,\"valueName\":\"search_term_string\"}}],\"inLanguage\":\"es\"},{\"@type\":\"Organization\",\"@id\":\"https:\\\/\\\/actbr.com.br\\\/es\\\/#organization\",\"name\":\"ACT Sistemas Hidr\u00e1ulicos\",\"url\":\"https:\\\/\\\/actbr.com.br\\\/es\\\/\",\"logo\":{\"@type\":\"ImageObject\",\"inLanguage\":\"es\",\"@id\":\"https:\\\/\\\/actbr.com.br\\\/es\\\/#\\\/schema\\\/logo\\\/image\\\/\",\"url\":\"https:\\\/\\\/actbr.com.br\\\/wp-content\\\/uploads\\\/2025\\\/02\\\/cropped-ACT_NEGATIVO-marca-dagua.png\",\"contentUrl\":\"https:\\\/\\\/actbr.com.br\\\/wp-content\\\/uploads\\\/2025\\\/02\\\/cropped-ACT_NEGATIVO-marca-dagua.png\",\"width\":240,\"height\":146,\"caption\":\"ACT Sistemas Hidr\u00e1ulicos\"},\"image\":{\"@id\":\"https:\\\/\\\/actbr.com.br\\\/es\\\/#\\\/schema\\\/logo\\\/image\\\/\"}}]}<\/script>\n<!-- \/ Yoast SEO plugin. -->","yoast_head_json":{"title":"V\u00c1LVULA DE SEQU\u00caNCIA - SCCALAN SUN HYDRAULICS - ACT Sistemas Hidr\u00e1ulicos","robots":{"index":"index","follow":"follow","max-snippet":"max-snippet:-1","max-image-preview":"max-image-preview:large","max-video-preview":"max-video-preview:-1"},"canonical":"https:\/\/actbr.com.br\/es\/producto\/valvula-de-sequencia-sccalan-sun-hydraulics\/","og_locale":"es_ES","og_type":"article","og_title":"V\u00c1LVULA DE SEQU\u00caNCIA - SCCALAN SUN HYDRAULICS - ACT Sistemas Hidr\u00e1ulicos","og_description":"SCCALAN - Direct-acting sequence valve with reverse flow check  As V\u00e1lvulas de sequ\u00eancia com reten\u00e7\u00e3o incorporada SUN, modelo SCCALAN (insert\u00e1veis) est\u00e3o no grupo de v\u00e1lvulas de press\u00e3o normalmente fechadas, aceitando fluxo revers\u00edvel.  Ideais para utiliza\u00e7\u00e3o onde \u00e9 necess\u00e1rio ajustar a press\u00e3o para direcionar o fluxo ap\u00f3s a press\u00e3o ser atingida.  Em um circuito hidr\u00e1ulico, as v\u00e1lvulas de sequ\u00eancia com reten\u00e7\u00e3o incorporada SUN, modelo SCCALAN, possuem diversas fun\u00e7\u00f5es. Uma delas seria ajustar a press\u00e3o para direcionar o fluxo ap\u00f3s a press\u00e3o ser atingida ou at\u00e9 mesmo utilizada como contrabalan\u00e7o, por exemplo. As utiliza\u00e7\u00f5es n\u00e3o param por a\u00ed, as V\u00e1lvulas SUN podem ser aplicadas em qualquer situa\u00e7\u00e3o onde o equipamento necessita de controle fino e de alt\u00edssimo controle.","og_url":"https:\/\/actbr.com.br\/es\/producto\/valvula-de-sequencia-sccalan-sun-hydraulics\/","og_site_name":"ACT Sistemas Hidr\u00e1ulicos","article_modified_time":"2024-06-20T13:06:15+00:00","og_image":[{"width":800,"height":800,"url":"https:\/\/actbr.com.br\/wp-content\/uploads\/2024\/06\/PPDBLDN-PPDBLWN-SCCALAN.jpg","type":"image\/jpeg"}],"twitter_card":"summary_large_image","twitter_misc":{"Tiempo de lectura":"2 minutos"},"schema":{"@context":"https:\/\/schema.org","@graph":[{"@type":"WebPage","@id":"https:\/\/actbr.com.br\/es\/producto\/valvula-de-sequencia-sccalan-sun-hydraulics\/","url":"https:\/\/actbr.com.br\/es\/producto\/valvula-de-sequencia-sccalan-sun-hydraulics\/","name":"V\u00c1LVULA DE SEQU\u00caNCIA - SCCALAN SUN HYDRAULICS - ACT Sistemas Hidr\u00e1ulicos","isPartOf":{"@id":"https:\/\/actbr.com.br\/es\/#website"},"primaryImageOfPage":{"@id":"https:\/\/actbr.com.br\/es\/producto\/valvula-de-sequencia-sccalan-sun-hydraulics\/#primaryimage"},"image":{"@id":"https:\/\/actbr.com.br\/es\/producto\/valvula-de-sequencia-sccalan-sun-hydraulics\/#primaryimage"},"thumbnailUrl":"https:\/\/actbr.com.br\/wp-content\/uploads\/2024\/06\/PPDBLDN-PPDBLWN-SCCALAN.jpg","datePublished":"2024-06-20T13:01:57+00:00","dateModified":"2024-06-20T13:06:15+00:00","breadcrumb":{"@id":"https:\/\/actbr.com.br\/es\/producto\/valvula-de-sequencia-sccalan-sun-hydraulics\/#breadcrumb"},"inLanguage":"es","potentialAction":[{"@type":"ReadAction","target":["https:\/\/actbr.com.br\/es\/producto\/valvula-de-sequencia-sccalan-sun-hydraulics\/"]}]},{"@type":"ImageObject","inLanguage":"es","@id":"https:\/\/actbr.com.br\/es\/producto\/valvula-de-sequencia-sccalan-sun-hydraulics\/#primaryimage","url":"https:\/\/actbr.com.br\/wp-content\/uploads\/2024\/06\/PPDBLDN-PPDBLWN-SCCALAN.jpg","contentUrl":"https:\/\/actbr.com.br\/wp-content\/uploads\/2024\/06\/PPDBLDN-PPDBLWN-SCCALAN.jpg","width":800,"height":800},{"@type":"BreadcrumbList","@id":"https:\/\/actbr.com.br\/es\/producto\/valvula-de-sequencia-sccalan-sun-hydraulics\/#breadcrumb","itemListElement":[{"@type":"ListItem","position":1,"name":"Comenzar","item":"https:\/\/actbr.com.br\/es\/"},{"@type":"ListItem","position":2,"name":"Produtos","item":"https:\/\/actbr.com.br\/produtos-act\/"},{"@type":"ListItem","position":3,"name":"SUN Hydraulics","item":"https:\/\/actbr.com.br\/es\/categoria-produto\/sun-hydraulics\/"},{"@type":"ListItem","position":4,"name":"V\u00c1LVULA DE SEQU\u00caNCIA &#8211; SCCALAN SUN HYDRAULICS"}]},{"@type":"WebSite","@id":"https:\/\/actbr.com.br\/es\/#website","url":"https:\/\/actbr.com.br\/es\/","name":"ACT Sistemas Hidr\u00e1ulicos","description":"Fabricaci\u00f3n y mantenimiento de componentes de aceite hidr\u00e1ulico","publisher":{"@id":"https:\/\/actbr.com.br\/es\/#organization"},"potentialAction":[{"@type":"SearchAction","target":{"@type":"EntryPoint","urlTemplate":"https:\/\/actbr.com.br\/es\/?s={search_term_string}"},"query-input":{"@type":"PropertyValueSpecification","valueRequired":true,"valueName":"search_term_string"}}],"inLanguage":"es"},{"@type":"Organization","@id":"https:\/\/actbr.com.br\/es\/#organization","name":"ACT Sistemas Hidr\u00e1ulicos","url":"https:\/\/actbr.com.br\/es\/","logo":{"@type":"ImageObject","inLanguage":"es","@id":"https:\/\/actbr.com.br\/es\/#\/schema\/logo\/image\/","url":"https:\/\/actbr.com.br\/wp-content\/uploads\/2025\/02\/cropped-ACT_NEGATIVO-marca-dagua.png","contentUrl":"https:\/\/actbr.com.br\/wp-content\/uploads\/2025\/02\/cropped-ACT_NEGATIVO-marca-dagua.png","width":240,"height":146,"caption":"ACT Sistemas Hidr\u00e1ulicos"},"image":{"@id":"https:\/\/actbr.com.br\/es\/#\/schema\/logo\/image\/"}}]}},"_links":{"self":[{"href":"https:\/\/actbr.com.br\/es\/wp-json\/wp\/v2\/product\/12462","targetHints":{"allow":["GET"]}}],"collection":[{"href":"https:\/\/actbr.com.br\/es\/wp-json\/wp\/v2\/product"}],"about":[{"href":"https:\/\/actbr.com.br\/es\/wp-json\/wp\/v2\/types\/product"}],"wp:featuredmedia":[{"embeddable":true,"href":"https:\/\/actbr.com.br\/es\/wp-json\/wp\/v2\/media\/12432"}],"wp:attachment":[{"href":"https:\/\/actbr.com.br\/es\/wp-json\/wp\/v2\/media?parent=12462"}],"wp:term":[{"taxonomy":"product_brand","embeddable":true,"href":"https:\/\/actbr.com.br\/es\/wp-json\/wp\/v2\/product_brand?post=12462"},{"taxonomy":"product_cat","embeddable":true,"href":"https:\/\/actbr.com.br\/es\/wp-json\/wp\/v2\/product_cat?post=12462"},{"taxonomy":"product_tag","embeddable":true,"href":"https:\/\/actbr.com.br\/es\/wp-json\/wp\/v2\/product_tag?post=12462"}],"curies":[{"name":"wp","href":"https:\/\/api.w.org\/{rel}","templated":true}]}}