{"id":12489,"date":"2024-06-20T10:42:30","date_gmt":"2024-06-20T13:42:30","guid":{"rendered":"https:\/\/actbr.com.br\/?post_type=product&#038;p=12489"},"modified":"2024-06-21T20:27:25","modified_gmt":"2024-06-21T23:27:25","slug":"valvula-de-contrabalanco-cbcalan-sun-hydraulics","status":"publish","type":"product","link":"https:\/\/actbr.com.br\/es\/producto\/valvula-de-contrabalanco-cbcalan-sun-hydraulics\/","title":{"rendered":"V\u00c1LVULA DE CONTRABALAN\u00c7O \u2013 CBCALAN SUN HYDRAULICS"},"content":{"rendered":"<p><strong>CBCALAN SUN \u2013 3:1 pilot ratio, standard capacity counterbalance valve<\/strong><\/p>\n<p>As V\u00e1lvulas de Contrabalan\u00e7o SUN, modelo CBCALAN (insert\u00e1veis) est\u00e3o no grupo de v\u00e1lvulas de press\u00e3o normalmente fechadas.<\/p>\n<p>Ideais para utiliza\u00e7\u00e3o onde \u00e9 necess\u00e1rio se equilibrar ou contrabalancear uma carga.<\/p>\n<p>Em um circuito hidr\u00e1ulico, as v\u00e1lvulas de contrabalan\u00e7o SUN, modelo CBCALAN, possuem diversas fun\u00e7\u00f5es. Uma delas seria estabilizar uma carga excessiva (onde a rela\u00e7\u00e3o de \u00e1rea do cilindro \u00e9 superior a rela\u00e7\u00e3o de \u00e1rea de uma v\u00e1lvula de reten\u00e7\u00e3o pilotada, por exemplo) ou at\u00e9 mesmo ser aplicada no controle de motores hidr\u00e1ulico, utilizando-as como freio ou controle de velocidade. As utiliza\u00e7\u00f5es n\u00e3o param por a\u00ed, as V\u00e1lvulas SUN podem ser aplicadas em qualquer situa\u00e7\u00e3o onde o equipamento necessita de controle fino e de alt\u00edssimo controle.<\/p>\n<p>&nbsp;<\/p>\n<p><img decoding=\"async\" src=\"https:\/\/cmsimages.sunhydraulics.com\/CB__.gif\" alt=\"CBCA 3-Port Non-vented\" \/><\/p>\n<p><strong>Caracter\u00edsticas:<\/strong><\/p>\n<p>V\u00e1lvula de Contrabalan\u00e7o 3:1<br \/>\nC\u00f3digo do Fabricante: CBCALAN \/\/ CBCA-LAN \/\/ SNCBCA-LAN \/\/ SNCBCALAN;<br \/>\nTipo : Contrabalan\u00e7o<br \/>\nMarca : Sun Hydraulics<br \/>\nPress\u00e3o : 70-280 bar<br \/>\nVaz\u00e3o : 60 L\/Min<br \/>\nTamanho : Cav- <a href=\"https:\/\/actbr.com.br\/wp-content\/uploads\/2023\/09\/T-11A_in-cavidade-sun.pdf\">T-11A_in-cavidade-sun<\/a><br \/>\nPeso: 0.16 (kg)<br \/>\nAltura: 8.6 (cm)<br \/>\nLargura: 2.5 (cm)<br \/>\nProfundidade: 2.5 (cm)<\/p>\n<p><strong>Cat\u00e1logo T\u00e9cnico:<\/strong> <a href=\"https:\/\/www.sunhydraulics.com\/model\/CBCA\/LAN\">https:\/\/www.sunhydraulics.com\/model\/CBCA\/LAN<\/a><\/p>\n<p><strong>Curva de performance:<\/strong><\/p>\n<p><img decoding=\"async\" src=\"https:\/\/cmsimages.sunhydraulics.com\/pc_cbca1_us.gif\" alt=\"Performance Curve for CBCA: 3:1 pilot ratio, standard capacity counterbalance valve\" \/><\/p>\n<p><img decoding=\"async\" src=\"https:\/\/cmsimages.sunhydraulics.com\/pc_cbca2_us.gif\" alt=\"Performance Curve for CBCA: 3:1 pilot ratio, standard capacity counterbalance valve\" \/><\/p>\n<p>&nbsp;<\/p>\n<p><strong>Dimens\u00f5es:<\/strong><\/p>\n<p>&nbsp;<\/p>\n<p><img decoding=\"async\" src=\"https:\/\/buildimages.sunhydraulics.com\/cartridges\/CBCALHN\/CBCALHN_2d25.png\" alt=\"CBCA\" \/><\/p>\n<p>&nbsp;<\/p>\n<p>&nbsp;<\/p>\n<p>&nbsp;<\/p>\n","protected":false},"excerpt":{"rendered":"<p><strong>CBCALAN SUN \u2013 3:1 pilot ratio, standard capacity counterbalance valve<\/strong><\/p>\n<p>As V\u00e1lvulas de Contrabalan\u00e7o SUN, modelo CBCALAN (insert\u00e1veis) est\u00e3o no grupo de v\u00e1lvulas de press\u00e3o normalmente fechadas.<\/p>\n<p>Ideais para utiliza\u00e7\u00e3o onde \u00e9 necess\u00e1rio se equilibrar ou contrabalancear uma carga.<\/p>\n<p>Em um circuito hidr\u00e1ulico, as v\u00e1lvulas de contrabalan\u00e7o SUN, modelo CBCALAN, possuem diversas fun\u00e7\u00f5es. Uma delas seria estabilizar uma carga excessiva (onde a rela\u00e7\u00e3o de \u00e1rea do cilindro \u00e9 superior a rela\u00e7\u00e3o de \u00e1rea de uma v\u00e1lvula de reten\u00e7\u00e3o pilotada, por exemplo) ou at\u00e9 mesmo ser aplicada no controle de motores hidr\u00e1ulico, utilizando-as como freio ou controle de velocidade. As utiliza\u00e7\u00f5es n\u00e3o param por a\u00ed, as V\u00e1lvulas SUN podem ser aplicadas em qualquer situa\u00e7\u00e3o onde o equipamento necessita de controle fino e de alt\u00edssimo controle.<\/p>\n<p style=\"padding-left: 120px;\"><a class=\"fasc-button fasc-size-medium fasc-type-flat fasc-rounded-medium\" style=\"background-color: #003668; color: #ffffff;\" target=\"_blank\" rel=\"noopener\" href=\"https:\/\/actbr.com.br\/wp-content\/uploads\/2023\/09\/CBCALHN_full_en_us_a4.pdf\">Cat\u00e1logo<\/a>&nbsp; &nbsp; &nbsp; <a class=\"fasc-button fasc-size-medium fasc-type-flat fasc-rounded-medium\" style=\"background-color: #003668; color: #ffffff;\" target=\"_blank\" rel=\"noopener\" href=\"https:\/\/actbr.com.br\/contato\/\">Solicitar Cota\u00e7\u00e3o<\/a>&nbsp; &nbsp; &nbsp; <a class=\"fasc-button fasc-size-medium fasc-type-flat fasc-rounded-medium\" style=\"background-color: #003668; color: #ffffff;\" target=\"_blank\" rel=\"noopener\" href=\"https:\/\/buildimages.sunhydraulics.com\/cartridges\/CBCALHN\/CBCALHN.dwg\">Arquivo DWG<\/a>&nbsp; &nbsp; &nbsp; &nbsp;<a class=\"fasc-button fasc-size-medium fasc-type-flat fasc-rounded-medium\" style=\"background-color: #003668; color: #ffffff;\" target=\"_blank\" rel=\"noopener\" href=\"https:\/\/buildimages.sunhydraulics.com\/cartridges\/CBCALHN\/CBCALHN.stp\">Arquivo STP<\/a>&nbsp; &nbsp;&nbsp;<\/p>\n","protected":false},"featured_media":12498,"template":"","meta":[],"product_brand":[],"product_cat":[227,228],"product_tag":[],"class_list":{"0":"post-12489","1":"product","2":"type-product","3":"status-publish","4":"has-post-thumbnail","6":"product_cat-sun-hydraulics","7":"product_cat-valvula-de-contrabalanco-sun","9":"first","10":"instock","11":"shipping-taxable","12":"product-type-simple"},"yoast_head":"<!-- This site is optimized with the Yoast SEO plugin v27.5 - https:\/\/yoast.com\/product\/yoast-seo-wordpress\/ -->\n<title>V\u00c1LVULA DE CONTRABALAN\u00c7O \u2013 CBCALAN SUN HYDRAULICS<\/title>\n<meta name=\"description\" content=\"As V\u00e1lvulas de Contrabalan\u00e7o SUN Hydraulics, modelo CBCALAN s\u00e3o ideais para utiliza\u00e7\u00e3o para equilibrar ou contrabalancear uma carga.\" \/>\n<meta name=\"robots\" content=\"index, follow, max-snippet:-1, max-image-preview:large, max-video-preview:-1\" \/>\n<link rel=\"canonical\" href=\"https:\/\/actbr.com.br\/es\/producto\/valvula-de-contrabalanco-cbcalan-sun-hydraulics\/\" \/>\n<meta property=\"og:locale\" content=\"es_ES\" \/>\n<meta property=\"og:type\" content=\"article\" \/>\n<meta property=\"og:title\" content=\"V\u00c1LVULA DE CONTRABALAN\u00c7O \u2013 CBCALAN SUN HYDRAULICS\" \/>\n<meta property=\"og:description\" content=\"As V\u00e1lvulas de Contrabalan\u00e7o SUN Hydraulics, modelo CBCALAN s\u00e3o ideais para utiliza\u00e7\u00e3o para equilibrar ou contrabalancear uma carga.\" \/>\n<meta property=\"og:url\" content=\"https:\/\/actbr.com.br\/es\/producto\/valvula-de-contrabalanco-cbcalan-sun-hydraulics\/\" \/>\n<meta property=\"og:site_name\" content=\"ACT Sistemas Hidr\u00e1ulicos\" \/>\n<meta property=\"article:modified_time\" content=\"2024-06-21T23:27:25+00:00\" \/>\n<meta property=\"og:image\" content=\"https:\/\/actbr.com.br\/wp-content\/uploads\/2024\/06\/valvula-de-contrabalanco-cbca.jpg\" \/>\n\t<meta property=\"og:image:width\" content=\"800\" \/>\n\t<meta property=\"og:image:height\" content=\"800\" \/>\n\t<meta property=\"og:image:type\" content=\"image\/jpeg\" \/>\n<meta name=\"twitter:card\" content=\"summary_large_image\" \/>\n<meta name=\"twitter:label1\" content=\"Tiempo de lectura\" \/>\n\t<meta name=\"twitter:data1\" content=\"2 minutos\" \/>\n<script type=\"application\/ld+json\" class=\"yoast-schema-graph\">{\"@context\":\"https:\\\/\\\/schema.org\",\"@graph\":[{\"@type\":\"WebPage\",\"@id\":\"https:\\\/\\\/actbr.com.br\\\/es\\\/producto\\\/valvula-de-contrabalanco-cbcalan-sun-hydraulics\\\/\",\"url\":\"https:\\\/\\\/actbr.com.br\\\/es\\\/producto\\\/valvula-de-contrabalanco-cbcalan-sun-hydraulics\\\/\",\"name\":\"V\u00c1LVULA DE CONTRABALAN\u00c7O \u2013 CBCALAN SUN HYDRAULICS\",\"isPartOf\":{\"@id\":\"https:\\\/\\\/actbr.com.br\\\/es\\\/#website\"},\"primaryImageOfPage\":{\"@id\":\"https:\\\/\\\/actbr.com.br\\\/es\\\/producto\\\/valvula-de-contrabalanco-cbcalan-sun-hydraulics\\\/#primaryimage\"},\"image\":{\"@id\":\"https:\\\/\\\/actbr.com.br\\\/es\\\/producto\\\/valvula-de-contrabalanco-cbcalan-sun-hydraulics\\\/#primaryimage\"},\"thumbnailUrl\":\"https:\\\/\\\/actbr.com.br\\\/wp-content\\\/uploads\\\/2024\\\/06\\\/valvula-de-contrabalanco-cbca.jpg\",\"datePublished\":\"2024-06-20T13:42:30+00:00\",\"dateModified\":\"2024-06-21T23:27:25+00:00\",\"description\":\"As V\u00e1lvulas de Contrabalan\u00e7o SUN Hydraulics, modelo CBCALAN s\u00e3o ideais para utiliza\u00e7\u00e3o para equilibrar ou contrabalancear uma carga.\",\"breadcrumb\":{\"@id\":\"https:\\\/\\\/actbr.com.br\\\/es\\\/producto\\\/valvula-de-contrabalanco-cbcalan-sun-hydraulics\\\/#breadcrumb\"},\"inLanguage\":\"es\",\"potentialAction\":[{\"@type\":\"ReadAction\",\"target\":[\"https:\\\/\\\/actbr.com.br\\\/es\\\/producto\\\/valvula-de-contrabalanco-cbcalan-sun-hydraulics\\\/\"]}]},{\"@type\":\"ImageObject\",\"inLanguage\":\"es\",\"@id\":\"https:\\\/\\\/actbr.com.br\\\/es\\\/producto\\\/valvula-de-contrabalanco-cbcalan-sun-hydraulics\\\/#primaryimage\",\"url\":\"https:\\\/\\\/actbr.com.br\\\/wp-content\\\/uploads\\\/2024\\\/06\\\/valvula-de-contrabalanco-cbca.jpg\",\"contentUrl\":\"https:\\\/\\\/actbr.com.br\\\/wp-content\\\/uploads\\\/2024\\\/06\\\/valvula-de-contrabalanco-cbca.jpg\",\"width\":800,\"height\":800},{\"@type\":\"BreadcrumbList\",\"@id\":\"https:\\\/\\\/actbr.com.br\\\/es\\\/producto\\\/valvula-de-contrabalanco-cbcalan-sun-hydraulics\\\/#breadcrumb\",\"itemListElement\":[{\"@type\":\"ListItem\",\"position\":1,\"name\":\"Comenzar\",\"item\":\"https:\\\/\\\/actbr.com.br\\\/es\\\/\"},{\"@type\":\"ListItem\",\"position\":2,\"name\":\"Produtos\",\"item\":\"https:\\\/\\\/actbr.com.br\\\/produtos-act\\\/\"},{\"@type\":\"ListItem\",\"position\":3,\"name\":\"SUN Hydraulics\",\"item\":\"https:\\\/\\\/actbr.com.br\\\/es\\\/categoria-produto\\\/sun-hydraulics\\\/\"},{\"@type\":\"ListItem\",\"position\":4,\"name\":\"V\u00c1LVULA DE CONTRABALAN\u00c7O \u2013 CBCALAN SUN HYDRAULICS\"}]},{\"@type\":\"WebSite\",\"@id\":\"https:\\\/\\\/actbr.com.br\\\/es\\\/#website\",\"url\":\"https:\\\/\\\/actbr.com.br\\\/es\\\/\",\"name\":\"ACT Sistemas Hidr\u00e1ulicos\",\"description\":\"Fabricaci\u00f3n y mantenimiento de componentes de aceite hidr\u00e1ulico\",\"publisher\":{\"@id\":\"https:\\\/\\\/actbr.com.br\\\/es\\\/#organization\"},\"potentialAction\":[{\"@type\":\"SearchAction\",\"target\":{\"@type\":\"EntryPoint\",\"urlTemplate\":\"https:\\\/\\\/actbr.com.br\\\/es\\\/?s={search_term_string}\"},\"query-input\":{\"@type\":\"PropertyValueSpecification\",\"valueRequired\":true,\"valueName\":\"search_term_string\"}}],\"inLanguage\":\"es\"},{\"@type\":\"Organization\",\"@id\":\"https:\\\/\\\/actbr.com.br\\\/es\\\/#organization\",\"name\":\"ACT Sistemas Hidr\u00e1ulicos\",\"url\":\"https:\\\/\\\/actbr.com.br\\\/es\\\/\",\"logo\":{\"@type\":\"ImageObject\",\"inLanguage\":\"es\",\"@id\":\"https:\\\/\\\/actbr.com.br\\\/es\\\/#\\\/schema\\\/logo\\\/image\\\/\",\"url\":\"https:\\\/\\\/actbr.com.br\\\/wp-content\\\/uploads\\\/2025\\\/02\\\/cropped-ACT_NEGATIVO-marca-dagua.png\",\"contentUrl\":\"https:\\\/\\\/actbr.com.br\\\/wp-content\\\/uploads\\\/2025\\\/02\\\/cropped-ACT_NEGATIVO-marca-dagua.png\",\"width\":240,\"height\":146,\"caption\":\"ACT Sistemas Hidr\u00e1ulicos\"},\"image\":{\"@id\":\"https:\\\/\\\/actbr.com.br\\\/es\\\/#\\\/schema\\\/logo\\\/image\\\/\"}}]}<\/script>\n<!-- \/ Yoast SEO plugin. -->","yoast_head_json":{"title":"V\u00c1LVULA DE CONTRABALAN\u00c7O \u2013 CBCALAN SUN HYDRAULICS","description":"As V\u00e1lvulas de Contrabalan\u00e7o SUN Hydraulics, modelo CBCALAN s\u00e3o ideais para utiliza\u00e7\u00e3o para equilibrar ou contrabalancear uma carga.","robots":{"index":"index","follow":"follow","max-snippet":"max-snippet:-1","max-image-preview":"max-image-preview:large","max-video-preview":"max-video-preview:-1"},"canonical":"https:\/\/actbr.com.br\/es\/producto\/valvula-de-contrabalanco-cbcalan-sun-hydraulics\/","og_locale":"es_ES","og_type":"article","og_title":"V\u00c1LVULA DE CONTRABALAN\u00c7O \u2013 CBCALAN SUN HYDRAULICS","og_description":"As V\u00e1lvulas de Contrabalan\u00e7o SUN Hydraulics, modelo CBCALAN s\u00e3o ideais para utiliza\u00e7\u00e3o para equilibrar ou contrabalancear uma carga.","og_url":"https:\/\/actbr.com.br\/es\/producto\/valvula-de-contrabalanco-cbcalan-sun-hydraulics\/","og_site_name":"ACT Sistemas Hidr\u00e1ulicos","article_modified_time":"2024-06-21T23:27:25+00:00","og_image":[{"width":800,"height":800,"url":"https:\/\/actbr.com.br\/wp-content\/uploads\/2024\/06\/valvula-de-contrabalanco-cbca.jpg","type":"image\/jpeg"}],"twitter_card":"summary_large_image","twitter_misc":{"Tiempo de lectura":"2 minutos"},"schema":{"@context":"https:\/\/schema.org","@graph":[{"@type":"WebPage","@id":"https:\/\/actbr.com.br\/es\/producto\/valvula-de-contrabalanco-cbcalan-sun-hydraulics\/","url":"https:\/\/actbr.com.br\/es\/producto\/valvula-de-contrabalanco-cbcalan-sun-hydraulics\/","name":"V\u00c1LVULA DE CONTRABALAN\u00c7O \u2013 CBCALAN SUN HYDRAULICS","isPartOf":{"@id":"https:\/\/actbr.com.br\/es\/#website"},"primaryImageOfPage":{"@id":"https:\/\/actbr.com.br\/es\/producto\/valvula-de-contrabalanco-cbcalan-sun-hydraulics\/#primaryimage"},"image":{"@id":"https:\/\/actbr.com.br\/es\/producto\/valvula-de-contrabalanco-cbcalan-sun-hydraulics\/#primaryimage"},"thumbnailUrl":"https:\/\/actbr.com.br\/wp-content\/uploads\/2024\/06\/valvula-de-contrabalanco-cbca.jpg","datePublished":"2024-06-20T13:42:30+00:00","dateModified":"2024-06-21T23:27:25+00:00","description":"As V\u00e1lvulas de Contrabalan\u00e7o SUN Hydraulics, modelo CBCALAN s\u00e3o ideais para utiliza\u00e7\u00e3o para equilibrar ou contrabalancear uma carga.","breadcrumb":{"@id":"https:\/\/actbr.com.br\/es\/producto\/valvula-de-contrabalanco-cbcalan-sun-hydraulics\/#breadcrumb"},"inLanguage":"es","potentialAction":[{"@type":"ReadAction","target":["https:\/\/actbr.com.br\/es\/producto\/valvula-de-contrabalanco-cbcalan-sun-hydraulics\/"]}]},{"@type":"ImageObject","inLanguage":"es","@id":"https:\/\/actbr.com.br\/es\/producto\/valvula-de-contrabalanco-cbcalan-sun-hydraulics\/#primaryimage","url":"https:\/\/actbr.com.br\/wp-content\/uploads\/2024\/06\/valvula-de-contrabalanco-cbca.jpg","contentUrl":"https:\/\/actbr.com.br\/wp-content\/uploads\/2024\/06\/valvula-de-contrabalanco-cbca.jpg","width":800,"height":800},{"@type":"BreadcrumbList","@id":"https:\/\/actbr.com.br\/es\/producto\/valvula-de-contrabalanco-cbcalan-sun-hydraulics\/#breadcrumb","itemListElement":[{"@type":"ListItem","position":1,"name":"Comenzar","item":"https:\/\/actbr.com.br\/es\/"},{"@type":"ListItem","position":2,"name":"Produtos","item":"https:\/\/actbr.com.br\/produtos-act\/"},{"@type":"ListItem","position":3,"name":"SUN Hydraulics","item":"https:\/\/actbr.com.br\/es\/categoria-produto\/sun-hydraulics\/"},{"@type":"ListItem","position":4,"name":"V\u00c1LVULA DE CONTRABALAN\u00c7O \u2013 CBCALAN SUN HYDRAULICS"}]},{"@type":"WebSite","@id":"https:\/\/actbr.com.br\/es\/#website","url":"https:\/\/actbr.com.br\/es\/","name":"ACT Sistemas Hidr\u00e1ulicos","description":"Fabricaci\u00f3n y mantenimiento de componentes de aceite hidr\u00e1ulico","publisher":{"@id":"https:\/\/actbr.com.br\/es\/#organization"},"potentialAction":[{"@type":"SearchAction","target":{"@type":"EntryPoint","urlTemplate":"https:\/\/actbr.com.br\/es\/?s={search_term_string}"},"query-input":{"@type":"PropertyValueSpecification","valueRequired":true,"valueName":"search_term_string"}}],"inLanguage":"es"},{"@type":"Organization","@id":"https:\/\/actbr.com.br\/es\/#organization","name":"ACT Sistemas Hidr\u00e1ulicos","url":"https:\/\/actbr.com.br\/es\/","logo":{"@type":"ImageObject","inLanguage":"es","@id":"https:\/\/actbr.com.br\/es\/#\/schema\/logo\/image\/","url":"https:\/\/actbr.com.br\/wp-content\/uploads\/2025\/02\/cropped-ACT_NEGATIVO-marca-dagua.png","contentUrl":"https:\/\/actbr.com.br\/wp-content\/uploads\/2025\/02\/cropped-ACT_NEGATIVO-marca-dagua.png","width":240,"height":146,"caption":"ACT Sistemas Hidr\u00e1ulicos"},"image":{"@id":"https:\/\/actbr.com.br\/es\/#\/schema\/logo\/image\/"}}]}},"_links":{"self":[{"href":"https:\/\/actbr.com.br\/es\/wp-json\/wp\/v2\/product\/12489","targetHints":{"allow":["GET"]}}],"collection":[{"href":"https:\/\/actbr.com.br\/es\/wp-json\/wp\/v2\/product"}],"about":[{"href":"https:\/\/actbr.com.br\/es\/wp-json\/wp\/v2\/types\/product"}],"wp:featuredmedia":[{"embeddable":true,"href":"https:\/\/actbr.com.br\/es\/wp-json\/wp\/v2\/media\/12498"}],"wp:attachment":[{"href":"https:\/\/actbr.com.br\/es\/wp-json\/wp\/v2\/media?parent=12489"}],"wp:term":[{"taxonomy":"product_brand","embeddable":true,"href":"https:\/\/actbr.com.br\/es\/wp-json\/wp\/v2\/product_brand?post=12489"},{"taxonomy":"product_cat","embeddable":true,"href":"https:\/\/actbr.com.br\/es\/wp-json\/wp\/v2\/product_cat?post=12489"},{"taxonomy":"product_tag","embeddable":true,"href":"https:\/\/actbr.com.br\/es\/wp-json\/wp\/v2\/product_tag?post=12489"}],"curies":[{"name":"wp","href":"https:\/\/api.w.org\/{rel}","templated":true}]}}