{"id":15003,"date":"2025-07-22T16:40:07","date_gmt":"2025-07-22T19:40:07","guid":{"rendered":"https:\/\/actbr.com.br\/?post_type=product&#038;p=15003"},"modified":"2025-07-23T15:56:12","modified_gmt":"2025-07-23T18:56:12","slug":"valvula-controle-de-fluxo-em-linha-nao-compensada-stb-g3-4","status":"publish","type":"product","link":"https:\/\/actbr.com.br\/es\/producto\/valvula-controle-de-fluxo-em-linha-nao-compensada-stb-g3-4\/","title":{"rendered":"V\u00e1lvula controle de fluxo em linha n\u00e3o compensada \u2013 STB-G3\/4"},"content":{"rendered":"<p><strong>Caracter\u00edsticas:<\/strong><\/p>\n<ul>\n<li>Veda\u00e7\u00e3o met\u00e1lica eficiente;<\/li>\n<li>Linearidade do fluxo na abertura;<\/li>\n<li>Controle preciso para uma ampla faixa de vaz\u00e3o;<\/li>\n<li>Impossibilidade da agulha sair do seu assento mesmo na velocidade M\u00e1x (Abertura total);<\/li>\n<li>F\u00e1cil instala\u00e7\u00e3o;<\/li>\n<li>Montagem r\u00e1pida em painel (as porcas (G) s\u00e3o fornecidas a parte);<\/li>\n<li>V\u00e1lvula de reten\u00e7\u00e3o com mola de abertura de 0,5 bar.<\/li>\n<li>V\u00e1lvulas de controle de fluxo dispon\u00edveis nos tamanhos 1\/4\u2033 \u00e0 1\u2033 BSPP;<\/li>\n<li>Press\u00e3o M\u00e1xima de aplica\u00e7\u00e3o: 400 Bar \/ 320 Bar;<\/li>\n<li>Montagem em linha ou painel (Com rosca para painel);<\/li>\n<li>Fabricadas em a\u00e7o carbono<\/li>\n<li>Conex\u00f5es: F \u2013 F F\u00eamea \u2013 F\u00eamea;<\/li>\n<li>Peso: 1.1 kg;<\/li>\n<li>Flu\u00eddos recomendados: \u00d3leo mineral e \u00e9ster fosfato;<\/li>\n<li>Range de temperatura: de -20 a + 80\u00b0C;<\/li>\n<li>Viscosidade recomendada: 2.8 a 500 mm2\/s;<\/li>\n<li>Posi\u00e7\u00e3o de instala\u00e7\u00e3o: Opcional a aplica\u00e7\u00e3o do cliente.<\/li>\n<li>Classe de contamina\u00e7\u00e3o recomendada: Class 9. NAS 1638 ou 20\/18\/15, ISO 4406;<\/li>\n<li>Conex\u00f5es de entrada (roscada): 3\/4 BSP (F\u00eamea);<\/li>\n<li>Vaz\u00e3o m\u00e1xima: 85 litros por minuto;<\/li>\n<li>Veda\u00e7\u00f5es: NBR;<\/li>\n<\/ul>\n<p><strong>Vantagens:<\/strong><\/p>\n<ul>\n<li>Montagem em tubula\u00e7\u00f5es com espa\u00e7o reduzido;<\/li>\n<li>Seguran\u00e7a de aplica\u00e7\u00e3o;<\/li>\n<li>Perfeita adapta\u00e7\u00e3o;<\/li>\n<li>Posi\u00e7\u00e3o flex\u00edvel de instala\u00e7\u00e3o.<\/li>\n<li>Aplica\u00e7\u00e3o para montagem em painel<\/li>\n<\/ul>\n","protected":false},"excerpt":{"rendered":"<p>As v\u00e1lvulas STB-G3\/4 (DV-16-A) t\u00eam a fun\u00e7\u00e3o de regular o fluxo em ambos os sentidos da v\u00e1lvula (sendo no avan\u00e7o e no retorno a mesma regulagem).<\/p>\n<p>Apreciadas pelas suas caracter\u00edsticas est\u00e9ticas, que satisfazem positivamente os mais diversos padr\u00f5es construtivos dos equipamentos onde est\u00e3o instalados, as v\u00e1lvulas STB-G3\/4 (DV-16-A) tamb\u00e9m se apresentam como uma solu\u00e7\u00e3o confi\u00e1vel para as mais exigentes aplica\u00e7\u00f5es t\u00e9cnicas e funcionais.<\/p>\n<p>O fluxo volum\u00e9trico depende da diferen\u00e7a de press\u00e3o e da viscosidade do fluido as quais a v\u00e1lvula est\u00e1 operando (n\u00e3o compensada), isto \u00e9, a vaz\u00e3o regulada pode ser maior ou menor dependendo da varia\u00e7\u00e3o de viscosidade ou temperatura do fluido ao longo do tempo. A v\u00e1lvula estranguladora de vaz\u00e3o em linha (STB-G3\/4 (DV-16-A)) permite um ajuste e fechamento sens\u00edvel de vaz\u00e3o, mediante ao projeto especial de fechamento (redu\u00e7\u00e3o de vaz\u00e3o).<\/p>\n<p>&nbsp;<\/p>\n<p style=\"text-align: center;\"><a class=\"fasc-button fasc-size-medium fasc-type-flat fasc-rounded-medium fasc-style-bold\" style=\"background-color: #003668; color: #ffffff;\" href=\"https:\/\/actbr.com.br\/wp-content\/uploads\/2025\/07\/Catalogo-Port-STU-STB-ACT-1-1.pdf\" target=\"_blank\" rel=\"noopener\">Cat\u00e1logo T\u00e9cnico <\/a><\/p>\n","protected":false},"featured_media":15004,"template":"","meta":[],"product_brand":[],"product_cat":[241],"product_tag":[],"class_list":{"0":"post-15003","1":"product","2":"type-product","3":"status-publish","4":"has-post-thumbnail","6":"product_cat-valvula-nao-compensada-stb-stu","8":"first","9":"instock","10":"shipping-taxable","11":"product-type-simple"},"yoast_head":"<!-- This site is optimized with the Yoast SEO plugin v27.5 - https:\/\/yoast.com\/product\/yoast-seo-wordpress\/ -->\n<title>V\u00e1lvula controle de fluxo em linha n\u00e3o compensada \u2013 STB-G3\/4 - ACT Sistemas Hidr\u00e1ulicos<\/title>\n<meta name=\"robots\" content=\"index, follow, max-snippet:-1, max-image-preview:large, max-video-preview:-1\" \/>\n<link rel=\"canonical\" href=\"https:\/\/actbr.com.br\/es\/producto\/valvula-controle-de-fluxo-em-linha-nao-compensada-stb-g3-4\/\" \/>\n<meta property=\"og:locale\" content=\"es_ES\" \/>\n<meta property=\"og:type\" content=\"article\" \/>\n<meta property=\"og:title\" content=\"V\u00e1lvula controle de fluxo em linha n\u00e3o compensada \u2013 STB-G3\/4 - ACT Sistemas Hidr\u00e1ulicos\" \/>\n<meta property=\"og:description\" content=\"As v\u00e1lvulas STB-G3\/4 (DV-16-A) t\u00eam a fun\u00e7\u00e3o de regular o fluxo em ambos os sentidos da v\u00e1lvula (sendo no avan\u00e7o e no retorno a mesma regulagem).  Apreciadas pelas suas caracter\u00edsticas est\u00e9ticas, que satisfazem positivamente os mais diversos padr\u00f5es construtivos dos equipamentos onde est\u00e3o instalados, as v\u00e1lvulas STB-G3\/4 (DV-16-A) tamb\u00e9m se apresentam como uma solu\u00e7\u00e3o confi\u00e1vel para as mais exigentes aplica\u00e7\u00f5es t\u00e9cnicas e funcionais.  O fluxo volum\u00e9trico depende da diferen\u00e7a de press\u00e3o e da viscosidade do fluido as quais a v\u00e1lvula est\u00e1 operando (n\u00e3o compensada), isto \u00e9, a vaz\u00e3o regulada pode ser maior ou menor dependendo da varia\u00e7\u00e3o de viscosidade ou temperatura do fluido ao longo do tempo. A v\u00e1lvula estranguladora de vaz\u00e3o em linha (STB-G3\/4 (DV-16-A)) permite um ajuste e fechamento sens\u00edvel de vaz\u00e3o, mediante ao projeto especial de fechamento (redu\u00e7\u00e3o de vaz\u00e3o).  &nbsp; Cat\u00e1logo T\u00e9cnico\" \/>\n<meta property=\"og:url\" content=\"https:\/\/actbr.com.br\/es\/producto\/valvula-controle-de-fluxo-em-linha-nao-compensada-stb-g3-4\/\" \/>\n<meta property=\"og:site_name\" content=\"ACT Sistemas Hidr\u00e1ulicos\" \/>\n<meta property=\"article:modified_time\" content=\"2025-07-23T18:56:12+00:00\" \/>\n<meta property=\"og:image\" content=\"https:\/\/actbr.com.br\/wp-content\/uploads\/2025\/07\/STB-G3-4-01-Photoroom.png\" \/>\n\t<meta property=\"og:image:width\" content=\"1440\" \/>\n\t<meta property=\"og:image:height\" content=\"1920\" \/>\n\t<meta property=\"og:image:type\" content=\"image\/png\" \/>\n<meta name=\"twitter:card\" content=\"summary_large_image\" \/>\n<meta name=\"twitter:label1\" content=\"Tiempo de lectura\" \/>\n\t<meta name=\"twitter:data1\" content=\"2 minutos\" \/>\n<script type=\"application\/ld+json\" class=\"yoast-schema-graph\">{\"@context\":\"https:\\\/\\\/schema.org\",\"@graph\":[{\"@type\":\"WebPage\",\"@id\":\"https:\\\/\\\/actbr.com.br\\\/es\\\/producto\\\/valvula-controle-de-fluxo-em-linha-nao-compensada-stb-g3-4\\\/\",\"url\":\"https:\\\/\\\/actbr.com.br\\\/es\\\/producto\\\/valvula-controle-de-fluxo-em-linha-nao-compensada-stb-g3-4\\\/\",\"name\":\"V\u00e1lvula controle de fluxo em linha n\u00e3o compensada \u2013 STB-G3\\\/4 - ACT Sistemas Hidr\u00e1ulicos\",\"isPartOf\":{\"@id\":\"https:\\\/\\\/actbr.com.br\\\/es\\\/#website\"},\"primaryImageOfPage\":{\"@id\":\"https:\\\/\\\/actbr.com.br\\\/es\\\/producto\\\/valvula-controle-de-fluxo-em-linha-nao-compensada-stb-g3-4\\\/#primaryimage\"},\"image\":{\"@id\":\"https:\\\/\\\/actbr.com.br\\\/es\\\/producto\\\/valvula-controle-de-fluxo-em-linha-nao-compensada-stb-g3-4\\\/#primaryimage\"},\"thumbnailUrl\":\"https:\\\/\\\/actbr.com.br\\\/wp-content\\\/uploads\\\/2025\\\/07\\\/STB-G3-4-01-Photoroom.png\",\"datePublished\":\"2025-07-22T19:40:07+00:00\",\"dateModified\":\"2025-07-23T18:56:12+00:00\",\"breadcrumb\":{\"@id\":\"https:\\\/\\\/actbr.com.br\\\/es\\\/producto\\\/valvula-controle-de-fluxo-em-linha-nao-compensada-stb-g3-4\\\/#breadcrumb\"},\"inLanguage\":\"es\",\"potentialAction\":[{\"@type\":\"ReadAction\",\"target\":[\"https:\\\/\\\/actbr.com.br\\\/es\\\/producto\\\/valvula-controle-de-fluxo-em-linha-nao-compensada-stb-g3-4\\\/\"]}]},{\"@type\":\"ImageObject\",\"inLanguage\":\"es\",\"@id\":\"https:\\\/\\\/actbr.com.br\\\/es\\\/producto\\\/valvula-controle-de-fluxo-em-linha-nao-compensada-stb-g3-4\\\/#primaryimage\",\"url\":\"https:\\\/\\\/actbr.com.br\\\/wp-content\\\/uploads\\\/2025\\\/07\\\/STB-G3-4-01-Photoroom.png\",\"contentUrl\":\"https:\\\/\\\/actbr.com.br\\\/wp-content\\\/uploads\\\/2025\\\/07\\\/STB-G3-4-01-Photoroom.png\",\"width\":1440,\"height\":1920,\"caption\":\"v\u00e1lvula controle de fluxo em linha n\u00e3o compensada.\"},{\"@type\":\"BreadcrumbList\",\"@id\":\"https:\\\/\\\/actbr.com.br\\\/es\\\/producto\\\/valvula-controle-de-fluxo-em-linha-nao-compensada-stb-g3-4\\\/#breadcrumb\",\"itemListElement\":[{\"@type\":\"ListItem\",\"position\":1,\"name\":\"Comenzar\",\"item\":\"https:\\\/\\\/actbr.com.br\\\/es\\\/\"},{\"@type\":\"ListItem\",\"position\":2,\"name\":\"Produtos\",\"item\":\"https:\\\/\\\/actbr.com.br\\\/produtos-act\\\/\"},{\"@type\":\"ListItem\",\"position\":3,\"name\":\"Sin categor\u00eda\",\"item\":\"https:\\\/\\\/actbr.com.br\\\/es\\\/categoria-produto\\\/sin-categoria\\\/\"},{\"@type\":\"ListItem\",\"position\":4,\"name\":\"V\u00e1lvula controle de fluxo em linha n\u00e3o compensada \u2013 STB-G3\\\/4\"}]},{\"@type\":\"WebSite\",\"@id\":\"https:\\\/\\\/actbr.com.br\\\/es\\\/#website\",\"url\":\"https:\\\/\\\/actbr.com.br\\\/es\\\/\",\"name\":\"ACT Sistemas Hidr\u00e1ulicos\",\"description\":\"Fabricaci\u00f3n y mantenimiento de componentes de aceite hidr\u00e1ulico\",\"publisher\":{\"@id\":\"https:\\\/\\\/actbr.com.br\\\/es\\\/#organization\"},\"potentialAction\":[{\"@type\":\"SearchAction\",\"target\":{\"@type\":\"EntryPoint\",\"urlTemplate\":\"https:\\\/\\\/actbr.com.br\\\/es\\\/?s={search_term_string}\"},\"query-input\":{\"@type\":\"PropertyValueSpecification\",\"valueRequired\":true,\"valueName\":\"search_term_string\"}}],\"inLanguage\":\"es\"},{\"@type\":\"Organization\",\"@id\":\"https:\\\/\\\/actbr.com.br\\\/es\\\/#organization\",\"name\":\"ACT Sistemas Hidr\u00e1ulicos\",\"url\":\"https:\\\/\\\/actbr.com.br\\\/es\\\/\",\"logo\":{\"@type\":\"ImageObject\",\"inLanguage\":\"es\",\"@id\":\"https:\\\/\\\/actbr.com.br\\\/es\\\/#\\\/schema\\\/logo\\\/image\\\/\",\"url\":\"https:\\\/\\\/actbr.com.br\\\/wp-content\\\/uploads\\\/2025\\\/02\\\/cropped-ACT_NEGATIVO-marca-dagua.png\",\"contentUrl\":\"https:\\\/\\\/actbr.com.br\\\/wp-content\\\/uploads\\\/2025\\\/02\\\/cropped-ACT_NEGATIVO-marca-dagua.png\",\"width\":240,\"height\":146,\"caption\":\"ACT Sistemas Hidr\u00e1ulicos\"},\"image\":{\"@id\":\"https:\\\/\\\/actbr.com.br\\\/es\\\/#\\\/schema\\\/logo\\\/image\\\/\"}}]}<\/script>\n<!-- \/ Yoast SEO plugin. -->","yoast_head_json":{"title":"V\u00e1lvula controle de fluxo em linha n\u00e3o compensada \u2013 STB-G3\/4 - ACT Sistemas Hidr\u00e1ulicos","robots":{"index":"index","follow":"follow","max-snippet":"max-snippet:-1","max-image-preview":"max-image-preview:large","max-video-preview":"max-video-preview:-1"},"canonical":"https:\/\/actbr.com.br\/es\/producto\/valvula-controle-de-fluxo-em-linha-nao-compensada-stb-g3-4\/","og_locale":"es_ES","og_type":"article","og_title":"V\u00e1lvula controle de fluxo em linha n\u00e3o compensada \u2013 STB-G3\/4 - ACT Sistemas Hidr\u00e1ulicos","og_description":"As v\u00e1lvulas STB-G3\/4 (DV-16-A) t\u00eam a fun\u00e7\u00e3o de regular o fluxo em ambos os sentidos da v\u00e1lvula (sendo no avan\u00e7o e no retorno a mesma regulagem).  Apreciadas pelas suas caracter\u00edsticas est\u00e9ticas, que satisfazem positivamente os mais diversos padr\u00f5es construtivos dos equipamentos onde est\u00e3o instalados, as v\u00e1lvulas STB-G3\/4 (DV-16-A) tamb\u00e9m se apresentam como uma solu\u00e7\u00e3o confi\u00e1vel para as mais exigentes aplica\u00e7\u00f5es t\u00e9cnicas e funcionais.  O fluxo volum\u00e9trico depende da diferen\u00e7a de press\u00e3o e da viscosidade do fluido as quais a v\u00e1lvula est\u00e1 operando (n\u00e3o compensada), isto \u00e9, a vaz\u00e3o regulada pode ser maior ou menor dependendo da varia\u00e7\u00e3o de viscosidade ou temperatura do fluido ao longo do tempo. A v\u00e1lvula estranguladora de vaz\u00e3o em linha (STB-G3\/4 (DV-16-A)) permite um ajuste e fechamento sens\u00edvel de vaz\u00e3o, mediante ao projeto especial de fechamento (redu\u00e7\u00e3o de vaz\u00e3o).  &nbsp; Cat\u00e1logo T\u00e9cnico","og_url":"https:\/\/actbr.com.br\/es\/producto\/valvula-controle-de-fluxo-em-linha-nao-compensada-stb-g3-4\/","og_site_name":"ACT Sistemas Hidr\u00e1ulicos","article_modified_time":"2025-07-23T18:56:12+00:00","og_image":[{"width":1440,"height":1920,"url":"https:\/\/actbr.com.br\/wp-content\/uploads\/2025\/07\/STB-G3-4-01-Photoroom.png","type":"image\/png"}],"twitter_card":"summary_large_image","twitter_misc":{"Tiempo de lectura":"2 minutos"},"schema":{"@context":"https:\/\/schema.org","@graph":[{"@type":"WebPage","@id":"https:\/\/actbr.com.br\/es\/producto\/valvula-controle-de-fluxo-em-linha-nao-compensada-stb-g3-4\/","url":"https:\/\/actbr.com.br\/es\/producto\/valvula-controle-de-fluxo-em-linha-nao-compensada-stb-g3-4\/","name":"V\u00e1lvula controle de fluxo em linha n\u00e3o compensada \u2013 STB-G3\/4 - ACT Sistemas Hidr\u00e1ulicos","isPartOf":{"@id":"https:\/\/actbr.com.br\/es\/#website"},"primaryImageOfPage":{"@id":"https:\/\/actbr.com.br\/es\/producto\/valvula-controle-de-fluxo-em-linha-nao-compensada-stb-g3-4\/#primaryimage"},"image":{"@id":"https:\/\/actbr.com.br\/es\/producto\/valvula-controle-de-fluxo-em-linha-nao-compensada-stb-g3-4\/#primaryimage"},"thumbnailUrl":"https:\/\/actbr.com.br\/wp-content\/uploads\/2025\/07\/STB-G3-4-01-Photoroom.png","datePublished":"2025-07-22T19:40:07+00:00","dateModified":"2025-07-23T18:56:12+00:00","breadcrumb":{"@id":"https:\/\/actbr.com.br\/es\/producto\/valvula-controle-de-fluxo-em-linha-nao-compensada-stb-g3-4\/#breadcrumb"},"inLanguage":"es","potentialAction":[{"@type":"ReadAction","target":["https:\/\/actbr.com.br\/es\/producto\/valvula-controle-de-fluxo-em-linha-nao-compensada-stb-g3-4\/"]}]},{"@type":"ImageObject","inLanguage":"es","@id":"https:\/\/actbr.com.br\/es\/producto\/valvula-controle-de-fluxo-em-linha-nao-compensada-stb-g3-4\/#primaryimage","url":"https:\/\/actbr.com.br\/wp-content\/uploads\/2025\/07\/STB-G3-4-01-Photoroom.png","contentUrl":"https:\/\/actbr.com.br\/wp-content\/uploads\/2025\/07\/STB-G3-4-01-Photoroom.png","width":1440,"height":1920,"caption":"v\u00e1lvula controle de fluxo em linha n\u00e3o compensada."},{"@type":"BreadcrumbList","@id":"https:\/\/actbr.com.br\/es\/producto\/valvula-controle-de-fluxo-em-linha-nao-compensada-stb-g3-4\/#breadcrumb","itemListElement":[{"@type":"ListItem","position":1,"name":"Comenzar","item":"https:\/\/actbr.com.br\/es\/"},{"@type":"ListItem","position":2,"name":"Produtos","item":"https:\/\/actbr.com.br\/produtos-act\/"},{"@type":"ListItem","position":3,"name":"Sin categor\u00eda","item":"https:\/\/actbr.com.br\/es\/categoria-produto\/sin-categoria\/"},{"@type":"ListItem","position":4,"name":"V\u00e1lvula controle de fluxo em linha n\u00e3o compensada \u2013 STB-G3\/4"}]},{"@type":"WebSite","@id":"https:\/\/actbr.com.br\/es\/#website","url":"https:\/\/actbr.com.br\/es\/","name":"ACT Sistemas Hidr\u00e1ulicos","description":"Fabricaci\u00f3n y mantenimiento de componentes de aceite hidr\u00e1ulico","publisher":{"@id":"https:\/\/actbr.com.br\/es\/#organization"},"potentialAction":[{"@type":"SearchAction","target":{"@type":"EntryPoint","urlTemplate":"https:\/\/actbr.com.br\/es\/?s={search_term_string}"},"query-input":{"@type":"PropertyValueSpecification","valueRequired":true,"valueName":"search_term_string"}}],"inLanguage":"es"},{"@type":"Organization","@id":"https:\/\/actbr.com.br\/es\/#organization","name":"ACT Sistemas Hidr\u00e1ulicos","url":"https:\/\/actbr.com.br\/es\/","logo":{"@type":"ImageObject","inLanguage":"es","@id":"https:\/\/actbr.com.br\/es\/#\/schema\/logo\/image\/","url":"https:\/\/actbr.com.br\/wp-content\/uploads\/2025\/02\/cropped-ACT_NEGATIVO-marca-dagua.png","contentUrl":"https:\/\/actbr.com.br\/wp-content\/uploads\/2025\/02\/cropped-ACT_NEGATIVO-marca-dagua.png","width":240,"height":146,"caption":"ACT Sistemas Hidr\u00e1ulicos"},"image":{"@id":"https:\/\/actbr.com.br\/es\/#\/schema\/logo\/image\/"}}]}},"_links":{"self":[{"href":"https:\/\/actbr.com.br\/es\/wp-json\/wp\/v2\/product\/15003","targetHints":{"allow":["GET"]}}],"collection":[{"href":"https:\/\/actbr.com.br\/es\/wp-json\/wp\/v2\/product"}],"about":[{"href":"https:\/\/actbr.com.br\/es\/wp-json\/wp\/v2\/types\/product"}],"wp:featuredmedia":[{"embeddable":true,"href":"https:\/\/actbr.com.br\/es\/wp-json\/wp\/v2\/media\/15004"}],"wp:attachment":[{"href":"https:\/\/actbr.com.br\/es\/wp-json\/wp\/v2\/media?parent=15003"}],"wp:term":[{"taxonomy":"product_brand","embeddable":true,"href":"https:\/\/actbr.com.br\/es\/wp-json\/wp\/v2\/product_brand?post=15003"},{"taxonomy":"product_cat","embeddable":true,"href":"https:\/\/actbr.com.br\/es\/wp-json\/wp\/v2\/product_cat?post=15003"},{"taxonomy":"product_tag","embeddable":true,"href":"https:\/\/actbr.com.br\/es\/wp-json\/wp\/v2\/product_tag?post=15003"}],"curies":[{"name":"wp","href":"https:\/\/api.w.org\/{rel}","templated":true}]}}